{"id":7407,"date":"2019-06-01T03:00:40","date_gmt":"2019-06-01T00:00:40","guid":{"rendered":"https:\/\/masterchem.fi\/product\/trietanolamin\/"},"modified":"2022-04-21T13:38:04","modified_gmt":"2022-04-21T10:38:04","slug":"trietanolamin-cas-102-71-6","status":"publish","type":"product","link":"https:\/\/masterchem.fi\/sv\/produkt\/trietanolamin-cas-102-71-6\/","title":{"rendered":"Trietanolamin (CAS 102-71-6)"},"content":{"rendered":"<p>Funktioner<\/p>\n<p> Vid rumstemperatur \u00e4r trietanolamin en f\u00e4rgl\u00f6s sirapaktig v\u00e4tska. Ofta g\u00f6r f\u00f6roreningarna produkten gulaktig. F\u00f6reningen \u00e4r mycket l\u00f6slig i vatten och alkoholer och i mindre utstr\u00e4ckning i dietyleter och kolv\u00e4ten. Trietanolamin \u00e4r en svag bas. F\u00f6reningen reagerar med syror f\u00f6r att bilda antingen salter eller estrar. Vissa \u00f6verg\u00e5ngsmetaller som krom, kobolt, nickel, j\u00e4rn och koppar bildar komplex med trietanolamin. F\u00f6reningen kan oxideras till nitrilotri\u00e4ttiksyra. <\/p>\n<p>Tillverkning och anv\u00e4ndning<\/p>\n<p> Trietanolamin, som etanolamin och dietanolamin, framst\u00e4lls genom reaktion mellan ammoniak och etylenoxid. Sammans\u00e4ttningen av produktblandningen bildad i reaktionen kan regleras genom \u00e5tervinning av utg\u00e5ngsmaterialproportionerna s\u00e5v\u00e4l som den oreagerade ammoniak och mono- och dietanolaminerna som bildas tillbaka till reaktorn. De olika etanolaminderivaten separeras genom destillation, men kommersiell trietanolamin inneh\u00e5ller ofta sm\u00e5 m\u00e4ngder dietanolamin som f\u00f6rorening. <\/p>\n<dl>\n<dd><a class=\"image\" href=\"https:\/\/commons.wikimedia.org\/wiki\/File:Reaction_of_ethylene_oxide_with_ammonia.png\"><img loading=\"lazy\" decoding=\"async\" src=\"https:\/\/upload.wikimedia.org\/wikipedia\/commons\/thumb\/6\/6c\/Reaction_of_ethylene_oxide_with_ammonia.png\/350px-Reaction_of_ethylene_oxide_with_ammonia.png\" srcset=\"\/\/upload.wikimedia.org\/wikipedia\/commons\/thumb\/6\/6c\/Reaction_of_ethylene_oxide_with_ammonia.png\/525px-Reaction_of_ethylene_oxide_with_ammonia.png 1.5x, \/\/upload.wikimedia.org\/wikipedia\/commons\/thumb\/6\/6c\/Reaction_of_ethylene_oxide_with_ammonia.png\/700px-Reaction_of_ethylene_oxide_with_ammonia.png 2x\" alt=\"Reaction of ethylene oxide with ammonia.png\" width=\"350\" height=\"244\" data-file-width=\"1364\" data-file-height=\"951\" \/><\/a><\/dd>\n<\/dl>\n<p> Trietanolamin anv\u00e4nds som tillsats i cement f\u00f6r att f\u00f6rb\u00e4ttra cementens gjutegenskaper och som ett hj\u00e4lpmedel vid slipning, som ett antikorrosionsmedel, f\u00f6r att avl\u00e4gsna sura gaser s\u00e5som v\u00e4tesulfid fr\u00e5n r\u00f6kgaser, som korrosionsskyddsmedel, som ytaktiva \u00e4mnen i tv\u00e4tt- och tv\u00e4ttmedel \/ p><\/p>\n","protected":false},"excerpt":{"rendered":"<p> <b> Andra namn: trietanolamin, 2- [bis (2-hydroxietyl) amino] etanol <\/b> <\/p>\n<p> Trietanolamin (C <sub> 6 <\/sub> H <sub> 15 <\/sub> NO <sub> 3 <\/sub>) \u00e4r en organisk f\u00f6rening som tillh\u00f6r alkanolaminer. F\u00f6reningen kan anv\u00e4ndas inom den kemiska industrin som l\u00f6sningsmedel, vid tillverkning av kosmetika, vid tillverkning av cement och f\u00f6r m\u00e5nga andra \u00e4ndam\u00e5l. <\/p>\n","protected":false},"featured_media":6310,"template":"","meta":[],"product_brand":[],"product_cat":[106,111,116],"product_tag":[],"class_list":{"0":"post-7407","1":"product","2":"type-product","3":"status-publish","4":"has-post-thumbnail","6":"product_cat-lakemedelsindustri","7":"product_cat-trabearbetningskemikalier","8":"product_cat-alla-produkter","10":"first","11":"outofstock","12":"taxable","13":"shipping-taxable","14":"purchasable","15":"product-type-variable","16":"has-default-attributes","17":"rtwpvg-product"},"yoast_head":"<!-- This site is optimized with the Yoast SEO plugin v27.5 - https:\/\/yoast.com\/product\/yoast-seo-wordpress\/ -->\n<title>Trietanolamin (CAS 102-71-6) - MasterChem | kemikaalien tuotanto ja myynti<\/title>\n<meta name=\"description\" content=\"Trietanolamin (C6H15NO3) \u00e4r en organisk f\u00f6rening som tillh\u00f6r alkanolaminer. F\u00f6reningen kan anv\u00e4ndas inom den kemiska industrin som l\u00f6sningsmedel, vid tillverkning av kosmetika, vid tillverkning av cement och f\u00f6r m\u00e5nga andra \u00e4ndam\u00e5l.\" \/>\n<meta name=\"robots\" content=\"index, follow, max-snippet:-1, max-image-preview:large, max-video-preview:-1\" \/>\n<link rel=\"canonical\" href=\"https:\/\/masterchem.fi\/sv\/produkt\/trietanolamin-cas-102-71-6\/\" \/>\n<meta property=\"og:locale\" content=\"sv_SE\" \/>\n<meta property=\"og:type\" content=\"article\" \/>\n<meta property=\"og:title\" content=\"Trietanolamin (CAS 102-71-6) - MasterChem | kemikaalien tuotanto ja myynti\" \/>\n<meta property=\"og:description\" content=\"Trietanolamin (C6H15NO3) \u00e4r en organisk f\u00f6rening som tillh\u00f6r alkanolaminer. F\u00f6reningen kan anv\u00e4ndas inom den kemiska industrin som l\u00f6sningsmedel, vid tillverkning av kosmetika, vid tillverkning av cement och f\u00f6r m\u00e5nga andra \u00e4ndam\u00e5l.\" \/>\n<meta property=\"og:url\" content=\"https:\/\/masterchem.fi\/sv\/produkt\/trietanolamin-cas-102-71-6\/\" \/>\n<meta property=\"og:site_name\" content=\"MasterChem | kemikaalien tuotanto ja myynti\" \/>\n<meta property=\"article:modified_time\" content=\"2022-04-21T10:38:04+00:00\" \/>\n<meta property=\"og:image\" content=\"https:\/\/upload.wikimedia.org\/wikipedia\/commons\/thumb\/6\/6c\/Reaction_of_ethylene_oxide_with_ammonia.png\/350px-Reaction_of_ethylene_oxide_with_ammonia.png\" \/>\n<meta name=\"twitter:card\" content=\"summary_large_image\" \/>\n<meta name=\"twitter:label1\" content=\"Ber\u00e4knad l\u00e4stid\" \/>\n\t<meta name=\"twitter:data1\" content=\"1 minut\" \/>\n<script type=\"application\/ld+json\" class=\"yoast-schema-graph\">{\"@context\":\"https:\\\/\\\/schema.org\",\"@graph\":[{\"@type\":\"WebPage\",\"@id\":\"https:\\\/\\\/masterchem.fi\\\/sv\\\/produkt\\\/trietanolamin-cas-102-71-6\\\/\",\"url\":\"https:\\\/\\\/masterchem.fi\\\/sv\\\/produkt\\\/trietanolamin-cas-102-71-6\\\/\",\"name\":\"Trietanolamin (CAS 102-71-6) - MasterChem | kemikaalien tuotanto ja myynti\",\"isPartOf\":{\"@id\":\"https:\\\/\\\/masterchem.fi\\\/sv\\\/#website\"},\"primaryImageOfPage\":{\"@id\":\"https:\\\/\\\/masterchem.fi\\\/sv\\\/produkt\\\/trietanolamin-cas-102-71-6\\\/#primaryimage\"},\"image\":{\"@id\":\"https:\\\/\\\/masterchem.fi\\\/sv\\\/produkt\\\/trietanolamin-cas-102-71-6\\\/#primaryimage\"},\"thumbnailUrl\":\"https:\\\/\\\/masterchem.fi\\\/wp-content\\\/uploads\\\/2019\\\/06\\\/Trietanoliamiini-1000l-MasterChem.jpg\",\"datePublished\":\"2019-06-01T00:00:40+00:00\",\"dateModified\":\"2022-04-21T10:38:04+00:00\",\"description\":\"Trietanolamin (C6H15NO3) \u00e4r en organisk f\u00f6rening som tillh\u00f6r alkanolaminer. F\u00f6reningen kan anv\u00e4ndas inom den kemiska industrin som l\u00f6sningsmedel, vid tillverkning av kosmetika, vid tillverkning av cement och f\u00f6r m\u00e5nga andra \u00e4ndam\u00e5l.\",\"breadcrumb\":{\"@id\":\"https:\\\/\\\/masterchem.fi\\\/sv\\\/produkt\\\/trietanolamin-cas-102-71-6\\\/#breadcrumb\"},\"inLanguage\":\"sv-SE\",\"potentialAction\":[{\"@type\":\"ReadAction\",\"target\":[\"https:\\\/\\\/masterchem.fi\\\/sv\\\/produkt\\\/trietanolamin-cas-102-71-6\\\/\"]}]},{\"@type\":\"ImageObject\",\"inLanguage\":\"sv-SE\",\"@id\":\"https:\\\/\\\/masterchem.fi\\\/sv\\\/produkt\\\/trietanolamin-cas-102-71-6\\\/#primaryimage\",\"url\":\"https:\\\/\\\/masterchem.fi\\\/wp-content\\\/uploads\\\/2019\\\/06\\\/Trietanoliamiini-1000l-MasterChem.jpg\",\"contentUrl\":\"https:\\\/\\\/masterchem.fi\\\/wp-content\\\/uploads\\\/2019\\\/06\\\/Trietanoliamiini-1000l-MasterChem.jpg\",\"width\":1000,\"height\":1000,\"caption\":\"Trietanoliamiini 1000l MaterChem\"},{\"@type\":\"BreadcrumbList\",\"@id\":\"https:\\\/\\\/masterchem.fi\\\/sv\\\/produkt\\\/trietanolamin-cas-102-71-6\\\/#breadcrumb\",\"itemListElement\":[{\"@type\":\"ListItem\",\"position\":1,\"name\":\"Home\",\"item\":\"https:\\\/\\\/masterchem.fi\\\/sv\\\/\"},{\"@type\":\"ListItem\",\"position\":2,\"name\":\"Butik\",\"item\":\"https:\\\/\\\/masterchem.fi\\\/sv\\\/butik\\\/\"},{\"@type\":\"ListItem\",\"position\":3,\"name\":\"Trietanolamin (CAS 102-71-6)\"}]},{\"@type\":\"WebSite\",\"@id\":\"https:\\\/\\\/masterchem.fi\\\/sv\\\/#website\",\"url\":\"https:\\\/\\\/masterchem.fi\\\/sv\\\/\",\"name\":\"MasterChem | kemikaalien tuotanto ja myynti\",\"description\":\"kemikaalien tuotanto ja myynti\",\"potentialAction\":[{\"@type\":\"SearchAction\",\"target\":{\"@type\":\"EntryPoint\",\"urlTemplate\":\"https:\\\/\\\/masterchem.fi\\\/sv\\\/?s={search_term_string}\"},\"query-input\":{\"@type\":\"PropertyValueSpecification\",\"valueRequired\":true,\"valueName\":\"search_term_string\"}}],\"inLanguage\":\"sv-SE\"}]}<\/script>\n<!-- \/ Yoast SEO plugin. -->","yoast_head_json":{"title":"Trietanolamin (CAS 102-71-6) - MasterChem | kemikaalien tuotanto ja myynti","description":"Trietanolamin (C6H15NO3) \u00e4r en organisk f\u00f6rening som tillh\u00f6r alkanolaminer. F\u00f6reningen kan anv\u00e4ndas inom den kemiska industrin som l\u00f6sningsmedel, vid tillverkning av kosmetika, vid tillverkning av cement och f\u00f6r m\u00e5nga andra \u00e4ndam\u00e5l.","robots":{"index":"index","follow":"follow","max-snippet":"max-snippet:-1","max-image-preview":"max-image-preview:large","max-video-preview":"max-video-preview:-1"},"canonical":"https:\/\/masterchem.fi\/sv\/produkt\/trietanolamin-cas-102-71-6\/","og_locale":"sv_SE","og_type":"article","og_title":"Trietanolamin (CAS 102-71-6) - MasterChem | kemikaalien tuotanto ja myynti","og_description":"Trietanolamin (C6H15NO3) \u00e4r en organisk f\u00f6rening som tillh\u00f6r alkanolaminer. F\u00f6reningen kan anv\u00e4ndas inom den kemiska industrin som l\u00f6sningsmedel, vid tillverkning av kosmetika, vid tillverkning av cement och f\u00f6r m\u00e5nga andra \u00e4ndam\u00e5l.","og_url":"https:\/\/masterchem.fi\/sv\/produkt\/trietanolamin-cas-102-71-6\/","og_site_name":"MasterChem | kemikaalien tuotanto ja myynti","article_modified_time":"2022-04-21T10:38:04+00:00","og_image":[{"url":"https:\/\/upload.wikimedia.org\/wikipedia\/commons\/thumb\/6\/6c\/Reaction_of_ethylene_oxide_with_ammonia.png\/350px-Reaction_of_ethylene_oxide_with_ammonia.png","type":"","width":"","height":""}],"twitter_card":"summary_large_image","twitter_misc":{"Ber\u00e4knad l\u00e4stid":"1 minut"},"schema":{"@context":"https:\/\/schema.org","@graph":[{"@type":"WebPage","@id":"https:\/\/masterchem.fi\/sv\/produkt\/trietanolamin-cas-102-71-6\/","url":"https:\/\/masterchem.fi\/sv\/produkt\/trietanolamin-cas-102-71-6\/","name":"Trietanolamin (CAS 102-71-6) - MasterChem | kemikaalien tuotanto ja myynti","isPartOf":{"@id":"https:\/\/masterchem.fi\/sv\/#website"},"primaryImageOfPage":{"@id":"https:\/\/masterchem.fi\/sv\/produkt\/trietanolamin-cas-102-71-6\/#primaryimage"},"image":{"@id":"https:\/\/masterchem.fi\/sv\/produkt\/trietanolamin-cas-102-71-6\/#primaryimage"},"thumbnailUrl":"https:\/\/masterchem.fi\/wp-content\/uploads\/2019\/06\/Trietanoliamiini-1000l-MasterChem.jpg","datePublished":"2019-06-01T00:00:40+00:00","dateModified":"2022-04-21T10:38:04+00:00","description":"Trietanolamin (C6H15NO3) \u00e4r en organisk f\u00f6rening som tillh\u00f6r alkanolaminer. F\u00f6reningen kan anv\u00e4ndas inom den kemiska industrin som l\u00f6sningsmedel, vid tillverkning av kosmetika, vid tillverkning av cement och f\u00f6r m\u00e5nga andra \u00e4ndam\u00e5l.","breadcrumb":{"@id":"https:\/\/masterchem.fi\/sv\/produkt\/trietanolamin-cas-102-71-6\/#breadcrumb"},"inLanguage":"sv-SE","potentialAction":[{"@type":"ReadAction","target":["https:\/\/masterchem.fi\/sv\/produkt\/trietanolamin-cas-102-71-6\/"]}]},{"@type":"ImageObject","inLanguage":"sv-SE","@id":"https:\/\/masterchem.fi\/sv\/produkt\/trietanolamin-cas-102-71-6\/#primaryimage","url":"https:\/\/masterchem.fi\/wp-content\/uploads\/2019\/06\/Trietanoliamiini-1000l-MasterChem.jpg","contentUrl":"https:\/\/masterchem.fi\/wp-content\/uploads\/2019\/06\/Trietanoliamiini-1000l-MasterChem.jpg","width":1000,"height":1000,"caption":"Trietanoliamiini 1000l MaterChem"},{"@type":"BreadcrumbList","@id":"https:\/\/masterchem.fi\/sv\/produkt\/trietanolamin-cas-102-71-6\/#breadcrumb","itemListElement":[{"@type":"ListItem","position":1,"name":"Home","item":"https:\/\/masterchem.fi\/sv\/"},{"@type":"ListItem","position":2,"name":"Butik","item":"https:\/\/masterchem.fi\/sv\/butik\/"},{"@type":"ListItem","position":3,"name":"Trietanolamin (CAS 102-71-6)"}]},{"@type":"WebSite","@id":"https:\/\/masterchem.fi\/sv\/#website","url":"https:\/\/masterchem.fi\/sv\/","name":"MasterChem | kemikaalien tuotanto ja myynti","description":"kemikaalien tuotanto ja myynti","potentialAction":[{"@type":"SearchAction","target":{"@type":"EntryPoint","urlTemplate":"https:\/\/masterchem.fi\/sv\/?s={search_term_string}"},"query-input":{"@type":"PropertyValueSpecification","valueRequired":true,"valueName":"search_term_string"}}],"inLanguage":"sv-SE"}]}},"_links":{"self":[{"href":"https:\/\/masterchem.fi\/sv\/wp-json\/wp\/v2\/product\/7407","targetHints":{"allow":["GET"]}}],"collection":[{"href":"https:\/\/masterchem.fi\/sv\/wp-json\/wp\/v2\/product"}],"about":[{"href":"https:\/\/masterchem.fi\/sv\/wp-json\/wp\/v2\/types\/product"}],"wp:featuredmedia":[{"embeddable":true,"href":"https:\/\/masterchem.fi\/sv\/wp-json\/wp\/v2\/media\/6310"}],"wp:attachment":[{"href":"https:\/\/masterchem.fi\/sv\/wp-json\/wp\/v2\/media?parent=7407"}],"wp:term":[{"taxonomy":"product_brand","embeddable":true,"href":"https:\/\/masterchem.fi\/sv\/wp-json\/wp\/v2\/product_brand?post=7407"},{"taxonomy":"product_cat","embeddable":true,"href":"https:\/\/masterchem.fi\/sv\/wp-json\/wp\/v2\/product_cat?post=7407"},{"taxonomy":"product_tag","embeddable":true,"href":"https:\/\/masterchem.fi\/sv\/wp-json\/wp\/v2\/product_tag?post=7407"}],"curies":[{"name":"wp","href":"https:\/\/api.w.org\/{rel}","templated":true}]}}