{"id":7416,"date":"2019-06-01T02:40:59","date_gmt":"2019-05-31T23:40:59","guid":{"rendered":"https:\/\/masterchem.fi\/product\/propylenglykolmonoetyleter\/"},"modified":"2022-04-21T10:17:49","modified_gmt":"2022-04-21T07:17:49","slug":"propylenglykolmonoetyleter-cas-52125-53-8","status":"publish","type":"product","link":"https:\/\/masterchem.fi\/sv\/produkt\/propylenglykolmonoetyleter-cas-52125-53-8\/","title":{"rendered":"Propylenglykolmonoetyleter (CAS 52125-53-8)"},"content":{"rendered":"<p>Propylenglykolmetyleter (PGME eller 1-metoxi-2-propanol) \u00e4r ett organiskt l\u00f6sningsmedel med ett brett spektrum av industriella och kommersiella anv\u00e4ndningsomr\u00e5den. Liksom andra glykoletrar anv\u00e4nds den som b\u00e4rare \/ l\u00f6sningsmedel vid tryck- \/ skrivf\u00e4rger. Det anv\u00e4nds ocks\u00e5 som en industriell och kommersiell f\u00e4rgborttagare. <\/p>\n<p> <strong> FYSIKALISK OCH KEMISK INFORMATION <\/strong> <\/p>\n<p>Molekylformel: C5H12O2 \/ CH3CH2OCH2CHOHCH3 <br \/>\nMolekylvikt: 104,2 <br \/>\nKokpunkt: 133 \u00b0 C <br \/>\nSm\u00e4ltpunkt: -100 \u00b0 C <br \/>\nRelativ densitet (vatten = 1): 0,896 <br \/>\nL\u00f6slighet i vatten, g \/ 100 ml vid 25 \u00b0 C: 36,6 <br \/>\n\u00c5ngtryck, kPa vid 25 \u00b0 C: 1 <br \/>\nRelativ \u00e5ngdensitet (luft = 1): 3,6 <br \/>\nFlampunkt: 40 \u00b0 C c.c. <br \/>\nSj\u00e4lvant\u00e4ndningstemperatur: 255 \u00b0 C <br \/>\nBr\u00e4nnbarhetsgr\u00e4nser, volym% i luft: 1,3-12 <br \/>\nF\u00f6rdelningskoefficient oktanol \/ vatten som log Pow: 0,3 <br \/>\nAvdunstningshastighet (n-butylacetat = 1): 0,54 <br \/>\nViskositet: 2,32 mm\u00b2 \/ s vid 20 \u00b0 C <\/p>\n","protected":false},"excerpt":{"rendered":"<p>Propylenglykolmetyleter (PGME eller 1-metoxi-2-propanol) \u00e4r ett organiskt l\u00f6sningsmedel med ett brett spektrum av industriella och kommersiella anv\u00e4ndningsomr\u00e5den. Liksom andra glykoletrar anv\u00e4nds den som b\u00e4rare \/ l\u00f6sningsmedel vid tryck- \/ skrivf\u00e4rger. Det anv\u00e4nds ocks\u00e5 i industriella och kommersiella f\u00e4rgstrippare.<\/p>\n","protected":false},"featured_media":6150,"template":"","meta":[],"product_brand":[],"product_cat":[104,105,106,116,103],"product_tag":[],"class_list":{"0":"post-7416","1":"product","2":"type-product","3":"status-publish","4":"has-post-thumbnail","6":"product_cat-bil-och-maskinkemikalier","7":"product_cat-hushallskemikalier-sv","8":"product_cat-lakemedelsindustri","9":"product_cat-alla-produkter","10":"product_cat-frostskydd","12":"first","13":"instock","14":"taxable","15":"shipping-taxable","16":"purchasable","17":"product-type-variable","18":"has-default-attributes","19":"rtwpvg-product"},"yoast_head":"<!-- This site is optimized with the Yoast SEO plugin v27.2 - https:\/\/yoast.com\/product\/yoast-seo-wordpress\/ -->\n<title>Propylenglykolmonoetyleter (CAS 52125-53-8) - MasterChem | kemikaalien tuotanto ja myynti<\/title>\n<meta name=\"description\" content=\"Propylenglykolmetyleter (PGME eller 1-metoxi-2-propanol) \u00e4r ett organiskt l\u00f6sningsmedel med ett brett spektrum av industriella och kommersiella anv\u00e4ndningsomr\u00e5den. Liksom andra glykoletrar anv\u00e4nds den som b\u00e4rare \/ l\u00f6sningsmedel vid tryck- \/ skrivf\u00e4rger.\" \/>\n<meta name=\"robots\" content=\"index, follow, max-snippet:-1, max-image-preview:large, max-video-preview:-1\" \/>\n<link rel=\"canonical\" href=\"https:\/\/masterchem.fi\/sv\/produkt\/propylenglykolmonoetyleter-cas-52125-53-8\/\" \/>\n<meta property=\"og:locale\" content=\"sv_SE\" \/>\n<meta property=\"og:type\" content=\"article\" \/>\n<meta property=\"og:title\" content=\"Propylenglykolmonoetyleter (CAS 52125-53-8) - MasterChem | kemikaalien tuotanto ja myynti\" \/>\n<meta property=\"og:description\" content=\"Propylenglykolmetyleter (PGME eller 1-metoxi-2-propanol) \u00e4r ett organiskt l\u00f6sningsmedel med ett brett spektrum av industriella och kommersiella anv\u00e4ndningsomr\u00e5den. Liksom andra glykoletrar anv\u00e4nds den som b\u00e4rare \/ l\u00f6sningsmedel vid tryck- \/ skrivf\u00e4rger.\" \/>\n<meta property=\"og:url\" content=\"https:\/\/masterchem.fi\/sv\/produkt\/propylenglykolmonoetyleter-cas-52125-53-8\/\" \/>\n<meta property=\"og:site_name\" content=\"MasterChem | kemikaalien tuotanto ja myynti\" \/>\n<meta property=\"article:modified_time\" content=\"2022-04-21T07:17:49+00:00\" \/>\n<meta name=\"twitter:card\" content=\"summary_large_image\" \/>\n<meta name=\"twitter:label1\" content=\"Ber\u00e4knad l\u00e4stid\" \/>\n\t<meta name=\"twitter:data1\" content=\"1 minut\" \/>\n<script type=\"application\/ld+json\" class=\"yoast-schema-graph\">{\"@context\":\"https:\/\/schema.org\",\"@graph\":[{\"@type\":\"WebPage\",\"@id\":\"https:\/\/masterchem.fi\/sv\/produkt\/propylenglykolmonoetyleter-cas-52125-53-8\/\",\"url\":\"https:\/\/masterchem.fi\/sv\/produkt\/propylenglykolmonoetyleter-cas-52125-53-8\/\",\"name\":\"Propylenglykolmonoetyleter (CAS 52125-53-8) - MasterChem | kemikaalien tuotanto ja myynti\",\"isPartOf\":{\"@id\":\"https:\/\/masterchem.fi\/sv\/#website\"},\"primaryImageOfPage\":{\"@id\":\"https:\/\/masterchem.fi\/sv\/produkt\/propylenglykolmonoetyleter-cas-52125-53-8\/#primaryimage\"},\"image\":{\"@id\":\"https:\/\/masterchem.fi\/sv\/produkt\/propylenglykolmonoetyleter-cas-52125-53-8\/#primaryimage\"},\"thumbnailUrl\":\"https:\/\/masterchem.fi\/wp-content\/uploads\/2019\/06\/Propyleeniglykolimonoetyylieetteri-1000l-MasterChem.jpg\",\"datePublished\":\"2019-05-31T23:40:59+00:00\",\"dateModified\":\"2022-04-21T07:17:49+00:00\",\"description\":\"Propylenglykolmetyleter (PGME eller 1-metoxi-2-propanol) \u00e4r ett organiskt l\u00f6sningsmedel med ett brett spektrum av industriella och kommersiella anv\u00e4ndningsomr\u00e5den. Liksom andra glykoletrar anv\u00e4nds den som b\u00e4rare \/ l\u00f6sningsmedel vid tryck- \/ skrivf\u00e4rger.\",\"breadcrumb\":{\"@id\":\"https:\/\/masterchem.fi\/sv\/produkt\/propylenglykolmonoetyleter-cas-52125-53-8\/#breadcrumb\"},\"inLanguage\":\"sv-SE\",\"potentialAction\":[{\"@type\":\"ReadAction\",\"target\":[\"https:\/\/masterchem.fi\/sv\/produkt\/propylenglykolmonoetyleter-cas-52125-53-8\/\"]}]},{\"@type\":\"ImageObject\",\"inLanguage\":\"sv-SE\",\"@id\":\"https:\/\/masterchem.fi\/sv\/produkt\/propylenglykolmonoetyleter-cas-52125-53-8\/#primaryimage\",\"url\":\"https:\/\/masterchem.fi\/wp-content\/uploads\/2019\/06\/Propyleeniglykolimonoetyylieetteri-1000l-MasterChem.jpg\",\"contentUrl\":\"https:\/\/masterchem.fi\/wp-content\/uploads\/2019\/06\/Propyleeniglykolimonoetyylieetteri-1000l-MasterChem.jpg\",\"width\":1000,\"height\":1000},{\"@type\":\"BreadcrumbList\",\"@id\":\"https:\/\/masterchem.fi\/sv\/produkt\/propylenglykolmonoetyleter-cas-52125-53-8\/#breadcrumb\",\"itemListElement\":[{\"@type\":\"ListItem\",\"position\":1,\"name\":\"Home\",\"item\":\"https:\/\/masterchem.fi\/sv\/\"},{\"@type\":\"ListItem\",\"position\":2,\"name\":\"Butik\",\"item\":\"https:\/\/masterchem.fi\/sv\/butik\/\"},{\"@type\":\"ListItem\",\"position\":3,\"name\":\"Propylenglykolmonoetyleter (CAS 52125-53-8)\"}]},{\"@type\":\"WebSite\",\"@id\":\"https:\/\/masterchem.fi\/sv\/#website\",\"url\":\"https:\/\/masterchem.fi\/sv\/\",\"name\":\"MasterChem | kemikaalien tuotanto ja myynti\",\"description\":\"kemikaalien tuotanto ja myynti\",\"potentialAction\":[{\"@type\":\"SearchAction\",\"target\":{\"@type\":\"EntryPoint\",\"urlTemplate\":\"https:\/\/masterchem.fi\/sv\/?s={search_term_string}\"},\"query-input\":{\"@type\":\"PropertyValueSpecification\",\"valueRequired\":true,\"valueName\":\"search_term_string\"}}],\"inLanguage\":\"sv-SE\"}]}<\/script>\n<!-- \/ Yoast SEO plugin. -->","yoast_head_json":{"title":"Propylenglykolmonoetyleter (CAS 52125-53-8) - MasterChem | kemikaalien tuotanto ja myynti","description":"Propylenglykolmetyleter (PGME eller 1-metoxi-2-propanol) \u00e4r ett organiskt l\u00f6sningsmedel med ett brett spektrum av industriella och kommersiella anv\u00e4ndningsomr\u00e5den. Liksom andra glykoletrar anv\u00e4nds den som b\u00e4rare \/ l\u00f6sningsmedel vid tryck- \/ skrivf\u00e4rger.","robots":{"index":"index","follow":"follow","max-snippet":"max-snippet:-1","max-image-preview":"max-image-preview:large","max-video-preview":"max-video-preview:-1"},"canonical":"https:\/\/masterchem.fi\/sv\/produkt\/propylenglykolmonoetyleter-cas-52125-53-8\/","og_locale":"sv_SE","og_type":"article","og_title":"Propylenglykolmonoetyleter (CAS 52125-53-8) - MasterChem | kemikaalien tuotanto ja myynti","og_description":"Propylenglykolmetyleter (PGME eller 1-metoxi-2-propanol) \u00e4r ett organiskt l\u00f6sningsmedel med ett brett spektrum av industriella och kommersiella anv\u00e4ndningsomr\u00e5den. Liksom andra glykoletrar anv\u00e4nds den som b\u00e4rare \/ l\u00f6sningsmedel vid tryck- \/ skrivf\u00e4rger.","og_url":"https:\/\/masterchem.fi\/sv\/produkt\/propylenglykolmonoetyleter-cas-52125-53-8\/","og_site_name":"MasterChem | kemikaalien tuotanto ja myynti","article_modified_time":"2022-04-21T07:17:49+00:00","twitter_card":"summary_large_image","twitter_misc":{"Ber\u00e4knad l\u00e4stid":"1 minut"},"schema":{"@context":"https:\/\/schema.org","@graph":[{"@type":"WebPage","@id":"https:\/\/masterchem.fi\/sv\/produkt\/propylenglykolmonoetyleter-cas-52125-53-8\/","url":"https:\/\/masterchem.fi\/sv\/produkt\/propylenglykolmonoetyleter-cas-52125-53-8\/","name":"Propylenglykolmonoetyleter (CAS 52125-53-8) - MasterChem | kemikaalien tuotanto ja myynti","isPartOf":{"@id":"https:\/\/masterchem.fi\/sv\/#website"},"primaryImageOfPage":{"@id":"https:\/\/masterchem.fi\/sv\/produkt\/propylenglykolmonoetyleter-cas-52125-53-8\/#primaryimage"},"image":{"@id":"https:\/\/masterchem.fi\/sv\/produkt\/propylenglykolmonoetyleter-cas-52125-53-8\/#primaryimage"},"thumbnailUrl":"https:\/\/masterchem.fi\/wp-content\/uploads\/2019\/06\/Propyleeniglykolimonoetyylieetteri-1000l-MasterChem.jpg","datePublished":"2019-05-31T23:40:59+00:00","dateModified":"2022-04-21T07:17:49+00:00","description":"Propylenglykolmetyleter (PGME eller 1-metoxi-2-propanol) \u00e4r ett organiskt l\u00f6sningsmedel med ett brett spektrum av industriella och kommersiella anv\u00e4ndningsomr\u00e5den. Liksom andra glykoletrar anv\u00e4nds den som b\u00e4rare \/ l\u00f6sningsmedel vid tryck- \/ skrivf\u00e4rger.","breadcrumb":{"@id":"https:\/\/masterchem.fi\/sv\/produkt\/propylenglykolmonoetyleter-cas-52125-53-8\/#breadcrumb"},"inLanguage":"sv-SE","potentialAction":[{"@type":"ReadAction","target":["https:\/\/masterchem.fi\/sv\/produkt\/propylenglykolmonoetyleter-cas-52125-53-8\/"]}]},{"@type":"ImageObject","inLanguage":"sv-SE","@id":"https:\/\/masterchem.fi\/sv\/produkt\/propylenglykolmonoetyleter-cas-52125-53-8\/#primaryimage","url":"https:\/\/masterchem.fi\/wp-content\/uploads\/2019\/06\/Propyleeniglykolimonoetyylieetteri-1000l-MasterChem.jpg","contentUrl":"https:\/\/masterchem.fi\/wp-content\/uploads\/2019\/06\/Propyleeniglykolimonoetyylieetteri-1000l-MasterChem.jpg","width":1000,"height":1000},{"@type":"BreadcrumbList","@id":"https:\/\/masterchem.fi\/sv\/produkt\/propylenglykolmonoetyleter-cas-52125-53-8\/#breadcrumb","itemListElement":[{"@type":"ListItem","position":1,"name":"Home","item":"https:\/\/masterchem.fi\/sv\/"},{"@type":"ListItem","position":2,"name":"Butik","item":"https:\/\/masterchem.fi\/sv\/butik\/"},{"@type":"ListItem","position":3,"name":"Propylenglykolmonoetyleter (CAS 52125-53-8)"}]},{"@type":"WebSite","@id":"https:\/\/masterchem.fi\/sv\/#website","url":"https:\/\/masterchem.fi\/sv\/","name":"MasterChem | kemikaalien tuotanto ja myynti","description":"kemikaalien tuotanto ja myynti","potentialAction":[{"@type":"SearchAction","target":{"@type":"EntryPoint","urlTemplate":"https:\/\/masterchem.fi\/sv\/?s={search_term_string}"},"query-input":{"@type":"PropertyValueSpecification","valueRequired":true,"valueName":"search_term_string"}}],"inLanguage":"sv-SE"}]}},"_links":{"self":[{"href":"https:\/\/masterchem.fi\/sv\/wp-json\/wp\/v2\/product\/7416","targetHints":{"allow":["GET"]}}],"collection":[{"href":"https:\/\/masterchem.fi\/sv\/wp-json\/wp\/v2\/product"}],"about":[{"href":"https:\/\/masterchem.fi\/sv\/wp-json\/wp\/v2\/types\/product"}],"wp:featuredmedia":[{"embeddable":true,"href":"https:\/\/masterchem.fi\/sv\/wp-json\/wp\/v2\/media\/6150"}],"wp:attachment":[{"href":"https:\/\/masterchem.fi\/sv\/wp-json\/wp\/v2\/media?parent=7416"}],"wp:term":[{"taxonomy":"product_brand","embeddable":true,"href":"https:\/\/masterchem.fi\/sv\/wp-json\/wp\/v2\/product_brand?post=7416"},{"taxonomy":"product_cat","embeddable":true,"href":"https:\/\/masterchem.fi\/sv\/wp-json\/wp\/v2\/product_cat?post=7416"},{"taxonomy":"product_tag","embeddable":true,"href":"https:\/\/masterchem.fi\/sv\/wp-json\/wp\/v2\/product_tag?post=7416"}],"curies":[{"name":"wp","href":"https:\/\/api.w.org\/{rel}","templated":true}]}}