{"id":7425,"date":"2019-06-01T02:58:16","date_gmt":"2019-05-31T23:58:16","guid":{"rendered":"https:\/\/masterchem.fi\/product\/toluen\/"},"modified":"2022-04-21T12:36:30","modified_gmt":"2022-04-21T09:36:30","slug":"toluen-cas-108-88-3","status":"publish","type":"product","link":"https:\/\/masterchem.fi\/sv\/produkt\/toluen-cas-108-88-3\/","title":{"rendered":"Toluen (CAS 108-88-3)"},"content":{"rendered":"<p>Toluen isolerades f\u00f6rst fr\u00e5n det s\u00e5 kallade <i> Myroxylon balsamum <\/i> tr\u00e4det, som v\u00e4xer i tropiska delar av Amerika. toluxtrakt, fr\u00e5n vilket det h\u00e4rstammar fr\u00e5n sitt ursprungliga namn <i> Toluen <\/i>. Toluen \u00e4r dock inte en alkohol utan ett om\u00e4ttat kolv\u00e4te, s\u00e5 det b\u00f6r kallas <i> -en <\/i>, inte <i> -ol <\/i>. Toluen finns i r\u00e5olja, fr\u00e5n vilken den destilleras med bensin. I synnerhet bensin behandlas genom att reformera f\u00f6r att \u00f6ka den aromatiska och d\u00e4rmed toluenhalten i bensin, eftersom aromater \u00f6kar oktantalet av bensin. Om oktantalet inte \u00e4r tillr\u00e4ckligt h\u00f6gt kan toluen tills\u00e4ttas i synnerhet bensin. Toluen kan ocks\u00e5 produceras vid produktion av koks.<\/p>\n","protected":false},"excerpt":{"rendered":"<p><b> Toluen <\/b>, (C <sub> 6 <\/sub> H <sub> 5 <\/sub> CH <sub> 3 <\/sub> \/ C <sub> 7 <\/sub> H <sub > 8 <\/sub>), <i> toluen <\/i>, <i> metylbensen <\/i> eller <i> fenylmetan <\/i>, \u00e4r ett aromatiskt kolv\u00e4te som annars liknar bensen, f\u00f6rutom att ringen \u00e4r sammanfogad av en metylgrupp. I utseende \u00e4r det en klar v\u00e4tska med en s\u00f6t tunnare-liknande lukt som p\u00e5minner om bensen. Toluen \u00e4r ol\u00f6sligt i vatten &#8211; eftersom det som kolv\u00e4te inte kan bryta de starka v\u00e4tebindningarna i vatten &#8211; men det l\u00f6ser upp en liten m\u00e4ngd vatten. Toluen anv\u00e4nds b\u00e5de som l\u00f6sningsmedel och som r\u00e5vara. Som l\u00f6sningsmedel finns det i f\u00e4rger, f\u00f6rtunnare, tryckf\u00e4rger, lim och lack. Toluen anv\u00e4nds ocks\u00e5 f\u00f6r garvning av l\u00e4der och som desinfektionsmedel. R\u00e5materialet \u00e4r det t.ex. vid framst\u00e4llning av fenol, TNT och (via toluendiisocyanat) polyuretan.<\/p>\n","protected":false},"featured_media":6260,"template":"","meta":[],"product_brand":[],"product_cat":[105,106,108,111,112,113,114,116],"product_tag":[],"class_list":{"0":"post-7425","1":"product","2":"type-product","3":"status-publish","4":"has-post-thumbnail","6":"product_cat-hushallskemikalier-sv","7":"product_cat-lakemedelsindustri","8":"product_cat-metallkemikalier","9":"product_cat-trabearbetningskemikalier","10":"product_cat-byggbranschen","11":"product_cat-vaggmalning","12":"product_cat-typografiska-kemikalier","13":"product_cat-alla-produkter","15":"first","16":"outofstock","17":"taxable","18":"shipping-taxable","19":"purchasable","20":"product-type-variable","21":"has-default-attributes","22":"rtwpvg-product"},"yoast_head":"<!-- This site is optimized with the Yoast SEO plugin v27.5 - https:\/\/yoast.com\/product\/yoast-seo-wordpress\/ -->\n<title>Toluen (CAS 108-88-3) - MasterChem | kemikaalien tuotanto ja myynti<\/title>\n<meta name=\"description\" content=\"Toluen, (C6H5CH3 \/ C7H8), toluen, metylbensen eller fenylmetan, \u00e4r ett aromatiskt kolv\u00e4te som annars liknar bensen, f\u00f6rutom att en metylgrupp \u00e4r bunden till ringen. I utseende \u00e4r det en klar v\u00e4tska med en s\u00f6t tunnare-liknande lukt som p\u00e5minner om bensen.\" \/>\n<meta name=\"robots\" content=\"index, follow, max-snippet:-1, max-image-preview:large, max-video-preview:-1\" \/>\n<link rel=\"canonical\" href=\"https:\/\/masterchem.fi\/sv\/produkt\/toluen-cas-108-88-3\/\" \/>\n<meta property=\"og:locale\" content=\"sv_SE\" \/>\n<meta property=\"og:type\" content=\"article\" \/>\n<meta property=\"og:title\" content=\"Toluen (CAS 108-88-3) - MasterChem | kemikaalien tuotanto ja myynti\" \/>\n<meta property=\"og:description\" content=\"Toluen, (C6H5CH3 \/ C7H8), toluen, metylbensen eller fenylmetan, \u00e4r ett aromatiskt kolv\u00e4te som annars liknar bensen, f\u00f6rutom att en metylgrupp \u00e4r bunden till ringen. I utseende \u00e4r det en klar v\u00e4tska med en s\u00f6t tunnare-liknande lukt som p\u00e5minner om bensen.\" \/>\n<meta property=\"og:url\" content=\"https:\/\/masterchem.fi\/sv\/produkt\/toluen-cas-108-88-3\/\" \/>\n<meta property=\"og:site_name\" content=\"MasterChem | kemikaalien tuotanto ja myynti\" \/>\n<meta property=\"article:modified_time\" content=\"2022-04-21T09:36:30+00:00\" \/>\n<meta name=\"twitter:card\" content=\"summary_large_image\" \/>\n<meta name=\"twitter:label1\" content=\"Ber\u00e4knad l\u00e4stid\" \/>\n\t<meta name=\"twitter:data1\" content=\"1 minut\" \/>\n<script type=\"application\/ld+json\" class=\"yoast-schema-graph\">{\"@context\":\"https:\\\/\\\/schema.org\",\"@graph\":[{\"@type\":\"WebPage\",\"@id\":\"https:\\\/\\\/masterchem.fi\\\/sv\\\/produkt\\\/toluen-cas-108-88-3\\\/\",\"url\":\"https:\\\/\\\/masterchem.fi\\\/sv\\\/produkt\\\/toluen-cas-108-88-3\\\/\",\"name\":\"Toluen (CAS 108-88-3) - MasterChem | kemikaalien tuotanto ja myynti\",\"isPartOf\":{\"@id\":\"https:\\\/\\\/masterchem.fi\\\/sv\\\/#website\"},\"primaryImageOfPage\":{\"@id\":\"https:\\\/\\\/masterchem.fi\\\/sv\\\/produkt\\\/toluen-cas-108-88-3\\\/#primaryimage\"},\"image\":{\"@id\":\"https:\\\/\\\/masterchem.fi\\\/sv\\\/produkt\\\/toluen-cas-108-88-3\\\/#primaryimage\"},\"thumbnailUrl\":\"https:\\\/\\\/masterchem.fi\\\/wp-content\\\/uploads\\\/2019\\\/06\\\/Tolueeni-1000l-MaterChem.jpg\",\"datePublished\":\"2019-05-31T23:58:16+00:00\",\"dateModified\":\"2022-04-21T09:36:30+00:00\",\"description\":\"Toluen, (C6H5CH3 \\\/ C7H8), toluen, metylbensen eller fenylmetan, \u00e4r ett aromatiskt kolv\u00e4te som annars liknar bensen, f\u00f6rutom att en metylgrupp \u00e4r bunden till ringen. I utseende \u00e4r det en klar v\u00e4tska med en s\u00f6t tunnare-liknande lukt som p\u00e5minner om bensen.\",\"breadcrumb\":{\"@id\":\"https:\\\/\\\/masterchem.fi\\\/sv\\\/produkt\\\/toluen-cas-108-88-3\\\/#breadcrumb\"},\"inLanguage\":\"sv-SE\",\"potentialAction\":[{\"@type\":\"ReadAction\",\"target\":[\"https:\\\/\\\/masterchem.fi\\\/sv\\\/produkt\\\/toluen-cas-108-88-3\\\/\"]}]},{\"@type\":\"ImageObject\",\"inLanguage\":\"sv-SE\",\"@id\":\"https:\\\/\\\/masterchem.fi\\\/sv\\\/produkt\\\/toluen-cas-108-88-3\\\/#primaryimage\",\"url\":\"https:\\\/\\\/masterchem.fi\\\/wp-content\\\/uploads\\\/2019\\\/06\\\/Tolueeni-1000l-MaterChem.jpg\",\"contentUrl\":\"https:\\\/\\\/masterchem.fi\\\/wp-content\\\/uploads\\\/2019\\\/06\\\/Tolueeni-1000l-MaterChem.jpg\",\"width\":1000,\"height\":1000,\"caption\":\"Tolueeni 1000l MaterChem\"},{\"@type\":\"BreadcrumbList\",\"@id\":\"https:\\\/\\\/masterchem.fi\\\/sv\\\/produkt\\\/toluen-cas-108-88-3\\\/#breadcrumb\",\"itemListElement\":[{\"@type\":\"ListItem\",\"position\":1,\"name\":\"Home\",\"item\":\"https:\\\/\\\/masterchem.fi\\\/sv\\\/\"},{\"@type\":\"ListItem\",\"position\":2,\"name\":\"Butik\",\"item\":\"https:\\\/\\\/masterchem.fi\\\/sv\\\/butik\\\/\"},{\"@type\":\"ListItem\",\"position\":3,\"name\":\"Toluen (CAS 108-88-3)\"}]},{\"@type\":\"WebSite\",\"@id\":\"https:\\\/\\\/masterchem.fi\\\/sv\\\/#website\",\"url\":\"https:\\\/\\\/masterchem.fi\\\/sv\\\/\",\"name\":\"MasterChem | kemikaalien tuotanto ja myynti\",\"description\":\"kemikaalien tuotanto ja myynti\",\"potentialAction\":[{\"@type\":\"SearchAction\",\"target\":{\"@type\":\"EntryPoint\",\"urlTemplate\":\"https:\\\/\\\/masterchem.fi\\\/sv\\\/?s={search_term_string}\"},\"query-input\":{\"@type\":\"PropertyValueSpecification\",\"valueRequired\":true,\"valueName\":\"search_term_string\"}}],\"inLanguage\":\"sv-SE\"}]}<\/script>\n<!-- \/ Yoast SEO plugin. -->","yoast_head_json":{"title":"Toluen (CAS 108-88-3) - MasterChem | kemikaalien tuotanto ja myynti","description":"Toluen, (C6H5CH3 \/ C7H8), toluen, metylbensen eller fenylmetan, \u00e4r ett aromatiskt kolv\u00e4te som annars liknar bensen, f\u00f6rutom att en metylgrupp \u00e4r bunden till ringen. I utseende \u00e4r det en klar v\u00e4tska med en s\u00f6t tunnare-liknande lukt som p\u00e5minner om bensen.","robots":{"index":"index","follow":"follow","max-snippet":"max-snippet:-1","max-image-preview":"max-image-preview:large","max-video-preview":"max-video-preview:-1"},"canonical":"https:\/\/masterchem.fi\/sv\/produkt\/toluen-cas-108-88-3\/","og_locale":"sv_SE","og_type":"article","og_title":"Toluen (CAS 108-88-3) - MasterChem | kemikaalien tuotanto ja myynti","og_description":"Toluen, (C6H5CH3 \/ C7H8), toluen, metylbensen eller fenylmetan, \u00e4r ett aromatiskt kolv\u00e4te som annars liknar bensen, f\u00f6rutom att en metylgrupp \u00e4r bunden till ringen. I utseende \u00e4r det en klar v\u00e4tska med en s\u00f6t tunnare-liknande lukt som p\u00e5minner om bensen.","og_url":"https:\/\/masterchem.fi\/sv\/produkt\/toluen-cas-108-88-3\/","og_site_name":"MasterChem | kemikaalien tuotanto ja myynti","article_modified_time":"2022-04-21T09:36:30+00:00","twitter_card":"summary_large_image","twitter_misc":{"Ber\u00e4knad l\u00e4stid":"1 minut"},"schema":{"@context":"https:\/\/schema.org","@graph":[{"@type":"WebPage","@id":"https:\/\/masterchem.fi\/sv\/produkt\/toluen-cas-108-88-3\/","url":"https:\/\/masterchem.fi\/sv\/produkt\/toluen-cas-108-88-3\/","name":"Toluen (CAS 108-88-3) - MasterChem | kemikaalien tuotanto ja myynti","isPartOf":{"@id":"https:\/\/masterchem.fi\/sv\/#website"},"primaryImageOfPage":{"@id":"https:\/\/masterchem.fi\/sv\/produkt\/toluen-cas-108-88-3\/#primaryimage"},"image":{"@id":"https:\/\/masterchem.fi\/sv\/produkt\/toluen-cas-108-88-3\/#primaryimage"},"thumbnailUrl":"https:\/\/masterchem.fi\/wp-content\/uploads\/2019\/06\/Tolueeni-1000l-MaterChem.jpg","datePublished":"2019-05-31T23:58:16+00:00","dateModified":"2022-04-21T09:36:30+00:00","description":"Toluen, (C6H5CH3 \/ C7H8), toluen, metylbensen eller fenylmetan, \u00e4r ett aromatiskt kolv\u00e4te som annars liknar bensen, f\u00f6rutom att en metylgrupp \u00e4r bunden till ringen. I utseende \u00e4r det en klar v\u00e4tska med en s\u00f6t tunnare-liknande lukt som p\u00e5minner om bensen.","breadcrumb":{"@id":"https:\/\/masterchem.fi\/sv\/produkt\/toluen-cas-108-88-3\/#breadcrumb"},"inLanguage":"sv-SE","potentialAction":[{"@type":"ReadAction","target":["https:\/\/masterchem.fi\/sv\/produkt\/toluen-cas-108-88-3\/"]}]},{"@type":"ImageObject","inLanguage":"sv-SE","@id":"https:\/\/masterchem.fi\/sv\/produkt\/toluen-cas-108-88-3\/#primaryimage","url":"https:\/\/masterchem.fi\/wp-content\/uploads\/2019\/06\/Tolueeni-1000l-MaterChem.jpg","contentUrl":"https:\/\/masterchem.fi\/wp-content\/uploads\/2019\/06\/Tolueeni-1000l-MaterChem.jpg","width":1000,"height":1000,"caption":"Tolueeni 1000l MaterChem"},{"@type":"BreadcrumbList","@id":"https:\/\/masterchem.fi\/sv\/produkt\/toluen-cas-108-88-3\/#breadcrumb","itemListElement":[{"@type":"ListItem","position":1,"name":"Home","item":"https:\/\/masterchem.fi\/sv\/"},{"@type":"ListItem","position":2,"name":"Butik","item":"https:\/\/masterchem.fi\/sv\/butik\/"},{"@type":"ListItem","position":3,"name":"Toluen (CAS 108-88-3)"}]},{"@type":"WebSite","@id":"https:\/\/masterchem.fi\/sv\/#website","url":"https:\/\/masterchem.fi\/sv\/","name":"MasterChem | kemikaalien tuotanto ja myynti","description":"kemikaalien tuotanto ja myynti","potentialAction":[{"@type":"SearchAction","target":{"@type":"EntryPoint","urlTemplate":"https:\/\/masterchem.fi\/sv\/?s={search_term_string}"},"query-input":{"@type":"PropertyValueSpecification","valueRequired":true,"valueName":"search_term_string"}}],"inLanguage":"sv-SE"}]}},"_links":{"self":[{"href":"https:\/\/masterchem.fi\/sv\/wp-json\/wp\/v2\/product\/7425","targetHints":{"allow":["GET"]}}],"collection":[{"href":"https:\/\/masterchem.fi\/sv\/wp-json\/wp\/v2\/product"}],"about":[{"href":"https:\/\/masterchem.fi\/sv\/wp-json\/wp\/v2\/types\/product"}],"wp:featuredmedia":[{"embeddable":true,"href":"https:\/\/masterchem.fi\/sv\/wp-json\/wp\/v2\/media\/6260"}],"wp:attachment":[{"href":"https:\/\/masterchem.fi\/sv\/wp-json\/wp\/v2\/media?parent=7425"}],"wp:term":[{"taxonomy":"product_brand","embeddable":true,"href":"https:\/\/masterchem.fi\/sv\/wp-json\/wp\/v2\/product_brand?post=7425"},{"taxonomy":"product_cat","embeddable":true,"href":"https:\/\/masterchem.fi\/sv\/wp-json\/wp\/v2\/product_cat?post=7425"},{"taxonomy":"product_tag","embeddable":true,"href":"https:\/\/masterchem.fi\/sv\/wp-json\/wp\/v2\/product_tag?post=7425"}],"curies":[{"name":"wp","href":"https:\/\/api.w.org\/{rel}","templated":true}]}}