{"id":7434,"date":"2019-06-01T03:09:29","date_gmt":"2019-06-01T00:09:29","guid":{"rendered":"https:\/\/masterchem.fi\/product\/nitro-tunnare-nt-5000\/"},"modified":"2019-06-01T03:09:29","modified_gmt":"2019-06-01T00:09:29","slug":"nitro-tunnare-nt-5000","status":"publish","type":"product","link":"https:\/\/masterchem.fi\/sv\/produkt\/nitro-tunnare-nt-5000\/","title":{"rendered":"Nitro tunnare NT-5000"},"content":{"rendered":"<p><b><a href=\"https:\/\/masterchem.fi\/wp-content\/uploads\/2019\/06\/nitrolahusti_NT-5000_tootekirjeldus_masterchem.pdf\" target=\"_blank\" rel=\"noopener noreferrer\">Masterchem Nitrolahusti NT-5000 tuotteen kuvaus (EST, 2019)<\/a><\/b><\/p>\n<p> <strong> Till\u00e4mpning och anv\u00e4ndning: <\/strong> <br \/>\n&#8211; anv\u00e4nds f\u00f6r att korrigera viskositeten hos lacker, fl\u00e4ckar i tr\u00e4- och metallnitrosystem, <br \/>\n&#8211; kittutsp\u00e4dning f\u00f6r allm\u00e4nna \u00e4ndam\u00e5l, <br \/>\n&#8211; utsp\u00e4dning av melamin-formaldehyd-, glyfalt- och epoxif\u00e4rger. <br \/>\n&#8211; avfettning och avl\u00e4gsnande av damm fr\u00e5n metallytor, <br \/>\n&#8211; f\u00f6r att ta bort vax och harts fr\u00e5n tr\u00e4, <br \/>\n&#8211; utsp\u00e4dning av f\u00e4rg och reng\u00f6ringsverktyg, <br \/>\n&#8211; att ta bort rester av gammal nitroemalj, nitroskikt och torkat nitro- och oljef\u00e4rgmaterial fr\u00e5n ytan, <br \/>\n&#8211; anv\u00e4nds i bilverkst\u00e4der f\u00f6r att avfetta metall f\u00f6re bel\u00e4ggning, f\u00f6r att tv\u00e4tta sprutpistoler och annan utrustning efter anv\u00e4ndning av f\u00e4rger och lacker. <\/p>\n<p> <strong> Lagring <\/strong> <br \/>\nF\u00f6rvara produkten vid en temperatur mellan 0 \u00b0 C och 35 \u00b0 C och uts\u00e4tt den inte f\u00f6r direkt solljus. <\/p>\n<p> <strong> Funktioner: <\/strong> <br \/>\nDensitet: vid en temperatur av 20 grader &#8211; 0,85 g \/ cm3 + -0,05 <br \/>\nF\u00e4rg &#8211; f\u00e4rgl\u00f6s v\u00e4tska <\/p>\n","protected":false},"excerpt":{"rendered":"<p>NT-5000 Nitro Thinner \u00e4r en blandning av olika flyktiga organiska v\u00e4tskor (6 komponenter). MasterChem producerar detta l\u00f6sningsmedel direkt. Kv\u00e4vel\u00f6sningsmedlet \u00e4r en f\u00e4rgl\u00f6s eller n\u00e5got gulaktig v\u00e4tska med en karakteristisk lukt. Det anv\u00e4nds i produktion och vardag f\u00f6r att sp\u00e4da ut f\u00e4rger och lacker och g\u00f6ra dem fungerande konsistens.<\/p>\n","protected":false},"featured_media":6372,"template":"","meta":[],"product_brand":[],"product_cat":[108,111,112,113,114,116,104,105,106],"product_tag":[],"class_list":{"0":"post-7434","1":"product","2":"type-product","3":"status-publish","4":"has-post-thumbnail","6":"product_cat-metallkemikalier","7":"product_cat-trabearbetningskemikalier","8":"product_cat-byggbranschen","9":"product_cat-vaggmalning","10":"product_cat-typografiska-kemikalier","11":"product_cat-alla-produkter","12":"product_cat-bil-och-maskinkemikalier","13":"product_cat-hushallskemikalier-sv","14":"product_cat-lakemedelsindustri","16":"first","17":"instock","18":"taxable","19":"shipping-taxable","20":"purchasable","21":"product-type-variable","22":"has-default-attributes","23":"rtwpvg-product"},"yoast_head":"<!-- This site is optimized with the Yoast SEO plugin v27.2 - https:\/\/yoast.com\/product\/yoast-seo-wordpress\/ -->\n<title>Nitro tunnare NT-5000 - MasterChem | kemikaalien tuotanto ja myynti<\/title>\n<meta name=\"description\" content=\"NT-5000 Nitro Thinner \u00e4r en blandning av olika flyktiga organiska v\u00e4tskor (6 komponenter). MasterChem producerar detta l\u00f6sningsmedel direkt. Kv\u00e4vel\u00f6sningsmedlet \u00e4r en f\u00e4rgl\u00f6s eller n\u00e5got gulaktig v\u00e4tska med en karakteristisk lukt.\" \/>\n<meta name=\"robots\" content=\"index, follow, max-snippet:-1, max-image-preview:large, max-video-preview:-1\" \/>\n<link rel=\"canonical\" href=\"https:\/\/masterchem.fi\/sv\/produkt\/nitro-tunnare-nt-5000\/\" \/>\n<meta property=\"og:locale\" content=\"sv_SE\" \/>\n<meta property=\"og:type\" content=\"article\" \/>\n<meta property=\"og:title\" content=\"Nitro tunnare NT-5000 - MasterChem | kemikaalien tuotanto ja myynti\" \/>\n<meta property=\"og:description\" content=\"NT-5000 Nitro Thinner \u00e4r en blandning av olika flyktiga organiska v\u00e4tskor (6 komponenter). MasterChem producerar detta l\u00f6sningsmedel direkt. Kv\u00e4vel\u00f6sningsmedlet \u00e4r en f\u00e4rgl\u00f6s eller n\u00e5got gulaktig v\u00e4tska med en karakteristisk lukt.\" \/>\n<meta property=\"og:url\" content=\"https:\/\/masterchem.fi\/sv\/produkt\/nitro-tunnare-nt-5000\/\" \/>\n<meta property=\"og:site_name\" content=\"MasterChem | kemikaalien tuotanto ja myynti\" \/>\n<meta name=\"twitter:card\" content=\"summary_large_image\" \/>\n<meta name=\"twitter:label1\" content=\"Ber\u00e4knad l\u00e4stid\" \/>\n\t<meta name=\"twitter:data1\" content=\"1 minut\" \/>\n<script type=\"application\/ld+json\" class=\"yoast-schema-graph\">{\"@context\":\"https:\/\/schema.org\",\"@graph\":[{\"@type\":\"WebPage\",\"@id\":\"https:\/\/masterchem.fi\/sv\/produkt\/nitro-tunnare-nt-5000\/\",\"url\":\"https:\/\/masterchem.fi\/sv\/produkt\/nitro-tunnare-nt-5000\/\",\"name\":\"Nitro tunnare NT-5000 - MasterChem | kemikaalien tuotanto ja myynti\",\"isPartOf\":{\"@id\":\"https:\/\/masterchem.fi\/sv\/#website\"},\"primaryImageOfPage\":{\"@id\":\"https:\/\/masterchem.fi\/sv\/produkt\/nitro-tunnare-nt-5000\/#primaryimage\"},\"image\":{\"@id\":\"https:\/\/masterchem.fi\/sv\/produkt\/nitro-tunnare-nt-5000\/#primaryimage\"},\"thumbnailUrl\":\"https:\/\/masterchem.fi\/wp-content\/uploads\/2019\/06\/Nitro-Thinner-NT-5000-1000l-MaterChem.jpg\",\"datePublished\":\"2019-06-01T00:09:29+00:00\",\"description\":\"NT-5000 Nitro Thinner \u00e4r en blandning av olika flyktiga organiska v\u00e4tskor (6 komponenter). MasterChem producerar detta l\u00f6sningsmedel direkt. Kv\u00e4vel\u00f6sningsmedlet \u00e4r en f\u00e4rgl\u00f6s eller n\u00e5got gulaktig v\u00e4tska med en karakteristisk lukt.\",\"breadcrumb\":{\"@id\":\"https:\/\/masterchem.fi\/sv\/produkt\/nitro-tunnare-nt-5000\/#breadcrumb\"},\"inLanguage\":\"sv-SE\",\"potentialAction\":[{\"@type\":\"ReadAction\",\"target\":[\"https:\/\/masterchem.fi\/sv\/produkt\/nitro-tunnare-nt-5000\/\"]}]},{\"@type\":\"ImageObject\",\"inLanguage\":\"sv-SE\",\"@id\":\"https:\/\/masterchem.fi\/sv\/produkt\/nitro-tunnare-nt-5000\/#primaryimage\",\"url\":\"https:\/\/masterchem.fi\/wp-content\/uploads\/2019\/06\/Nitro-Thinner-NT-5000-1000l-MaterChem.jpg\",\"contentUrl\":\"https:\/\/masterchem.fi\/wp-content\/uploads\/2019\/06\/Nitro-Thinner-NT-5000-1000l-MaterChem.jpg\",\"width\":1000,\"height\":1000,\"caption\":\"Nitro Thinner NT-5000 1000l MaterChem\"},{\"@type\":\"BreadcrumbList\",\"@id\":\"https:\/\/masterchem.fi\/sv\/produkt\/nitro-tunnare-nt-5000\/#breadcrumb\",\"itemListElement\":[{\"@type\":\"ListItem\",\"position\":1,\"name\":\"Home\",\"item\":\"https:\/\/masterchem.fi\/sv\/\"},{\"@type\":\"ListItem\",\"position\":2,\"name\":\"Butik\",\"item\":\"https:\/\/masterchem.fi\/sv\/butik\/\"},{\"@type\":\"ListItem\",\"position\":3,\"name\":\"Nitro tunnare NT-5000\"}]},{\"@type\":\"WebSite\",\"@id\":\"https:\/\/masterchem.fi\/sv\/#website\",\"url\":\"https:\/\/masterchem.fi\/sv\/\",\"name\":\"MasterChem | kemikaalien tuotanto ja myynti\",\"description\":\"kemikaalien tuotanto ja myynti\",\"potentialAction\":[{\"@type\":\"SearchAction\",\"target\":{\"@type\":\"EntryPoint\",\"urlTemplate\":\"https:\/\/masterchem.fi\/sv\/?s={search_term_string}\"},\"query-input\":{\"@type\":\"PropertyValueSpecification\",\"valueRequired\":true,\"valueName\":\"search_term_string\"}}],\"inLanguage\":\"sv-SE\"}]}<\/script>\n<!-- \/ Yoast SEO plugin. -->","yoast_head_json":{"title":"Nitro tunnare NT-5000 - MasterChem | kemikaalien tuotanto ja myynti","description":"NT-5000 Nitro Thinner \u00e4r en blandning av olika flyktiga organiska v\u00e4tskor (6 komponenter). MasterChem producerar detta l\u00f6sningsmedel direkt. Kv\u00e4vel\u00f6sningsmedlet \u00e4r en f\u00e4rgl\u00f6s eller n\u00e5got gulaktig v\u00e4tska med en karakteristisk lukt.","robots":{"index":"index","follow":"follow","max-snippet":"max-snippet:-1","max-image-preview":"max-image-preview:large","max-video-preview":"max-video-preview:-1"},"canonical":"https:\/\/masterchem.fi\/sv\/produkt\/nitro-tunnare-nt-5000\/","og_locale":"sv_SE","og_type":"article","og_title":"Nitro tunnare NT-5000 - MasterChem | kemikaalien tuotanto ja myynti","og_description":"NT-5000 Nitro Thinner \u00e4r en blandning av olika flyktiga organiska v\u00e4tskor (6 komponenter). MasterChem producerar detta l\u00f6sningsmedel direkt. Kv\u00e4vel\u00f6sningsmedlet \u00e4r en f\u00e4rgl\u00f6s eller n\u00e5got gulaktig v\u00e4tska med en karakteristisk lukt.","og_url":"https:\/\/masterchem.fi\/sv\/produkt\/nitro-tunnare-nt-5000\/","og_site_name":"MasterChem | kemikaalien tuotanto ja myynti","twitter_card":"summary_large_image","twitter_misc":{"Ber\u00e4knad l\u00e4stid":"1 minut"},"schema":{"@context":"https:\/\/schema.org","@graph":[{"@type":"WebPage","@id":"https:\/\/masterchem.fi\/sv\/produkt\/nitro-tunnare-nt-5000\/","url":"https:\/\/masterchem.fi\/sv\/produkt\/nitro-tunnare-nt-5000\/","name":"Nitro tunnare NT-5000 - MasterChem | kemikaalien tuotanto ja myynti","isPartOf":{"@id":"https:\/\/masterchem.fi\/sv\/#website"},"primaryImageOfPage":{"@id":"https:\/\/masterchem.fi\/sv\/produkt\/nitro-tunnare-nt-5000\/#primaryimage"},"image":{"@id":"https:\/\/masterchem.fi\/sv\/produkt\/nitro-tunnare-nt-5000\/#primaryimage"},"thumbnailUrl":"https:\/\/masterchem.fi\/wp-content\/uploads\/2019\/06\/Nitro-Thinner-NT-5000-1000l-MaterChem.jpg","datePublished":"2019-06-01T00:09:29+00:00","description":"NT-5000 Nitro Thinner \u00e4r en blandning av olika flyktiga organiska v\u00e4tskor (6 komponenter). MasterChem producerar detta l\u00f6sningsmedel direkt. Kv\u00e4vel\u00f6sningsmedlet \u00e4r en f\u00e4rgl\u00f6s eller n\u00e5got gulaktig v\u00e4tska med en karakteristisk lukt.","breadcrumb":{"@id":"https:\/\/masterchem.fi\/sv\/produkt\/nitro-tunnare-nt-5000\/#breadcrumb"},"inLanguage":"sv-SE","potentialAction":[{"@type":"ReadAction","target":["https:\/\/masterchem.fi\/sv\/produkt\/nitro-tunnare-nt-5000\/"]}]},{"@type":"ImageObject","inLanguage":"sv-SE","@id":"https:\/\/masterchem.fi\/sv\/produkt\/nitro-tunnare-nt-5000\/#primaryimage","url":"https:\/\/masterchem.fi\/wp-content\/uploads\/2019\/06\/Nitro-Thinner-NT-5000-1000l-MaterChem.jpg","contentUrl":"https:\/\/masterchem.fi\/wp-content\/uploads\/2019\/06\/Nitro-Thinner-NT-5000-1000l-MaterChem.jpg","width":1000,"height":1000,"caption":"Nitro Thinner NT-5000 1000l MaterChem"},{"@type":"BreadcrumbList","@id":"https:\/\/masterchem.fi\/sv\/produkt\/nitro-tunnare-nt-5000\/#breadcrumb","itemListElement":[{"@type":"ListItem","position":1,"name":"Home","item":"https:\/\/masterchem.fi\/sv\/"},{"@type":"ListItem","position":2,"name":"Butik","item":"https:\/\/masterchem.fi\/sv\/butik\/"},{"@type":"ListItem","position":3,"name":"Nitro tunnare NT-5000"}]},{"@type":"WebSite","@id":"https:\/\/masterchem.fi\/sv\/#website","url":"https:\/\/masterchem.fi\/sv\/","name":"MasterChem | kemikaalien tuotanto ja myynti","description":"kemikaalien tuotanto ja myynti","potentialAction":[{"@type":"SearchAction","target":{"@type":"EntryPoint","urlTemplate":"https:\/\/masterchem.fi\/sv\/?s={search_term_string}"},"query-input":{"@type":"PropertyValueSpecification","valueRequired":true,"valueName":"search_term_string"}}],"inLanguage":"sv-SE"}]}},"_links":{"self":[{"href":"https:\/\/masterchem.fi\/sv\/wp-json\/wp\/v2\/product\/7434","targetHints":{"allow":["GET"]}}],"collection":[{"href":"https:\/\/masterchem.fi\/sv\/wp-json\/wp\/v2\/product"}],"about":[{"href":"https:\/\/masterchem.fi\/sv\/wp-json\/wp\/v2\/types\/product"}],"wp:featuredmedia":[{"embeddable":true,"href":"https:\/\/masterchem.fi\/sv\/wp-json\/wp\/v2\/media\/6372"}],"wp:attachment":[{"href":"https:\/\/masterchem.fi\/sv\/wp-json\/wp\/v2\/media?parent=7434"}],"wp:term":[{"taxonomy":"product_brand","embeddable":true,"href":"https:\/\/masterchem.fi\/sv\/wp-json\/wp\/v2\/product_brand?post=7434"},{"taxonomy":"product_cat","embeddable":true,"href":"https:\/\/masterchem.fi\/sv\/wp-json\/wp\/v2\/product_cat?post=7434"},{"taxonomy":"product_tag","embeddable":true,"href":"https:\/\/masterchem.fi\/sv\/wp-json\/wp\/v2\/product_tag?post=7434"}],"curies":[{"name":"wp","href":"https:\/\/api.w.org\/{rel}","templated":true}]}}