{"id":7443,"date":"2017-04-18T07:05:22","date_gmt":"2017-04-18T04:05:22","guid":{"rendered":"https:\/\/masterchem.fi\/product\/dietylenglykol\/"},"modified":"2022-04-19T13:10:39","modified_gmt":"2022-04-19T10:10:39","slug":"dietylenglykol-cas-111-46-6","status":"publish","type":"product","link":"https:\/\/masterchem.fi\/sv\/produkt\/dietylenglykol-cas-111-46-6\/","title":{"rendered":"Dietylenglykol (CAS 111-46-6)"},"content":{"rendered":"<p>Liksom etylenglykol anv\u00e4nds dietylenglykol som frostskyddsmedel. Dietylenglykol anv\u00e4nds ocks\u00e5 som l\u00f6sningsmedel, som utg\u00e5ngsmaterial f\u00f6r vissa organiska f\u00f6reningar och i kosmetiska produkter. <\/p>\n<p style = \"text-align: justify;\"> Dietylenglykol har ocks\u00e5 anv\u00e4nts som en ers\u00e4ttning eller f\u00f6rfalskning av glycerol och propylenglykol, \u00e4ven i tandkr\u00e4mer. <\/p>\n<p> <strong> Taggar <\/strong> <br \/>\nCAS-nummer: 111-46-6 <br \/>\nIUPAC-namn: (2-hydroxietoxi) etan-2-ol <br \/>\n<strong> Funktioner <\/strong> <br \/>\nKemisk formel: C4H10O3 <br \/>\nMolekylvikt: 106,12 g \/ mol g \/ mol <br \/>\nDensitet: 1,118 g \/ cm\u00b3 <br \/>\nSm\u00e4ltpunkt: \u221210,45 \u00b0 C (262,7 K) <br \/>\nKokpunkt: 244-245 \u00b0 C <\/p>\n","protected":false},"excerpt":{"rendered":"<p> <b> Andra namn: dietylenglykol, (2-hydroxietoxi) etan-2-ol <\/b> <\/p>\n<p> Dietylenglykol (DEG) \u00e4r en organisk f\u00f6rening med strukturformeln HO-CH <sub> 2 <\/sub> -CH <sub> 2 <\/sub> -O-CH <sub> 2 <\/sub> -CH < sub> 2 <\/sub> -OH. Dietylenglykol \u00e4r en klar, hygroskopisk, luktfri v\u00e4tska som \u00e4r l\u00f6slig i vatten och pol\u00e4ra organiska l\u00f6sningsmedel som alkoholer och etrar. <\/p>\n<p> Dietylenglykol tillh\u00f6r dioler (kolv\u00e4ten som inneh\u00e5ller tv\u00e5 alkoholgrupper) <\/p>\n","protected":false},"featured_media":5858,"template":"","meta":[],"product_brand":[],"product_cat":[112,116,103,104,105],"product_tag":[],"class_list":{"0":"post-7443","1":"product","2":"type-product","3":"status-publish","4":"has-post-thumbnail","6":"product_cat-byggbranschen","7":"product_cat-alla-produkter","8":"product_cat-frostskydd","9":"product_cat-bil-och-maskinkemikalier","10":"product_cat-hushallskemikalier-sv","12":"first","13":"instock","14":"taxable","15":"shipping-taxable","16":"purchasable","17":"product-type-variable","18":"has-default-attributes","19":"rtwpvg-product"},"yoast_head":"<!-- This site is optimized with the Yoast SEO plugin v27.2 - https:\/\/yoast.com\/product\/yoast-seo-wordpress\/ -->\n<title>Dietylenglykol (CAS 111-46-6) - MasterChem | kemikaalien tuotanto ja myynti<\/title>\n<meta name=\"description\" content=\"Dietylenglykol (DEG) \u00e4r en organisk f\u00f6rening med strukturformeln HO-CH2-CH2-O-CH2-CH2-OH. Dietylenglykol \u00e4r en klar hygroskopisk luktfri v\u00e4tska som \u00e4r l\u00f6slig i vatten och pol\u00e4ra organiska l\u00f6sningsmedel som alkoholer och etrar.\" \/>\n<meta name=\"robots\" content=\"index, follow, max-snippet:-1, max-image-preview:large, max-video-preview:-1\" \/>\n<link rel=\"canonical\" href=\"https:\/\/masterchem.fi\/sv\/produkt\/dietylenglykol-cas-111-46-6\/\" \/>\n<meta property=\"og:locale\" content=\"sv_SE\" \/>\n<meta property=\"og:type\" content=\"article\" \/>\n<meta property=\"og:title\" content=\"Dietylenglykol (CAS 111-46-6) - MasterChem | kemikaalien tuotanto ja myynti\" \/>\n<meta property=\"og:description\" content=\"Dietylenglykol (DEG) \u00e4r en organisk f\u00f6rening med strukturformeln HO-CH2-CH2-O-CH2-CH2-OH. Dietylenglykol \u00e4r en klar hygroskopisk luktfri v\u00e4tska som \u00e4r l\u00f6slig i vatten och pol\u00e4ra organiska l\u00f6sningsmedel som alkoholer och etrar.\" \/>\n<meta property=\"og:url\" content=\"https:\/\/masterchem.fi\/sv\/produkt\/dietylenglykol-cas-111-46-6\/\" \/>\n<meta property=\"og:site_name\" content=\"MasterChem | kemikaalien tuotanto ja myynti\" \/>\n<meta property=\"article:modified_time\" content=\"2022-04-19T10:10:39+00:00\" \/>\n<meta name=\"twitter:card\" content=\"summary_large_image\" \/>\n<script type=\"application\/ld+json\" class=\"yoast-schema-graph\">{\"@context\":\"https:\/\/schema.org\",\"@graph\":[{\"@type\":\"WebPage\",\"@id\":\"https:\/\/masterchem.fi\/sv\/produkt\/dietylenglykol-cas-111-46-6\/\",\"url\":\"https:\/\/masterchem.fi\/sv\/produkt\/dietylenglykol-cas-111-46-6\/\",\"name\":\"Dietylenglykol (CAS 111-46-6) - MasterChem | kemikaalien tuotanto ja myynti\",\"isPartOf\":{\"@id\":\"https:\/\/masterchem.fi\/sv\/#website\"},\"primaryImageOfPage\":{\"@id\":\"https:\/\/masterchem.fi\/sv\/produkt\/dietylenglykol-cas-111-46-6\/#primaryimage\"},\"image\":{\"@id\":\"https:\/\/masterchem.fi\/sv\/produkt\/dietylenglykol-cas-111-46-6\/#primaryimage\"},\"thumbnailUrl\":\"https:\/\/masterchem.fi\/wp-content\/uploads\/2017\/04\/Dietyleeniglykoli-1000l-MasterChem.jpg\",\"datePublished\":\"2017-04-18T04:05:22+00:00\",\"dateModified\":\"2022-04-19T10:10:39+00:00\",\"description\":\"Dietylenglykol (DEG) \u00e4r en organisk f\u00f6rening med strukturformeln HO-CH2-CH2-O-CH2-CH2-OH. Dietylenglykol \u00e4r en klar hygroskopisk luktfri v\u00e4tska som \u00e4r l\u00f6slig i vatten och pol\u00e4ra organiska l\u00f6sningsmedel som alkoholer och etrar.\",\"breadcrumb\":{\"@id\":\"https:\/\/masterchem.fi\/sv\/produkt\/dietylenglykol-cas-111-46-6\/#breadcrumb\"},\"inLanguage\":\"sv-SE\",\"potentialAction\":[{\"@type\":\"ReadAction\",\"target\":[\"https:\/\/masterchem.fi\/sv\/produkt\/dietylenglykol-cas-111-46-6\/\"]}]},{\"@type\":\"ImageObject\",\"inLanguage\":\"sv-SE\",\"@id\":\"https:\/\/masterchem.fi\/sv\/produkt\/dietylenglykol-cas-111-46-6\/#primaryimage\",\"url\":\"https:\/\/masterchem.fi\/wp-content\/uploads\/2017\/04\/Dietyleeniglykoli-1000l-MasterChem.jpg\",\"contentUrl\":\"https:\/\/masterchem.fi\/wp-content\/uploads\/2017\/04\/Dietyleeniglykoli-1000l-MasterChem.jpg\",\"width\":1000,\"height\":1000,\"caption\":\"Dietyleeniglykoli 1000l MaterChem\"},{\"@type\":\"BreadcrumbList\",\"@id\":\"https:\/\/masterchem.fi\/sv\/produkt\/dietylenglykol-cas-111-46-6\/#breadcrumb\",\"itemListElement\":[{\"@type\":\"ListItem\",\"position\":1,\"name\":\"Home\",\"item\":\"https:\/\/masterchem.fi\/sv\/\"},{\"@type\":\"ListItem\",\"position\":2,\"name\":\"Butik\",\"item\":\"https:\/\/masterchem.fi\/sv\/butik\/\"},{\"@type\":\"ListItem\",\"position\":3,\"name\":\"Dietylenglykol (CAS 111-46-6)\"}]},{\"@type\":\"WebSite\",\"@id\":\"https:\/\/masterchem.fi\/sv\/#website\",\"url\":\"https:\/\/masterchem.fi\/sv\/\",\"name\":\"MasterChem | kemikaalien tuotanto ja myynti\",\"description\":\"kemikaalien tuotanto ja myynti\",\"potentialAction\":[{\"@type\":\"SearchAction\",\"target\":{\"@type\":\"EntryPoint\",\"urlTemplate\":\"https:\/\/masterchem.fi\/sv\/?s={search_term_string}\"},\"query-input\":{\"@type\":\"PropertyValueSpecification\",\"valueRequired\":true,\"valueName\":\"search_term_string\"}}],\"inLanguage\":\"sv-SE\"}]}<\/script>\n<!-- \/ Yoast SEO plugin. -->","yoast_head_json":{"title":"Dietylenglykol (CAS 111-46-6) - MasterChem | kemikaalien tuotanto ja myynti","description":"Dietylenglykol (DEG) \u00e4r en organisk f\u00f6rening med strukturformeln HO-CH2-CH2-O-CH2-CH2-OH. Dietylenglykol \u00e4r en klar hygroskopisk luktfri v\u00e4tska som \u00e4r l\u00f6slig i vatten och pol\u00e4ra organiska l\u00f6sningsmedel som alkoholer och etrar.","robots":{"index":"index","follow":"follow","max-snippet":"max-snippet:-1","max-image-preview":"max-image-preview:large","max-video-preview":"max-video-preview:-1"},"canonical":"https:\/\/masterchem.fi\/sv\/produkt\/dietylenglykol-cas-111-46-6\/","og_locale":"sv_SE","og_type":"article","og_title":"Dietylenglykol (CAS 111-46-6) - MasterChem | kemikaalien tuotanto ja myynti","og_description":"Dietylenglykol (DEG) \u00e4r en organisk f\u00f6rening med strukturformeln HO-CH2-CH2-O-CH2-CH2-OH. Dietylenglykol \u00e4r en klar hygroskopisk luktfri v\u00e4tska som \u00e4r l\u00f6slig i vatten och pol\u00e4ra organiska l\u00f6sningsmedel som alkoholer och etrar.","og_url":"https:\/\/masterchem.fi\/sv\/produkt\/dietylenglykol-cas-111-46-6\/","og_site_name":"MasterChem | kemikaalien tuotanto ja myynti","article_modified_time":"2022-04-19T10:10:39+00:00","twitter_card":"summary_large_image","schema":{"@context":"https:\/\/schema.org","@graph":[{"@type":"WebPage","@id":"https:\/\/masterchem.fi\/sv\/produkt\/dietylenglykol-cas-111-46-6\/","url":"https:\/\/masterchem.fi\/sv\/produkt\/dietylenglykol-cas-111-46-6\/","name":"Dietylenglykol (CAS 111-46-6) - MasterChem | kemikaalien tuotanto ja myynti","isPartOf":{"@id":"https:\/\/masterchem.fi\/sv\/#website"},"primaryImageOfPage":{"@id":"https:\/\/masterchem.fi\/sv\/produkt\/dietylenglykol-cas-111-46-6\/#primaryimage"},"image":{"@id":"https:\/\/masterchem.fi\/sv\/produkt\/dietylenglykol-cas-111-46-6\/#primaryimage"},"thumbnailUrl":"https:\/\/masterchem.fi\/wp-content\/uploads\/2017\/04\/Dietyleeniglykoli-1000l-MasterChem.jpg","datePublished":"2017-04-18T04:05:22+00:00","dateModified":"2022-04-19T10:10:39+00:00","description":"Dietylenglykol (DEG) \u00e4r en organisk f\u00f6rening med strukturformeln HO-CH2-CH2-O-CH2-CH2-OH. Dietylenglykol \u00e4r en klar hygroskopisk luktfri v\u00e4tska som \u00e4r l\u00f6slig i vatten och pol\u00e4ra organiska l\u00f6sningsmedel som alkoholer och etrar.","breadcrumb":{"@id":"https:\/\/masterchem.fi\/sv\/produkt\/dietylenglykol-cas-111-46-6\/#breadcrumb"},"inLanguage":"sv-SE","potentialAction":[{"@type":"ReadAction","target":["https:\/\/masterchem.fi\/sv\/produkt\/dietylenglykol-cas-111-46-6\/"]}]},{"@type":"ImageObject","inLanguage":"sv-SE","@id":"https:\/\/masterchem.fi\/sv\/produkt\/dietylenglykol-cas-111-46-6\/#primaryimage","url":"https:\/\/masterchem.fi\/wp-content\/uploads\/2017\/04\/Dietyleeniglykoli-1000l-MasterChem.jpg","contentUrl":"https:\/\/masterchem.fi\/wp-content\/uploads\/2017\/04\/Dietyleeniglykoli-1000l-MasterChem.jpg","width":1000,"height":1000,"caption":"Dietyleeniglykoli 1000l MaterChem"},{"@type":"BreadcrumbList","@id":"https:\/\/masterchem.fi\/sv\/produkt\/dietylenglykol-cas-111-46-6\/#breadcrumb","itemListElement":[{"@type":"ListItem","position":1,"name":"Home","item":"https:\/\/masterchem.fi\/sv\/"},{"@type":"ListItem","position":2,"name":"Butik","item":"https:\/\/masterchem.fi\/sv\/butik\/"},{"@type":"ListItem","position":3,"name":"Dietylenglykol (CAS 111-46-6)"}]},{"@type":"WebSite","@id":"https:\/\/masterchem.fi\/sv\/#website","url":"https:\/\/masterchem.fi\/sv\/","name":"MasterChem | kemikaalien tuotanto ja myynti","description":"kemikaalien tuotanto ja myynti","potentialAction":[{"@type":"SearchAction","target":{"@type":"EntryPoint","urlTemplate":"https:\/\/masterchem.fi\/sv\/?s={search_term_string}"},"query-input":{"@type":"PropertyValueSpecification","valueRequired":true,"valueName":"search_term_string"}}],"inLanguage":"sv-SE"}]}},"_links":{"self":[{"href":"https:\/\/masterchem.fi\/sv\/wp-json\/wp\/v2\/product\/7443","targetHints":{"allow":["GET"]}}],"collection":[{"href":"https:\/\/masterchem.fi\/sv\/wp-json\/wp\/v2\/product"}],"about":[{"href":"https:\/\/masterchem.fi\/sv\/wp-json\/wp\/v2\/types\/product"}],"wp:featuredmedia":[{"embeddable":true,"href":"https:\/\/masterchem.fi\/sv\/wp-json\/wp\/v2\/media\/5858"}],"wp:attachment":[{"href":"https:\/\/masterchem.fi\/sv\/wp-json\/wp\/v2\/media?parent=7443"}],"wp:term":[{"taxonomy":"product_brand","embeddable":true,"href":"https:\/\/masterchem.fi\/sv\/wp-json\/wp\/v2\/product_brand?post=7443"},{"taxonomy":"product_cat","embeddable":true,"href":"https:\/\/masterchem.fi\/sv\/wp-json\/wp\/v2\/product_cat?post=7443"},{"taxonomy":"product_tag","embeddable":true,"href":"https:\/\/masterchem.fi\/sv\/wp-json\/wp\/v2\/product_tag?post=7443"}],"curies":[{"name":"wp","href":"https:\/\/api.w.org\/{rel}","templated":true}]}}