{"id":7452,"date":"2017-04-18T07:07:15","date_gmt":"2017-04-18T04:07:15","guid":{"rendered":"https:\/\/masterchem.fi\/product\/dipropylenglykol\/"},"modified":"2022-04-19T13:13:46","modified_gmt":"2022-04-19T10:13:46","slug":"dipropylenglykol-cas-110-98-5","status":"publish","type":"product","link":"https:\/\/masterchem.fi\/sv\/produkt\/dipropylenglykol-cas-110-98-5\/","title":{"rendered":"Dipropylenglykol (CAS 110-98-5)"},"content":{"rendered":"<p>Dipropylenglykol finner m\u00e5nga anv\u00e4ndningsomr\u00e5den som mjukningsmedel, som mellanprodukt i industriella kemiska reaktioner, som en polymerisationsinitiator eller som en monomer och som ett l\u00f6sningsmedel. Dess l\u00e5ga toxicitet och l\u00f6sningsmedelsegenskaper g\u00f6r den till en idealisk tillsats f\u00f6r parfymer och hud- och h\u00e5rv\u00e5rdsprodukter. Det \u00e4r ocks\u00e5 en vanlig ingrediens i kommersiell sprayv\u00e4tska som anv\u00e4nds i dimmapparater f\u00f6r underh\u00e5llningsindustrin<\/p>\n<p>&nbsp;<\/p>\n<table border=\"0\" width=\"100%\" cellspacing=\"0\" cellpadding=\"0\">\n<tbody>\n<tr class=\"firstRow\">\n<td colspan=\"3\" width=\"621\">Typiskt analyscertifikat<\/td>\n<\/tr>\n<tr>\n<td width=\"222\">Produkter<\/td>\n<td width=\"212\">Standard Definition<\/td>\n<td width=\"187\">Testresultat<\/td>\n<\/tr>\n<tr>\n<td width=\"222\">Utseende<\/td>\n<td width=\"212\">Klar och transparent v\u00e4tska<br \/>\nluktfri<\/td>\n<td width=\"187\">Klar och transparent v\u00e4tska<br \/>\nluktfri<\/td>\n<\/tr>\n<tr>\n<td width=\"222\">Inneh\u00e5ll,%<\/td>\n<td width=\"212\">99,5 Min<\/td>\n<td width=\"187\">99.75<\/td>\n<\/tr>\n<tr>\n<td width=\"222\">Fukt,%<\/td>\n<td width=\"212\">0,2 Max<\/td>\n<td width=\"187\">0,06<\/td>\n<\/tr>\n<tr>\n<td width=\"222\">Aciditet,%<\/td>\n<td width=\"212\">0,005 Max<\/td>\n<td width=\"187\">0,0012<\/td>\n<\/tr>\n<tr>\n<td width=\"222\">Avfall,%<\/td>\n<td width=\"212\">0,008 Max<\/td>\n<td width=\"187\">0,0018<\/td>\n<\/tr>\n<tr>\n<td width=\"222\">Klorid, PPM<\/td>\n<td width=\"212\">5 Max<\/td>\n<td width=\"187\">1<\/td>\n<\/tr>\n<tr>\n<td width=\"222\">Densitet (20 \u00b0 C), g \/ cm3<\/td>\n<td width=\"212\">1,0210-+1,0250<\/td>\n<td width=\"187\">1,025<\/td>\n<\/tr>\n<tr>\n<td width=\"222\">F\u00e4rg, Pt-co<\/td>\n<td width=\"212\">10-20<\/td>\n<td width=\"187\">15<\/td>\n<\/tr>\n<tr>\n<td width=\"222\">Brytningsindex<\/td>\n<td width=\"212\">1,4380-+1,4400<\/td>\n<td width=\"187\">1,439<\/td>\n<\/tr>\n<tr>\n<td width=\"222\">Destillationszon, IBP-DP<\/td>\n<td width=\"212\">221-229<\/td>\n<td width=\"187\">Passera<\/td>\n<\/tr>\n<\/tbody>\n<\/table>\n","protected":false},"excerpt":{"rendered":"<p>4-oxa-2,6-heptandiol, 2- (2-hydroxipropoxi) -propan-1-ol och 2- (2-hydroxi-1-metyletoxi) propan- 1-olia. Det \u00e4r en f\u00e4rgl\u00f6s, n\u00e4stan luktfri v\u00e4tska med h\u00f6g kokpunkt och l\u00e5g toxicitet.<\/p>\n","protected":false},"featured_media":5883,"template":"","meta":[],"product_brand":[],"product_cat":[103,104,105,106,182,112,116],"product_tag":[],"class_list":{"0":"post-7452","1":"product","2":"type-product","3":"status-publish","4":"has-post-thumbnail","6":"product_cat-frostskydd","7":"product_cat-bil-och-maskinkemikalier","8":"product_cat-hushallskemikalier-sv","9":"product_cat-lakemedelsindustri","10":"product_cat-hortikultur","11":"product_cat-byggbranschen","12":"product_cat-alla-produkter","14":"first","15":"outofstock","16":"featured","17":"taxable","18":"shipping-taxable","19":"purchasable","20":"product-type-variable","21":"has-default-attributes","22":"rtwpvg-product"},"yoast_head":"<!-- This site is optimized with the Yoast SEO plugin v27.2 - https:\/\/yoast.com\/product\/yoast-seo-wordpress\/ -->\n<title>Dipropylenglykol (CAS 110-98-5) - MasterChem | kemikaalien tuotanto ja myynti<\/title>\n<meta name=\"description\" content=\"4-oxa-2,6-heptandiol, 2- (2-hydroxipropoxi) -propan-1-ol och 2- (2-hydroxi-1-metyletoxi) propan-1-ol. Det \u00e4r en f\u00e4rgl\u00f6s, n\u00e4stan luktfri v\u00e4tska med h\u00f6g kokpunkt och l\u00e5g toxicitet.\" \/>\n<meta name=\"robots\" content=\"index, follow, max-snippet:-1, max-image-preview:large, max-video-preview:-1\" \/>\n<link rel=\"canonical\" href=\"https:\/\/masterchem.fi\/sv\/produkt\/dipropylenglykol-cas-110-98-5\/\" \/>\n<meta property=\"og:locale\" content=\"sv_SE\" \/>\n<meta property=\"og:type\" content=\"article\" \/>\n<meta property=\"og:title\" content=\"Dipropylenglykol (CAS 110-98-5) - MasterChem | kemikaalien tuotanto ja myynti\" \/>\n<meta property=\"og:description\" content=\"4-oxa-2,6-heptandiol, 2- (2-hydroxipropoxi) -propan-1-ol och 2- (2-hydroxi-1-metyletoxi) propan-1-ol. Det \u00e4r en f\u00e4rgl\u00f6s, n\u00e4stan luktfri v\u00e4tska med h\u00f6g kokpunkt och l\u00e5g toxicitet.\" \/>\n<meta property=\"og:url\" content=\"https:\/\/masterchem.fi\/sv\/produkt\/dipropylenglykol-cas-110-98-5\/\" \/>\n<meta property=\"og:site_name\" content=\"MasterChem | kemikaalien tuotanto ja myynti\" \/>\n<meta property=\"article:modified_time\" content=\"2022-04-19T10:13:46+00:00\" \/>\n<meta name=\"twitter:card\" content=\"summary_large_image\" \/>\n<meta name=\"twitter:label1\" content=\"Ber\u00e4knad l\u00e4stid\" \/>\n\t<meta name=\"twitter:data1\" content=\"1 minut\" \/>\n<script type=\"application\/ld+json\" class=\"yoast-schema-graph\">{\"@context\":\"https:\/\/schema.org\",\"@graph\":[{\"@type\":\"WebPage\",\"@id\":\"https:\/\/masterchem.fi\/sv\/produkt\/dipropylenglykol-cas-110-98-5\/\",\"url\":\"https:\/\/masterchem.fi\/sv\/produkt\/dipropylenglykol-cas-110-98-5\/\",\"name\":\"Dipropylenglykol (CAS 110-98-5) - MasterChem | kemikaalien tuotanto ja myynti\",\"isPartOf\":{\"@id\":\"https:\/\/masterchem.fi\/sv\/#website\"},\"primaryImageOfPage\":{\"@id\":\"https:\/\/masterchem.fi\/sv\/produkt\/dipropylenglykol-cas-110-98-5\/#primaryimage\"},\"image\":{\"@id\":\"https:\/\/masterchem.fi\/sv\/produkt\/dipropylenglykol-cas-110-98-5\/#primaryimage\"},\"thumbnailUrl\":\"https:\/\/masterchem.fi\/wp-content\/uploads\/2017\/04\/Dipropyleeniglykoli-1000l-MasterChem.jpg\",\"datePublished\":\"2017-04-18T04:07:15+00:00\",\"dateModified\":\"2022-04-19T10:13:46+00:00\",\"description\":\"4-oxa-2,6-heptandiol, 2- (2-hydroxipropoxi) -propan-1-ol och 2- (2-hydroxi-1-metyletoxi) propan-1-ol. Det \u00e4r en f\u00e4rgl\u00f6s, n\u00e4stan luktfri v\u00e4tska med h\u00f6g kokpunkt och l\u00e5g toxicitet.\",\"breadcrumb\":{\"@id\":\"https:\/\/masterchem.fi\/sv\/produkt\/dipropylenglykol-cas-110-98-5\/#breadcrumb\"},\"inLanguage\":\"sv-SE\",\"potentialAction\":[{\"@type\":\"ReadAction\",\"target\":[\"https:\/\/masterchem.fi\/sv\/produkt\/dipropylenglykol-cas-110-98-5\/\"]}]},{\"@type\":\"ImageObject\",\"inLanguage\":\"sv-SE\",\"@id\":\"https:\/\/masterchem.fi\/sv\/produkt\/dipropylenglykol-cas-110-98-5\/#primaryimage\",\"url\":\"https:\/\/masterchem.fi\/wp-content\/uploads\/2017\/04\/Dipropyleeniglykoli-1000l-MasterChem.jpg\",\"contentUrl\":\"https:\/\/masterchem.fi\/wp-content\/uploads\/2017\/04\/Dipropyleeniglykoli-1000l-MasterChem.jpg\",\"width\":1000,\"height\":1000,\"caption\":\"Dipropyleeniglykoli 1000l MaterChem\"},{\"@type\":\"BreadcrumbList\",\"@id\":\"https:\/\/masterchem.fi\/sv\/produkt\/dipropylenglykol-cas-110-98-5\/#breadcrumb\",\"itemListElement\":[{\"@type\":\"ListItem\",\"position\":1,\"name\":\"Home\",\"item\":\"https:\/\/masterchem.fi\/sv\/\"},{\"@type\":\"ListItem\",\"position\":2,\"name\":\"Butik\",\"item\":\"https:\/\/masterchem.fi\/sv\/butik\/\"},{\"@type\":\"ListItem\",\"position\":3,\"name\":\"Dipropylenglykol (CAS 110-98-5)\"}]},{\"@type\":\"WebSite\",\"@id\":\"https:\/\/masterchem.fi\/sv\/#website\",\"url\":\"https:\/\/masterchem.fi\/sv\/\",\"name\":\"MasterChem | kemikaalien tuotanto ja myynti\",\"description\":\"kemikaalien tuotanto ja myynti\",\"potentialAction\":[{\"@type\":\"SearchAction\",\"target\":{\"@type\":\"EntryPoint\",\"urlTemplate\":\"https:\/\/masterchem.fi\/sv\/?s={search_term_string}\"},\"query-input\":{\"@type\":\"PropertyValueSpecification\",\"valueRequired\":true,\"valueName\":\"search_term_string\"}}],\"inLanguage\":\"sv-SE\"}]}<\/script>\n<!-- \/ Yoast SEO plugin. -->","yoast_head_json":{"title":"Dipropylenglykol (CAS 110-98-5) - MasterChem | kemikaalien tuotanto ja myynti","description":"4-oxa-2,6-heptandiol, 2- (2-hydroxipropoxi) -propan-1-ol och 2- (2-hydroxi-1-metyletoxi) propan-1-ol. Det \u00e4r en f\u00e4rgl\u00f6s, n\u00e4stan luktfri v\u00e4tska med h\u00f6g kokpunkt och l\u00e5g toxicitet.","robots":{"index":"index","follow":"follow","max-snippet":"max-snippet:-1","max-image-preview":"max-image-preview:large","max-video-preview":"max-video-preview:-1"},"canonical":"https:\/\/masterchem.fi\/sv\/produkt\/dipropylenglykol-cas-110-98-5\/","og_locale":"sv_SE","og_type":"article","og_title":"Dipropylenglykol (CAS 110-98-5) - MasterChem | kemikaalien tuotanto ja myynti","og_description":"4-oxa-2,6-heptandiol, 2- (2-hydroxipropoxi) -propan-1-ol och 2- (2-hydroxi-1-metyletoxi) propan-1-ol. Det \u00e4r en f\u00e4rgl\u00f6s, n\u00e4stan luktfri v\u00e4tska med h\u00f6g kokpunkt och l\u00e5g toxicitet.","og_url":"https:\/\/masterchem.fi\/sv\/produkt\/dipropylenglykol-cas-110-98-5\/","og_site_name":"MasterChem | kemikaalien tuotanto ja myynti","article_modified_time":"2022-04-19T10:13:46+00:00","twitter_card":"summary_large_image","twitter_misc":{"Ber\u00e4knad l\u00e4stid":"1 minut"},"schema":{"@context":"https:\/\/schema.org","@graph":[{"@type":"WebPage","@id":"https:\/\/masterchem.fi\/sv\/produkt\/dipropylenglykol-cas-110-98-5\/","url":"https:\/\/masterchem.fi\/sv\/produkt\/dipropylenglykol-cas-110-98-5\/","name":"Dipropylenglykol (CAS 110-98-5) - MasterChem | kemikaalien tuotanto ja myynti","isPartOf":{"@id":"https:\/\/masterchem.fi\/sv\/#website"},"primaryImageOfPage":{"@id":"https:\/\/masterchem.fi\/sv\/produkt\/dipropylenglykol-cas-110-98-5\/#primaryimage"},"image":{"@id":"https:\/\/masterchem.fi\/sv\/produkt\/dipropylenglykol-cas-110-98-5\/#primaryimage"},"thumbnailUrl":"https:\/\/masterchem.fi\/wp-content\/uploads\/2017\/04\/Dipropyleeniglykoli-1000l-MasterChem.jpg","datePublished":"2017-04-18T04:07:15+00:00","dateModified":"2022-04-19T10:13:46+00:00","description":"4-oxa-2,6-heptandiol, 2- (2-hydroxipropoxi) -propan-1-ol och 2- (2-hydroxi-1-metyletoxi) propan-1-ol. Det \u00e4r en f\u00e4rgl\u00f6s, n\u00e4stan luktfri v\u00e4tska med h\u00f6g kokpunkt och l\u00e5g toxicitet.","breadcrumb":{"@id":"https:\/\/masterchem.fi\/sv\/produkt\/dipropylenglykol-cas-110-98-5\/#breadcrumb"},"inLanguage":"sv-SE","potentialAction":[{"@type":"ReadAction","target":["https:\/\/masterchem.fi\/sv\/produkt\/dipropylenglykol-cas-110-98-5\/"]}]},{"@type":"ImageObject","inLanguage":"sv-SE","@id":"https:\/\/masterchem.fi\/sv\/produkt\/dipropylenglykol-cas-110-98-5\/#primaryimage","url":"https:\/\/masterchem.fi\/wp-content\/uploads\/2017\/04\/Dipropyleeniglykoli-1000l-MasterChem.jpg","contentUrl":"https:\/\/masterchem.fi\/wp-content\/uploads\/2017\/04\/Dipropyleeniglykoli-1000l-MasterChem.jpg","width":1000,"height":1000,"caption":"Dipropyleeniglykoli 1000l MaterChem"},{"@type":"BreadcrumbList","@id":"https:\/\/masterchem.fi\/sv\/produkt\/dipropylenglykol-cas-110-98-5\/#breadcrumb","itemListElement":[{"@type":"ListItem","position":1,"name":"Home","item":"https:\/\/masterchem.fi\/sv\/"},{"@type":"ListItem","position":2,"name":"Butik","item":"https:\/\/masterchem.fi\/sv\/butik\/"},{"@type":"ListItem","position":3,"name":"Dipropylenglykol (CAS 110-98-5)"}]},{"@type":"WebSite","@id":"https:\/\/masterchem.fi\/sv\/#website","url":"https:\/\/masterchem.fi\/sv\/","name":"MasterChem | kemikaalien tuotanto ja myynti","description":"kemikaalien tuotanto ja myynti","potentialAction":[{"@type":"SearchAction","target":{"@type":"EntryPoint","urlTemplate":"https:\/\/masterchem.fi\/sv\/?s={search_term_string}"},"query-input":{"@type":"PropertyValueSpecification","valueRequired":true,"valueName":"search_term_string"}}],"inLanguage":"sv-SE"}]}},"_links":{"self":[{"href":"https:\/\/masterchem.fi\/sv\/wp-json\/wp\/v2\/product\/7452","targetHints":{"allow":["GET"]}}],"collection":[{"href":"https:\/\/masterchem.fi\/sv\/wp-json\/wp\/v2\/product"}],"about":[{"href":"https:\/\/masterchem.fi\/sv\/wp-json\/wp\/v2\/types\/product"}],"wp:featuredmedia":[{"embeddable":true,"href":"https:\/\/masterchem.fi\/sv\/wp-json\/wp\/v2\/media\/5883"}],"wp:attachment":[{"href":"https:\/\/masterchem.fi\/sv\/wp-json\/wp\/v2\/media?parent=7452"}],"wp:term":[{"taxonomy":"product_brand","embeddable":true,"href":"https:\/\/masterchem.fi\/sv\/wp-json\/wp\/v2\/product_brand?post=7452"},{"taxonomy":"product_cat","embeddable":true,"href":"https:\/\/masterchem.fi\/sv\/wp-json\/wp\/v2\/product_cat?post=7452"},{"taxonomy":"product_tag","embeddable":true,"href":"https:\/\/masterchem.fi\/sv\/wp-json\/wp\/v2\/product_tag?post=7452"}],"curies":[{"name":"wp","href":"https:\/\/api.w.org\/{rel}","templated":true}]}}