{"id":7461,"date":"2017-04-18T07:08:36","date_gmt":"2017-04-18T04:08:36","guid":{"rendered":"https:\/\/masterchem.fi\/product\/etylacetat\/"},"modified":"2022-04-19T13:18:19","modified_gmt":"2022-04-19T10:18:19","slug":"etylacetat-cas-141-78-6","status":"publish","type":"product","link":"https:\/\/masterchem.fi\/sv\/produkt\/etylacetat-cas-141-78-6\/","title":{"rendered":"Etylacetat (CAS 141-78-6)"},"content":{"rendered":"<p> Etylacetat kan framst\u00e4llas av etanol och \u00e4ttiksyra: <\/p>\n<p> C <sub> 2 <\/sub> H <sub> 5 <\/sub> OH + CH <sub> 3 <\/sub> COOH \u2192 CH <sub> 3 <\/sub> COOC <sub> 2 <\/sub> H <sub> 5 <\/sub> + H <sub> 2 <\/sub> O <\/p>\n<p> Etylacetat anv\u00e4nds i fj\u00e4rilsamling f\u00f6r att bed\u00f6va fj\u00e4rilar och i modellbyggnad f\u00f6r att limma plastmaterial. Etylacetat anv\u00e4nds ocks\u00e5 som l\u00f6sningsmedel f\u00f6r att avl\u00e4gsna lim och nagellack och vid industriell flexotryck. <\/p>\n","protected":false},"excerpt":{"rendered":"<p> <b> Andra namn: Etylacetat, etyletanol <\/b> <\/p>\n<p> Den kemiska formeln f\u00f6r etylacetat eller etyletanol \u00e4r C <sub> 4 <\/sub> H <sub> 8 <\/sub> O <sub> 2 <\/sub> och strukturformeln CH <sub> 3 <\/sub> COOC <sub > 2 <\/sub> H <sub> 5 <\/sub>. Det kallas ocks\u00e5 <i> etylacetat <\/i> och <i> etyleter <\/i>. Det senare namnet \u00e4r vilseledande eftersom etylacetat \u00e4r en ester. <\/p>\n<p> Etylacetat \u00e4r normalt en f\u00e4rgl\u00f6s v\u00e4tska med en karakteristisk lukt. Den har en molekylvikt p\u00e5 88,1 g \/ mol, en sm\u00e4ltpunkt p\u00e5 -84 \u00b0 C, en kokpunkt p\u00e5 77 \u00b0 C, en relativ densitet p\u00e5 0,9 g \/ cm <sup> 3 <\/sup> (vatten = 1,0 g \/ cm <sup> 3 <\/sup>), Lukttr\u00f6skel 9,8 mg \/ m <sup> 3 <\/sup>, flampunkt -4 \u00b0 C cc, sj\u00e4lvant\u00e4ndningstemperatur 427 \u00b0 C och CAS-nummer 141-78-6. <\/p>\n<p> F\u00f6reningen finns i blommiga dofter och som en halvkemikalie i kommunikationen av organismer. <\/p>\n","protected":false},"featured_media":5902,"template":"","meta":[],"product_brand":[],"product_cat":[112,113,114,116,105,106,108],"product_tag":[],"class_list":{"0":"post-7461","1":"product","2":"type-product","3":"status-publish","4":"has-post-thumbnail","6":"product_cat-byggbranschen","7":"product_cat-vaggmalning","8":"product_cat-typografiska-kemikalier","9":"product_cat-alla-produkter","10":"product_cat-hushallskemikalier-sv","11":"product_cat-lakemedelsindustri","12":"product_cat-metallkemikalier","14":"first","15":"instock","16":"featured","17":"taxable","18":"shipping-taxable","19":"purchasable","20":"product-type-variable","21":"has-default-attributes","22":"rtwpvg-product"},"yoast_head":"<!-- This site is optimized with the Yoast SEO plugin v27.5 - https:\/\/yoast.com\/product\/yoast-seo-wordpress\/ -->\n<title>Etylacetat (CAS 141-78-6) - MasterChem | kemikaalien tuotanto ja myynti<\/title>\n<meta name=\"description\" content=\"Etylacetat, dvs den kemiska formeln f\u00f6r etyletanoat, \u00e4r C4H8O2 och strukturformeln \u00e4r CH3COOC2H5. Det kallas ocks\u00e5 etylacetat och \u00e4ttiketer.\" \/>\n<meta name=\"robots\" content=\"index, follow, max-snippet:-1, max-image-preview:large, max-video-preview:-1\" \/>\n<link rel=\"canonical\" href=\"https:\/\/masterchem.fi\/sv\/produkt\/etylacetat-cas-141-78-6\/\" \/>\n<meta property=\"og:locale\" content=\"sv_SE\" \/>\n<meta property=\"og:type\" content=\"article\" \/>\n<meta property=\"og:title\" content=\"Etylacetat (CAS 141-78-6) - MasterChem | kemikaalien tuotanto ja myynti\" \/>\n<meta property=\"og:description\" content=\"Etylacetat, dvs den kemiska formeln f\u00f6r etyletanoat, \u00e4r C4H8O2 och strukturformeln \u00e4r CH3COOC2H5. Det kallas ocks\u00e5 etylacetat och \u00e4ttiketer.\" \/>\n<meta property=\"og:url\" content=\"https:\/\/masterchem.fi\/sv\/produkt\/etylacetat-cas-141-78-6\/\" \/>\n<meta property=\"og:site_name\" content=\"MasterChem | kemikaalien tuotanto ja myynti\" \/>\n<meta property=\"article:modified_time\" content=\"2022-04-19T10:18:19+00:00\" \/>\n<meta name=\"twitter:card\" content=\"summary_large_image\" \/>\n<script type=\"application\/ld+json\" class=\"yoast-schema-graph\">{\"@context\":\"https:\\\/\\\/schema.org\",\"@graph\":[{\"@type\":\"WebPage\",\"@id\":\"https:\\\/\\\/masterchem.fi\\\/sv\\\/produkt\\\/etylacetat-cas-141-78-6\\\/\",\"url\":\"https:\\\/\\\/masterchem.fi\\\/sv\\\/produkt\\\/etylacetat-cas-141-78-6\\\/\",\"name\":\"Etylacetat (CAS 141-78-6) - MasterChem | kemikaalien tuotanto ja myynti\",\"isPartOf\":{\"@id\":\"https:\\\/\\\/masterchem.fi\\\/sv\\\/#website\"},\"primaryImageOfPage\":{\"@id\":\"https:\\\/\\\/masterchem.fi\\\/sv\\\/produkt\\\/etylacetat-cas-141-78-6\\\/#primaryimage\"},\"image\":{\"@id\":\"https:\\\/\\\/masterchem.fi\\\/sv\\\/produkt\\\/etylacetat-cas-141-78-6\\\/#primaryimage\"},\"thumbnailUrl\":\"https:\\\/\\\/masterchem.fi\\\/wp-content\\\/uploads\\\/2020\\\/08\\\/Etyyliasetaatti_880kg_MaterChem.jpg\",\"datePublished\":\"2017-04-18T04:08:36+00:00\",\"dateModified\":\"2022-04-19T10:18:19+00:00\",\"description\":\"Etylacetat, dvs den kemiska formeln f\u00f6r etyletanoat, \u00e4r C4H8O2 och strukturformeln \u00e4r CH3COOC2H5. Det kallas ocks\u00e5 etylacetat och \u00e4ttiketer.\",\"breadcrumb\":{\"@id\":\"https:\\\/\\\/masterchem.fi\\\/sv\\\/produkt\\\/etylacetat-cas-141-78-6\\\/#breadcrumb\"},\"inLanguage\":\"sv-SE\",\"potentialAction\":[{\"@type\":\"ReadAction\",\"target\":[\"https:\\\/\\\/masterchem.fi\\\/sv\\\/produkt\\\/etylacetat-cas-141-78-6\\\/\"]}]},{\"@type\":\"ImageObject\",\"inLanguage\":\"sv-SE\",\"@id\":\"https:\\\/\\\/masterchem.fi\\\/sv\\\/produkt\\\/etylacetat-cas-141-78-6\\\/#primaryimage\",\"url\":\"https:\\\/\\\/masterchem.fi\\\/wp-content\\\/uploads\\\/2020\\\/08\\\/Etyyliasetaatti_880kg_MaterChem.jpg\",\"contentUrl\":\"https:\\\/\\\/masterchem.fi\\\/wp-content\\\/uploads\\\/2020\\\/08\\\/Etyyliasetaatti_880kg_MaterChem.jpg\",\"width\":1000,\"height\":1000,\"caption\":\"Etyyliasetaatti 880kg MaterChem\"},{\"@type\":\"BreadcrumbList\",\"@id\":\"https:\\\/\\\/masterchem.fi\\\/sv\\\/produkt\\\/etylacetat-cas-141-78-6\\\/#breadcrumb\",\"itemListElement\":[{\"@type\":\"ListItem\",\"position\":1,\"name\":\"Home\",\"item\":\"https:\\\/\\\/masterchem.fi\\\/sv\\\/\"},{\"@type\":\"ListItem\",\"position\":2,\"name\":\"Butik\",\"item\":\"https:\\\/\\\/masterchem.fi\\\/sv\\\/butik\\\/\"},{\"@type\":\"ListItem\",\"position\":3,\"name\":\"Etylacetat (CAS 141-78-6)\"}]},{\"@type\":\"WebSite\",\"@id\":\"https:\\\/\\\/masterchem.fi\\\/sv\\\/#website\",\"url\":\"https:\\\/\\\/masterchem.fi\\\/sv\\\/\",\"name\":\"MasterChem | kemikaalien tuotanto ja myynti\",\"description\":\"kemikaalien tuotanto ja myynti\",\"potentialAction\":[{\"@type\":\"SearchAction\",\"target\":{\"@type\":\"EntryPoint\",\"urlTemplate\":\"https:\\\/\\\/masterchem.fi\\\/sv\\\/?s={search_term_string}\"},\"query-input\":{\"@type\":\"PropertyValueSpecification\",\"valueRequired\":true,\"valueName\":\"search_term_string\"}}],\"inLanguage\":\"sv-SE\"}]}<\/script>\n<!-- \/ Yoast SEO plugin. -->","yoast_head_json":{"title":"Etylacetat (CAS 141-78-6) - MasterChem | kemikaalien tuotanto ja myynti","description":"Etylacetat, dvs den kemiska formeln f\u00f6r etyletanoat, \u00e4r C4H8O2 och strukturformeln \u00e4r CH3COOC2H5. Det kallas ocks\u00e5 etylacetat och \u00e4ttiketer.","robots":{"index":"index","follow":"follow","max-snippet":"max-snippet:-1","max-image-preview":"max-image-preview:large","max-video-preview":"max-video-preview:-1"},"canonical":"https:\/\/masterchem.fi\/sv\/produkt\/etylacetat-cas-141-78-6\/","og_locale":"sv_SE","og_type":"article","og_title":"Etylacetat (CAS 141-78-6) - MasterChem | kemikaalien tuotanto ja myynti","og_description":"Etylacetat, dvs den kemiska formeln f\u00f6r etyletanoat, \u00e4r C4H8O2 och strukturformeln \u00e4r CH3COOC2H5. Det kallas ocks\u00e5 etylacetat och \u00e4ttiketer.","og_url":"https:\/\/masterchem.fi\/sv\/produkt\/etylacetat-cas-141-78-6\/","og_site_name":"MasterChem | kemikaalien tuotanto ja myynti","article_modified_time":"2022-04-19T10:18:19+00:00","twitter_card":"summary_large_image","schema":{"@context":"https:\/\/schema.org","@graph":[{"@type":"WebPage","@id":"https:\/\/masterchem.fi\/sv\/produkt\/etylacetat-cas-141-78-6\/","url":"https:\/\/masterchem.fi\/sv\/produkt\/etylacetat-cas-141-78-6\/","name":"Etylacetat (CAS 141-78-6) - MasterChem | kemikaalien tuotanto ja myynti","isPartOf":{"@id":"https:\/\/masterchem.fi\/sv\/#website"},"primaryImageOfPage":{"@id":"https:\/\/masterchem.fi\/sv\/produkt\/etylacetat-cas-141-78-6\/#primaryimage"},"image":{"@id":"https:\/\/masterchem.fi\/sv\/produkt\/etylacetat-cas-141-78-6\/#primaryimage"},"thumbnailUrl":"https:\/\/masterchem.fi\/wp-content\/uploads\/2020\/08\/Etyyliasetaatti_880kg_MaterChem.jpg","datePublished":"2017-04-18T04:08:36+00:00","dateModified":"2022-04-19T10:18:19+00:00","description":"Etylacetat, dvs den kemiska formeln f\u00f6r etyletanoat, \u00e4r C4H8O2 och strukturformeln \u00e4r CH3COOC2H5. Det kallas ocks\u00e5 etylacetat och \u00e4ttiketer.","breadcrumb":{"@id":"https:\/\/masterchem.fi\/sv\/produkt\/etylacetat-cas-141-78-6\/#breadcrumb"},"inLanguage":"sv-SE","potentialAction":[{"@type":"ReadAction","target":["https:\/\/masterchem.fi\/sv\/produkt\/etylacetat-cas-141-78-6\/"]}]},{"@type":"ImageObject","inLanguage":"sv-SE","@id":"https:\/\/masterchem.fi\/sv\/produkt\/etylacetat-cas-141-78-6\/#primaryimage","url":"https:\/\/masterchem.fi\/wp-content\/uploads\/2020\/08\/Etyyliasetaatti_880kg_MaterChem.jpg","contentUrl":"https:\/\/masterchem.fi\/wp-content\/uploads\/2020\/08\/Etyyliasetaatti_880kg_MaterChem.jpg","width":1000,"height":1000,"caption":"Etyyliasetaatti 880kg MaterChem"},{"@type":"BreadcrumbList","@id":"https:\/\/masterchem.fi\/sv\/produkt\/etylacetat-cas-141-78-6\/#breadcrumb","itemListElement":[{"@type":"ListItem","position":1,"name":"Home","item":"https:\/\/masterchem.fi\/sv\/"},{"@type":"ListItem","position":2,"name":"Butik","item":"https:\/\/masterchem.fi\/sv\/butik\/"},{"@type":"ListItem","position":3,"name":"Etylacetat (CAS 141-78-6)"}]},{"@type":"WebSite","@id":"https:\/\/masterchem.fi\/sv\/#website","url":"https:\/\/masterchem.fi\/sv\/","name":"MasterChem | kemikaalien tuotanto ja myynti","description":"kemikaalien tuotanto ja myynti","potentialAction":[{"@type":"SearchAction","target":{"@type":"EntryPoint","urlTemplate":"https:\/\/masterchem.fi\/sv\/?s={search_term_string}"},"query-input":{"@type":"PropertyValueSpecification","valueRequired":true,"valueName":"search_term_string"}}],"inLanguage":"sv-SE"}]}},"_links":{"self":[{"href":"https:\/\/masterchem.fi\/sv\/wp-json\/wp\/v2\/product\/7461","targetHints":{"allow":["GET"]}}],"collection":[{"href":"https:\/\/masterchem.fi\/sv\/wp-json\/wp\/v2\/product"}],"about":[{"href":"https:\/\/masterchem.fi\/sv\/wp-json\/wp\/v2\/types\/product"}],"wp:featuredmedia":[{"embeddable":true,"href":"https:\/\/masterchem.fi\/sv\/wp-json\/wp\/v2\/media\/5902"}],"wp:attachment":[{"href":"https:\/\/masterchem.fi\/sv\/wp-json\/wp\/v2\/media?parent=7461"}],"wp:term":[{"taxonomy":"product_brand","embeddable":true,"href":"https:\/\/masterchem.fi\/sv\/wp-json\/wp\/v2\/product_brand?post=7461"},{"taxonomy":"product_cat","embeddable":true,"href":"https:\/\/masterchem.fi\/sv\/wp-json\/wp\/v2\/product_cat?post=7461"},{"taxonomy":"product_tag","embeddable":true,"href":"https:\/\/masterchem.fi\/sv\/wp-json\/wp\/v2\/product_tag?post=7461"}],"curies":[{"name":"wp","href":"https:\/\/api.w.org\/{rel}","templated":true}]}}