{"id":7470,"date":"2019-06-01T03:17:15","date_gmt":"2019-06-01T00:17:15","guid":{"rendered":"https:\/\/masterchem.fi\/product\/mosstanol-master\/"},"modified":"2019-06-01T03:17:15","modified_gmt":"2019-06-01T00:17:15","slug":"mosstanol-master","status":"publish","type":"product","link":"https:\/\/masterchem.fi\/sv\/produkt\/mosstanol-master\/","title":{"rendered":"Mosstanol Master"},"content":{"rendered":"<p>Mosstanol Master \u00e4r en unik produkt som inneh\u00e5ller vattenfri etylalkohol och isopropanol. Mosstanol Master \u00e4r en l\u00e4tt v\u00e4tska med en behaglig lukt och en fryspunkt p\u00e5 -112 \u00b0 C. Mosstanol Master \u00e4r brandfarligt.<\/p>\n","protected":false},"excerpt":{"rendered":"<p>Mosstanol Master anv\u00e4nds fr\u00e4mst som utsp\u00e4dningsmedel f\u00f6r f\u00e4rger och lacker, i tryckeriet i n\u00e4rheten av bl\u00e4ck, f\u00f6nsterreng\u00f6ringsmedel \/ tv\u00e4ttbrickor, br\u00e4nsleblandningar, lim, luftrenare, lacker, frostskyddsmedel och tryckluftssystem. isare. De st\u00f6rsta slutanv\u00e4ndarmarknaderna \u00e4r tryck-, f\u00e4rg-, motor-, konsument- och limbranschen.<\/p>\n","protected":false},"featured_media":0,"template":"","meta":[],"product_brand":[],"product_cat":[103,104,105,106,108,111,112,113,114,116],"product_tag":[],"class_list":{"0":"post-7470","1":"product","2":"type-product","3":"status-publish","5":"product_cat-frostskydd","6":"product_cat-bil-och-maskinkemikalier","7":"product_cat-hushallskemikalier-sv","8":"product_cat-lakemedelsindustri","9":"product_cat-metallkemikalier","10":"product_cat-trabearbetningskemikalier","11":"product_cat-byggbranschen","12":"product_cat-vaggmalning","13":"product_cat-typografiska-kemikalier","14":"product_cat-alla-produkter","16":"first","17":"outofstock","18":"featured","19":"taxable","20":"shipping-taxable","21":"purchasable","22":"product-type-variable","23":"has-default-attributes","24":"rtwpvg-product"},"yoast_head":"<!-- This site is optimized with the Yoast SEO plugin v27.2 - https:\/\/yoast.com\/product\/yoast-seo-wordpress\/ -->\n<title>Mosstanol Master - MasterChem | kemikaalien tuotanto ja myynti<\/title>\n<meta name=\"description\" content=\"Mosstanol Master anv\u00e4nds fr\u00e4mst som utsp\u00e4dningsmedel f\u00f6r f\u00e4rger och lacker, i tryckeriet i n\u00e4rheten av bl\u00e4ck, f\u00f6nsterreng\u00f6ringsmedel \/ tv\u00e4ttbrickor, br\u00e4nsleblandningar, lim, luftrenare, lacker, frostskyddsmedel och tryckluftssystem. isare.\" \/>\n<meta name=\"robots\" content=\"index, follow, max-snippet:-1, max-image-preview:large, max-video-preview:-1\" \/>\n<link rel=\"canonical\" href=\"https:\/\/masterchem.fi\/sv\/produkt\/mosstanol-master\/\" \/>\n<meta property=\"og:locale\" content=\"sv_SE\" \/>\n<meta property=\"og:type\" content=\"article\" \/>\n<meta property=\"og:title\" content=\"Mosstanol Master - MasterChem | kemikaalien tuotanto ja myynti\" \/>\n<meta property=\"og:description\" content=\"Mosstanol Master anv\u00e4nds fr\u00e4mst som utsp\u00e4dningsmedel f\u00f6r f\u00e4rger och lacker, i tryckeriet i n\u00e4rheten av bl\u00e4ck, f\u00f6nsterreng\u00f6ringsmedel \/ tv\u00e4ttbrickor, br\u00e4nsleblandningar, lim, luftrenare, lacker, frostskyddsmedel och tryckluftssystem. isare.\" \/>\n<meta property=\"og:url\" content=\"https:\/\/masterchem.fi\/sv\/produkt\/mosstanol-master\/\" \/>\n<meta property=\"og:site_name\" content=\"MasterChem | kemikaalien tuotanto ja myynti\" \/>\n<meta name=\"twitter:card\" content=\"summary_large_image\" \/>\n<script type=\"application\/ld+json\" class=\"yoast-schema-graph\">{\"@context\":\"https:\/\/schema.org\",\"@graph\":[{\"@type\":\"WebPage\",\"@id\":\"https:\/\/masterchem.fi\/sv\/produkt\/mosstanol-master\/\",\"url\":\"https:\/\/masterchem.fi\/sv\/produkt\/mosstanol-master\/\",\"name\":\"Mosstanol Master - MasterChem | kemikaalien tuotanto ja myynti\",\"isPartOf\":{\"@id\":\"https:\/\/masterchem.fi\/sv\/#website\"},\"datePublished\":\"2019-06-01T00:17:15+00:00\",\"description\":\"Mosstanol Master anv\u00e4nds fr\u00e4mst som utsp\u00e4dningsmedel f\u00f6r f\u00e4rger och lacker, i tryckeriet i n\u00e4rheten av bl\u00e4ck, f\u00f6nsterreng\u00f6ringsmedel \/ tv\u00e4ttbrickor, br\u00e4nsleblandningar, lim, luftrenare, lacker, frostskyddsmedel och tryckluftssystem. isare.\",\"breadcrumb\":{\"@id\":\"https:\/\/masterchem.fi\/sv\/produkt\/mosstanol-master\/#breadcrumb\"},\"inLanguage\":\"sv-SE\",\"potentialAction\":[{\"@type\":\"ReadAction\",\"target\":[\"https:\/\/masterchem.fi\/sv\/produkt\/mosstanol-master\/\"]}]},{\"@type\":\"BreadcrumbList\",\"@id\":\"https:\/\/masterchem.fi\/sv\/produkt\/mosstanol-master\/#breadcrumb\",\"itemListElement\":[{\"@type\":\"ListItem\",\"position\":1,\"name\":\"Home\",\"item\":\"https:\/\/masterchem.fi\/sv\/\"},{\"@type\":\"ListItem\",\"position\":2,\"name\":\"Butik\",\"item\":\"https:\/\/masterchem.fi\/sv\/butik\/\"},{\"@type\":\"ListItem\",\"position\":3,\"name\":\"Mosstanol Master\"}]},{\"@type\":\"WebSite\",\"@id\":\"https:\/\/masterchem.fi\/sv\/#website\",\"url\":\"https:\/\/masterchem.fi\/sv\/\",\"name\":\"MasterChem | kemikaalien tuotanto ja myynti\",\"description\":\"kemikaalien tuotanto ja myynti\",\"potentialAction\":[{\"@type\":\"SearchAction\",\"target\":{\"@type\":\"EntryPoint\",\"urlTemplate\":\"https:\/\/masterchem.fi\/sv\/?s={search_term_string}\"},\"query-input\":{\"@type\":\"PropertyValueSpecification\",\"valueRequired\":true,\"valueName\":\"search_term_string\"}}],\"inLanguage\":\"sv-SE\"}]}<\/script>\n<!-- \/ Yoast SEO plugin. -->","yoast_head_json":{"title":"Mosstanol Master - MasterChem | kemikaalien tuotanto ja myynti","description":"Mosstanol Master anv\u00e4nds fr\u00e4mst som utsp\u00e4dningsmedel f\u00f6r f\u00e4rger och lacker, i tryckeriet i n\u00e4rheten av bl\u00e4ck, f\u00f6nsterreng\u00f6ringsmedel \/ tv\u00e4ttbrickor, br\u00e4nsleblandningar, lim, luftrenare, lacker, frostskyddsmedel och tryckluftssystem. isare.","robots":{"index":"index","follow":"follow","max-snippet":"max-snippet:-1","max-image-preview":"max-image-preview:large","max-video-preview":"max-video-preview:-1"},"canonical":"https:\/\/masterchem.fi\/sv\/produkt\/mosstanol-master\/","og_locale":"sv_SE","og_type":"article","og_title":"Mosstanol Master - MasterChem | kemikaalien tuotanto ja myynti","og_description":"Mosstanol Master anv\u00e4nds fr\u00e4mst som utsp\u00e4dningsmedel f\u00f6r f\u00e4rger och lacker, i tryckeriet i n\u00e4rheten av bl\u00e4ck, f\u00f6nsterreng\u00f6ringsmedel \/ tv\u00e4ttbrickor, br\u00e4nsleblandningar, lim, luftrenare, lacker, frostskyddsmedel och tryckluftssystem. isare.","og_url":"https:\/\/masterchem.fi\/sv\/produkt\/mosstanol-master\/","og_site_name":"MasterChem | kemikaalien tuotanto ja myynti","twitter_card":"summary_large_image","schema":{"@context":"https:\/\/schema.org","@graph":[{"@type":"WebPage","@id":"https:\/\/masterchem.fi\/sv\/produkt\/mosstanol-master\/","url":"https:\/\/masterchem.fi\/sv\/produkt\/mosstanol-master\/","name":"Mosstanol Master - MasterChem | kemikaalien tuotanto ja myynti","isPartOf":{"@id":"https:\/\/masterchem.fi\/sv\/#website"},"datePublished":"2019-06-01T00:17:15+00:00","description":"Mosstanol Master anv\u00e4nds fr\u00e4mst som utsp\u00e4dningsmedel f\u00f6r f\u00e4rger och lacker, i tryckeriet i n\u00e4rheten av bl\u00e4ck, f\u00f6nsterreng\u00f6ringsmedel \/ tv\u00e4ttbrickor, br\u00e4nsleblandningar, lim, luftrenare, lacker, frostskyddsmedel och tryckluftssystem. isare.","breadcrumb":{"@id":"https:\/\/masterchem.fi\/sv\/produkt\/mosstanol-master\/#breadcrumb"},"inLanguage":"sv-SE","potentialAction":[{"@type":"ReadAction","target":["https:\/\/masterchem.fi\/sv\/produkt\/mosstanol-master\/"]}]},{"@type":"BreadcrumbList","@id":"https:\/\/masterchem.fi\/sv\/produkt\/mosstanol-master\/#breadcrumb","itemListElement":[{"@type":"ListItem","position":1,"name":"Home","item":"https:\/\/masterchem.fi\/sv\/"},{"@type":"ListItem","position":2,"name":"Butik","item":"https:\/\/masterchem.fi\/sv\/butik\/"},{"@type":"ListItem","position":3,"name":"Mosstanol Master"}]},{"@type":"WebSite","@id":"https:\/\/masterchem.fi\/sv\/#website","url":"https:\/\/masterchem.fi\/sv\/","name":"MasterChem | kemikaalien tuotanto ja myynti","description":"kemikaalien tuotanto ja myynti","potentialAction":[{"@type":"SearchAction","target":{"@type":"EntryPoint","urlTemplate":"https:\/\/masterchem.fi\/sv\/?s={search_term_string}"},"query-input":{"@type":"PropertyValueSpecification","valueRequired":true,"valueName":"search_term_string"}}],"inLanguage":"sv-SE"}]}},"_links":{"self":[{"href":"https:\/\/masterchem.fi\/sv\/wp-json\/wp\/v2\/product\/7470","targetHints":{"allow":["GET"]}}],"collection":[{"href":"https:\/\/masterchem.fi\/sv\/wp-json\/wp\/v2\/product"}],"about":[{"href":"https:\/\/masterchem.fi\/sv\/wp-json\/wp\/v2\/types\/product"}],"wp:attachment":[{"href":"https:\/\/masterchem.fi\/sv\/wp-json\/wp\/v2\/media?parent=7470"}],"wp:term":[{"taxonomy":"product_brand","embeddable":true,"href":"https:\/\/masterchem.fi\/sv\/wp-json\/wp\/v2\/product_brand?post=7470"},{"taxonomy":"product_cat","embeddable":true,"href":"https:\/\/masterchem.fi\/sv\/wp-json\/wp\/v2\/product_cat?post=7470"},{"taxonomy":"product_tag","embeddable":true,"href":"https:\/\/masterchem.fi\/sv\/wp-json\/wp\/v2\/product_tag?post=7470"}],"curies":[{"name":"wp","href":"https:\/\/api.w.org\/{rel}","templated":true}]}}