{"id":7485,"date":"2019-06-01T02:34:58","date_gmt":"2019-05-31T23:34:58","guid":{"rendered":"https:\/\/masterchem.fi\/product\/metylisobutylketon\/"},"modified":"2022-04-19T14:53:31","modified_gmt":"2022-04-19T11:53:31","slug":"metylisobutylketon-cas-108-10-1","status":"publish","type":"product","link":"https:\/\/masterchem.fi\/sv\/produkt\/metylisobutylketon-cas-108-10-1\/","title":{"rendered":"Metylisobutylketon (CAS 108-10-1)"},"content":{"rendered":"<p>Metylisobutylketon framst\u00e4lls p\u00e5 ett antal olika s\u00e4tt. De flesta av dem b\u00f6rjar fr\u00e5n aceton. I trestegsprocessen bildar aceton en diacetonalkohol genom baskatalyserad aldoladdition. Diacetonalkohol eliminerar vatten genom syraverkan f\u00f6r att bilda mesityloxid. Mesityloxid kan reduceras med v\u00e4te i n\u00e4rvaro av en palladiumkatalysator till metylisobutylketon. Vid h\u00f6gre temperaturer och i n\u00e4rvaro av en zinkoxid eller kopparkatalysator kondenseras aceton direkt till mesityloxid, som kan reduceras till metylisobutylketon som ovan. En tredje process med anv\u00e4ndning av aceton som utg\u00e5ngsmaterial \u00e4r den direkta beredningen av aceton, vilket \u00e4r m\u00f6jligt med palladium- och zirkoniumkatalysatorer. Metylisobutylketon kan ocks\u00e5 framst\u00e4llas fr\u00e5n isopropanol.<\/p>\n","protected":false},"excerpt":{"rendered":"<p style=\"text-align: justify;\"><b> Andra namn: Metylisobutylketon, 4-metyl-2-pentanon <\/b><\/p>\n<p>Metylisobutylketon \u00e4r en organisk f\u00f6rening (keton) som \u00e4r en f\u00e4rgl\u00f6s v\u00e4tska vid rumstemperatur (20 \u00b0 C) med en karakteristisk lukt. Dess kemiska formel \u00e4r C <sub> 6 <\/sub> H <sub> 12 <\/sub> O och dess strukturformel \u00e4r CH <sub> 3 <\/sub> COCH <sub> 2 <\/sub> CH (CH <sub> 3 <\/sub>) <sub> 2 <\/sub>. Metylisobutylketon kallas ocks\u00e5 <i> 4-metyl-2-pentanon <\/i>, <i> isopropylaceton <\/i> och <i> hexon <\/i>.<\/p>\n<p style=\"text-align: left;\">Metylisobutylketon har en molekylvikt p\u00e5 100,2 g \/ mol, en sm\u00e4ltpunkt \u221284,7 \u00b0 C, en kokpunkt p\u00e5 117\u2013118 \u00b0 C, en densitet p\u00e5 0,8 g \/ cm <sup> 3 <\/sup>, vattenl\u00f6slighet vid 20 \u00b0 C 1,91 g \/ 100 ml, flampunkt 14 \u00b0 C (cc), sj\u00e4lvant\u00e4ndningstemperatur 460 \u00b0 C och CAS-nummer 108-10-1.<\/p>\n<p style=\"text-align: left;\">\n","protected":false},"featured_media":6074,"template":"","meta":[],"product_brand":[],"product_cat":[116,105,106,108,111,112,113,114],"product_tag":[],"class_list":{"0":"post-7485","1":"product","2":"type-product","3":"status-publish","4":"has-post-thumbnail","6":"product_cat-alla-produkter","7":"product_cat-hushallskemikalier-sv","8":"product_cat-lakemedelsindustri","9":"product_cat-metallkemikalier","10":"product_cat-trabearbetningskemikalier","11":"product_cat-byggbranschen","12":"product_cat-vaggmalning","13":"product_cat-typografiska-kemikalier","15":"first","16":"outofstock","17":"featured","18":"taxable","19":"shipping-taxable","20":"purchasable","21":"product-type-variable","22":"has-default-attributes","23":"rtwpvg-product"},"yoast_head":"<!-- This site is optimized with the Yoast SEO plugin v27.2 - https:\/\/yoast.com\/product\/yoast-seo-wordpress\/ -->\n<title>Metylisobutylketon (CAS 108-10-1) - MasterChem | kemikaalien tuotanto ja myynti<\/title>\n<meta name=\"description\" content=\"Metylisobutylketon \u00e4r en organisk f\u00f6rening (keton) som \u00e4r en f\u00e4rgl\u00f6s v\u00e4tska med en karakteristisk lukt vid rumstemperatur (20 \u00b0 C).\" \/>\n<meta name=\"robots\" content=\"index, follow, max-snippet:-1, max-image-preview:large, max-video-preview:-1\" \/>\n<link rel=\"canonical\" href=\"https:\/\/masterchem.fi\/sv\/produkt\/metylisobutylketon-cas-108-10-1\/\" \/>\n<meta property=\"og:locale\" content=\"sv_SE\" \/>\n<meta property=\"og:type\" content=\"article\" \/>\n<meta property=\"og:title\" content=\"Metylisobutylketon (CAS 108-10-1) - MasterChem | kemikaalien tuotanto ja myynti\" \/>\n<meta property=\"og:description\" content=\"Metylisobutylketon \u00e4r en organisk f\u00f6rening (keton) som \u00e4r en f\u00e4rgl\u00f6s v\u00e4tska med en karakteristisk lukt vid rumstemperatur (20 \u00b0 C).\" \/>\n<meta property=\"og:url\" content=\"https:\/\/masterchem.fi\/sv\/produkt\/metylisobutylketon-cas-108-10-1\/\" \/>\n<meta property=\"og:site_name\" content=\"MasterChem | kemikaalien tuotanto ja myynti\" \/>\n<meta property=\"article:modified_time\" content=\"2022-04-19T11:53:31+00:00\" \/>\n<meta name=\"twitter:card\" content=\"summary_large_image\" \/>\n<meta name=\"twitter:label1\" content=\"Ber\u00e4knad l\u00e4stid\" \/>\n\t<meta name=\"twitter:data1\" content=\"1 minut\" \/>\n<script type=\"application\/ld+json\" class=\"yoast-schema-graph\">{\"@context\":\"https:\/\/schema.org\",\"@graph\":[{\"@type\":\"WebPage\",\"@id\":\"https:\/\/masterchem.fi\/sv\/produkt\/metylisobutylketon-cas-108-10-1\/\",\"url\":\"https:\/\/masterchem.fi\/sv\/produkt\/metylisobutylketon-cas-108-10-1\/\",\"name\":\"Metylisobutylketon (CAS 108-10-1) - MasterChem | kemikaalien tuotanto ja myynti\",\"isPartOf\":{\"@id\":\"https:\/\/masterchem.fi\/sv\/#website\"},\"primaryImageOfPage\":{\"@id\":\"https:\/\/masterchem.fi\/sv\/produkt\/metylisobutylketon-cas-108-10-1\/#primaryimage\"},\"image\":{\"@id\":\"https:\/\/masterchem.fi\/sv\/produkt\/metylisobutylketon-cas-108-10-1\/#primaryimage\"},\"thumbnailUrl\":\"https:\/\/masterchem.fi\/wp-content\/uploads\/2019\/06\/Metyyli-isobutyyliketoni-1000l-MasterChem.jpg\",\"datePublished\":\"2019-05-31T23:34:58+00:00\",\"dateModified\":\"2022-04-19T11:53:31+00:00\",\"description\":\"Metylisobutylketon \u00e4r en organisk f\u00f6rening (keton) som \u00e4r en f\u00e4rgl\u00f6s v\u00e4tska med en karakteristisk lukt vid rumstemperatur (20 \u00b0 C).\",\"breadcrumb\":{\"@id\":\"https:\/\/masterchem.fi\/sv\/produkt\/metylisobutylketon-cas-108-10-1\/#breadcrumb\"},\"inLanguage\":\"sv-SE\",\"potentialAction\":[{\"@type\":\"ReadAction\",\"target\":[\"https:\/\/masterchem.fi\/sv\/produkt\/metylisobutylketon-cas-108-10-1\/\"]}]},{\"@type\":\"ImageObject\",\"inLanguage\":\"sv-SE\",\"@id\":\"https:\/\/masterchem.fi\/sv\/produkt\/metylisobutylketon-cas-108-10-1\/#primaryimage\",\"url\":\"https:\/\/masterchem.fi\/wp-content\/uploads\/2019\/06\/Metyyli-isobutyyliketoni-1000l-MasterChem.jpg\",\"contentUrl\":\"https:\/\/masterchem.fi\/wp-content\/uploads\/2019\/06\/Metyyli-isobutyyliketoni-1000l-MasterChem.jpg\",\"width\":1000,\"height\":1000,\"caption\":\"Metyyli-isobutyyliketoni 1000l MaterChem\"},{\"@type\":\"BreadcrumbList\",\"@id\":\"https:\/\/masterchem.fi\/sv\/produkt\/metylisobutylketon-cas-108-10-1\/#breadcrumb\",\"itemListElement\":[{\"@type\":\"ListItem\",\"position\":1,\"name\":\"Home\",\"item\":\"https:\/\/masterchem.fi\/sv\/\"},{\"@type\":\"ListItem\",\"position\":2,\"name\":\"Butik\",\"item\":\"https:\/\/masterchem.fi\/sv\/butik\/\"},{\"@type\":\"ListItem\",\"position\":3,\"name\":\"Metylisobutylketon (CAS 108-10-1)\"}]},{\"@type\":\"WebSite\",\"@id\":\"https:\/\/masterchem.fi\/sv\/#website\",\"url\":\"https:\/\/masterchem.fi\/sv\/\",\"name\":\"MasterChem | kemikaalien tuotanto ja myynti\",\"description\":\"kemikaalien tuotanto ja myynti\",\"potentialAction\":[{\"@type\":\"SearchAction\",\"target\":{\"@type\":\"EntryPoint\",\"urlTemplate\":\"https:\/\/masterchem.fi\/sv\/?s={search_term_string}\"},\"query-input\":{\"@type\":\"PropertyValueSpecification\",\"valueRequired\":true,\"valueName\":\"search_term_string\"}}],\"inLanguage\":\"sv-SE\"}]}<\/script>\n<!-- \/ Yoast SEO plugin. -->","yoast_head_json":{"title":"Metylisobutylketon (CAS 108-10-1) - MasterChem | kemikaalien tuotanto ja myynti","description":"Metylisobutylketon \u00e4r en organisk f\u00f6rening (keton) som \u00e4r en f\u00e4rgl\u00f6s v\u00e4tska med en karakteristisk lukt vid rumstemperatur (20 \u00b0 C).","robots":{"index":"index","follow":"follow","max-snippet":"max-snippet:-1","max-image-preview":"max-image-preview:large","max-video-preview":"max-video-preview:-1"},"canonical":"https:\/\/masterchem.fi\/sv\/produkt\/metylisobutylketon-cas-108-10-1\/","og_locale":"sv_SE","og_type":"article","og_title":"Metylisobutylketon (CAS 108-10-1) - MasterChem | kemikaalien tuotanto ja myynti","og_description":"Metylisobutylketon \u00e4r en organisk f\u00f6rening (keton) som \u00e4r en f\u00e4rgl\u00f6s v\u00e4tska med en karakteristisk lukt vid rumstemperatur (20 \u00b0 C).","og_url":"https:\/\/masterchem.fi\/sv\/produkt\/metylisobutylketon-cas-108-10-1\/","og_site_name":"MasterChem | kemikaalien tuotanto ja myynti","article_modified_time":"2022-04-19T11:53:31+00:00","twitter_card":"summary_large_image","twitter_misc":{"Ber\u00e4knad l\u00e4stid":"1 minut"},"schema":{"@context":"https:\/\/schema.org","@graph":[{"@type":"WebPage","@id":"https:\/\/masterchem.fi\/sv\/produkt\/metylisobutylketon-cas-108-10-1\/","url":"https:\/\/masterchem.fi\/sv\/produkt\/metylisobutylketon-cas-108-10-1\/","name":"Metylisobutylketon (CAS 108-10-1) - MasterChem | kemikaalien tuotanto ja myynti","isPartOf":{"@id":"https:\/\/masterchem.fi\/sv\/#website"},"primaryImageOfPage":{"@id":"https:\/\/masterchem.fi\/sv\/produkt\/metylisobutylketon-cas-108-10-1\/#primaryimage"},"image":{"@id":"https:\/\/masterchem.fi\/sv\/produkt\/metylisobutylketon-cas-108-10-1\/#primaryimage"},"thumbnailUrl":"https:\/\/masterchem.fi\/wp-content\/uploads\/2019\/06\/Metyyli-isobutyyliketoni-1000l-MasterChem.jpg","datePublished":"2019-05-31T23:34:58+00:00","dateModified":"2022-04-19T11:53:31+00:00","description":"Metylisobutylketon \u00e4r en organisk f\u00f6rening (keton) som \u00e4r en f\u00e4rgl\u00f6s v\u00e4tska med en karakteristisk lukt vid rumstemperatur (20 \u00b0 C).","breadcrumb":{"@id":"https:\/\/masterchem.fi\/sv\/produkt\/metylisobutylketon-cas-108-10-1\/#breadcrumb"},"inLanguage":"sv-SE","potentialAction":[{"@type":"ReadAction","target":["https:\/\/masterchem.fi\/sv\/produkt\/metylisobutylketon-cas-108-10-1\/"]}]},{"@type":"ImageObject","inLanguage":"sv-SE","@id":"https:\/\/masterchem.fi\/sv\/produkt\/metylisobutylketon-cas-108-10-1\/#primaryimage","url":"https:\/\/masterchem.fi\/wp-content\/uploads\/2019\/06\/Metyyli-isobutyyliketoni-1000l-MasterChem.jpg","contentUrl":"https:\/\/masterchem.fi\/wp-content\/uploads\/2019\/06\/Metyyli-isobutyyliketoni-1000l-MasterChem.jpg","width":1000,"height":1000,"caption":"Metyyli-isobutyyliketoni 1000l MaterChem"},{"@type":"BreadcrumbList","@id":"https:\/\/masterchem.fi\/sv\/produkt\/metylisobutylketon-cas-108-10-1\/#breadcrumb","itemListElement":[{"@type":"ListItem","position":1,"name":"Home","item":"https:\/\/masterchem.fi\/sv\/"},{"@type":"ListItem","position":2,"name":"Butik","item":"https:\/\/masterchem.fi\/sv\/butik\/"},{"@type":"ListItem","position":3,"name":"Metylisobutylketon (CAS 108-10-1)"}]},{"@type":"WebSite","@id":"https:\/\/masterchem.fi\/sv\/#website","url":"https:\/\/masterchem.fi\/sv\/","name":"MasterChem | kemikaalien tuotanto ja myynti","description":"kemikaalien tuotanto ja myynti","potentialAction":[{"@type":"SearchAction","target":{"@type":"EntryPoint","urlTemplate":"https:\/\/masterchem.fi\/sv\/?s={search_term_string}"},"query-input":{"@type":"PropertyValueSpecification","valueRequired":true,"valueName":"search_term_string"}}],"inLanguage":"sv-SE"}]}},"_links":{"self":[{"href":"https:\/\/masterchem.fi\/sv\/wp-json\/wp\/v2\/product\/7485","targetHints":{"allow":["GET"]}}],"collection":[{"href":"https:\/\/masterchem.fi\/sv\/wp-json\/wp\/v2\/product"}],"about":[{"href":"https:\/\/masterchem.fi\/sv\/wp-json\/wp\/v2\/types\/product"}],"wp:featuredmedia":[{"embeddable":true,"href":"https:\/\/masterchem.fi\/sv\/wp-json\/wp\/v2\/media\/6074"}],"wp:attachment":[{"href":"https:\/\/masterchem.fi\/sv\/wp-json\/wp\/v2\/media?parent=7485"}],"wp:term":[{"taxonomy":"product_brand","embeddable":true,"href":"https:\/\/masterchem.fi\/sv\/wp-json\/wp\/v2\/product_brand?post=7485"},{"taxonomy":"product_cat","embeddable":true,"href":"https:\/\/masterchem.fi\/sv\/wp-json\/wp\/v2\/product_cat?post=7485"},{"taxonomy":"product_tag","embeddable":true,"href":"https:\/\/masterchem.fi\/sv\/wp-json\/wp\/v2\/product_tag?post=7485"}],"curies":[{"name":"wp","href":"https:\/\/api.w.org\/{rel}","templated":true}]}}