{"id":7508,"date":"2019-04-24T18:01:23","date_gmt":"2019-04-24T15:01:23","guid":{"rendered":"https:\/\/masterchem.fi\/product\/2-propanol\/"},"modified":"2022-07-12T13:03:55","modified_gmt":"2022-07-12T10:03:55","slug":"isopropylalkohol-cas-67-63-0","status":"publish","type":"product","link":"https:\/\/masterchem.fi\/sv\/produkt\/isopropylalkohol-cas-67-63-0\/","title":{"rendered":"Isopropylalkohol (CAS 67-63-0)"},"content":{"rendered":"<p><a href=\"https:\/\/masterchem.fi\/wp-content\/uploads\/2019\/04\/Isopropanool_Ohutuskaart_IPA_MSDS_MasterChem_2020.pdf\" target=\"_blank\" rel=\"noopener noreferrer\">S\u00e4kerhetsdatablad (MSDS)<\/a><br \/>\nI Finland anv\u00e4nds isopropanol som l\u00f6sningsmedel och tv\u00e4ttv\u00e4tska i t.ex. f\u00e4rg-, tryckf\u00e4rg-, livsmedels- och l\u00e4kemedelsindustrin. Isopropanol anv\u00e4nds ocks\u00e5 i reng\u00f6ringsmedel, desinfektionsmedel och anti-ismedel. 2-Propanol har anv\u00e4nts f\u00f6r att framst\u00e4lla aceton. Det anv\u00e4nds ocks\u00e5 f\u00f6r att denaturera kommersiellt tillg\u00e4nglig etanol. Det \u00e4r s\u00e4rskilt popul\u00e4rt som reng\u00f6ringsmedel vid underh\u00e5ll av elektrisk utrustning, till exempel n\u00e4r det g\u00e4ller datorer, vid reng\u00f6ring av l\u00e4tt smutsade kretskortkontakter, magnetiska l\u00e4shuvuden och optiska enhetslinser och vid avl\u00e4gsnande av on\u00f6dig kiselpasta.<\/p>\n","protected":false},"excerpt":{"rendered":"<p style = \"text-align: left;\"> <b> Andra namn: 2-propanol, isopropanol, isopropylalkohol <\/b> <\/p>\n<p style = \"text-align: left;\"> 2-propanol eller isopropanol eller <br \/>\nisopropylalkohol (IPA) (\u00e4ven propan-2-ol) tillh\u00f6r gruppen alkoholer. Strukturformeln f\u00f6r 2-propanol kan representeras som CH <sub> 3 <\/sub> CHOHCH <sub> 3 <\/sub>. <\/p>\n<p style = \"text-align: left;\"> 2-propanol \u00e4r normalt <br \/>\nf\u00e4rgl\u00f6s, brandfarlig, brandfarlig, klar v\u00e4tska med en molekylvikt p\u00e5 60,1 g \/ mol, kokpunkt 83 \u00b0 C, sm\u00e4ltpunkt \u221290 \u00b0 C, densitet 0,79 g \/ cm <sup> 3 <\/sup> (vatten = 1 .0 g \/ cm <sup> 3 <\/sup>), flampunkt 11,7 \u00b0 C, sj\u00e4lvant\u00e4ndningstemperatur 456 \u00b0 C och CAS-nummer 67-63-0. \u00c4mnets \u00e5nga \u00e4r tyngre \u00e4n luft. <\/p>\n<p style = \"text-align: left;\"> F\u00f6rening finns <br \/>\ni dofter av blommor och som en halvkemikalie i kommunikation av organismer. <\/p>\n<p style = \"text-align: left;\"> 2-propanol \u00e4r C <sub> 3 <\/sub> H <sub> 7 <\/sub> OH isomer form av propanol <\/p>\n","protected":false},"featured_media":5973,"template":"","meta":[],"product_brand":[],"product_cat":[111,112,114,116,103,104,105,106,108],"product_tag":[],"class_list":{"0":"post-7508","1":"product","2":"type-product","3":"status-publish","4":"has-post-thumbnail","6":"product_cat-trabearbetningskemikalier","7":"product_cat-byggbranschen","8":"product_cat-typografiska-kemikalier","9":"product_cat-alla-produkter","10":"product_cat-frostskydd","11":"product_cat-bil-och-maskinkemikalier","12":"product_cat-hushallskemikalier-sv","13":"product_cat-lakemedelsindustri","14":"product_cat-metallkemikalier","16":"first","17":"instock","18":"taxable","19":"shipping-taxable","20":"purchasable","21":"product-type-variable","22":"has-default-attributes","23":"rtwpvg-product"},"yoast_head":"<!-- This site is optimized with the Yoast SEO plugin v27.2 - https:\/\/yoast.com\/product\/yoast-seo-wordpress\/ -->\n<title>Isopropylalkohol (CAS 67-63-0) - MasterChem | kemikaalien tuotanto ja myynti<\/title>\n<meta name=\"description\" content=\"I Finland anv\u00e4nds isopropanol som l\u00f6sningsmedel och tv\u00e4ttv\u00e4tska i t.ex. f\u00e4rg-, tryckf\u00e4rg-, livsmedels- och l\u00e4kemedelsindustrin. Isopropanol anv\u00e4nds ocks\u00e5 i reng\u00f6ringsmedel, desinfektionsmedel och anti-ismedel.\" \/>\n<meta name=\"robots\" content=\"index, follow, max-snippet:-1, max-image-preview:large, max-video-preview:-1\" \/>\n<link rel=\"canonical\" href=\"https:\/\/masterchem.fi\/sv\/produkt\/isopropylalkohol-cas-67-63-0\/\" \/>\n<meta property=\"og:locale\" content=\"sv_SE\" \/>\n<meta property=\"og:type\" content=\"article\" \/>\n<meta property=\"og:title\" content=\"Isopropylalkohol (CAS 67-63-0) - MasterChem | kemikaalien tuotanto ja myynti\" \/>\n<meta property=\"og:description\" content=\"I Finland anv\u00e4nds isopropanol som l\u00f6sningsmedel och tv\u00e4ttv\u00e4tska i t.ex. f\u00e4rg-, tryckf\u00e4rg-, livsmedels- och l\u00e4kemedelsindustrin. Isopropanol anv\u00e4nds ocks\u00e5 i reng\u00f6ringsmedel, desinfektionsmedel och anti-ismedel.\" \/>\n<meta property=\"og:url\" content=\"https:\/\/masterchem.fi\/sv\/produkt\/isopropylalkohol-cas-67-63-0\/\" \/>\n<meta property=\"og:site_name\" content=\"MasterChem | kemikaalien tuotanto ja myynti\" \/>\n<meta property=\"article:modified_time\" content=\"2022-07-12T10:03:55+00:00\" \/>\n<meta name=\"twitter:card\" content=\"summary_large_image\" \/>\n<meta name=\"twitter:label1\" content=\"Ber\u00e4knad l\u00e4stid\" \/>\n\t<meta name=\"twitter:data1\" content=\"1 minut\" \/>\n<script type=\"application\/ld+json\" class=\"yoast-schema-graph\">{\"@context\":\"https:\/\/schema.org\",\"@graph\":[{\"@type\":\"WebPage\",\"@id\":\"https:\/\/masterchem.fi\/sv\/produkt\/isopropylalkohol-cas-67-63-0\/\",\"url\":\"https:\/\/masterchem.fi\/sv\/produkt\/isopropylalkohol-cas-67-63-0\/\",\"name\":\"Isopropylalkohol (CAS 67-63-0) - MasterChem | kemikaalien tuotanto ja myynti\",\"isPartOf\":{\"@id\":\"https:\/\/masterchem.fi\/sv\/#website\"},\"primaryImageOfPage\":{\"@id\":\"https:\/\/masterchem.fi\/sv\/produkt\/isopropylalkohol-cas-67-63-0\/#primaryimage\"},\"image\":{\"@id\":\"https:\/\/masterchem.fi\/sv\/produkt\/isopropylalkohol-cas-67-63-0\/#primaryimage\"},\"thumbnailUrl\":\"https:\/\/masterchem.fi\/wp-content\/uploads\/2019\/04\/Isopropyl-Alcohol-1000l-MaterChem.jpg\",\"datePublished\":\"2019-04-24T15:01:23+00:00\",\"dateModified\":\"2022-07-12T10:03:55+00:00\",\"description\":\"I Finland anv\u00e4nds isopropanol som l\u00f6sningsmedel och tv\u00e4ttv\u00e4tska i t.ex. f\u00e4rg-, tryckf\u00e4rg-, livsmedels- och l\u00e4kemedelsindustrin. Isopropanol anv\u00e4nds ocks\u00e5 i reng\u00f6ringsmedel, desinfektionsmedel och anti-ismedel.\",\"breadcrumb\":{\"@id\":\"https:\/\/masterchem.fi\/sv\/produkt\/isopropylalkohol-cas-67-63-0\/#breadcrumb\"},\"inLanguage\":\"sv-SE\",\"potentialAction\":[{\"@type\":\"ReadAction\",\"target\":[\"https:\/\/masterchem.fi\/sv\/produkt\/isopropylalkohol-cas-67-63-0\/\"]}]},{\"@type\":\"ImageObject\",\"inLanguage\":\"sv-SE\",\"@id\":\"https:\/\/masterchem.fi\/sv\/produkt\/isopropylalkohol-cas-67-63-0\/#primaryimage\",\"url\":\"https:\/\/masterchem.fi\/wp-content\/uploads\/2019\/04\/Isopropyl-Alcohol-1000l-MaterChem.jpg\",\"contentUrl\":\"https:\/\/masterchem.fi\/wp-content\/uploads\/2019\/04\/Isopropyl-Alcohol-1000l-MaterChem.jpg\",\"width\":1000,\"height\":1000,\"caption\":\"2-propanoli 1000l MaterChem\"},{\"@type\":\"BreadcrumbList\",\"@id\":\"https:\/\/masterchem.fi\/sv\/produkt\/isopropylalkohol-cas-67-63-0\/#breadcrumb\",\"itemListElement\":[{\"@type\":\"ListItem\",\"position\":1,\"name\":\"Home\",\"item\":\"https:\/\/masterchem.fi\/sv\/\"},{\"@type\":\"ListItem\",\"position\":2,\"name\":\"Butik\",\"item\":\"https:\/\/masterchem.fi\/sv\/butik\/\"},{\"@type\":\"ListItem\",\"position\":3,\"name\":\"Isopropylalkohol (CAS 67-63-0)\"}]},{\"@type\":\"WebSite\",\"@id\":\"https:\/\/masterchem.fi\/sv\/#website\",\"url\":\"https:\/\/masterchem.fi\/sv\/\",\"name\":\"MasterChem | kemikaalien tuotanto ja myynti\",\"description\":\"kemikaalien tuotanto ja myynti\",\"potentialAction\":[{\"@type\":\"SearchAction\",\"target\":{\"@type\":\"EntryPoint\",\"urlTemplate\":\"https:\/\/masterchem.fi\/sv\/?s={search_term_string}\"},\"query-input\":{\"@type\":\"PropertyValueSpecification\",\"valueRequired\":true,\"valueName\":\"search_term_string\"}}],\"inLanguage\":\"sv-SE\"}]}<\/script>\n<!-- \/ Yoast SEO plugin. -->","yoast_head_json":{"title":"Isopropylalkohol (CAS 67-63-0) - MasterChem | kemikaalien tuotanto ja myynti","description":"I Finland anv\u00e4nds isopropanol som l\u00f6sningsmedel och tv\u00e4ttv\u00e4tska i t.ex. f\u00e4rg-, tryckf\u00e4rg-, livsmedels- och l\u00e4kemedelsindustrin. Isopropanol anv\u00e4nds ocks\u00e5 i reng\u00f6ringsmedel, desinfektionsmedel och anti-ismedel.","robots":{"index":"index","follow":"follow","max-snippet":"max-snippet:-1","max-image-preview":"max-image-preview:large","max-video-preview":"max-video-preview:-1"},"canonical":"https:\/\/masterchem.fi\/sv\/produkt\/isopropylalkohol-cas-67-63-0\/","og_locale":"sv_SE","og_type":"article","og_title":"Isopropylalkohol (CAS 67-63-0) - MasterChem | kemikaalien tuotanto ja myynti","og_description":"I Finland anv\u00e4nds isopropanol som l\u00f6sningsmedel och tv\u00e4ttv\u00e4tska i t.ex. f\u00e4rg-, tryckf\u00e4rg-, livsmedels- och l\u00e4kemedelsindustrin. Isopropanol anv\u00e4nds ocks\u00e5 i reng\u00f6ringsmedel, desinfektionsmedel och anti-ismedel.","og_url":"https:\/\/masterchem.fi\/sv\/produkt\/isopropylalkohol-cas-67-63-0\/","og_site_name":"MasterChem | kemikaalien tuotanto ja myynti","article_modified_time":"2022-07-12T10:03:55+00:00","twitter_card":"summary_large_image","twitter_misc":{"Ber\u00e4knad l\u00e4stid":"1 minut"},"schema":{"@context":"https:\/\/schema.org","@graph":[{"@type":"WebPage","@id":"https:\/\/masterchem.fi\/sv\/produkt\/isopropylalkohol-cas-67-63-0\/","url":"https:\/\/masterchem.fi\/sv\/produkt\/isopropylalkohol-cas-67-63-0\/","name":"Isopropylalkohol (CAS 67-63-0) - MasterChem | kemikaalien tuotanto ja myynti","isPartOf":{"@id":"https:\/\/masterchem.fi\/sv\/#website"},"primaryImageOfPage":{"@id":"https:\/\/masterchem.fi\/sv\/produkt\/isopropylalkohol-cas-67-63-0\/#primaryimage"},"image":{"@id":"https:\/\/masterchem.fi\/sv\/produkt\/isopropylalkohol-cas-67-63-0\/#primaryimage"},"thumbnailUrl":"https:\/\/masterchem.fi\/wp-content\/uploads\/2019\/04\/Isopropyl-Alcohol-1000l-MaterChem.jpg","datePublished":"2019-04-24T15:01:23+00:00","dateModified":"2022-07-12T10:03:55+00:00","description":"I Finland anv\u00e4nds isopropanol som l\u00f6sningsmedel och tv\u00e4ttv\u00e4tska i t.ex. f\u00e4rg-, tryckf\u00e4rg-, livsmedels- och l\u00e4kemedelsindustrin. Isopropanol anv\u00e4nds ocks\u00e5 i reng\u00f6ringsmedel, desinfektionsmedel och anti-ismedel.","breadcrumb":{"@id":"https:\/\/masterchem.fi\/sv\/produkt\/isopropylalkohol-cas-67-63-0\/#breadcrumb"},"inLanguage":"sv-SE","potentialAction":[{"@type":"ReadAction","target":["https:\/\/masterchem.fi\/sv\/produkt\/isopropylalkohol-cas-67-63-0\/"]}]},{"@type":"ImageObject","inLanguage":"sv-SE","@id":"https:\/\/masterchem.fi\/sv\/produkt\/isopropylalkohol-cas-67-63-0\/#primaryimage","url":"https:\/\/masterchem.fi\/wp-content\/uploads\/2019\/04\/Isopropyl-Alcohol-1000l-MaterChem.jpg","contentUrl":"https:\/\/masterchem.fi\/wp-content\/uploads\/2019\/04\/Isopropyl-Alcohol-1000l-MaterChem.jpg","width":1000,"height":1000,"caption":"2-propanoli 1000l MaterChem"},{"@type":"BreadcrumbList","@id":"https:\/\/masterchem.fi\/sv\/produkt\/isopropylalkohol-cas-67-63-0\/#breadcrumb","itemListElement":[{"@type":"ListItem","position":1,"name":"Home","item":"https:\/\/masterchem.fi\/sv\/"},{"@type":"ListItem","position":2,"name":"Butik","item":"https:\/\/masterchem.fi\/sv\/butik\/"},{"@type":"ListItem","position":3,"name":"Isopropylalkohol (CAS 67-63-0)"}]},{"@type":"WebSite","@id":"https:\/\/masterchem.fi\/sv\/#website","url":"https:\/\/masterchem.fi\/sv\/","name":"MasterChem | kemikaalien tuotanto ja myynti","description":"kemikaalien tuotanto ja myynti","potentialAction":[{"@type":"SearchAction","target":{"@type":"EntryPoint","urlTemplate":"https:\/\/masterchem.fi\/sv\/?s={search_term_string}"},"query-input":{"@type":"PropertyValueSpecification","valueRequired":true,"valueName":"search_term_string"}}],"inLanguage":"sv-SE"}]}},"_links":{"self":[{"href":"https:\/\/masterchem.fi\/sv\/wp-json\/wp\/v2\/product\/7508","targetHints":{"allow":["GET"]}}],"collection":[{"href":"https:\/\/masterchem.fi\/sv\/wp-json\/wp\/v2\/product"}],"about":[{"href":"https:\/\/masterchem.fi\/sv\/wp-json\/wp\/v2\/types\/product"}],"wp:featuredmedia":[{"embeddable":true,"href":"https:\/\/masterchem.fi\/sv\/wp-json\/wp\/v2\/media\/5973"}],"wp:attachment":[{"href":"https:\/\/masterchem.fi\/sv\/wp-json\/wp\/v2\/media?parent=7508"}],"wp:term":[{"taxonomy":"product_brand","embeddable":true,"href":"https:\/\/masterchem.fi\/sv\/wp-json\/wp\/v2\/product_brand?post=7508"},{"taxonomy":"product_cat","embeddable":true,"href":"https:\/\/masterchem.fi\/sv\/wp-json\/wp\/v2\/product_cat?post=7508"},{"taxonomy":"product_tag","embeddable":true,"href":"https:\/\/masterchem.fi\/sv\/wp-json\/wp\/v2\/product_tag?post=7508"}],"curies":[{"name":"wp","href":"https:\/\/api.w.org\/{rel}","templated":true}]}}