{"id":7517,"date":"2019-06-01T02:56:26","date_gmt":"2019-05-31T23:56:26","guid":{"rendered":"https:\/\/masterchem.fi\/product\/tetrakloreten\/"},"modified":"2022-04-21T11:14:42","modified_gmt":"2022-04-21T08:14:42","slug":"tetrakloreten-cas-127-18-4","status":"publish","type":"product","link":"https:\/\/masterchem.fi\/sv\/produkt\/tetrakloreten-cas-127-18-4\/","title":{"rendered":"Tetrakloreten (CAS 127-18-4)"},"content":{"rendered":"<p> F\u00f6reningen framst\u00e4lldes f\u00f6rst av Michael Faraday 1821 genom upphettning av hexakloretan. Idag framst\u00e4lls tetrakloreten genom klorering av eten, trikloreten eller 1,2-dikloretan, oxiklorering av 1-2-dikloretan och vissa andra halogenerade kolv\u00e4ten, eller pyrolys eller eliminering av tetraklormetan fr\u00e5n pentakloretan. <\/p>\n<p> Huvudanv\u00e4ndningen av tetrakloreten \u00e4r kemtv\u00e4tt av kl\u00e4der, som anv\u00e4nder cirka 80% av all producerad tetrakloreten. Andra applikationer inkluderar produktion av CFC och trikloracetylklorid och triklor\u00e4ttiksyra, f\u00e4rgningsprocesser och reng\u00f6ring av metallytor. <\/p>\n<p> <strong> Aysisk-kemiska egenskaper <\/strong> <br \/>\nMolekylvikt: 165,8 <br \/>\nDensitet: 1,6 (vatten = 1) vid 20 \u00b0 C <br \/>\nSm\u00e4ltpunkt: -22 \u00b0 C <br \/>\nKokpunkt: 121 \u00b0 C <br \/>\n\u00c5ngtryck: 1,9 kPa vid 20 \u00b0 C <br \/>\n\u00c5ngdensitet: 5,8 (luft = 1) <br \/>\nKonstant koncentration: 1,9% (19 000 ppm) vid 20 \u00b0 C; l\u00e4tt flyktig <br \/>\nL\u00f6slighet: lite l\u00f6slig i vatten (149 mg \/ l); l\u00f6slig i etanol, aceton, dietyleter, kloroform, bensen och de flesta andra organiska l\u00f6sningsmedel <br \/>\nF\u00f6rdelningskoefficient, P (n-oktanol \/ vatten): log Pow = 2,53, fettbaserad <br \/>\nHenrys lagkonstant: 2 \u2022 10-2 atm m3 \/ mol; avdunstar mycket l\u00e4tt fr\u00e5n vatten <br \/>\nOmvandlingsfaktorer, (\u00e5nga) vid 20 \u00b0 C: 1 ppm = 6,90 mg \/ m3, 1 mg \/ m3 = 0,14 ppm <br \/>\nLuktgr\u00e4ns: 5 till 50 ppm (35 till 350 mg \/ m3); lukt varnar inte f\u00f6r h\u00e4lsorisker <\/p>\n","protected":false},"excerpt":{"rendered":"<p> <b> Andra namn: tetrakloreten, tetrakloreten, perkloretylen <\/b> <\/p>\n<p> Tetrakloreten eller tetrakloreten (C <sub> 2 <\/sub> Cl <sub> 4 <\/sub>) \u00e4r en perklorerad alken. F\u00f6reningen anv\u00e4nds som l\u00f6sningsmedel, kemtv\u00e4tt och vid tillverkning av vissa f\u00f6reningar. <\/p>\n","protected":false},"featured_media":6235,"template":"","meta":[],"product_brand":[],"product_cat":[116,104,105,108,112,114],"product_tag":[],"class_list":{"0":"post-7517","1":"product","2":"type-product","3":"status-publish","4":"has-post-thumbnail","6":"product_cat-alla-produkter","7":"product_cat-bil-och-maskinkemikalier","8":"product_cat-hushallskemikalier-sv","9":"product_cat-metallkemikalier","10":"product_cat-byggbranschen","11":"product_cat-typografiska-kemikalier","13":"first","14":"outofstock","15":"taxable","16":"shipping-taxable","17":"purchasable","18":"product-type-variable","19":"has-default-attributes","20":"rtwpvg-product"},"yoast_head":"<!-- This site is optimized with the Yoast SEO plugin v27.5 - https:\/\/yoast.com\/product\/yoast-seo-wordpress\/ -->\n<title>Tetrakloreten (CAS 127-18-4) - MasterChem | kemikaalien tuotanto ja myynti<\/title>\n<meta name=\"description\" content=\"Tetrakloreten eller tetrakloreten eller perkloreten (C2Cl4) \u00e4r en perklorerad alken. F\u00f6reningen anv\u00e4nds som l\u00f6sningsmedel, torrt tv\u00e4ttmedel och vid framst\u00e4llning av vissa f\u00f6reningar.\" \/>\n<meta name=\"robots\" content=\"index, follow, max-snippet:-1, max-image-preview:large, max-video-preview:-1\" \/>\n<link rel=\"canonical\" href=\"https:\/\/masterchem.fi\/sv\/produkt\/tetrakloreten-cas-127-18-4\/\" \/>\n<meta property=\"og:locale\" content=\"sv_SE\" \/>\n<meta property=\"og:type\" content=\"article\" \/>\n<meta property=\"og:title\" content=\"Tetrakloreten (CAS 127-18-4) - MasterChem | kemikaalien tuotanto ja myynti\" \/>\n<meta property=\"og:description\" content=\"Tetrakloreten eller tetrakloreten eller perkloreten (C2Cl4) \u00e4r en perklorerad alken. F\u00f6reningen anv\u00e4nds som l\u00f6sningsmedel, torrt tv\u00e4ttmedel och vid framst\u00e4llning av vissa f\u00f6reningar.\" \/>\n<meta property=\"og:url\" content=\"https:\/\/masterchem.fi\/sv\/produkt\/tetrakloreten-cas-127-18-4\/\" \/>\n<meta property=\"og:site_name\" content=\"MasterChem | kemikaalien tuotanto ja myynti\" \/>\n<meta property=\"article:modified_time\" content=\"2022-04-21T08:14:42+00:00\" \/>\n<meta name=\"twitter:card\" content=\"summary_large_image\" \/>\n<meta name=\"twitter:label1\" content=\"Ber\u00e4knad l\u00e4stid\" \/>\n\t<meta name=\"twitter:data1\" content=\"1 minut\" \/>\n<script type=\"application\/ld+json\" class=\"yoast-schema-graph\">{\"@context\":\"https:\\\/\\\/schema.org\",\"@graph\":[{\"@type\":\"WebPage\",\"@id\":\"https:\\\/\\\/masterchem.fi\\\/sv\\\/produkt\\\/tetrakloreten-cas-127-18-4\\\/\",\"url\":\"https:\\\/\\\/masterchem.fi\\\/sv\\\/produkt\\\/tetrakloreten-cas-127-18-4\\\/\",\"name\":\"Tetrakloreten (CAS 127-18-4) - MasterChem | kemikaalien tuotanto ja myynti\",\"isPartOf\":{\"@id\":\"https:\\\/\\\/masterchem.fi\\\/sv\\\/#website\"},\"primaryImageOfPage\":{\"@id\":\"https:\\\/\\\/masterchem.fi\\\/sv\\\/produkt\\\/tetrakloreten-cas-127-18-4\\\/#primaryimage\"},\"image\":{\"@id\":\"https:\\\/\\\/masterchem.fi\\\/sv\\\/produkt\\\/tetrakloreten-cas-127-18-4\\\/#primaryimage\"},\"thumbnailUrl\":\"https:\\\/\\\/masterchem.fi\\\/wp-content\\\/uploads\\\/2019\\\/06\\\/Tetrakloorieteeni-1000l-MaterChem.jpg\",\"datePublished\":\"2019-05-31T23:56:26+00:00\",\"dateModified\":\"2022-04-21T08:14:42+00:00\",\"description\":\"Tetrakloreten eller tetrakloreten eller perkloreten (C2Cl4) \u00e4r en perklorerad alken. F\u00f6reningen anv\u00e4nds som l\u00f6sningsmedel, torrt tv\u00e4ttmedel och vid framst\u00e4llning av vissa f\u00f6reningar.\",\"breadcrumb\":{\"@id\":\"https:\\\/\\\/masterchem.fi\\\/sv\\\/produkt\\\/tetrakloreten-cas-127-18-4\\\/#breadcrumb\"},\"inLanguage\":\"sv-SE\",\"potentialAction\":[{\"@type\":\"ReadAction\",\"target\":[\"https:\\\/\\\/masterchem.fi\\\/sv\\\/produkt\\\/tetrakloreten-cas-127-18-4\\\/\"]}]},{\"@type\":\"ImageObject\",\"inLanguage\":\"sv-SE\",\"@id\":\"https:\\\/\\\/masterchem.fi\\\/sv\\\/produkt\\\/tetrakloreten-cas-127-18-4\\\/#primaryimage\",\"url\":\"https:\\\/\\\/masterchem.fi\\\/wp-content\\\/uploads\\\/2019\\\/06\\\/Tetrakloorieteeni-1000l-MaterChem.jpg\",\"contentUrl\":\"https:\\\/\\\/masterchem.fi\\\/wp-content\\\/uploads\\\/2019\\\/06\\\/Tetrakloorieteeni-1000l-MaterChem.jpg\",\"width\":1000,\"height\":1000,\"caption\":\"Tetrakloorieteeni 1000l MaterChem\"},{\"@type\":\"BreadcrumbList\",\"@id\":\"https:\\\/\\\/masterchem.fi\\\/sv\\\/produkt\\\/tetrakloreten-cas-127-18-4\\\/#breadcrumb\",\"itemListElement\":[{\"@type\":\"ListItem\",\"position\":1,\"name\":\"Home\",\"item\":\"https:\\\/\\\/masterchem.fi\\\/sv\\\/\"},{\"@type\":\"ListItem\",\"position\":2,\"name\":\"Butik\",\"item\":\"https:\\\/\\\/masterchem.fi\\\/sv\\\/butik\\\/\"},{\"@type\":\"ListItem\",\"position\":3,\"name\":\"Tetrakloreten (CAS 127-18-4)\"}]},{\"@type\":\"WebSite\",\"@id\":\"https:\\\/\\\/masterchem.fi\\\/sv\\\/#website\",\"url\":\"https:\\\/\\\/masterchem.fi\\\/sv\\\/\",\"name\":\"MasterChem | kemikaalien tuotanto ja myynti\",\"description\":\"kemikaalien tuotanto ja myynti\",\"potentialAction\":[{\"@type\":\"SearchAction\",\"target\":{\"@type\":\"EntryPoint\",\"urlTemplate\":\"https:\\\/\\\/masterchem.fi\\\/sv\\\/?s={search_term_string}\"},\"query-input\":{\"@type\":\"PropertyValueSpecification\",\"valueRequired\":true,\"valueName\":\"search_term_string\"}}],\"inLanguage\":\"sv-SE\"}]}<\/script>\n<!-- \/ Yoast SEO plugin. -->","yoast_head_json":{"title":"Tetrakloreten (CAS 127-18-4) - MasterChem | kemikaalien tuotanto ja myynti","description":"Tetrakloreten eller tetrakloreten eller perkloreten (C2Cl4) \u00e4r en perklorerad alken. F\u00f6reningen anv\u00e4nds som l\u00f6sningsmedel, torrt tv\u00e4ttmedel och vid framst\u00e4llning av vissa f\u00f6reningar.","robots":{"index":"index","follow":"follow","max-snippet":"max-snippet:-1","max-image-preview":"max-image-preview:large","max-video-preview":"max-video-preview:-1"},"canonical":"https:\/\/masterchem.fi\/sv\/produkt\/tetrakloreten-cas-127-18-4\/","og_locale":"sv_SE","og_type":"article","og_title":"Tetrakloreten (CAS 127-18-4) - MasterChem | kemikaalien tuotanto ja myynti","og_description":"Tetrakloreten eller tetrakloreten eller perkloreten (C2Cl4) \u00e4r en perklorerad alken. F\u00f6reningen anv\u00e4nds som l\u00f6sningsmedel, torrt tv\u00e4ttmedel och vid framst\u00e4llning av vissa f\u00f6reningar.","og_url":"https:\/\/masterchem.fi\/sv\/produkt\/tetrakloreten-cas-127-18-4\/","og_site_name":"MasterChem | kemikaalien tuotanto ja myynti","article_modified_time":"2022-04-21T08:14:42+00:00","twitter_card":"summary_large_image","twitter_misc":{"Ber\u00e4knad l\u00e4stid":"1 minut"},"schema":{"@context":"https:\/\/schema.org","@graph":[{"@type":"WebPage","@id":"https:\/\/masterchem.fi\/sv\/produkt\/tetrakloreten-cas-127-18-4\/","url":"https:\/\/masterchem.fi\/sv\/produkt\/tetrakloreten-cas-127-18-4\/","name":"Tetrakloreten (CAS 127-18-4) - MasterChem | kemikaalien tuotanto ja myynti","isPartOf":{"@id":"https:\/\/masterchem.fi\/sv\/#website"},"primaryImageOfPage":{"@id":"https:\/\/masterchem.fi\/sv\/produkt\/tetrakloreten-cas-127-18-4\/#primaryimage"},"image":{"@id":"https:\/\/masterchem.fi\/sv\/produkt\/tetrakloreten-cas-127-18-4\/#primaryimage"},"thumbnailUrl":"https:\/\/masterchem.fi\/wp-content\/uploads\/2019\/06\/Tetrakloorieteeni-1000l-MaterChem.jpg","datePublished":"2019-05-31T23:56:26+00:00","dateModified":"2022-04-21T08:14:42+00:00","description":"Tetrakloreten eller tetrakloreten eller perkloreten (C2Cl4) \u00e4r en perklorerad alken. F\u00f6reningen anv\u00e4nds som l\u00f6sningsmedel, torrt tv\u00e4ttmedel och vid framst\u00e4llning av vissa f\u00f6reningar.","breadcrumb":{"@id":"https:\/\/masterchem.fi\/sv\/produkt\/tetrakloreten-cas-127-18-4\/#breadcrumb"},"inLanguage":"sv-SE","potentialAction":[{"@type":"ReadAction","target":["https:\/\/masterchem.fi\/sv\/produkt\/tetrakloreten-cas-127-18-4\/"]}]},{"@type":"ImageObject","inLanguage":"sv-SE","@id":"https:\/\/masterchem.fi\/sv\/produkt\/tetrakloreten-cas-127-18-4\/#primaryimage","url":"https:\/\/masterchem.fi\/wp-content\/uploads\/2019\/06\/Tetrakloorieteeni-1000l-MaterChem.jpg","contentUrl":"https:\/\/masterchem.fi\/wp-content\/uploads\/2019\/06\/Tetrakloorieteeni-1000l-MaterChem.jpg","width":1000,"height":1000,"caption":"Tetrakloorieteeni 1000l MaterChem"},{"@type":"BreadcrumbList","@id":"https:\/\/masterchem.fi\/sv\/produkt\/tetrakloreten-cas-127-18-4\/#breadcrumb","itemListElement":[{"@type":"ListItem","position":1,"name":"Home","item":"https:\/\/masterchem.fi\/sv\/"},{"@type":"ListItem","position":2,"name":"Butik","item":"https:\/\/masterchem.fi\/sv\/butik\/"},{"@type":"ListItem","position":3,"name":"Tetrakloreten (CAS 127-18-4)"}]},{"@type":"WebSite","@id":"https:\/\/masterchem.fi\/sv\/#website","url":"https:\/\/masterchem.fi\/sv\/","name":"MasterChem | kemikaalien tuotanto ja myynti","description":"kemikaalien tuotanto ja myynti","potentialAction":[{"@type":"SearchAction","target":{"@type":"EntryPoint","urlTemplate":"https:\/\/masterchem.fi\/sv\/?s={search_term_string}"},"query-input":{"@type":"PropertyValueSpecification","valueRequired":true,"valueName":"search_term_string"}}],"inLanguage":"sv-SE"}]}},"_links":{"self":[{"href":"https:\/\/masterchem.fi\/sv\/wp-json\/wp\/v2\/product\/7517","targetHints":{"allow":["GET"]}}],"collection":[{"href":"https:\/\/masterchem.fi\/sv\/wp-json\/wp\/v2\/product"}],"about":[{"href":"https:\/\/masterchem.fi\/sv\/wp-json\/wp\/v2\/types\/product"}],"wp:featuredmedia":[{"embeddable":true,"href":"https:\/\/masterchem.fi\/sv\/wp-json\/wp\/v2\/media\/6235"}],"wp:attachment":[{"href":"https:\/\/masterchem.fi\/sv\/wp-json\/wp\/v2\/media?parent=7517"}],"wp:term":[{"taxonomy":"product_brand","embeddable":true,"href":"https:\/\/masterchem.fi\/sv\/wp-json\/wp\/v2\/product_brand?post=7517"},{"taxonomy":"product_cat","embeddable":true,"href":"https:\/\/masterchem.fi\/sv\/wp-json\/wp\/v2\/product_cat?post=7517"},{"taxonomy":"product_tag","embeddable":true,"href":"https:\/\/masterchem.fi\/sv\/wp-json\/wp\/v2\/product_tag?post=7517"}],"curies":[{"name":"wp","href":"https:\/\/api.w.org\/{rel}","templated":true}]}}