{"id":7526,"date":"2019-06-01T03:18:19","date_gmt":"2019-06-01T00:18:19","guid":{"rendered":"https:\/\/masterchem.fi\/product\/vindrutetvatt-sommar-masterchem\/"},"modified":"2019-06-01T03:18:19","modified_gmt":"2019-06-01T00:18:19","slug":"vindrutetvatt-sommar-masterchem","status":"publish","type":"product","link":"https:\/\/masterchem.fi\/sv\/produkt\/vindrutetvatt-sommar-masterchem\/","title":{"rendered":"Vindrutetv\u00e4tt sommar MasterChem"},"content":{"rendered":"<p> <b> Kemiskt namn: <\/b> Spolv\u00e4tska f\u00f6r vindrutor <\/p>\n<p> <strong> Produkttyp: <\/strong> F\u00e4rdig att anv\u00e4nda <\/p>\n<p> <strong> F\u00f6rpackning: <\/strong> 5 liters kapsel, 200 liters fat, 500 liter IBC, 1000 liter IBC-beh\u00e5llare <\/p>\n<p> <strong> Ursprungsland: <\/strong> Estland <\/p>\n<p> <strong> Fryspunkt <\/strong> 0 \u00b0 C <\/p>\n<p> <strong> Utseende: <\/strong> R\u00f6d eller gr\u00f6n v\u00e4tska, klar, utan mekaniska f\u00f6roreningar <\/p>\n<p> <strong> Densitet vid 20 \u00b0 C <\/strong>: 0,99 + -0,01 kg \/ m 3, v\u00e4tska <\/p>\n<p> <strong> PH <\/strong> 6.5 &#8211; 7.5 <\/p>\n<p> <strong> Prim\u00e4rt inneh\u00e5ll,%: <\/strong> 99,8-99,9 <\/p>\n<p> <strong> Rekommenderad lagringstemperatur minimum <\/strong>: 0 C max: 38 \u00b0 C <\/p>\n<p> <strong> H\u00e5llbarhet (originalf\u00f6rpackning): <\/strong> 12 bilagor <\/p>\n","protected":false},"excerpt":{"rendered":"<p>F\u00e4rdig att anv\u00e4nda vindrutespolv\u00e4tska f\u00f6r sommaren. Inneh\u00e5ller speciella tillsatser (nano) f\u00f6r att avl\u00e4gsna insektsrester och smuts fr\u00e5n vindrutan. Skador inte p\u00e5 gummi- eller plastdelar. Tillverkad av MasterChem.<\/p>\n","protected":false},"featured_media":6492,"template":"","meta":[],"product_brand":[],"product_cat":[103,104,105,116],"product_tag":[],"class_list":{"0":"post-7526","1":"product","2":"type-product","3":"status-publish","4":"has-post-thumbnail","6":"product_cat-frostskydd","7":"product_cat-bil-och-maskinkemikalier","8":"product_cat-hushallskemikalier-sv","9":"product_cat-alla-produkter","11":"first","12":"instock","13":"taxable","14":"shipping-taxable","15":"purchasable","16":"product-type-variable","17":"has-default-attributes","18":"rtwpvg-product"},"yoast_head":"<!-- This site is optimized with the Yoast SEO plugin v27.5 - https:\/\/yoast.com\/product\/yoast-seo-wordpress\/ -->\n<title>Vindrutetv\u00e4tt sommar MasterChem - MasterChem | kemikaalien tuotanto ja myynti<\/title>\n<meta name=\"description\" content=\"F\u00e4rdig att anv\u00e4nda vindrutespolv\u00e4tska f\u00f6r sommaren. Inneh\u00e5ller speciella tillsatser (nano) f\u00f6r att avl\u00e4gsna insektsrester och smuts fr\u00e5n vindrutan. Skador inte p\u00e5 gummi- eller plastdelar. Tillverkad av MasterChem.\" \/>\n<meta name=\"robots\" content=\"index, follow, max-snippet:-1, max-image-preview:large, max-video-preview:-1\" \/>\n<link rel=\"canonical\" href=\"https:\/\/masterchem.fi\/sv\/produkt\/vindrutetvatt-sommar-masterchem\/\" \/>\n<meta property=\"og:locale\" content=\"sv_SE\" \/>\n<meta property=\"og:type\" content=\"article\" \/>\n<meta property=\"og:title\" content=\"Vindrutetv\u00e4tt sommar MasterChem - MasterChem | kemikaalien tuotanto ja myynti\" \/>\n<meta property=\"og:description\" content=\"F\u00e4rdig att anv\u00e4nda vindrutespolv\u00e4tska f\u00f6r sommaren. Inneh\u00e5ller speciella tillsatser (nano) f\u00f6r att avl\u00e4gsna insektsrester och smuts fr\u00e5n vindrutan. Skador inte p\u00e5 gummi- eller plastdelar. Tillverkad av MasterChem.\" \/>\n<meta property=\"og:url\" content=\"https:\/\/masterchem.fi\/sv\/produkt\/vindrutetvatt-sommar-masterchem\/\" \/>\n<meta property=\"og:site_name\" content=\"MasterChem | kemikaalien tuotanto ja myynti\" \/>\n<meta name=\"twitter:card\" content=\"summary_large_image\" \/>\n<script type=\"application\/ld+json\" class=\"yoast-schema-graph\">{\"@context\":\"https:\\\/\\\/schema.org\",\"@graph\":[{\"@type\":\"WebPage\",\"@id\":\"https:\\\/\\\/masterchem.fi\\\/sv\\\/produkt\\\/vindrutetvatt-sommar-masterchem\\\/\",\"url\":\"https:\\\/\\\/masterchem.fi\\\/sv\\\/produkt\\\/vindrutetvatt-sommar-masterchem\\\/\",\"name\":\"Vindrutetv\u00e4tt sommar MasterChem - MasterChem | kemikaalien tuotanto ja myynti\",\"isPartOf\":{\"@id\":\"https:\\\/\\\/masterchem.fi\\\/sv\\\/#website\"},\"primaryImageOfPage\":{\"@id\":\"https:\\\/\\\/masterchem.fi\\\/sv\\\/produkt\\\/vindrutetvatt-sommar-masterchem\\\/#primaryimage\"},\"image\":{\"@id\":\"https:\\\/\\\/masterchem.fi\\\/sv\\\/produkt\\\/vindrutetvatt-sommar-masterchem\\\/#primaryimage\"},\"thumbnailUrl\":\"https:\\\/\\\/masterchem.fi\\\/wp-content\\\/uploads\\\/2019\\\/06\\\/TUULILASINPESIN-KES\u00c4-MASTERCHEM-1000L-MasterChem.jpg\",\"datePublished\":\"2019-06-01T00:18:19+00:00\",\"description\":\"F\u00e4rdig att anv\u00e4nda vindrutespolv\u00e4tska f\u00f6r sommaren. Inneh\u00e5ller speciella tillsatser (nano) f\u00f6r att avl\u00e4gsna insektsrester och smuts fr\u00e5n vindrutan. Skador inte p\u00e5 gummi- eller plastdelar. Tillverkad av MasterChem.\",\"breadcrumb\":{\"@id\":\"https:\\\/\\\/masterchem.fi\\\/sv\\\/produkt\\\/vindrutetvatt-sommar-masterchem\\\/#breadcrumb\"},\"inLanguage\":\"sv-SE\",\"potentialAction\":[{\"@type\":\"ReadAction\",\"target\":[\"https:\\\/\\\/masterchem.fi\\\/sv\\\/produkt\\\/vindrutetvatt-sommar-masterchem\\\/\"]}]},{\"@type\":\"ImageObject\",\"inLanguage\":\"sv-SE\",\"@id\":\"https:\\\/\\\/masterchem.fi\\\/sv\\\/produkt\\\/vindrutetvatt-sommar-masterchem\\\/#primaryimage\",\"url\":\"https:\\\/\\\/masterchem.fi\\\/wp-content\\\/uploads\\\/2019\\\/06\\\/TUULILASINPESIN-KES\u00c4-MASTERCHEM-1000L-MasterChem.jpg\",\"contentUrl\":\"https:\\\/\\\/masterchem.fi\\\/wp-content\\\/uploads\\\/2019\\\/06\\\/TUULILASINPESIN-KES\u00c4-MASTERCHEM-1000L-MasterChem.jpg\",\"width\":1000,\"height\":750,\"caption\":\"TUULILASINPESIN KES\u00c4 MASTERCHEM 1000L MasterChem\"},{\"@type\":\"BreadcrumbList\",\"@id\":\"https:\\\/\\\/masterchem.fi\\\/sv\\\/produkt\\\/vindrutetvatt-sommar-masterchem\\\/#breadcrumb\",\"itemListElement\":[{\"@type\":\"ListItem\",\"position\":1,\"name\":\"Home\",\"item\":\"https:\\\/\\\/masterchem.fi\\\/sv\\\/\"},{\"@type\":\"ListItem\",\"position\":2,\"name\":\"Butik\",\"item\":\"https:\\\/\\\/masterchem.fi\\\/sv\\\/butik\\\/\"},{\"@type\":\"ListItem\",\"position\":3,\"name\":\"Vindrutetv\u00e4tt sommar MasterChem\"}]},{\"@type\":\"WebSite\",\"@id\":\"https:\\\/\\\/masterchem.fi\\\/sv\\\/#website\",\"url\":\"https:\\\/\\\/masterchem.fi\\\/sv\\\/\",\"name\":\"MasterChem | kemikaalien tuotanto ja myynti\",\"description\":\"kemikaalien tuotanto ja myynti\",\"potentialAction\":[{\"@type\":\"SearchAction\",\"target\":{\"@type\":\"EntryPoint\",\"urlTemplate\":\"https:\\\/\\\/masterchem.fi\\\/sv\\\/?s={search_term_string}\"},\"query-input\":{\"@type\":\"PropertyValueSpecification\",\"valueRequired\":true,\"valueName\":\"search_term_string\"}}],\"inLanguage\":\"sv-SE\"}]}<\/script>\n<!-- \/ Yoast SEO plugin. -->","yoast_head_json":{"title":"Vindrutetv\u00e4tt sommar MasterChem - MasterChem | kemikaalien tuotanto ja myynti","description":"F\u00e4rdig att anv\u00e4nda vindrutespolv\u00e4tska f\u00f6r sommaren. Inneh\u00e5ller speciella tillsatser (nano) f\u00f6r att avl\u00e4gsna insektsrester och smuts fr\u00e5n vindrutan. Skador inte p\u00e5 gummi- eller plastdelar. Tillverkad av MasterChem.","robots":{"index":"index","follow":"follow","max-snippet":"max-snippet:-1","max-image-preview":"max-image-preview:large","max-video-preview":"max-video-preview:-1"},"canonical":"https:\/\/masterchem.fi\/sv\/produkt\/vindrutetvatt-sommar-masterchem\/","og_locale":"sv_SE","og_type":"article","og_title":"Vindrutetv\u00e4tt sommar MasterChem - MasterChem | kemikaalien tuotanto ja myynti","og_description":"F\u00e4rdig att anv\u00e4nda vindrutespolv\u00e4tska f\u00f6r sommaren. Inneh\u00e5ller speciella tillsatser (nano) f\u00f6r att avl\u00e4gsna insektsrester och smuts fr\u00e5n vindrutan. Skador inte p\u00e5 gummi- eller plastdelar. Tillverkad av MasterChem.","og_url":"https:\/\/masterchem.fi\/sv\/produkt\/vindrutetvatt-sommar-masterchem\/","og_site_name":"MasterChem | kemikaalien tuotanto ja myynti","twitter_card":"summary_large_image","schema":{"@context":"https:\/\/schema.org","@graph":[{"@type":"WebPage","@id":"https:\/\/masterchem.fi\/sv\/produkt\/vindrutetvatt-sommar-masterchem\/","url":"https:\/\/masterchem.fi\/sv\/produkt\/vindrutetvatt-sommar-masterchem\/","name":"Vindrutetv\u00e4tt sommar MasterChem - MasterChem | kemikaalien tuotanto ja myynti","isPartOf":{"@id":"https:\/\/masterchem.fi\/sv\/#website"},"primaryImageOfPage":{"@id":"https:\/\/masterchem.fi\/sv\/produkt\/vindrutetvatt-sommar-masterchem\/#primaryimage"},"image":{"@id":"https:\/\/masterchem.fi\/sv\/produkt\/vindrutetvatt-sommar-masterchem\/#primaryimage"},"thumbnailUrl":"https:\/\/masterchem.fi\/wp-content\/uploads\/2019\/06\/TUULILASINPESIN-KES\u00c4-MASTERCHEM-1000L-MasterChem.jpg","datePublished":"2019-06-01T00:18:19+00:00","description":"F\u00e4rdig att anv\u00e4nda vindrutespolv\u00e4tska f\u00f6r sommaren. Inneh\u00e5ller speciella tillsatser (nano) f\u00f6r att avl\u00e4gsna insektsrester och smuts fr\u00e5n vindrutan. Skador inte p\u00e5 gummi- eller plastdelar. Tillverkad av MasterChem.","breadcrumb":{"@id":"https:\/\/masterchem.fi\/sv\/produkt\/vindrutetvatt-sommar-masterchem\/#breadcrumb"},"inLanguage":"sv-SE","potentialAction":[{"@type":"ReadAction","target":["https:\/\/masterchem.fi\/sv\/produkt\/vindrutetvatt-sommar-masterchem\/"]}]},{"@type":"ImageObject","inLanguage":"sv-SE","@id":"https:\/\/masterchem.fi\/sv\/produkt\/vindrutetvatt-sommar-masterchem\/#primaryimage","url":"https:\/\/masterchem.fi\/wp-content\/uploads\/2019\/06\/TUULILASINPESIN-KES\u00c4-MASTERCHEM-1000L-MasterChem.jpg","contentUrl":"https:\/\/masterchem.fi\/wp-content\/uploads\/2019\/06\/TUULILASINPESIN-KES\u00c4-MASTERCHEM-1000L-MasterChem.jpg","width":1000,"height":750,"caption":"TUULILASINPESIN KES\u00c4 MASTERCHEM 1000L MasterChem"},{"@type":"BreadcrumbList","@id":"https:\/\/masterchem.fi\/sv\/produkt\/vindrutetvatt-sommar-masterchem\/#breadcrumb","itemListElement":[{"@type":"ListItem","position":1,"name":"Home","item":"https:\/\/masterchem.fi\/sv\/"},{"@type":"ListItem","position":2,"name":"Butik","item":"https:\/\/masterchem.fi\/sv\/butik\/"},{"@type":"ListItem","position":3,"name":"Vindrutetv\u00e4tt sommar MasterChem"}]},{"@type":"WebSite","@id":"https:\/\/masterchem.fi\/sv\/#website","url":"https:\/\/masterchem.fi\/sv\/","name":"MasterChem | kemikaalien tuotanto ja myynti","description":"kemikaalien tuotanto ja myynti","potentialAction":[{"@type":"SearchAction","target":{"@type":"EntryPoint","urlTemplate":"https:\/\/masterchem.fi\/sv\/?s={search_term_string}"},"query-input":{"@type":"PropertyValueSpecification","valueRequired":true,"valueName":"search_term_string"}}],"inLanguage":"sv-SE"}]}},"_links":{"self":[{"href":"https:\/\/masterchem.fi\/sv\/wp-json\/wp\/v2\/product\/7526","targetHints":{"allow":["GET"]}}],"collection":[{"href":"https:\/\/masterchem.fi\/sv\/wp-json\/wp\/v2\/product"}],"about":[{"href":"https:\/\/masterchem.fi\/sv\/wp-json\/wp\/v2\/types\/product"}],"wp:featuredmedia":[{"embeddable":true,"href":"https:\/\/masterchem.fi\/sv\/wp-json\/wp\/v2\/media\/6492"}],"wp:attachment":[{"href":"https:\/\/masterchem.fi\/sv\/wp-json\/wp\/v2\/media?parent=7526"}],"wp:term":[{"taxonomy":"product_brand","embeddable":true,"href":"https:\/\/masterchem.fi\/sv\/wp-json\/wp\/v2\/product_brand?post=7526"},{"taxonomy":"product_cat","embeddable":true,"href":"https:\/\/masterchem.fi\/sv\/wp-json\/wp\/v2\/product_cat?post=7526"},{"taxonomy":"product_tag","embeddable":true,"href":"https:\/\/masterchem.fi\/sv\/wp-json\/wp\/v2\/product_tag?post=7526"}],"curies":[{"name":"wp","href":"https:\/\/api.w.org\/{rel}","templated":true}]}}