{"id":7544,"date":"2019-06-01T03:12:40","date_gmt":"2019-06-01T00:12:40","guid":{"rendered":"https:\/\/masterchem.fi\/product\/butylacetatlosningsmedel-bt-5090\/"},"modified":"2019-06-01T03:12:40","modified_gmt":"2019-06-01T00:12:40","slug":"butylacetatlosningsmedel-bt-5090","status":"publish","type":"product","link":"https:\/\/masterchem.fi\/sv\/produkt\/butylacetatlosningsmedel-bt-5090\/","title":{"rendered":"Butylacetatl\u00f6sningsmedel BT-5090"},"content":{"rendered":"<p> Beskrivning: <\/p>\n<p> Butylacetatl\u00f6sningsmedlet \u00e4r en produkt som \u00e4gs av MasterChem. Dess syfte var att skapa ett universellt l\u00f6sningsmedel f\u00f6r polyuretanf\u00e4rger och lacker samt f\u00f6r anv\u00e4ndning i nitrosystem som inte lyckas distribuera material till den lackerade ytan. Detta l\u00f6sningsmedel har en genomsnittlig flyktighet. Kompositionen \u00e4r en blandning av estrar av glykoler, acetater, aromatiska l\u00f6sningsmedel. <\/p>\n<p> Till\u00e4mpning och anv\u00e4ndning: <\/p>\n<p> BT-5090 butylacetatl\u00f6sningsmedlet \u00e4r utformat f\u00f6r att minska viskositeten hos transparenta eller tonade polyuretanlack samt f\u00e4rger innan de appliceras p\u00e5 olika s\u00e4tt. Den kan anv\u00e4ndas f\u00f6r att tv\u00e4tta olika lack- och m\u00e5lningsverktyg. Det anv\u00e4nds ocks\u00e5 f\u00f6r att bibeh\u00e5lla och minska bel\u00e4ggningens viskositet genom sprutning eller doppning. <\/p>\n<p> F\u00f6rpackning: <br \/>\n0,5 L <br \/>\n5 l plastbeh\u00e5llare <br \/>\n10 l plastbeh\u00e5llare <br \/>\n20 lit. metallhink UN <br \/>\n25 lit. plastbeh\u00e5llare <br \/>\n200 lit. metallfat UN <br \/>\n500 lit. FN-konto <br \/>\n1000 lit. FN-konto <br \/>\n24 mt i bulk <br \/>\nlagring: <\/p>\n<p> F\u00f6rvara produkten mellan 0 \u00b0 C och 35 \u00b0 C och uts\u00e4tt den inte f\u00f6r direkt solljus. <\/p>\n","protected":false},"excerpt":{"rendered":"<p>BT-5090 butylacetatl\u00f6sningsmedlet \u00e4r utformat f\u00f6r att minska viskositeten hos transparenta eller tonade polyuretanlack samt f\u00e4rger innan de appliceras p\u00e5 olika s\u00e4tt. Den kan anv\u00e4ndas f\u00f6r att tv\u00e4tta olika lack- och m\u00e5lningsverktyg. Det anv\u00e4nds ocks\u00e5 f\u00f6r att bibeh\u00e5lla och minska bel\u00e4ggningens viskositet genom sprutning eller doppning.<\/p>\n","protected":false},"featured_media":6437,"template":"","meta":[],"product_brand":[],"product_cat":[104,108,111,112,113,116],"product_tag":[],"class_list":{"0":"post-7544","1":"product","2":"type-product","3":"status-publish","4":"has-post-thumbnail","6":"product_cat-bil-och-maskinkemikalier","7":"product_cat-metallkemikalier","8":"product_cat-trabearbetningskemikalier","9":"product_cat-byggbranschen","10":"product_cat-vaggmalning","11":"product_cat-alla-produkter","13":"first","14":"instock","15":"featured","16":"taxable","17":"shipping-taxable","18":"purchasable","19":"product-type-variable","20":"has-default-attributes","21":"rtwpvg-product"},"yoast_head":"<!-- This site is optimized with the Yoast SEO plugin v27.2 - https:\/\/yoast.com\/product\/yoast-seo-wordpress\/ -->\n<title>Butylacetatl\u00f6sningsmedel BT-5090 - MasterChem | kemikaalien tuotanto ja myynti<\/title>\n<meta name=\"description\" content=\"BT-5090 butylacetatl\u00f6sningsmedlet \u00e4r utformat f\u00f6r att minska viskositeten hos transparenta eller tonade polyuretanlack samt f\u00e4rger innan de appliceras p\u00e5 olika s\u00e4tt. Den kan anv\u00e4ndas f\u00f6r att tv\u00e4tta olika lack- och m\u00e5lningsverktyg.\" \/>\n<meta name=\"robots\" content=\"index, follow, max-snippet:-1, max-image-preview:large, max-video-preview:-1\" \/>\n<link rel=\"canonical\" href=\"https:\/\/masterchem.fi\/sv\/produkt\/butylacetatlosningsmedel-bt-5090\/\" \/>\n<meta property=\"og:locale\" content=\"sv_SE\" \/>\n<meta property=\"og:type\" content=\"article\" \/>\n<meta property=\"og:title\" content=\"Butylacetatl\u00f6sningsmedel BT-5090 - MasterChem | kemikaalien tuotanto ja myynti\" \/>\n<meta property=\"og:description\" content=\"BT-5090 butylacetatl\u00f6sningsmedlet \u00e4r utformat f\u00f6r att minska viskositeten hos transparenta eller tonade polyuretanlack samt f\u00e4rger innan de appliceras p\u00e5 olika s\u00e4tt. Den kan anv\u00e4ndas f\u00f6r att tv\u00e4tta olika lack- och m\u00e5lningsverktyg.\" \/>\n<meta property=\"og:url\" content=\"https:\/\/masterchem.fi\/sv\/produkt\/butylacetatlosningsmedel-bt-5090\/\" \/>\n<meta property=\"og:site_name\" content=\"MasterChem | kemikaalien tuotanto ja myynti\" \/>\n<meta name=\"twitter:card\" content=\"summary_large_image\" \/>\n<meta name=\"twitter:label1\" content=\"Ber\u00e4knad l\u00e4stid\" \/>\n\t<meta name=\"twitter:data1\" content=\"1 minut\" \/>\n<script type=\"application\/ld+json\" class=\"yoast-schema-graph\">{\"@context\":\"https:\/\/schema.org\",\"@graph\":[{\"@type\":\"WebPage\",\"@id\":\"https:\/\/masterchem.fi\/sv\/produkt\/butylacetatlosningsmedel-bt-5090\/\",\"url\":\"https:\/\/masterchem.fi\/sv\/produkt\/butylacetatlosningsmedel-bt-5090\/\",\"name\":\"Butylacetatl\u00f6sningsmedel BT-5090 - MasterChem | kemikaalien tuotanto ja myynti\",\"isPartOf\":{\"@id\":\"https:\/\/masterchem.fi\/sv\/#website\"},\"primaryImageOfPage\":{\"@id\":\"https:\/\/masterchem.fi\/sv\/produkt\/butylacetatlosningsmedel-bt-5090\/#primaryimage\"},\"image\":{\"@id\":\"https:\/\/masterchem.fi\/sv\/produkt\/butylacetatlosningsmedel-bt-5090\/#primaryimage\"},\"thumbnailUrl\":\"https:\/\/masterchem.fi\/wp-content\/uploads\/2019\/06\/Thinner-Butylacetate-BT-5090-1000L.jpg\",\"datePublished\":\"2019-06-01T00:12:40+00:00\",\"description\":\"BT-5090 butylacetatl\u00f6sningsmedlet \u00e4r utformat f\u00f6r att minska viskositeten hos transparenta eller tonade polyuretanlack samt f\u00e4rger innan de appliceras p\u00e5 olika s\u00e4tt. Den kan anv\u00e4ndas f\u00f6r att tv\u00e4tta olika lack- och m\u00e5lningsverktyg.\",\"breadcrumb\":{\"@id\":\"https:\/\/masterchem.fi\/sv\/produkt\/butylacetatlosningsmedel-bt-5090\/#breadcrumb\"},\"inLanguage\":\"sv-SE\",\"potentialAction\":[{\"@type\":\"ReadAction\",\"target\":[\"https:\/\/masterchem.fi\/sv\/produkt\/butylacetatlosningsmedel-bt-5090\/\"]}]},{\"@type\":\"ImageObject\",\"inLanguage\":\"sv-SE\",\"@id\":\"https:\/\/masterchem.fi\/sv\/produkt\/butylacetatlosningsmedel-bt-5090\/#primaryimage\",\"url\":\"https:\/\/masterchem.fi\/wp-content\/uploads\/2019\/06\/Thinner-Butylacetate-BT-5090-1000L.jpg\",\"contentUrl\":\"https:\/\/masterchem.fi\/wp-content\/uploads\/2019\/06\/Thinner-Butylacetate-BT-5090-1000L.jpg\",\"width\":700,\"height\":700,\"caption\":\"Thinner Butylacetate BT-5090 1000L\"},{\"@type\":\"BreadcrumbList\",\"@id\":\"https:\/\/masterchem.fi\/sv\/produkt\/butylacetatlosningsmedel-bt-5090\/#breadcrumb\",\"itemListElement\":[{\"@type\":\"ListItem\",\"position\":1,\"name\":\"Home\",\"item\":\"https:\/\/masterchem.fi\/sv\/\"},{\"@type\":\"ListItem\",\"position\":2,\"name\":\"Butik\",\"item\":\"https:\/\/masterchem.fi\/sv\/butik\/\"},{\"@type\":\"ListItem\",\"position\":3,\"name\":\"Butylacetatl\u00f6sningsmedel BT-5090\"}]},{\"@type\":\"WebSite\",\"@id\":\"https:\/\/masterchem.fi\/sv\/#website\",\"url\":\"https:\/\/masterchem.fi\/sv\/\",\"name\":\"MasterChem | kemikaalien tuotanto ja myynti\",\"description\":\"kemikaalien tuotanto ja myynti\",\"potentialAction\":[{\"@type\":\"SearchAction\",\"target\":{\"@type\":\"EntryPoint\",\"urlTemplate\":\"https:\/\/masterchem.fi\/sv\/?s={search_term_string}\"},\"query-input\":{\"@type\":\"PropertyValueSpecification\",\"valueRequired\":true,\"valueName\":\"search_term_string\"}}],\"inLanguage\":\"sv-SE\"}]}<\/script>\n<!-- \/ Yoast SEO plugin. -->","yoast_head_json":{"title":"Butylacetatl\u00f6sningsmedel BT-5090 - MasterChem | kemikaalien tuotanto ja myynti","description":"BT-5090 butylacetatl\u00f6sningsmedlet \u00e4r utformat f\u00f6r att minska viskositeten hos transparenta eller tonade polyuretanlack samt f\u00e4rger innan de appliceras p\u00e5 olika s\u00e4tt. Den kan anv\u00e4ndas f\u00f6r att tv\u00e4tta olika lack- och m\u00e5lningsverktyg.","robots":{"index":"index","follow":"follow","max-snippet":"max-snippet:-1","max-image-preview":"max-image-preview:large","max-video-preview":"max-video-preview:-1"},"canonical":"https:\/\/masterchem.fi\/sv\/produkt\/butylacetatlosningsmedel-bt-5090\/","og_locale":"sv_SE","og_type":"article","og_title":"Butylacetatl\u00f6sningsmedel BT-5090 - MasterChem | kemikaalien tuotanto ja myynti","og_description":"BT-5090 butylacetatl\u00f6sningsmedlet \u00e4r utformat f\u00f6r att minska viskositeten hos transparenta eller tonade polyuretanlack samt f\u00e4rger innan de appliceras p\u00e5 olika s\u00e4tt. Den kan anv\u00e4ndas f\u00f6r att tv\u00e4tta olika lack- och m\u00e5lningsverktyg.","og_url":"https:\/\/masterchem.fi\/sv\/produkt\/butylacetatlosningsmedel-bt-5090\/","og_site_name":"MasterChem | kemikaalien tuotanto ja myynti","twitter_card":"summary_large_image","twitter_misc":{"Ber\u00e4knad l\u00e4stid":"1 minut"},"schema":{"@context":"https:\/\/schema.org","@graph":[{"@type":"WebPage","@id":"https:\/\/masterchem.fi\/sv\/produkt\/butylacetatlosningsmedel-bt-5090\/","url":"https:\/\/masterchem.fi\/sv\/produkt\/butylacetatlosningsmedel-bt-5090\/","name":"Butylacetatl\u00f6sningsmedel BT-5090 - MasterChem | kemikaalien tuotanto ja myynti","isPartOf":{"@id":"https:\/\/masterchem.fi\/sv\/#website"},"primaryImageOfPage":{"@id":"https:\/\/masterchem.fi\/sv\/produkt\/butylacetatlosningsmedel-bt-5090\/#primaryimage"},"image":{"@id":"https:\/\/masterchem.fi\/sv\/produkt\/butylacetatlosningsmedel-bt-5090\/#primaryimage"},"thumbnailUrl":"https:\/\/masterchem.fi\/wp-content\/uploads\/2019\/06\/Thinner-Butylacetate-BT-5090-1000L.jpg","datePublished":"2019-06-01T00:12:40+00:00","description":"BT-5090 butylacetatl\u00f6sningsmedlet \u00e4r utformat f\u00f6r att minska viskositeten hos transparenta eller tonade polyuretanlack samt f\u00e4rger innan de appliceras p\u00e5 olika s\u00e4tt. Den kan anv\u00e4ndas f\u00f6r att tv\u00e4tta olika lack- och m\u00e5lningsverktyg.","breadcrumb":{"@id":"https:\/\/masterchem.fi\/sv\/produkt\/butylacetatlosningsmedel-bt-5090\/#breadcrumb"},"inLanguage":"sv-SE","potentialAction":[{"@type":"ReadAction","target":["https:\/\/masterchem.fi\/sv\/produkt\/butylacetatlosningsmedel-bt-5090\/"]}]},{"@type":"ImageObject","inLanguage":"sv-SE","@id":"https:\/\/masterchem.fi\/sv\/produkt\/butylacetatlosningsmedel-bt-5090\/#primaryimage","url":"https:\/\/masterchem.fi\/wp-content\/uploads\/2019\/06\/Thinner-Butylacetate-BT-5090-1000L.jpg","contentUrl":"https:\/\/masterchem.fi\/wp-content\/uploads\/2019\/06\/Thinner-Butylacetate-BT-5090-1000L.jpg","width":700,"height":700,"caption":"Thinner Butylacetate BT-5090 1000L"},{"@type":"BreadcrumbList","@id":"https:\/\/masterchem.fi\/sv\/produkt\/butylacetatlosningsmedel-bt-5090\/#breadcrumb","itemListElement":[{"@type":"ListItem","position":1,"name":"Home","item":"https:\/\/masterchem.fi\/sv\/"},{"@type":"ListItem","position":2,"name":"Butik","item":"https:\/\/masterchem.fi\/sv\/butik\/"},{"@type":"ListItem","position":3,"name":"Butylacetatl\u00f6sningsmedel BT-5090"}]},{"@type":"WebSite","@id":"https:\/\/masterchem.fi\/sv\/#website","url":"https:\/\/masterchem.fi\/sv\/","name":"MasterChem | kemikaalien tuotanto ja myynti","description":"kemikaalien tuotanto ja myynti","potentialAction":[{"@type":"SearchAction","target":{"@type":"EntryPoint","urlTemplate":"https:\/\/masterchem.fi\/sv\/?s={search_term_string}"},"query-input":{"@type":"PropertyValueSpecification","valueRequired":true,"valueName":"search_term_string"}}],"inLanguage":"sv-SE"}]}},"_links":{"self":[{"href":"https:\/\/masterchem.fi\/sv\/wp-json\/wp\/v2\/product\/7544","targetHints":{"allow":["GET"]}}],"collection":[{"href":"https:\/\/masterchem.fi\/sv\/wp-json\/wp\/v2\/product"}],"about":[{"href":"https:\/\/masterchem.fi\/sv\/wp-json\/wp\/v2\/types\/product"}],"wp:featuredmedia":[{"embeddable":true,"href":"https:\/\/masterchem.fi\/sv\/wp-json\/wp\/v2\/media\/6437"}],"wp:attachment":[{"href":"https:\/\/masterchem.fi\/sv\/wp-json\/wp\/v2\/media?parent=7544"}],"wp:term":[{"taxonomy":"product_brand","embeddable":true,"href":"https:\/\/masterchem.fi\/sv\/wp-json\/wp\/v2\/product_brand?post=7544"},{"taxonomy":"product_cat","embeddable":true,"href":"https:\/\/masterchem.fi\/sv\/wp-json\/wp\/v2\/product_cat?post=7544"},{"taxonomy":"product_tag","embeddable":true,"href":"https:\/\/masterchem.fi\/sv\/wp-json\/wp\/v2\/product_tag?post=7544"}],"curies":[{"name":"wp","href":"https:\/\/api.w.org\/{rel}","templated":true}]}}