{"id":7564,"date":"2019-06-01T03:02:17","date_gmt":"2019-06-01T00:02:17","guid":{"rendered":"https:\/\/masterchem.fi\/product\/th-plastburk-220l-200-liter-begagnad\/"},"modified":"2019-06-01T03:02:17","modified_gmt":"2019-06-01T00:02:17","slug":"th-plastburk-220l-200-liter-begagnad","status":"publish","type":"product","link":"https:\/\/masterchem.fi\/sv\/produkt\/th-plastburk-220l-200-liter-begagnad\/","title":{"rendered":"TH plastburk 220L 200 liter (begagnad)"},"content":{"rendered":"<p>TH-plastbeh\u00e5llaren 220L \/ 200 liter \u00e4r tillverkad av h\u00f6gh\u00e5llfast polyeten av industriell h\u00e5llfasthet (HMWPE), som \u00e4r HDPE-liknande men mer h\u00e5llbar och har tjocka v\u00e4ggar f\u00f6r utm\u00e4rkt prestanda och h\u00e5llbarhet. Den s\u00f6ml\u00f6sa konstruktionen av denna slutna trumma \u00e4r l\u00e4mplig f\u00f6r utomhusbruk. Kan anv\u00e4ndas som regnfat, flytande fat eller boj eller som f\u00f6rvaringstank f\u00f6r kemikalier, oljor och mer.<\/p>\n","protected":false},"excerpt":{"rendered":"<p>TH-plastbeh\u00e5llaren 220L \/ 200 liter \u00e4r tillverkad av h\u00f6gh\u00e5llfast polyeten av industriell h\u00e5llfasthet (HMWPE), som \u00e4r HDPE-liknande men mer h\u00e5llbar &hellip;<\/p>\n","protected":false},"featured_media":6321,"template":"","meta":[],"product_brand":[],"product_cat":[110,116],"product_tag":[],"class_list":{"0":"post-7564","1":"product","2":"type-product","3":"status-publish","4":"has-post-thumbnail","6":"product_cat-forpackning","7":"product_cat-alla-produkter","9":"first","10":"instock","11":"taxable","12":"shipping-taxable","13":"purchasable","14":"product-type-simple"},"yoast_head":"<!-- This site is optimized with the Yoast SEO plugin v27.2 - https:\/\/yoast.com\/product\/yoast-seo-wordpress\/ -->\n<title>TH plastburk 220L 200 liter (begagnad) - MasterChem | kemikaalien tuotanto ja myynti<\/title>\n<meta name=\"description\" content=\"TH-plastbeh\u00e5llaren 220L \/ 200 liter \u00e4r tillverkad av h\u00f6gh\u00e5llfast polyeten av industriell h\u00e5llfasthet (HMWPE), som \u00e4r HDPE-liknande men mer h\u00e5llbar och har tjocka v\u00e4ggar f\u00f6r utm\u00e4rkt prestanda och h\u00e5llbarhet.\" \/>\n<meta name=\"robots\" content=\"index, follow, max-snippet:-1, max-image-preview:large, max-video-preview:-1\" \/>\n<link rel=\"canonical\" href=\"https:\/\/masterchem.fi\/sv\/produkt\/th-plastburk-220l-200-liter-begagnad\/\" \/>\n<meta property=\"og:locale\" content=\"sv_SE\" \/>\n<meta property=\"og:type\" content=\"article\" \/>\n<meta property=\"og:title\" content=\"TH plastburk 220L 200 liter (begagnad) - MasterChem | kemikaalien tuotanto ja myynti\" \/>\n<meta property=\"og:description\" content=\"TH-plastbeh\u00e5llaren 220L \/ 200 liter \u00e4r tillverkad av h\u00f6gh\u00e5llfast polyeten av industriell h\u00e5llfasthet (HMWPE), som \u00e4r HDPE-liknande men mer h\u00e5llbar och har tjocka v\u00e4ggar f\u00f6r utm\u00e4rkt prestanda och h\u00e5llbarhet.\" \/>\n<meta property=\"og:url\" content=\"https:\/\/masterchem.fi\/sv\/produkt\/th-plastburk-220l-200-liter-begagnad\/\" \/>\n<meta property=\"og:site_name\" content=\"MasterChem | kemikaalien tuotanto ja myynti\" \/>\n<meta name=\"twitter:card\" content=\"summary_large_image\" \/>\n<script type=\"application\/ld+json\" class=\"yoast-schema-graph\">{\"@context\":\"https:\/\/schema.org\",\"@graph\":[{\"@type\":\"WebPage\",\"@id\":\"https:\/\/masterchem.fi\/sv\/produkt\/th-plastburk-220l-200-liter-begagnad\/\",\"url\":\"https:\/\/masterchem.fi\/sv\/produkt\/th-plastburk-220l-200-liter-begagnad\/\",\"name\":\"TH plastburk 220L 200 liter (begagnad) - MasterChem | kemikaalien tuotanto ja myynti\",\"isPartOf\":{\"@id\":\"https:\/\/masterchem.fi\/sv\/#website\"},\"primaryImageOfPage\":{\"@id\":\"https:\/\/masterchem.fi\/sv\/produkt\/th-plastburk-220l-200-liter-begagnad\/#primaryimage\"},\"image\":{\"@id\":\"https:\/\/masterchem.fi\/sv\/produkt\/th-plastburk-220l-200-liter-begagnad\/#primaryimage\"},\"thumbnailUrl\":\"https:\/\/masterchem.fi\/wp-content\/uploads\/2019\/06\/Muovi_200lit_MasterChem.jpg\",\"datePublished\":\"2019-06-01T00:02:17+00:00\",\"description\":\"TH-plastbeh\u00e5llaren 220L \/ 200 liter \u00e4r tillverkad av h\u00f6gh\u00e5llfast polyeten av industriell h\u00e5llfasthet (HMWPE), som \u00e4r HDPE-liknande men mer h\u00e5llbar och har tjocka v\u00e4ggar f\u00f6r utm\u00e4rkt prestanda och h\u00e5llbarhet.\",\"breadcrumb\":{\"@id\":\"https:\/\/masterchem.fi\/sv\/produkt\/th-plastburk-220l-200-liter-begagnad\/#breadcrumb\"},\"inLanguage\":\"sv-SE\",\"potentialAction\":[{\"@type\":\"ReadAction\",\"target\":[\"https:\/\/masterchem.fi\/sv\/produkt\/th-plastburk-220l-200-liter-begagnad\/\"]}]},{\"@type\":\"ImageObject\",\"inLanguage\":\"sv-SE\",\"@id\":\"https:\/\/masterchem.fi\/sv\/produkt\/th-plastburk-220l-200-liter-begagnad\/#primaryimage\",\"url\":\"https:\/\/masterchem.fi\/wp-content\/uploads\/2019\/06\/Muovi_200lit_MasterChem.jpg\",\"contentUrl\":\"https:\/\/masterchem.fi\/wp-content\/uploads\/2019\/06\/Muovi_200lit_MasterChem.jpg\",\"width\":500,\"height\":500,\"caption\":\"Muovi_200lit_MasterChem\"},{\"@type\":\"BreadcrumbList\",\"@id\":\"https:\/\/masterchem.fi\/sv\/produkt\/th-plastburk-220l-200-liter-begagnad\/#breadcrumb\",\"itemListElement\":[{\"@type\":\"ListItem\",\"position\":1,\"name\":\"Home\",\"item\":\"https:\/\/masterchem.fi\/sv\/\"},{\"@type\":\"ListItem\",\"position\":2,\"name\":\"Butik\",\"item\":\"https:\/\/masterchem.fi\/sv\/butik\/\"},{\"@type\":\"ListItem\",\"position\":3,\"name\":\"TH plastburk 220L 200 liter (begagnad)\"}]},{\"@type\":\"WebSite\",\"@id\":\"https:\/\/masterchem.fi\/sv\/#website\",\"url\":\"https:\/\/masterchem.fi\/sv\/\",\"name\":\"MasterChem | kemikaalien tuotanto ja myynti\",\"description\":\"kemikaalien tuotanto ja myynti\",\"potentialAction\":[{\"@type\":\"SearchAction\",\"target\":{\"@type\":\"EntryPoint\",\"urlTemplate\":\"https:\/\/masterchem.fi\/sv\/?s={search_term_string}\"},\"query-input\":{\"@type\":\"PropertyValueSpecification\",\"valueRequired\":true,\"valueName\":\"search_term_string\"}}],\"inLanguage\":\"sv-SE\"}]}<\/script>\n<!-- \/ Yoast SEO plugin. -->","yoast_head_json":{"title":"TH plastburk 220L 200 liter (begagnad) - MasterChem | kemikaalien tuotanto ja myynti","description":"TH-plastbeh\u00e5llaren 220L \/ 200 liter \u00e4r tillverkad av h\u00f6gh\u00e5llfast polyeten av industriell h\u00e5llfasthet (HMWPE), som \u00e4r HDPE-liknande men mer h\u00e5llbar och har tjocka v\u00e4ggar f\u00f6r utm\u00e4rkt prestanda och h\u00e5llbarhet.","robots":{"index":"index","follow":"follow","max-snippet":"max-snippet:-1","max-image-preview":"max-image-preview:large","max-video-preview":"max-video-preview:-1"},"canonical":"https:\/\/masterchem.fi\/sv\/produkt\/th-plastburk-220l-200-liter-begagnad\/","og_locale":"sv_SE","og_type":"article","og_title":"TH plastburk 220L 200 liter (begagnad) - MasterChem | kemikaalien tuotanto ja myynti","og_description":"TH-plastbeh\u00e5llaren 220L \/ 200 liter \u00e4r tillverkad av h\u00f6gh\u00e5llfast polyeten av industriell h\u00e5llfasthet (HMWPE), som \u00e4r HDPE-liknande men mer h\u00e5llbar och har tjocka v\u00e4ggar f\u00f6r utm\u00e4rkt prestanda och h\u00e5llbarhet.","og_url":"https:\/\/masterchem.fi\/sv\/produkt\/th-plastburk-220l-200-liter-begagnad\/","og_site_name":"MasterChem | kemikaalien tuotanto ja myynti","twitter_card":"summary_large_image","schema":{"@context":"https:\/\/schema.org","@graph":[{"@type":"WebPage","@id":"https:\/\/masterchem.fi\/sv\/produkt\/th-plastburk-220l-200-liter-begagnad\/","url":"https:\/\/masterchem.fi\/sv\/produkt\/th-plastburk-220l-200-liter-begagnad\/","name":"TH plastburk 220L 200 liter (begagnad) - MasterChem | kemikaalien tuotanto ja myynti","isPartOf":{"@id":"https:\/\/masterchem.fi\/sv\/#website"},"primaryImageOfPage":{"@id":"https:\/\/masterchem.fi\/sv\/produkt\/th-plastburk-220l-200-liter-begagnad\/#primaryimage"},"image":{"@id":"https:\/\/masterchem.fi\/sv\/produkt\/th-plastburk-220l-200-liter-begagnad\/#primaryimage"},"thumbnailUrl":"https:\/\/masterchem.fi\/wp-content\/uploads\/2019\/06\/Muovi_200lit_MasterChem.jpg","datePublished":"2019-06-01T00:02:17+00:00","description":"TH-plastbeh\u00e5llaren 220L \/ 200 liter \u00e4r tillverkad av h\u00f6gh\u00e5llfast polyeten av industriell h\u00e5llfasthet (HMWPE), som \u00e4r HDPE-liknande men mer h\u00e5llbar och har tjocka v\u00e4ggar f\u00f6r utm\u00e4rkt prestanda och h\u00e5llbarhet.","breadcrumb":{"@id":"https:\/\/masterchem.fi\/sv\/produkt\/th-plastburk-220l-200-liter-begagnad\/#breadcrumb"},"inLanguage":"sv-SE","potentialAction":[{"@type":"ReadAction","target":["https:\/\/masterchem.fi\/sv\/produkt\/th-plastburk-220l-200-liter-begagnad\/"]}]},{"@type":"ImageObject","inLanguage":"sv-SE","@id":"https:\/\/masterchem.fi\/sv\/produkt\/th-plastburk-220l-200-liter-begagnad\/#primaryimage","url":"https:\/\/masterchem.fi\/wp-content\/uploads\/2019\/06\/Muovi_200lit_MasterChem.jpg","contentUrl":"https:\/\/masterchem.fi\/wp-content\/uploads\/2019\/06\/Muovi_200lit_MasterChem.jpg","width":500,"height":500,"caption":"Muovi_200lit_MasterChem"},{"@type":"BreadcrumbList","@id":"https:\/\/masterchem.fi\/sv\/produkt\/th-plastburk-220l-200-liter-begagnad\/#breadcrumb","itemListElement":[{"@type":"ListItem","position":1,"name":"Home","item":"https:\/\/masterchem.fi\/sv\/"},{"@type":"ListItem","position":2,"name":"Butik","item":"https:\/\/masterchem.fi\/sv\/butik\/"},{"@type":"ListItem","position":3,"name":"TH plastburk 220L 200 liter (begagnad)"}]},{"@type":"WebSite","@id":"https:\/\/masterchem.fi\/sv\/#website","url":"https:\/\/masterchem.fi\/sv\/","name":"MasterChem | kemikaalien tuotanto ja myynti","description":"kemikaalien tuotanto ja myynti","potentialAction":[{"@type":"SearchAction","target":{"@type":"EntryPoint","urlTemplate":"https:\/\/masterchem.fi\/sv\/?s={search_term_string}"},"query-input":{"@type":"PropertyValueSpecification","valueRequired":true,"valueName":"search_term_string"}}],"inLanguage":"sv-SE"}]}},"_links":{"self":[{"href":"https:\/\/masterchem.fi\/sv\/wp-json\/wp\/v2\/product\/7564","targetHints":{"allow":["GET"]}}],"collection":[{"href":"https:\/\/masterchem.fi\/sv\/wp-json\/wp\/v2\/product"}],"about":[{"href":"https:\/\/masterchem.fi\/sv\/wp-json\/wp\/v2\/types\/product"}],"wp:featuredmedia":[{"embeddable":true,"href":"https:\/\/masterchem.fi\/sv\/wp-json\/wp\/v2\/media\/6321"}],"wp:attachment":[{"href":"https:\/\/masterchem.fi\/sv\/wp-json\/wp\/v2\/media?parent=7564"}],"wp:term":[{"taxonomy":"product_brand","embeddable":true,"href":"https:\/\/masterchem.fi\/sv\/wp-json\/wp\/v2\/product_brand?post=7564"},{"taxonomy":"product_cat","embeddable":true,"href":"https:\/\/masterchem.fi\/sv\/wp-json\/wp\/v2\/product_cat?post=7564"},{"taxonomy":"product_tag","embeddable":true,"href":"https:\/\/masterchem.fi\/sv\/wp-json\/wp\/v2\/product_tag?post=7564"}],"curies":[{"name":"wp","href":"https:\/\/api.w.org\/{rel}","templated":true}]}}