{"id":7615,"date":"2019-06-01T02:50:33","date_gmt":"2019-05-31T23:50:33","guid":{"rendered":"https:\/\/masterchem.fi\/product\/silikagel\/"},"modified":"2019-06-01T02:50:33","modified_gmt":"2019-05-31T23:50:33","slug":"silikagel","status":"publish","type":"product","link":"https:\/\/masterchem.fi\/sv\/produkt\/silikagel\/","title":{"rendered":"Silikagel"},"content":{"rendered":"<p>Anv\u00e4ndningen av kiselgel \u00e4r vanligtvis relaterad till dess torkegenskaper, dvs. f\u00f6rm\u00e5gan att binda vatten fr\u00e5n en gasblandning s\u00e5som luft. Anv\u00e4ndningar inkluderar: <\/p>\n<ul>\n<li style = \"text-align: justify;\"> I f\u00f6rpackningen av elektronik, precisionsmekanik, optik, l\u00e4kemedel etc., f\u00f6rpackade i por\u00f6sa p\u00e5sar f\u00f6r att f\u00f6rhindra fuktskador. <\/li>\n<li style = \"text-align: justify;\"> I en kattkullsbeh\u00e5llare eliminerar luktproblem och bindande v\u00e4tska. Dessa produkter inneh\u00e5ller ofta ocks\u00e5 bentonit. <\/li>\n<li style = \"text-align: justify;\"> Som en hantverksprodukt vid produktion av torkade blommor. <\/li>\n<\/ul>\n","protected":false},"excerpt":{"rendered":"<p style = \"text-align: justify;\">Trots sitt gelnamn \u00e4r det fast och h\u00e5rt utseende. Kiselgel finns som en ren f\u00f6rening i luktfria, smakl\u00f6sa, giftfria, transparenta och runda granuler som inte \u00e4r vattenl\u00f6sliga. \u00c4mnet kan dock vara irriterande vid f\u00f6rt\u00e4ring, i kontakt med \u00f6gon eller damm, fr\u00e4mst p\u00e5 huden. \u00c4mnet \u00e4r k\u00e4nt f\u00f6r sin utm\u00e4rkta f\u00f6rm\u00e5ga att adsorbera fukt direkt fr\u00e5n luften. Kiselgelgranuler har ofta behandlats med vattenuttryckande kemikalier som \u00e4ndrar f\u00e4rg beroende p\u00e5 fuktinneh\u00e5ll. Dessa indikatorer, s\u00e5som koboltklorid, g\u00f6r det ofta skadligt eller till och med giftigt. Om dessa tillsatser har anv\u00e4nts i produkten kan det ocks\u00e5 vara cancerframkallande. Kiselgelgranulerna kan regenereras, dvs \u00e5teraktiveras, dvs regenereras till hygroskopiskt, dvs fuktbindande, genom upphettning vid 120 \u00b0 C under 2 timmar. <\/p>\n","protected":false},"featured_media":6186,"template":"","meta":[],"product_brand":[],"product_cat":[104,105,112,116],"product_tag":[],"class_list":{"0":"post-7615","1":"product","2":"type-product","3":"status-publish","4":"has-post-thumbnail","6":"product_cat-bil-och-maskinkemikalier","7":"product_cat-hushallskemikalier-sv","8":"product_cat-byggbranschen","9":"product_cat-alla-produkter","11":"first","12":"instock","13":"taxable","14":"shipping-taxable","15":"purchasable","16":"product-type-variable","17":"has-default-attributes","18":"rtwpvg-product"},"yoast_head":"<!-- This site is optimized with the Yoast SEO plugin v27.2 - https:\/\/yoast.com\/product\/yoast-seo-wordpress\/ -->\n<title>Silikagel - MasterChem | kemikaalien tuotanto ja myynti<\/title>\n<meta name=\"description\" content=\"Trots sitt gelnamn \u00e4r det fast och h\u00e5rt utseende. Kiselgel finns som en ren f\u00f6rening i luktfria, smakl\u00f6sa, giftfria, transparenta och runda granuler som inte \u00e4r vattenl\u00f6sliga.\" \/>\n<meta name=\"robots\" content=\"index, follow, max-snippet:-1, max-image-preview:large, max-video-preview:-1\" \/>\n<link rel=\"canonical\" href=\"https:\/\/masterchem.fi\/sv\/produkt\/silikagel\/\" \/>\n<meta property=\"og:locale\" content=\"sv_SE\" \/>\n<meta property=\"og:type\" content=\"article\" \/>\n<meta property=\"og:title\" content=\"Silikagel - MasterChem | kemikaalien tuotanto ja myynti\" \/>\n<meta property=\"og:description\" content=\"Trots sitt gelnamn \u00e4r det fast och h\u00e5rt utseende. Kiselgel finns som en ren f\u00f6rening i luktfria, smakl\u00f6sa, giftfria, transparenta och runda granuler som inte \u00e4r vattenl\u00f6sliga.\" \/>\n<meta property=\"og:url\" content=\"https:\/\/masterchem.fi\/sv\/produkt\/silikagel\/\" \/>\n<meta property=\"og:site_name\" content=\"MasterChem | kemikaalien tuotanto ja myynti\" \/>\n<meta name=\"twitter:card\" content=\"summary_large_image\" \/>\n<script type=\"application\/ld+json\" class=\"yoast-schema-graph\">{\"@context\":\"https:\/\/schema.org\",\"@graph\":[{\"@type\":\"WebPage\",\"@id\":\"https:\/\/masterchem.fi\/sv\/produkt\/silikagel\/\",\"url\":\"https:\/\/masterchem.fi\/sv\/produkt\/silikagel\/\",\"name\":\"Silikagel - MasterChem | kemikaalien tuotanto ja myynti\",\"isPartOf\":{\"@id\":\"https:\/\/masterchem.fi\/sv\/#website\"},\"primaryImageOfPage\":{\"@id\":\"https:\/\/masterchem.fi\/sv\/produkt\/silikagel\/#primaryimage\"},\"image\":{\"@id\":\"https:\/\/masterchem.fi\/sv\/produkt\/silikagel\/#primaryimage\"},\"thumbnailUrl\":\"https:\/\/masterchem.fi\/wp-content\/uploads\/2019\/06\/Silikageeli-MasterChem.jpg\",\"datePublished\":\"2019-05-31T23:50:33+00:00\",\"description\":\"Trots sitt gelnamn \u00e4r det fast och h\u00e5rt utseende. Kiselgel finns som en ren f\u00f6rening i luktfria, smakl\u00f6sa, giftfria, transparenta och runda granuler som inte \u00e4r vattenl\u00f6sliga.\",\"breadcrumb\":{\"@id\":\"https:\/\/masterchem.fi\/sv\/produkt\/silikagel\/#breadcrumb\"},\"inLanguage\":\"sv-SE\",\"potentialAction\":[{\"@type\":\"ReadAction\",\"target\":[\"https:\/\/masterchem.fi\/sv\/produkt\/silikagel\/\"]}]},{\"@type\":\"ImageObject\",\"inLanguage\":\"sv-SE\",\"@id\":\"https:\/\/masterchem.fi\/sv\/produkt\/silikagel\/#primaryimage\",\"url\":\"https:\/\/masterchem.fi\/wp-content\/uploads\/2019\/06\/Silikageeli-MasterChem.jpg\",\"contentUrl\":\"https:\/\/masterchem.fi\/wp-content\/uploads\/2019\/06\/Silikageeli-MasterChem.jpg\",\"width\":1000,\"height\":1000,\"caption\":\"Silikageeli MasterChem\"},{\"@type\":\"BreadcrumbList\",\"@id\":\"https:\/\/masterchem.fi\/sv\/produkt\/silikagel\/#breadcrumb\",\"itemListElement\":[{\"@type\":\"ListItem\",\"position\":1,\"name\":\"Home\",\"item\":\"https:\/\/masterchem.fi\/sv\/\"},{\"@type\":\"ListItem\",\"position\":2,\"name\":\"Butik\",\"item\":\"https:\/\/masterchem.fi\/sv\/butik\/\"},{\"@type\":\"ListItem\",\"position\":3,\"name\":\"Silikagel\"}]},{\"@type\":\"WebSite\",\"@id\":\"https:\/\/masterchem.fi\/sv\/#website\",\"url\":\"https:\/\/masterchem.fi\/sv\/\",\"name\":\"MasterChem | kemikaalien tuotanto ja myynti\",\"description\":\"kemikaalien tuotanto ja myynti\",\"potentialAction\":[{\"@type\":\"SearchAction\",\"target\":{\"@type\":\"EntryPoint\",\"urlTemplate\":\"https:\/\/masterchem.fi\/sv\/?s={search_term_string}\"},\"query-input\":{\"@type\":\"PropertyValueSpecification\",\"valueRequired\":true,\"valueName\":\"search_term_string\"}}],\"inLanguage\":\"sv-SE\"}]}<\/script>\n<!-- \/ Yoast SEO plugin. -->","yoast_head_json":{"title":"Silikagel - MasterChem | kemikaalien tuotanto ja myynti","description":"Trots sitt gelnamn \u00e4r det fast och h\u00e5rt utseende. Kiselgel finns som en ren f\u00f6rening i luktfria, smakl\u00f6sa, giftfria, transparenta och runda granuler som inte \u00e4r vattenl\u00f6sliga.","robots":{"index":"index","follow":"follow","max-snippet":"max-snippet:-1","max-image-preview":"max-image-preview:large","max-video-preview":"max-video-preview:-1"},"canonical":"https:\/\/masterchem.fi\/sv\/produkt\/silikagel\/","og_locale":"sv_SE","og_type":"article","og_title":"Silikagel - MasterChem | kemikaalien tuotanto ja myynti","og_description":"Trots sitt gelnamn \u00e4r det fast och h\u00e5rt utseende. Kiselgel finns som en ren f\u00f6rening i luktfria, smakl\u00f6sa, giftfria, transparenta och runda granuler som inte \u00e4r vattenl\u00f6sliga.","og_url":"https:\/\/masterchem.fi\/sv\/produkt\/silikagel\/","og_site_name":"MasterChem | kemikaalien tuotanto ja myynti","twitter_card":"summary_large_image","schema":{"@context":"https:\/\/schema.org","@graph":[{"@type":"WebPage","@id":"https:\/\/masterchem.fi\/sv\/produkt\/silikagel\/","url":"https:\/\/masterchem.fi\/sv\/produkt\/silikagel\/","name":"Silikagel - MasterChem | kemikaalien tuotanto ja myynti","isPartOf":{"@id":"https:\/\/masterchem.fi\/sv\/#website"},"primaryImageOfPage":{"@id":"https:\/\/masterchem.fi\/sv\/produkt\/silikagel\/#primaryimage"},"image":{"@id":"https:\/\/masterchem.fi\/sv\/produkt\/silikagel\/#primaryimage"},"thumbnailUrl":"https:\/\/masterchem.fi\/wp-content\/uploads\/2019\/06\/Silikageeli-MasterChem.jpg","datePublished":"2019-05-31T23:50:33+00:00","description":"Trots sitt gelnamn \u00e4r det fast och h\u00e5rt utseende. Kiselgel finns som en ren f\u00f6rening i luktfria, smakl\u00f6sa, giftfria, transparenta och runda granuler som inte \u00e4r vattenl\u00f6sliga.","breadcrumb":{"@id":"https:\/\/masterchem.fi\/sv\/produkt\/silikagel\/#breadcrumb"},"inLanguage":"sv-SE","potentialAction":[{"@type":"ReadAction","target":["https:\/\/masterchem.fi\/sv\/produkt\/silikagel\/"]}]},{"@type":"ImageObject","inLanguage":"sv-SE","@id":"https:\/\/masterchem.fi\/sv\/produkt\/silikagel\/#primaryimage","url":"https:\/\/masterchem.fi\/wp-content\/uploads\/2019\/06\/Silikageeli-MasterChem.jpg","contentUrl":"https:\/\/masterchem.fi\/wp-content\/uploads\/2019\/06\/Silikageeli-MasterChem.jpg","width":1000,"height":1000,"caption":"Silikageeli MasterChem"},{"@type":"BreadcrumbList","@id":"https:\/\/masterchem.fi\/sv\/produkt\/silikagel\/#breadcrumb","itemListElement":[{"@type":"ListItem","position":1,"name":"Home","item":"https:\/\/masterchem.fi\/sv\/"},{"@type":"ListItem","position":2,"name":"Butik","item":"https:\/\/masterchem.fi\/sv\/butik\/"},{"@type":"ListItem","position":3,"name":"Silikagel"}]},{"@type":"WebSite","@id":"https:\/\/masterchem.fi\/sv\/#website","url":"https:\/\/masterchem.fi\/sv\/","name":"MasterChem | kemikaalien tuotanto ja myynti","description":"kemikaalien tuotanto ja myynti","potentialAction":[{"@type":"SearchAction","target":{"@type":"EntryPoint","urlTemplate":"https:\/\/masterchem.fi\/sv\/?s={search_term_string}"},"query-input":{"@type":"PropertyValueSpecification","valueRequired":true,"valueName":"search_term_string"}}],"inLanguage":"sv-SE"}]}},"_links":{"self":[{"href":"https:\/\/masterchem.fi\/sv\/wp-json\/wp\/v2\/product\/7615","targetHints":{"allow":["GET"]}}],"collection":[{"href":"https:\/\/masterchem.fi\/sv\/wp-json\/wp\/v2\/product"}],"about":[{"href":"https:\/\/masterchem.fi\/sv\/wp-json\/wp\/v2\/types\/product"}],"wp:featuredmedia":[{"embeddable":true,"href":"https:\/\/masterchem.fi\/sv\/wp-json\/wp\/v2\/media\/6186"}],"wp:attachment":[{"href":"https:\/\/masterchem.fi\/sv\/wp-json\/wp\/v2\/media?parent=7615"}],"wp:term":[{"taxonomy":"product_brand","embeddable":true,"href":"https:\/\/masterchem.fi\/sv\/wp-json\/wp\/v2\/product_brand?post=7615"},{"taxonomy":"product_cat","embeddable":true,"href":"https:\/\/masterchem.fi\/sv\/wp-json\/wp\/v2\/product_cat?post=7615"},{"taxonomy":"product_tag","embeddable":true,"href":"https:\/\/masterchem.fi\/sv\/wp-json\/wp\/v2\/product_tag?post=7615"}],"curies":[{"name":"wp","href":"https:\/\/api.w.org\/{rel}","templated":true}]}}