{"id":7623,"date":"2019-06-01T02:53:51","date_gmt":"2019-05-31T23:53:51","guid":{"rendered":"https:\/\/masterchem.fi\/product\/sorbitol-70\/"},"modified":"2022-04-21T11:06:07","modified_gmt":"2022-04-21T08:06:07","slug":"sorbitol-70-cas-68425-17-2","status":"publish","type":"product","link":"https:\/\/masterchem.fi\/sv\/produkt\/sorbitol-70-cas-68425-17-2\/","title":{"rendered":"Sorbitol 70% (CAS 68425-17-2)"},"content":{"rendered":"<p> Sorbitol anv\u00e4nds i kosmetika som fuktighetskr\u00e4m och f\u00f6rtjockningsmedel i kr\u00e4mer. Det kan ocks\u00e5 anv\u00e4ndas som fuktbindemedel i tobaksprodukter. Till exempel f\u00f6rhindras missbruk av antitussives genom tillsats av sorbitol p\u00e5 grund av dess obehagliga effekter. Sorbitol i hostl\u00e4kemedel som inneh\u00e5ller dextrometorfan eller kodein, till exempel, orsakar vanligtvis starka laxerande effekter. <\/p>\n<p> Sorbitol har en E-kod E420. <\/p>\n","protected":false},"excerpt":{"rendered":"<p> <b> Andra namn: Sorbitol, D-glukitol, D-sorbitol <\/b> <\/p>\n<p> Sorbitol (D-glukitol, D-sorbitol) \u00e4r en sockeralkohol som anv\u00e4nds som s\u00f6tningsmedel, t.ex. i tuggummi, pastiller och l\u00e4kemedel. Den \u00e4r gjord av glukos. Vid tillverkningsprocessen hydreras glukos, vilket omvandlar molekylens aldehydgrupp till en hydroxylgrupp. <\/p>\n<p> Sorbitol f\u00f6rekommer ocks\u00e5 naturligt i benb\u00e4r. Sorbitol absorberas inte helt fr\u00e5n mag-tarmkanalen och kan orsaka laxerande symtom om det intas i st\u00f6rre utstr\u00e4ckning. <\/p>\n","protected":false},"featured_media":6210,"template":"","meta":[],"product_brand":[],"product_cat":[106,116],"product_tag":[],"class_list":{"0":"post-7623","1":"product","2":"type-product","3":"status-publish","4":"has-post-thumbnail","6":"product_cat-lakemedelsindustri","7":"product_cat-alla-produkter","9":"first","10":"outofstock","11":"taxable","12":"shipping-taxable","13":"purchasable","14":"product-type-variable","15":"has-default-attributes","16":"rtwpvg-product"},"yoast_head":"<!-- This site is optimized with the Yoast SEO plugin v27.5 - https:\/\/yoast.com\/product\/yoast-seo-wordpress\/ -->\n<title>Sorbitol 70% (CAS 68425-17-2) - MasterChem | kemikaalien tuotanto ja myynti<\/title>\n<meta name=\"description\" content=\"Sorbitol (D-glukitol, D-sorbitol) \u00e4r en sockeralkohol som anv\u00e4nds som s\u00f6tningsmedel, t.ex. i tuggummi, pastiller och l\u00e4kemedel. Den \u00e4r gjord av glukos. Vid tillverkningsprocessen hydreras glukos, varigenom aldehydgruppen i molekylen omvandlas till en hydroxylgrupp.\" \/>\n<meta name=\"robots\" content=\"index, follow, max-snippet:-1, max-image-preview:large, max-video-preview:-1\" \/>\n<link rel=\"canonical\" href=\"https:\/\/masterchem.fi\/sv\/produkt\/sorbitol-70-cas-68425-17-2\/\" \/>\n<meta property=\"og:locale\" content=\"sv_SE\" \/>\n<meta property=\"og:type\" content=\"article\" \/>\n<meta property=\"og:title\" content=\"Sorbitol 70% (CAS 68425-17-2) - MasterChem | kemikaalien tuotanto ja myynti\" \/>\n<meta property=\"og:description\" content=\"Sorbitol (D-glukitol, D-sorbitol) \u00e4r en sockeralkohol som anv\u00e4nds som s\u00f6tningsmedel, t.ex. i tuggummi, pastiller och l\u00e4kemedel. Den \u00e4r gjord av glukos. Vid tillverkningsprocessen hydreras glukos, varigenom aldehydgruppen i molekylen omvandlas till en hydroxylgrupp.\" \/>\n<meta property=\"og:url\" content=\"https:\/\/masterchem.fi\/sv\/produkt\/sorbitol-70-cas-68425-17-2\/\" \/>\n<meta property=\"og:site_name\" content=\"MasterChem | kemikaalien tuotanto ja myynti\" \/>\n<meta property=\"article:modified_time\" content=\"2022-04-21T08:06:07+00:00\" \/>\n<meta name=\"twitter:card\" content=\"summary_large_image\" \/>\n<script type=\"application\/ld+json\" class=\"yoast-schema-graph\">{\"@context\":\"https:\\\/\\\/schema.org\",\"@graph\":[{\"@type\":\"WebPage\",\"@id\":\"https:\\\/\\\/masterchem.fi\\\/sv\\\/produkt\\\/sorbitol-70-cas-68425-17-2\\\/\",\"url\":\"https:\\\/\\\/masterchem.fi\\\/sv\\\/produkt\\\/sorbitol-70-cas-68425-17-2\\\/\",\"name\":\"Sorbitol 70% (CAS 68425-17-2) - MasterChem | kemikaalien tuotanto ja myynti\",\"isPartOf\":{\"@id\":\"https:\\\/\\\/masterchem.fi\\\/sv\\\/#website\"},\"primaryImageOfPage\":{\"@id\":\"https:\\\/\\\/masterchem.fi\\\/sv\\\/produkt\\\/sorbitol-70-cas-68425-17-2\\\/#primaryimage\"},\"image\":{\"@id\":\"https:\\\/\\\/masterchem.fi\\\/sv\\\/produkt\\\/sorbitol-70-cas-68425-17-2\\\/#primaryimage\"},\"thumbnailUrl\":\"https:\\\/\\\/masterchem.fi\\\/wp-content\\\/uploads\\\/2019\\\/06\\\/Sorbitoli_70-1000l-MasterChem.jpg\",\"datePublished\":\"2019-05-31T23:53:51+00:00\",\"dateModified\":\"2022-04-21T08:06:07+00:00\",\"description\":\"Sorbitol (D-glukitol, D-sorbitol) \u00e4r en sockeralkohol som anv\u00e4nds som s\u00f6tningsmedel, t.ex. i tuggummi, pastiller och l\u00e4kemedel. Den \u00e4r gjord av glukos. Vid tillverkningsprocessen hydreras glukos, varigenom aldehydgruppen i molekylen omvandlas till en hydroxylgrupp.\",\"breadcrumb\":{\"@id\":\"https:\\\/\\\/masterchem.fi\\\/sv\\\/produkt\\\/sorbitol-70-cas-68425-17-2\\\/#breadcrumb\"},\"inLanguage\":\"sv-SE\",\"potentialAction\":[{\"@type\":\"ReadAction\",\"target\":[\"https:\\\/\\\/masterchem.fi\\\/sv\\\/produkt\\\/sorbitol-70-cas-68425-17-2\\\/\"]}]},{\"@type\":\"ImageObject\",\"inLanguage\":\"sv-SE\",\"@id\":\"https:\\\/\\\/masterchem.fi\\\/sv\\\/produkt\\\/sorbitol-70-cas-68425-17-2\\\/#primaryimage\",\"url\":\"https:\\\/\\\/masterchem.fi\\\/wp-content\\\/uploads\\\/2019\\\/06\\\/Sorbitoli_70-1000l-MasterChem.jpg\",\"contentUrl\":\"https:\\\/\\\/masterchem.fi\\\/wp-content\\\/uploads\\\/2019\\\/06\\\/Sorbitoli_70-1000l-MasterChem.jpg\",\"width\":1000,\"height\":1000,\"caption\":\"Sorbitoli 70% 1000l MaterChem\"},{\"@type\":\"BreadcrumbList\",\"@id\":\"https:\\\/\\\/masterchem.fi\\\/sv\\\/produkt\\\/sorbitol-70-cas-68425-17-2\\\/#breadcrumb\",\"itemListElement\":[{\"@type\":\"ListItem\",\"position\":1,\"name\":\"Home\",\"item\":\"https:\\\/\\\/masterchem.fi\\\/sv\\\/\"},{\"@type\":\"ListItem\",\"position\":2,\"name\":\"Butik\",\"item\":\"https:\\\/\\\/masterchem.fi\\\/sv\\\/butik\\\/\"},{\"@type\":\"ListItem\",\"position\":3,\"name\":\"Sorbitol 70% (CAS 68425-17-2)\"}]},{\"@type\":\"WebSite\",\"@id\":\"https:\\\/\\\/masterchem.fi\\\/sv\\\/#website\",\"url\":\"https:\\\/\\\/masterchem.fi\\\/sv\\\/\",\"name\":\"MasterChem | kemikaalien tuotanto ja myynti\",\"description\":\"kemikaalien tuotanto ja myynti\",\"potentialAction\":[{\"@type\":\"SearchAction\",\"target\":{\"@type\":\"EntryPoint\",\"urlTemplate\":\"https:\\\/\\\/masterchem.fi\\\/sv\\\/?s={search_term_string}\"},\"query-input\":{\"@type\":\"PropertyValueSpecification\",\"valueRequired\":true,\"valueName\":\"search_term_string\"}}],\"inLanguage\":\"sv-SE\"}]}<\/script>\n<!-- \/ Yoast SEO plugin. -->","yoast_head_json":{"title":"Sorbitol 70% (CAS 68425-17-2) - MasterChem | kemikaalien tuotanto ja myynti","description":"Sorbitol (D-glukitol, D-sorbitol) \u00e4r en sockeralkohol som anv\u00e4nds som s\u00f6tningsmedel, t.ex. i tuggummi, pastiller och l\u00e4kemedel. Den \u00e4r gjord av glukos. Vid tillverkningsprocessen hydreras glukos, varigenom aldehydgruppen i molekylen omvandlas till en hydroxylgrupp.","robots":{"index":"index","follow":"follow","max-snippet":"max-snippet:-1","max-image-preview":"max-image-preview:large","max-video-preview":"max-video-preview:-1"},"canonical":"https:\/\/masterchem.fi\/sv\/produkt\/sorbitol-70-cas-68425-17-2\/","og_locale":"sv_SE","og_type":"article","og_title":"Sorbitol 70% (CAS 68425-17-2) - MasterChem | kemikaalien tuotanto ja myynti","og_description":"Sorbitol (D-glukitol, D-sorbitol) \u00e4r en sockeralkohol som anv\u00e4nds som s\u00f6tningsmedel, t.ex. i tuggummi, pastiller och l\u00e4kemedel. Den \u00e4r gjord av glukos. Vid tillverkningsprocessen hydreras glukos, varigenom aldehydgruppen i molekylen omvandlas till en hydroxylgrupp.","og_url":"https:\/\/masterchem.fi\/sv\/produkt\/sorbitol-70-cas-68425-17-2\/","og_site_name":"MasterChem | kemikaalien tuotanto ja myynti","article_modified_time":"2022-04-21T08:06:07+00:00","twitter_card":"summary_large_image","schema":{"@context":"https:\/\/schema.org","@graph":[{"@type":"WebPage","@id":"https:\/\/masterchem.fi\/sv\/produkt\/sorbitol-70-cas-68425-17-2\/","url":"https:\/\/masterchem.fi\/sv\/produkt\/sorbitol-70-cas-68425-17-2\/","name":"Sorbitol 70% (CAS 68425-17-2) - MasterChem | kemikaalien tuotanto ja myynti","isPartOf":{"@id":"https:\/\/masterchem.fi\/sv\/#website"},"primaryImageOfPage":{"@id":"https:\/\/masterchem.fi\/sv\/produkt\/sorbitol-70-cas-68425-17-2\/#primaryimage"},"image":{"@id":"https:\/\/masterchem.fi\/sv\/produkt\/sorbitol-70-cas-68425-17-2\/#primaryimage"},"thumbnailUrl":"https:\/\/masterchem.fi\/wp-content\/uploads\/2019\/06\/Sorbitoli_70-1000l-MasterChem.jpg","datePublished":"2019-05-31T23:53:51+00:00","dateModified":"2022-04-21T08:06:07+00:00","description":"Sorbitol (D-glukitol, D-sorbitol) \u00e4r en sockeralkohol som anv\u00e4nds som s\u00f6tningsmedel, t.ex. i tuggummi, pastiller och l\u00e4kemedel. Den \u00e4r gjord av glukos. Vid tillverkningsprocessen hydreras glukos, varigenom aldehydgruppen i molekylen omvandlas till en hydroxylgrupp.","breadcrumb":{"@id":"https:\/\/masterchem.fi\/sv\/produkt\/sorbitol-70-cas-68425-17-2\/#breadcrumb"},"inLanguage":"sv-SE","potentialAction":[{"@type":"ReadAction","target":["https:\/\/masterchem.fi\/sv\/produkt\/sorbitol-70-cas-68425-17-2\/"]}]},{"@type":"ImageObject","inLanguage":"sv-SE","@id":"https:\/\/masterchem.fi\/sv\/produkt\/sorbitol-70-cas-68425-17-2\/#primaryimage","url":"https:\/\/masterchem.fi\/wp-content\/uploads\/2019\/06\/Sorbitoli_70-1000l-MasterChem.jpg","contentUrl":"https:\/\/masterchem.fi\/wp-content\/uploads\/2019\/06\/Sorbitoli_70-1000l-MasterChem.jpg","width":1000,"height":1000,"caption":"Sorbitoli 70% 1000l MaterChem"},{"@type":"BreadcrumbList","@id":"https:\/\/masterchem.fi\/sv\/produkt\/sorbitol-70-cas-68425-17-2\/#breadcrumb","itemListElement":[{"@type":"ListItem","position":1,"name":"Home","item":"https:\/\/masterchem.fi\/sv\/"},{"@type":"ListItem","position":2,"name":"Butik","item":"https:\/\/masterchem.fi\/sv\/butik\/"},{"@type":"ListItem","position":3,"name":"Sorbitol 70% (CAS 68425-17-2)"}]},{"@type":"WebSite","@id":"https:\/\/masterchem.fi\/sv\/#website","url":"https:\/\/masterchem.fi\/sv\/","name":"MasterChem | kemikaalien tuotanto ja myynti","description":"kemikaalien tuotanto ja myynti","potentialAction":[{"@type":"SearchAction","target":{"@type":"EntryPoint","urlTemplate":"https:\/\/masterchem.fi\/sv\/?s={search_term_string}"},"query-input":{"@type":"PropertyValueSpecification","valueRequired":true,"valueName":"search_term_string"}}],"inLanguage":"sv-SE"}]}},"_links":{"self":[{"href":"https:\/\/masterchem.fi\/sv\/wp-json\/wp\/v2\/product\/7623","targetHints":{"allow":["GET"]}}],"collection":[{"href":"https:\/\/masterchem.fi\/sv\/wp-json\/wp\/v2\/product"}],"about":[{"href":"https:\/\/masterchem.fi\/sv\/wp-json\/wp\/v2\/types\/product"}],"wp:featuredmedia":[{"embeddable":true,"href":"https:\/\/masterchem.fi\/sv\/wp-json\/wp\/v2\/media\/6210"}],"wp:attachment":[{"href":"https:\/\/masterchem.fi\/sv\/wp-json\/wp\/v2\/media?parent=7623"}],"wp:term":[{"taxonomy":"product_brand","embeddable":true,"href":"https:\/\/masterchem.fi\/sv\/wp-json\/wp\/v2\/product_brand?post=7623"},{"taxonomy":"product_cat","embeddable":true,"href":"https:\/\/masterchem.fi\/sv\/wp-json\/wp\/v2\/product_cat?post=7623"},{"taxonomy":"product_tag","embeddable":true,"href":"https:\/\/masterchem.fi\/sv\/wp-json\/wp\/v2\/product_tag?post=7623"}],"curies":[{"name":"wp","href":"https:\/\/api.w.org\/{rel}","templated":true}]}}