{"id":7664,"date":"2021-01-07T09:40:06","date_gmt":"2021-01-07T06:40:06","guid":{"rendered":"https:\/\/masterchem.fi\/?post_type=product&#038;p=7664"},"modified":"2021-03-04T21:47:15","modified_gmt":"2021-03-04T18:47:15","slug":"kasien-desinfiointiaine-mastergel-e80","status":"publish","type":"product","link":"https:\/\/masterchem.fi\/sv\/produkt\/kasien-desinfiointiaine-mastergel-e80\/","title":{"rendered":"K\u00e4sien desinfiointiaine MasterGel E80"},"content":{"rendered":"<p>MasterGel E80 on yleinen k\u00e4sinpuhdistusaine. Sis\u00e4lt\u00e4\u00e4 glyseriini\u00e4 est\u00e4m\u00e4\u00e4n ihon kuivumista. Se on etanolin, glyseriinin ja propyleeniglykolin seos.<br \/>\nDesinfioi, hajunpoistaa ja puhdistaa aktiivisesti, eik\u00e4 sit\u00e4 tarvitse huuhdella.<br \/>\nOminaisuuksiensa ansiosta MasterGel E80 soveltuu erityisesti sairaaloihin, julkisiin tiloihin, kuntosaleille ja sosiaalisiin kokouksiin. Sopii sek\u00e4 kotitalous- ett\u00e4 ammattik\u00e4ytt\u00f6\u00f6n.<\/p>\n<p>K\u00e4ytt\u00e4m\u00e4ll\u00e4:<\/p>\n<p>\u2022 Hygieeninen k\u00e4sien antiseptinen aine:<br \/>\nLevit\u00e4 3 ml MasterChem E80: ta k\u00e4sille ja hiero k\u00e4siin 30 sekunnin ajan.<\/p>\n<p>\u2022 Kirurginen k\u00e4sien antiseptinen aine:<\/p>\n<p>Hiero MasterChem E80 k\u00e4siin 2 kertaa, 3-6 ml. (On t\u00e4rke\u00e4\u00e4 varmistaa, ett\u00e4 koko k\u00e4sitelt\u00e4v\u00e4 pinta on peitetty liuoksella). Hankaaminen kest\u00e4\u00e4 1,5 minuuttia. Ty\u00f6skentele molemmat k\u00e4det ja k\u00e4sivarret.<\/p>\n<p>K\u00e4yt\u00e4 biosidia turvallisesti! Muista lukea liitteen\u00e4 olevat tiedot ennen k\u00e4ytt\u00f6\u00e4!<\/p>\n<p>Todistus biosidivalmisteen rekister\u00f6innist\u00e4 nro 2121\/20<\/p>\n<p>varotoimet<br \/>\nH225 &#8211; Helposti syttyv\u00e4 neste ja h\u00f6yry.<br \/>\nH319 &#8211; \u00c4rsytt\u00e4\u00e4 vakavasti silmi\u00e4.<br \/>\nP102 S\u00e4ilyt\u00e4 lasten ulottumattomissa.<br \/>\nP210 Suojaa l\u00e4mm\u00f6lt\u00e4, kuumilta pinnoilta, kipin\u00f6ilt\u00e4, \u200b\u200bavotulelta ja muilta sytytysl\u00e4hteilt\u00e4. \u00c4l\u00e4 tupakoi.<br \/>\nP233 S\u00e4ilytett\u00e4v\u00e4 tiiviisti suljettuna.<br \/>\nP242: \u00c4l\u00e4 k\u00e4yt\u00e4 kipin\u00f6it\u00e4 aiheuttavia laitteita.<br \/>\nP243: Suorita varotoimenpiteet staattisten purkausten est\u00e4miseksi.<br \/>\nP403 + P235 Varastoi paikassa, jossa on hyv\u00e4 ilmanvaihto. Pysy\u00e4 rauhallisena.<br \/>\nP305 + P351 + P338 JOS KEMIKAALIA JOUTUU SILMIIN: Huuhtele varovasti vedell\u00e4 useita minuutteja.<br \/>\nP337 + P313 Jos silm\u00e4-\u00e4rsytys jatkuu: Hakeudu l\u00e4\u00e4k\u00e4riin<br \/>\nPoista piilolinssit, jos niit\u00e4 on ja se on helppo tehd\u00e4. Huuhtele uudelleen.<br \/>\nP501 H\u00e4vit\u00e4 sis\u00e4lt\u00f6 \/ pakkaus vaarallisten j\u00e4tteiden tai erityisten j\u00e4tteiden ker\u00e4yspisteeseen.<\/p>\n<p>Pakkaus:<br \/>\n500 ml muovipullo<br \/>\n5000 ml muovipurkki<br \/>\n25 litran muovipurkki<br \/>\n200 litran rumpu \/ tynnyri<br \/>\n500 litran IBC-s\u00e4ili\u00f6<br \/>\n1000 litran IBC-s\u00e4ili\u00f6<br \/>\n24 mt irtotavarana<\/p>\n<p>KOOSTUMUS: 100 g tuotetta sis\u00e4lt\u00e4\u00e4: etanolia 73,5 g (vaikuttavaa ainetta), ihonsuojakomponentteja 1 g (glyseriini\u00e4) ja 1 g (propyleeniglykolia).<br \/>\nFysikaalis-kemialliset ominaisuudet:<br \/>\nV\u00e4ri: l\u00e4pin\u00e4kyv\u00e4, v\u00e4rit\u00f6n.<br \/>\nHaju: Voimakas alkoholihaju<br \/>\nVALMISTAJA: MASTERCHEM O\u00dc, reg.nr. 10755076 Lao 4, Maardu 74114 Viro<br \/>\nwww.masterchem.ee Puhelin + 37255513600<\/p>\n","protected":false},"excerpt":{"rendered":"<p>MasterGel E80 on yleinen k\u00e4sinpuhdistusaine. Sis\u00e4lt\u00e4\u00e4 glyseriini\u00e4 est\u00e4m\u00e4\u00e4n ihon kuivumista. Se on etanolin, glyseriinin ja propyleeniglykolin seos.<br \/>\nDesinfioi, hajunpoistaa ja puhdistaa aktiivisesti, eik\u00e4 sit\u00e4 tarvitse huuhdella.<br \/>\nOminaisuuksiensa ansiosta MasterGel E80 soveltuu erityisesti sairaaloihin, julkisiin tiloihin, kuntosaleille ja sosiaalisiin kokouksiin. Sopii sek\u00e4 kotitalous- ett\u00e4 ammattik\u00e4ytt\u00f6\u00f6n.<\/p>\n","protected":false},"featured_media":7690,"template":"","meta":[],"product_brand":[],"product_cat":[116,103,107,109,110,111,112,113,114,115],"product_tag":[],"class_list":{"0":"post-7664","1":"product","2":"type-product","3":"status-publish","4":"has-post-thumbnail","6":"product_cat-alla-produkter","7":"product_cat-frostskydd","8":"product_cat-glasfiber","9":"product_cat-plast","10":"product_cat-forpackning","11":"product_cat-trabearbetningskemikalier","12":"product_cat-byggbranschen","13":"product_cat-vaggmalning","14":"product_cat-typografiska-kemikalier","15":"product_cat-industriella-kemikalier","17":"first","18":"instock","19":"taxable","20":"shipping-taxable","21":"purchasable","22":"product-type-variable","23":"has-default-attributes","24":"rtwpvg-product"},"yoast_head":"<!-- This site is optimized with the Yoast SEO plugin v27.2 - https:\/\/yoast.com\/product\/yoast-seo-wordpress\/ -->\n<title>K\u00e4sien desinfiointiaine MasterGel E80 - MasterChem | kemikaalien tuotanto ja myynti<\/title>\n<meta name=\"description\" content=\"MasterGel E80 on yleinen k\u00e4sinpuhdistusaine. Sis\u00e4lt\u00e4\u00e4 glyseriini\u00e4 est\u00e4m\u00e4\u00e4n ihon kuivumista. Se on etanolin, glyseriinin ja propyleeniglykolin seos.Desinfioi, hajunpoistaa ja puhdistaa aktiivisesti, eik\u00e4 sit\u00e4 tarvitse huuhdella.\" \/>\n<meta name=\"robots\" content=\"index, follow, max-snippet:-1, max-image-preview:large, max-video-preview:-1\" \/>\n<link rel=\"canonical\" href=\"https:\/\/masterchem.fi\/sv\/produkt\/kasien-desinfiointiaine-mastergel-e80\/\" \/>\n<meta property=\"og:locale\" content=\"sv_SE\" \/>\n<meta property=\"og:type\" content=\"article\" \/>\n<meta property=\"og:title\" content=\"K\u00e4sien desinfiointiaine MasterGel E80 - MasterChem | kemikaalien tuotanto ja myynti\" \/>\n<meta property=\"og:description\" content=\"MasterGel E80 on yleinen k\u00e4sinpuhdistusaine. Sis\u00e4lt\u00e4\u00e4 glyseriini\u00e4 est\u00e4m\u00e4\u00e4n ihon kuivumista. Se on etanolin, glyseriinin ja propyleeniglykolin seos.Desinfioi, hajunpoistaa ja puhdistaa aktiivisesti, eik\u00e4 sit\u00e4 tarvitse huuhdella.\" \/>\n<meta property=\"og:url\" content=\"https:\/\/masterchem.fi\/sv\/produkt\/kasien-desinfiointiaine-mastergel-e80\/\" \/>\n<meta property=\"og:site_name\" content=\"MasterChem | kemikaalien tuotanto ja myynti\" \/>\n<meta property=\"article:modified_time\" content=\"2021-03-04T18:47:15+00:00\" \/>\n<meta property=\"og:image\" content=\"https:\/\/masterchem.fi\/wp-content\/uploads\/2021\/01\/MasterGel-E80-5l-MasterChem.jpg\" \/>\n\t<meta property=\"og:image:width\" content=\"700\" \/>\n\t<meta property=\"og:image:height\" content=\"700\" \/>\n\t<meta property=\"og:image:type\" content=\"image\/jpeg\" \/>\n<meta name=\"twitter:card\" content=\"summary_large_image\" \/>\n<meta name=\"twitter:label1\" content=\"Ber\u00e4knad l\u00e4stid\" \/>\n\t<meta name=\"twitter:data1\" content=\"2 minuter\" \/>\n<script type=\"application\/ld+json\" class=\"yoast-schema-graph\">{\"@context\":\"https:\/\/schema.org\",\"@graph\":[{\"@type\":\"WebPage\",\"@id\":\"https:\/\/masterchem.fi\/sv\/produkt\/kasien-desinfiointiaine-mastergel-e80\/\",\"url\":\"https:\/\/masterchem.fi\/sv\/produkt\/kasien-desinfiointiaine-mastergel-e80\/\",\"name\":\"K\u00e4sien desinfiointiaine MasterGel E80 - MasterChem | kemikaalien tuotanto ja myynti\",\"isPartOf\":{\"@id\":\"https:\/\/masterchem.fi\/sv\/#website\"},\"primaryImageOfPage\":{\"@id\":\"https:\/\/masterchem.fi\/sv\/produkt\/kasien-desinfiointiaine-mastergel-e80\/#primaryimage\"},\"image\":{\"@id\":\"https:\/\/masterchem.fi\/sv\/produkt\/kasien-desinfiointiaine-mastergel-e80\/#primaryimage\"},\"thumbnailUrl\":\"https:\/\/masterchem.fi\/wp-content\/uploads\/2021\/01\/MasterGel-E80-5l-MasterChem.jpg\",\"datePublished\":\"2021-01-07T06:40:06+00:00\",\"dateModified\":\"2021-03-04T18:47:15+00:00\",\"description\":\"MasterGel E80 on yleinen k\u00e4sinpuhdistusaine. Sis\u00e4lt\u00e4\u00e4 glyseriini\u00e4 est\u00e4m\u00e4\u00e4n ihon kuivumista. Se on etanolin, glyseriinin ja propyleeniglykolin seos.Desinfioi, hajunpoistaa ja puhdistaa aktiivisesti, eik\u00e4 sit\u00e4 tarvitse huuhdella.\",\"breadcrumb\":{\"@id\":\"https:\/\/masterchem.fi\/sv\/produkt\/kasien-desinfiointiaine-mastergel-e80\/#breadcrumb\"},\"inLanguage\":\"sv-SE\",\"potentialAction\":[{\"@type\":\"ReadAction\",\"target\":[\"https:\/\/masterchem.fi\/sv\/produkt\/kasien-desinfiointiaine-mastergel-e80\/\"]}]},{\"@type\":\"ImageObject\",\"inLanguage\":\"sv-SE\",\"@id\":\"https:\/\/masterchem.fi\/sv\/produkt\/kasien-desinfiointiaine-mastergel-e80\/#primaryimage\",\"url\":\"https:\/\/masterchem.fi\/wp-content\/uploads\/2021\/01\/MasterGel-E80-5l-MasterChem.jpg\",\"contentUrl\":\"https:\/\/masterchem.fi\/wp-content\/uploads\/2021\/01\/MasterGel-E80-5l-MasterChem.jpg\",\"width\":700,\"height\":700,\"caption\":\"K\u00e4sien desinfiointiaine MasterGel E80 5L\"},{\"@type\":\"BreadcrumbList\",\"@id\":\"https:\/\/masterchem.fi\/sv\/produkt\/kasien-desinfiointiaine-mastergel-e80\/#breadcrumb\",\"itemListElement\":[{\"@type\":\"ListItem\",\"position\":1,\"name\":\"Home\",\"item\":\"https:\/\/masterchem.fi\/sv\/\"},{\"@type\":\"ListItem\",\"position\":2,\"name\":\"Butik\",\"item\":\"https:\/\/masterchem.fi\/sv\/butik\/\"},{\"@type\":\"ListItem\",\"position\":3,\"name\":\"K\u00e4sien desinfiointiaine MasterGel E80\"}]},{\"@type\":\"WebSite\",\"@id\":\"https:\/\/masterchem.fi\/sv\/#website\",\"url\":\"https:\/\/masterchem.fi\/sv\/\",\"name\":\"MasterChem | kemikaalien tuotanto ja myynti\",\"description\":\"kemikaalien tuotanto ja myynti\",\"potentialAction\":[{\"@type\":\"SearchAction\",\"target\":{\"@type\":\"EntryPoint\",\"urlTemplate\":\"https:\/\/masterchem.fi\/sv\/?s={search_term_string}\"},\"query-input\":{\"@type\":\"PropertyValueSpecification\",\"valueRequired\":true,\"valueName\":\"search_term_string\"}}],\"inLanguage\":\"sv-SE\"}]}<\/script>\n<!-- \/ Yoast SEO plugin. -->","yoast_head_json":{"title":"K\u00e4sien desinfiointiaine MasterGel E80 - MasterChem | kemikaalien tuotanto ja myynti","description":"MasterGel E80 on yleinen k\u00e4sinpuhdistusaine. Sis\u00e4lt\u00e4\u00e4 glyseriini\u00e4 est\u00e4m\u00e4\u00e4n ihon kuivumista. Se on etanolin, glyseriinin ja propyleeniglykolin seos.Desinfioi, hajunpoistaa ja puhdistaa aktiivisesti, eik\u00e4 sit\u00e4 tarvitse huuhdella.","robots":{"index":"index","follow":"follow","max-snippet":"max-snippet:-1","max-image-preview":"max-image-preview:large","max-video-preview":"max-video-preview:-1"},"canonical":"https:\/\/masterchem.fi\/sv\/produkt\/kasien-desinfiointiaine-mastergel-e80\/","og_locale":"sv_SE","og_type":"article","og_title":"K\u00e4sien desinfiointiaine MasterGel E80 - MasterChem | kemikaalien tuotanto ja myynti","og_description":"MasterGel E80 on yleinen k\u00e4sinpuhdistusaine. Sis\u00e4lt\u00e4\u00e4 glyseriini\u00e4 est\u00e4m\u00e4\u00e4n ihon kuivumista. Se on etanolin, glyseriinin ja propyleeniglykolin seos.Desinfioi, hajunpoistaa ja puhdistaa aktiivisesti, eik\u00e4 sit\u00e4 tarvitse huuhdella.","og_url":"https:\/\/masterchem.fi\/sv\/produkt\/kasien-desinfiointiaine-mastergel-e80\/","og_site_name":"MasterChem | kemikaalien tuotanto ja myynti","article_modified_time":"2021-03-04T18:47:15+00:00","og_image":[{"width":700,"height":700,"url":"https:\/\/masterchem.fi\/wp-content\/uploads\/2021\/01\/MasterGel-E80-5l-MasterChem.jpg","type":"image\/jpeg"}],"twitter_card":"summary_large_image","twitter_misc":{"Ber\u00e4knad l\u00e4stid":"2 minuter"},"schema":{"@context":"https:\/\/schema.org","@graph":[{"@type":"WebPage","@id":"https:\/\/masterchem.fi\/sv\/produkt\/kasien-desinfiointiaine-mastergel-e80\/","url":"https:\/\/masterchem.fi\/sv\/produkt\/kasien-desinfiointiaine-mastergel-e80\/","name":"K\u00e4sien desinfiointiaine MasterGel E80 - MasterChem | kemikaalien tuotanto ja myynti","isPartOf":{"@id":"https:\/\/masterchem.fi\/sv\/#website"},"primaryImageOfPage":{"@id":"https:\/\/masterchem.fi\/sv\/produkt\/kasien-desinfiointiaine-mastergel-e80\/#primaryimage"},"image":{"@id":"https:\/\/masterchem.fi\/sv\/produkt\/kasien-desinfiointiaine-mastergel-e80\/#primaryimage"},"thumbnailUrl":"https:\/\/masterchem.fi\/wp-content\/uploads\/2021\/01\/MasterGel-E80-5l-MasterChem.jpg","datePublished":"2021-01-07T06:40:06+00:00","dateModified":"2021-03-04T18:47:15+00:00","description":"MasterGel E80 on yleinen k\u00e4sinpuhdistusaine. Sis\u00e4lt\u00e4\u00e4 glyseriini\u00e4 est\u00e4m\u00e4\u00e4n ihon kuivumista. Se on etanolin, glyseriinin ja propyleeniglykolin seos.Desinfioi, hajunpoistaa ja puhdistaa aktiivisesti, eik\u00e4 sit\u00e4 tarvitse huuhdella.","breadcrumb":{"@id":"https:\/\/masterchem.fi\/sv\/produkt\/kasien-desinfiointiaine-mastergel-e80\/#breadcrumb"},"inLanguage":"sv-SE","potentialAction":[{"@type":"ReadAction","target":["https:\/\/masterchem.fi\/sv\/produkt\/kasien-desinfiointiaine-mastergel-e80\/"]}]},{"@type":"ImageObject","inLanguage":"sv-SE","@id":"https:\/\/masterchem.fi\/sv\/produkt\/kasien-desinfiointiaine-mastergel-e80\/#primaryimage","url":"https:\/\/masterchem.fi\/wp-content\/uploads\/2021\/01\/MasterGel-E80-5l-MasterChem.jpg","contentUrl":"https:\/\/masterchem.fi\/wp-content\/uploads\/2021\/01\/MasterGel-E80-5l-MasterChem.jpg","width":700,"height":700,"caption":"K\u00e4sien desinfiointiaine MasterGel E80 5L"},{"@type":"BreadcrumbList","@id":"https:\/\/masterchem.fi\/sv\/produkt\/kasien-desinfiointiaine-mastergel-e80\/#breadcrumb","itemListElement":[{"@type":"ListItem","position":1,"name":"Home","item":"https:\/\/masterchem.fi\/sv\/"},{"@type":"ListItem","position":2,"name":"Butik","item":"https:\/\/masterchem.fi\/sv\/butik\/"},{"@type":"ListItem","position":3,"name":"K\u00e4sien desinfiointiaine MasterGel E80"}]},{"@type":"WebSite","@id":"https:\/\/masterchem.fi\/sv\/#website","url":"https:\/\/masterchem.fi\/sv\/","name":"MasterChem | kemikaalien tuotanto ja myynti","description":"kemikaalien tuotanto ja myynti","potentialAction":[{"@type":"SearchAction","target":{"@type":"EntryPoint","urlTemplate":"https:\/\/masterchem.fi\/sv\/?s={search_term_string}"},"query-input":{"@type":"PropertyValueSpecification","valueRequired":true,"valueName":"search_term_string"}}],"inLanguage":"sv-SE"}]}},"_links":{"self":[{"href":"https:\/\/masterchem.fi\/sv\/wp-json\/wp\/v2\/product\/7664","targetHints":{"allow":["GET"]}}],"collection":[{"href":"https:\/\/masterchem.fi\/sv\/wp-json\/wp\/v2\/product"}],"about":[{"href":"https:\/\/masterchem.fi\/sv\/wp-json\/wp\/v2\/types\/product"}],"wp:featuredmedia":[{"embeddable":true,"href":"https:\/\/masterchem.fi\/sv\/wp-json\/wp\/v2\/media\/7690"}],"wp:attachment":[{"href":"https:\/\/masterchem.fi\/sv\/wp-json\/wp\/v2\/media?parent=7664"}],"wp:term":[{"taxonomy":"product_brand","embeddable":true,"href":"https:\/\/masterchem.fi\/sv\/wp-json\/wp\/v2\/product_brand?post=7664"},{"taxonomy":"product_cat","embeddable":true,"href":"https:\/\/masterchem.fi\/sv\/wp-json\/wp\/v2\/product_cat?post=7664"},{"taxonomy":"product_tag","embeddable":true,"href":"https:\/\/masterchem.fi\/sv\/wp-json\/wp\/v2\/product_tag?post=7664"}],"curies":[{"name":"wp","href":"https:\/\/api.w.org\/{rel}","templated":true}]}}