{"id":7736,"date":"2021-01-10T22:51:21","date_gmt":"2021-01-10T19:51:22","guid":{"rendered":"https:\/\/masterchem.fi\/?post_type=product&#038;p=7736"},"modified":"2022-04-26T10:34:40","modified_gmt":"2022-04-26T07:34:40","slug":"t1-metoxi-2-propanolerpentin-cas-107-98-2","status":"publish","type":"product","link":"https:\/\/masterchem.fi\/sv\/produkt\/t1-metoxi-2-propanolerpentin-cas-107-98-2\/","title":{"rendered":"T1-metoxi-2-propanolerpentin (CAS 107-98-2)"},"content":{"rendered":"<p> <strong> Beskrivning: <\/strong> <br \/>\nMetoxipropanol \u00e4r en f\u00e4rgl\u00f6s, vattenblandbar v\u00e4tska med en mild alkoholhaltig lukt och medium flyktighet. Metoxipropanol blandas v\u00e4l med vatten och andra organiska l\u00f6sningsmedel, l\u00f6ser m\u00e5nga organiska \u00e4mnen v\u00e4l, metoxipropanol kan fungera som en ers\u00e4ttning f\u00f6r m\u00e5nga glykoler (E-serien). <br \/>\nMetoxipropanol anv\u00e4nds som l\u00f6sningsmedel f\u00f6r bl\u00e4ck och ger god l\u00f6slighet i en m\u00e4ngd olika hartser, inklusive akryl-, epoxi-, alkyd-, polyester-, nitrocellulosa- och polyuretanhartser. <\/p>\n<p> <strong> Anv\u00e4ndning och anv\u00e4ndning: <\/strong> <br \/>\nDet \u00e4r mycket flyktigt och f\u00f6rb\u00e4ttrar v\u00e4tningen av vissa pigment och f\u00e4rg\u00e4mnen som l\u00f6sningsmedel f\u00f6r bl\u00e4ck och bl\u00e4ck. Den har god l\u00f6slighet i f\u00f6rh\u00e5llande till nitrocellulosa, klorerat gummi, polyvinylacetat, polyvinylbutyral, keton- och ketonformaldehydhartser, shellack, harts, fenol, melamin och karbamidformaldehydhartser, alkydhartser och polymetakrylater. Liksom aceton som ett l\u00f6sningsmedel l\u00f6ser det inte copacialgummi, gummi, cellulosaacetat, polystyren, polyvinylalkohol och polyvinylklorid. <br \/>\nP\u00e5 grund av sin l\u00e5ga behagliga lukt \u00e4r metoxipropanol mycket v\u00e4l l\u00e4mpad f\u00f6r nitrocellulosalack avsedda f\u00f6r bel\u00e4ggning av tr\u00e4, papper och metall. Som ett m\u00e5ttligt flyktigt l\u00f6sningsmedel f\u00f6rb\u00e4ttrar det f\u00e4rgpermeabilitet, fl\u00f6desegenskaper och glans hos f\u00e4rgbel\u00e4ggningar; det f\u00f6rhindrar ocks\u00e5 molnbildning och oj\u00e4mnheter i ytan som bubblor och fisk\u00f6ga. D\u00e4rf\u00f6r, n\u00e4r det anv\u00e4nds som l\u00f6sningsmedel p 646, \u00e4r materialet en mycket viktig del av ett framg\u00e5ngsrikt jobb. Tillsatsen av metoxipropanol \u00f6kar inte torkningstiden f\u00f6r f\u00e4rgsystemen. Det \u00f6kar utsp\u00e4dbarheten med billiga l\u00f6sningsmedel, minskar och stabiliserar f\u00e4rgviskositeten och f\u00f6rb\u00e4ttrar f\u00e4rgd\u00f6ljningsegenskaperna. <br \/>\nMetoxipropanol orsakar v\u00e4ldigt lite svullnad av f\u00e4rgen, s\u00e5 det l\u00e4gger till f\u00e4rg ovanp\u00e5 tidigare lager. Det anv\u00e4nds som l\u00f6sningsmedel i bl\u00e4ck (flexografisk tryckning, djupf\u00f6rpackning) f\u00f6r att f\u00f6rb\u00e4ttra glans och fl\u00f6de. P\u00e5 grund av dess goda l\u00f6sningsmedelsegenskaper med avseende p\u00e5 f\u00e4rg\u00e4mnen och dess f\u00f6rm\u00e5ga att fukta pigment f\u00f6rb\u00e4ttrar det f\u00e4rgen p\u00e5 bl\u00e4ck. <br \/>\n<strong> Fysiska egenskaper <\/strong> <br \/>\nKokpunkt +117 \u2070C <\/p>\n","protected":false},"excerpt":{"rendered":"<p> Andra namn: 1-metoxi-2-propanol, metoxipropanol, propylenglykol-monometyleter <\/p>\n","protected":false},"featured_media":7754,"template":"","meta":[],"product_brand":[],"product_cat":[114,116,105,106,111],"product_tag":[],"class_list":{"0":"post-7736","1":"product","2":"type-product","3":"status-publish","4":"has-post-thumbnail","6":"product_cat-typografiska-kemikalier","7":"product_cat-alla-produkter","8":"product_cat-hushallskemikalier-sv","9":"product_cat-lakemedelsindustri","10":"product_cat-trabearbetningskemikalier","12":"first","13":"instock","14":"taxable","15":"shipping-taxable","16":"purchasable","17":"product-type-variable","18":"has-default-attributes","19":"rtwpvg-product"},"yoast_head":"<!-- This site is optimized with the Yoast SEO plugin v27.5 - https:\/\/yoast.com\/product\/yoast-seo-wordpress\/ -->\n<title>T1-metoxi-2-propanolerpentin (CAS 107-98-2) - MasterChem | kemikaalien tuotanto ja myynti<\/title>\n<meta name=\"description\" content=\"Metoxipropanol \u00e4r en f\u00e4rgl\u00f6s, vattenblandbar v\u00e4tska med en mild alkoholhaltig lukt och medium flyktighet. Metoxipropanol blandas v\u00e4l med vatten och andra organiska l\u00f6sningsmedel, l\u00f6ser m\u00e5nga organiska \u00e4mnen v\u00e4l, metoxipropanol kan fungera som en ers\u00e4ttning f\u00f6r m\u00e5nga glykoler (E-serien).\" \/>\n<meta name=\"robots\" content=\"index, follow, max-snippet:-1, max-image-preview:large, max-video-preview:-1\" \/>\n<link rel=\"canonical\" href=\"https:\/\/masterchem.fi\/sv\/produkt\/t1-metoxi-2-propanolerpentin-cas-107-98-2\/\" \/>\n<meta property=\"og:locale\" content=\"sv_SE\" \/>\n<meta property=\"og:type\" content=\"article\" \/>\n<meta property=\"og:title\" content=\"T1-metoxi-2-propanolerpentin (CAS 107-98-2) - MasterChem | kemikaalien tuotanto ja myynti\" \/>\n<meta property=\"og:description\" content=\"Metoxipropanol \u00e4r en f\u00e4rgl\u00f6s, vattenblandbar v\u00e4tska med en mild alkoholhaltig lukt och medium flyktighet. Metoxipropanol blandas v\u00e4l med vatten och andra organiska l\u00f6sningsmedel, l\u00f6ser m\u00e5nga organiska \u00e4mnen v\u00e4l, metoxipropanol kan fungera som en ers\u00e4ttning f\u00f6r m\u00e5nga glykoler (E-serien).\" \/>\n<meta property=\"og:url\" content=\"https:\/\/masterchem.fi\/sv\/produkt\/t1-metoxi-2-propanolerpentin-cas-107-98-2\/\" \/>\n<meta property=\"og:site_name\" content=\"MasterChem | kemikaalien tuotanto ja myynti\" \/>\n<meta property=\"article:modified_time\" content=\"2022-04-26T07:34:40+00:00\" \/>\n<meta property=\"og:image\" content=\"https:\/\/masterchem.fi\/wp-content\/uploads\/2021\/01\/1-metoksu-2-propanool-1000l-MasterChem.jpg\" \/>\n\t<meta property=\"og:image:width\" content=\"1000\" \/>\n\t<meta property=\"og:image:height\" content=\"1000\" \/>\n\t<meta property=\"og:image:type\" content=\"image\/jpeg\" \/>\n<meta name=\"twitter:card\" content=\"summary_large_image\" \/>\n<meta name=\"twitter:label1\" content=\"Ber\u00e4knad l\u00e4stid\" \/>\n\t<meta name=\"twitter:data1\" content=\"2 minuter\" \/>\n<script type=\"application\/ld+json\" class=\"yoast-schema-graph\">{\"@context\":\"https:\\\/\\\/schema.org\",\"@graph\":[{\"@type\":\"WebPage\",\"@id\":\"https:\\\/\\\/masterchem.fi\\\/sv\\\/produkt\\\/t1-metoxi-2-propanolerpentin-cas-107-98-2\\\/\",\"url\":\"https:\\\/\\\/masterchem.fi\\\/sv\\\/produkt\\\/t1-metoxi-2-propanolerpentin-cas-107-98-2\\\/\",\"name\":\"T1-metoxi-2-propanolerpentin (CAS 107-98-2) - MasterChem | kemikaalien tuotanto ja myynti\",\"isPartOf\":{\"@id\":\"https:\\\/\\\/masterchem.fi\\\/sv\\\/#website\"},\"primaryImageOfPage\":{\"@id\":\"https:\\\/\\\/masterchem.fi\\\/sv\\\/produkt\\\/t1-metoxi-2-propanolerpentin-cas-107-98-2\\\/#primaryimage\"},\"image\":{\"@id\":\"https:\\\/\\\/masterchem.fi\\\/sv\\\/produkt\\\/t1-metoxi-2-propanolerpentin-cas-107-98-2\\\/#primaryimage\"},\"thumbnailUrl\":\"https:\\\/\\\/masterchem.fi\\\/wp-content\\\/uploads\\\/2021\\\/01\\\/1-metoksu-2-propanool-1000l-MasterChem.jpg\",\"datePublished\":\"2021-01-10T19:51:22+00:00\",\"dateModified\":\"2022-04-26T07:34:40+00:00\",\"description\":\"Metoxipropanol \u00e4r en f\u00e4rgl\u00f6s, vattenblandbar v\u00e4tska med en mild alkoholhaltig lukt och medium flyktighet. Metoxipropanol blandas v\u00e4l med vatten och andra organiska l\u00f6sningsmedel, l\u00f6ser m\u00e5nga organiska \u00e4mnen v\u00e4l, metoxipropanol kan fungera som en ers\u00e4ttning f\u00f6r m\u00e5nga glykoler (E-serien).\",\"breadcrumb\":{\"@id\":\"https:\\\/\\\/masterchem.fi\\\/sv\\\/produkt\\\/t1-metoxi-2-propanolerpentin-cas-107-98-2\\\/#breadcrumb\"},\"inLanguage\":\"sv-SE\",\"potentialAction\":[{\"@type\":\"ReadAction\",\"target\":[\"https:\\\/\\\/masterchem.fi\\\/sv\\\/produkt\\\/t1-metoxi-2-propanolerpentin-cas-107-98-2\\\/\"]}]},{\"@type\":\"ImageObject\",\"inLanguage\":\"sv-SE\",\"@id\":\"https:\\\/\\\/masterchem.fi\\\/sv\\\/produkt\\\/t1-metoxi-2-propanolerpentin-cas-107-98-2\\\/#primaryimage\",\"url\":\"https:\\\/\\\/masterchem.fi\\\/wp-content\\\/uploads\\\/2021\\\/01\\\/1-metoksu-2-propanool-1000l-MasterChem.jpg\",\"contentUrl\":\"https:\\\/\\\/masterchem.fi\\\/wp-content\\\/uploads\\\/2021\\\/01\\\/1-metoksu-2-propanool-1000l-MasterChem.jpg\",\"width\":1000,\"height\":1000,\"caption\":\"1-metoksi-2-propanoli 1000l MasterChem\"},{\"@type\":\"BreadcrumbList\",\"@id\":\"https:\\\/\\\/masterchem.fi\\\/sv\\\/produkt\\\/t1-metoxi-2-propanolerpentin-cas-107-98-2\\\/#breadcrumb\",\"itemListElement\":[{\"@type\":\"ListItem\",\"position\":1,\"name\":\"Home\",\"item\":\"https:\\\/\\\/masterchem.fi\\\/sv\\\/\"},{\"@type\":\"ListItem\",\"position\":2,\"name\":\"Butik\",\"item\":\"https:\\\/\\\/masterchem.fi\\\/sv\\\/butik\\\/\"},{\"@type\":\"ListItem\",\"position\":3,\"name\":\"T1-metoxi-2-propanolerpentin (CAS 107-98-2)\"}]},{\"@type\":\"WebSite\",\"@id\":\"https:\\\/\\\/masterchem.fi\\\/sv\\\/#website\",\"url\":\"https:\\\/\\\/masterchem.fi\\\/sv\\\/\",\"name\":\"MasterChem | kemikaalien tuotanto ja myynti\",\"description\":\"kemikaalien tuotanto ja myynti\",\"potentialAction\":[{\"@type\":\"SearchAction\",\"target\":{\"@type\":\"EntryPoint\",\"urlTemplate\":\"https:\\\/\\\/masterchem.fi\\\/sv\\\/?s={search_term_string}\"},\"query-input\":{\"@type\":\"PropertyValueSpecification\",\"valueRequired\":true,\"valueName\":\"search_term_string\"}}],\"inLanguage\":\"sv-SE\"}]}<\/script>\n<!-- \/ Yoast SEO plugin. -->","yoast_head_json":{"title":"T1-metoxi-2-propanolerpentin (CAS 107-98-2) - MasterChem | kemikaalien tuotanto ja myynti","description":"Metoxipropanol \u00e4r en f\u00e4rgl\u00f6s, vattenblandbar v\u00e4tska med en mild alkoholhaltig lukt och medium flyktighet. Metoxipropanol blandas v\u00e4l med vatten och andra organiska l\u00f6sningsmedel, l\u00f6ser m\u00e5nga organiska \u00e4mnen v\u00e4l, metoxipropanol kan fungera som en ers\u00e4ttning f\u00f6r m\u00e5nga glykoler (E-serien).","robots":{"index":"index","follow":"follow","max-snippet":"max-snippet:-1","max-image-preview":"max-image-preview:large","max-video-preview":"max-video-preview:-1"},"canonical":"https:\/\/masterchem.fi\/sv\/produkt\/t1-metoxi-2-propanolerpentin-cas-107-98-2\/","og_locale":"sv_SE","og_type":"article","og_title":"T1-metoxi-2-propanolerpentin (CAS 107-98-2) - MasterChem | kemikaalien tuotanto ja myynti","og_description":"Metoxipropanol \u00e4r en f\u00e4rgl\u00f6s, vattenblandbar v\u00e4tska med en mild alkoholhaltig lukt och medium flyktighet. Metoxipropanol blandas v\u00e4l med vatten och andra organiska l\u00f6sningsmedel, l\u00f6ser m\u00e5nga organiska \u00e4mnen v\u00e4l, metoxipropanol kan fungera som en ers\u00e4ttning f\u00f6r m\u00e5nga glykoler (E-serien).","og_url":"https:\/\/masterchem.fi\/sv\/produkt\/t1-metoxi-2-propanolerpentin-cas-107-98-2\/","og_site_name":"MasterChem | kemikaalien tuotanto ja myynti","article_modified_time":"2022-04-26T07:34:40+00:00","og_image":[{"width":1000,"height":1000,"url":"https:\/\/masterchem.fi\/wp-content\/uploads\/2021\/01\/1-metoksu-2-propanool-1000l-MasterChem.jpg","type":"image\/jpeg"}],"twitter_card":"summary_large_image","twitter_misc":{"Ber\u00e4knad l\u00e4stid":"2 minuter"},"schema":{"@context":"https:\/\/schema.org","@graph":[{"@type":"WebPage","@id":"https:\/\/masterchem.fi\/sv\/produkt\/t1-metoxi-2-propanolerpentin-cas-107-98-2\/","url":"https:\/\/masterchem.fi\/sv\/produkt\/t1-metoxi-2-propanolerpentin-cas-107-98-2\/","name":"T1-metoxi-2-propanolerpentin (CAS 107-98-2) - MasterChem | kemikaalien tuotanto ja myynti","isPartOf":{"@id":"https:\/\/masterchem.fi\/sv\/#website"},"primaryImageOfPage":{"@id":"https:\/\/masterchem.fi\/sv\/produkt\/t1-metoxi-2-propanolerpentin-cas-107-98-2\/#primaryimage"},"image":{"@id":"https:\/\/masterchem.fi\/sv\/produkt\/t1-metoxi-2-propanolerpentin-cas-107-98-2\/#primaryimage"},"thumbnailUrl":"https:\/\/masterchem.fi\/wp-content\/uploads\/2021\/01\/1-metoksu-2-propanool-1000l-MasterChem.jpg","datePublished":"2021-01-10T19:51:22+00:00","dateModified":"2022-04-26T07:34:40+00:00","description":"Metoxipropanol \u00e4r en f\u00e4rgl\u00f6s, vattenblandbar v\u00e4tska med en mild alkoholhaltig lukt och medium flyktighet. Metoxipropanol blandas v\u00e4l med vatten och andra organiska l\u00f6sningsmedel, l\u00f6ser m\u00e5nga organiska \u00e4mnen v\u00e4l, metoxipropanol kan fungera som en ers\u00e4ttning f\u00f6r m\u00e5nga glykoler (E-serien).","breadcrumb":{"@id":"https:\/\/masterchem.fi\/sv\/produkt\/t1-metoxi-2-propanolerpentin-cas-107-98-2\/#breadcrumb"},"inLanguage":"sv-SE","potentialAction":[{"@type":"ReadAction","target":["https:\/\/masterchem.fi\/sv\/produkt\/t1-metoxi-2-propanolerpentin-cas-107-98-2\/"]}]},{"@type":"ImageObject","inLanguage":"sv-SE","@id":"https:\/\/masterchem.fi\/sv\/produkt\/t1-metoxi-2-propanolerpentin-cas-107-98-2\/#primaryimage","url":"https:\/\/masterchem.fi\/wp-content\/uploads\/2021\/01\/1-metoksu-2-propanool-1000l-MasterChem.jpg","contentUrl":"https:\/\/masterchem.fi\/wp-content\/uploads\/2021\/01\/1-metoksu-2-propanool-1000l-MasterChem.jpg","width":1000,"height":1000,"caption":"1-metoksi-2-propanoli 1000l MasterChem"},{"@type":"BreadcrumbList","@id":"https:\/\/masterchem.fi\/sv\/produkt\/t1-metoxi-2-propanolerpentin-cas-107-98-2\/#breadcrumb","itemListElement":[{"@type":"ListItem","position":1,"name":"Home","item":"https:\/\/masterchem.fi\/sv\/"},{"@type":"ListItem","position":2,"name":"Butik","item":"https:\/\/masterchem.fi\/sv\/butik\/"},{"@type":"ListItem","position":3,"name":"T1-metoxi-2-propanolerpentin (CAS 107-98-2)"}]},{"@type":"WebSite","@id":"https:\/\/masterchem.fi\/sv\/#website","url":"https:\/\/masterchem.fi\/sv\/","name":"MasterChem | kemikaalien tuotanto ja myynti","description":"kemikaalien tuotanto ja myynti","potentialAction":[{"@type":"SearchAction","target":{"@type":"EntryPoint","urlTemplate":"https:\/\/masterchem.fi\/sv\/?s={search_term_string}"},"query-input":{"@type":"PropertyValueSpecification","valueRequired":true,"valueName":"search_term_string"}}],"inLanguage":"sv-SE"}]}},"_links":{"self":[{"href":"https:\/\/masterchem.fi\/sv\/wp-json\/wp\/v2\/product\/7736","targetHints":{"allow":["GET"]}}],"collection":[{"href":"https:\/\/masterchem.fi\/sv\/wp-json\/wp\/v2\/product"}],"about":[{"href":"https:\/\/masterchem.fi\/sv\/wp-json\/wp\/v2\/types\/product"}],"wp:featuredmedia":[{"embeddable":true,"href":"https:\/\/masterchem.fi\/sv\/wp-json\/wp\/v2\/media\/7754"}],"wp:attachment":[{"href":"https:\/\/masterchem.fi\/sv\/wp-json\/wp\/v2\/media?parent=7736"}],"wp:term":[{"taxonomy":"product_brand","embeddable":true,"href":"https:\/\/masterchem.fi\/sv\/wp-json\/wp\/v2\/product_brand?post=7736"},{"taxonomy":"product_cat","embeddable":true,"href":"https:\/\/masterchem.fi\/sv\/wp-json\/wp\/v2\/product_cat?post=7736"},{"taxonomy":"product_tag","embeddable":true,"href":"https:\/\/masterchem.fi\/sv\/wp-json\/wp\/v2\/product_tag?post=7736"}],"curies":[{"name":"wp","href":"https:\/\/api.w.org\/{rel}","templated":true}]}}