{"id":7779,"date":"2021-01-11T21:19:18","date_gmt":"2021-01-11T18:19:19","guid":{"rendered":"https:\/\/masterchem.fi\/?post_type=product&#038;p=7779"},"modified":"2022-04-26T10:39:27","modified_gmt":"2022-04-26T07:39:27","slug":"butylglykol-111-76-2-2","status":"publish","type":"product","link":"https:\/\/masterchem.fi\/sv\/produkt\/butylglykol-111-76-2-2\/","title":{"rendered":"Butylglykol (111-76-2)"},"content":{"rendered":"<p><strong>Beskrivning:<\/strong><br \/>\nButylglykol, en kemisk f\u00f6rening med formeln C6H14O2, \u00e4r en glykoleter. En l\u00e5gflyktig, h\u00f6gkokande v\u00e4tska med l\u00e5g lukt anv\u00e4nds som l\u00f6sningsmedel och r\u00e5material f\u00f6r syntes. Utm\u00e4rkt saml\u00f6sningsmedel i vattenf\u00e4rger (vattenbaserade f\u00e4rger). L\u00f6s upp i vatten, alkoholer, glykoler, dietyleter, aceton, kloroform och andra organiska l\u00f6sningsmedel.<\/p>\n<p><strong>Anv\u00e4ndning och anv\u00e4ndning:<\/strong><br \/>\n\u25cf Anv\u00e4nds ofta som l\u00f6sningsmedel f\u00f6r f\u00e4rger och lacker, cellulosa och hartser. Tillsatsen av butylglykol till m\u00e5lningsmaterial minskar deras viskositet och f\u00f6rb\u00e4ttrar flytbarheten.<br \/>\n\u25cf Bl\u00e4ck f\u00f6r utskrift.<br \/>\n\u25cf Komponenter f\u00f6r ytrenare, t.ex. f\u00f6r avfettning av metallytor<br \/>\n\u25cf Komponent f\u00f6r sk\u00e4rv\u00e4tska<br \/>\n\u25cf I organisk syntes.<br \/>\n\u25cf Inom petrokemi.<\/p>\n<p><strong>F\u00f6rpackning:<\/strong><br \/>\n0,5L metallflaska<br \/>\n5L plastbeh\u00e5llare<br \/>\n10L plastbeh\u00e5llare<br \/>\n20L metallhink och<br \/>\n25L plastbeh\u00e5llare<br \/>\n25 kg p\u00e5se (pellets)<br \/>\n200 liter fat<br \/>\n640L IBC<br \/>\n1000L IBC<\/p>\n<p><strong>Lagring:<\/strong><\/p>\n<p>Fysiska egenskaper:<br \/>\nTermiska egenskaper<br \/>\nTemperatur<br \/>\nSm\u00e4ltpunkt: -75 \u00b0 C<br \/>\nKokpunkt: 171 \u00b0 C<br \/>\nFlash: 143 \u00b0 C<br \/>\nINDEX:<br \/>\nCAS: 111-76-2<br \/>\nEG: 203-905-0<\/p>\n","protected":false},"excerpt":{"rendered":"<p>2-butoxietan-1-ol, 2-butoxietanol, butylcelloll\u00f6sning, butylglykol, butylmonomerglykol, EGBE (etylenglykolmonobutyleter), Dowanol EB, Bane-Clene, Eastman EB-l\u00f6sningsmedel, BH-33, industriell reng\u00f6ringsmedel, Solvaset, 2, Butyloxitol, Ektasolve, Jeffersol EB<\/p>\n","protected":false},"featured_media":7798,"template":"","meta":[],"product_brand":[],"product_cat":[114,116,105,106,109,111],"product_tag":[],"class_list":{"0":"post-7779","1":"product","2":"type-product","3":"status-publish","4":"has-post-thumbnail","6":"product_cat-typografiska-kemikalier","7":"product_cat-alla-produkter","8":"product_cat-hushallskemikalier-sv","9":"product_cat-lakemedelsindustri","10":"product_cat-plast","11":"product_cat-trabearbetningskemikalier","13":"first","14":"instock","15":"taxable","16":"shipping-taxable","17":"purchasable","18":"product-type-variable","19":"has-default-attributes","20":"rtwpvg-product"},"yoast_head":"<!-- This site is optimized with the Yoast SEO plugin v27.2 - https:\/\/yoast.com\/product\/yoast-seo-wordpress\/ -->\n<title>Butylglykol (111-76-2) - MasterChem | kemikaalien tuotanto ja myynti<\/title>\n<meta name=\"description\" content=\"Butylglykol, en kemisk f\u00f6rening med formeln C6H14O2, \u00e4r en glykoleter. En l\u00e5gflyktig, h\u00f6gkokande v\u00e4tska med l\u00e5g lukt anv\u00e4nds som l\u00f6sningsmedel och r\u00e5material f\u00f6r syntes. Utm\u00e4rkt saml\u00f6sningsmedel i vattenf\u00e4rger (vattenbaserade f\u00e4rger). L\u00f6s upp i vatten, alkoholer, glykoler, dietyleter, aceton, kloroform och andra organiska l\u00f6sningsmedel.\" \/>\n<meta name=\"robots\" content=\"index, follow, max-snippet:-1, max-image-preview:large, max-video-preview:-1\" \/>\n<link rel=\"canonical\" href=\"https:\/\/masterchem.fi\/sv\/produkt\/butylglykol-111-76-2-2\/\" \/>\n<meta property=\"og:locale\" content=\"sv_SE\" \/>\n<meta property=\"og:type\" content=\"article\" \/>\n<meta property=\"og:title\" content=\"Butylglykol (111-76-2) - MasterChem | kemikaalien tuotanto ja myynti\" \/>\n<meta property=\"og:description\" content=\"Butylglykol, en kemisk f\u00f6rening med formeln C6H14O2, \u00e4r en glykoleter. En l\u00e5gflyktig, h\u00f6gkokande v\u00e4tska med l\u00e5g lukt anv\u00e4nds som l\u00f6sningsmedel och r\u00e5material f\u00f6r syntes. Utm\u00e4rkt saml\u00f6sningsmedel i vattenf\u00e4rger (vattenbaserade f\u00e4rger). L\u00f6s upp i vatten, alkoholer, glykoler, dietyleter, aceton, kloroform och andra organiska l\u00f6sningsmedel.\" \/>\n<meta property=\"og:url\" content=\"https:\/\/masterchem.fi\/sv\/produkt\/butylglykol-111-76-2-2\/\" \/>\n<meta property=\"og:site_name\" content=\"MasterChem | kemikaalien tuotanto ja myynti\" \/>\n<meta property=\"article:modified_time\" content=\"2022-04-26T07:39:27+00:00\" \/>\n<meta property=\"og:image\" content=\"https:\/\/masterchem.fi\/wp-content\/uploads\/2021\/01\/Butuulglukool-BG-1000l-MasterChem.jpg\" \/>\n\t<meta property=\"og:image:width\" content=\"1000\" \/>\n\t<meta property=\"og:image:height\" content=\"1000\" \/>\n\t<meta property=\"og:image:type\" content=\"image\/jpeg\" \/>\n<meta name=\"twitter:card\" content=\"summary_large_image\" \/>\n<meta name=\"twitter:label1\" content=\"Ber\u00e4knad l\u00e4stid\" \/>\n\t<meta name=\"twitter:data1\" content=\"1 minut\" \/>\n<script type=\"application\/ld+json\" class=\"yoast-schema-graph\">{\"@context\":\"https:\/\/schema.org\",\"@graph\":[{\"@type\":\"WebPage\",\"@id\":\"https:\/\/masterchem.fi\/sv\/produkt\/butylglykol-111-76-2-2\/\",\"url\":\"https:\/\/masterchem.fi\/sv\/produkt\/butylglykol-111-76-2-2\/\",\"name\":\"Butylglykol (111-76-2) - MasterChem | kemikaalien tuotanto ja myynti\",\"isPartOf\":{\"@id\":\"https:\/\/masterchem.fi\/sv\/#website\"},\"primaryImageOfPage\":{\"@id\":\"https:\/\/masterchem.fi\/sv\/produkt\/butylglykol-111-76-2-2\/#primaryimage\"},\"image\":{\"@id\":\"https:\/\/masterchem.fi\/sv\/produkt\/butylglykol-111-76-2-2\/#primaryimage\"},\"thumbnailUrl\":\"https:\/\/masterchem.fi\/wp-content\/uploads\/2021\/01\/Butuulglukool-BG-1000l-MasterChem.jpg\",\"datePublished\":\"2021-01-11T18:19:19+00:00\",\"dateModified\":\"2022-04-26T07:39:27+00:00\",\"description\":\"Butylglykol, en kemisk f\u00f6rening med formeln C6H14O2, \u00e4r en glykoleter. En l\u00e5gflyktig, h\u00f6gkokande v\u00e4tska med l\u00e5g lukt anv\u00e4nds som l\u00f6sningsmedel och r\u00e5material f\u00f6r syntes. Utm\u00e4rkt saml\u00f6sningsmedel i vattenf\u00e4rger (vattenbaserade f\u00e4rger). L\u00f6s upp i vatten, alkoholer, glykoler, dietyleter, aceton, kloroform och andra organiska l\u00f6sningsmedel.\",\"breadcrumb\":{\"@id\":\"https:\/\/masterchem.fi\/sv\/produkt\/butylglykol-111-76-2-2\/#breadcrumb\"},\"inLanguage\":\"sv-SE\",\"potentialAction\":[{\"@type\":\"ReadAction\",\"target\":[\"https:\/\/masterchem.fi\/sv\/produkt\/butylglykol-111-76-2-2\/\"]}]},{\"@type\":\"ImageObject\",\"inLanguage\":\"sv-SE\",\"@id\":\"https:\/\/masterchem.fi\/sv\/produkt\/butylglykol-111-76-2-2\/#primaryimage\",\"url\":\"https:\/\/masterchem.fi\/wp-content\/uploads\/2021\/01\/Butuulglukool-BG-1000l-MasterChem.jpg\",\"contentUrl\":\"https:\/\/masterchem.fi\/wp-content\/uploads\/2021\/01\/Butuulglukool-BG-1000l-MasterChem.jpg\",\"width\":1000,\"height\":1000,\"caption\":\"Butyyliglykoli 1000l MasterChem\"},{\"@type\":\"BreadcrumbList\",\"@id\":\"https:\/\/masterchem.fi\/sv\/produkt\/butylglykol-111-76-2-2\/#breadcrumb\",\"itemListElement\":[{\"@type\":\"ListItem\",\"position\":1,\"name\":\"Home\",\"item\":\"https:\/\/masterchem.fi\/sv\/\"},{\"@type\":\"ListItem\",\"position\":2,\"name\":\"Butik\",\"item\":\"https:\/\/masterchem.fi\/sv\/butik\/\"},{\"@type\":\"ListItem\",\"position\":3,\"name\":\"Butylglykol (111-76-2)\"}]},{\"@type\":\"WebSite\",\"@id\":\"https:\/\/masterchem.fi\/sv\/#website\",\"url\":\"https:\/\/masterchem.fi\/sv\/\",\"name\":\"MasterChem | kemikaalien tuotanto ja myynti\",\"description\":\"kemikaalien tuotanto ja myynti\",\"potentialAction\":[{\"@type\":\"SearchAction\",\"target\":{\"@type\":\"EntryPoint\",\"urlTemplate\":\"https:\/\/masterchem.fi\/sv\/?s={search_term_string}\"},\"query-input\":{\"@type\":\"PropertyValueSpecification\",\"valueRequired\":true,\"valueName\":\"search_term_string\"}}],\"inLanguage\":\"sv-SE\"}]}<\/script>\n<!-- \/ Yoast SEO plugin. -->","yoast_head_json":{"title":"Butylglykol (111-76-2) - MasterChem | kemikaalien tuotanto ja myynti","description":"Butylglykol, en kemisk f\u00f6rening med formeln C6H14O2, \u00e4r en glykoleter. En l\u00e5gflyktig, h\u00f6gkokande v\u00e4tska med l\u00e5g lukt anv\u00e4nds som l\u00f6sningsmedel och r\u00e5material f\u00f6r syntes. Utm\u00e4rkt saml\u00f6sningsmedel i vattenf\u00e4rger (vattenbaserade f\u00e4rger). L\u00f6s upp i vatten, alkoholer, glykoler, dietyleter, aceton, kloroform och andra organiska l\u00f6sningsmedel.","robots":{"index":"index","follow":"follow","max-snippet":"max-snippet:-1","max-image-preview":"max-image-preview:large","max-video-preview":"max-video-preview:-1"},"canonical":"https:\/\/masterchem.fi\/sv\/produkt\/butylglykol-111-76-2-2\/","og_locale":"sv_SE","og_type":"article","og_title":"Butylglykol (111-76-2) - MasterChem | kemikaalien tuotanto ja myynti","og_description":"Butylglykol, en kemisk f\u00f6rening med formeln C6H14O2, \u00e4r en glykoleter. En l\u00e5gflyktig, h\u00f6gkokande v\u00e4tska med l\u00e5g lukt anv\u00e4nds som l\u00f6sningsmedel och r\u00e5material f\u00f6r syntes. Utm\u00e4rkt saml\u00f6sningsmedel i vattenf\u00e4rger (vattenbaserade f\u00e4rger). L\u00f6s upp i vatten, alkoholer, glykoler, dietyleter, aceton, kloroform och andra organiska l\u00f6sningsmedel.","og_url":"https:\/\/masterchem.fi\/sv\/produkt\/butylglykol-111-76-2-2\/","og_site_name":"MasterChem | kemikaalien tuotanto ja myynti","article_modified_time":"2022-04-26T07:39:27+00:00","og_image":[{"width":1000,"height":1000,"url":"https:\/\/masterchem.fi\/wp-content\/uploads\/2021\/01\/Butuulglukool-BG-1000l-MasterChem.jpg","type":"image\/jpeg"}],"twitter_card":"summary_large_image","twitter_misc":{"Ber\u00e4knad l\u00e4stid":"1 minut"},"schema":{"@context":"https:\/\/schema.org","@graph":[{"@type":"WebPage","@id":"https:\/\/masterchem.fi\/sv\/produkt\/butylglykol-111-76-2-2\/","url":"https:\/\/masterchem.fi\/sv\/produkt\/butylglykol-111-76-2-2\/","name":"Butylglykol (111-76-2) - MasterChem | kemikaalien tuotanto ja myynti","isPartOf":{"@id":"https:\/\/masterchem.fi\/sv\/#website"},"primaryImageOfPage":{"@id":"https:\/\/masterchem.fi\/sv\/produkt\/butylglykol-111-76-2-2\/#primaryimage"},"image":{"@id":"https:\/\/masterchem.fi\/sv\/produkt\/butylglykol-111-76-2-2\/#primaryimage"},"thumbnailUrl":"https:\/\/masterchem.fi\/wp-content\/uploads\/2021\/01\/Butuulglukool-BG-1000l-MasterChem.jpg","datePublished":"2021-01-11T18:19:19+00:00","dateModified":"2022-04-26T07:39:27+00:00","description":"Butylglykol, en kemisk f\u00f6rening med formeln C6H14O2, \u00e4r en glykoleter. En l\u00e5gflyktig, h\u00f6gkokande v\u00e4tska med l\u00e5g lukt anv\u00e4nds som l\u00f6sningsmedel och r\u00e5material f\u00f6r syntes. Utm\u00e4rkt saml\u00f6sningsmedel i vattenf\u00e4rger (vattenbaserade f\u00e4rger). L\u00f6s upp i vatten, alkoholer, glykoler, dietyleter, aceton, kloroform och andra organiska l\u00f6sningsmedel.","breadcrumb":{"@id":"https:\/\/masterchem.fi\/sv\/produkt\/butylglykol-111-76-2-2\/#breadcrumb"},"inLanguage":"sv-SE","potentialAction":[{"@type":"ReadAction","target":["https:\/\/masterchem.fi\/sv\/produkt\/butylglykol-111-76-2-2\/"]}]},{"@type":"ImageObject","inLanguage":"sv-SE","@id":"https:\/\/masterchem.fi\/sv\/produkt\/butylglykol-111-76-2-2\/#primaryimage","url":"https:\/\/masterchem.fi\/wp-content\/uploads\/2021\/01\/Butuulglukool-BG-1000l-MasterChem.jpg","contentUrl":"https:\/\/masterchem.fi\/wp-content\/uploads\/2021\/01\/Butuulglukool-BG-1000l-MasterChem.jpg","width":1000,"height":1000,"caption":"Butyyliglykoli 1000l MasterChem"},{"@type":"BreadcrumbList","@id":"https:\/\/masterchem.fi\/sv\/produkt\/butylglykol-111-76-2-2\/#breadcrumb","itemListElement":[{"@type":"ListItem","position":1,"name":"Home","item":"https:\/\/masterchem.fi\/sv\/"},{"@type":"ListItem","position":2,"name":"Butik","item":"https:\/\/masterchem.fi\/sv\/butik\/"},{"@type":"ListItem","position":3,"name":"Butylglykol (111-76-2)"}]},{"@type":"WebSite","@id":"https:\/\/masterchem.fi\/sv\/#website","url":"https:\/\/masterchem.fi\/sv\/","name":"MasterChem | kemikaalien tuotanto ja myynti","description":"kemikaalien tuotanto ja myynti","potentialAction":[{"@type":"SearchAction","target":{"@type":"EntryPoint","urlTemplate":"https:\/\/masterchem.fi\/sv\/?s={search_term_string}"},"query-input":{"@type":"PropertyValueSpecification","valueRequired":true,"valueName":"search_term_string"}}],"inLanguage":"sv-SE"}]}},"_links":{"self":[{"href":"https:\/\/masterchem.fi\/sv\/wp-json\/wp\/v2\/product\/7779","targetHints":{"allow":["GET"]}}],"collection":[{"href":"https:\/\/masterchem.fi\/sv\/wp-json\/wp\/v2\/product"}],"about":[{"href":"https:\/\/masterchem.fi\/sv\/wp-json\/wp\/v2\/types\/product"}],"wp:featuredmedia":[{"embeddable":true,"href":"https:\/\/masterchem.fi\/sv\/wp-json\/wp\/v2\/media\/7798"}],"wp:attachment":[{"href":"https:\/\/masterchem.fi\/sv\/wp-json\/wp\/v2\/media?parent=7779"}],"wp:term":[{"taxonomy":"product_brand","embeddable":true,"href":"https:\/\/masterchem.fi\/sv\/wp-json\/wp\/v2\/product_brand?post=7779"},{"taxonomy":"product_cat","embeddable":true,"href":"https:\/\/masterchem.fi\/sv\/wp-json\/wp\/v2\/product_cat?post=7779"},{"taxonomy":"product_tag","embeddable":true,"href":"https:\/\/masterchem.fi\/sv\/wp-json\/wp\/v2\/product_tag?post=7779"}],"curies":[{"name":"wp","href":"https:\/\/api.w.org\/{rel}","templated":true}]}}