{"id":7825,"date":"2021-01-25T00:45:13","date_gmt":"2021-01-24T21:45:14","guid":{"rendered":"https:\/\/masterchem.fi\/?post_type=product&#038;p=7825"},"modified":"2022-04-26T10:43:02","modified_gmt":"2022-04-26T07:43:02","slug":"losemiddel-a-5010-cas-1330-20-7","status":"publish","type":"product","link":"https:\/\/masterchem.fi\/sv\/produkt\/losemiddel-a-5010-cas-1330-20-7\/","title":{"rendered":"L\u00f8semiddel A-5010 (CAS 1330-20-7)"},"content":{"rendered":"<p> <strong> Bruk og bruk: <\/strong> <br \/>\n\u2022 * Brukes som tynnere og l\u00f8semiddel for alkydmaling, grunning, lakk, blekk, lakk, epoxykryss. <br \/>\n* Brukes som l\u00f8semiddel for \u00e5 fjerne flekker fra t\u00f8rkede alkydmaling og lim p\u00e5 en rekke overflater, inkludert fliser, laminater, plast, PVC og mer. overflater. <br \/>\n* For rengj\u00f8ring av verkt\u00f8y og utstyr. <\/p>\n<p> <\u030b Emballasje: <\/ \u030b <\/p>\n<p> 0,5 L metallflaske <br \/>\n5L plastbeholder <br \/>\n10L plastbeholder <br \/>\n20L metallb\u00f8tte og <br \/>\n25L plastbeholder <br \/>\n200L fat <br \/>\n640L IBC-tank <br \/>\n1000L IBC-tank <\/p>\n<p> << Lagring: <\/ {<\/p>\n<p> Fysiske trekk: <br \/>\nTetthet og fase: 0,864 g \/ ml, v\u00e6ske <br \/>\nTermiske egenskaper <br \/>\nTemperatur <br \/>\nSmeltepunkt: -47,4 \u00b0 C <br \/>\nKokepunkt: 138,5 \u00b0 C <br \/>\nFlammepunkt: 30 \u00b0 C <\/p>\n<p> CAS-nummer: 1330-20-7 <br \/>\nEC \/ katalognummer: 215-535-7 <\/p>\n","protected":false},"excerpt":{"rendered":"<p> L\u00f8semiddel A-5010 &#8211; l\u00f8semiddel for maling og lakk. Det er en flerkomponentblanding som inneholder spesialtilberedte xylenbaserte organiske l\u00f8sningsmidler. <br \/>\nL\u00f8semiddel A-5010 brukes i syntesen av en v\u00e6ske som er egnet for oppl\u00f8sning av fargestoffer, s\u00e5 vel som epoksyharpikser, glyphharpiksbasert maling, bitumenlakker. <br \/>\nA-5010 L\u00f8semiddelmaling t\u00f8rker lenger, men skinner bedre. <br \/>\nL\u00f8semiddel A-5010 er best egnet for \u00e5 fortynne alle typer alkydmaling, emalje og grunning for \u00e5 oppn\u00e5 viskositet, avfette overflaten f\u00f8r maling og rengj\u00f8ring av verkt\u00f8y etter jobb. <br \/>\nL\u00f8semiddel A-5010 er det beste garanterte resultatet, bevist av langvarig erfaring. <\/p>\n","protected":false},"featured_media":7849,"template":"","meta":[],"product_brand":[],"product_cat":[109,111,114,116,105,106],"product_tag":[],"class_list":{"0":"post-7825","1":"product","2":"type-product","3":"status-publish","4":"has-post-thumbnail","6":"product_cat-plast","7":"product_cat-trabearbetningskemikalier","8":"product_cat-typografiska-kemikalier","9":"product_cat-alla-produkter","10":"product_cat-hushallskemikalier-sv","11":"product_cat-lakemedelsindustri","13":"first","14":"instock","15":"taxable","16":"shipping-taxable","17":"purchasable","18":"product-type-variable","19":"has-default-attributes","20":"rtwpvg-product"},"yoast_head":"<!-- This site is optimized with the Yoast SEO plugin v27.2 - https:\/\/yoast.com\/product\/yoast-seo-wordpress\/ -->\n<title>L\u00f8semiddel A-5010 (CAS 1330-20-7) - MasterChem | kemikaalien tuotanto ja myynti<\/title>\n<meta name=\"description\" content=\"L\u00f8semiddel A-5010 - l\u00f8semiddel for maling og lakk. Det er en blanding med flere komponenter som inneholder spesialtilberedte xylenbaserte organiske l\u00f8sningsmidler.\" \/>\n<meta name=\"robots\" content=\"index, follow, max-snippet:-1, max-image-preview:large, max-video-preview:-1\" \/>\n<link rel=\"canonical\" href=\"https:\/\/masterchem.fi\/sv\/produkt\/losemiddel-a-5010-cas-1330-20-7\/\" \/>\n<meta property=\"og:locale\" content=\"sv_SE\" \/>\n<meta property=\"og:type\" content=\"article\" \/>\n<meta property=\"og:title\" content=\"L\u00f8semiddel A-5010 (CAS 1330-20-7) - MasterChem | kemikaalien tuotanto ja myynti\" \/>\n<meta property=\"og:description\" content=\"L\u00f8semiddel A-5010 - l\u00f8semiddel for maling og lakk. Det er en blanding med flere komponenter som inneholder spesialtilberedte xylenbaserte organiske l\u00f8sningsmidler.\" \/>\n<meta property=\"og:url\" content=\"https:\/\/masterchem.fi\/sv\/produkt\/losemiddel-a-5010-cas-1330-20-7\/\" \/>\n<meta property=\"og:site_name\" content=\"MasterChem | kemikaalien tuotanto ja myynti\" \/>\n<meta property=\"article:modified_time\" content=\"2022-04-26T07:43:02+00:00\" \/>\n<meta property=\"og:image\" content=\"https:\/\/masterchem.fi\/wp-content\/uploads\/2021\/01\/Lahusti-A-5010-1000l-MaterChem.jpg\" \/>\n\t<meta property=\"og:image:width\" content=\"1000\" \/>\n\t<meta property=\"og:image:height\" content=\"1000\" \/>\n\t<meta property=\"og:image:type\" content=\"image\/jpeg\" \/>\n<meta name=\"twitter:card\" content=\"summary_large_image\" \/>\n<script type=\"application\/ld+json\" class=\"yoast-schema-graph\">{\"@context\":\"https:\/\/schema.org\",\"@graph\":[{\"@type\":\"WebPage\",\"@id\":\"https:\/\/masterchem.fi\/sv\/produkt\/losemiddel-a-5010-cas-1330-20-7\/\",\"url\":\"https:\/\/masterchem.fi\/sv\/produkt\/losemiddel-a-5010-cas-1330-20-7\/\",\"name\":\"L\u00f8semiddel A-5010 (CAS 1330-20-7) - MasterChem | kemikaalien tuotanto ja myynti\",\"isPartOf\":{\"@id\":\"https:\/\/masterchem.fi\/sv\/#website\"},\"primaryImageOfPage\":{\"@id\":\"https:\/\/masterchem.fi\/sv\/produkt\/losemiddel-a-5010-cas-1330-20-7\/#primaryimage\"},\"image\":{\"@id\":\"https:\/\/masterchem.fi\/sv\/produkt\/losemiddel-a-5010-cas-1330-20-7\/#primaryimage\"},\"thumbnailUrl\":\"https:\/\/masterchem.fi\/wp-content\/uploads\/2021\/01\/Lahusti-A-5010-1000l-MaterChem.jpg\",\"datePublished\":\"2021-01-24T21:45:14+00:00\",\"dateModified\":\"2022-04-26T07:43:02+00:00\",\"description\":\"L\u00f8semiddel A-5010 - l\u00f8semiddel for maling og lakk. Det er en blanding med flere komponenter som inneholder spesialtilberedte xylenbaserte organiske l\u00f8sningsmidler.\",\"breadcrumb\":{\"@id\":\"https:\/\/masterchem.fi\/sv\/produkt\/losemiddel-a-5010-cas-1330-20-7\/#breadcrumb\"},\"inLanguage\":\"sv-SE\",\"potentialAction\":[{\"@type\":\"ReadAction\",\"target\":[\"https:\/\/masterchem.fi\/sv\/produkt\/losemiddel-a-5010-cas-1330-20-7\/\"]}]},{\"@type\":\"ImageObject\",\"inLanguage\":\"sv-SE\",\"@id\":\"https:\/\/masterchem.fi\/sv\/produkt\/losemiddel-a-5010-cas-1330-20-7\/#primaryimage\",\"url\":\"https:\/\/masterchem.fi\/wp-content\/uploads\/2021\/01\/Lahusti-A-5010-1000l-MaterChem.jpg\",\"contentUrl\":\"https:\/\/masterchem.fi\/wp-content\/uploads\/2021\/01\/Lahusti-A-5010-1000l-MaterChem.jpg\",\"width\":1000,\"height\":1000,\"caption\":\"Liuotin A-5010 1000l MaterChem\"},{\"@type\":\"BreadcrumbList\",\"@id\":\"https:\/\/masterchem.fi\/sv\/produkt\/losemiddel-a-5010-cas-1330-20-7\/#breadcrumb\",\"itemListElement\":[{\"@type\":\"ListItem\",\"position\":1,\"name\":\"Home\",\"item\":\"https:\/\/masterchem.fi\/sv\/\"},{\"@type\":\"ListItem\",\"position\":2,\"name\":\"Butik\",\"item\":\"https:\/\/masterchem.fi\/sv\/butik\/\"},{\"@type\":\"ListItem\",\"position\":3,\"name\":\"L\u00f8semiddel A-5010 (CAS 1330-20-7)\"}]},{\"@type\":\"WebSite\",\"@id\":\"https:\/\/masterchem.fi\/sv\/#website\",\"url\":\"https:\/\/masterchem.fi\/sv\/\",\"name\":\"MasterChem | kemikaalien tuotanto ja myynti\",\"description\":\"kemikaalien tuotanto ja myynti\",\"potentialAction\":[{\"@type\":\"SearchAction\",\"target\":{\"@type\":\"EntryPoint\",\"urlTemplate\":\"https:\/\/masterchem.fi\/sv\/?s={search_term_string}\"},\"query-input\":{\"@type\":\"PropertyValueSpecification\",\"valueRequired\":true,\"valueName\":\"search_term_string\"}}],\"inLanguage\":\"sv-SE\"}]}<\/script>\n<!-- \/ Yoast SEO plugin. -->","yoast_head_json":{"title":"L\u00f8semiddel A-5010 (CAS 1330-20-7) - MasterChem | kemikaalien tuotanto ja myynti","description":"L\u00f8semiddel A-5010 - l\u00f8semiddel for maling og lakk. Det er en blanding med flere komponenter som inneholder spesialtilberedte xylenbaserte organiske l\u00f8sningsmidler.","robots":{"index":"index","follow":"follow","max-snippet":"max-snippet:-1","max-image-preview":"max-image-preview:large","max-video-preview":"max-video-preview:-1"},"canonical":"https:\/\/masterchem.fi\/sv\/produkt\/losemiddel-a-5010-cas-1330-20-7\/","og_locale":"sv_SE","og_type":"article","og_title":"L\u00f8semiddel A-5010 (CAS 1330-20-7) - MasterChem | kemikaalien tuotanto ja myynti","og_description":"L\u00f8semiddel A-5010 - l\u00f8semiddel for maling og lakk. Det er en blanding med flere komponenter som inneholder spesialtilberedte xylenbaserte organiske l\u00f8sningsmidler.","og_url":"https:\/\/masterchem.fi\/sv\/produkt\/losemiddel-a-5010-cas-1330-20-7\/","og_site_name":"MasterChem | kemikaalien tuotanto ja myynti","article_modified_time":"2022-04-26T07:43:02+00:00","og_image":[{"width":1000,"height":1000,"url":"https:\/\/masterchem.fi\/wp-content\/uploads\/2021\/01\/Lahusti-A-5010-1000l-MaterChem.jpg","type":"image\/jpeg"}],"twitter_card":"summary_large_image","schema":{"@context":"https:\/\/schema.org","@graph":[{"@type":"WebPage","@id":"https:\/\/masterchem.fi\/sv\/produkt\/losemiddel-a-5010-cas-1330-20-7\/","url":"https:\/\/masterchem.fi\/sv\/produkt\/losemiddel-a-5010-cas-1330-20-7\/","name":"L\u00f8semiddel A-5010 (CAS 1330-20-7) - MasterChem | kemikaalien tuotanto ja myynti","isPartOf":{"@id":"https:\/\/masterchem.fi\/sv\/#website"},"primaryImageOfPage":{"@id":"https:\/\/masterchem.fi\/sv\/produkt\/losemiddel-a-5010-cas-1330-20-7\/#primaryimage"},"image":{"@id":"https:\/\/masterchem.fi\/sv\/produkt\/losemiddel-a-5010-cas-1330-20-7\/#primaryimage"},"thumbnailUrl":"https:\/\/masterchem.fi\/wp-content\/uploads\/2021\/01\/Lahusti-A-5010-1000l-MaterChem.jpg","datePublished":"2021-01-24T21:45:14+00:00","dateModified":"2022-04-26T07:43:02+00:00","description":"L\u00f8semiddel A-5010 - l\u00f8semiddel for maling og lakk. Det er en blanding med flere komponenter som inneholder spesialtilberedte xylenbaserte organiske l\u00f8sningsmidler.","breadcrumb":{"@id":"https:\/\/masterchem.fi\/sv\/produkt\/losemiddel-a-5010-cas-1330-20-7\/#breadcrumb"},"inLanguage":"sv-SE","potentialAction":[{"@type":"ReadAction","target":["https:\/\/masterchem.fi\/sv\/produkt\/losemiddel-a-5010-cas-1330-20-7\/"]}]},{"@type":"ImageObject","inLanguage":"sv-SE","@id":"https:\/\/masterchem.fi\/sv\/produkt\/losemiddel-a-5010-cas-1330-20-7\/#primaryimage","url":"https:\/\/masterchem.fi\/wp-content\/uploads\/2021\/01\/Lahusti-A-5010-1000l-MaterChem.jpg","contentUrl":"https:\/\/masterchem.fi\/wp-content\/uploads\/2021\/01\/Lahusti-A-5010-1000l-MaterChem.jpg","width":1000,"height":1000,"caption":"Liuotin A-5010 1000l MaterChem"},{"@type":"BreadcrumbList","@id":"https:\/\/masterchem.fi\/sv\/produkt\/losemiddel-a-5010-cas-1330-20-7\/#breadcrumb","itemListElement":[{"@type":"ListItem","position":1,"name":"Home","item":"https:\/\/masterchem.fi\/sv\/"},{"@type":"ListItem","position":2,"name":"Butik","item":"https:\/\/masterchem.fi\/sv\/butik\/"},{"@type":"ListItem","position":3,"name":"L\u00f8semiddel A-5010 (CAS 1330-20-7)"}]},{"@type":"WebSite","@id":"https:\/\/masterchem.fi\/sv\/#website","url":"https:\/\/masterchem.fi\/sv\/","name":"MasterChem | kemikaalien tuotanto ja myynti","description":"kemikaalien tuotanto ja myynti","potentialAction":[{"@type":"SearchAction","target":{"@type":"EntryPoint","urlTemplate":"https:\/\/masterchem.fi\/sv\/?s={search_term_string}"},"query-input":{"@type":"PropertyValueSpecification","valueRequired":true,"valueName":"search_term_string"}}],"inLanguage":"sv-SE"}]}},"_links":{"self":[{"href":"https:\/\/masterchem.fi\/sv\/wp-json\/wp\/v2\/product\/7825","targetHints":{"allow":["GET"]}}],"collection":[{"href":"https:\/\/masterchem.fi\/sv\/wp-json\/wp\/v2\/product"}],"about":[{"href":"https:\/\/masterchem.fi\/sv\/wp-json\/wp\/v2\/types\/product"}],"wp:featuredmedia":[{"embeddable":true,"href":"https:\/\/masterchem.fi\/sv\/wp-json\/wp\/v2\/media\/7849"}],"wp:attachment":[{"href":"https:\/\/masterchem.fi\/sv\/wp-json\/wp\/v2\/media?parent=7825"}],"wp:term":[{"taxonomy":"product_brand","embeddable":true,"href":"https:\/\/masterchem.fi\/sv\/wp-json\/wp\/v2\/product_brand?post=7825"},{"taxonomy":"product_cat","embeddable":true,"href":"https:\/\/masterchem.fi\/sv\/wp-json\/wp\/v2\/product_cat?post=7825"},{"taxonomy":"product_tag","embeddable":true,"href":"https:\/\/masterchem.fi\/sv\/wp-json\/wp\/v2\/product_tag?post=7825"}],"curies":[{"name":"wp","href":"https:\/\/api.w.org\/{rel}","templated":true}]}}