{"id":7867,"date":"2021-01-25T02:22:03","date_gmt":"2021-01-24T23:22:04","guid":{"rendered":"https:\/\/masterchem.fi\/?post_type=product&#038;p=7867"},"modified":"2021-01-25T02:31:25","modified_gmt":"2021-01-24T23:31:25","slug":"losemiddel-i-5008","status":"publish","type":"product","link":"https:\/\/masterchem.fi\/sv\/produkt\/losemiddel-i-5008\/","title":{"rendered":"L\u00f8semiddel I-5008"},"content":{"rendered":"<p> <strong> Bruk og bruk: <\/strong> <br \/>\nBruk og anvendelse: Brukes i trykk- og m\u00f8belindustrien for vaskemaskiner, malingslinjer og transportb\u00e5nd uten \u00e5 skade gummielementene. <\/p>\n<p> <\u030b Emballasje: <\/ \u030b <\/p>\n<p> 0,5 L metallflaske <br \/>\n5L plastbeholder <br \/>\n10L plastbeholder <br \/>\n20L metallb\u00f8tte og <br \/>\n25L plastbeholder <br \/>\n200L fat <br \/>\n640L IBC-tank <br \/>\n1000L IBC-tank <\/p>\n<p> <strong> Fysiske egenskaper: <\/strong> <br \/>\nTetthet: 0,82 g \/ cm3 <br \/>\nFarge: Gjennomsiktig. <br \/>\nLukt: Spesifikk, alkoholholdig. <\/p>\n","protected":false},"excerpt":{"rendered":"<p> L\u00f8semiddel I-5008: Generelt l\u00f8semiddel for rengj\u00f8ringsutstyr etter vannbasert maling. <br \/>\nL\u00f8semiddel I-5008: Egnet for tynnere maling, vannbaserte grunning. <br \/>\nL\u00f8semiddel I-5008: Den har unike egenskaper for \u00e5 vaske bort alle polymerrester og st\u00f8v p\u00e5 grunn av blanding av alkoholer av h\u00f8y kvalitet: Etanol, n-butylacetat, 1-metoksy 2-propanol, Propan-2-ol. <br \/>\nL\u00f8semiddel I-5008: Flyktig organisk forbindelse (VOC): 550 g \/ L <\/p>\n","protected":false},"featured_media":7891,"template":"","meta":[],"product_brand":[],"product_cat":[116,105,106,109,111,114],"product_tag":[],"class_list":{"0":"post-7867","1":"product","2":"type-product","3":"status-publish","4":"has-post-thumbnail","6":"product_cat-alla-produkter","7":"product_cat-hushallskemikalier-sv","8":"product_cat-lakemedelsindustri","9":"product_cat-plast","10":"product_cat-trabearbetningskemikalier","11":"product_cat-typografiska-kemikalier","13":"first","14":"instock","15":"taxable","16":"shipping-taxable","17":"purchasable","18":"product-type-variable","19":"has-default-attributes","20":"rtwpvg-product"},"yoast_head":"<!-- This site is optimized with the Yoast SEO plugin v27.5 - https:\/\/yoast.com\/product\/yoast-seo-wordpress\/ -->\n<title>L\u00f8semiddel I-5008 - MasterChem | kemikaalien tuotanto ja myynti<\/title>\n<meta name=\"description\" content=\"L\u00f8semiddel I-5008: Generelt l\u00f8semiddel for rengj\u00f8ringsutstyr etter vannbasert maling. L\u00f8semiddel I-5008: Egnet for tynnere maling, vannbaserte grunning.\" \/>\n<meta name=\"robots\" content=\"index, follow, max-snippet:-1, max-image-preview:large, max-video-preview:-1\" \/>\n<link rel=\"canonical\" href=\"https:\/\/masterchem.fi\/sv\/produkt\/losemiddel-i-5008\/\" \/>\n<meta property=\"og:locale\" content=\"sv_SE\" \/>\n<meta property=\"og:type\" content=\"article\" \/>\n<meta property=\"og:title\" content=\"L\u00f8semiddel I-5008 - MasterChem | kemikaalien tuotanto ja myynti\" \/>\n<meta property=\"og:description\" content=\"L\u00f8semiddel I-5008: Generelt l\u00f8semiddel for rengj\u00f8ringsutstyr etter vannbasert maling. L\u00f8semiddel I-5008: Egnet for tynnere maling, vannbaserte grunning.\" \/>\n<meta property=\"og:url\" content=\"https:\/\/masterchem.fi\/sv\/produkt\/losemiddel-i-5008\/\" \/>\n<meta property=\"og:site_name\" content=\"MasterChem | kemikaalien tuotanto ja myynti\" \/>\n<meta property=\"article:modified_time\" content=\"2021-01-24T23:31:25+00:00\" \/>\n<meta property=\"og:image\" content=\"https:\/\/masterchem.fi\/wp-content\/uploads\/2021\/01\/Lahusti-I-5008-1000l-MasterChem.jpg\" \/>\n\t<meta property=\"og:image:width\" content=\"1000\" \/>\n\t<meta property=\"og:image:height\" content=\"1000\" \/>\n\t<meta property=\"og:image:type\" content=\"image\/jpeg\" \/>\n<meta name=\"twitter:card\" content=\"summary_large_image\" \/>\n<script type=\"application\/ld+json\" class=\"yoast-schema-graph\">{\"@context\":\"https:\\\/\\\/schema.org\",\"@graph\":[{\"@type\":\"WebPage\",\"@id\":\"https:\\\/\\\/masterchem.fi\\\/sv\\\/produkt\\\/losemiddel-i-5008\\\/\",\"url\":\"https:\\\/\\\/masterchem.fi\\\/sv\\\/produkt\\\/losemiddel-i-5008\\\/\",\"name\":\"L\u00f8semiddel I-5008 - MasterChem | kemikaalien tuotanto ja myynti\",\"isPartOf\":{\"@id\":\"https:\\\/\\\/masterchem.fi\\\/sv\\\/#website\"},\"primaryImageOfPage\":{\"@id\":\"https:\\\/\\\/masterchem.fi\\\/sv\\\/produkt\\\/losemiddel-i-5008\\\/#primaryimage\"},\"image\":{\"@id\":\"https:\\\/\\\/masterchem.fi\\\/sv\\\/produkt\\\/losemiddel-i-5008\\\/#primaryimage\"},\"thumbnailUrl\":\"https:\\\/\\\/masterchem.fi\\\/wp-content\\\/uploads\\\/2021\\\/01\\\/Lahusti-I-5008-1000l-MasterChem.jpg\",\"datePublished\":\"2021-01-24T23:22:04+00:00\",\"dateModified\":\"2021-01-24T23:31:25+00:00\",\"description\":\"L\u00f8semiddel I-5008: Generelt l\u00f8semiddel for rengj\u00f8ringsutstyr etter vannbasert maling. L\u00f8semiddel I-5008: Egnet for tynnere maling, vannbaserte grunning.\",\"breadcrumb\":{\"@id\":\"https:\\\/\\\/masterchem.fi\\\/sv\\\/produkt\\\/losemiddel-i-5008\\\/#breadcrumb\"},\"inLanguage\":\"sv-SE\",\"potentialAction\":[{\"@type\":\"ReadAction\",\"target\":[\"https:\\\/\\\/masterchem.fi\\\/sv\\\/produkt\\\/losemiddel-i-5008\\\/\"]}]},{\"@type\":\"ImageObject\",\"inLanguage\":\"sv-SE\",\"@id\":\"https:\\\/\\\/masterchem.fi\\\/sv\\\/produkt\\\/losemiddel-i-5008\\\/#primaryimage\",\"url\":\"https:\\\/\\\/masterchem.fi\\\/wp-content\\\/uploads\\\/2021\\\/01\\\/Lahusti-I-5008-1000l-MasterChem.jpg\",\"contentUrl\":\"https:\\\/\\\/masterchem.fi\\\/wp-content\\\/uploads\\\/2021\\\/01\\\/Lahusti-I-5008-1000l-MasterChem.jpg\",\"width\":1000,\"height\":1000,\"caption\":\"Liuotin I-5008 1000l MaterChem\"},{\"@type\":\"BreadcrumbList\",\"@id\":\"https:\\\/\\\/masterchem.fi\\\/sv\\\/produkt\\\/losemiddel-i-5008\\\/#breadcrumb\",\"itemListElement\":[{\"@type\":\"ListItem\",\"position\":1,\"name\":\"Home\",\"item\":\"https:\\\/\\\/masterchem.fi\\\/sv\\\/\"},{\"@type\":\"ListItem\",\"position\":2,\"name\":\"Butik\",\"item\":\"https:\\\/\\\/masterchem.fi\\\/sv\\\/butik\\\/\"},{\"@type\":\"ListItem\",\"position\":3,\"name\":\"L\u00f8semiddel I-5008\"}]},{\"@type\":\"WebSite\",\"@id\":\"https:\\\/\\\/masterchem.fi\\\/sv\\\/#website\",\"url\":\"https:\\\/\\\/masterchem.fi\\\/sv\\\/\",\"name\":\"MasterChem | kemikaalien tuotanto ja myynti\",\"description\":\"kemikaalien tuotanto ja myynti\",\"potentialAction\":[{\"@type\":\"SearchAction\",\"target\":{\"@type\":\"EntryPoint\",\"urlTemplate\":\"https:\\\/\\\/masterchem.fi\\\/sv\\\/?s={search_term_string}\"},\"query-input\":{\"@type\":\"PropertyValueSpecification\",\"valueRequired\":true,\"valueName\":\"search_term_string\"}}],\"inLanguage\":\"sv-SE\"}]}<\/script>\n<!-- \/ Yoast SEO plugin. -->","yoast_head_json":{"title":"L\u00f8semiddel I-5008 - MasterChem | kemikaalien tuotanto ja myynti","description":"L\u00f8semiddel I-5008: Generelt l\u00f8semiddel for rengj\u00f8ringsutstyr etter vannbasert maling. L\u00f8semiddel I-5008: Egnet for tynnere maling, vannbaserte grunning.","robots":{"index":"index","follow":"follow","max-snippet":"max-snippet:-1","max-image-preview":"max-image-preview:large","max-video-preview":"max-video-preview:-1"},"canonical":"https:\/\/masterchem.fi\/sv\/produkt\/losemiddel-i-5008\/","og_locale":"sv_SE","og_type":"article","og_title":"L\u00f8semiddel I-5008 - MasterChem | kemikaalien tuotanto ja myynti","og_description":"L\u00f8semiddel I-5008: Generelt l\u00f8semiddel for rengj\u00f8ringsutstyr etter vannbasert maling. L\u00f8semiddel I-5008: Egnet for tynnere maling, vannbaserte grunning.","og_url":"https:\/\/masterchem.fi\/sv\/produkt\/losemiddel-i-5008\/","og_site_name":"MasterChem | kemikaalien tuotanto ja myynti","article_modified_time":"2021-01-24T23:31:25+00:00","og_image":[{"width":1000,"height":1000,"url":"https:\/\/masterchem.fi\/wp-content\/uploads\/2021\/01\/Lahusti-I-5008-1000l-MasterChem.jpg","type":"image\/jpeg"}],"twitter_card":"summary_large_image","schema":{"@context":"https:\/\/schema.org","@graph":[{"@type":"WebPage","@id":"https:\/\/masterchem.fi\/sv\/produkt\/losemiddel-i-5008\/","url":"https:\/\/masterchem.fi\/sv\/produkt\/losemiddel-i-5008\/","name":"L\u00f8semiddel I-5008 - MasterChem | kemikaalien tuotanto ja myynti","isPartOf":{"@id":"https:\/\/masterchem.fi\/sv\/#website"},"primaryImageOfPage":{"@id":"https:\/\/masterchem.fi\/sv\/produkt\/losemiddel-i-5008\/#primaryimage"},"image":{"@id":"https:\/\/masterchem.fi\/sv\/produkt\/losemiddel-i-5008\/#primaryimage"},"thumbnailUrl":"https:\/\/masterchem.fi\/wp-content\/uploads\/2021\/01\/Lahusti-I-5008-1000l-MasterChem.jpg","datePublished":"2021-01-24T23:22:04+00:00","dateModified":"2021-01-24T23:31:25+00:00","description":"L\u00f8semiddel I-5008: Generelt l\u00f8semiddel for rengj\u00f8ringsutstyr etter vannbasert maling. L\u00f8semiddel I-5008: Egnet for tynnere maling, vannbaserte grunning.","breadcrumb":{"@id":"https:\/\/masterchem.fi\/sv\/produkt\/losemiddel-i-5008\/#breadcrumb"},"inLanguage":"sv-SE","potentialAction":[{"@type":"ReadAction","target":["https:\/\/masterchem.fi\/sv\/produkt\/losemiddel-i-5008\/"]}]},{"@type":"ImageObject","inLanguage":"sv-SE","@id":"https:\/\/masterchem.fi\/sv\/produkt\/losemiddel-i-5008\/#primaryimage","url":"https:\/\/masterchem.fi\/wp-content\/uploads\/2021\/01\/Lahusti-I-5008-1000l-MasterChem.jpg","contentUrl":"https:\/\/masterchem.fi\/wp-content\/uploads\/2021\/01\/Lahusti-I-5008-1000l-MasterChem.jpg","width":1000,"height":1000,"caption":"Liuotin I-5008 1000l MaterChem"},{"@type":"BreadcrumbList","@id":"https:\/\/masterchem.fi\/sv\/produkt\/losemiddel-i-5008\/#breadcrumb","itemListElement":[{"@type":"ListItem","position":1,"name":"Home","item":"https:\/\/masterchem.fi\/sv\/"},{"@type":"ListItem","position":2,"name":"Butik","item":"https:\/\/masterchem.fi\/sv\/butik\/"},{"@type":"ListItem","position":3,"name":"L\u00f8semiddel I-5008"}]},{"@type":"WebSite","@id":"https:\/\/masterchem.fi\/sv\/#website","url":"https:\/\/masterchem.fi\/sv\/","name":"MasterChem | kemikaalien tuotanto ja myynti","description":"kemikaalien tuotanto ja myynti","potentialAction":[{"@type":"SearchAction","target":{"@type":"EntryPoint","urlTemplate":"https:\/\/masterchem.fi\/sv\/?s={search_term_string}"},"query-input":{"@type":"PropertyValueSpecification","valueRequired":true,"valueName":"search_term_string"}}],"inLanguage":"sv-SE"}]}},"_links":{"self":[{"href":"https:\/\/masterchem.fi\/sv\/wp-json\/wp\/v2\/product\/7867","targetHints":{"allow":["GET"]}}],"collection":[{"href":"https:\/\/masterchem.fi\/sv\/wp-json\/wp\/v2\/product"}],"about":[{"href":"https:\/\/masterchem.fi\/sv\/wp-json\/wp\/v2\/types\/product"}],"wp:featuredmedia":[{"embeddable":true,"href":"https:\/\/masterchem.fi\/sv\/wp-json\/wp\/v2\/media\/7891"}],"wp:attachment":[{"href":"https:\/\/masterchem.fi\/sv\/wp-json\/wp\/v2\/media?parent=7867"}],"wp:term":[{"taxonomy":"product_brand","embeddable":true,"href":"https:\/\/masterchem.fi\/sv\/wp-json\/wp\/v2\/product_brand?post=7867"},{"taxonomy":"product_cat","embeddable":true,"href":"https:\/\/masterchem.fi\/sv\/wp-json\/wp\/v2\/product_cat?post=7867"},{"taxonomy":"product_tag","embeddable":true,"href":"https:\/\/masterchem.fi\/sv\/wp-json\/wp\/v2\/product_tag?post=7867"}],"curies":[{"name":"wp","href":"https:\/\/api.w.org\/{rel}","templated":true}]}}