{"id":7909,"date":"2021-01-25T09:13:18","date_gmt":"2021-01-25T06:13:19","guid":{"rendered":"https:\/\/masterchem.fi\/?post_type=product&#038;p=7909"},"modified":"2021-01-25T09:22:11","modified_gmt":"2021-01-25T06:22:11","slug":"losemiddel-rt-6006","status":"publish","type":"product","link":"https:\/\/masterchem.fi\/sv\/produkt\/losemiddel-rt-6006\/","title":{"rendered":"L\u00f8semiddel RT-6006"},"content":{"rendered":"<p> <strong> Pakke: <\/strong> <br \/>\n0,5L metallflaske <br \/>\n5L plastbeholder <br \/>\n10L plastbeholder <br \/>\n20L metallb\u00f8tte og <br \/>\n25L plastbeholder <br \/>\n200L fat <br \/>\n640L IBC-tank <br \/>\n1000L IBC-tank <\/p>\n<p> <strong> Lagring: <\/strong> <br \/>\nOppbevares tett i originalemballasjen, med lokk. <\/p>\n<p> <strong> Fysiske egenskaper: <\/strong> <br \/>\nTetthet: 0,76 g \/ m3 <br \/>\nFordampingstemperatur: 80-120 \u00b0 C <br \/>\nFlammepunkt: \u221217 \u00b0 C <br \/>\nSelvantennelsestemperatur &#8211; 270 \u00b0 C. <\/p>\n","protected":false},"excerpt":{"rendered":"<p> Solvent RT-6006 &#8211; er et l\u00f8sningsmiddel for fremstilling av gummiprodukter. Laget av lette fraksjoner av kj\u00e6romatisert rett kj\u00f8rt nafta av petroleumsprodukter med lite svovel. <br \/>\nL\u00f8semiddel RT-6006 tilh\u00f8rer fareklasse 4 (lav fare). <\/p>\n<p> Bruk og bruk: <br \/>\nL\u00f8semiddel RT-6006 brukes i gummiindustrien for produksjon av r\u00f8r og belter; for produksjon av gummilim og forskjellige mastikker, trykkfarger. <\/p>\n<p> For \u00e5 oppl\u00f8se og behandle maling og lakk. <\/p>\n<p> L\u00f8semiddel RT-6006 brukes ogs\u00e5 til avfetting av tekstiler og l\u00e6r, avfetting av elektrisk utstyr, overflater (f\u00f8r maling og ikke bare), vask av lagre, utstyr f\u00f8r konservering, spesielle hurtigt\u00f8rkende oljemaling, elektrisk isolasjonslakk, olje, bitumen og etylenmaling og lakk, epoksyharpikser, fjerner sm\u00e5 fett- og oljeflekker fra alle typer stoffer; Anbefalt som drivstoff for bensinbl\u00e5sere. I tillegg er det mulig \u00e5 bruke denne typen bensin som drivstoff for katalytiske oppvarmingstyper, den kan ogs\u00e5 brukes i organisk kjemi, og den brukes oftest til reparasjon av automatiske girkasser, motorer og andre aggregater. Viktig i den optiske industrien <\/p>\n","protected":false},"featured_media":7933,"template":"","meta":[],"product_brand":[],"product_cat":[105,106,109,111,113,114,116],"product_tag":[],"class_list":{"0":"post-7909","1":"product","2":"type-product","3":"status-publish","4":"has-post-thumbnail","6":"product_cat-hushallskemikalier-sv","7":"product_cat-lakemedelsindustri","8":"product_cat-plast","9":"product_cat-trabearbetningskemikalier","10":"product_cat-vaggmalning","11":"product_cat-typografiska-kemikalier","12":"product_cat-alla-produkter","14":"first","15":"instock","16":"taxable","17":"shipping-taxable","18":"purchasable","19":"product-type-variable","20":"has-default-attributes","21":"rtwpvg-product"},"yoast_head":"<!-- This site is optimized with the Yoast SEO plugin v27.5 - https:\/\/yoast.com\/product\/yoast-seo-wordpress\/ -->\n<title>L\u00f8semiddel RT-6006 - MasterChem | kemikaalien tuotanto ja myynti<\/title>\n<meta name=\"description\" content=\"Solvent RT-6006 - er et l\u00f8sningsmiddel for fremstilling av gummiprodukter. Tilberedt p\u00e5 basis av lette fraksjoner av kj\u00e6romatisert rett kj\u00f8rt nafta av petroleumsprodukter med lavt svovelhold. L\u00f8sningsmiddel RT-6006 tilh\u00f8rer fareklasse 4 (lav fare).\" \/>\n<meta name=\"robots\" content=\"index, follow, max-snippet:-1, max-image-preview:large, max-video-preview:-1\" \/>\n<link rel=\"canonical\" href=\"https:\/\/masterchem.fi\/sv\/produkt\/losemiddel-rt-6006\/\" \/>\n<meta property=\"og:locale\" content=\"sv_SE\" \/>\n<meta property=\"og:type\" content=\"article\" \/>\n<meta property=\"og:title\" content=\"L\u00f8semiddel RT-6006 - MasterChem | kemikaalien tuotanto ja myynti\" \/>\n<meta property=\"og:description\" content=\"Solvent RT-6006 - er et l\u00f8sningsmiddel for fremstilling av gummiprodukter. Tilberedt p\u00e5 basis av lette fraksjoner av kj\u00e6romatisert rett kj\u00f8rt nafta av petroleumsprodukter med lavt svovelhold. L\u00f8sningsmiddel RT-6006 tilh\u00f8rer fareklasse 4 (lav fare).\" \/>\n<meta property=\"og:url\" content=\"https:\/\/masterchem.fi\/sv\/produkt\/losemiddel-rt-6006\/\" \/>\n<meta property=\"og:site_name\" content=\"MasterChem | kemikaalien tuotanto ja myynti\" \/>\n<meta property=\"article:modified_time\" content=\"2021-01-25T06:22:11+00:00\" \/>\n<meta property=\"og:image\" content=\"https:\/\/masterchem.fi\/wp-content\/uploads\/2021\/01\/Lahusti-RT-6006-Lahusti-kummitoodete-tootmiseks-1000l-MasterChem.jpg\" \/>\n\t<meta property=\"og:image:width\" content=\"1000\" \/>\n\t<meta property=\"og:image:height\" content=\"1000\" \/>\n\t<meta property=\"og:image:type\" content=\"image\/jpeg\" \/>\n<meta name=\"twitter:card\" content=\"summary_large_image\" \/>\n<script type=\"application\/ld+json\" class=\"yoast-schema-graph\">{\"@context\":\"https:\\\/\\\/schema.org\",\"@graph\":[{\"@type\":\"WebPage\",\"@id\":\"https:\\\/\\\/masterchem.fi\\\/sv\\\/produkt\\\/losemiddel-rt-6006\\\/\",\"url\":\"https:\\\/\\\/masterchem.fi\\\/sv\\\/produkt\\\/losemiddel-rt-6006\\\/\",\"name\":\"L\u00f8semiddel RT-6006 - MasterChem | kemikaalien tuotanto ja myynti\",\"isPartOf\":{\"@id\":\"https:\\\/\\\/masterchem.fi\\\/sv\\\/#website\"},\"primaryImageOfPage\":{\"@id\":\"https:\\\/\\\/masterchem.fi\\\/sv\\\/produkt\\\/losemiddel-rt-6006\\\/#primaryimage\"},\"image\":{\"@id\":\"https:\\\/\\\/masterchem.fi\\\/sv\\\/produkt\\\/losemiddel-rt-6006\\\/#primaryimage\"},\"thumbnailUrl\":\"https:\\\/\\\/masterchem.fi\\\/wp-content\\\/uploads\\\/2021\\\/01\\\/Lahusti-RT-6006-Lahusti-kummitoodete-tootmiseks-1000l-MasterChem.jpg\",\"datePublished\":\"2021-01-25T06:13:19+00:00\",\"dateModified\":\"2021-01-25T06:22:11+00:00\",\"description\":\"Solvent RT-6006 - er et l\u00f8sningsmiddel for fremstilling av gummiprodukter. Tilberedt p\u00e5 basis av lette fraksjoner av kj\u00e6romatisert rett kj\u00f8rt nafta av petroleumsprodukter med lavt svovelhold. L\u00f8sningsmiddel RT-6006 tilh\u00f8rer fareklasse 4 (lav fare).\",\"breadcrumb\":{\"@id\":\"https:\\\/\\\/masterchem.fi\\\/sv\\\/produkt\\\/losemiddel-rt-6006\\\/#breadcrumb\"},\"inLanguage\":\"sv-SE\",\"potentialAction\":[{\"@type\":\"ReadAction\",\"target\":[\"https:\\\/\\\/masterchem.fi\\\/sv\\\/produkt\\\/losemiddel-rt-6006\\\/\"]}]},{\"@type\":\"ImageObject\",\"inLanguage\":\"sv-SE\",\"@id\":\"https:\\\/\\\/masterchem.fi\\\/sv\\\/produkt\\\/losemiddel-rt-6006\\\/#primaryimage\",\"url\":\"https:\\\/\\\/masterchem.fi\\\/wp-content\\\/uploads\\\/2021\\\/01\\\/Lahusti-RT-6006-Lahusti-kummitoodete-tootmiseks-1000l-MasterChem.jpg\",\"contentUrl\":\"https:\\\/\\\/masterchem.fi\\\/wp-content\\\/uploads\\\/2021\\\/01\\\/Lahusti-RT-6006-Lahusti-kummitoodete-tootmiseks-1000l-MasterChem.jpg\",\"width\":1000,\"height\":1000,\"caption\":\"Liuotin RT-6006 1000l MaterChem\"},{\"@type\":\"BreadcrumbList\",\"@id\":\"https:\\\/\\\/masterchem.fi\\\/sv\\\/produkt\\\/losemiddel-rt-6006\\\/#breadcrumb\",\"itemListElement\":[{\"@type\":\"ListItem\",\"position\":1,\"name\":\"Home\",\"item\":\"https:\\\/\\\/masterchem.fi\\\/sv\\\/\"},{\"@type\":\"ListItem\",\"position\":2,\"name\":\"Butik\",\"item\":\"https:\\\/\\\/masterchem.fi\\\/sv\\\/butik\\\/\"},{\"@type\":\"ListItem\",\"position\":3,\"name\":\"L\u00f8semiddel RT-6006\"}]},{\"@type\":\"WebSite\",\"@id\":\"https:\\\/\\\/masterchem.fi\\\/sv\\\/#website\",\"url\":\"https:\\\/\\\/masterchem.fi\\\/sv\\\/\",\"name\":\"MasterChem | kemikaalien tuotanto ja myynti\",\"description\":\"kemikaalien tuotanto ja myynti\",\"potentialAction\":[{\"@type\":\"SearchAction\",\"target\":{\"@type\":\"EntryPoint\",\"urlTemplate\":\"https:\\\/\\\/masterchem.fi\\\/sv\\\/?s={search_term_string}\"},\"query-input\":{\"@type\":\"PropertyValueSpecification\",\"valueRequired\":true,\"valueName\":\"search_term_string\"}}],\"inLanguage\":\"sv-SE\"}]}<\/script>\n<!-- \/ Yoast SEO plugin. -->","yoast_head_json":{"title":"L\u00f8semiddel RT-6006 - MasterChem | kemikaalien tuotanto ja myynti","description":"Solvent RT-6006 - er et l\u00f8sningsmiddel for fremstilling av gummiprodukter. Tilberedt p\u00e5 basis av lette fraksjoner av kj\u00e6romatisert rett kj\u00f8rt nafta av petroleumsprodukter med lavt svovelhold. L\u00f8sningsmiddel RT-6006 tilh\u00f8rer fareklasse 4 (lav fare).","robots":{"index":"index","follow":"follow","max-snippet":"max-snippet:-1","max-image-preview":"max-image-preview:large","max-video-preview":"max-video-preview:-1"},"canonical":"https:\/\/masterchem.fi\/sv\/produkt\/losemiddel-rt-6006\/","og_locale":"sv_SE","og_type":"article","og_title":"L\u00f8semiddel RT-6006 - MasterChem | kemikaalien tuotanto ja myynti","og_description":"Solvent RT-6006 - er et l\u00f8sningsmiddel for fremstilling av gummiprodukter. Tilberedt p\u00e5 basis av lette fraksjoner av kj\u00e6romatisert rett kj\u00f8rt nafta av petroleumsprodukter med lavt svovelhold. L\u00f8sningsmiddel RT-6006 tilh\u00f8rer fareklasse 4 (lav fare).","og_url":"https:\/\/masterchem.fi\/sv\/produkt\/losemiddel-rt-6006\/","og_site_name":"MasterChem | kemikaalien tuotanto ja myynti","article_modified_time":"2021-01-25T06:22:11+00:00","og_image":[{"width":1000,"height":1000,"url":"https:\/\/masterchem.fi\/wp-content\/uploads\/2021\/01\/Lahusti-RT-6006-Lahusti-kummitoodete-tootmiseks-1000l-MasterChem.jpg","type":"image\/jpeg"}],"twitter_card":"summary_large_image","schema":{"@context":"https:\/\/schema.org","@graph":[{"@type":"WebPage","@id":"https:\/\/masterchem.fi\/sv\/produkt\/losemiddel-rt-6006\/","url":"https:\/\/masterchem.fi\/sv\/produkt\/losemiddel-rt-6006\/","name":"L\u00f8semiddel RT-6006 - MasterChem | kemikaalien tuotanto ja myynti","isPartOf":{"@id":"https:\/\/masterchem.fi\/sv\/#website"},"primaryImageOfPage":{"@id":"https:\/\/masterchem.fi\/sv\/produkt\/losemiddel-rt-6006\/#primaryimage"},"image":{"@id":"https:\/\/masterchem.fi\/sv\/produkt\/losemiddel-rt-6006\/#primaryimage"},"thumbnailUrl":"https:\/\/masterchem.fi\/wp-content\/uploads\/2021\/01\/Lahusti-RT-6006-Lahusti-kummitoodete-tootmiseks-1000l-MasterChem.jpg","datePublished":"2021-01-25T06:13:19+00:00","dateModified":"2021-01-25T06:22:11+00:00","description":"Solvent RT-6006 - er et l\u00f8sningsmiddel for fremstilling av gummiprodukter. Tilberedt p\u00e5 basis av lette fraksjoner av kj\u00e6romatisert rett kj\u00f8rt nafta av petroleumsprodukter med lavt svovelhold. L\u00f8sningsmiddel RT-6006 tilh\u00f8rer fareklasse 4 (lav fare).","breadcrumb":{"@id":"https:\/\/masterchem.fi\/sv\/produkt\/losemiddel-rt-6006\/#breadcrumb"},"inLanguage":"sv-SE","potentialAction":[{"@type":"ReadAction","target":["https:\/\/masterchem.fi\/sv\/produkt\/losemiddel-rt-6006\/"]}]},{"@type":"ImageObject","inLanguage":"sv-SE","@id":"https:\/\/masterchem.fi\/sv\/produkt\/losemiddel-rt-6006\/#primaryimage","url":"https:\/\/masterchem.fi\/wp-content\/uploads\/2021\/01\/Lahusti-RT-6006-Lahusti-kummitoodete-tootmiseks-1000l-MasterChem.jpg","contentUrl":"https:\/\/masterchem.fi\/wp-content\/uploads\/2021\/01\/Lahusti-RT-6006-Lahusti-kummitoodete-tootmiseks-1000l-MasterChem.jpg","width":1000,"height":1000,"caption":"Liuotin RT-6006 1000l MaterChem"},{"@type":"BreadcrumbList","@id":"https:\/\/masterchem.fi\/sv\/produkt\/losemiddel-rt-6006\/#breadcrumb","itemListElement":[{"@type":"ListItem","position":1,"name":"Home","item":"https:\/\/masterchem.fi\/sv\/"},{"@type":"ListItem","position":2,"name":"Butik","item":"https:\/\/masterchem.fi\/sv\/butik\/"},{"@type":"ListItem","position":3,"name":"L\u00f8semiddel RT-6006"}]},{"@type":"WebSite","@id":"https:\/\/masterchem.fi\/sv\/#website","url":"https:\/\/masterchem.fi\/sv\/","name":"MasterChem | kemikaalien tuotanto ja myynti","description":"kemikaalien tuotanto ja myynti","potentialAction":[{"@type":"SearchAction","target":{"@type":"EntryPoint","urlTemplate":"https:\/\/masterchem.fi\/sv\/?s={search_term_string}"},"query-input":{"@type":"PropertyValueSpecification","valueRequired":true,"valueName":"search_term_string"}}],"inLanguage":"sv-SE"}]}},"_links":{"self":[{"href":"https:\/\/masterchem.fi\/sv\/wp-json\/wp\/v2\/product\/7909","targetHints":{"allow":["GET"]}}],"collection":[{"href":"https:\/\/masterchem.fi\/sv\/wp-json\/wp\/v2\/product"}],"about":[{"href":"https:\/\/masterchem.fi\/sv\/wp-json\/wp\/v2\/types\/product"}],"wp:featuredmedia":[{"embeddable":true,"href":"https:\/\/masterchem.fi\/sv\/wp-json\/wp\/v2\/media\/7933"}],"wp:attachment":[{"href":"https:\/\/masterchem.fi\/sv\/wp-json\/wp\/v2\/media?parent=7909"}],"wp:term":[{"taxonomy":"product_brand","embeddable":true,"href":"https:\/\/masterchem.fi\/sv\/wp-json\/wp\/v2\/product_brand?post=7909"},{"taxonomy":"product_cat","embeddable":true,"href":"https:\/\/masterchem.fi\/sv\/wp-json\/wp\/v2\/product_cat?post=7909"},{"taxonomy":"product_tag","embeddable":true,"href":"https:\/\/masterchem.fi\/sv\/wp-json\/wp\/v2\/product_tag?post=7909"}],"curies":[{"name":"wp","href":"https:\/\/api.w.org\/{rel}","templated":true}]}}