{"id":7944,"date":"2021-01-25T14:08:47","date_gmt":"2021-01-25T11:08:47","guid":{"rendered":"https:\/\/masterchem.fi\/?post_type=product&#038;p=7944"},"modified":"2022-04-26T10:55:57","modified_gmt":"2022-04-26T07:55:57","slug":"kaliumhydroksid-krystallisert-cas-1310-58-3","status":"publish","type":"product","link":"https:\/\/masterchem.fi\/sv\/produkt\/kaliumhydroksid-krystallisert-cas-1310-58-3\/","title":{"rendered":"Kaliumhydroksid (krystallisert) (CAS 1310-58-3)"},"content":{"rendered":"<p> <strong> Bruk og bruk: <\/strong> <br \/>\n\u2022 Forl\u00f8per for andre kaliumforbindelser <br \/>\nMange kaliumsalter fremstilles ved n\u00f8ytraliseringsreaksjoner som involverer KOH. Kaliumsalter av karbonat, cyanid, permanganat, fosfat og forskjellige silikater fremstilles ved \u00e5 behandle enten oksider eller syrer med KOH. H\u00f8y l\u00f8selighet av kaliumfosfat er \u00f8nskelig i gj\u00f8dsel. <\/p>\n<p> <strong> Lage myke s\u00e5per <\/strong> <br \/>\nFors\u00e5pningen av fett med KOH brukes til \u00e5 lage de tilsvarende &#8220;kaliums\u00e5per&#8221;, som er mykere enn de vanligste s\u00e5pe fra natriumhydroksid. P\u00e5 grunn av sin mykhet og st\u00f8rre l\u00f8selighet krever kaliums\u00e5per mindre vann for kondensering og kan derfor inneholde mer vaskemiddel enn flytende natriums\u00e5per. <\/p>\n<p> <strong> Matindustri <\/strong> <br \/>\nI matvarer fungerer kaliumhydroksid som et fortykningsmiddel, pH-regulator og matstabilisator. FDA anser det (som en direkte menneskelig ingrediens) \u00e5 v\u00e6re generelt trygt n\u00e5r det kombineres med vilk\u00e5rene for bruk av &#8220;god&#8221; fremstillingspraksis. Det er kjent i E-nummer-systemet som E525. <\/p>\n<p> <strong> Nisje-apper <\/strong> <br \/>\nI likhet med natriumhydroksid tiltrekker kaliumhydroksid mange spesialiserte bruksomr\u00e5der, nesten alle er avhengige av dets egenskaper som en sterk kjemisk base og som et resultat av evnen til \u00e5 nedbryte mange materialer. For eksempel, i en prosess som ofte kalles &#8220;kjemisk forbrenning&#8221; eller &#8220;resomatisering&#8221;, akselererer kaliumhydroksid nedbrytningen av mykt vev, b\u00e5de dyr og menneske, og etterlater bare bein og annet hardt vev. Entomologer som \u00f8nsker \u00e5 studere den fine strukturen til insektanatomi, kan bruke en 10% vandig l\u00f8sning av KOH for \u00e5 anvende denne prosessen. <\/p>\n<p> I kjemisk syntese styres valget mellom bruk av KOH og NaOH av oppl\u00f8seligheten eller holdbarheten til det resulterende saltet. <\/p>\n<p> De korroderende egenskapene til kaliumhydroksid gj\u00f8r det til en nyttig ingrediens i stoffer og preparater som rengj\u00f8r og desinfiserer overflater og materialer som i seg selv motst\u00e5r korrosjon av KOH. <\/p>\n<p>KOH brukes ogs\u00e5 til fremstilling av halvlederchips. Se ogs\u00e5: anisotrop v\u00e5tetsing. <\/p>\n<p> Kaliumhydroksid er ofte den viktigste aktive ingrediensen i kjemiske negleb\u00e5ndsfjernere som brukes i manikyr. <\/p>\n<p> Fordi aggressive baser som KOH skader negleb\u00e5ndet i h\u00e5rakselen, brukes kaliumhydroksid kjemisk for \u00e5 fjerne h\u00e5r fra dyreh\u00e5r. \u00c5rene blir dynket i flere timer i en l\u00f8sning av KOH og vann for \u00e5 forberede dem p\u00e5 det h\u00e5rl\u00f8se stadiet i solingsprosessen. Den samme effekten brukes ogs\u00e5 til \u00e5 svekke h\u00e5ret for barbering. Preshave-produkter og noen barberkremer inneholder kaliumhydroksid for \u00e5 tvinge hodebunnen til \u00e5 \u00e5pne seg og fungere som et hygroskopisk stoff for \u00e5 tiltrekke og tvinge vann inn i h\u00e5rskaftet, noe som ytterligere for\u00e5rsaker skade p\u00e5 h\u00e5ret. I denne svekkede tilstanden er det lettere \u00e5 klippe h\u00e5ret med et barberblad. <\/p>\n<p>Kaliumhydroksid brukes til \u00e5 identifisere visse sopparter. En 3-5% vandig l\u00f8sning av KOH p\u00e5f\u00f8res soppkj\u00f8ttet og forskeren avgj\u00f8r om kj\u00f8ttet endrer farge eller ikke. Visse arter av torturert sopp, hermetikk, polyporer og lav kan identifiseres ved denne fargeforandringsreaksjonen. <br \/>\n<strong> Pakke: <\/strong> <br \/>\n25 kg pose <br \/>\nLagring: <br \/>\nOppbevares p\u00e5 et t\u00f8rt sted. <\/p>\n<p> <strong> Fysiske trekk: <\/strong> <br \/>\nForm: Krystallisert, flak <br \/>\nSmeltepunkt: 360 \u00b0 C <br \/>\nKokepunkt: 1327 \u00b0 C <br \/>\nCAS: 1310-58-3 <br \/>\nEF: 215-181-3 <br \/>\nFN: 1813 <\/p>\n","protected":false},"excerpt":{"rendered":"<p>Kaliumhydroksid, ogs\u00e5 kjent som lut, er en uorganisk forbindelse med den kjemiske formelen KOH. Ogs\u00e5 ofte referert til som kaustisk kalium. Den brukes i forskjellige kjemiske, industrielle og produksjonsapplikasjoner. Kaliumhydroksid er ogs\u00e5 en forl\u00f8per for andre kaliumforbindelser. Kaliumhydroksid brukes i matvarer for \u00e5 justere pH, som en stabilisator og som fortykningsmiddel. <br \/>\nI tillegg til ovennevnte bruksomr\u00e5der, brukes kaliumhydroksid ogs\u00e5 i s\u00e5peproduksjon, som alkaliske batterilektrolytter, galvanisering, litografi og maling- og lakkfjerner. Flytende kloakkrensere inneholder 25-36% kaliumhydroksid. <\/p>\n","protected":false},"featured_media":7947,"template":"","meta":[],"product_brand":[],"product_cat":[112,113,114,115,116,103,105,106,109],"product_tag":[],"class_list":{"0":"post-7944","1":"product","2":"type-product","3":"status-publish","4":"has-post-thumbnail","6":"product_cat-byggbranschen","7":"product_cat-vaggmalning","8":"product_cat-typografiska-kemikalier","9":"product_cat-industriella-kemikalier","10":"product_cat-alla-produkter","11":"product_cat-frostskydd","12":"product_cat-hushallskemikalier-sv","13":"product_cat-lakemedelsindustri","14":"product_cat-plast","16":"first","17":"outofstock","18":"taxable","19":"shipping-taxable","20":"purchasable","21":"product-type-variable","22":"has-default-attributes","23":"rtwpvg-product"},"yoast_head":"<!-- This site is optimized with the Yoast SEO plugin v27.2 - https:\/\/yoast.com\/product\/yoast-seo-wordpress\/ -->\n<title>Kaliumhydroksid (krystallisert) (CAS 1310-58-3) - MasterChem | kemikaalien tuotanto ja myynti<\/title>\n<meta name=\"description\" content=\"Kaliumhydroksyd, ogs\u00e5 kjent som lut, er en uorganisk forbindelse med den kjemiske formelen KOH. Ogs\u00e5 ofte referert til som kaustisk kalium. Den brukes i forskjellige kjemiske, industrielle og produksjonsapplikasjoner. Kaliumhydroksid er ogs\u00e5 en forl\u00f8per for andre kaliumforbindelser. Kaliumhydroksyd brukes i matvarer for \u00e5 justere pH, som en stabilisator og som fortykningsmiddel.\" \/>\n<meta name=\"robots\" content=\"index, follow, max-snippet:-1, max-image-preview:large, max-video-preview:-1\" \/>\n<link rel=\"canonical\" href=\"https:\/\/masterchem.fi\/sv\/produkt\/kaliumhydroksid-krystallisert-cas-1310-58-3\/\" \/>\n<meta property=\"og:locale\" content=\"sv_SE\" \/>\n<meta property=\"og:type\" content=\"article\" \/>\n<meta property=\"og:title\" content=\"Kaliumhydroksid (krystallisert) (CAS 1310-58-3) - MasterChem | kemikaalien tuotanto ja myynti\" \/>\n<meta property=\"og:description\" content=\"Kaliumhydroksyd, ogs\u00e5 kjent som lut, er en uorganisk forbindelse med den kjemiske formelen KOH. Ogs\u00e5 ofte referert til som kaustisk kalium. Den brukes i forskjellige kjemiske, industrielle og produksjonsapplikasjoner. Kaliumhydroksid er ogs\u00e5 en forl\u00f8per for andre kaliumforbindelser. Kaliumhydroksyd brukes i matvarer for \u00e5 justere pH, som en stabilisator og som fortykningsmiddel.\" \/>\n<meta property=\"og:url\" content=\"https:\/\/masterchem.fi\/sv\/produkt\/kaliumhydroksid-krystallisert-cas-1310-58-3\/\" \/>\n<meta property=\"og:site_name\" content=\"MasterChem | kemikaalien tuotanto ja myynti\" \/>\n<meta property=\"article:modified_time\" content=\"2022-04-26T07:55:57+00:00\" \/>\n<meta property=\"og:image\" content=\"https:\/\/masterchem.fi\/wp-content\/uploads\/2021\/01\/Kaaliumhudroksiid-kristalliseerunud-25kg-MasterChem.jpg\" \/>\n\t<meta property=\"og:image:width\" content=\"1000\" \/>\n\t<meta property=\"og:image:height\" content=\"1000\" \/>\n\t<meta property=\"og:image:type\" content=\"image\/jpeg\" \/>\n<meta name=\"twitter:card\" content=\"summary_large_image\" \/>\n<meta name=\"twitter:label1\" content=\"Ber\u00e4knad l\u00e4stid\" \/>\n\t<meta name=\"twitter:data1\" content=\"2 minuter\" \/>\n<script type=\"application\/ld+json\" class=\"yoast-schema-graph\">{\"@context\":\"https:\/\/schema.org\",\"@graph\":[{\"@type\":\"WebPage\",\"@id\":\"https:\/\/masterchem.fi\/sv\/produkt\/kaliumhydroksid-krystallisert-cas-1310-58-3\/\",\"url\":\"https:\/\/masterchem.fi\/sv\/produkt\/kaliumhydroksid-krystallisert-cas-1310-58-3\/\",\"name\":\"Kaliumhydroksid (krystallisert) (CAS 1310-58-3) - MasterChem | kemikaalien tuotanto ja myynti\",\"isPartOf\":{\"@id\":\"https:\/\/masterchem.fi\/sv\/#website\"},\"primaryImageOfPage\":{\"@id\":\"https:\/\/masterchem.fi\/sv\/produkt\/kaliumhydroksid-krystallisert-cas-1310-58-3\/#primaryimage\"},\"image\":{\"@id\":\"https:\/\/masterchem.fi\/sv\/produkt\/kaliumhydroksid-krystallisert-cas-1310-58-3\/#primaryimage\"},\"thumbnailUrl\":\"https:\/\/masterchem.fi\/wp-content\/uploads\/2021\/01\/Kaaliumhudroksiid-kristalliseerunud-25kg-MasterChem.jpg\",\"datePublished\":\"2021-01-25T11:08:47+00:00\",\"dateModified\":\"2022-04-26T07:55:57+00:00\",\"description\":\"Kaliumhydroksyd, ogs\u00e5 kjent som lut, er en uorganisk forbindelse med den kjemiske formelen KOH. Ogs\u00e5 ofte referert til som kaustisk kalium. Den brukes i forskjellige kjemiske, industrielle og produksjonsapplikasjoner. Kaliumhydroksid er ogs\u00e5 en forl\u00f8per for andre kaliumforbindelser. Kaliumhydroksyd brukes i matvarer for \u00e5 justere pH, som en stabilisator og som fortykningsmiddel.\",\"breadcrumb\":{\"@id\":\"https:\/\/masterchem.fi\/sv\/produkt\/kaliumhydroksid-krystallisert-cas-1310-58-3\/#breadcrumb\"},\"inLanguage\":\"sv-SE\",\"potentialAction\":[{\"@type\":\"ReadAction\",\"target\":[\"https:\/\/masterchem.fi\/sv\/produkt\/kaliumhydroksid-krystallisert-cas-1310-58-3\/\"]}]},{\"@type\":\"ImageObject\",\"inLanguage\":\"sv-SE\",\"@id\":\"https:\/\/masterchem.fi\/sv\/produkt\/kaliumhydroksid-krystallisert-cas-1310-58-3\/#primaryimage\",\"url\":\"https:\/\/masterchem.fi\/wp-content\/uploads\/2021\/01\/Kaaliumhudroksiid-kristalliseerunud-25kg-MasterChem.jpg\",\"contentUrl\":\"https:\/\/masterchem.fi\/wp-content\/uploads\/2021\/01\/Kaaliumhudroksiid-kristalliseerunud-25kg-MasterChem.jpg\",\"width\":1000,\"height\":1000,\"caption\":\"Kaliumhydroksidi 25kg MasterChem\"},{\"@type\":\"BreadcrumbList\",\"@id\":\"https:\/\/masterchem.fi\/sv\/produkt\/kaliumhydroksid-krystallisert-cas-1310-58-3\/#breadcrumb\",\"itemListElement\":[{\"@type\":\"ListItem\",\"position\":1,\"name\":\"Home\",\"item\":\"https:\/\/masterchem.fi\/sv\/\"},{\"@type\":\"ListItem\",\"position\":2,\"name\":\"Butik\",\"item\":\"https:\/\/masterchem.fi\/sv\/butik\/\"},{\"@type\":\"ListItem\",\"position\":3,\"name\":\"Kaliumhydroksid (krystallisert) (CAS 1310-58-3)\"}]},{\"@type\":\"WebSite\",\"@id\":\"https:\/\/masterchem.fi\/sv\/#website\",\"url\":\"https:\/\/masterchem.fi\/sv\/\",\"name\":\"MasterChem | kemikaalien tuotanto ja myynti\",\"description\":\"kemikaalien tuotanto ja myynti\",\"potentialAction\":[{\"@type\":\"SearchAction\",\"target\":{\"@type\":\"EntryPoint\",\"urlTemplate\":\"https:\/\/masterchem.fi\/sv\/?s={search_term_string}\"},\"query-input\":{\"@type\":\"PropertyValueSpecification\",\"valueRequired\":true,\"valueName\":\"search_term_string\"}}],\"inLanguage\":\"sv-SE\"}]}<\/script>\n<!-- \/ Yoast SEO plugin. -->","yoast_head_json":{"title":"Kaliumhydroksid (krystallisert) (CAS 1310-58-3) - MasterChem | kemikaalien tuotanto ja myynti","description":"Kaliumhydroksyd, ogs\u00e5 kjent som lut, er en uorganisk forbindelse med den kjemiske formelen KOH. Ogs\u00e5 ofte referert til som kaustisk kalium. Den brukes i forskjellige kjemiske, industrielle og produksjonsapplikasjoner. Kaliumhydroksid er ogs\u00e5 en forl\u00f8per for andre kaliumforbindelser. Kaliumhydroksyd brukes i matvarer for \u00e5 justere pH, som en stabilisator og som fortykningsmiddel.","robots":{"index":"index","follow":"follow","max-snippet":"max-snippet:-1","max-image-preview":"max-image-preview:large","max-video-preview":"max-video-preview:-1"},"canonical":"https:\/\/masterchem.fi\/sv\/produkt\/kaliumhydroksid-krystallisert-cas-1310-58-3\/","og_locale":"sv_SE","og_type":"article","og_title":"Kaliumhydroksid (krystallisert) (CAS 1310-58-3) - MasterChem | kemikaalien tuotanto ja myynti","og_description":"Kaliumhydroksyd, ogs\u00e5 kjent som lut, er en uorganisk forbindelse med den kjemiske formelen KOH. Ogs\u00e5 ofte referert til som kaustisk kalium. Den brukes i forskjellige kjemiske, industrielle og produksjonsapplikasjoner. Kaliumhydroksid er ogs\u00e5 en forl\u00f8per for andre kaliumforbindelser. Kaliumhydroksyd brukes i matvarer for \u00e5 justere pH, som en stabilisator og som fortykningsmiddel.","og_url":"https:\/\/masterchem.fi\/sv\/produkt\/kaliumhydroksid-krystallisert-cas-1310-58-3\/","og_site_name":"MasterChem | kemikaalien tuotanto ja myynti","article_modified_time":"2022-04-26T07:55:57+00:00","og_image":[{"width":1000,"height":1000,"url":"https:\/\/masterchem.fi\/wp-content\/uploads\/2021\/01\/Kaaliumhudroksiid-kristalliseerunud-25kg-MasterChem.jpg","type":"image\/jpeg"}],"twitter_card":"summary_large_image","twitter_misc":{"Ber\u00e4knad l\u00e4stid":"2 minuter"},"schema":{"@context":"https:\/\/schema.org","@graph":[{"@type":"WebPage","@id":"https:\/\/masterchem.fi\/sv\/produkt\/kaliumhydroksid-krystallisert-cas-1310-58-3\/","url":"https:\/\/masterchem.fi\/sv\/produkt\/kaliumhydroksid-krystallisert-cas-1310-58-3\/","name":"Kaliumhydroksid (krystallisert) (CAS 1310-58-3) - MasterChem | kemikaalien tuotanto ja myynti","isPartOf":{"@id":"https:\/\/masterchem.fi\/sv\/#website"},"primaryImageOfPage":{"@id":"https:\/\/masterchem.fi\/sv\/produkt\/kaliumhydroksid-krystallisert-cas-1310-58-3\/#primaryimage"},"image":{"@id":"https:\/\/masterchem.fi\/sv\/produkt\/kaliumhydroksid-krystallisert-cas-1310-58-3\/#primaryimage"},"thumbnailUrl":"https:\/\/masterchem.fi\/wp-content\/uploads\/2021\/01\/Kaaliumhudroksiid-kristalliseerunud-25kg-MasterChem.jpg","datePublished":"2021-01-25T11:08:47+00:00","dateModified":"2022-04-26T07:55:57+00:00","description":"Kaliumhydroksyd, ogs\u00e5 kjent som lut, er en uorganisk forbindelse med den kjemiske formelen KOH. Ogs\u00e5 ofte referert til som kaustisk kalium. Den brukes i forskjellige kjemiske, industrielle og produksjonsapplikasjoner. Kaliumhydroksid er ogs\u00e5 en forl\u00f8per for andre kaliumforbindelser. Kaliumhydroksyd brukes i matvarer for \u00e5 justere pH, som en stabilisator og som fortykningsmiddel.","breadcrumb":{"@id":"https:\/\/masterchem.fi\/sv\/produkt\/kaliumhydroksid-krystallisert-cas-1310-58-3\/#breadcrumb"},"inLanguage":"sv-SE","potentialAction":[{"@type":"ReadAction","target":["https:\/\/masterchem.fi\/sv\/produkt\/kaliumhydroksid-krystallisert-cas-1310-58-3\/"]}]},{"@type":"ImageObject","inLanguage":"sv-SE","@id":"https:\/\/masterchem.fi\/sv\/produkt\/kaliumhydroksid-krystallisert-cas-1310-58-3\/#primaryimage","url":"https:\/\/masterchem.fi\/wp-content\/uploads\/2021\/01\/Kaaliumhudroksiid-kristalliseerunud-25kg-MasterChem.jpg","contentUrl":"https:\/\/masterchem.fi\/wp-content\/uploads\/2021\/01\/Kaaliumhudroksiid-kristalliseerunud-25kg-MasterChem.jpg","width":1000,"height":1000,"caption":"Kaliumhydroksidi 25kg MasterChem"},{"@type":"BreadcrumbList","@id":"https:\/\/masterchem.fi\/sv\/produkt\/kaliumhydroksid-krystallisert-cas-1310-58-3\/#breadcrumb","itemListElement":[{"@type":"ListItem","position":1,"name":"Home","item":"https:\/\/masterchem.fi\/sv\/"},{"@type":"ListItem","position":2,"name":"Butik","item":"https:\/\/masterchem.fi\/sv\/butik\/"},{"@type":"ListItem","position":3,"name":"Kaliumhydroksid (krystallisert) (CAS 1310-58-3)"}]},{"@type":"WebSite","@id":"https:\/\/masterchem.fi\/sv\/#website","url":"https:\/\/masterchem.fi\/sv\/","name":"MasterChem | kemikaalien tuotanto ja myynti","description":"kemikaalien tuotanto ja myynti","potentialAction":[{"@type":"SearchAction","target":{"@type":"EntryPoint","urlTemplate":"https:\/\/masterchem.fi\/sv\/?s={search_term_string}"},"query-input":{"@type":"PropertyValueSpecification","valueRequired":true,"valueName":"search_term_string"}}],"inLanguage":"sv-SE"}]}},"_links":{"self":[{"href":"https:\/\/masterchem.fi\/sv\/wp-json\/wp\/v2\/product\/7944","targetHints":{"allow":["GET"]}}],"collection":[{"href":"https:\/\/masterchem.fi\/sv\/wp-json\/wp\/v2\/product"}],"about":[{"href":"https:\/\/masterchem.fi\/sv\/wp-json\/wp\/v2\/types\/product"}],"wp:featuredmedia":[{"embeddable":true,"href":"https:\/\/masterchem.fi\/sv\/wp-json\/wp\/v2\/media\/7947"}],"wp:attachment":[{"href":"https:\/\/masterchem.fi\/sv\/wp-json\/wp\/v2\/media?parent=7944"}],"wp:term":[{"taxonomy":"product_brand","embeddable":true,"href":"https:\/\/masterchem.fi\/sv\/wp-json\/wp\/v2\/product_brand?post=7944"},{"taxonomy":"product_cat","embeddable":true,"href":"https:\/\/masterchem.fi\/sv\/wp-json\/wp\/v2\/product_cat?post=7944"},{"taxonomy":"product_tag","embeddable":true,"href":"https:\/\/masterchem.fi\/sv\/wp-json\/wp\/v2\/product_tag?post=7944"}],"curies":[{"name":"wp","href":"https:\/\/api.w.org\/{rel}","templated":true}]}}