{"id":8121,"date":"2022-04-26T11:41:45","date_gmt":"2022-04-26T08:41:46","guid":{"rendered":"https:\/\/masterchem.fi\/?post_type=product&#038;p=8121"},"modified":"2022-04-26T12:12:35","modified_gmt":"2022-04-26T09:12:35","slug":"denaturerad-sprit-cas-64-17-5","status":"publish","type":"product","link":"https:\/\/masterchem.fi\/sv\/produkt\/denaturerad-sprit-cas-64-17-5\/","title":{"rendered":"Denaturerad sprit (CAS 64-17-5)"},"content":{"rendered":"<p> <a href = \"https:\/\/masterchem.ee\/wp-content\/uploads\/2019\/09\/Denatureritud-etanool-MasterChem-ohutuskaart-MSDS-EST-03-2020-sv.pdf\" target = \"_ blank \"rel =\" noopener noreferrer \"> S\u00e4kerhetsdatablad (MSDS) <\/a> <\/p>\n<p> <strong> Beskrivning: <\/strong> <\/p>\n<p> Etanol (etylalkohol, metylkarbinol, vinylalkohol eller alkanol, ofta i vardagsspr\u00e5k helt enkelt &#8220;alkohol&#8221;) \u00e4r en monohydroxialkohol med formeln C <sub> 2 <\/sub> H <sub> 5 <\/sub> OH (empirisk formel C < sub> 2 <\/sub> H <sub> 6 <\/sub> O), den rationella formeln \u00e4r CH <sub> 3 <\/sub> -CH <sub> 2 <\/sub> -OH, f\u00f6rkortningen f\u00f6r en och samma etanol \u00e4r en annan flyktig, brandfarlig, f\u00e4rgl\u00f6s, transparent v\u00e4tska under standardf\u00f6rh\u00e5llanden. Vi erbjuder endast denaturerad alkohol. <\/p>\n<p> CAS-nummer 64-17-5 <\/p>\n<p> EG-nummer 200-578-6 <\/p>\n<p> <strong> Applikation och anv\u00e4ndning: <\/strong> <\/p>\n<p> Etylalkohol anv\u00e4nds: <\/p>\n<p> L\u00e4s bruksanvisningen f\u00f6r f\u00e4rgprodukterna innan du sp\u00e4der ut dem. Tills\u00e4tt gradvis denaturerad alkohol till produkten f\u00f6r att undvika \u00f6verdosering. Vid reng\u00f6ring av ytor, f\u00f6rhandsgranska ett mindre omr\u00e5de f\u00f6r att s\u00e4kerst\u00e4lla att l\u00f6sningsmedlet \u00e4r l\u00e4mpligt f\u00f6r reng\u00f6ring av ytan. Arbeta i ett v\u00e4lventilerat utrymme. F\u00f6lj s\u00e4kerhetsbest\u00e4mmelserna. <\/p>\n<p> <strong> Paket: <\/strong> <\/p>\n<p> 0,5 liter metallflaska <\/p>\n<p> 5 liter plastbeh\u00e5llare <\/p>\n<p> 10 liter plastbeh\u00e5llare <\/p>\n<p> 20 liter metallhink UN <\/p>\n<p><25> plastbeh\u00e5llare <\/p>\n<p> 200 liter metall fat un <\/p>\n<p> 500 liter FN-beh\u00e5llare <\/p>\n<p> 1000 liter FN-beh\u00e5llare <\/p>\n<p> I bulk <\/p>\n<p> &#038; nbsp; <\/p>\n<p> Lagring: <\/p>\n<p> F\u00f6rvara produkten mellan +5 \u00b0C och 35 \u00b0C och uts\u00e4tt den inte f\u00f6r direkt solljus. <\/p>\n<p> &#038; nbsp; <\/p>\n<p> Fysiska egenskaper: <\/p>\n<p> Densitet: 0,78 g\/cm3 + -0,01 vid 20 grader <\/p>\n<p> F\u00e4rg: klar, f\u00e4rgl\u00f6s v\u00e4tska <\/p>\n","protected":false},"excerpt":{"rendered":"<p>Denaturerad alkohol eller etanol eller etylalkohol (inklusive destillerad alkohol) eller metylkarbinol (formel CH3 3 CH 2 2 OH) \u00e4r den mest k\u00e4nda alkoholen. Det \u00e4r en f\u00e4rgl\u00f6s v\u00e4tska under normala f\u00f6rh\u00e5llanden. Vi erbjuder endast denaturerad alkohol. <\/p>\n<p> CAS: 64-17-5 <\/p>\n","protected":false},"featured_media":8143,"template":"","meta":[],"product_brand":[],"product_cat":[103,104,105,106,108,111,112,113,114,116],"product_tag":[],"class_list":{"0":"post-8121","1":"product","2":"type-product","3":"status-publish","4":"has-post-thumbnail","6":"product_cat-frostskydd","7":"product_cat-bil-och-maskinkemikalier","8":"product_cat-hushallskemikalier-sv","9":"product_cat-lakemedelsindustri","10":"product_cat-metallkemikalier","11":"product_cat-trabearbetningskemikalier","12":"product_cat-byggbranschen","13":"product_cat-vaggmalning","14":"product_cat-typografiska-kemikalier","15":"product_cat-alla-produkter","17":"first","18":"instock","19":"taxable","20":"shipping-taxable","21":"purchasable","22":"product-type-variable","23":"has-default-attributes","24":"rtwpvg-product"},"yoast_head":"<!-- This site is optimized with the Yoast SEO plugin v27.2 - https:\/\/yoast.com\/product\/yoast-seo-wordpress\/ -->\n<title>Denaturerad sprit (CAS 64-17-5) - MasterChem | kemikaalien tuotanto ja myynti<\/title>\n<meta name=\"description\" content=\"Denaturerad alkohol eller etanol eller etylalkohol (inklusive destillerad alkohol) eller metylkarbinol \u00e4r den mest k\u00e4nda alkoholen.\" \/>\n<meta name=\"robots\" content=\"index, follow, max-snippet:-1, max-image-preview:large, max-video-preview:-1\" \/>\n<link rel=\"canonical\" href=\"https:\/\/masterchem.fi\/sv\/produkt\/denaturerad-sprit-cas-64-17-5\/\" \/>\n<meta property=\"og:locale\" content=\"sv_SE\" \/>\n<meta property=\"og:type\" content=\"article\" \/>\n<meta property=\"og:title\" content=\"Denaturerad sprit (CAS 64-17-5) - MasterChem | kemikaalien tuotanto ja myynti\" \/>\n<meta property=\"og:description\" content=\"Denaturerad alkohol eller etanol eller etylalkohol (inklusive destillerad alkohol) eller metylkarbinol \u00e4r den mest k\u00e4nda alkoholen.\" \/>\n<meta property=\"og:url\" content=\"https:\/\/masterchem.fi\/sv\/produkt\/denaturerad-sprit-cas-64-17-5\/\" \/>\n<meta property=\"og:site_name\" content=\"MasterChem | kemikaalien tuotanto ja myynti\" \/>\n<meta property=\"article:modified_time\" content=\"2022-04-26T09:12:35+00:00\" \/>\n<meta property=\"og:image\" content=\"https:\/\/masterchem.fi\/wp-content\/uploads\/2022\/04\/Denaturoituja_vakevia_alkoholijuomia_CAS_64-17-5_1000l_MaterChem.jpg\" \/>\n\t<meta property=\"og:image:width\" content=\"1000\" \/>\n\t<meta property=\"og:image:height\" content=\"1000\" \/>\n\t<meta property=\"og:image:type\" content=\"image\/jpeg\" \/>\n<meta name=\"twitter:card\" content=\"summary_large_image\" \/>\n<meta name=\"twitter:label1\" content=\"Ber\u00e4knad l\u00e4stid\" \/>\n\t<meta name=\"twitter:data1\" content=\"1 minut\" \/>\n<script type=\"application\/ld+json\" class=\"yoast-schema-graph\">{\"@context\":\"https:\/\/schema.org\",\"@graph\":[{\"@type\":\"WebPage\",\"@id\":\"https:\/\/masterchem.fi\/sv\/produkt\/denaturerad-sprit-cas-64-17-5\/\",\"url\":\"https:\/\/masterchem.fi\/sv\/produkt\/denaturerad-sprit-cas-64-17-5\/\",\"name\":\"Denaturerad sprit (CAS 64-17-5) - MasterChem | kemikaalien tuotanto ja myynti\",\"isPartOf\":{\"@id\":\"https:\/\/masterchem.fi\/sv\/#website\"},\"primaryImageOfPage\":{\"@id\":\"https:\/\/masterchem.fi\/sv\/produkt\/denaturerad-sprit-cas-64-17-5\/#primaryimage\"},\"image\":{\"@id\":\"https:\/\/masterchem.fi\/sv\/produkt\/denaturerad-sprit-cas-64-17-5\/#primaryimage\"},\"thumbnailUrl\":\"https:\/\/masterchem.fi\/wp-content\/uploads\/2022\/04\/Denaturoituja_vakevia_alkoholijuomia_CAS_64-17-5_1000l_MaterChem.jpg\",\"datePublished\":\"2022-04-26T08:41:46+00:00\",\"dateModified\":\"2022-04-26T09:12:35+00:00\",\"description\":\"Denaturerad alkohol eller etanol eller etylalkohol (inklusive destillerad alkohol) eller metylkarbinol \u00e4r den mest k\u00e4nda alkoholen.\",\"breadcrumb\":{\"@id\":\"https:\/\/masterchem.fi\/sv\/produkt\/denaturerad-sprit-cas-64-17-5\/#breadcrumb\"},\"inLanguage\":\"sv-SE\",\"potentialAction\":[{\"@type\":\"ReadAction\",\"target\":[\"https:\/\/masterchem.fi\/sv\/produkt\/denaturerad-sprit-cas-64-17-5\/\"]}]},{\"@type\":\"ImageObject\",\"inLanguage\":\"sv-SE\",\"@id\":\"https:\/\/masterchem.fi\/sv\/produkt\/denaturerad-sprit-cas-64-17-5\/#primaryimage\",\"url\":\"https:\/\/masterchem.fi\/wp-content\/uploads\/2022\/04\/Denaturoituja_vakevia_alkoholijuomia_CAS_64-17-5_1000l_MaterChem.jpg\",\"contentUrl\":\"https:\/\/masterchem.fi\/wp-content\/uploads\/2022\/04\/Denaturoituja_vakevia_alkoholijuomia_CAS_64-17-5_1000l_MaterChem.jpg\",\"width\":1000,\"height\":1000,\"caption\":\"Denaturerad sprit (CAS 64-17-5) 1000l MaterChem\"},{\"@type\":\"BreadcrumbList\",\"@id\":\"https:\/\/masterchem.fi\/sv\/produkt\/denaturerad-sprit-cas-64-17-5\/#breadcrumb\",\"itemListElement\":[{\"@type\":\"ListItem\",\"position\":1,\"name\":\"Home\",\"item\":\"https:\/\/masterchem.fi\/sv\/\"},{\"@type\":\"ListItem\",\"position\":2,\"name\":\"Butik\",\"item\":\"https:\/\/masterchem.fi\/sv\/butik\/\"},{\"@type\":\"ListItem\",\"position\":3,\"name\":\"Denaturerad sprit (CAS 64-17-5)\"}]},{\"@type\":\"WebSite\",\"@id\":\"https:\/\/masterchem.fi\/sv\/#website\",\"url\":\"https:\/\/masterchem.fi\/sv\/\",\"name\":\"MasterChem | kemikaalien tuotanto ja myynti\",\"description\":\"kemikaalien tuotanto ja myynti\",\"potentialAction\":[{\"@type\":\"SearchAction\",\"target\":{\"@type\":\"EntryPoint\",\"urlTemplate\":\"https:\/\/masterchem.fi\/sv\/?s={search_term_string}\"},\"query-input\":{\"@type\":\"PropertyValueSpecification\",\"valueRequired\":true,\"valueName\":\"search_term_string\"}}],\"inLanguage\":\"sv-SE\"}]}<\/script>\n<!-- \/ Yoast SEO plugin. -->","yoast_head_json":{"title":"Denaturerad sprit (CAS 64-17-5) - MasterChem | kemikaalien tuotanto ja myynti","description":"Denaturerad alkohol eller etanol eller etylalkohol (inklusive destillerad alkohol) eller metylkarbinol \u00e4r den mest k\u00e4nda alkoholen.","robots":{"index":"index","follow":"follow","max-snippet":"max-snippet:-1","max-image-preview":"max-image-preview:large","max-video-preview":"max-video-preview:-1"},"canonical":"https:\/\/masterchem.fi\/sv\/produkt\/denaturerad-sprit-cas-64-17-5\/","og_locale":"sv_SE","og_type":"article","og_title":"Denaturerad sprit (CAS 64-17-5) - MasterChem | kemikaalien tuotanto ja myynti","og_description":"Denaturerad alkohol eller etanol eller etylalkohol (inklusive destillerad alkohol) eller metylkarbinol \u00e4r den mest k\u00e4nda alkoholen.","og_url":"https:\/\/masterchem.fi\/sv\/produkt\/denaturerad-sprit-cas-64-17-5\/","og_site_name":"MasterChem | kemikaalien tuotanto ja myynti","article_modified_time":"2022-04-26T09:12:35+00:00","og_image":[{"width":1000,"height":1000,"url":"https:\/\/masterchem.fi\/wp-content\/uploads\/2022\/04\/Denaturoituja_vakevia_alkoholijuomia_CAS_64-17-5_1000l_MaterChem.jpg","type":"image\/jpeg"}],"twitter_card":"summary_large_image","twitter_misc":{"Ber\u00e4knad l\u00e4stid":"1 minut"},"schema":{"@context":"https:\/\/schema.org","@graph":[{"@type":"WebPage","@id":"https:\/\/masterchem.fi\/sv\/produkt\/denaturerad-sprit-cas-64-17-5\/","url":"https:\/\/masterchem.fi\/sv\/produkt\/denaturerad-sprit-cas-64-17-5\/","name":"Denaturerad sprit (CAS 64-17-5) - MasterChem | kemikaalien tuotanto ja myynti","isPartOf":{"@id":"https:\/\/masterchem.fi\/sv\/#website"},"primaryImageOfPage":{"@id":"https:\/\/masterchem.fi\/sv\/produkt\/denaturerad-sprit-cas-64-17-5\/#primaryimage"},"image":{"@id":"https:\/\/masterchem.fi\/sv\/produkt\/denaturerad-sprit-cas-64-17-5\/#primaryimage"},"thumbnailUrl":"https:\/\/masterchem.fi\/wp-content\/uploads\/2022\/04\/Denaturoituja_vakevia_alkoholijuomia_CAS_64-17-5_1000l_MaterChem.jpg","datePublished":"2022-04-26T08:41:46+00:00","dateModified":"2022-04-26T09:12:35+00:00","description":"Denaturerad alkohol eller etanol eller etylalkohol (inklusive destillerad alkohol) eller metylkarbinol \u00e4r den mest k\u00e4nda alkoholen.","breadcrumb":{"@id":"https:\/\/masterchem.fi\/sv\/produkt\/denaturerad-sprit-cas-64-17-5\/#breadcrumb"},"inLanguage":"sv-SE","potentialAction":[{"@type":"ReadAction","target":["https:\/\/masterchem.fi\/sv\/produkt\/denaturerad-sprit-cas-64-17-5\/"]}]},{"@type":"ImageObject","inLanguage":"sv-SE","@id":"https:\/\/masterchem.fi\/sv\/produkt\/denaturerad-sprit-cas-64-17-5\/#primaryimage","url":"https:\/\/masterchem.fi\/wp-content\/uploads\/2022\/04\/Denaturoituja_vakevia_alkoholijuomia_CAS_64-17-5_1000l_MaterChem.jpg","contentUrl":"https:\/\/masterchem.fi\/wp-content\/uploads\/2022\/04\/Denaturoituja_vakevia_alkoholijuomia_CAS_64-17-5_1000l_MaterChem.jpg","width":1000,"height":1000,"caption":"Denaturerad sprit (CAS 64-17-5) 1000l MaterChem"},{"@type":"BreadcrumbList","@id":"https:\/\/masterchem.fi\/sv\/produkt\/denaturerad-sprit-cas-64-17-5\/#breadcrumb","itemListElement":[{"@type":"ListItem","position":1,"name":"Home","item":"https:\/\/masterchem.fi\/sv\/"},{"@type":"ListItem","position":2,"name":"Butik","item":"https:\/\/masterchem.fi\/sv\/butik\/"},{"@type":"ListItem","position":3,"name":"Denaturerad sprit (CAS 64-17-5)"}]},{"@type":"WebSite","@id":"https:\/\/masterchem.fi\/sv\/#website","url":"https:\/\/masterchem.fi\/sv\/","name":"MasterChem | kemikaalien tuotanto ja myynti","description":"kemikaalien tuotanto ja myynti","potentialAction":[{"@type":"SearchAction","target":{"@type":"EntryPoint","urlTemplate":"https:\/\/masterchem.fi\/sv\/?s={search_term_string}"},"query-input":{"@type":"PropertyValueSpecification","valueRequired":true,"valueName":"search_term_string"}}],"inLanguage":"sv-SE"}]}},"_links":{"self":[{"href":"https:\/\/masterchem.fi\/sv\/wp-json\/wp\/v2\/product\/8121","targetHints":{"allow":["GET"]}}],"collection":[{"href":"https:\/\/masterchem.fi\/sv\/wp-json\/wp\/v2\/product"}],"about":[{"href":"https:\/\/masterchem.fi\/sv\/wp-json\/wp\/v2\/types\/product"}],"wp:featuredmedia":[{"embeddable":true,"href":"https:\/\/masterchem.fi\/sv\/wp-json\/wp\/v2\/media\/8143"}],"wp:attachment":[{"href":"https:\/\/masterchem.fi\/sv\/wp-json\/wp\/v2\/media?parent=8121"}],"wp:term":[{"taxonomy":"product_brand","embeddable":true,"href":"https:\/\/masterchem.fi\/sv\/wp-json\/wp\/v2\/product_brand?post=8121"},{"taxonomy":"product_cat","embeddable":true,"href":"https:\/\/masterchem.fi\/sv\/wp-json\/wp\/v2\/product_cat?post=8121"},{"taxonomy":"product_tag","embeddable":true,"href":"https:\/\/masterchem.fi\/sv\/wp-json\/wp\/v2\/product_tag?post=8121"}],"curies":[{"name":"wp","href":"https:\/\/api.w.org\/{rel}","templated":true}]}}