{"id":8162,"date":"2022-04-26T13:01:36","date_gmt":"2022-04-26T10:01:36","guid":{"rendered":"https:\/\/masterchem.fi\/?post_type=product&#038;p=8162"},"modified":"2022-04-26T13:42:27","modified_gmt":"2022-04-26T10:42:27","slug":"etylenglykol-35-master-ews35-cas-107-21-1","status":"publish","type":"product","link":"https:\/\/masterchem.fi\/sv\/produkt\/etylenglykol-35-master-ews35-cas-107-21-1\/","title":{"rendered":"Etylenglykol 35 % &#8211; Master EWS35 (CAS 107-21-1)"},"content":{"rendered":"<p> Fryspunkt f\u00f6r etylenglykoll\u00f6sningar: <\/p>\n<p><tabell><\/p>\n<tbody>\n<tr>\n<td> Koncentration <\/td>\n<td> fryspunkt <\/td>\n<td> densitet <\/td>\n<\/tr>\n<tr>\n<td> 99,9 % <\/td>\n<td> -12 <\/td>\n<td> 1.15 <\/td>\n<\/tr>\n<tr>\n<td> 20 % <\/td>\n<td> -8 <\/td>\n<td> 1 025 <\/td>\n<\/tr>\n<tr>\n<td> 30 % <\/td>\n<td> -15 <\/td>\n<td> 1 042 <\/td>\n<\/tr>\n<tr>\n<td> 35 % <\/td>\n<td> -18 <\/td>\n<td> 1.05 <\/td>\n<\/tr>\n<tr>\n<td> 40 % <\/td>\n<td> -24 <\/td>\n<td> 1 056 <\/td>\n<\/tr>\n<tr>\n<td> 45 % <\/td>\n<td> -30 <\/td>\n<td> 1 062 <\/td>\n<\/tr>\n<tr>\n<td> 50 % <\/td>\n<td> -37 <\/td>\n<td> 1 068 <\/td>\n<\/tr>\n<tr>\n<td> 55 % <\/td>\n<td> -46 <\/td>\n<td> 1 075 <\/td>\n<\/tr>\n<tr>\n<td> 60 % <\/td>\n<td> -54 <\/td>\n<td> 1.08 <\/td>\n<\/tr>\n<tr>\n<td> 65 % <\/td>\n<td> -65 <\/td>\n<td> 1 085 <\/td>\n<\/tr>\n<tr>\n<td> 70 % <\/td>\n<td> -62 <\/td>\n<td> 1 091 <\/td>\n<\/tr>\n<tr>\n<td> 75 % <\/td>\n<td> -55 <\/td>\n<td> 1 096 <\/td>\n<\/tr>\n<tr>\n<td> 80 % <\/td>\n<td> -47 <\/td>\n<td> 1.1 <\/td>\n<\/tr>\n<\/tbody>\n<\/table>\n<p> Etylenglykol-35 (vattenhaltig glykoll\u00f6sning, Master EWS35) &#8211; \u00e4r en kombination av h\u00f6gkvalitativ etylenglykol och uppmjukat vatten i form av en hygroskopisk sirapsv\u00e4tska som b\u00f6rjar kristallisera vid -20 \u00b0C. Etablerat p\u00e5 den estniska marknaden. <br \/>\nVid frysning bildar f\u00f6reningen inte en fast substans, utan \u00f6kar i bulk och dess volym n\u00e5got &#8211; men inte mer \u00e4n 0,25-0,3%. Dessa egenskaper har lett till utbredd anv\u00e4ndning som v\u00e4rme\u00f6verf\u00f6ringsmedium i olika typer av v\u00e4rme- och kylsystem. <\/p>\n<p> Etylenglykoll\u00f6sning har god v\u00e4rmeledningsf\u00f6rm\u00e5ga, l\u00e5g korrosivitet mot olika metaller, l\u00e5g skumningsf\u00f6rm\u00e5ga och l\u00e5g v\u00e4rmeutvidgningskoefficient. Det kr\u00e4ver inte utsp\u00e4dning med vatten, det anv\u00e4nds i f\u00e4rdiga polymer- och st\u00e5lsystem. Materialet rekommenderas inte f\u00f6r anv\u00e4ndning i galvaniserade r\u00f6rsystem, det rekommenderas inte att blanda det med andra kylmedel och koka upp under anv\u00e4ndning. <\/p>\n<p> <strong> Applikation <\/strong> <\/p>\n<p> 35 % etylenglykol anv\u00e4nds som br\u00e4nsle i olika typer av luftkonditionering och v\u00e4rmesystem, i industriell produktion (kyll\u00f6sningsmedel och v\u00e4rme\u00f6verf\u00f6ringsmedium). <\/p>\n<p> <strong> Det kommer att anv\u00e4ndas: <\/strong> <br \/>\ni solv\u00e4rmesystem; <br \/>\ni industriella och lokala kyl- och v\u00e4rmesystem; <br \/>\nbergv\u00e4rmepumpar; <br \/>\nv\u00e4rme\u00e5tervinningssystem. <br \/>\nDenna f\u00f6rening anv\u00e4nds ocks\u00e5 vid tillverkning av frostskyddsmedel, bromsv\u00e4tskor, kylmedel och polymerer. Du kan k\u00f6pa den hos oss med eller utan korrosionsinhibitorer och f\u00e4rg\u00e4mnen.<\/p>\n<p> <strong> S\u00e4kerhetskrav <\/strong> <\/p>\n<p> Master EWS35 \u00e4r giftig, icke brandfarlig och icke-explosiv. F\u00f6r att f\u00f6rhindra f\u00f6rgiftning f\u00e5r den inte komma i kontakt med mat och dricksvatten. \u00c4mnet \u00e4r endast avsett f\u00f6r tekniskt bruk. <br \/>\nSubstansen tillh\u00f6r den tredje faroklassen vad g\u00e4ller graden av m\u00e4nsklig exponering. Du m\u00e5ste b\u00e4ra speciella kl\u00e4der och skor, gummihandskar samt \u00f6gon- och andningsskydd n\u00e4r du arbetar med dem. I h\u00e4ndelse av kortvarig kontakt kommer reagenset inte att p\u00e5verka m\u00e4nniskor negativt. <\/p>\n<p> <strong> Transport- och lagringsfunktioner <\/strong> <br \/>\n35 % av v\u00e5r mycket prisv\u00e4rda etylenglykol transporteras i alla transportslag i enlighet med reglerna och f\u00f6reskrifterna f\u00f6r denna typ av transport. <\/p>\n<p> Blandningen ska f\u00f6rvaras i slutna beh\u00e5llare i ett torrt, ouppv\u00e4rmt, luftkonditionerat f\u00f6rvaringsutrymme, skyddat fr\u00e5n direkt solljus, borta fr\u00e5n mat. Sista utg\u00e5ngsdatum: 60 m\u00e5nader fr\u00e5n tillverkningsdatum. <\/p>\n<p> <strong> Master EWS35: Var kan man k\u00f6pa? <\/strong> <\/p>\n<p> Om du vill k\u00f6pa kemikalier av b\u00e4sta kvalitet till ett \u00f6verkomligt pris, h\u00e4r \u00e4r precis vad du letar efter. Det \u00e4r l\u00e4tt f\u00f6r v\u00e5r kund att komma: klicka p\u00e5 den bl\u00e5 &#8220;l\u00e4gg i varukorg \/ fr\u00e5ga efter pris&#8221;-knappen och ange \u00f6nskad information i f\u00f6nstret som \u00f6ppnas. V\u00e5ra specialister kommer att kontakta dig inom kort f\u00f6r att diskutera detaljerna i din best\u00e4llning. <\/p>\n","protected":false},"excerpt":{"rendered":"<p> Etylenglykol-35 (vattenhaltig glykoll\u00f6sning, Master EWS35) &#8211; \u00e4r en kombination av h\u00f6gkvalitativ etylenglykol och uppmjukat vatten i form av en hygroskopisk sirapsv\u00e4tska som b\u00f6rjar kristallisera vid -20 \u00b0C. Etablerat p\u00e5 den estniska marknaden. <\/p>\n<p> CAS: 107-21-1 <\/p>\n<ul>\n<li> <b> Etylenglykol 35 % <\/b> <\/li>\n<li> <a href=\"\/en\/product\/etylenglykol-40-master-ews-40\/\"> Etylenglykol 40 % <\/a> <\/li>\n<li> <a href=\"\/en\/product\/frost-36-c-green\/\"> Etylenglykol 50 % <\/a> <\/li>\n<li> <a href=\"\/en\/product\/etylenglykol\/\"> 100 % etylenglykol <\/a> <\/li>\n<\/ul>\n","protected":false},"featured_media":8186,"template":"","meta":[],"product_brand":[],"product_cat":[103,104,105,112,116],"product_tag":[],"class_list":{"0":"post-8162","1":"product","2":"type-product","3":"status-publish","4":"has-post-thumbnail","6":"product_cat-frostskydd","7":"product_cat-bil-och-maskinkemikalier","8":"product_cat-hushallskemikalier-sv","9":"product_cat-byggbranschen","10":"product_cat-alla-produkter","12":"first","13":"instock","14":"taxable","15":"shipping-taxable","16":"purchasable","17":"product-type-variable","18":"has-default-attributes","19":"rtwpvg-product"},"yoast_head":"<!-- This site is optimized with the Yoast SEO plugin v27.2 - https:\/\/yoast.com\/product\/yoast-seo-wordpress\/ -->\n<title>Etylenglykol 35 % - Master EWS35 (CAS 107-21-1) - MasterChem | kemikaalien tuotanto ja myynti<\/title>\n<meta name=\"description\" content=\"Etylenglykol-35 (vattenhaltig glykoll\u00f6sning, Master EWS35) - \u00e4r en kombination av h\u00f6gkvalitativ etylenglykol och uppmjukat vatten i form av en hygroskopisk sirapsv\u00e4tska som b\u00f6rjar kristallisera vid -20 \u00b0C. Etablerat p\u00e5 den estniska marknaden.\" \/>\n<meta name=\"robots\" content=\"index, follow, max-snippet:-1, max-image-preview:large, max-video-preview:-1\" \/>\n<link rel=\"canonical\" href=\"https:\/\/masterchem.fi\/sv\/produkt\/etylenglykol-35-master-ews35-cas-107-21-1\/\" \/>\n<meta property=\"og:locale\" content=\"sv_SE\" \/>\n<meta property=\"og:type\" content=\"article\" \/>\n<meta property=\"og:title\" content=\"Etylenglykol 35 % - Master EWS35 (CAS 107-21-1) - MasterChem | kemikaalien tuotanto ja myynti\" \/>\n<meta property=\"og:description\" content=\"Etylenglykol-35 (vattenhaltig glykoll\u00f6sning, Master EWS35) - \u00e4r en kombination av h\u00f6gkvalitativ etylenglykol och uppmjukat vatten i form av en hygroskopisk sirapsv\u00e4tska som b\u00f6rjar kristallisera vid -20 \u00b0C. Etablerat p\u00e5 den estniska marknaden.\" \/>\n<meta property=\"og:url\" content=\"https:\/\/masterchem.fi\/sv\/produkt\/etylenglykol-35-master-ews35-cas-107-21-1\/\" \/>\n<meta property=\"og:site_name\" content=\"MasterChem | kemikaalien tuotanto ja myynti\" \/>\n<meta property=\"article:modified_time\" content=\"2022-04-26T10:42:27+00:00\" \/>\n<meta property=\"og:image\" content=\"https:\/\/masterchem.fi\/wp-content\/uploads\/2022\/04\/Etyleeniglykoli_35_Master_EWS35_CAS_107-21-1_1000l-MasterChem.jpg\" \/>\n\t<meta property=\"og:image:width\" content=\"1000\" \/>\n\t<meta property=\"og:image:height\" content=\"1000\" \/>\n\t<meta property=\"og:image:type\" content=\"image\/jpeg\" \/>\n<meta name=\"twitter:card\" content=\"summary_large_image\" \/>\n<meta name=\"twitter:label1\" content=\"Ber\u00e4knad l\u00e4stid\" \/>\n\t<meta name=\"twitter:data1\" content=\"2 minuter\" \/>\n<script type=\"application\/ld+json\" class=\"yoast-schema-graph\">{\"@context\":\"https:\/\/schema.org\",\"@graph\":[{\"@type\":\"WebPage\",\"@id\":\"https:\/\/masterchem.fi\/sv\/produkt\/etylenglykol-35-master-ews35-cas-107-21-1\/\",\"url\":\"https:\/\/masterchem.fi\/sv\/produkt\/etylenglykol-35-master-ews35-cas-107-21-1\/\",\"name\":\"Etylenglykol 35 % - Master EWS35 (CAS 107-21-1) - MasterChem | kemikaalien tuotanto ja myynti\",\"isPartOf\":{\"@id\":\"https:\/\/masterchem.fi\/sv\/#website\"},\"primaryImageOfPage\":{\"@id\":\"https:\/\/masterchem.fi\/sv\/produkt\/etylenglykol-35-master-ews35-cas-107-21-1\/#primaryimage\"},\"image\":{\"@id\":\"https:\/\/masterchem.fi\/sv\/produkt\/etylenglykol-35-master-ews35-cas-107-21-1\/#primaryimage\"},\"thumbnailUrl\":\"https:\/\/masterchem.fi\/wp-content\/uploads\/2022\/04\/Etyleeniglykoli_35_Master_EWS35_CAS_107-21-1_1000l-MasterChem.jpg\",\"datePublished\":\"2022-04-26T10:01:36+00:00\",\"dateModified\":\"2022-04-26T10:42:27+00:00\",\"description\":\"Etylenglykol-35 (vattenhaltig glykoll\u00f6sning, Master EWS35) - \u00e4r en kombination av h\u00f6gkvalitativ etylenglykol och uppmjukat vatten i form av en hygroskopisk sirapsv\u00e4tska som b\u00f6rjar kristallisera vid -20 \u00b0C. Etablerat p\u00e5 den estniska marknaden.\",\"breadcrumb\":{\"@id\":\"https:\/\/masterchem.fi\/sv\/produkt\/etylenglykol-35-master-ews35-cas-107-21-1\/#breadcrumb\"},\"inLanguage\":\"sv-SE\",\"potentialAction\":[{\"@type\":\"ReadAction\",\"target\":[\"https:\/\/masterchem.fi\/sv\/produkt\/etylenglykol-35-master-ews35-cas-107-21-1\/\"]}]},{\"@type\":\"ImageObject\",\"inLanguage\":\"sv-SE\",\"@id\":\"https:\/\/masterchem.fi\/sv\/produkt\/etylenglykol-35-master-ews35-cas-107-21-1\/#primaryimage\",\"url\":\"https:\/\/masterchem.fi\/wp-content\/uploads\/2022\/04\/Etyleeniglykoli_35_Master_EWS35_CAS_107-21-1_1000l-MasterChem.jpg\",\"contentUrl\":\"https:\/\/masterchem.fi\/wp-content\/uploads\/2022\/04\/Etyleeniglykoli_35_Master_EWS35_CAS_107-21-1_1000l-MasterChem.jpg\",\"width\":1000,\"height\":1000,\"caption\":\"Etylenglykol 40 % Master EWS-40 (CAS 107-21-1) 1000l MaterChem\"},{\"@type\":\"BreadcrumbList\",\"@id\":\"https:\/\/masterchem.fi\/sv\/produkt\/etylenglykol-35-master-ews35-cas-107-21-1\/#breadcrumb\",\"itemListElement\":[{\"@type\":\"ListItem\",\"position\":1,\"name\":\"Home\",\"item\":\"https:\/\/masterchem.fi\/sv\/\"},{\"@type\":\"ListItem\",\"position\":2,\"name\":\"Butik\",\"item\":\"https:\/\/masterchem.fi\/sv\/butik\/\"},{\"@type\":\"ListItem\",\"position\":3,\"name\":\"Etylenglykol 35 % &#8211; Master EWS35 (CAS 107-21-1)\"}]},{\"@type\":\"WebSite\",\"@id\":\"https:\/\/masterchem.fi\/sv\/#website\",\"url\":\"https:\/\/masterchem.fi\/sv\/\",\"name\":\"MasterChem | kemikaalien tuotanto ja myynti\",\"description\":\"kemikaalien tuotanto ja myynti\",\"potentialAction\":[{\"@type\":\"SearchAction\",\"target\":{\"@type\":\"EntryPoint\",\"urlTemplate\":\"https:\/\/masterchem.fi\/sv\/?s={search_term_string}\"},\"query-input\":{\"@type\":\"PropertyValueSpecification\",\"valueRequired\":true,\"valueName\":\"search_term_string\"}}],\"inLanguage\":\"sv-SE\"}]}<\/script>\n<!-- \/ Yoast SEO plugin. -->","yoast_head_json":{"title":"Etylenglykol 35 % - Master EWS35 (CAS 107-21-1) - MasterChem | kemikaalien tuotanto ja myynti","description":"Etylenglykol-35 (vattenhaltig glykoll\u00f6sning, Master EWS35) - \u00e4r en kombination av h\u00f6gkvalitativ etylenglykol och uppmjukat vatten i form av en hygroskopisk sirapsv\u00e4tska som b\u00f6rjar kristallisera vid -20 \u00b0C. Etablerat p\u00e5 den estniska marknaden.","robots":{"index":"index","follow":"follow","max-snippet":"max-snippet:-1","max-image-preview":"max-image-preview:large","max-video-preview":"max-video-preview:-1"},"canonical":"https:\/\/masterchem.fi\/sv\/produkt\/etylenglykol-35-master-ews35-cas-107-21-1\/","og_locale":"sv_SE","og_type":"article","og_title":"Etylenglykol 35 % - Master EWS35 (CAS 107-21-1) - MasterChem | kemikaalien tuotanto ja myynti","og_description":"Etylenglykol-35 (vattenhaltig glykoll\u00f6sning, Master EWS35) - \u00e4r en kombination av h\u00f6gkvalitativ etylenglykol och uppmjukat vatten i form av en hygroskopisk sirapsv\u00e4tska som b\u00f6rjar kristallisera vid -20 \u00b0C. Etablerat p\u00e5 den estniska marknaden.","og_url":"https:\/\/masterchem.fi\/sv\/produkt\/etylenglykol-35-master-ews35-cas-107-21-1\/","og_site_name":"MasterChem | kemikaalien tuotanto ja myynti","article_modified_time":"2022-04-26T10:42:27+00:00","og_image":[{"width":1000,"height":1000,"url":"https:\/\/masterchem.fi\/wp-content\/uploads\/2022\/04\/Etyleeniglykoli_35_Master_EWS35_CAS_107-21-1_1000l-MasterChem.jpg","type":"image\/jpeg"}],"twitter_card":"summary_large_image","twitter_misc":{"Ber\u00e4knad l\u00e4stid":"2 minuter"},"schema":{"@context":"https:\/\/schema.org","@graph":[{"@type":"WebPage","@id":"https:\/\/masterchem.fi\/sv\/produkt\/etylenglykol-35-master-ews35-cas-107-21-1\/","url":"https:\/\/masterchem.fi\/sv\/produkt\/etylenglykol-35-master-ews35-cas-107-21-1\/","name":"Etylenglykol 35 % - Master EWS35 (CAS 107-21-1) - MasterChem | kemikaalien tuotanto ja myynti","isPartOf":{"@id":"https:\/\/masterchem.fi\/sv\/#website"},"primaryImageOfPage":{"@id":"https:\/\/masterchem.fi\/sv\/produkt\/etylenglykol-35-master-ews35-cas-107-21-1\/#primaryimage"},"image":{"@id":"https:\/\/masterchem.fi\/sv\/produkt\/etylenglykol-35-master-ews35-cas-107-21-1\/#primaryimage"},"thumbnailUrl":"https:\/\/masterchem.fi\/wp-content\/uploads\/2022\/04\/Etyleeniglykoli_35_Master_EWS35_CAS_107-21-1_1000l-MasterChem.jpg","datePublished":"2022-04-26T10:01:36+00:00","dateModified":"2022-04-26T10:42:27+00:00","description":"Etylenglykol-35 (vattenhaltig glykoll\u00f6sning, Master EWS35) - \u00e4r en kombination av h\u00f6gkvalitativ etylenglykol och uppmjukat vatten i form av en hygroskopisk sirapsv\u00e4tska som b\u00f6rjar kristallisera vid -20 \u00b0C. Etablerat p\u00e5 den estniska marknaden.","breadcrumb":{"@id":"https:\/\/masterchem.fi\/sv\/produkt\/etylenglykol-35-master-ews35-cas-107-21-1\/#breadcrumb"},"inLanguage":"sv-SE","potentialAction":[{"@type":"ReadAction","target":["https:\/\/masterchem.fi\/sv\/produkt\/etylenglykol-35-master-ews35-cas-107-21-1\/"]}]},{"@type":"ImageObject","inLanguage":"sv-SE","@id":"https:\/\/masterchem.fi\/sv\/produkt\/etylenglykol-35-master-ews35-cas-107-21-1\/#primaryimage","url":"https:\/\/masterchem.fi\/wp-content\/uploads\/2022\/04\/Etyleeniglykoli_35_Master_EWS35_CAS_107-21-1_1000l-MasterChem.jpg","contentUrl":"https:\/\/masterchem.fi\/wp-content\/uploads\/2022\/04\/Etyleeniglykoli_35_Master_EWS35_CAS_107-21-1_1000l-MasterChem.jpg","width":1000,"height":1000,"caption":"Etylenglykol 40 % Master EWS-40 (CAS 107-21-1) 1000l MaterChem"},{"@type":"BreadcrumbList","@id":"https:\/\/masterchem.fi\/sv\/produkt\/etylenglykol-35-master-ews35-cas-107-21-1\/#breadcrumb","itemListElement":[{"@type":"ListItem","position":1,"name":"Home","item":"https:\/\/masterchem.fi\/sv\/"},{"@type":"ListItem","position":2,"name":"Butik","item":"https:\/\/masterchem.fi\/sv\/butik\/"},{"@type":"ListItem","position":3,"name":"Etylenglykol 35 % &#8211; Master EWS35 (CAS 107-21-1)"}]},{"@type":"WebSite","@id":"https:\/\/masterchem.fi\/sv\/#website","url":"https:\/\/masterchem.fi\/sv\/","name":"MasterChem | kemikaalien tuotanto ja myynti","description":"kemikaalien tuotanto ja myynti","potentialAction":[{"@type":"SearchAction","target":{"@type":"EntryPoint","urlTemplate":"https:\/\/masterchem.fi\/sv\/?s={search_term_string}"},"query-input":{"@type":"PropertyValueSpecification","valueRequired":true,"valueName":"search_term_string"}}],"inLanguage":"sv-SE"}]}},"_links":{"self":[{"href":"https:\/\/masterchem.fi\/sv\/wp-json\/wp\/v2\/product\/8162","targetHints":{"allow":["GET"]}}],"collection":[{"href":"https:\/\/masterchem.fi\/sv\/wp-json\/wp\/v2\/product"}],"about":[{"href":"https:\/\/masterchem.fi\/sv\/wp-json\/wp\/v2\/types\/product"}],"wp:featuredmedia":[{"embeddable":true,"href":"https:\/\/masterchem.fi\/sv\/wp-json\/wp\/v2\/media\/8186"}],"wp:attachment":[{"href":"https:\/\/masterchem.fi\/sv\/wp-json\/wp\/v2\/media?parent=8162"}],"wp:term":[{"taxonomy":"product_brand","embeddable":true,"href":"https:\/\/masterchem.fi\/sv\/wp-json\/wp\/v2\/product_brand?post=8162"},{"taxonomy":"product_cat","embeddable":true,"href":"https:\/\/masterchem.fi\/sv\/wp-json\/wp\/v2\/product_cat?post=8162"},{"taxonomy":"product_tag","embeddable":true,"href":"https:\/\/masterchem.fi\/sv\/wp-json\/wp\/v2\/product_tag?post=8162"}],"curies":[{"name":"wp","href":"https:\/\/api.w.org\/{rel}","templated":true}]}}