{"id":8205,"date":"2022-04-26T13:46:45","date_gmt":"2022-04-26T10:46:45","guid":{"rendered":"https:\/\/masterchem.fi\/?post_type=product&#038;p=8205"},"modified":"2022-04-26T14:42:49","modified_gmt":"2022-04-26T11:42:49","slug":"etylenglykol-40-master-ews-40-cas-107-21-1","status":"publish","type":"product","link":"https:\/\/masterchem.fi\/sv\/produkt\/etylenglykol-40-master-ews-40-cas-107-21-1\/","title":{"rendered":"Etylenglykol 40 % Master EWS-40 (CAS 107-21-1)"},"content":{"rendered":"<p> <strong> Den h\u00e4r produkten \u00e4r den mest eftertraktade p\u00e5 den estniska marknaden. <\/strong> <br \/>\nN\u00e4r den b\u00f6rjar frysa och kristallisera f\u00e5r f\u00f6reningen en gel\u00e9liknande sammans\u00e4ttning och v\u00e4xer endast n\u00e5got i volym. Tack vare dessa egenskaper b\u00f6rjade det anv\u00e4ndas som kylv\u00e4tska i v\u00e4rmesystem eftersom reagenset, till skillnad fr\u00e5n vatten och andra liknande v\u00e4tskor, inte skadar kylare och r\u00f6r \u00e4ven om temperaturen sjunker under fryspunkten. <\/p>\n<p> Materialet har ingen aggressiv effekt p\u00e5 produkter gjorda av textil, plast, gummi, metall, men dess anv\u00e4ndning i galvaniserade r\u00f6rsystem rekommenderas inte p\u00e5 grund av sannolikheten f\u00f6r flagning. AGR ska inte heller blandas med l\u00f6sningar av andra baser.<\/p>\n<p> <strong> Omfattning <\/strong> <br \/>\n40% etylenglykoll\u00f6sningen, som \u00e4r \u00f6verkomlig i v\u00e5rt f\u00f6retag, anv\u00e4nds som v\u00e4rme\u00f6verf\u00f6ringsmedium (frostskyddsmedel och frostskyddsmedel) i temperaturomr\u00e5det -25 \u00b0 C till 100 \u00b0 C i centrala luftkonditioneringssystem och autonoma v\u00e4rmekretsar, iskylning system i palats och andra sportanl\u00e4ggningar, i industriella luftkonditioneringssystem, etc. <\/p>\n<p> Materialet rekommenderas f\u00f6r inomhusbruk som anv\u00e4nds \u00e5ret runt utan vinterf\u00f6rvaring. Du kan k\u00f6pa den med eller utan korrosionsinhibitorer och f\u00e4rg\u00e4mnen till ett \u00f6verkomligt pris hos Masterchem. Vi har \u00f6ver 20 \u00e5rs erfarenhet av vattenhaltiga glykoll\u00f6sningar <br \/>\nVi hj\u00e4lper dig alltid att ber\u00e4kna volymen av l\u00f6sningen du beh\u00f6ver baserat p\u00e5 r\u00f6rets diameter och l\u00e4ngd. <\/p>\n<p> <strong> S\u00e4kerhet <\/strong> <br \/>\nReagenset \u00e4r icke brandfarligt, flamskyddande och explosivt. Den \u00e4r endast avsedd f\u00f6r tekniskt bruk, s\u00e5 dess tillg\u00e5ng till dricksvatten och mat \u00e4r inte till\u00e5ten f\u00f6r att undvika f\u00f6rgiftning. <\/p>\n<p> Vid kortvarig kontakt med kl\u00e4der och utsatta kroppsdelar tv\u00e4ttas AGR l\u00e4tt med vatten och l\u00e4mnar inga br\u00e4nnskador eller irritationer. Enligt dess effekt p\u00e5 m\u00e4nniskokroppen tillh\u00f6r den kategorin m\u00e5ttligt farliga \u00e4mnen. Det rekommenderas att du b\u00e4r speciella kl\u00e4der, skor, handskar, plastglas\u00f6gon och andningsskydd n\u00e4r du arbetar med det. <\/p>\n<p> <strong> F\u00f6rvarings- och leveransvillkor <\/strong> <br \/>\n40 % etylenglykol, som \u00e4r l\u00e5gt i v\u00e5rt land, ska f\u00f6rvaras i en luftt\u00e4t beh\u00e5llare i ett torrt, ouppv\u00e4rmt f\u00f6rr\u00e5d, skyddat fr\u00e5n direkt solljus, borta fr\u00e5n mat. H\u00e5llbarhet &#8211; 5 \u00e5r fr\u00e5n tillverkningsdatum.<\/p>\n<p> Anslutningen kan b\u00e4ras av vilket som helst t\u00e4ckt fordon i enlighet med g\u00e4llande regler och f\u00f6reskrifter f\u00f6r godstransport f\u00f6r denna typ av transport. <\/p>\n<p> Om du \u00e4r intresserad av att k\u00f6pa Master EWS-40 Professional klickar du bara p\u00e5 den bl\u00e5 &#8220;fr\u00e5ga om pris&#8221;-knappen bredvid produktantal och anger n\u00f6dv\u00e4ndig information i f\u00f6nstret som \u00f6ppnas. <br \/>\nV\u00e5r personal kommer att kontakta dig under kontorstid f\u00f6r att f\u00e5 information om ditt k\u00f6p. <\/p>\n<\/p>\n<h3> Volymber\u00e4kning av v\u00e4rmesystem <\/h3>\n<div class=\"heating_system_capacity\">\n<table>\n<tr>\n<th><label for=\"vid_radiatorov\">V\u00e4lj typ av radiator<\/label><\/th>\n<td><select id=\"vid_radiatorov\" name=\"vid_radiatorov\" size=\"1\"><option selected=\"selected\" value=\"3\">Antagande<\/option><option value=\"2.4\">Tv\u00e4rsnitt i aluminium &nbsp;&nbsp;&nbsp;&nbsp;&nbsp;&nbsp;<\/option><option value=\"3\">St\u00e5lpanel<\/option><\/select><\/td>\n<\/tr>\n<tr>\n<th><label for=\"moshnost_radiatorov\">Total batterikraft<\/label><\/th>\n<td><input id=\"moshnost_radiatorov\" name=\"moshnost_radiatorov\" onchange=\"return proverka_fin(this);\" size=\"6\" type=\"text\"> &nbsp;&nbsp;kW<\/td>\n<\/tr>\n<tr>\n<th><label for=\"objom_kotelnoy\">Volym i pannrummet, samlare, kontakter<\/label><\/th>\n<td><input id=\"objom_kotelnoy\" name=\"objom_kotelnoy\" onchange=\"return proverka_fin(this);\" size=\"6\" type=\"text\" value=\"0\"> &nbsp;&nbsp; liter<\/td>\n<\/tr>\n<tr>\n<th><label for=\"objom_rash_bak\">Expansionstank full volym<\/label><\/th>\n<td><input id=\"objom_rash_bak\" name=\"objom_rash_bak\" onchange=\"return proverka_fin(this);\" size=\"6\" type=\"text\" value=\"0\"> &nbsp;&nbsp; liter (ber\u00e4knad fyllning 25%)<\/td>\n<\/tr>\n<\/table>\n<table>\n<tbody>\n<tr>\n<th> R\u00f6rdiameter, mm <\/th>\n<th> R\u00f6rl\u00e4ngd, m <\/th>\n<\/tr>\n<tr>\n<td>16\u04452.0<\/td>\n<td><input id=\"d16x20\" name=\"d16x20\" onchange=\"return proverka_fin(this);\" size=\"6\" type=\"text\"><\/td>\n<\/tr>\n<tr>\n<td>20\u04452.0<\/td>\n<td><input id=\"d20x20\" name=\"d20x20\" onchange=\"return proverka_fin(this);\" size=\"6\" type=\"text\"><\/td>\n<\/tr>\n<tr>\n<td>26\u04453.0<\/td>\n<td><input id=\"d26x30\" name=\"d26x30\" onchange=\"return proverka_fin(this);\" size=\"6\" type=\"text\"><\/td>\n<\/tr>\n<tr>\n<td>32\u04453.0<\/td>\n<td><input id=\"d32x30\" name=\"d32x30\" onchange=\"return proverka_fin(this);\" size=\"6\" type=\"text\"><\/td>\n<\/tr>\n<tr>\n<td>20\u04453.4<\/td>\n<td><input id=\"d20x34\" name=\"d20x34\" onchange=\"return proverka_fin(this);\" size=\"6\" type=\"text\"><\/td>\n<\/tr>\n<tr>\n<td>25\u04454.2<\/td>\n<td><input id=\"d25x42\" name=\"d25x42\" onchange=\"return proverka_fin(this);\" size=\"6\" type=\"text\"><\/td>\n<\/tr>\n<tr>\n<td>32\u04455.4<\/td>\n<td><input id=\"d32x54\" name=\"d32x54\" onchange=\"return proverka_fin(this);\" size=\"6\" type=\"text\"><\/td>\n<\/tr>\n<tr>\n<td>40\u04456.7<\/td>\n<td><input id=\"d40x67\" name=\"d16\" onchange=\"return proverka_fin(this);\" size=\"6\" type=\"text\"><\/td>\n<\/tr>\n<\/tbody>\n<\/table>\n<p><button onclick=\"objom_sistemi()\">Ber\u00e4kna<\/button><\/p>\n<div id=\"heating_calculation_report\" style=\"display:none\">\n<p>Radiatorer: <span id=\"heating_calculation_report_radiators\"><\/span> liter<\/p>\n<p>Panna, samlare, tillbeh\u00f6r: <span id=\"heating_calculation_report_boiler_collectors\"><\/span> liter<\/p>\n<p>Expansionsk\u00e4rl: <span id=\"heating_calculation_report_expansion_tank\"><\/span> liter<\/p>\n<p>R\u00f6r: <span id=\"heating_calculation_report_pipes\"><\/span> liter<\/p>\n<p><strong>Belopp: <span id=\"heating_calculation_report_total\"><\/span> liter<\/strong><\/p>\n<\/div>\n<\/div>\n","protected":false},"excerpt":{"rendered":"<p> 40 % etylenglykol (Master EWS-40, vattenhaltig glykoll\u00f6sning) \u00e4r en blandning av h\u00f6gkvalitativ etylenglykol och destillerat vatten i form av en oljig hygroskopisk v\u00e4tska med en kristallisationstemperatur p\u00e5 -25 \u00b0 C. <\/p>\n<p> CAS: 107-21-1 <\/p>\n<ul>\n<li> <a href=\"\/en\/product\/etylenglykol-35-master-ews35\/\"> Etylenglykol 35 % <\/a> <\/li>\n<li> <b> Etylenglykol 40 % <\/b> <\/li>\n<li> <a href=\"\/en\/product\/afrost-36-c-green\/\"> Etylenglykol 50 % <\/a> <\/li>\n<li> <a href=\"\/en\/product\/etylenglykol\/\"> 100 % etylenglykol <\/a> <\/li>\n<\/ul>\n","protected":false},"featured_media":8186,"template":"","meta":[],"product_brand":[],"product_cat":[103,104,105,112,116],"product_tag":[],"class_list":{"0":"post-8205","1":"product","2":"type-product","3":"status-publish","4":"has-post-thumbnail","6":"product_cat-frostskydd","7":"product_cat-bil-och-maskinkemikalier","8":"product_cat-hushallskemikalier-sv","9":"product_cat-byggbranschen","10":"product_cat-alla-produkter","12":"first","13":"instock","14":"taxable","15":"shipping-taxable","16":"purchasable","17":"product-type-variable","18":"has-default-attributes","19":"rtwpvg-product"},"yoast_head":"<!-- This site is optimized with the Yoast SEO plugin v27.5 - https:\/\/yoast.com\/product\/yoast-seo-wordpress\/ -->\n<title>Etylenglykol 40 % Master EWS-40 (CAS 107-21-1) - MasterChem | kemikaalien tuotanto ja myynti<\/title>\n<meta name=\"description\" content=\"40 % etylenglykol (Master EWS-40, vattenhaltig glykoll\u00f6sning) \u00e4r en blandning av h\u00f6gkvalitativ etylenglykol och destillerat vatten i form av en oljig hygroskopisk v\u00e4tska med en kristallisationstemperatur p\u00e5 -25 \u00b0 C.\" \/>\n<meta name=\"robots\" content=\"index, follow, max-snippet:-1, max-image-preview:large, max-video-preview:-1\" \/>\n<link rel=\"canonical\" href=\"https:\/\/masterchem.fi\/sv\/produkt\/etylenglykol-40-master-ews-40-cas-107-21-1\/\" \/>\n<meta property=\"og:locale\" content=\"sv_SE\" \/>\n<meta property=\"og:type\" content=\"article\" \/>\n<meta property=\"og:title\" content=\"Etylenglykol 40 % Master EWS-40 (CAS 107-21-1) - MasterChem | kemikaalien tuotanto ja myynti\" \/>\n<meta property=\"og:description\" content=\"40 % etylenglykol (Master EWS-40, vattenhaltig glykoll\u00f6sning) \u00e4r en blandning av h\u00f6gkvalitativ etylenglykol och destillerat vatten i form av en oljig hygroskopisk v\u00e4tska med en kristallisationstemperatur p\u00e5 -25 \u00b0 C.\" \/>\n<meta property=\"og:url\" content=\"https:\/\/masterchem.fi\/sv\/produkt\/etylenglykol-40-master-ews-40-cas-107-21-1\/\" \/>\n<meta property=\"og:site_name\" content=\"MasterChem | kemikaalien tuotanto ja myynti\" \/>\n<meta property=\"article:modified_time\" content=\"2022-04-26T11:42:49+00:00\" \/>\n<meta property=\"og:image\" content=\"https:\/\/masterchem.fi\/wp-content\/uploads\/2022\/04\/Etyleeniglykoli_35_Master_EWS35_CAS_107-21-1_1000l-MasterChem.jpg\" \/>\n\t<meta property=\"og:image:width\" content=\"1000\" \/>\n\t<meta property=\"og:image:height\" content=\"1000\" \/>\n\t<meta property=\"og:image:type\" content=\"image\/jpeg\" \/>\n<meta name=\"twitter:card\" content=\"summary_large_image\" \/>\n<meta name=\"twitter:label1\" content=\"Ber\u00e4knad l\u00e4stid\" \/>\n\t<meta name=\"twitter:data1\" content=\"3 minuter\" \/>\n<script type=\"application\/ld+json\" class=\"yoast-schema-graph\">{\"@context\":\"https:\\\/\\\/schema.org\",\"@graph\":[{\"@type\":\"WebPage\",\"@id\":\"https:\\\/\\\/masterchem.fi\\\/sv\\\/produkt\\\/etylenglykol-40-master-ews-40-cas-107-21-1\\\/\",\"url\":\"https:\\\/\\\/masterchem.fi\\\/sv\\\/produkt\\\/etylenglykol-40-master-ews-40-cas-107-21-1\\\/\",\"name\":\"Etylenglykol 40 % Master EWS-40 (CAS 107-21-1) - MasterChem | kemikaalien tuotanto ja myynti\",\"isPartOf\":{\"@id\":\"https:\\\/\\\/masterchem.fi\\\/sv\\\/#website\"},\"primaryImageOfPage\":{\"@id\":\"https:\\\/\\\/masterchem.fi\\\/sv\\\/produkt\\\/etylenglykol-40-master-ews-40-cas-107-21-1\\\/#primaryimage\"},\"image\":{\"@id\":\"https:\\\/\\\/masterchem.fi\\\/sv\\\/produkt\\\/etylenglykol-40-master-ews-40-cas-107-21-1\\\/#primaryimage\"},\"thumbnailUrl\":\"https:\\\/\\\/masterchem.fi\\\/wp-content\\\/uploads\\\/2022\\\/04\\\/Etyleeniglykoli_35_Master_EWS35_CAS_107-21-1_1000l-MasterChem.jpg\",\"datePublished\":\"2022-04-26T10:46:45+00:00\",\"dateModified\":\"2022-04-26T11:42:49+00:00\",\"description\":\"40 % etylenglykol (Master EWS-40, vattenhaltig glykoll\u00f6sning) \u00e4r en blandning av h\u00f6gkvalitativ etylenglykol och destillerat vatten i form av en oljig hygroskopisk v\u00e4tska med en kristallisationstemperatur p\u00e5 -25 \u00b0 C.\",\"breadcrumb\":{\"@id\":\"https:\\\/\\\/masterchem.fi\\\/sv\\\/produkt\\\/etylenglykol-40-master-ews-40-cas-107-21-1\\\/#breadcrumb\"},\"inLanguage\":\"sv-SE\",\"potentialAction\":[{\"@type\":\"ReadAction\",\"target\":[\"https:\\\/\\\/masterchem.fi\\\/sv\\\/produkt\\\/etylenglykol-40-master-ews-40-cas-107-21-1\\\/\"]}]},{\"@type\":\"ImageObject\",\"inLanguage\":\"sv-SE\",\"@id\":\"https:\\\/\\\/masterchem.fi\\\/sv\\\/produkt\\\/etylenglykol-40-master-ews-40-cas-107-21-1\\\/#primaryimage\",\"url\":\"https:\\\/\\\/masterchem.fi\\\/wp-content\\\/uploads\\\/2022\\\/04\\\/Etyleeniglykoli_35_Master_EWS35_CAS_107-21-1_1000l-MasterChem.jpg\",\"contentUrl\":\"https:\\\/\\\/masterchem.fi\\\/wp-content\\\/uploads\\\/2022\\\/04\\\/Etyleeniglykoli_35_Master_EWS35_CAS_107-21-1_1000l-MasterChem.jpg\",\"width\":1000,\"height\":1000,\"caption\":\"Etylenglykol 40 % Master EWS-40 (CAS 107-21-1) 1000l MaterChem\"},{\"@type\":\"BreadcrumbList\",\"@id\":\"https:\\\/\\\/masterchem.fi\\\/sv\\\/produkt\\\/etylenglykol-40-master-ews-40-cas-107-21-1\\\/#breadcrumb\",\"itemListElement\":[{\"@type\":\"ListItem\",\"position\":1,\"name\":\"Home\",\"item\":\"https:\\\/\\\/masterchem.fi\\\/sv\\\/\"},{\"@type\":\"ListItem\",\"position\":2,\"name\":\"Butik\",\"item\":\"https:\\\/\\\/masterchem.fi\\\/sv\\\/butik\\\/\"},{\"@type\":\"ListItem\",\"position\":3,\"name\":\"Etylenglykol 40 % Master EWS-40 (CAS 107-21-1)\"}]},{\"@type\":\"WebSite\",\"@id\":\"https:\\\/\\\/masterchem.fi\\\/sv\\\/#website\",\"url\":\"https:\\\/\\\/masterchem.fi\\\/sv\\\/\",\"name\":\"MasterChem | kemikaalien tuotanto ja myynti\",\"description\":\"kemikaalien tuotanto ja myynti\",\"potentialAction\":[{\"@type\":\"SearchAction\",\"target\":{\"@type\":\"EntryPoint\",\"urlTemplate\":\"https:\\\/\\\/masterchem.fi\\\/sv\\\/?s={search_term_string}\"},\"query-input\":{\"@type\":\"PropertyValueSpecification\",\"valueRequired\":true,\"valueName\":\"search_term_string\"}}],\"inLanguage\":\"sv-SE\"}]}<\/script>\n<!-- \/ Yoast SEO plugin. -->","yoast_head_json":{"title":"Etylenglykol 40 % Master EWS-40 (CAS 107-21-1) - MasterChem | kemikaalien tuotanto ja myynti","description":"40 % etylenglykol (Master EWS-40, vattenhaltig glykoll\u00f6sning) \u00e4r en blandning av h\u00f6gkvalitativ etylenglykol och destillerat vatten i form av en oljig hygroskopisk v\u00e4tska med en kristallisationstemperatur p\u00e5 -25 \u00b0 C.","robots":{"index":"index","follow":"follow","max-snippet":"max-snippet:-1","max-image-preview":"max-image-preview:large","max-video-preview":"max-video-preview:-1"},"canonical":"https:\/\/masterchem.fi\/sv\/produkt\/etylenglykol-40-master-ews-40-cas-107-21-1\/","og_locale":"sv_SE","og_type":"article","og_title":"Etylenglykol 40 % Master EWS-40 (CAS 107-21-1) - MasterChem | kemikaalien tuotanto ja myynti","og_description":"40 % etylenglykol (Master EWS-40, vattenhaltig glykoll\u00f6sning) \u00e4r en blandning av h\u00f6gkvalitativ etylenglykol och destillerat vatten i form av en oljig hygroskopisk v\u00e4tska med en kristallisationstemperatur p\u00e5 -25 \u00b0 C.","og_url":"https:\/\/masterchem.fi\/sv\/produkt\/etylenglykol-40-master-ews-40-cas-107-21-1\/","og_site_name":"MasterChem | kemikaalien tuotanto ja myynti","article_modified_time":"2022-04-26T11:42:49+00:00","og_image":[{"width":1000,"height":1000,"url":"https:\/\/masterchem.fi\/wp-content\/uploads\/2022\/04\/Etyleeniglykoli_35_Master_EWS35_CAS_107-21-1_1000l-MasterChem.jpg","type":"image\/jpeg"}],"twitter_card":"summary_large_image","twitter_misc":{"Ber\u00e4knad l\u00e4stid":"3 minuter"},"schema":{"@context":"https:\/\/schema.org","@graph":[{"@type":"WebPage","@id":"https:\/\/masterchem.fi\/sv\/produkt\/etylenglykol-40-master-ews-40-cas-107-21-1\/","url":"https:\/\/masterchem.fi\/sv\/produkt\/etylenglykol-40-master-ews-40-cas-107-21-1\/","name":"Etylenglykol 40 % Master EWS-40 (CAS 107-21-1) - MasterChem | kemikaalien tuotanto ja myynti","isPartOf":{"@id":"https:\/\/masterchem.fi\/sv\/#website"},"primaryImageOfPage":{"@id":"https:\/\/masterchem.fi\/sv\/produkt\/etylenglykol-40-master-ews-40-cas-107-21-1\/#primaryimage"},"image":{"@id":"https:\/\/masterchem.fi\/sv\/produkt\/etylenglykol-40-master-ews-40-cas-107-21-1\/#primaryimage"},"thumbnailUrl":"https:\/\/masterchem.fi\/wp-content\/uploads\/2022\/04\/Etyleeniglykoli_35_Master_EWS35_CAS_107-21-1_1000l-MasterChem.jpg","datePublished":"2022-04-26T10:46:45+00:00","dateModified":"2022-04-26T11:42:49+00:00","description":"40 % etylenglykol (Master EWS-40, vattenhaltig glykoll\u00f6sning) \u00e4r en blandning av h\u00f6gkvalitativ etylenglykol och destillerat vatten i form av en oljig hygroskopisk v\u00e4tska med en kristallisationstemperatur p\u00e5 -25 \u00b0 C.","breadcrumb":{"@id":"https:\/\/masterchem.fi\/sv\/produkt\/etylenglykol-40-master-ews-40-cas-107-21-1\/#breadcrumb"},"inLanguage":"sv-SE","potentialAction":[{"@type":"ReadAction","target":["https:\/\/masterchem.fi\/sv\/produkt\/etylenglykol-40-master-ews-40-cas-107-21-1\/"]}]},{"@type":"ImageObject","inLanguage":"sv-SE","@id":"https:\/\/masterchem.fi\/sv\/produkt\/etylenglykol-40-master-ews-40-cas-107-21-1\/#primaryimage","url":"https:\/\/masterchem.fi\/wp-content\/uploads\/2022\/04\/Etyleeniglykoli_35_Master_EWS35_CAS_107-21-1_1000l-MasterChem.jpg","contentUrl":"https:\/\/masterchem.fi\/wp-content\/uploads\/2022\/04\/Etyleeniglykoli_35_Master_EWS35_CAS_107-21-1_1000l-MasterChem.jpg","width":1000,"height":1000,"caption":"Etylenglykol 40 % Master EWS-40 (CAS 107-21-1) 1000l MaterChem"},{"@type":"BreadcrumbList","@id":"https:\/\/masterchem.fi\/sv\/produkt\/etylenglykol-40-master-ews-40-cas-107-21-1\/#breadcrumb","itemListElement":[{"@type":"ListItem","position":1,"name":"Home","item":"https:\/\/masterchem.fi\/sv\/"},{"@type":"ListItem","position":2,"name":"Butik","item":"https:\/\/masterchem.fi\/sv\/butik\/"},{"@type":"ListItem","position":3,"name":"Etylenglykol 40 % Master EWS-40 (CAS 107-21-1)"}]},{"@type":"WebSite","@id":"https:\/\/masterchem.fi\/sv\/#website","url":"https:\/\/masterchem.fi\/sv\/","name":"MasterChem | kemikaalien tuotanto ja myynti","description":"kemikaalien tuotanto ja myynti","potentialAction":[{"@type":"SearchAction","target":{"@type":"EntryPoint","urlTemplate":"https:\/\/masterchem.fi\/sv\/?s={search_term_string}"},"query-input":{"@type":"PropertyValueSpecification","valueRequired":true,"valueName":"search_term_string"}}],"inLanguage":"sv-SE"}]}},"_links":{"self":[{"href":"https:\/\/masterchem.fi\/sv\/wp-json\/wp\/v2\/product\/8205","targetHints":{"allow":["GET"]}}],"collection":[{"href":"https:\/\/masterchem.fi\/sv\/wp-json\/wp\/v2\/product"}],"about":[{"href":"https:\/\/masterchem.fi\/sv\/wp-json\/wp\/v2\/types\/product"}],"wp:featuredmedia":[{"embeddable":true,"href":"https:\/\/masterchem.fi\/sv\/wp-json\/wp\/v2\/media\/8186"}],"wp:attachment":[{"href":"https:\/\/masterchem.fi\/sv\/wp-json\/wp\/v2\/media?parent=8205"}],"wp:term":[{"taxonomy":"product_brand","embeddable":true,"href":"https:\/\/masterchem.fi\/sv\/wp-json\/wp\/v2\/product_brand?post=8205"},{"taxonomy":"product_cat","embeddable":true,"href":"https:\/\/masterchem.fi\/sv\/wp-json\/wp\/v2\/product_cat?post=8205"},{"taxonomy":"product_tag","embeddable":true,"href":"https:\/\/masterchem.fi\/sv\/wp-json\/wp\/v2\/product_tag?post=8205"}],"curies":[{"name":"wp","href":"https:\/\/api.w.org\/{rel}","templated":true}]}}