{"id":8232,"date":"2022-04-28T08:46:13","date_gmt":"2022-04-28T05:46:14","guid":{"rendered":"https:\/\/masterchem.fi\/?post_type=product&#038;p=8232"},"modified":"2024-11-20T21:35:30","modified_gmt":"2024-11-20T18:35:30","slug":"salpetersyra-56-58-cas-7697-37-2","status":"publish","type":"product","link":"https:\/\/masterchem.fi\/sv\/produkt\/salpetersyra-56-58-cas-7697-37-2\/","title":{"rendered":"Salpetersyra 56-58 % (CAS 7697-37-2)"},"content":{"rendered":"<p> <strong> Fysikaliska och kemiska egenskaper <\/strong> <\/p>\n<p> Kommersiellt tillg\u00e4nglig salpetersyra \u00e4r en azeotrop med 68 % vatten i HNO3. Kokpunkten f\u00f6r denna l\u00f6sning \u00e4r 120,5 \u00b0 C vid 1 atm. Det \u00e4r k\u00e4nt som &#8220;koncentrerad salpetersyra&#8221;. Ren koncentrerad salpetersyra \u00e4r en f\u00e4rgl\u00f6s v\u00e4tska vid rumstemperatur.<\/p>\n<p> Tv\u00e5 fasta hydrater \u00e4r k\u00e4nda: monohydrat (HNO3 \u00b7 H2O eller [H3O] NO3) och trihydrat (HNO3 \u00b7 3H2O). <\/p>\n<p> En \u00e4ldre densitetsskala observeras ibland med koncentrerad salpetersyra, definierad som 42\u00b0 Baum\u00e9. <\/p>\n<p> <strong> Anv\u00e4nd som oxidationsmedel <\/strong> <br \/>\nNylonprekursorn, adipinsyra, framst\u00e4lls i stor skala genom att oxidera &#8220;KA-olja&#8221; &#8211; en blandning av cyklohexanon och cyklohexanol &#8211; med salpetersyra.<\/p>\n<p> <strong> Metallbearbetning <\/strong> <br \/>\nSalpetersyra kan anv\u00e4ndas f\u00f6r att omvandla metaller till oxiderade former, s\u00e5som kopparmetall till kopparnitrat. Den kan ocks\u00e5 anv\u00e4ndas i kombination med saltsyra som en vattenhaltig region f\u00f6r att l\u00f6sa upp \u00e4delmetaller som guld (saltsyra). Dessa salter kan anv\u00e4ndas f\u00f6r att rena guld och andra metaller \u00f6ver 99,9 % renhet genom omkristallisationsmetoder och selektiv utf\u00e4llning. <\/p>\n<p> <strong> Analytiskt reagens <\/strong> <br \/>\nI elementaranalysen av ICP-MS, ICP-AES, GFAA och Flame AA anv\u00e4nds utsp\u00e4dd salpetersyra (0,5 till 5,0%) som matrisf\u00f6rening f\u00f6r att best\u00e4mma uppl\u00f6sningen av metallrester. Sp\u00e5rsyra med h\u00f6g renhet kr\u00e4vs f\u00f6r en s\u00e5dan best\u00e4mning, eftersom sm\u00e5 m\u00e4ngder metalljoner kan p\u00e5verka resultatet av analysen. <\/p>\n<p> Det anv\u00e4nds ocks\u00e5 vanligtvis i klyvningsprocessen av grumliga vattenprover, slamprover, fasta prover och andra typer av unika prover som kr\u00e4ver elementaranalys av ICP-MS, ICP-OES, ICP-AES, GFAA och flame atomabsorptionsspektroskopi. . Vanligtvis anv\u00e4nder dessa klyvningar en 50 % l\u00f6sning av k\u00f6pt HNO <br \/>\n3 blandade med typ 1 DI-vatten. <\/p>\n<p> Inom elektrokemi anv\u00e4nds salpetersyra som ett kemiskt dopmedel i organiska halvledare och i processer f\u00f6r reng\u00f6ring av r\u00e5a nanor\u00f6r av kol. <\/p>\n<p> <strong> Tr\u00e4bearbetning <\/strong> <br \/>\nI l\u00e5ga koncentrationer (ca 10%) anv\u00e4nds salpetersyra ofta f\u00f6r artificiell \u00e5ldring av tall och l\u00f6nn. F\u00e4rgen som produceras \u00e4r gr\u00e5guld, precis som mycket gammalt tr\u00e4 vaxat eller vaxat med olja (tr\u00e4finish). <\/p>\n<p> <strong> Etsning och reng\u00f6ringsmedel <\/strong> <br \/>\nDe fr\u00e4tande effekterna av salpetersyra utnyttjas i vissa speciella applikationer, s\u00e5som etsning i ett tryckeri, betning av rostfritt st\u00e5l eller reng\u00f6ring av kiselwafers i elektronik. <\/p>\n<p>Nitall\u00f6sning av salpetersyra, vatten och alkohol anv\u00e4nds f\u00f6r att etsa metaller f\u00f6r att avsl\u00f6ja mikrostruktur. ISO 14104 \u00e4r en av standarderna som beskriver denna k\u00e4nda procedur. <\/p>\n<p>Salpetersyra anv\u00e4nds antingen i kombination med saltsyra eller ensamt f\u00f6r att reng\u00f6ra glast\u00e4ckglas och glas f\u00f6r avancerade mikroskopapplikationer. Det anv\u00e4nds ocks\u00e5 f\u00f6r att reng\u00f6ra glas innan man tillverkar silverspeglar. <\/p>\n<p> Kommersiellt tillg\u00e4ngliga vattenhaltiga blandningar som inneh\u00e5ller 5 till 30 % salpetersyra och 15 till 40 % fosforsyra anv\u00e4nds vanligtvis f\u00f6r att reng\u00f6ra livsmedels- och mejeriutrustning, fr\u00e4mst f\u00f6r att avl\u00e4gsna utf\u00e4llda kalcium- och magnesiumf\u00f6reningar (antingen avsatt fr\u00e5n processstr\u00f6mmen eller fr\u00e5n anv\u00e4ndning av h\u00e5rt vatten) under produktion och rening. ). Fosforsyra hj\u00e4lper till att passivera j\u00e4rnlegeringar mot korrosion av utsp\u00e4dd salpetersyra. <br \/>\nSalpetersyra kan anv\u00e4ndas som ett fl\u00e4cktest f\u00f6r alkaloider som till exempel LSD, som ger olika f\u00e4rger beroende p\u00e5 alkaloid. <\/p>\n<p> <strong> S\u00e4kerhet <\/strong> <br \/>\nSalpetersyra \u00e4r en fr\u00e4tande syra och en stark oxidant. Den st\u00f6rsta faran den utg\u00f6r \u00e4r kemiska br\u00e4nnskador eftersom den utf\u00f6r hydrolys av syror med proteiner (amid) och fetter (ester), som bryter ner levande v\u00e4vnad (t.ex. hud och k\u00f6tt). Koncentrerad salpetersyra f\u00e4rgar m\u00e4nniskans hud gul eftersom den reagerar med keratin. Dessa gula fl\u00e4ckar blir orange n\u00e4r de neutraliserar. Systemiska effekter \u00e4r dock osannolika och \u00e4mnet anses inte vara cancerframkallande eller mutagen. <\/p>\n<p> Den normala f\u00f6rsta hj\u00e4lpen-behandlingen f\u00f6r syral\u00e4ckage till huden, liksom andra fr\u00e4tande \u00e4mnen, \u00e4r vattning med stora m\u00e4ngder vatten. Tv\u00e4ttningen forts\u00e4tter i minst 10 till 15 minuter f\u00f6r att kyla v\u00e4vnaden som omger den sura elden och f\u00f6rhindra sekund\u00e4r skada. F\u00f6rorenade kl\u00e4der ska tas av omedelbart och huden ska tv\u00e4ttas noggrant. <\/p>\n<p> Eftersom salpetersyra \u00e4r en stark oxidant kan den reagera v\u00e5ldsamt och hypergoliskt (dvs spontant) med f\u00f6reningar som cyanider, karbider eller metallpulver p\u00e5 ett explosivt s\u00e4tt och med m\u00e5nga organiska f\u00f6reningar som terpentin. D\u00e4rf\u00f6r b\u00f6r den f\u00f6rvaras \u00e5tskilt fr\u00e5n alkaliska och organiska \u00e4mnen.<\/p>\n","protected":false},"excerpt":{"rendered":"<p> Den rena f\u00f6reningen \u00e4r f\u00e4rgl\u00f6s, men \u00e4ldre prover tenderar att f\u00e5 en gul f\u00e4rg p\u00e5 grund av nedbrytning till oxider av kv\u00e4ve och vatten. De flesta kommersiellt tillg\u00e4ngliga salpetersyror har en vattenhalt p\u00e5 68 %. N\u00e4r l\u00f6sningen inneh\u00e5ller mer \u00e4n 86 % HNO3 kallas det rykande salpetersyra. Beroende p\u00e5 m\u00e4ngden n\u00e4rvarande kv\u00e4vedioxid k\u00e4nnetecknas rykande salpetersyra ocks\u00e5 av r\u00f6d rykande salpetersyra vid koncentrationer \u00f6ver 86 % eller vit rykande salpetersyra vid koncentrationer \u00f6ver 95 %. <\/p>\n<p>Salpetersyra \u00e4r det prim\u00e4ra reagenset som anv\u00e4nds f\u00f6r nitrering &#8211; tillsats av en nitrogrupp, vanligtvis till en organisk molekyl. Medan vissa av de resulterande nitrof\u00f6reningarna \u00e4r slag- och v\u00e4rmek\u00e4nsliga spr\u00e4ng\u00e4mnen, \u00e4r vissa tillr\u00e4ckligt stabila f\u00f6r anv\u00e4ndning i ammunition och rivning, medan andra fortfarande \u00e4r mer stabila och anv\u00e4nds som pigment i bl\u00e4ck och f\u00e4rg\u00e4mnen. Salpetersyra anv\u00e4nds ocks\u00e5 ofta som en stark oxidant.<\/p>\n<p> CAS: 7697-37-2 <\/p>\n<p><a class=\"download-doc-button-danger\" href=\"https:\/\/masterchem.ee\/wp-content\/uploads\/2024\/11\/Nouded-kliendiandmetele-lohkeainete-ostmisel-ee.docx\"><img decoding=\"async\" src=\"https:\/\/masterchem.ee\/wp-content\/uploads\/2024\/11\/doc-icon.png\">N\u00f5uded kliendiandmetele l\u00f5hkeainete ostmisel (doc)<\/a><\/p>\n<p><label class=\"buy-buttton-guard-label\"><input type=\"checkbox\" class=\"buy-buttton-guard\" data-default=\"L\u00e4gg till i varukorg\" data-notificaion=\"Det \u00e4r n\u00f6dv\u00e4ndigt att fylla i formul\u00e4ret\"> &#8211; Jag fyllde i och skickade formul\u00e4ret till <\/label> <a href=\"mailto:info@masterchem.fi\">info@masterchem.fi<\/a><\/p>\n","protected":false},"featured_media":8244,"template":"","meta":[],"product_brand":[],"product_cat":[111,112,182,115,116,103,104,105,106,108],"product_tag":[],"class_list":{"0":"post-8232","1":"product","2":"type-product","3":"status-publish","4":"has-post-thumbnail","6":"product_cat-trabearbetningskemikalier","7":"product_cat-byggbranschen","8":"product_cat-hortikultur","9":"product_cat-industriella-kemikalier","10":"product_cat-alla-produkter","11":"product_cat-frostskydd","12":"product_cat-bil-och-maskinkemikalier","13":"product_cat-hushallskemikalier-sv","14":"product_cat-lakemedelsindustri","15":"product_cat-metallkemikalier","17":"first","18":"instock","19":"taxable","20":"shipping-taxable","21":"purchasable","22":"product-type-variable","23":"has-default-attributes","24":"rtwpvg-product"},"yoast_head":"<!-- This site is optimized with the Yoast SEO plugin v27.5 - https:\/\/yoast.com\/product\/yoast-seo-wordpress\/ -->\n<title>Salpetersyra 56-58 % (CAS 7697-37-2) - MasterChem | kemikaalien tuotanto ja myynti<\/title>\n<meta name=\"description\" content=\"Den rena f\u00f6reningen \u00e4r f\u00e4rgl\u00f6s, men \u00e4ldre prover tenderar att f\u00e5 en gul gjutning p\u00e5 grund av nedbrytning till kv\u00e4veoxider och vatten. De flesta kommersiellt tillg\u00e4ngliga salpetersyror har en vattenhalt p\u00e5 68 %\" \/>\n<meta name=\"robots\" content=\"index, follow, max-snippet:-1, max-image-preview:large, max-video-preview:-1\" \/>\n<link rel=\"canonical\" href=\"https:\/\/masterchem.fi\/sv\/produkt\/salpetersyra-56-58-cas-7697-37-2\/\" \/>\n<meta property=\"og:locale\" content=\"sv_SE\" \/>\n<meta property=\"og:type\" content=\"article\" \/>\n<meta property=\"og:title\" content=\"Salpetersyra 56-58 % (CAS 7697-37-2) - MasterChem | kemikaalien tuotanto ja myynti\" \/>\n<meta property=\"og:description\" content=\"Den rena f\u00f6reningen \u00e4r f\u00e4rgl\u00f6s, men \u00e4ldre prover tenderar att f\u00e5 en gul gjutning p\u00e5 grund av nedbrytning till kv\u00e4veoxider och vatten. De flesta kommersiellt tillg\u00e4ngliga salpetersyror har en vattenhalt p\u00e5 68 %\" \/>\n<meta property=\"og:url\" content=\"https:\/\/masterchem.fi\/sv\/produkt\/salpetersyra-56-58-cas-7697-37-2\/\" \/>\n<meta property=\"og:site_name\" content=\"MasterChem | kemikaalien tuotanto ja myynti\" \/>\n<meta property=\"article:modified_time\" content=\"2024-11-20T18:35:30+00:00\" \/>\n<meta property=\"og:image\" content=\"https:\/\/masterchem.fi\/wp-content\/uploads\/2022\/04\/Typpihappo-56-58-CAS-7697-37-2-1000l-MasterChem.jpg\" \/>\n\t<meta property=\"og:image:width\" content=\"1000\" \/>\n\t<meta property=\"og:image:height\" content=\"1000\" \/>\n\t<meta property=\"og:image:type\" content=\"image\/jpeg\" \/>\n<meta name=\"twitter:card\" content=\"summary_large_image\" \/>\n<meta name=\"twitter:label1\" content=\"Ber\u00e4knad l\u00e4stid\" \/>\n\t<meta name=\"twitter:data1\" content=\"4 minuter\" \/>\n<script type=\"application\/ld+json\" class=\"yoast-schema-graph\">{\"@context\":\"https:\\\/\\\/schema.org\",\"@graph\":[{\"@type\":\"WebPage\",\"@id\":\"https:\\\/\\\/masterchem.fi\\\/sv\\\/produkt\\\/salpetersyra-56-58-cas-7697-37-2\\\/\",\"url\":\"https:\\\/\\\/masterchem.fi\\\/sv\\\/produkt\\\/salpetersyra-56-58-cas-7697-37-2\\\/\",\"name\":\"Salpetersyra 56-58 % (CAS 7697-37-2) - MasterChem | kemikaalien tuotanto ja myynti\",\"isPartOf\":{\"@id\":\"https:\\\/\\\/masterchem.fi\\\/sv\\\/#website\"},\"primaryImageOfPage\":{\"@id\":\"https:\\\/\\\/masterchem.fi\\\/sv\\\/produkt\\\/salpetersyra-56-58-cas-7697-37-2\\\/#primaryimage\"},\"image\":{\"@id\":\"https:\\\/\\\/masterchem.fi\\\/sv\\\/produkt\\\/salpetersyra-56-58-cas-7697-37-2\\\/#primaryimage\"},\"thumbnailUrl\":\"https:\\\/\\\/masterchem.fi\\\/wp-content\\\/uploads\\\/2022\\\/04\\\/Typpihappo-56-58-CAS-7697-37-2-1000l-MasterChem.jpg\",\"datePublished\":\"2022-04-28T05:46:14+00:00\",\"dateModified\":\"2024-11-20T18:35:30+00:00\",\"description\":\"Den rena f\u00f6reningen \u00e4r f\u00e4rgl\u00f6s, men \u00e4ldre prover tenderar att f\u00e5 en gul gjutning p\u00e5 grund av nedbrytning till kv\u00e4veoxider och vatten. De flesta kommersiellt tillg\u00e4ngliga salpetersyror har en vattenhalt p\u00e5 68 %\",\"breadcrumb\":{\"@id\":\"https:\\\/\\\/masterchem.fi\\\/sv\\\/produkt\\\/salpetersyra-56-58-cas-7697-37-2\\\/#breadcrumb\"},\"inLanguage\":\"sv-SE\",\"potentialAction\":[{\"@type\":\"ReadAction\",\"target\":[\"https:\\\/\\\/masterchem.fi\\\/sv\\\/produkt\\\/salpetersyra-56-58-cas-7697-37-2\\\/\"]}]},{\"@type\":\"ImageObject\",\"inLanguage\":\"sv-SE\",\"@id\":\"https:\\\/\\\/masterchem.fi\\\/sv\\\/produkt\\\/salpetersyra-56-58-cas-7697-37-2\\\/#primaryimage\",\"url\":\"https:\\\/\\\/masterchem.fi\\\/wp-content\\\/uploads\\\/2022\\\/04\\\/Typpihappo-56-58-CAS-7697-37-2-1000l-MasterChem.jpg\",\"contentUrl\":\"https:\\\/\\\/masterchem.fi\\\/wp-content\\\/uploads\\\/2022\\\/04\\\/Typpihappo-56-58-CAS-7697-37-2-1000l-MasterChem.jpg\",\"width\":1000,\"height\":1000,\"caption\":\"Ortofosforsyra 85 % (CAS 7664-38-2) 1000l-MaterChem\"},{\"@type\":\"BreadcrumbList\",\"@id\":\"https:\\\/\\\/masterchem.fi\\\/sv\\\/produkt\\\/salpetersyra-56-58-cas-7697-37-2\\\/#breadcrumb\",\"itemListElement\":[{\"@type\":\"ListItem\",\"position\":1,\"name\":\"Home\",\"item\":\"https:\\\/\\\/masterchem.fi\\\/sv\\\/\"},{\"@type\":\"ListItem\",\"position\":2,\"name\":\"Butik\",\"item\":\"https:\\\/\\\/masterchem.fi\\\/sv\\\/butik\\\/\"},{\"@type\":\"ListItem\",\"position\":3,\"name\":\"Salpetersyra 56-58 % (CAS 7697-37-2)\"}]},{\"@type\":\"WebSite\",\"@id\":\"https:\\\/\\\/masterchem.fi\\\/sv\\\/#website\",\"url\":\"https:\\\/\\\/masterchem.fi\\\/sv\\\/\",\"name\":\"MasterChem | kemikaalien tuotanto ja myynti\",\"description\":\"kemikaalien tuotanto ja myynti\",\"potentialAction\":[{\"@type\":\"SearchAction\",\"target\":{\"@type\":\"EntryPoint\",\"urlTemplate\":\"https:\\\/\\\/masterchem.fi\\\/sv\\\/?s={search_term_string}\"},\"query-input\":{\"@type\":\"PropertyValueSpecification\",\"valueRequired\":true,\"valueName\":\"search_term_string\"}}],\"inLanguage\":\"sv-SE\"}]}<\/script>\n<!-- \/ Yoast SEO plugin. -->","yoast_head_json":{"title":"Salpetersyra 56-58 % (CAS 7697-37-2) - MasterChem | kemikaalien tuotanto ja myynti","description":"Den rena f\u00f6reningen \u00e4r f\u00e4rgl\u00f6s, men \u00e4ldre prover tenderar att f\u00e5 en gul gjutning p\u00e5 grund av nedbrytning till kv\u00e4veoxider och vatten. De flesta kommersiellt tillg\u00e4ngliga salpetersyror har en vattenhalt p\u00e5 68 %","robots":{"index":"index","follow":"follow","max-snippet":"max-snippet:-1","max-image-preview":"max-image-preview:large","max-video-preview":"max-video-preview:-1"},"canonical":"https:\/\/masterchem.fi\/sv\/produkt\/salpetersyra-56-58-cas-7697-37-2\/","og_locale":"sv_SE","og_type":"article","og_title":"Salpetersyra 56-58 % (CAS 7697-37-2) - MasterChem | kemikaalien tuotanto ja myynti","og_description":"Den rena f\u00f6reningen \u00e4r f\u00e4rgl\u00f6s, men \u00e4ldre prover tenderar att f\u00e5 en gul gjutning p\u00e5 grund av nedbrytning till kv\u00e4veoxider och vatten. De flesta kommersiellt tillg\u00e4ngliga salpetersyror har en vattenhalt p\u00e5 68 %","og_url":"https:\/\/masterchem.fi\/sv\/produkt\/salpetersyra-56-58-cas-7697-37-2\/","og_site_name":"MasterChem | kemikaalien tuotanto ja myynti","article_modified_time":"2024-11-20T18:35:30+00:00","og_image":[{"width":1000,"height":1000,"url":"https:\/\/masterchem.fi\/wp-content\/uploads\/2022\/04\/Typpihappo-56-58-CAS-7697-37-2-1000l-MasterChem.jpg","type":"image\/jpeg"}],"twitter_card":"summary_large_image","twitter_misc":{"Ber\u00e4knad l\u00e4stid":"4 minuter"},"schema":{"@context":"https:\/\/schema.org","@graph":[{"@type":"WebPage","@id":"https:\/\/masterchem.fi\/sv\/produkt\/salpetersyra-56-58-cas-7697-37-2\/","url":"https:\/\/masterchem.fi\/sv\/produkt\/salpetersyra-56-58-cas-7697-37-2\/","name":"Salpetersyra 56-58 % (CAS 7697-37-2) - MasterChem | kemikaalien tuotanto ja myynti","isPartOf":{"@id":"https:\/\/masterchem.fi\/sv\/#website"},"primaryImageOfPage":{"@id":"https:\/\/masterchem.fi\/sv\/produkt\/salpetersyra-56-58-cas-7697-37-2\/#primaryimage"},"image":{"@id":"https:\/\/masterchem.fi\/sv\/produkt\/salpetersyra-56-58-cas-7697-37-2\/#primaryimage"},"thumbnailUrl":"https:\/\/masterchem.fi\/wp-content\/uploads\/2022\/04\/Typpihappo-56-58-CAS-7697-37-2-1000l-MasterChem.jpg","datePublished":"2022-04-28T05:46:14+00:00","dateModified":"2024-11-20T18:35:30+00:00","description":"Den rena f\u00f6reningen \u00e4r f\u00e4rgl\u00f6s, men \u00e4ldre prover tenderar att f\u00e5 en gul gjutning p\u00e5 grund av nedbrytning till kv\u00e4veoxider och vatten. De flesta kommersiellt tillg\u00e4ngliga salpetersyror har en vattenhalt p\u00e5 68 %","breadcrumb":{"@id":"https:\/\/masterchem.fi\/sv\/produkt\/salpetersyra-56-58-cas-7697-37-2\/#breadcrumb"},"inLanguage":"sv-SE","potentialAction":[{"@type":"ReadAction","target":["https:\/\/masterchem.fi\/sv\/produkt\/salpetersyra-56-58-cas-7697-37-2\/"]}]},{"@type":"ImageObject","inLanguage":"sv-SE","@id":"https:\/\/masterchem.fi\/sv\/produkt\/salpetersyra-56-58-cas-7697-37-2\/#primaryimage","url":"https:\/\/masterchem.fi\/wp-content\/uploads\/2022\/04\/Typpihappo-56-58-CAS-7697-37-2-1000l-MasterChem.jpg","contentUrl":"https:\/\/masterchem.fi\/wp-content\/uploads\/2022\/04\/Typpihappo-56-58-CAS-7697-37-2-1000l-MasterChem.jpg","width":1000,"height":1000,"caption":"Ortofosforsyra 85 % (CAS 7664-38-2) 1000l-MaterChem"},{"@type":"BreadcrumbList","@id":"https:\/\/masterchem.fi\/sv\/produkt\/salpetersyra-56-58-cas-7697-37-2\/#breadcrumb","itemListElement":[{"@type":"ListItem","position":1,"name":"Home","item":"https:\/\/masterchem.fi\/sv\/"},{"@type":"ListItem","position":2,"name":"Butik","item":"https:\/\/masterchem.fi\/sv\/butik\/"},{"@type":"ListItem","position":3,"name":"Salpetersyra 56-58 % (CAS 7697-37-2)"}]},{"@type":"WebSite","@id":"https:\/\/masterchem.fi\/sv\/#website","url":"https:\/\/masterchem.fi\/sv\/","name":"MasterChem | kemikaalien tuotanto ja myynti","description":"kemikaalien tuotanto ja myynti","potentialAction":[{"@type":"SearchAction","target":{"@type":"EntryPoint","urlTemplate":"https:\/\/masterchem.fi\/sv\/?s={search_term_string}"},"query-input":{"@type":"PropertyValueSpecification","valueRequired":true,"valueName":"search_term_string"}}],"inLanguage":"sv-SE"}]}},"_links":{"self":[{"href":"https:\/\/masterchem.fi\/sv\/wp-json\/wp\/v2\/product\/8232","targetHints":{"allow":["GET"]}}],"collection":[{"href":"https:\/\/masterchem.fi\/sv\/wp-json\/wp\/v2\/product"}],"about":[{"href":"https:\/\/masterchem.fi\/sv\/wp-json\/wp\/v2\/types\/product"}],"wp:featuredmedia":[{"embeddable":true,"href":"https:\/\/masterchem.fi\/sv\/wp-json\/wp\/v2\/media\/8244"}],"wp:attachment":[{"href":"https:\/\/masterchem.fi\/sv\/wp-json\/wp\/v2\/media?parent=8232"}],"wp:term":[{"taxonomy":"product_brand","embeddable":true,"href":"https:\/\/masterchem.fi\/sv\/wp-json\/wp\/v2\/product_brand?post=8232"},{"taxonomy":"product_cat","embeddable":true,"href":"https:\/\/masterchem.fi\/sv\/wp-json\/wp\/v2\/product_cat?post=8232"},{"taxonomy":"product_tag","embeddable":true,"href":"https:\/\/masterchem.fi\/sv\/wp-json\/wp\/v2\/product_tag?post=8232"}],"curies":[{"name":"wp","href":"https:\/\/api.w.org\/{rel}","templated":true}]}}