{"id":8302,"date":"2022-04-28T09:52:06","date_gmt":"2022-04-28T06:52:06","guid":{"rendered":"https:\/\/masterchem.fi\/?post_type=product&#038;p=8302"},"modified":"2022-04-28T10:01:26","modified_gmt":"2022-04-28T07:01:26","slug":"fortunning-bc06-3019","status":"publish","type":"product","link":"https:\/\/masterchem.fi\/sv\/produkt\/fortunning-bc06-3019\/","title":{"rendered":"F\u00f6rtunning BC06-3019"},"content":{"rendered":"<p>Etanol (etylalkohol, metylkarbinol, vinylalkohol eller alkanol, ofta i vardagsspr\u00e5k helt enkelt &#8220;alkohol&#8221;) \u00e4r en monohydroxialkohol med formeln C2H5OH (empirisk formel C2H6O), den rationella formeln \u00e4r CH3-CH2-OH, f\u00f6rkortningen f\u00f6r ett och samma etanol \u00e4r en annan flyktig, brandfarlig, f\u00e4rgl\u00f6s transparent v\u00e4tska. Vi erbjuder endast denaturerad alkohol. <br \/>\nCAS-nummer 64-17-5 <br \/>\nEG-nummer 200-578-6 <br \/>\nApplikation och anv\u00e4ndning: <br \/>\nEtylalkohol anv\u00e4nds: <br \/>\n&#8211; Apotek som externt antiseptisk medel f\u00f6r desinfektion av h\u00e4nder och kirurgiska instrument <br \/>\n&#8211; parfymer som anv\u00e4nds vid tillverkning av kosmetika, som huvudsakligen \u00e4r aerosoler, parfymer, parfymer, och \u00e4ven en del av kosmetika, s\u00e5som schampon, duschgeler, tandkr\u00e4mer <br \/>\n&#8211; P\u00e5 bilverkst\u00e4der anv\u00e4nds denna v\u00e4tska f\u00f6r att avfetta metallytan, m\u00e5la karossen, reng\u00f6ra aggregat (etylalkohol EA8099) <br \/>\n&#8211; f\u00f6r hush\u00e5llsbruk \u00e4r reng\u00f6ring av ytan fr\u00e5n fett och oljor rumsuppv\u00e4rmning, matlagning, reng\u00f6ringsmedel och handtv\u00e4ttmedel (t.ex. etylalkohol EA8099). <br \/>\n&#8211; c, frostskyddsmedel f\u00f6r jordslinga v\u00e4rmesystem, vi har presenterat produkter med olika frystemperaturer och olika f\u00f6rpackningar <br \/>\n\u2013 Den kemiska industrin \u00e4r ett l\u00f6sningsmedel, det anv\u00e4nds som r\u00e5vara f\u00f6r tillverkning av vissa kemikalier, som en komponent vid tillverkning av vindrutespolare f\u00f6r bilar (vi har produkter med olika frystemperaturer och olika f\u00f6rpackningar). <br \/>\n&#8211; i tryckeriet som l\u00f6sningsmedel f\u00f6r tv\u00e4ttmaskiner. Vi erbjuder b\u00e5de en ren produkt (etylalkohol EA8099) och en blandning av 90 % etanol och 10 % etylacetat som l\u00f6sningsmedelsprodukt EE-9010. <br \/>\n&#8211; anv\u00e4nds inom f\u00e4rg- och lackindustrin f\u00f6r tillverkning av bets, f\u00e4rg\u00e4mnen, <br \/>\nspolglansl\u00f6sningsmedel. <br \/>\n&#8211; inom glasindustrin f\u00f6r ytavfettning <br \/>\n&#8211; inom l\u00e4derindustrin \u00e4r detta en integrerad del av garvningen <br \/>\n&#8211; inom elektronik: som ett \u00e4mne som kr\u00e4vs vid tillverkning av mikrokretsar f\u00f6r underh\u00e5ll av utrustning (t.ex. f\u00f6r reng\u00f6ring) <\/p>\n","protected":false},"excerpt":{"rendered":"<p> &#8211; Det s\u00e4kraste flytande br\u00e4nslet f\u00f6r en \u00f6ppen spis med bioetanol inomhus. Speciellt f\u00f6r inomhusbruk, men \u00e4ven bra f\u00f6r utomhusbruk <\/p>\n<p> &#8211; Inga farliga \u00e5ngor eller gifter &#8211; rent bioetanolbr\u00e4nsle <\/p>\n<p> &#8211; Ren br\u00e4nning, inget sot eller aska <\/p>\n<p> &#8211; Brinntid upp till 5 timmar, beroende p\u00e5 spismodell och br\u00e4nnardesign. <\/p>\n","protected":false},"featured_media":8323,"template":"","meta":[],"product_brand":[],"product_cat":[105,112,116],"product_tag":[],"class_list":{"0":"post-8302","1":"product","2":"type-product","3":"status-publish","4":"has-post-thumbnail","6":"product_cat-hushallskemikalier-sv","7":"product_cat-byggbranschen","8":"product_cat-alla-produkter","10":"first","11":"outofstock","12":"taxable","13":"shipping-taxable","14":"purchasable","15":"product-type-variable","16":"has-default-attributes","17":"rtwpvg-product"},"yoast_head":"<!-- This site is optimized with the Yoast SEO plugin v27.2 - https:\/\/yoast.com\/product\/yoast-seo-wordpress\/ -->\n<title>F\u00f6rtunning BC06-3019 - MasterChem | kemikaalien tuotanto ja myynti<\/title>\n<meta name=\"description\" content=\"L\u00f6sningsmedel BC06-3019 - bromsreng\u00f6rare som effektivt tar bort smuts. Ett mycket snabbt flyktigt reng\u00f6ringsmedel som tar bort de minsta oljepartiklarna fr\u00e5n ytan.\" \/>\n<meta name=\"robots\" content=\"index, follow, max-snippet:-1, max-image-preview:large, max-video-preview:-1\" \/>\n<link rel=\"canonical\" href=\"https:\/\/masterchem.fi\/sv\/produkt\/fortunning-bc06-3019\/\" \/>\n<meta property=\"og:locale\" content=\"sv_SE\" \/>\n<meta property=\"og:type\" content=\"article\" \/>\n<meta property=\"og:title\" content=\"F\u00f6rtunning BC06-3019 - MasterChem | kemikaalien tuotanto ja myynti\" \/>\n<meta property=\"og:description\" content=\"L\u00f6sningsmedel BC06-3019 - bromsreng\u00f6rare som effektivt tar bort smuts. Ett mycket snabbt flyktigt reng\u00f6ringsmedel som tar bort de minsta oljepartiklarna fr\u00e5n ytan.\" \/>\n<meta property=\"og:url\" content=\"https:\/\/masterchem.fi\/sv\/produkt\/fortunning-bc06-3019\/\" \/>\n<meta property=\"og:site_name\" content=\"MasterChem | kemikaalien tuotanto ja myynti\" \/>\n<meta property=\"article:modified_time\" content=\"2022-04-28T07:01:26+00:00\" \/>\n<meta property=\"og:image\" content=\"https:\/\/masterchem.fi\/wp-content\/uploads\/2022\/04\/Ohenne-BC06-3019-1000l-MaterChem.jpg\" \/>\n\t<meta property=\"og:image:width\" content=\"1000\" \/>\n\t<meta property=\"og:image:height\" content=\"1000\" \/>\n\t<meta property=\"og:image:type\" content=\"image\/jpeg\" \/>\n<meta name=\"twitter:card\" content=\"summary_large_image\" \/>\n<meta name=\"twitter:label1\" content=\"Ber\u00e4knad l\u00e4stid\" \/>\n\t<meta name=\"twitter:data1\" content=\"2 minuter\" \/>\n<script type=\"application\/ld+json\" class=\"yoast-schema-graph\">{\"@context\":\"https:\/\/schema.org\",\"@graph\":[{\"@type\":\"WebPage\",\"@id\":\"https:\/\/masterchem.fi\/sv\/produkt\/fortunning-bc06-3019\/\",\"url\":\"https:\/\/masterchem.fi\/sv\/produkt\/fortunning-bc06-3019\/\",\"name\":\"F\u00f6rtunning BC06-3019 - MasterChem | kemikaalien tuotanto ja myynti\",\"isPartOf\":{\"@id\":\"https:\/\/masterchem.fi\/sv\/#website\"},\"primaryImageOfPage\":{\"@id\":\"https:\/\/masterchem.fi\/sv\/produkt\/fortunning-bc06-3019\/#primaryimage\"},\"image\":{\"@id\":\"https:\/\/masterchem.fi\/sv\/produkt\/fortunning-bc06-3019\/#primaryimage\"},\"thumbnailUrl\":\"https:\/\/masterchem.fi\/wp-content\/uploads\/2022\/04\/Ohenne-BC06-3019-1000l-MaterChem.jpg\",\"datePublished\":\"2022-04-28T06:52:06+00:00\",\"dateModified\":\"2022-04-28T07:01:26+00:00\",\"description\":\"L\u00f6sningsmedel BC06-3019 - bromsreng\u00f6rare som effektivt tar bort smuts. Ett mycket snabbt flyktigt reng\u00f6ringsmedel som tar bort de minsta oljepartiklarna fr\u00e5n ytan.\",\"breadcrumb\":{\"@id\":\"https:\/\/masterchem.fi\/sv\/produkt\/fortunning-bc06-3019\/#breadcrumb\"},\"inLanguage\":\"sv-SE\",\"potentialAction\":[{\"@type\":\"ReadAction\",\"target\":[\"https:\/\/masterchem.fi\/sv\/produkt\/fortunning-bc06-3019\/\"]}]},{\"@type\":\"ImageObject\",\"inLanguage\":\"sv-SE\",\"@id\":\"https:\/\/masterchem.fi\/sv\/produkt\/fortunning-bc06-3019\/#primaryimage\",\"url\":\"https:\/\/masterchem.fi\/wp-content\/uploads\/2022\/04\/Ohenne-BC06-3019-1000l-MaterChem.jpg\",\"contentUrl\":\"https:\/\/masterchem.fi\/wp-content\/uploads\/2022\/04\/Ohenne-BC06-3019-1000l-MaterChem.jpg\",\"width\":1000,\"height\":1000,\"caption\":\"F\u00f6rtunning BC06-3019 1000l MaterChem\"},{\"@type\":\"BreadcrumbList\",\"@id\":\"https:\/\/masterchem.fi\/sv\/produkt\/fortunning-bc06-3019\/#breadcrumb\",\"itemListElement\":[{\"@type\":\"ListItem\",\"position\":1,\"name\":\"Home\",\"item\":\"https:\/\/masterchem.fi\/sv\/\"},{\"@type\":\"ListItem\",\"position\":2,\"name\":\"Butik\",\"item\":\"https:\/\/masterchem.fi\/sv\/butik\/\"},{\"@type\":\"ListItem\",\"position\":3,\"name\":\"F\u00f6rtunning BC06-3019\"}]},{\"@type\":\"WebSite\",\"@id\":\"https:\/\/masterchem.fi\/sv\/#website\",\"url\":\"https:\/\/masterchem.fi\/sv\/\",\"name\":\"MasterChem | kemikaalien tuotanto ja myynti\",\"description\":\"kemikaalien tuotanto ja myynti\",\"potentialAction\":[{\"@type\":\"SearchAction\",\"target\":{\"@type\":\"EntryPoint\",\"urlTemplate\":\"https:\/\/masterchem.fi\/sv\/?s={search_term_string}\"},\"query-input\":{\"@type\":\"PropertyValueSpecification\",\"valueRequired\":true,\"valueName\":\"search_term_string\"}}],\"inLanguage\":\"sv-SE\"}]}<\/script>\n<!-- \/ Yoast SEO plugin. -->","yoast_head_json":{"title":"F\u00f6rtunning BC06-3019 - MasterChem | kemikaalien tuotanto ja myynti","description":"L\u00f6sningsmedel BC06-3019 - bromsreng\u00f6rare som effektivt tar bort smuts. Ett mycket snabbt flyktigt reng\u00f6ringsmedel som tar bort de minsta oljepartiklarna fr\u00e5n ytan.","robots":{"index":"index","follow":"follow","max-snippet":"max-snippet:-1","max-image-preview":"max-image-preview:large","max-video-preview":"max-video-preview:-1"},"canonical":"https:\/\/masterchem.fi\/sv\/produkt\/fortunning-bc06-3019\/","og_locale":"sv_SE","og_type":"article","og_title":"F\u00f6rtunning BC06-3019 - MasterChem | kemikaalien tuotanto ja myynti","og_description":"L\u00f6sningsmedel BC06-3019 - bromsreng\u00f6rare som effektivt tar bort smuts. Ett mycket snabbt flyktigt reng\u00f6ringsmedel som tar bort de minsta oljepartiklarna fr\u00e5n ytan.","og_url":"https:\/\/masterchem.fi\/sv\/produkt\/fortunning-bc06-3019\/","og_site_name":"MasterChem | kemikaalien tuotanto ja myynti","article_modified_time":"2022-04-28T07:01:26+00:00","og_image":[{"width":1000,"height":1000,"url":"https:\/\/masterchem.fi\/wp-content\/uploads\/2022\/04\/Ohenne-BC06-3019-1000l-MaterChem.jpg","type":"image\/jpeg"}],"twitter_card":"summary_large_image","twitter_misc":{"Ber\u00e4knad l\u00e4stid":"2 minuter"},"schema":{"@context":"https:\/\/schema.org","@graph":[{"@type":"WebPage","@id":"https:\/\/masterchem.fi\/sv\/produkt\/fortunning-bc06-3019\/","url":"https:\/\/masterchem.fi\/sv\/produkt\/fortunning-bc06-3019\/","name":"F\u00f6rtunning BC06-3019 - MasterChem | kemikaalien tuotanto ja myynti","isPartOf":{"@id":"https:\/\/masterchem.fi\/sv\/#website"},"primaryImageOfPage":{"@id":"https:\/\/masterchem.fi\/sv\/produkt\/fortunning-bc06-3019\/#primaryimage"},"image":{"@id":"https:\/\/masterchem.fi\/sv\/produkt\/fortunning-bc06-3019\/#primaryimage"},"thumbnailUrl":"https:\/\/masterchem.fi\/wp-content\/uploads\/2022\/04\/Ohenne-BC06-3019-1000l-MaterChem.jpg","datePublished":"2022-04-28T06:52:06+00:00","dateModified":"2022-04-28T07:01:26+00:00","description":"L\u00f6sningsmedel BC06-3019 - bromsreng\u00f6rare som effektivt tar bort smuts. Ett mycket snabbt flyktigt reng\u00f6ringsmedel som tar bort de minsta oljepartiklarna fr\u00e5n ytan.","breadcrumb":{"@id":"https:\/\/masterchem.fi\/sv\/produkt\/fortunning-bc06-3019\/#breadcrumb"},"inLanguage":"sv-SE","potentialAction":[{"@type":"ReadAction","target":["https:\/\/masterchem.fi\/sv\/produkt\/fortunning-bc06-3019\/"]}]},{"@type":"ImageObject","inLanguage":"sv-SE","@id":"https:\/\/masterchem.fi\/sv\/produkt\/fortunning-bc06-3019\/#primaryimage","url":"https:\/\/masterchem.fi\/wp-content\/uploads\/2022\/04\/Ohenne-BC06-3019-1000l-MaterChem.jpg","contentUrl":"https:\/\/masterchem.fi\/wp-content\/uploads\/2022\/04\/Ohenne-BC06-3019-1000l-MaterChem.jpg","width":1000,"height":1000,"caption":"F\u00f6rtunning BC06-3019 1000l MaterChem"},{"@type":"BreadcrumbList","@id":"https:\/\/masterchem.fi\/sv\/produkt\/fortunning-bc06-3019\/#breadcrumb","itemListElement":[{"@type":"ListItem","position":1,"name":"Home","item":"https:\/\/masterchem.fi\/sv\/"},{"@type":"ListItem","position":2,"name":"Butik","item":"https:\/\/masterchem.fi\/sv\/butik\/"},{"@type":"ListItem","position":3,"name":"F\u00f6rtunning BC06-3019"}]},{"@type":"WebSite","@id":"https:\/\/masterchem.fi\/sv\/#website","url":"https:\/\/masterchem.fi\/sv\/","name":"MasterChem | kemikaalien tuotanto ja myynti","description":"kemikaalien tuotanto ja myynti","potentialAction":[{"@type":"SearchAction","target":{"@type":"EntryPoint","urlTemplate":"https:\/\/masterchem.fi\/sv\/?s={search_term_string}"},"query-input":{"@type":"PropertyValueSpecification","valueRequired":true,"valueName":"search_term_string"}}],"inLanguage":"sv-SE"}]}},"_links":{"self":[{"href":"https:\/\/masterchem.fi\/sv\/wp-json\/wp\/v2\/product\/8302","targetHints":{"allow":["GET"]}}],"collection":[{"href":"https:\/\/masterchem.fi\/sv\/wp-json\/wp\/v2\/product"}],"about":[{"href":"https:\/\/masterchem.fi\/sv\/wp-json\/wp\/v2\/types\/product"}],"wp:featuredmedia":[{"embeddable":true,"href":"https:\/\/masterchem.fi\/sv\/wp-json\/wp\/v2\/media\/8323"}],"wp:attachment":[{"href":"https:\/\/masterchem.fi\/sv\/wp-json\/wp\/v2\/media?parent=8302"}],"wp:term":[{"taxonomy":"product_brand","embeddable":true,"href":"https:\/\/masterchem.fi\/sv\/wp-json\/wp\/v2\/product_brand?post=8302"},{"taxonomy":"product_cat","embeddable":true,"href":"https:\/\/masterchem.fi\/sv\/wp-json\/wp\/v2\/product_cat?post=8302"},{"taxonomy":"product_tag","embeddable":true,"href":"https:\/\/masterchem.fi\/sv\/wp-json\/wp\/v2\/product_tag?post=8302"}],"curies":[{"name":"wp","href":"https:\/\/api.w.org\/{rel}","templated":true}]}}