{"id":8340,"date":"2022-04-28T10:52:36","date_gmt":"2022-04-28T07:52:36","guid":{"rendered":"https:\/\/masterchem.fi\/?post_type=product&#038;p=8340"},"modified":"2022-04-28T11:07:28","modified_gmt":"2022-04-28T08:07:28","slug":"master-cleaner-hit-11","status":"publish","type":"product","link":"https:\/\/masterchem.fi\/sv\/produkt\/master-cleaner-hit-11\/","title":{"rendered":"Master Cleaner Hit 11"},"content":{"rendered":"<p> <strong> Instruktioner. <\/strong> <br \/>\n1. F\u00f6rbered arbetsl\u00f6sningen. Varning: F\u00f6r att undvika kraftigt skum n\u00e4r du bereder tv\u00e4ttmedelsl\u00f6sningen, <br \/>\nb\u00f6r tills\u00e4tta produkten till vatten och inte tv\u00e4rtom. Det rekommenderas att anv\u00e4nda neutralt vatten. Vilket vatten som helst kan vara <br \/>\nanv\u00e4nds f\u00f6r att ta bort smuts fr\u00e5n f\u00f6rorenade ytor och sk\u00f6ljning. <br \/>\n2. Applicera arbetsl\u00f6sningen med en spruta, trasa eller svamp p\u00e5 den kontaminerade ytan (om kercher anv\u00e4nds <br \/>\nenhet: Anslut enheten till neutralt vatten. Applicera den resulterande l\u00f6sningen genom att bl\u00f6ta den f\u00f6rorenade ytan <br \/>\nfr\u00e5n botten till toppen.) <br \/>\n3. Torka inte p\u00e5 ett tag <br \/>\n\u2022 F\u00f6r att avl\u00e4gsna vissa f\u00f6roreningar \u00e4r mekanisk borttagning till\u00e5ten. F\u00f6r reng\u00f6ring fr\u00e5n extrema f\u00f6roreningar <br \/>\n(inklusive oljor) det rekommenderas att anv\u00e4nda en arbetsl\u00f6sning som inneh\u00e5ller 40 % produkt i 60 % vatten; <br \/>\n\u2022 F\u00f6r starka f\u00f6roreningar &#8211; 30% produkt 70% vatten <br \/>\n\u2022 Att \u00f6ka tv\u00e4ttmedelskoncentrationen till mer \u00e4n 50 % f\u00f6rb\u00e4ttrar inte tv\u00e4ttmedlets egenskaper. Outsp\u00e4dd med vatten <br \/>\nprodukten fungerar inte alls <br \/>\n\u2022 Vid reng\u00f6ring av konventionella f\u00f6roreningar kan produktinneh\u00e5llet minskas fr\u00e5n 5 % till 0,1 % <br \/>\n(Beroende p\u00e5 typ och grad av kontaminering). <br \/>\n\u2022 4.\u0412 Tv\u00e4tta arbetsytan med vatten (under tryck eller manuellt) i slutet av behandlingen. <br \/>\n\u2022 F\u00f6rvaringsf\u00f6rh\u00e5llanden: F\u00f6rvaras i originalf\u00f6rpackningen vid en temperatur p\u00e5 minst 4 \u00b0C. <\/p>\n<p>H225 &#8211; Mycket brandfarlig v\u00e4tska och \u00e5nga; H304 &#8211; Kan vara d\u00f6dligt vid f\u00f6rt\u00e4ring om det kommer ner i luftv\u00e4garna; H315 &#8211; Orsakar hudirritation; H335 &#8211; Kan orsaka irritation i luftv\u00e4garna; H336 &#8211; Kan orsaka d\u00e5sighet eller yrsel; H361d &#8211; Misst\u00e4nks f\u00f6r att skada det of\u00f6dda barnet; H373 &#8211; Kan orsaka organskador genom l\u00e5ngvarig eller upprepad exponering; P201 &#8211; Skaffa speciella instruktioner f\u00f6re anv\u00e4ndning; P210 &#8211; H\u00e5ll borta fr\u00e5n v\u00e4rme \/ gnistor \/ \u00f6ppen l\u00e5ga \/ heta ytor. Ingen r\u00f6kning; P260 &#8211; Framkalla inte damm \/ r\u00f6k \/ gas \/ dimma \/ \u00e5ngor \/ spray; P280 &#8211; Anv\u00e4nd skyddshandskar \/ skyddskl\u00e4der \/ \u00f6gonskydd \/ ansiktsskydd; P314 &#8211; S\u00f6k l\u00e4karhj\u00e4lp om du m\u00e5r d\u00e5ligt. P403 + P235 &#8211; F\u00f6rvaras p\u00e5 v\u00e4l ventilerad plats. H\u00e5ll dig kall. <br \/>\nEndast f\u00f6r professionellt bruk. Varning! Undvik exponering och l\u00e4s instruktionerna f\u00f6re anv\u00e4ndning! <\/p>\n","protected":false},"excerpt":{"rendered":"<p> <strong> Koncentrera det allt-i-ett alkaliska allreng\u00f6ringsmedlet. <\/strong> <br \/>\nMaster Cleaner Hit 11 MasterChem-. Det \u00e4r ett koncentrerat allm\u00e4nt reng\u00f6ringsmedel med alkaliska egenskaper baserat p\u00e5 vatten. (pH-koncentrat 12). Tar enkelt bort olja, fett, scotch, f\u00e4rg, markeringar &#8230; Den kan anv\u00e4ndas p\u00e5 m\u00e5nga ytor, men f\u00f6rsiktighet m\u00e5ste iakttas n\u00e4r du arbetar med icke-j\u00e4rnmetaller! <\/p>\n<p> Den har utm\u00e4rkta reng\u00f6rings- och avfettningsegenskaper, vilket sparar upp till 70 % av tiden. <br \/>\nSkapar en antistatisk effekt kan anv\u00e4ndas i \u00e5nggeneratorer och heta dimma anl\u00e4ggningar f\u00f6r att reng\u00f6ra djupt och snabbt &#8211; sparar upp till 70% av den tid som normalt anv\u00e4nds f\u00f6r att enkelt ta bort f\u00f6roreningar, inklusive olja, fr\u00e5n olika ytor f\u00f6r att ta bort obehagliga lukter som \u00e4r s\u00e4kra f\u00f6r l\u00e4der och kl\u00e4der inneh\u00e5ller fosfater, ej biologiskt nedbrytbart, ej br\u00e4nnbart kostnadseffektivt att anv\u00e4nda Rekommenderad temperatur i arbetsl\u00f6sning 30-60 \u00b0C &#8211; n\u00e4r temperaturen stiger \u00f6kar effektiviteten produkten <\/p>\n","protected":false},"featured_media":8358,"template":"","meta":[],"product_brand":[],"product_cat":[112,116,104,105,108,111],"product_tag":[],"class_list":{"0":"post-8340","1":"product","2":"type-product","3":"status-publish","4":"has-post-thumbnail","6":"product_cat-byggbranschen","7":"product_cat-alla-produkter","8":"product_cat-bil-och-maskinkemikalier","9":"product_cat-hushallskemikalier-sv","10":"product_cat-metallkemikalier","11":"product_cat-trabearbetningskemikalier","13":"first","14":"outofstock","15":"taxable","16":"shipping-taxable","17":"purchasable","18":"product-type-variable","19":"has-default-attributes","20":"rtwpvg-product"},"yoast_head":"<!-- This site is optimized with the Yoast SEO plugin v27.2 - https:\/\/yoast.com\/product\/yoast-seo-wordpress\/ -->\n<title>Master Cleaner Hit 11 - MasterChem | kemikaalien tuotanto ja myynti<\/title>\n<meta name=\"description\" content=\"Master Cleaner Hit 11 MasterChem. Det \u00e4r ett koncentrerat allm\u00e4nt reng\u00f6ringsmedel med alkaliska egenskaper baserat p\u00e5 vatten.\" \/>\n<meta name=\"robots\" content=\"index, follow, max-snippet:-1, max-image-preview:large, max-video-preview:-1\" \/>\n<link rel=\"canonical\" href=\"https:\/\/masterchem.fi\/sv\/produkt\/master-cleaner-hit-11\/\" \/>\n<meta property=\"og:locale\" content=\"sv_SE\" \/>\n<meta property=\"og:type\" content=\"article\" \/>\n<meta property=\"og:title\" content=\"Master Cleaner Hit 11 - MasterChem | kemikaalien tuotanto ja myynti\" \/>\n<meta property=\"og:description\" content=\"Master Cleaner Hit 11 MasterChem. Det \u00e4r ett koncentrerat allm\u00e4nt reng\u00f6ringsmedel med alkaliska egenskaper baserat p\u00e5 vatten.\" \/>\n<meta property=\"og:url\" content=\"https:\/\/masterchem.fi\/sv\/produkt\/master-cleaner-hit-11\/\" \/>\n<meta property=\"og:site_name\" content=\"MasterChem | kemikaalien tuotanto ja myynti\" \/>\n<meta property=\"article:modified_time\" content=\"2022-04-28T08:07:28+00:00\" \/>\n<meta property=\"og:image\" content=\"https:\/\/masterchem.fi\/wp-content\/uploads\/2022\/04\/Master-Cleaner-Hit-11-1000l-MaterChem.jpg\" \/>\n\t<meta property=\"og:image:width\" content=\"1000\" \/>\n\t<meta property=\"og:image:height\" content=\"1000\" \/>\n\t<meta property=\"og:image:type\" content=\"image\/jpeg\" \/>\n<meta name=\"twitter:card\" content=\"summary_large_image\" \/>\n<meta name=\"twitter:label1\" content=\"Ber\u00e4knad l\u00e4stid\" \/>\n\t<meta name=\"twitter:data1\" content=\"2 minuter\" \/>\n<script type=\"application\/ld+json\" class=\"yoast-schema-graph\">{\"@context\":\"https:\/\/schema.org\",\"@graph\":[{\"@type\":\"WebPage\",\"@id\":\"https:\/\/masterchem.fi\/sv\/produkt\/master-cleaner-hit-11\/\",\"url\":\"https:\/\/masterchem.fi\/sv\/produkt\/master-cleaner-hit-11\/\",\"name\":\"Master Cleaner Hit 11 - MasterChem | kemikaalien tuotanto ja myynti\",\"isPartOf\":{\"@id\":\"https:\/\/masterchem.fi\/sv\/#website\"},\"primaryImageOfPage\":{\"@id\":\"https:\/\/masterchem.fi\/sv\/produkt\/master-cleaner-hit-11\/#primaryimage\"},\"image\":{\"@id\":\"https:\/\/masterchem.fi\/sv\/produkt\/master-cleaner-hit-11\/#primaryimage\"},\"thumbnailUrl\":\"https:\/\/masterchem.fi\/wp-content\/uploads\/2022\/04\/Master-Cleaner-Hit-11-1000l-MaterChem.jpg\",\"datePublished\":\"2022-04-28T07:52:36+00:00\",\"dateModified\":\"2022-04-28T08:07:28+00:00\",\"description\":\"Master Cleaner Hit 11 MasterChem. Det \u00e4r ett koncentrerat allm\u00e4nt reng\u00f6ringsmedel med alkaliska egenskaper baserat p\u00e5 vatten.\",\"breadcrumb\":{\"@id\":\"https:\/\/masterchem.fi\/sv\/produkt\/master-cleaner-hit-11\/#breadcrumb\"},\"inLanguage\":\"sv-SE\",\"potentialAction\":[{\"@type\":\"ReadAction\",\"target\":[\"https:\/\/masterchem.fi\/sv\/produkt\/master-cleaner-hit-11\/\"]}]},{\"@type\":\"ImageObject\",\"inLanguage\":\"sv-SE\",\"@id\":\"https:\/\/masterchem.fi\/sv\/produkt\/master-cleaner-hit-11\/#primaryimage\",\"url\":\"https:\/\/masterchem.fi\/wp-content\/uploads\/2022\/04\/Master-Cleaner-Hit-11-1000l-MaterChem.jpg\",\"contentUrl\":\"https:\/\/masterchem.fi\/wp-content\/uploads\/2022\/04\/Master-Cleaner-Hit-11-1000l-MaterChem.jpg\",\"width\":1000,\"height\":1000,\"caption\":\"Master Cleaner Hit 11 1000l MaterChem\"},{\"@type\":\"BreadcrumbList\",\"@id\":\"https:\/\/masterchem.fi\/sv\/produkt\/master-cleaner-hit-11\/#breadcrumb\",\"itemListElement\":[{\"@type\":\"ListItem\",\"position\":1,\"name\":\"Home\",\"item\":\"https:\/\/masterchem.fi\/sv\/\"},{\"@type\":\"ListItem\",\"position\":2,\"name\":\"Butik\",\"item\":\"https:\/\/masterchem.fi\/sv\/butik\/\"},{\"@type\":\"ListItem\",\"position\":3,\"name\":\"Master Cleaner Hit 11\"}]},{\"@type\":\"WebSite\",\"@id\":\"https:\/\/masterchem.fi\/sv\/#website\",\"url\":\"https:\/\/masterchem.fi\/sv\/\",\"name\":\"MasterChem | kemikaalien tuotanto ja myynti\",\"description\":\"kemikaalien tuotanto ja myynti\",\"potentialAction\":[{\"@type\":\"SearchAction\",\"target\":{\"@type\":\"EntryPoint\",\"urlTemplate\":\"https:\/\/masterchem.fi\/sv\/?s={search_term_string}\"},\"query-input\":{\"@type\":\"PropertyValueSpecification\",\"valueRequired\":true,\"valueName\":\"search_term_string\"}}],\"inLanguage\":\"sv-SE\"}]}<\/script>\n<!-- \/ Yoast SEO plugin. -->","yoast_head_json":{"title":"Master Cleaner Hit 11 - MasterChem | kemikaalien tuotanto ja myynti","description":"Master Cleaner Hit 11 MasterChem. Det \u00e4r ett koncentrerat allm\u00e4nt reng\u00f6ringsmedel med alkaliska egenskaper baserat p\u00e5 vatten.","robots":{"index":"index","follow":"follow","max-snippet":"max-snippet:-1","max-image-preview":"max-image-preview:large","max-video-preview":"max-video-preview:-1"},"canonical":"https:\/\/masterchem.fi\/sv\/produkt\/master-cleaner-hit-11\/","og_locale":"sv_SE","og_type":"article","og_title":"Master Cleaner Hit 11 - MasterChem | kemikaalien tuotanto ja myynti","og_description":"Master Cleaner Hit 11 MasterChem. Det \u00e4r ett koncentrerat allm\u00e4nt reng\u00f6ringsmedel med alkaliska egenskaper baserat p\u00e5 vatten.","og_url":"https:\/\/masterchem.fi\/sv\/produkt\/master-cleaner-hit-11\/","og_site_name":"MasterChem | kemikaalien tuotanto ja myynti","article_modified_time":"2022-04-28T08:07:28+00:00","og_image":[{"width":1000,"height":1000,"url":"https:\/\/masterchem.fi\/wp-content\/uploads\/2022\/04\/Master-Cleaner-Hit-11-1000l-MaterChem.jpg","type":"image\/jpeg"}],"twitter_card":"summary_large_image","twitter_misc":{"Ber\u00e4knad l\u00e4stid":"2 minuter"},"schema":{"@context":"https:\/\/schema.org","@graph":[{"@type":"WebPage","@id":"https:\/\/masterchem.fi\/sv\/produkt\/master-cleaner-hit-11\/","url":"https:\/\/masterchem.fi\/sv\/produkt\/master-cleaner-hit-11\/","name":"Master Cleaner Hit 11 - MasterChem | kemikaalien tuotanto ja myynti","isPartOf":{"@id":"https:\/\/masterchem.fi\/sv\/#website"},"primaryImageOfPage":{"@id":"https:\/\/masterchem.fi\/sv\/produkt\/master-cleaner-hit-11\/#primaryimage"},"image":{"@id":"https:\/\/masterchem.fi\/sv\/produkt\/master-cleaner-hit-11\/#primaryimage"},"thumbnailUrl":"https:\/\/masterchem.fi\/wp-content\/uploads\/2022\/04\/Master-Cleaner-Hit-11-1000l-MaterChem.jpg","datePublished":"2022-04-28T07:52:36+00:00","dateModified":"2022-04-28T08:07:28+00:00","description":"Master Cleaner Hit 11 MasterChem. Det \u00e4r ett koncentrerat allm\u00e4nt reng\u00f6ringsmedel med alkaliska egenskaper baserat p\u00e5 vatten.","breadcrumb":{"@id":"https:\/\/masterchem.fi\/sv\/produkt\/master-cleaner-hit-11\/#breadcrumb"},"inLanguage":"sv-SE","potentialAction":[{"@type":"ReadAction","target":["https:\/\/masterchem.fi\/sv\/produkt\/master-cleaner-hit-11\/"]}]},{"@type":"ImageObject","inLanguage":"sv-SE","@id":"https:\/\/masterchem.fi\/sv\/produkt\/master-cleaner-hit-11\/#primaryimage","url":"https:\/\/masterchem.fi\/wp-content\/uploads\/2022\/04\/Master-Cleaner-Hit-11-1000l-MaterChem.jpg","contentUrl":"https:\/\/masterchem.fi\/wp-content\/uploads\/2022\/04\/Master-Cleaner-Hit-11-1000l-MaterChem.jpg","width":1000,"height":1000,"caption":"Master Cleaner Hit 11 1000l MaterChem"},{"@type":"BreadcrumbList","@id":"https:\/\/masterchem.fi\/sv\/produkt\/master-cleaner-hit-11\/#breadcrumb","itemListElement":[{"@type":"ListItem","position":1,"name":"Home","item":"https:\/\/masterchem.fi\/sv\/"},{"@type":"ListItem","position":2,"name":"Butik","item":"https:\/\/masterchem.fi\/sv\/butik\/"},{"@type":"ListItem","position":3,"name":"Master Cleaner Hit 11"}]},{"@type":"WebSite","@id":"https:\/\/masterchem.fi\/sv\/#website","url":"https:\/\/masterchem.fi\/sv\/","name":"MasterChem | kemikaalien tuotanto ja myynti","description":"kemikaalien tuotanto ja myynti","potentialAction":[{"@type":"SearchAction","target":{"@type":"EntryPoint","urlTemplate":"https:\/\/masterchem.fi\/sv\/?s={search_term_string}"},"query-input":{"@type":"PropertyValueSpecification","valueRequired":true,"valueName":"search_term_string"}}],"inLanguage":"sv-SE"}]}},"_links":{"self":[{"href":"https:\/\/masterchem.fi\/sv\/wp-json\/wp\/v2\/product\/8340","targetHints":{"allow":["GET"]}}],"collection":[{"href":"https:\/\/masterchem.fi\/sv\/wp-json\/wp\/v2\/product"}],"about":[{"href":"https:\/\/masterchem.fi\/sv\/wp-json\/wp\/v2\/types\/product"}],"wp:featuredmedia":[{"embeddable":true,"href":"https:\/\/masterchem.fi\/sv\/wp-json\/wp\/v2\/media\/8358"}],"wp:attachment":[{"href":"https:\/\/masterchem.fi\/sv\/wp-json\/wp\/v2\/media?parent=8340"}],"wp:term":[{"taxonomy":"product_brand","embeddable":true,"href":"https:\/\/masterchem.fi\/sv\/wp-json\/wp\/v2\/product_brand?post=8340"},{"taxonomy":"product_cat","embeddable":true,"href":"https:\/\/masterchem.fi\/sv\/wp-json\/wp\/v2\/product_cat?post=8340"},{"taxonomy":"product_tag","embeddable":true,"href":"https:\/\/masterchem.fi\/sv\/wp-json\/wp\/v2\/product_tag?post=8340"}],"curies":[{"name":"wp","href":"https:\/\/api.w.org\/{rel}","templated":true}]}}