{"id":8378,"date":"2022-04-28T11:14:48","date_gmt":"2022-04-28T08:14:49","guid":{"rendered":"https:\/\/masterchem.fi\/?post_type=product&#038;p=8378"},"modified":"2022-04-28T11:20:28","modified_gmt":"2022-04-28T08:20:28","slug":"zinknitrathexahydrat-cas-10196-18-6","status":"publish","type":"product","link":"https:\/\/masterchem.fi\/sv\/produkt\/zinknitrathexahydrat-cas-10196-18-6\/","title":{"rendered":"Zinknitrathexahydrat (CAS 10196-18-6)"},"content":{"rendered":"<p> <strong> Anv\u00e4nder <\/strong> <br \/>\nF\u00f6reningen anv\u00e4nds i f\u00e4rg\u00e4mnet som betningsmedel och latexkoaguleringsmedel. Det anv\u00e4nds ocks\u00e5 som en sur katalysator och som en analytisk standard f\u00f6r zink. <br \/>\n<strong> F\u00f6rberedelser <\/strong> <br \/>\nZinknitrat framst\u00e4lls genom att oms\u00e4tta zinkmetall, zinkoxid eller zinkhydroxid med salpetersyra och sedan kristallisera. Saltet erh\u00e5lls som ett hexahydrat: <br \/>\nZn + 2HNO3 \u2192 Zn (NO3)2 + H2 <br \/>\nZnO + 2HNO3 \u2192 Zn (NO3)2 + H2O <br \/>\nZn (OH) 2 + 2HNO3 \u2192 Zn (NO3) 2 + 2H2O <br \/>\nSaltet s\u00e4ljs \u00e4ven i form av kommersiellt utsm\u00e4lta bitar och tekniska flingor inneh\u00e5llande cirka 20 % och 25,6 % vatten. <\/p>\n<p> <strong> Branscher <\/strong> <\/p>\n<p> F\u00e4rger och lacker, Hush\u00e5llskemikalier, Kosmetika, A-Z katalog, Lim, oljor, fetter, L\u00e4kemedel, Byggkemikalier, Hartser, plaster, polyuretaner <\/p>\n<p> WE-nummer: 231-943-8 <br \/>\nKemisk formel: Zn (NO3) 2 \u00b7 6H2O <br \/>\nMolekylvikt: 189,36 g\/mol <br \/>\nADR: UN1514 <\/p>\n<p> <strong> Andra fysiska egenskaper <\/strong> <\/p>\n<p> pH: 5,1 (50 g \/ l H2O, 20 \u00b0 C) <br \/>\nSm\u00e4ltpunkt \/ fryspunkt: 36 \u00b0 C <br \/>\nRelativ densitet: 2,06 g\/cm3 (20 \u00b0C) <br \/>\nL\u00f6slighet i vatten: 1800 g \/ l (20 \u00b0 C) <\/p>\n","protected":false},"excerpt":{"rendered":"<p> <strong> Zinknitrathexahydrat (CAS 10196-18-6) <\/strong> <\/p>\n<p> Zinknitrathexahydrat \u00e4r en vattenl\u00f6slig, kristallin zinkk\u00e4lla som \u00e4r kompatibel med nitrater och har ett l\u00e4gre (surt) pH. Nitratf\u00f6reningar \u00e4r i allm\u00e4nhet l\u00f6sliga i vatten. Nitratmaterial \u00e4r ocks\u00e5 oxidationsmedel. N\u00e4r de blandas med kolv\u00e4ten kan nitratf\u00f6reningar bilda en brandfarlig blandning. Nitrater \u00e4r utm\u00e4rkta utg\u00e5ngsmaterial f\u00f6r framst\u00e4llning av h\u00f6grena f\u00f6reningar och vissa katalysator- och nanoskala (nanopartiklar och pulver) material. Alla metallnitrater \u00e4r oorganiska salter av en viss metallkatjon och nitratanjon. Nitratanjonen \u00e4r en env\u00e4rd (-1 laddning) polyatomisk jon som best\u00e5r av en kv\u00e4veatom joniskt bunden till tre syreatomer (symbol: NO3), vilket ger en totalvikt p\u00e5 62,05. <\/p>\n","protected":false},"featured_media":8382,"template":"","meta":[],"product_brand":[],"product_cat":[105,106,109,112,116],"product_tag":[],"class_list":{"0":"post-8378","1":"product","2":"type-product","3":"status-publish","4":"has-post-thumbnail","6":"product_cat-hushallskemikalier-sv","7":"product_cat-lakemedelsindustri","8":"product_cat-plast","9":"product_cat-byggbranschen","10":"product_cat-alla-produkter","12":"first","13":"outofstock","14":"taxable","15":"shipping-taxable","16":"purchasable","17":"product-type-variable","18":"has-default-attributes","19":"rtwpvg-product"},"yoast_head":"<!-- This site is optimized with the Yoast SEO plugin v27.5 - https:\/\/yoast.com\/product\/yoast-seo-wordpress\/ -->\n<title>Zinknitrathexahydrat (CAS 10196-18-6) - MasterChem | kemikaalien tuotanto ja myynti<\/title>\n<meta name=\"description\" content=\"Zinknitrathexahydrat \u00e4r en mycket vattenl\u00f6slig kristallin zinkk\u00e4lla som \u00e4r kompatibel med nitrater och har ett l\u00e4gre (surt) pH. Nitratf\u00f6reningar \u00e4r i allm\u00e4nhet l\u00f6sliga i vatten.\" \/>\n<meta name=\"robots\" content=\"index, follow, max-snippet:-1, max-image-preview:large, max-video-preview:-1\" \/>\n<link rel=\"canonical\" href=\"https:\/\/masterchem.fi\/sv\/produkt\/zinknitrathexahydrat-cas-10196-18-6\/\" \/>\n<meta property=\"og:locale\" content=\"sv_SE\" \/>\n<meta property=\"og:type\" content=\"article\" \/>\n<meta property=\"og:title\" content=\"Zinknitrathexahydrat (CAS 10196-18-6) - MasterChem | kemikaalien tuotanto ja myynti\" \/>\n<meta property=\"og:description\" content=\"Zinknitrathexahydrat \u00e4r en mycket vattenl\u00f6slig kristallin zinkk\u00e4lla som \u00e4r kompatibel med nitrater och har ett l\u00e4gre (surt) pH. Nitratf\u00f6reningar \u00e4r i allm\u00e4nhet l\u00f6sliga i vatten.\" \/>\n<meta property=\"og:url\" content=\"https:\/\/masterchem.fi\/sv\/produkt\/zinknitrathexahydrat-cas-10196-18-6\/\" \/>\n<meta property=\"og:site_name\" content=\"MasterChem | kemikaalien tuotanto ja myynti\" \/>\n<meta property=\"article:modified_time\" content=\"2022-04-28T08:20:28+00:00\" \/>\n<meta property=\"og:image\" content=\"https:\/\/masterchem.fi\/wp-content\/uploads\/2022\/04\/Sinkkinitraattiheksahydraatti-CAS-10196-18-6-25kg-MasterChem.jpg\" \/>\n\t<meta property=\"og:image:width\" content=\"1000\" \/>\n\t<meta property=\"og:image:height\" content=\"1000\" \/>\n\t<meta property=\"og:image:type\" content=\"image\/jpeg\" \/>\n<meta name=\"twitter:card\" content=\"summary_large_image\" \/>\n<meta name=\"twitter:label1\" content=\"Ber\u00e4knad l\u00e4stid\" \/>\n\t<meta name=\"twitter:data1\" content=\"1 minut\" \/>\n<script type=\"application\/ld+json\" class=\"yoast-schema-graph\">{\"@context\":\"https:\\\/\\\/schema.org\",\"@graph\":[{\"@type\":\"WebPage\",\"@id\":\"https:\\\/\\\/masterchem.fi\\\/sv\\\/produkt\\\/zinknitrathexahydrat-cas-10196-18-6\\\/\",\"url\":\"https:\\\/\\\/masterchem.fi\\\/sv\\\/produkt\\\/zinknitrathexahydrat-cas-10196-18-6\\\/\",\"name\":\"Zinknitrathexahydrat (CAS 10196-18-6) - MasterChem | kemikaalien tuotanto ja myynti\",\"isPartOf\":{\"@id\":\"https:\\\/\\\/masterchem.fi\\\/sv\\\/#website\"},\"primaryImageOfPage\":{\"@id\":\"https:\\\/\\\/masterchem.fi\\\/sv\\\/produkt\\\/zinknitrathexahydrat-cas-10196-18-6\\\/#primaryimage\"},\"image\":{\"@id\":\"https:\\\/\\\/masterchem.fi\\\/sv\\\/produkt\\\/zinknitrathexahydrat-cas-10196-18-6\\\/#primaryimage\"},\"thumbnailUrl\":\"https:\\\/\\\/masterchem.fi\\\/wp-content\\\/uploads\\\/2022\\\/04\\\/Sinkkinitraattiheksahydraatti-CAS-10196-18-6-25kg-MasterChem.jpg\",\"datePublished\":\"2022-04-28T08:14:49+00:00\",\"dateModified\":\"2022-04-28T08:20:28+00:00\",\"description\":\"Zinknitrathexahydrat \u00e4r en mycket vattenl\u00f6slig kristallin zinkk\u00e4lla som \u00e4r kompatibel med nitrater och har ett l\u00e4gre (surt) pH. Nitratf\u00f6reningar \u00e4r i allm\u00e4nhet l\u00f6sliga i vatten.\",\"breadcrumb\":{\"@id\":\"https:\\\/\\\/masterchem.fi\\\/sv\\\/produkt\\\/zinknitrathexahydrat-cas-10196-18-6\\\/#breadcrumb\"},\"inLanguage\":\"sv-SE\",\"potentialAction\":[{\"@type\":\"ReadAction\",\"target\":[\"https:\\\/\\\/masterchem.fi\\\/sv\\\/produkt\\\/zinknitrathexahydrat-cas-10196-18-6\\\/\"]}]},{\"@type\":\"ImageObject\",\"inLanguage\":\"sv-SE\",\"@id\":\"https:\\\/\\\/masterchem.fi\\\/sv\\\/produkt\\\/zinknitrathexahydrat-cas-10196-18-6\\\/#primaryimage\",\"url\":\"https:\\\/\\\/masterchem.fi\\\/wp-content\\\/uploads\\\/2022\\\/04\\\/Sinkkinitraattiheksahydraatti-CAS-10196-18-6-25kg-MasterChem.jpg\",\"contentUrl\":\"https:\\\/\\\/masterchem.fi\\\/wp-content\\\/uploads\\\/2022\\\/04\\\/Sinkkinitraattiheksahydraatti-CAS-10196-18-6-25kg-MasterChem.jpg\",\"width\":1000,\"height\":1000,\"caption\":\"Zinknitrathexahydrat (CAS 10196-18-6) 25kg MasterChem\"},{\"@type\":\"BreadcrumbList\",\"@id\":\"https:\\\/\\\/masterchem.fi\\\/sv\\\/produkt\\\/zinknitrathexahydrat-cas-10196-18-6\\\/#breadcrumb\",\"itemListElement\":[{\"@type\":\"ListItem\",\"position\":1,\"name\":\"Home\",\"item\":\"https:\\\/\\\/masterchem.fi\\\/sv\\\/\"},{\"@type\":\"ListItem\",\"position\":2,\"name\":\"Butik\",\"item\":\"https:\\\/\\\/masterchem.fi\\\/sv\\\/butik\\\/\"},{\"@type\":\"ListItem\",\"position\":3,\"name\":\"Zinknitrathexahydrat (CAS 10196-18-6)\"}]},{\"@type\":\"WebSite\",\"@id\":\"https:\\\/\\\/masterchem.fi\\\/sv\\\/#website\",\"url\":\"https:\\\/\\\/masterchem.fi\\\/sv\\\/\",\"name\":\"MasterChem | kemikaalien tuotanto ja myynti\",\"description\":\"kemikaalien tuotanto ja myynti\",\"potentialAction\":[{\"@type\":\"SearchAction\",\"target\":{\"@type\":\"EntryPoint\",\"urlTemplate\":\"https:\\\/\\\/masterchem.fi\\\/sv\\\/?s={search_term_string}\"},\"query-input\":{\"@type\":\"PropertyValueSpecification\",\"valueRequired\":true,\"valueName\":\"search_term_string\"}}],\"inLanguage\":\"sv-SE\"}]}<\/script>\n<!-- \/ Yoast SEO plugin. -->","yoast_head_json":{"title":"Zinknitrathexahydrat (CAS 10196-18-6) - MasterChem | kemikaalien tuotanto ja myynti","description":"Zinknitrathexahydrat \u00e4r en mycket vattenl\u00f6slig kristallin zinkk\u00e4lla som \u00e4r kompatibel med nitrater och har ett l\u00e4gre (surt) pH. Nitratf\u00f6reningar \u00e4r i allm\u00e4nhet l\u00f6sliga i vatten.","robots":{"index":"index","follow":"follow","max-snippet":"max-snippet:-1","max-image-preview":"max-image-preview:large","max-video-preview":"max-video-preview:-1"},"canonical":"https:\/\/masterchem.fi\/sv\/produkt\/zinknitrathexahydrat-cas-10196-18-6\/","og_locale":"sv_SE","og_type":"article","og_title":"Zinknitrathexahydrat (CAS 10196-18-6) - MasterChem | kemikaalien tuotanto ja myynti","og_description":"Zinknitrathexahydrat \u00e4r en mycket vattenl\u00f6slig kristallin zinkk\u00e4lla som \u00e4r kompatibel med nitrater och har ett l\u00e4gre (surt) pH. Nitratf\u00f6reningar \u00e4r i allm\u00e4nhet l\u00f6sliga i vatten.","og_url":"https:\/\/masterchem.fi\/sv\/produkt\/zinknitrathexahydrat-cas-10196-18-6\/","og_site_name":"MasterChem | kemikaalien tuotanto ja myynti","article_modified_time":"2022-04-28T08:20:28+00:00","og_image":[{"width":1000,"height":1000,"url":"https:\/\/masterchem.fi\/wp-content\/uploads\/2022\/04\/Sinkkinitraattiheksahydraatti-CAS-10196-18-6-25kg-MasterChem.jpg","type":"image\/jpeg"}],"twitter_card":"summary_large_image","twitter_misc":{"Ber\u00e4knad l\u00e4stid":"1 minut"},"schema":{"@context":"https:\/\/schema.org","@graph":[{"@type":"WebPage","@id":"https:\/\/masterchem.fi\/sv\/produkt\/zinknitrathexahydrat-cas-10196-18-6\/","url":"https:\/\/masterchem.fi\/sv\/produkt\/zinknitrathexahydrat-cas-10196-18-6\/","name":"Zinknitrathexahydrat (CAS 10196-18-6) - MasterChem | kemikaalien tuotanto ja myynti","isPartOf":{"@id":"https:\/\/masterchem.fi\/sv\/#website"},"primaryImageOfPage":{"@id":"https:\/\/masterchem.fi\/sv\/produkt\/zinknitrathexahydrat-cas-10196-18-6\/#primaryimage"},"image":{"@id":"https:\/\/masterchem.fi\/sv\/produkt\/zinknitrathexahydrat-cas-10196-18-6\/#primaryimage"},"thumbnailUrl":"https:\/\/masterchem.fi\/wp-content\/uploads\/2022\/04\/Sinkkinitraattiheksahydraatti-CAS-10196-18-6-25kg-MasterChem.jpg","datePublished":"2022-04-28T08:14:49+00:00","dateModified":"2022-04-28T08:20:28+00:00","description":"Zinknitrathexahydrat \u00e4r en mycket vattenl\u00f6slig kristallin zinkk\u00e4lla som \u00e4r kompatibel med nitrater och har ett l\u00e4gre (surt) pH. Nitratf\u00f6reningar \u00e4r i allm\u00e4nhet l\u00f6sliga i vatten.","breadcrumb":{"@id":"https:\/\/masterchem.fi\/sv\/produkt\/zinknitrathexahydrat-cas-10196-18-6\/#breadcrumb"},"inLanguage":"sv-SE","potentialAction":[{"@type":"ReadAction","target":["https:\/\/masterchem.fi\/sv\/produkt\/zinknitrathexahydrat-cas-10196-18-6\/"]}]},{"@type":"ImageObject","inLanguage":"sv-SE","@id":"https:\/\/masterchem.fi\/sv\/produkt\/zinknitrathexahydrat-cas-10196-18-6\/#primaryimage","url":"https:\/\/masterchem.fi\/wp-content\/uploads\/2022\/04\/Sinkkinitraattiheksahydraatti-CAS-10196-18-6-25kg-MasterChem.jpg","contentUrl":"https:\/\/masterchem.fi\/wp-content\/uploads\/2022\/04\/Sinkkinitraattiheksahydraatti-CAS-10196-18-6-25kg-MasterChem.jpg","width":1000,"height":1000,"caption":"Zinknitrathexahydrat (CAS 10196-18-6) 25kg MasterChem"},{"@type":"BreadcrumbList","@id":"https:\/\/masterchem.fi\/sv\/produkt\/zinknitrathexahydrat-cas-10196-18-6\/#breadcrumb","itemListElement":[{"@type":"ListItem","position":1,"name":"Home","item":"https:\/\/masterchem.fi\/sv\/"},{"@type":"ListItem","position":2,"name":"Butik","item":"https:\/\/masterchem.fi\/sv\/butik\/"},{"@type":"ListItem","position":3,"name":"Zinknitrathexahydrat (CAS 10196-18-6)"}]},{"@type":"WebSite","@id":"https:\/\/masterchem.fi\/sv\/#website","url":"https:\/\/masterchem.fi\/sv\/","name":"MasterChem | kemikaalien tuotanto ja myynti","description":"kemikaalien tuotanto ja myynti","potentialAction":[{"@type":"SearchAction","target":{"@type":"EntryPoint","urlTemplate":"https:\/\/masterchem.fi\/sv\/?s={search_term_string}"},"query-input":{"@type":"PropertyValueSpecification","valueRequired":true,"valueName":"search_term_string"}}],"inLanguage":"sv-SE"}]}},"_links":{"self":[{"href":"https:\/\/masterchem.fi\/sv\/wp-json\/wp\/v2\/product\/8378","targetHints":{"allow":["GET"]}}],"collection":[{"href":"https:\/\/masterchem.fi\/sv\/wp-json\/wp\/v2\/product"}],"about":[{"href":"https:\/\/masterchem.fi\/sv\/wp-json\/wp\/v2\/types\/product"}],"wp:featuredmedia":[{"embeddable":true,"href":"https:\/\/masterchem.fi\/sv\/wp-json\/wp\/v2\/media\/8382"}],"wp:attachment":[{"href":"https:\/\/masterchem.fi\/sv\/wp-json\/wp\/v2\/media?parent=8378"}],"wp:term":[{"taxonomy":"product_brand","embeddable":true,"href":"https:\/\/masterchem.fi\/sv\/wp-json\/wp\/v2\/product_brand?post=8378"},{"taxonomy":"product_cat","embeddable":true,"href":"https:\/\/masterchem.fi\/sv\/wp-json\/wp\/v2\/product_cat?post=8378"},{"taxonomy":"product_tag","embeddable":true,"href":"https:\/\/masterchem.fi\/sv\/wp-json\/wp\/v2\/product_tag?post=8378"}],"curies":[{"name":"wp","href":"https:\/\/api.w.org\/{rel}","templated":true}]}}