{"id":8386,"date":"2022-04-28T11:26:30","date_gmt":"2022-04-28T08:26:30","guid":{"rendered":"https:\/\/masterchem.fi\/?post_type=product&#038;p=8386"},"modified":"2022-04-28T11:40:05","modified_gmt":"2022-04-28T08:40:05","slug":"kaliumnitrat-cas-7757-79-1","status":"publish","type":"product","link":"https:\/\/masterchem.fi\/sv\/produkt\/kaliumnitrat-cas-7757-79-1\/","title":{"rendered":"Kaliumnitrat (CAS 7757-79-1)"},"content":{"rendered":"<p> <strong> Detaljer <\/strong> <br \/>\nKategorier: Hush\u00e5llskemikalier, G\u00f6dselmedel, A-Z lista, Tr\u00e4dg\u00e5rdssk\u00f6tsel, Livsmedelsindustri <br \/>\nSammans\u00e4ttning: Produkter A -Z, Salpetersyrasalter &#8211; Nitrater, Kaliumf\u00f6reningar, Kv\u00e4vef\u00f6reningar <br \/>\nCAS-nummer: 7757-79-1 <br \/>\nWE-nummer: 231-818-8 <br \/>\nKemisk formel: KNO3 <br \/>\nMolekylvikt: 101,10 g\/mol <br \/>\nADR: UN1486 <\/p>\n<p> <strong> Andra fysiska egenskaper <\/strong> <\/p>\n<p> pH: 3-11 (1 % kolofonium) <br \/>\nSm\u00e4ltpunkt\/fryspunkt: 334 \u00b0C <br \/>\nRelativ densitet: 2,1 g \/ cm3 <br \/>\nL\u00f6slighet i vatten: 32 g \/ 100 ml <\/p>\n","protected":false},"excerpt":{"rendered":"<p> <strong> Kaliumnitrat (CAS 7757-79-1) <\/strong> <\/p>\n<p>Kaliumnitrat (tillsatskod E252) \u00e4r ett naturligt f\u00f6rekommande kaliumsalt av salpetersyra med den kemiska formeln KNO3. Det s\u00e4gs ocks\u00e5 vara en salvia eller kaliumsalvia, som kommer fr\u00e5n det latinska ordet sal petrae, som betyder stensalt (latin f\u00f6r &#8220;sal&#8221;, salt; &#8220;Petrus&#8221;, sten). Den f\u00f6rekommer naturligt i stora skikt i Sydamerika, s\u00e4rskilt i Chile i skikt p\u00e5 upp till 3,6 meter. Salterna blandas med andra salter som NaCl, gips och sand. Salpietaravlagringarna i Chile och Peru \u00e4r dock fler k\u00e4llor till natriumnitrat \u00e4n kaliumnitrat. <\/p>\n<p> F\u00f6re den industriella produktionen av kaliumnitrat var de viktigaste k\u00e4llorna till kaliumnitrat kristallisering av grottv\u00e4ggar och s\u00f6nderfallande organiskt material. G\u00f6dselh\u00f6gar var en s\u00e4rskilt betydelsefull k\u00e4lla. Bakterier oxiderar s\u00f6nderfallande urea ammoniak och andra kv\u00e4vehaltiga \u00e4mnen, vilket resulterar i bildandet av nitrater. I \u00d6sterbotten har man till exempel tillverkat g\u00f6dselslam i \u00d6sterbotten i Finland sedan \u00e5tminstone 1500-talet. <\/p>\n<p>Kaliumnitrat anv\u00e4nds vid tillverkning av salpetersyra, i matlagning, i g\u00f6dningsmedel, som raketbr\u00e4nsle och i fyrverkerier. Det anv\u00e4nds ocks\u00e5 i vissa tandkr\u00e4mer f\u00f6r att f\u00f6rhindra karies. F\u00f6rr i tiden <\/p>\n","protected":false},"featured_media":8389,"template":"","meta":[],"product_brand":[],"product_cat":[105,116,171,173,182],"product_tag":[],"class_list":{"0":"post-8386","1":"product","2":"type-product","3":"status-publish","4":"has-post-thumbnail","6":"product_cat-hushallskemikalier-sv","7":"product_cat-alla-produkter","8":"product_cat-livsmedelsindustrin","9":"product_cat-godselmedel","10":"product_cat-hortikultur","12":"first","13":"instock","14":"taxable","15":"shipping-taxable","16":"purchasable","17":"product-type-variable","18":"has-default-attributes","19":"rtwpvg-product"},"yoast_head":"<!-- This site is optimized with the Yoast SEO plugin v27.2 - https:\/\/yoast.com\/product\/yoast-seo-wordpress\/ -->\n<title>Kaliumnitrat (CAS 7757-79-1) - MasterChem | kemikaalien tuotanto ja myynti<\/title>\n<meta name=\"description\" content=\"Kaliumnitrat (tillsatskod E252) \u00e4r ett naturligt f\u00f6rekommande kaliumsalt av salpetersyra med den kemiska formeln KNO3. Det s\u00e4gs ocks\u00e5 vara en salvia eller kaliumsalvia, som kommer fr\u00e5n det latinska ordet sal petrae, som betyder stensalt.\" \/>\n<meta name=\"robots\" content=\"index, follow, max-snippet:-1, max-image-preview:large, max-video-preview:-1\" \/>\n<link rel=\"canonical\" href=\"https:\/\/masterchem.fi\/sv\/produkt\/kaliumnitrat-cas-7757-79-1\/\" \/>\n<meta property=\"og:locale\" content=\"sv_SE\" \/>\n<meta property=\"og:type\" content=\"article\" \/>\n<meta property=\"og:title\" content=\"Kaliumnitrat (CAS 7757-79-1) - MasterChem | kemikaalien tuotanto ja myynti\" \/>\n<meta property=\"og:description\" content=\"Kaliumnitrat (tillsatskod E252) \u00e4r ett naturligt f\u00f6rekommande kaliumsalt av salpetersyra med den kemiska formeln KNO3. Det s\u00e4gs ocks\u00e5 vara en salvia eller kaliumsalvia, som kommer fr\u00e5n det latinska ordet sal petrae, som betyder stensalt.\" \/>\n<meta property=\"og:url\" content=\"https:\/\/masterchem.fi\/sv\/produkt\/kaliumnitrat-cas-7757-79-1\/\" \/>\n<meta property=\"og:site_name\" content=\"MasterChem | kemikaalien tuotanto ja myynti\" \/>\n<meta property=\"article:modified_time\" content=\"2022-04-28T08:40:05+00:00\" \/>\n<meta property=\"og:image\" content=\"https:\/\/masterchem.fi\/wp-content\/uploads\/2022\/04\/Kaliumnitraatti-CAS-7757-79-1-25kg-MasterChem.jpg\" \/>\n\t<meta property=\"og:image:width\" content=\"1000\" \/>\n\t<meta property=\"og:image:height\" content=\"1000\" \/>\n\t<meta property=\"og:image:type\" content=\"image\/jpeg\" \/>\n<meta name=\"twitter:card\" content=\"summary_large_image\" \/>\n<script type=\"application\/ld+json\" class=\"yoast-schema-graph\">{\"@context\":\"https:\/\/schema.org\",\"@graph\":[{\"@type\":\"WebPage\",\"@id\":\"https:\/\/masterchem.fi\/sv\/produkt\/kaliumnitrat-cas-7757-79-1\/\",\"url\":\"https:\/\/masterchem.fi\/sv\/produkt\/kaliumnitrat-cas-7757-79-1\/\",\"name\":\"Kaliumnitrat (CAS 7757-79-1) - MasterChem | kemikaalien tuotanto ja myynti\",\"isPartOf\":{\"@id\":\"https:\/\/masterchem.fi\/sv\/#website\"},\"primaryImageOfPage\":{\"@id\":\"https:\/\/masterchem.fi\/sv\/produkt\/kaliumnitrat-cas-7757-79-1\/#primaryimage\"},\"image\":{\"@id\":\"https:\/\/masterchem.fi\/sv\/produkt\/kaliumnitrat-cas-7757-79-1\/#primaryimage\"},\"thumbnailUrl\":\"https:\/\/masterchem.fi\/wp-content\/uploads\/2022\/04\/Kaliumnitraatti-CAS-7757-79-1-25kg-MasterChem.jpg\",\"datePublished\":\"2022-04-28T08:26:30+00:00\",\"dateModified\":\"2022-04-28T08:40:05+00:00\",\"description\":\"Kaliumnitrat (tillsatskod E252) \u00e4r ett naturligt f\u00f6rekommande kaliumsalt av salpetersyra med den kemiska formeln KNO3. Det s\u00e4gs ocks\u00e5 vara en salvia eller kaliumsalvia, som kommer fr\u00e5n det latinska ordet sal petrae, som betyder stensalt.\",\"breadcrumb\":{\"@id\":\"https:\/\/masterchem.fi\/sv\/produkt\/kaliumnitrat-cas-7757-79-1\/#breadcrumb\"},\"inLanguage\":\"sv-SE\",\"potentialAction\":[{\"@type\":\"ReadAction\",\"target\":[\"https:\/\/masterchem.fi\/sv\/produkt\/kaliumnitrat-cas-7757-79-1\/\"]}]},{\"@type\":\"ImageObject\",\"inLanguage\":\"sv-SE\",\"@id\":\"https:\/\/masterchem.fi\/sv\/produkt\/kaliumnitrat-cas-7757-79-1\/#primaryimage\",\"url\":\"https:\/\/masterchem.fi\/wp-content\/uploads\/2022\/04\/Kaliumnitraatti-CAS-7757-79-1-25kg-MasterChem.jpg\",\"contentUrl\":\"https:\/\/masterchem.fi\/wp-content\/uploads\/2022\/04\/Kaliumnitraatti-CAS-7757-79-1-25kg-MasterChem.jpg\",\"width\":1000,\"height\":1000,\"caption\":\"Kaliumnitrat (CAS 7757-79-1) 25kg MasterChem\"},{\"@type\":\"BreadcrumbList\",\"@id\":\"https:\/\/masterchem.fi\/sv\/produkt\/kaliumnitrat-cas-7757-79-1\/#breadcrumb\",\"itemListElement\":[{\"@type\":\"ListItem\",\"position\":1,\"name\":\"Home\",\"item\":\"https:\/\/masterchem.fi\/sv\/\"},{\"@type\":\"ListItem\",\"position\":2,\"name\":\"Butik\",\"item\":\"https:\/\/masterchem.fi\/sv\/butik\/\"},{\"@type\":\"ListItem\",\"position\":3,\"name\":\"Kaliumnitrat (CAS 7757-79-1)\"}]},{\"@type\":\"WebSite\",\"@id\":\"https:\/\/masterchem.fi\/sv\/#website\",\"url\":\"https:\/\/masterchem.fi\/sv\/\",\"name\":\"MasterChem | kemikaalien tuotanto ja myynti\",\"description\":\"kemikaalien tuotanto ja myynti\",\"potentialAction\":[{\"@type\":\"SearchAction\",\"target\":{\"@type\":\"EntryPoint\",\"urlTemplate\":\"https:\/\/masterchem.fi\/sv\/?s={search_term_string}\"},\"query-input\":{\"@type\":\"PropertyValueSpecification\",\"valueRequired\":true,\"valueName\":\"search_term_string\"}}],\"inLanguage\":\"sv-SE\"}]}<\/script>\n<!-- \/ Yoast SEO plugin. -->","yoast_head_json":{"title":"Kaliumnitrat (CAS 7757-79-1) - MasterChem | kemikaalien tuotanto ja myynti","description":"Kaliumnitrat (tillsatskod E252) \u00e4r ett naturligt f\u00f6rekommande kaliumsalt av salpetersyra med den kemiska formeln KNO3. Det s\u00e4gs ocks\u00e5 vara en salvia eller kaliumsalvia, som kommer fr\u00e5n det latinska ordet sal petrae, som betyder stensalt.","robots":{"index":"index","follow":"follow","max-snippet":"max-snippet:-1","max-image-preview":"max-image-preview:large","max-video-preview":"max-video-preview:-1"},"canonical":"https:\/\/masterchem.fi\/sv\/produkt\/kaliumnitrat-cas-7757-79-1\/","og_locale":"sv_SE","og_type":"article","og_title":"Kaliumnitrat (CAS 7757-79-1) - MasterChem | kemikaalien tuotanto ja myynti","og_description":"Kaliumnitrat (tillsatskod E252) \u00e4r ett naturligt f\u00f6rekommande kaliumsalt av salpetersyra med den kemiska formeln KNO3. Det s\u00e4gs ocks\u00e5 vara en salvia eller kaliumsalvia, som kommer fr\u00e5n det latinska ordet sal petrae, som betyder stensalt.","og_url":"https:\/\/masterchem.fi\/sv\/produkt\/kaliumnitrat-cas-7757-79-1\/","og_site_name":"MasterChem | kemikaalien tuotanto ja myynti","article_modified_time":"2022-04-28T08:40:05+00:00","og_image":[{"width":1000,"height":1000,"url":"https:\/\/masterchem.fi\/wp-content\/uploads\/2022\/04\/Kaliumnitraatti-CAS-7757-79-1-25kg-MasterChem.jpg","type":"image\/jpeg"}],"twitter_card":"summary_large_image","schema":{"@context":"https:\/\/schema.org","@graph":[{"@type":"WebPage","@id":"https:\/\/masterchem.fi\/sv\/produkt\/kaliumnitrat-cas-7757-79-1\/","url":"https:\/\/masterchem.fi\/sv\/produkt\/kaliumnitrat-cas-7757-79-1\/","name":"Kaliumnitrat (CAS 7757-79-1) - MasterChem | kemikaalien tuotanto ja myynti","isPartOf":{"@id":"https:\/\/masterchem.fi\/sv\/#website"},"primaryImageOfPage":{"@id":"https:\/\/masterchem.fi\/sv\/produkt\/kaliumnitrat-cas-7757-79-1\/#primaryimage"},"image":{"@id":"https:\/\/masterchem.fi\/sv\/produkt\/kaliumnitrat-cas-7757-79-1\/#primaryimage"},"thumbnailUrl":"https:\/\/masterchem.fi\/wp-content\/uploads\/2022\/04\/Kaliumnitraatti-CAS-7757-79-1-25kg-MasterChem.jpg","datePublished":"2022-04-28T08:26:30+00:00","dateModified":"2022-04-28T08:40:05+00:00","description":"Kaliumnitrat (tillsatskod E252) \u00e4r ett naturligt f\u00f6rekommande kaliumsalt av salpetersyra med den kemiska formeln KNO3. Det s\u00e4gs ocks\u00e5 vara en salvia eller kaliumsalvia, som kommer fr\u00e5n det latinska ordet sal petrae, som betyder stensalt.","breadcrumb":{"@id":"https:\/\/masterchem.fi\/sv\/produkt\/kaliumnitrat-cas-7757-79-1\/#breadcrumb"},"inLanguage":"sv-SE","potentialAction":[{"@type":"ReadAction","target":["https:\/\/masterchem.fi\/sv\/produkt\/kaliumnitrat-cas-7757-79-1\/"]}]},{"@type":"ImageObject","inLanguage":"sv-SE","@id":"https:\/\/masterchem.fi\/sv\/produkt\/kaliumnitrat-cas-7757-79-1\/#primaryimage","url":"https:\/\/masterchem.fi\/wp-content\/uploads\/2022\/04\/Kaliumnitraatti-CAS-7757-79-1-25kg-MasterChem.jpg","contentUrl":"https:\/\/masterchem.fi\/wp-content\/uploads\/2022\/04\/Kaliumnitraatti-CAS-7757-79-1-25kg-MasterChem.jpg","width":1000,"height":1000,"caption":"Kaliumnitrat (CAS 7757-79-1) 25kg MasterChem"},{"@type":"BreadcrumbList","@id":"https:\/\/masterchem.fi\/sv\/produkt\/kaliumnitrat-cas-7757-79-1\/#breadcrumb","itemListElement":[{"@type":"ListItem","position":1,"name":"Home","item":"https:\/\/masterchem.fi\/sv\/"},{"@type":"ListItem","position":2,"name":"Butik","item":"https:\/\/masterchem.fi\/sv\/butik\/"},{"@type":"ListItem","position":3,"name":"Kaliumnitrat (CAS 7757-79-1)"}]},{"@type":"WebSite","@id":"https:\/\/masterchem.fi\/sv\/#website","url":"https:\/\/masterchem.fi\/sv\/","name":"MasterChem | kemikaalien tuotanto ja myynti","description":"kemikaalien tuotanto ja myynti","potentialAction":[{"@type":"SearchAction","target":{"@type":"EntryPoint","urlTemplate":"https:\/\/masterchem.fi\/sv\/?s={search_term_string}"},"query-input":{"@type":"PropertyValueSpecification","valueRequired":true,"valueName":"search_term_string"}}],"inLanguage":"sv-SE"}]}},"_links":{"self":[{"href":"https:\/\/masterchem.fi\/sv\/wp-json\/wp\/v2\/product\/8386","targetHints":{"allow":["GET"]}}],"collection":[{"href":"https:\/\/masterchem.fi\/sv\/wp-json\/wp\/v2\/product"}],"about":[{"href":"https:\/\/masterchem.fi\/sv\/wp-json\/wp\/v2\/types\/product"}],"wp:featuredmedia":[{"embeddable":true,"href":"https:\/\/masterchem.fi\/sv\/wp-json\/wp\/v2\/media\/8389"}],"wp:attachment":[{"href":"https:\/\/masterchem.fi\/sv\/wp-json\/wp\/v2\/media?parent=8386"}],"wp:term":[{"taxonomy":"product_brand","embeddable":true,"href":"https:\/\/masterchem.fi\/sv\/wp-json\/wp\/v2\/product_brand?post=8386"},{"taxonomy":"product_cat","embeddable":true,"href":"https:\/\/masterchem.fi\/sv\/wp-json\/wp\/v2\/product_cat?post=8386"},{"taxonomy":"product_tag","embeddable":true,"href":"https:\/\/masterchem.fi\/sv\/wp-json\/wp\/v2\/product_tag?post=8386"}],"curies":[{"name":"wp","href":"https:\/\/api.w.org\/{rel}","templated":true}]}}