{"id":8397,"date":"2022-04-28T11:45:49","date_gmt":"2022-04-28T08:45:49","guid":{"rendered":"https:\/\/masterchem.fi\/?post_type=product&#038;p=8397"},"modified":"2022-04-28T11:55:13","modified_gmt":"2022-04-28T08:55:13","slug":"natriumnitrat-cas-7631-99-4","status":"publish","type":"product","link":"https:\/\/masterchem.fi\/sv\/produkt\/natriumnitrat-cas-7631-99-4\/","title":{"rendered":"Natriumnitrat (CAS 7631-99-4)"},"content":{"rendered":"<p> <strong> Information <\/strong> <br \/>\nBranscher: hush\u00e5llskemikalier, konstg\u00f6dsel, katalog A-Z, Glas och keramik, tr\u00e4dg\u00e5rdsodling, livsmedelsindustri <br \/>\nSammans\u00e4ttning: salpetersyrasalter &#8211; nitrater, natriumf\u00f6reningar, kv\u00e4vef\u00f6reningar <br \/>\nCAS-nummer: 7631-99-4 <br \/>\nWE-nummer: 231-554-3 <br \/>\nIndexnummer: 007-010-00-4 <br \/>\nKemisk formel: NaNO3 <br \/>\nMolvikt: 84,99 g\/mol <br \/>\nADR: UN1498 <\/p>\n<p> <strong> Andra fysiska egenskaper <\/strong> <\/p>\n<p> pH: Okej. 5-9 w temp. 25 \u00b0 C 10 % r-r <br \/>\nSm\u00e4ltpunkt\/fryspunkt: 307 \u00b0C, 1013 hPa <br \/>\nRelativ densitet: 2,26 g \/ cm3 w temp. 20 \u00b0C <br \/>\nVattenl\u00f6slighet:> 100 g \/ l vid 20 \u00b0 C <\/p>\n","protected":false},"excerpt":{"rendered":"<p> <strong> Natriumnitrat (CAS 7631-99-4) <\/strong> <\/p>\n<p>Natriumnitrat (NaNO3) \u00e4r ett vitt fast salt som \u00e4r mycket l\u00f6sligt i vatten. Natriumnitrat kallas ocks\u00e5 f\u00f6r chili och potatisl\u00e4sk i motsats till den traditionella salviatartaren, som \u00e4r kaliumnitrat. <\/p>\n<p> Natriumnitrat anv\u00e4nds i g\u00f6dningsmedel, pyroteknik, konserveringsmedel, raketdrivmedel, nitreringskemikalier, oxidanter samt glas och keramik. <\/p>\n<p> Stillahavskriget mellan Chile, Peru och Bolivia b\u00f6rjade delvis med en kamp om regionens rika natriumnitratresurser. De st\u00f6rsta fyndigheterna av salviamalm i v\u00e4rlden fanns i Atacama\u00f6knen. Natriumnitrat br\u00f6ts rikligt i omr\u00e5det fram till 1940-talet. V\u00e4rdet p\u00e5 natriumnitrat hade sjunkit under hela 1900-talet som ett resultat av utvecklingen av Haber-Bosch-metoden. <\/p>\n<p> Saltmalm bryts fortfarande i Chile. F\u00f6rutom natriumnitrat erh\u00e5lls kaliumnitrat, natriumsulfat och jod. Natriumnitrat framst\u00e4lls ocks\u00e5 genom att artificiellt neutralisera salpetersyra med soda.<\/p>\n<p> Natriumnitrat i mat \u00e4r E251. <\/p>\n","protected":false},"featured_media":8401,"template":"","meta":[],"product_brand":[],"product_cat":[175,182,116,171,173],"product_tag":[],"class_list":{"0":"post-8397","1":"product","2":"type-product","3":"status-publish","4":"has-post-thumbnail","6":"product_cat-glas-och-keramik","7":"product_cat-hortikultur","8":"product_cat-alla-produkter","9":"product_cat-livsmedelsindustrin","10":"product_cat-godselmedel","12":"first","13":"outofstock","14":"taxable","15":"shipping-taxable","16":"purchasable","17":"product-type-variable","18":"has-default-attributes","19":"rtwpvg-product"},"yoast_head":"<!-- This site is optimized with the Yoast SEO plugin v27.2 - https:\/\/yoast.com\/product\/yoast-seo-wordpress\/ -->\n<title>Natriumnitrat (CAS 7631-99-4) - MasterChem | kemikaalien tuotanto ja myynti<\/title>\n<meta name=\"description\" content=\"Natriumnitrat (NaNO3) \u00e4r ett vitt fast salt som \u00e4r mycket l\u00f6sligt i vatten. Natriumnitrat kallas ocks\u00e5 f\u00f6r chili och potatissoda till skillnad fr\u00e5n den traditionella soda, som \u00e4r kaliumnitrat.\" \/>\n<meta name=\"robots\" content=\"index, follow, max-snippet:-1, max-image-preview:large, max-video-preview:-1\" \/>\n<link rel=\"canonical\" href=\"https:\/\/masterchem.fi\/sv\/produkt\/natriumnitrat-cas-7631-99-4\/\" \/>\n<meta property=\"og:locale\" content=\"sv_SE\" \/>\n<meta property=\"og:type\" content=\"article\" \/>\n<meta property=\"og:title\" content=\"Natriumnitrat (CAS 7631-99-4) - MasterChem | kemikaalien tuotanto ja myynti\" \/>\n<meta property=\"og:description\" content=\"Natriumnitrat (NaNO3) \u00e4r ett vitt fast salt som \u00e4r mycket l\u00f6sligt i vatten. Natriumnitrat kallas ocks\u00e5 f\u00f6r chili och potatissoda till skillnad fr\u00e5n den traditionella soda, som \u00e4r kaliumnitrat.\" \/>\n<meta property=\"og:url\" content=\"https:\/\/masterchem.fi\/sv\/produkt\/natriumnitrat-cas-7631-99-4\/\" \/>\n<meta property=\"og:site_name\" content=\"MasterChem | kemikaalien tuotanto ja myynti\" \/>\n<meta property=\"article:modified_time\" content=\"2022-04-28T08:55:13+00:00\" \/>\n<meta property=\"og:image\" content=\"https:\/\/masterchem.fi\/wp-content\/uploads\/2022\/04\/Natriumnitraatti-CAS-7631-99-4-25kg-MasterChem.jpg\" \/>\n\t<meta property=\"og:image:width\" content=\"1000\" \/>\n\t<meta property=\"og:image:height\" content=\"1000\" \/>\n\t<meta property=\"og:image:type\" content=\"image\/jpeg\" \/>\n<meta name=\"twitter:card\" content=\"summary_large_image\" \/>\n<script type=\"application\/ld+json\" class=\"yoast-schema-graph\">{\"@context\":\"https:\/\/schema.org\",\"@graph\":[{\"@type\":\"WebPage\",\"@id\":\"https:\/\/masterchem.fi\/sv\/produkt\/natriumnitrat-cas-7631-99-4\/\",\"url\":\"https:\/\/masterchem.fi\/sv\/produkt\/natriumnitrat-cas-7631-99-4\/\",\"name\":\"Natriumnitrat (CAS 7631-99-4) - MasterChem | kemikaalien tuotanto ja myynti\",\"isPartOf\":{\"@id\":\"https:\/\/masterchem.fi\/sv\/#website\"},\"primaryImageOfPage\":{\"@id\":\"https:\/\/masterchem.fi\/sv\/produkt\/natriumnitrat-cas-7631-99-4\/#primaryimage\"},\"image\":{\"@id\":\"https:\/\/masterchem.fi\/sv\/produkt\/natriumnitrat-cas-7631-99-4\/#primaryimage\"},\"thumbnailUrl\":\"https:\/\/masterchem.fi\/wp-content\/uploads\/2022\/04\/Natriumnitraatti-CAS-7631-99-4-25kg-MasterChem.jpg\",\"datePublished\":\"2022-04-28T08:45:49+00:00\",\"dateModified\":\"2022-04-28T08:55:13+00:00\",\"description\":\"Natriumnitrat (NaNO3) \u00e4r ett vitt fast salt som \u00e4r mycket l\u00f6sligt i vatten. Natriumnitrat kallas ocks\u00e5 f\u00f6r chili och potatissoda till skillnad fr\u00e5n den traditionella soda, som \u00e4r kaliumnitrat.\",\"breadcrumb\":{\"@id\":\"https:\/\/masterchem.fi\/sv\/produkt\/natriumnitrat-cas-7631-99-4\/#breadcrumb\"},\"inLanguage\":\"sv-SE\",\"potentialAction\":[{\"@type\":\"ReadAction\",\"target\":[\"https:\/\/masterchem.fi\/sv\/produkt\/natriumnitrat-cas-7631-99-4\/\"]}]},{\"@type\":\"ImageObject\",\"inLanguage\":\"sv-SE\",\"@id\":\"https:\/\/masterchem.fi\/sv\/produkt\/natriumnitrat-cas-7631-99-4\/#primaryimage\",\"url\":\"https:\/\/masterchem.fi\/wp-content\/uploads\/2022\/04\/Natriumnitraatti-CAS-7631-99-4-25kg-MasterChem.jpg\",\"contentUrl\":\"https:\/\/masterchem.fi\/wp-content\/uploads\/2022\/04\/Natriumnitraatti-CAS-7631-99-4-25kg-MasterChem.jpg\",\"width\":1000,\"height\":1000,\"caption\":\"Natriumnitrat (CAS 7631-99-4) 25kg MasterChem\"},{\"@type\":\"BreadcrumbList\",\"@id\":\"https:\/\/masterchem.fi\/sv\/produkt\/natriumnitrat-cas-7631-99-4\/#breadcrumb\",\"itemListElement\":[{\"@type\":\"ListItem\",\"position\":1,\"name\":\"Home\",\"item\":\"https:\/\/masterchem.fi\/sv\/\"},{\"@type\":\"ListItem\",\"position\":2,\"name\":\"Butik\",\"item\":\"https:\/\/masterchem.fi\/sv\/butik\/\"},{\"@type\":\"ListItem\",\"position\":3,\"name\":\"Natriumnitrat (CAS 7631-99-4)\"}]},{\"@type\":\"WebSite\",\"@id\":\"https:\/\/masterchem.fi\/sv\/#website\",\"url\":\"https:\/\/masterchem.fi\/sv\/\",\"name\":\"MasterChem | kemikaalien tuotanto ja myynti\",\"description\":\"kemikaalien tuotanto ja myynti\",\"potentialAction\":[{\"@type\":\"SearchAction\",\"target\":{\"@type\":\"EntryPoint\",\"urlTemplate\":\"https:\/\/masterchem.fi\/sv\/?s={search_term_string}\"},\"query-input\":{\"@type\":\"PropertyValueSpecification\",\"valueRequired\":true,\"valueName\":\"search_term_string\"}}],\"inLanguage\":\"sv-SE\"}]}<\/script>\n<!-- \/ Yoast SEO plugin. -->","yoast_head_json":{"title":"Natriumnitrat (CAS 7631-99-4) - MasterChem | kemikaalien tuotanto ja myynti","description":"Natriumnitrat (NaNO3) \u00e4r ett vitt fast salt som \u00e4r mycket l\u00f6sligt i vatten. Natriumnitrat kallas ocks\u00e5 f\u00f6r chili och potatissoda till skillnad fr\u00e5n den traditionella soda, som \u00e4r kaliumnitrat.","robots":{"index":"index","follow":"follow","max-snippet":"max-snippet:-1","max-image-preview":"max-image-preview:large","max-video-preview":"max-video-preview:-1"},"canonical":"https:\/\/masterchem.fi\/sv\/produkt\/natriumnitrat-cas-7631-99-4\/","og_locale":"sv_SE","og_type":"article","og_title":"Natriumnitrat (CAS 7631-99-4) - MasterChem | kemikaalien tuotanto ja myynti","og_description":"Natriumnitrat (NaNO3) \u00e4r ett vitt fast salt som \u00e4r mycket l\u00f6sligt i vatten. Natriumnitrat kallas ocks\u00e5 f\u00f6r chili och potatissoda till skillnad fr\u00e5n den traditionella soda, som \u00e4r kaliumnitrat.","og_url":"https:\/\/masterchem.fi\/sv\/produkt\/natriumnitrat-cas-7631-99-4\/","og_site_name":"MasterChem | kemikaalien tuotanto ja myynti","article_modified_time":"2022-04-28T08:55:13+00:00","og_image":[{"width":1000,"height":1000,"url":"https:\/\/masterchem.fi\/wp-content\/uploads\/2022\/04\/Natriumnitraatti-CAS-7631-99-4-25kg-MasterChem.jpg","type":"image\/jpeg"}],"twitter_card":"summary_large_image","schema":{"@context":"https:\/\/schema.org","@graph":[{"@type":"WebPage","@id":"https:\/\/masterchem.fi\/sv\/produkt\/natriumnitrat-cas-7631-99-4\/","url":"https:\/\/masterchem.fi\/sv\/produkt\/natriumnitrat-cas-7631-99-4\/","name":"Natriumnitrat (CAS 7631-99-4) - MasterChem | kemikaalien tuotanto ja myynti","isPartOf":{"@id":"https:\/\/masterchem.fi\/sv\/#website"},"primaryImageOfPage":{"@id":"https:\/\/masterchem.fi\/sv\/produkt\/natriumnitrat-cas-7631-99-4\/#primaryimage"},"image":{"@id":"https:\/\/masterchem.fi\/sv\/produkt\/natriumnitrat-cas-7631-99-4\/#primaryimage"},"thumbnailUrl":"https:\/\/masterchem.fi\/wp-content\/uploads\/2022\/04\/Natriumnitraatti-CAS-7631-99-4-25kg-MasterChem.jpg","datePublished":"2022-04-28T08:45:49+00:00","dateModified":"2022-04-28T08:55:13+00:00","description":"Natriumnitrat (NaNO3) \u00e4r ett vitt fast salt som \u00e4r mycket l\u00f6sligt i vatten. Natriumnitrat kallas ocks\u00e5 f\u00f6r chili och potatissoda till skillnad fr\u00e5n den traditionella soda, som \u00e4r kaliumnitrat.","breadcrumb":{"@id":"https:\/\/masterchem.fi\/sv\/produkt\/natriumnitrat-cas-7631-99-4\/#breadcrumb"},"inLanguage":"sv-SE","potentialAction":[{"@type":"ReadAction","target":["https:\/\/masterchem.fi\/sv\/produkt\/natriumnitrat-cas-7631-99-4\/"]}]},{"@type":"ImageObject","inLanguage":"sv-SE","@id":"https:\/\/masterchem.fi\/sv\/produkt\/natriumnitrat-cas-7631-99-4\/#primaryimage","url":"https:\/\/masterchem.fi\/wp-content\/uploads\/2022\/04\/Natriumnitraatti-CAS-7631-99-4-25kg-MasterChem.jpg","contentUrl":"https:\/\/masterchem.fi\/wp-content\/uploads\/2022\/04\/Natriumnitraatti-CAS-7631-99-4-25kg-MasterChem.jpg","width":1000,"height":1000,"caption":"Natriumnitrat (CAS 7631-99-4) 25kg MasterChem"},{"@type":"BreadcrumbList","@id":"https:\/\/masterchem.fi\/sv\/produkt\/natriumnitrat-cas-7631-99-4\/#breadcrumb","itemListElement":[{"@type":"ListItem","position":1,"name":"Home","item":"https:\/\/masterchem.fi\/sv\/"},{"@type":"ListItem","position":2,"name":"Butik","item":"https:\/\/masterchem.fi\/sv\/butik\/"},{"@type":"ListItem","position":3,"name":"Natriumnitrat (CAS 7631-99-4)"}]},{"@type":"WebSite","@id":"https:\/\/masterchem.fi\/sv\/#website","url":"https:\/\/masterchem.fi\/sv\/","name":"MasterChem | kemikaalien tuotanto ja myynti","description":"kemikaalien tuotanto ja myynti","potentialAction":[{"@type":"SearchAction","target":{"@type":"EntryPoint","urlTemplate":"https:\/\/masterchem.fi\/sv\/?s={search_term_string}"},"query-input":{"@type":"PropertyValueSpecification","valueRequired":true,"valueName":"search_term_string"}}],"inLanguage":"sv-SE"}]}},"_links":{"self":[{"href":"https:\/\/masterchem.fi\/sv\/wp-json\/wp\/v2\/product\/8397","targetHints":{"allow":["GET"]}}],"collection":[{"href":"https:\/\/masterchem.fi\/sv\/wp-json\/wp\/v2\/product"}],"about":[{"href":"https:\/\/masterchem.fi\/sv\/wp-json\/wp\/v2\/types\/product"}],"wp:featuredmedia":[{"embeddable":true,"href":"https:\/\/masterchem.fi\/sv\/wp-json\/wp\/v2\/media\/8401"}],"wp:attachment":[{"href":"https:\/\/masterchem.fi\/sv\/wp-json\/wp\/v2\/media?parent=8397"}],"wp:term":[{"taxonomy":"product_brand","embeddable":true,"href":"https:\/\/masterchem.fi\/sv\/wp-json\/wp\/v2\/product_brand?post=8397"},{"taxonomy":"product_cat","embeddable":true,"href":"https:\/\/masterchem.fi\/sv\/wp-json\/wp\/v2\/product_cat?post=8397"},{"taxonomy":"product_tag","embeddable":true,"href":"https:\/\/masterchem.fi\/sv\/wp-json\/wp\/v2\/product_tag?post=8397"}],"curies":[{"name":"wp","href":"https:\/\/api.w.org\/{rel}","templated":true}]}}