{"id":8405,"date":"2022-04-28T12:06:31","date_gmt":"2022-04-28T09:06:31","guid":{"rendered":"https:\/\/masterchem.fi\/?post_type=product&#038;p=8405"},"modified":"2022-04-28T13:40:27","modified_gmt":"2022-04-28T10:40:27","slug":"natriumbensoat-cas-532-32-1","status":"publish","type":"product","link":"https:\/\/masterchem.fi\/sv\/produkt\/natriumbensoat-cas-532-32-1\/","title":{"rendered":"Natriumbensoat (CAS 532-32-1)"},"content":{"rendered":"<p> <strong> Detaljer <\/strong> <br \/>\nKategorier: Hush\u00e5llskemikalier, Kosmetikindustri, A-Z-lista, Livsmedelsindustri, Foderindustri <br \/>\nSammans\u00e4ttning: Produkter A -Z, salter &#8211; andra, natriumf\u00f6reningar <br \/>\nCAS-nummer: 532-32-1 <br \/>\nWE-nummer: 208-543-8 <br \/>\nKemisk formel: C6H5COONa <br \/>\nMolekylvikt: 144,11 g\/mol <\/p>\n<p> <strong> Andra fysiska egenskaper <\/strong> <\/p>\n<p> pH: 9 (100 g \/ l H2O, 20 \u00b0 C) <br \/>\nSm\u00e4ltpunkt \/ fryspunkt: 410 &#8211; 430 \u00b0 C <br \/>\nRelativ densitet: 1,44 g\/cm3 (20 \u00b0C) <br \/>\nL\u00f6slighet i vatten: 556 g \/ l (20 \u00b0 C) <\/p>\n","protected":false},"excerpt":{"rendered":"<p> <strong> Natriumbensoat (CAS 532-32-1) <\/strong> <\/p>\n<p>Natriumbensoat \u00e4r ett salt av bensoesyra. Den har den kemiska formeln C6H5COONa, molekylvikt 144,11 g \/ mol, sm\u00e4ltpunkt> 300 \u00b0 C, densitet 1,44 g \/ cm3 (vatten = 1,0 g \/ cm3), flampunkt> 100 \u00b0 C, sj\u00e4lvant\u00e4ndningstemperatur> 500 \u00b0 C och CAS-nummer 532-32-1. Natriumbensoat \u00e4r tillverkat av natriumhydroxid (lut) och bensoesyra. <\/p>\n<p>Natriumbensoat \u00e4r ett vanligt konserveringsmedel som anv\u00e4nds i b\u00e5de hemf\u00f6rvaring och livsmedelsindustrin. Den f\u00f6rst\u00f6r en stor del av j\u00e4stsvampar, bakterier och svampar, men \u00e4r mest effektiv vid sura f\u00f6rh\u00e5llanden (pH <3,6), varf\u00f6r den bland annat anv\u00e4nds i sylt och juice. Natriumbensoat \u00e4r neutralt i surhet. Natriumbensoat som n\u00e4mns i flera konserveringsanvisningar \u00e4r m\u00e4rkt med livsmedelstillsatskoden E211 i livsmedelsindustrins produkter.\n<\/p>\n","protected":false},"featured_media":8408,"template":"","meta":[],"product_brand":[],"product_cat":[177,179,105,116,171],"product_tag":[],"class_list":{"0":"post-8405","1":"product","2":"type-product","3":"status-publish","4":"has-post-thumbnail","6":"product_cat-kosmetikindustrin","7":"product_cat-foderindustri","8":"product_cat-hushallskemikalier-sv","9":"product_cat-alla-produkter","10":"product_cat-livsmedelsindustrin","12":"first","13":"outofstock","14":"taxable","15":"shipping-taxable","16":"purchasable","17":"product-type-variable","18":"has-default-attributes","19":"rtwpvg-product"},"yoast_head":"<!-- This site is optimized with the Yoast SEO plugin v27.2 - https:\/\/yoast.com\/product\/yoast-seo-wordpress\/ -->\n<title>Natriumbensoat (CAS 532-32-1) - MasterChem | kemikaalien tuotanto ja myynti<\/title>\n<meta name=\"description\" content=\"Natriumbensoat \u00e4r natriumsaltet av bensoesyra, som anv\u00e4nds ofta som konserveringsmedel och betningsmedel. En vit kristallin kemikalie med formeln C6H5COONa har ett E-nummer p\u00e5 E211.\" \/>\n<meta name=\"robots\" content=\"index, follow, max-snippet:-1, max-image-preview:large, max-video-preview:-1\" \/>\n<link rel=\"canonical\" href=\"https:\/\/masterchem.fi\/sv\/produkt\/natriumbensoat-cas-532-32-1\/\" \/>\n<meta property=\"og:locale\" content=\"sv_SE\" \/>\n<meta property=\"og:type\" content=\"article\" \/>\n<meta property=\"og:title\" content=\"Natriumbensoat (CAS 532-32-1) - MasterChem | kemikaalien tuotanto ja myynti\" \/>\n<meta property=\"og:description\" content=\"Natriumbensoat \u00e4r natriumsaltet av bensoesyra, som anv\u00e4nds ofta som konserveringsmedel och betningsmedel. En vit kristallin kemikalie med formeln C6H5COONa har ett E-nummer p\u00e5 E211.\" \/>\n<meta property=\"og:url\" content=\"https:\/\/masterchem.fi\/sv\/produkt\/natriumbensoat-cas-532-32-1\/\" \/>\n<meta property=\"og:site_name\" content=\"MasterChem | kemikaalien tuotanto ja myynti\" \/>\n<meta property=\"article:modified_time\" content=\"2022-04-28T10:40:27+00:00\" \/>\n<meta property=\"og:image\" content=\"https:\/\/masterchem.fi\/wp-content\/uploads\/2022\/04\/Natriumbentsoaatti-cas-532-32-125kg-MasterChem.jpg\" \/>\n\t<meta property=\"og:image:width\" content=\"1000\" \/>\n\t<meta property=\"og:image:height\" content=\"1000\" \/>\n\t<meta property=\"og:image:type\" content=\"image\/jpeg\" \/>\n<meta name=\"twitter:card\" content=\"summary_large_image\" \/>\n<script type=\"application\/ld+json\" class=\"yoast-schema-graph\">{\"@context\":\"https:\/\/schema.org\",\"@graph\":[{\"@type\":\"WebPage\",\"@id\":\"https:\/\/masterchem.fi\/sv\/produkt\/natriumbensoat-cas-532-32-1\/\",\"url\":\"https:\/\/masterchem.fi\/sv\/produkt\/natriumbensoat-cas-532-32-1\/\",\"name\":\"Natriumbensoat (CAS 532-32-1) - MasterChem | kemikaalien tuotanto ja myynti\",\"isPartOf\":{\"@id\":\"https:\/\/masterchem.fi\/sv\/#website\"},\"primaryImageOfPage\":{\"@id\":\"https:\/\/masterchem.fi\/sv\/produkt\/natriumbensoat-cas-532-32-1\/#primaryimage\"},\"image\":{\"@id\":\"https:\/\/masterchem.fi\/sv\/produkt\/natriumbensoat-cas-532-32-1\/#primaryimage\"},\"thumbnailUrl\":\"https:\/\/masterchem.fi\/wp-content\/uploads\/2022\/04\/Natriumbentsoaatti-cas-532-32-125kg-MasterChem.jpg\",\"datePublished\":\"2022-04-28T09:06:31+00:00\",\"dateModified\":\"2022-04-28T10:40:27+00:00\",\"description\":\"Natriumbensoat \u00e4r natriumsaltet av bensoesyra, som anv\u00e4nds ofta som konserveringsmedel och betningsmedel. En vit kristallin kemikalie med formeln C6H5COONa har ett E-nummer p\u00e5 E211.\",\"breadcrumb\":{\"@id\":\"https:\/\/masterchem.fi\/sv\/produkt\/natriumbensoat-cas-532-32-1\/#breadcrumb\"},\"inLanguage\":\"sv-SE\",\"potentialAction\":[{\"@type\":\"ReadAction\",\"target\":[\"https:\/\/masterchem.fi\/sv\/produkt\/natriumbensoat-cas-532-32-1\/\"]}]},{\"@type\":\"ImageObject\",\"inLanguage\":\"sv-SE\",\"@id\":\"https:\/\/masterchem.fi\/sv\/produkt\/natriumbensoat-cas-532-32-1\/#primaryimage\",\"url\":\"https:\/\/masterchem.fi\/wp-content\/uploads\/2022\/04\/Natriumbentsoaatti-cas-532-32-125kg-MasterChem.jpg\",\"contentUrl\":\"https:\/\/masterchem.fi\/wp-content\/uploads\/2022\/04\/Natriumbentsoaatti-cas-532-32-125kg-MasterChem.jpg\",\"width\":1000,\"height\":1000,\"caption\":\"Natriumbensoat (CAS 532-32-1) 25kg MasterChem\"},{\"@type\":\"BreadcrumbList\",\"@id\":\"https:\/\/masterchem.fi\/sv\/produkt\/natriumbensoat-cas-532-32-1\/#breadcrumb\",\"itemListElement\":[{\"@type\":\"ListItem\",\"position\":1,\"name\":\"Home\",\"item\":\"https:\/\/masterchem.fi\/sv\/\"},{\"@type\":\"ListItem\",\"position\":2,\"name\":\"Butik\",\"item\":\"https:\/\/masterchem.fi\/sv\/butik\/\"},{\"@type\":\"ListItem\",\"position\":3,\"name\":\"Natriumbensoat (CAS 532-32-1)\"}]},{\"@type\":\"WebSite\",\"@id\":\"https:\/\/masterchem.fi\/sv\/#website\",\"url\":\"https:\/\/masterchem.fi\/sv\/\",\"name\":\"MasterChem | kemikaalien tuotanto ja myynti\",\"description\":\"kemikaalien tuotanto ja myynti\",\"potentialAction\":[{\"@type\":\"SearchAction\",\"target\":{\"@type\":\"EntryPoint\",\"urlTemplate\":\"https:\/\/masterchem.fi\/sv\/?s={search_term_string}\"},\"query-input\":{\"@type\":\"PropertyValueSpecification\",\"valueRequired\":true,\"valueName\":\"search_term_string\"}}],\"inLanguage\":\"sv-SE\"}]}<\/script>\n<!-- \/ Yoast SEO plugin. -->","yoast_head_json":{"title":"Natriumbensoat (CAS 532-32-1) - MasterChem | kemikaalien tuotanto ja myynti","description":"Natriumbensoat \u00e4r natriumsaltet av bensoesyra, som anv\u00e4nds ofta som konserveringsmedel och betningsmedel. En vit kristallin kemikalie med formeln C6H5COONa har ett E-nummer p\u00e5 E211.","robots":{"index":"index","follow":"follow","max-snippet":"max-snippet:-1","max-image-preview":"max-image-preview:large","max-video-preview":"max-video-preview:-1"},"canonical":"https:\/\/masterchem.fi\/sv\/produkt\/natriumbensoat-cas-532-32-1\/","og_locale":"sv_SE","og_type":"article","og_title":"Natriumbensoat (CAS 532-32-1) - MasterChem | kemikaalien tuotanto ja myynti","og_description":"Natriumbensoat \u00e4r natriumsaltet av bensoesyra, som anv\u00e4nds ofta som konserveringsmedel och betningsmedel. En vit kristallin kemikalie med formeln C6H5COONa har ett E-nummer p\u00e5 E211.","og_url":"https:\/\/masterchem.fi\/sv\/produkt\/natriumbensoat-cas-532-32-1\/","og_site_name":"MasterChem | kemikaalien tuotanto ja myynti","article_modified_time":"2022-04-28T10:40:27+00:00","og_image":[{"width":1000,"height":1000,"url":"https:\/\/masterchem.fi\/wp-content\/uploads\/2022\/04\/Natriumbentsoaatti-cas-532-32-125kg-MasterChem.jpg","type":"image\/jpeg"}],"twitter_card":"summary_large_image","schema":{"@context":"https:\/\/schema.org","@graph":[{"@type":"WebPage","@id":"https:\/\/masterchem.fi\/sv\/produkt\/natriumbensoat-cas-532-32-1\/","url":"https:\/\/masterchem.fi\/sv\/produkt\/natriumbensoat-cas-532-32-1\/","name":"Natriumbensoat (CAS 532-32-1) - MasterChem | kemikaalien tuotanto ja myynti","isPartOf":{"@id":"https:\/\/masterchem.fi\/sv\/#website"},"primaryImageOfPage":{"@id":"https:\/\/masterchem.fi\/sv\/produkt\/natriumbensoat-cas-532-32-1\/#primaryimage"},"image":{"@id":"https:\/\/masterchem.fi\/sv\/produkt\/natriumbensoat-cas-532-32-1\/#primaryimage"},"thumbnailUrl":"https:\/\/masterchem.fi\/wp-content\/uploads\/2022\/04\/Natriumbentsoaatti-cas-532-32-125kg-MasterChem.jpg","datePublished":"2022-04-28T09:06:31+00:00","dateModified":"2022-04-28T10:40:27+00:00","description":"Natriumbensoat \u00e4r natriumsaltet av bensoesyra, som anv\u00e4nds ofta som konserveringsmedel och betningsmedel. En vit kristallin kemikalie med formeln C6H5COONa har ett E-nummer p\u00e5 E211.","breadcrumb":{"@id":"https:\/\/masterchem.fi\/sv\/produkt\/natriumbensoat-cas-532-32-1\/#breadcrumb"},"inLanguage":"sv-SE","potentialAction":[{"@type":"ReadAction","target":["https:\/\/masterchem.fi\/sv\/produkt\/natriumbensoat-cas-532-32-1\/"]}]},{"@type":"ImageObject","inLanguage":"sv-SE","@id":"https:\/\/masterchem.fi\/sv\/produkt\/natriumbensoat-cas-532-32-1\/#primaryimage","url":"https:\/\/masterchem.fi\/wp-content\/uploads\/2022\/04\/Natriumbentsoaatti-cas-532-32-125kg-MasterChem.jpg","contentUrl":"https:\/\/masterchem.fi\/wp-content\/uploads\/2022\/04\/Natriumbentsoaatti-cas-532-32-125kg-MasterChem.jpg","width":1000,"height":1000,"caption":"Natriumbensoat (CAS 532-32-1) 25kg MasterChem"},{"@type":"BreadcrumbList","@id":"https:\/\/masterchem.fi\/sv\/produkt\/natriumbensoat-cas-532-32-1\/#breadcrumb","itemListElement":[{"@type":"ListItem","position":1,"name":"Home","item":"https:\/\/masterchem.fi\/sv\/"},{"@type":"ListItem","position":2,"name":"Butik","item":"https:\/\/masterchem.fi\/sv\/butik\/"},{"@type":"ListItem","position":3,"name":"Natriumbensoat (CAS 532-32-1)"}]},{"@type":"WebSite","@id":"https:\/\/masterchem.fi\/sv\/#website","url":"https:\/\/masterchem.fi\/sv\/","name":"MasterChem | kemikaalien tuotanto ja myynti","description":"kemikaalien tuotanto ja myynti","potentialAction":[{"@type":"SearchAction","target":{"@type":"EntryPoint","urlTemplate":"https:\/\/masterchem.fi\/sv\/?s={search_term_string}"},"query-input":{"@type":"PropertyValueSpecification","valueRequired":true,"valueName":"search_term_string"}}],"inLanguage":"sv-SE"}]}},"_links":{"self":[{"href":"https:\/\/masterchem.fi\/sv\/wp-json\/wp\/v2\/product\/8405","targetHints":{"allow":["GET"]}}],"collection":[{"href":"https:\/\/masterchem.fi\/sv\/wp-json\/wp\/v2\/product"}],"about":[{"href":"https:\/\/masterchem.fi\/sv\/wp-json\/wp\/v2\/types\/product"}],"wp:featuredmedia":[{"embeddable":true,"href":"https:\/\/masterchem.fi\/sv\/wp-json\/wp\/v2\/media\/8408"}],"wp:attachment":[{"href":"https:\/\/masterchem.fi\/sv\/wp-json\/wp\/v2\/media?parent=8405"}],"wp:term":[{"taxonomy":"product_brand","embeddable":true,"href":"https:\/\/masterchem.fi\/sv\/wp-json\/wp\/v2\/product_brand?post=8405"},{"taxonomy":"product_cat","embeddable":true,"href":"https:\/\/masterchem.fi\/sv\/wp-json\/wp\/v2\/product_cat?post=8405"},{"taxonomy":"product_tag","embeddable":true,"href":"https:\/\/masterchem.fi\/sv\/wp-json\/wp\/v2\/product_tag?post=8405"}],"curies":[{"name":"wp","href":"https:\/\/api.w.org\/{rel}","templated":true}]}}