{"id":8419,"date":"2022-04-28T14:35:09","date_gmt":"2022-04-28T11:35:09","guid":{"rendered":"https:\/\/masterchem.fi\/?post_type=product&#038;p=8419"},"modified":"2022-04-28T14:43:35","modified_gmt":"2022-04-28T11:43:35","slug":"kaliumklorid-cas-7447-40-7","status":"publish","type":"product","link":"https:\/\/masterchem.fi\/sv\/produkt\/kaliumklorid-cas-7447-40-7\/","title":{"rendered":"Kaliumklorid (CAS 7447-40-7)"},"content":{"rendered":"<p> <strong> Detaljer <\/strong> <br \/>\nBranscher: Hush\u00e5llskemikalier, g\u00f6dningsmedel, l\u00e4kemedel <\/p>\n<p> CAS-nummer: 7791-18-6 <br \/>\nWE-nummer: 232-094-6 <br \/>\nKemisk formel: MgCl2 \u00b7 6H2O <br \/>\nMolekylvikt: 203,3 g\/mol <\/p>\n<p> <strong> Andra fysiska egenskaper <\/strong> <\/p>\n<p> pH: 8,9 (50 g \/ l H2O, 20 \u00b0 C) <br \/>\nSm\u00e4ltpunkt \/ fryspunkt: 708 \u00b0 C <br \/>\nKokpunkt \/ kokomr\u00e5de: 1412\u00baC <br \/>\nRelativ densitet: 1,57 g\/cm3 (20\u00baC) <br \/>\nL\u00f6slighet i vatten: 1670 g\/l (20\u00baC) <\/p>\n","protected":false},"excerpt":{"rendered":"<p> <strong> Kaliumklorid (CAS 7447-40-7) <\/strong> <\/p>\n<p>Kaliumklorid KCl \u00e4r ett f\u00e4rgl\u00f6st, hygroskopiskt, mycket vattenl\u00f6sligt och icke brandfarligt kristallint \u00e4mne som best\u00e5r av kalium och klor. Kaliumklorid har en molekylvikt p\u00e5 74,6 g\/mol, en sm\u00e4ltpunkt p\u00e5 770-773\u00b0C, en gl\u00f6dgningstemperatur p\u00e5 1 500\u00b0C, en densitet p\u00e5 1,98 g\/cm 3 (vatten = 1,0 g\/cm 3) och en CAS nummer 7447-40-7 . LD50 f\u00f6r oral kaliumklorid \u00e4r cirka 2,5 g\/kg. N\u00e4r det administreras direkt i en ven \u00e4r LD50 n\u00e5got \u00f6ver 100 mg\/kg (7,6 gram f\u00f6r 75 kg). H\u00f6ga doser orsakar hyperkalemi och \u00e5tf\u00f6ljande elektrisk st\u00f6rning av hj\u00e4rtmuskeln och ytterligare hj\u00e4rtstillest\u00e5nd. Det mesta av kaliumet i m\u00e4nniskokroppen finns i musklerna, d\u00e4r det fungerar som en elektrolyt f\u00f6r att \u00f6verf\u00f6ra nervimpulser. Hyperkalemi orsakad av en d\u00f6dlig dos av kaliumklorid st\u00f6r fl\u00f6det av nervimpulser i hj\u00e4rtmuskeln, vilket g\u00f6r hj\u00e4rtmuskeln f\u00f6r ledande, vilket g\u00f6r att nervimpulserna passerar direkt genom muskeln och hj\u00e4rtat inte l\u00e4ngre reagerar p\u00e5 dem. Detta g\u00f6r att hj\u00e4rtat stannar. F\u00f6r den medvetna orsakar det liknande sm\u00e4rtor som en hj\u00e4rtattack.<\/p>\n","protected":false},"featured_media":8422,"template":"","meta":[],"product_brand":[],"product_cat":[171,173,179,182,105,116],"product_tag":[],"class_list":{"0":"post-8419","1":"product","2":"type-product","3":"status-publish","4":"has-post-thumbnail","6":"product_cat-livsmedelsindustrin","7":"product_cat-godselmedel","8":"product_cat-foderindustri","9":"product_cat-hortikultur","10":"product_cat-hushallskemikalier-sv","11":"product_cat-alla-produkter","13":"first","14":"outofstock","15":"taxable","16":"shipping-taxable","17":"purchasable","18":"product-type-variable","19":"has-default-attributes","20":"rtwpvg-product"},"yoast_head":"<!-- This site is optimized with the Yoast SEO plugin v27.2 - https:\/\/yoast.com\/product\/yoast-seo-wordpress\/ -->\n<title>Kaliumklorid (CAS 7447-40-7) - MasterChem | kemikaalien tuotanto ja myynti<\/title>\n<meta name=\"description\" content=\"Kaliumklorid (KCl eller kaliumsalt) \u00e4r ett metallhalidsalt som best\u00e5r av kalium och klor. Den \u00e4r luktfri och har en vit eller f\u00e4rgl\u00f6s glasartad kristall.\" \/>\n<meta name=\"robots\" content=\"index, follow, max-snippet:-1, max-image-preview:large, max-video-preview:-1\" \/>\n<link rel=\"canonical\" href=\"https:\/\/masterchem.fi\/sv\/produkt\/kaliumklorid-cas-7447-40-7\/\" \/>\n<meta property=\"og:locale\" content=\"sv_SE\" \/>\n<meta property=\"og:type\" content=\"article\" \/>\n<meta property=\"og:title\" content=\"Kaliumklorid (CAS 7447-40-7) - MasterChem | kemikaalien tuotanto ja myynti\" \/>\n<meta property=\"og:description\" content=\"Kaliumklorid (KCl eller kaliumsalt) \u00e4r ett metallhalidsalt som best\u00e5r av kalium och klor. Den \u00e4r luktfri och har en vit eller f\u00e4rgl\u00f6s glasartad kristall.\" \/>\n<meta property=\"og:url\" content=\"https:\/\/masterchem.fi\/sv\/produkt\/kaliumklorid-cas-7447-40-7\/\" \/>\n<meta property=\"og:site_name\" content=\"MasterChem | kemikaalien tuotanto ja myynti\" \/>\n<meta property=\"article:modified_time\" content=\"2022-04-28T11:43:35+00:00\" \/>\n<meta property=\"og:image\" content=\"https:\/\/masterchem.fi\/wp-content\/uploads\/2022\/04\/Kaliumkloridi-cas-7447-40-7-25kg-MasterChem.jpg\" \/>\n\t<meta property=\"og:image:width\" content=\"1000\" \/>\n\t<meta property=\"og:image:height\" content=\"1000\" \/>\n\t<meta property=\"og:image:type\" content=\"image\/jpeg\" \/>\n<meta name=\"twitter:card\" content=\"summary_large_image\" \/>\n<script type=\"application\/ld+json\" class=\"yoast-schema-graph\">{\"@context\":\"https:\/\/schema.org\",\"@graph\":[{\"@type\":\"WebPage\",\"@id\":\"https:\/\/masterchem.fi\/sv\/produkt\/kaliumklorid-cas-7447-40-7\/\",\"url\":\"https:\/\/masterchem.fi\/sv\/produkt\/kaliumklorid-cas-7447-40-7\/\",\"name\":\"Kaliumklorid (CAS 7447-40-7) - MasterChem | kemikaalien tuotanto ja myynti\",\"isPartOf\":{\"@id\":\"https:\/\/masterchem.fi\/sv\/#website\"},\"primaryImageOfPage\":{\"@id\":\"https:\/\/masterchem.fi\/sv\/produkt\/kaliumklorid-cas-7447-40-7\/#primaryimage\"},\"image\":{\"@id\":\"https:\/\/masterchem.fi\/sv\/produkt\/kaliumklorid-cas-7447-40-7\/#primaryimage\"},\"thumbnailUrl\":\"https:\/\/masterchem.fi\/wp-content\/uploads\/2022\/04\/Kaliumkloridi-cas-7447-40-7-25kg-MasterChem.jpg\",\"datePublished\":\"2022-04-28T11:35:09+00:00\",\"dateModified\":\"2022-04-28T11:43:35+00:00\",\"description\":\"Kaliumklorid (KCl eller kaliumsalt) \u00e4r ett metallhalidsalt som best\u00e5r av kalium och klor. Den \u00e4r luktfri och har en vit eller f\u00e4rgl\u00f6s glasartad kristall.\",\"breadcrumb\":{\"@id\":\"https:\/\/masterchem.fi\/sv\/produkt\/kaliumklorid-cas-7447-40-7\/#breadcrumb\"},\"inLanguage\":\"sv-SE\",\"potentialAction\":[{\"@type\":\"ReadAction\",\"target\":[\"https:\/\/masterchem.fi\/sv\/produkt\/kaliumklorid-cas-7447-40-7\/\"]}]},{\"@type\":\"ImageObject\",\"inLanguage\":\"sv-SE\",\"@id\":\"https:\/\/masterchem.fi\/sv\/produkt\/kaliumklorid-cas-7447-40-7\/#primaryimage\",\"url\":\"https:\/\/masterchem.fi\/wp-content\/uploads\/2022\/04\/Kaliumkloridi-cas-7447-40-7-25kg-MasterChem.jpg\",\"contentUrl\":\"https:\/\/masterchem.fi\/wp-content\/uploads\/2022\/04\/Kaliumkloridi-cas-7447-40-7-25kg-MasterChem.jpg\",\"width\":1000,\"height\":1000,\"caption\":\"Kaliumklorid (CAS 7447-40-7) 25kg MasterChem\"},{\"@type\":\"BreadcrumbList\",\"@id\":\"https:\/\/masterchem.fi\/sv\/produkt\/kaliumklorid-cas-7447-40-7\/#breadcrumb\",\"itemListElement\":[{\"@type\":\"ListItem\",\"position\":1,\"name\":\"Home\",\"item\":\"https:\/\/masterchem.fi\/sv\/\"},{\"@type\":\"ListItem\",\"position\":2,\"name\":\"Butik\",\"item\":\"https:\/\/masterchem.fi\/sv\/butik\/\"},{\"@type\":\"ListItem\",\"position\":3,\"name\":\"Kaliumklorid (CAS 7447-40-7)\"}]},{\"@type\":\"WebSite\",\"@id\":\"https:\/\/masterchem.fi\/sv\/#website\",\"url\":\"https:\/\/masterchem.fi\/sv\/\",\"name\":\"MasterChem | kemikaalien tuotanto ja myynti\",\"description\":\"kemikaalien tuotanto ja myynti\",\"potentialAction\":[{\"@type\":\"SearchAction\",\"target\":{\"@type\":\"EntryPoint\",\"urlTemplate\":\"https:\/\/masterchem.fi\/sv\/?s={search_term_string}\"},\"query-input\":{\"@type\":\"PropertyValueSpecification\",\"valueRequired\":true,\"valueName\":\"search_term_string\"}}],\"inLanguage\":\"sv-SE\"}]}<\/script>\n<!-- \/ Yoast SEO plugin. -->","yoast_head_json":{"title":"Kaliumklorid (CAS 7447-40-7) - MasterChem | kemikaalien tuotanto ja myynti","description":"Kaliumklorid (KCl eller kaliumsalt) \u00e4r ett metallhalidsalt som best\u00e5r av kalium och klor. Den \u00e4r luktfri och har en vit eller f\u00e4rgl\u00f6s glasartad kristall.","robots":{"index":"index","follow":"follow","max-snippet":"max-snippet:-1","max-image-preview":"max-image-preview:large","max-video-preview":"max-video-preview:-1"},"canonical":"https:\/\/masterchem.fi\/sv\/produkt\/kaliumklorid-cas-7447-40-7\/","og_locale":"sv_SE","og_type":"article","og_title":"Kaliumklorid (CAS 7447-40-7) - MasterChem | kemikaalien tuotanto ja myynti","og_description":"Kaliumklorid (KCl eller kaliumsalt) \u00e4r ett metallhalidsalt som best\u00e5r av kalium och klor. Den \u00e4r luktfri och har en vit eller f\u00e4rgl\u00f6s glasartad kristall.","og_url":"https:\/\/masterchem.fi\/sv\/produkt\/kaliumklorid-cas-7447-40-7\/","og_site_name":"MasterChem | kemikaalien tuotanto ja myynti","article_modified_time":"2022-04-28T11:43:35+00:00","og_image":[{"width":1000,"height":1000,"url":"https:\/\/masterchem.fi\/wp-content\/uploads\/2022\/04\/Kaliumkloridi-cas-7447-40-7-25kg-MasterChem.jpg","type":"image\/jpeg"}],"twitter_card":"summary_large_image","schema":{"@context":"https:\/\/schema.org","@graph":[{"@type":"WebPage","@id":"https:\/\/masterchem.fi\/sv\/produkt\/kaliumklorid-cas-7447-40-7\/","url":"https:\/\/masterchem.fi\/sv\/produkt\/kaliumklorid-cas-7447-40-7\/","name":"Kaliumklorid (CAS 7447-40-7) - MasterChem | kemikaalien tuotanto ja myynti","isPartOf":{"@id":"https:\/\/masterchem.fi\/sv\/#website"},"primaryImageOfPage":{"@id":"https:\/\/masterchem.fi\/sv\/produkt\/kaliumklorid-cas-7447-40-7\/#primaryimage"},"image":{"@id":"https:\/\/masterchem.fi\/sv\/produkt\/kaliumklorid-cas-7447-40-7\/#primaryimage"},"thumbnailUrl":"https:\/\/masterchem.fi\/wp-content\/uploads\/2022\/04\/Kaliumkloridi-cas-7447-40-7-25kg-MasterChem.jpg","datePublished":"2022-04-28T11:35:09+00:00","dateModified":"2022-04-28T11:43:35+00:00","description":"Kaliumklorid (KCl eller kaliumsalt) \u00e4r ett metallhalidsalt som best\u00e5r av kalium och klor. Den \u00e4r luktfri och har en vit eller f\u00e4rgl\u00f6s glasartad kristall.","breadcrumb":{"@id":"https:\/\/masterchem.fi\/sv\/produkt\/kaliumklorid-cas-7447-40-7\/#breadcrumb"},"inLanguage":"sv-SE","potentialAction":[{"@type":"ReadAction","target":["https:\/\/masterchem.fi\/sv\/produkt\/kaliumklorid-cas-7447-40-7\/"]}]},{"@type":"ImageObject","inLanguage":"sv-SE","@id":"https:\/\/masterchem.fi\/sv\/produkt\/kaliumklorid-cas-7447-40-7\/#primaryimage","url":"https:\/\/masterchem.fi\/wp-content\/uploads\/2022\/04\/Kaliumkloridi-cas-7447-40-7-25kg-MasterChem.jpg","contentUrl":"https:\/\/masterchem.fi\/wp-content\/uploads\/2022\/04\/Kaliumkloridi-cas-7447-40-7-25kg-MasterChem.jpg","width":1000,"height":1000,"caption":"Kaliumklorid (CAS 7447-40-7) 25kg MasterChem"},{"@type":"BreadcrumbList","@id":"https:\/\/masterchem.fi\/sv\/produkt\/kaliumklorid-cas-7447-40-7\/#breadcrumb","itemListElement":[{"@type":"ListItem","position":1,"name":"Home","item":"https:\/\/masterchem.fi\/sv\/"},{"@type":"ListItem","position":2,"name":"Butik","item":"https:\/\/masterchem.fi\/sv\/butik\/"},{"@type":"ListItem","position":3,"name":"Kaliumklorid (CAS 7447-40-7)"}]},{"@type":"WebSite","@id":"https:\/\/masterchem.fi\/sv\/#website","url":"https:\/\/masterchem.fi\/sv\/","name":"MasterChem | kemikaalien tuotanto ja myynti","description":"kemikaalien tuotanto ja myynti","potentialAction":[{"@type":"SearchAction","target":{"@type":"EntryPoint","urlTemplate":"https:\/\/masterchem.fi\/sv\/?s={search_term_string}"},"query-input":{"@type":"PropertyValueSpecification","valueRequired":true,"valueName":"search_term_string"}}],"inLanguage":"sv-SE"}]}},"_links":{"self":[{"href":"https:\/\/masterchem.fi\/sv\/wp-json\/wp\/v2\/product\/8419","targetHints":{"allow":["GET"]}}],"collection":[{"href":"https:\/\/masterchem.fi\/sv\/wp-json\/wp\/v2\/product"}],"about":[{"href":"https:\/\/masterchem.fi\/sv\/wp-json\/wp\/v2\/types\/product"}],"wp:featuredmedia":[{"embeddable":true,"href":"https:\/\/masterchem.fi\/sv\/wp-json\/wp\/v2\/media\/8422"}],"wp:attachment":[{"href":"https:\/\/masterchem.fi\/sv\/wp-json\/wp\/v2\/media?parent=8419"}],"wp:term":[{"taxonomy":"product_brand","embeddable":true,"href":"https:\/\/masterchem.fi\/sv\/wp-json\/wp\/v2\/product_brand?post=8419"},{"taxonomy":"product_cat","embeddable":true,"href":"https:\/\/masterchem.fi\/sv\/wp-json\/wp\/v2\/product_cat?post=8419"},{"taxonomy":"product_tag","embeddable":true,"href":"https:\/\/masterchem.fi\/sv\/wp-json\/wp\/v2\/product_tag?post=8419"}],"curies":[{"name":"wp","href":"https:\/\/api.w.org\/{rel}","templated":true}]}}