{"id":8429,"date":"2022-04-28T15:46:31","date_gmt":"2022-04-28T12:46:31","guid":{"rendered":"https:\/\/masterchem.fi\/?post_type=product&#038;p=8429"},"modified":"2022-04-28T16:17:29","modified_gmt":"2022-04-28T13:17:29","slug":"natriumklorid-stensalt-cas-7647-14-5","status":"publish","type":"product","link":"https:\/\/masterchem.fi\/sv\/produkt\/natriumklorid-stensalt-cas-7647-14-5\/","title":{"rendered":"Natriumklorid [stensalt] (CAS 7647-14-5)"},"content":{"rendered":"<p> <strong> Information <\/strong> <br \/>\nBranscher: Hush\u00e5llskemikalier, l\u00e4kemedel, livsmedelsindustri, foderindustri <\/p>\n<p> CAS-nummer: 7647-14-5 <br \/>\nWE-nummer: 231-598-3 <br \/>\nKemisk formel: NaCl <br \/>\nMolekylvikt: 58,44 g\/mol <br \/>\nTaxa: 25010099 <\/p>\n<p> <strong> Andra fysiska egenskaper <\/strong> <\/p>\n<p> pH: ~ 7 (1 % vatten i vatten vid 25 \u00b0 C), 8-9 (5 % vatten i vatten vid 25 \u00b0 C) <br \/>\nSm\u00e4ltpunkt \/ fryspunkt: 801 \u00b0 C <br \/>\nL\u00f6slighet i vatten: 358 g \/ l (20 \u00b0 C) <\/p>\n","protected":false},"excerpt":{"rendered":"<p> <strong> Kaliumklorid (CAS 7447-40-7) <\/strong> <\/p>\n<p>Natriumklorid \/ \u02ccso\u028adi\u0259m \u02c8kl\u0254\u02d0ra\u026ad \/, allm\u00e4nt k\u00e4nt som ett salt (\u00e4ven om havssalt ocks\u00e5 inneh\u00e5ller andra kemiska salter), \u00e4r en jonf\u00f6rening med den kemiska formeln NaCl, som representerar ett f\u00f6rh\u00e5llande p\u00e5 1:1 av natrium till kloridjoner. , 99 och 35,45 g\/mol, 100 g NaCl inneh\u00e5ller 39,34 g Na respektive 60,66 g Cl. Natriumklorid \u00e4r det salt som \u00e4r mest ansvarigt f\u00f6r salthalten i havsvatten och den extracellul\u00e4ra v\u00e4tskan hos flercelliga organismer. I \u00e4tbart salt anv\u00e4nds det ofta som krydd- och livsmedelskonservering. Stora m\u00e4ngder natriumklorid anv\u00e4nds i m\u00e5nga industriella processer och \u00e4r en viktig k\u00e4lla till natrium- och klorf\u00f6reningar som anv\u00e4nds som r\u00e5material i ytterligare kemiska synteser. En annan stor anv\u00e4ndning av natriumklorid \u00e4r vid avisning av v\u00e4gar. <\/p>\n","protected":false},"featured_media":8433,"template":"","meta":[],"product_brand":[],"product_cat":[179,105,106,116,171],"product_tag":[],"class_list":{"0":"post-8429","1":"product","2":"type-product","3":"status-publish","4":"has-post-thumbnail","6":"product_cat-foderindustri","7":"product_cat-hushallskemikalier-sv","8":"product_cat-lakemedelsindustri","9":"product_cat-alla-produkter","10":"product_cat-livsmedelsindustrin","12":"first","13":"outofstock","14":"taxable","15":"shipping-taxable","16":"purchasable","17":"product-type-variable","18":"has-default-attributes","19":"rtwpvg-product"},"yoast_head":"<!-- This site is optimized with the Yoast SEO plugin v27.5 - https:\/\/yoast.com\/product\/yoast-seo-wordpress\/ -->\n<title>Natriumklorid [stensalt] (CAS 7647-14-5) - MasterChem | kemikaalien tuotanto ja myynti<\/title>\n<meta name=\"description\" content=\"Kaliumklorid (KCl eller kaliumsalt) \u00e4r ett metallhalidsalt som best\u00e5r av kalium och klor. Den \u00e4r luktfri och har en vit eller f\u00e4rgl\u00f6s glasartad kristall.\" \/>\n<meta name=\"robots\" content=\"index, follow, max-snippet:-1, max-image-preview:large, max-video-preview:-1\" \/>\n<link rel=\"canonical\" href=\"https:\/\/masterchem.fi\/sv\/produkt\/natriumklorid-stensalt-cas-7647-14-5\/\" \/>\n<meta property=\"og:locale\" content=\"sv_SE\" \/>\n<meta property=\"og:type\" content=\"article\" \/>\n<meta property=\"og:title\" content=\"Natriumklorid [stensalt] (CAS 7647-14-5) - MasterChem | kemikaalien tuotanto ja myynti\" \/>\n<meta property=\"og:description\" content=\"Kaliumklorid (KCl eller kaliumsalt) \u00e4r ett metallhalidsalt som best\u00e5r av kalium och klor. Den \u00e4r luktfri och har en vit eller f\u00e4rgl\u00f6s glasartad kristall.\" \/>\n<meta property=\"og:url\" content=\"https:\/\/masterchem.fi\/sv\/produkt\/natriumklorid-stensalt-cas-7647-14-5\/\" \/>\n<meta property=\"og:site_name\" content=\"MasterChem | kemikaalien tuotanto ja myynti\" \/>\n<meta property=\"article:modified_time\" content=\"2022-04-28T13:17:29+00:00\" \/>\n<meta property=\"og:image\" content=\"https:\/\/masterchem.fi\/wp-content\/uploads\/2022\/04\/Naatriumkloriid-25kg-MasterChem.jpg\" \/>\n\t<meta property=\"og:image:width\" content=\"1000\" \/>\n\t<meta property=\"og:image:height\" content=\"1000\" \/>\n\t<meta property=\"og:image:type\" content=\"image\/jpeg\" \/>\n<meta name=\"twitter:card\" content=\"summary_large_image\" \/>\n<script type=\"application\/ld+json\" class=\"yoast-schema-graph\">{\"@context\":\"https:\\\/\\\/schema.org\",\"@graph\":[{\"@type\":\"WebPage\",\"@id\":\"https:\\\/\\\/masterchem.fi\\\/sv\\\/produkt\\\/natriumklorid-stensalt-cas-7647-14-5\\\/\",\"url\":\"https:\\\/\\\/masterchem.fi\\\/sv\\\/produkt\\\/natriumklorid-stensalt-cas-7647-14-5\\\/\",\"name\":\"Natriumklorid [stensalt] (CAS 7647-14-5) - MasterChem | kemikaalien tuotanto ja myynti\",\"isPartOf\":{\"@id\":\"https:\\\/\\\/masterchem.fi\\\/sv\\\/#website\"},\"primaryImageOfPage\":{\"@id\":\"https:\\\/\\\/masterchem.fi\\\/sv\\\/produkt\\\/natriumklorid-stensalt-cas-7647-14-5\\\/#primaryimage\"},\"image\":{\"@id\":\"https:\\\/\\\/masterchem.fi\\\/sv\\\/produkt\\\/natriumklorid-stensalt-cas-7647-14-5\\\/#primaryimage\"},\"thumbnailUrl\":\"https:\\\/\\\/masterchem.fi\\\/wp-content\\\/uploads\\\/2022\\\/04\\\/Naatriumkloriid-25kg-MasterChem.jpg\",\"datePublished\":\"2022-04-28T12:46:31+00:00\",\"dateModified\":\"2022-04-28T13:17:29+00:00\",\"description\":\"Kaliumklorid (KCl eller kaliumsalt) \u00e4r ett metallhalidsalt som best\u00e5r av kalium och klor. Den \u00e4r luktfri och har en vit eller f\u00e4rgl\u00f6s glasartad kristall.\",\"breadcrumb\":{\"@id\":\"https:\\\/\\\/masterchem.fi\\\/sv\\\/produkt\\\/natriumklorid-stensalt-cas-7647-14-5\\\/#breadcrumb\"},\"inLanguage\":\"sv-SE\",\"potentialAction\":[{\"@type\":\"ReadAction\",\"target\":[\"https:\\\/\\\/masterchem.fi\\\/sv\\\/produkt\\\/natriumklorid-stensalt-cas-7647-14-5\\\/\"]}]},{\"@type\":\"ImageObject\",\"inLanguage\":\"sv-SE\",\"@id\":\"https:\\\/\\\/masterchem.fi\\\/sv\\\/produkt\\\/natriumklorid-stensalt-cas-7647-14-5\\\/#primaryimage\",\"url\":\"https:\\\/\\\/masterchem.fi\\\/wp-content\\\/uploads\\\/2022\\\/04\\\/Naatriumkloriid-25kg-MasterChem.jpg\",\"contentUrl\":\"https:\\\/\\\/masterchem.fi\\\/wp-content\\\/uploads\\\/2022\\\/04\\\/Naatriumkloriid-25kg-MasterChem.jpg\",\"width\":1000,\"height\":1000,\"caption\":\"Natriumklorid [stensalt] (CAS 7647-14-5) 25kg MasterChem\"},{\"@type\":\"BreadcrumbList\",\"@id\":\"https:\\\/\\\/masterchem.fi\\\/sv\\\/produkt\\\/natriumklorid-stensalt-cas-7647-14-5\\\/#breadcrumb\",\"itemListElement\":[{\"@type\":\"ListItem\",\"position\":1,\"name\":\"Home\",\"item\":\"https:\\\/\\\/masterchem.fi\\\/sv\\\/\"},{\"@type\":\"ListItem\",\"position\":2,\"name\":\"Butik\",\"item\":\"https:\\\/\\\/masterchem.fi\\\/sv\\\/butik\\\/\"},{\"@type\":\"ListItem\",\"position\":3,\"name\":\"Natriumklorid [stensalt] (CAS 7647-14-5)\"}]},{\"@type\":\"WebSite\",\"@id\":\"https:\\\/\\\/masterchem.fi\\\/sv\\\/#website\",\"url\":\"https:\\\/\\\/masterchem.fi\\\/sv\\\/\",\"name\":\"MasterChem | kemikaalien tuotanto ja myynti\",\"description\":\"kemikaalien tuotanto ja myynti\",\"potentialAction\":[{\"@type\":\"SearchAction\",\"target\":{\"@type\":\"EntryPoint\",\"urlTemplate\":\"https:\\\/\\\/masterchem.fi\\\/sv\\\/?s={search_term_string}\"},\"query-input\":{\"@type\":\"PropertyValueSpecification\",\"valueRequired\":true,\"valueName\":\"search_term_string\"}}],\"inLanguage\":\"sv-SE\"}]}<\/script>\n<!-- \/ Yoast SEO plugin. -->","yoast_head_json":{"title":"Natriumklorid [stensalt] (CAS 7647-14-5) - MasterChem | kemikaalien tuotanto ja myynti","description":"Kaliumklorid (KCl eller kaliumsalt) \u00e4r ett metallhalidsalt som best\u00e5r av kalium och klor. Den \u00e4r luktfri och har en vit eller f\u00e4rgl\u00f6s glasartad kristall.","robots":{"index":"index","follow":"follow","max-snippet":"max-snippet:-1","max-image-preview":"max-image-preview:large","max-video-preview":"max-video-preview:-1"},"canonical":"https:\/\/masterchem.fi\/sv\/produkt\/natriumklorid-stensalt-cas-7647-14-5\/","og_locale":"sv_SE","og_type":"article","og_title":"Natriumklorid [stensalt] (CAS 7647-14-5) - MasterChem | kemikaalien tuotanto ja myynti","og_description":"Kaliumklorid (KCl eller kaliumsalt) \u00e4r ett metallhalidsalt som best\u00e5r av kalium och klor. Den \u00e4r luktfri och har en vit eller f\u00e4rgl\u00f6s glasartad kristall.","og_url":"https:\/\/masterchem.fi\/sv\/produkt\/natriumklorid-stensalt-cas-7647-14-5\/","og_site_name":"MasterChem | kemikaalien tuotanto ja myynti","article_modified_time":"2022-04-28T13:17:29+00:00","og_image":[{"width":1000,"height":1000,"url":"https:\/\/masterchem.fi\/wp-content\/uploads\/2022\/04\/Naatriumkloriid-25kg-MasterChem.jpg","type":"image\/jpeg"}],"twitter_card":"summary_large_image","schema":{"@context":"https:\/\/schema.org","@graph":[{"@type":"WebPage","@id":"https:\/\/masterchem.fi\/sv\/produkt\/natriumklorid-stensalt-cas-7647-14-5\/","url":"https:\/\/masterchem.fi\/sv\/produkt\/natriumklorid-stensalt-cas-7647-14-5\/","name":"Natriumklorid [stensalt] (CAS 7647-14-5) - MasterChem | kemikaalien tuotanto ja myynti","isPartOf":{"@id":"https:\/\/masterchem.fi\/sv\/#website"},"primaryImageOfPage":{"@id":"https:\/\/masterchem.fi\/sv\/produkt\/natriumklorid-stensalt-cas-7647-14-5\/#primaryimage"},"image":{"@id":"https:\/\/masterchem.fi\/sv\/produkt\/natriumklorid-stensalt-cas-7647-14-5\/#primaryimage"},"thumbnailUrl":"https:\/\/masterchem.fi\/wp-content\/uploads\/2022\/04\/Naatriumkloriid-25kg-MasterChem.jpg","datePublished":"2022-04-28T12:46:31+00:00","dateModified":"2022-04-28T13:17:29+00:00","description":"Kaliumklorid (KCl eller kaliumsalt) \u00e4r ett metallhalidsalt som best\u00e5r av kalium och klor. Den \u00e4r luktfri och har en vit eller f\u00e4rgl\u00f6s glasartad kristall.","breadcrumb":{"@id":"https:\/\/masterchem.fi\/sv\/produkt\/natriumklorid-stensalt-cas-7647-14-5\/#breadcrumb"},"inLanguage":"sv-SE","potentialAction":[{"@type":"ReadAction","target":["https:\/\/masterchem.fi\/sv\/produkt\/natriumklorid-stensalt-cas-7647-14-5\/"]}]},{"@type":"ImageObject","inLanguage":"sv-SE","@id":"https:\/\/masterchem.fi\/sv\/produkt\/natriumklorid-stensalt-cas-7647-14-5\/#primaryimage","url":"https:\/\/masterchem.fi\/wp-content\/uploads\/2022\/04\/Naatriumkloriid-25kg-MasterChem.jpg","contentUrl":"https:\/\/masterchem.fi\/wp-content\/uploads\/2022\/04\/Naatriumkloriid-25kg-MasterChem.jpg","width":1000,"height":1000,"caption":"Natriumklorid [stensalt] (CAS 7647-14-5) 25kg MasterChem"},{"@type":"BreadcrumbList","@id":"https:\/\/masterchem.fi\/sv\/produkt\/natriumklorid-stensalt-cas-7647-14-5\/#breadcrumb","itemListElement":[{"@type":"ListItem","position":1,"name":"Home","item":"https:\/\/masterchem.fi\/sv\/"},{"@type":"ListItem","position":2,"name":"Butik","item":"https:\/\/masterchem.fi\/sv\/butik\/"},{"@type":"ListItem","position":3,"name":"Natriumklorid [stensalt] (CAS 7647-14-5)"}]},{"@type":"WebSite","@id":"https:\/\/masterchem.fi\/sv\/#website","url":"https:\/\/masterchem.fi\/sv\/","name":"MasterChem | kemikaalien tuotanto ja myynti","description":"kemikaalien tuotanto ja myynti","potentialAction":[{"@type":"SearchAction","target":{"@type":"EntryPoint","urlTemplate":"https:\/\/masterchem.fi\/sv\/?s={search_term_string}"},"query-input":{"@type":"PropertyValueSpecification","valueRequired":true,"valueName":"search_term_string"}}],"inLanguage":"sv-SE"}]}},"_links":{"self":[{"href":"https:\/\/masterchem.fi\/sv\/wp-json\/wp\/v2\/product\/8429","targetHints":{"allow":["GET"]}}],"collection":[{"href":"https:\/\/masterchem.fi\/sv\/wp-json\/wp\/v2\/product"}],"about":[{"href":"https:\/\/masterchem.fi\/sv\/wp-json\/wp\/v2\/types\/product"}],"wp:featuredmedia":[{"embeddable":true,"href":"https:\/\/masterchem.fi\/sv\/wp-json\/wp\/v2\/media\/8433"}],"wp:attachment":[{"href":"https:\/\/masterchem.fi\/sv\/wp-json\/wp\/v2\/media?parent=8429"}],"wp:term":[{"taxonomy":"product_brand","embeddable":true,"href":"https:\/\/masterchem.fi\/sv\/wp-json\/wp\/v2\/product_brand?post=8429"},{"taxonomy":"product_cat","embeddable":true,"href":"https:\/\/masterchem.fi\/sv\/wp-json\/wp\/v2\/product_cat?post=8429"},{"taxonomy":"product_tag","embeddable":true,"href":"https:\/\/masterchem.fi\/sv\/wp-json\/wp\/v2\/product_tag?post=8429"}],"curies":[{"name":"wp","href":"https:\/\/api.w.org\/{rel}","templated":true}]}}