{"id":8474,"date":"2022-05-03T15:06:37","date_gmt":"2022-05-03T12:06:37","guid":{"rendered":"https:\/\/masterchem.fi\/?post_type=product&#038;p=8474"},"modified":"2022-05-03T15:11:37","modified_gmt":"2022-05-03T12:11:37","slug":"kolesterol-cas-57-88-5","status":"publish","type":"product","link":"https:\/\/masterchem.fi\/sv\/produkt\/kolesterol-cas-57-88-5\/","title":{"rendered":"Kolesterol (CAS 57-88-5)"},"content":{"rendered":"<p> <strong> Information <\/strong> <br \/>\nBranscher: hush\u00e5llskemikalier, g\u00f6dningsmedel, tr\u00e4dg\u00e5rdsodling, l\u00e4kemedel, byggkemikalier <\/p>\n<p> CAS-nummer: 57-88-5 <br \/>\nWE-nummer: 200-353-2 <br \/>\nKemisk formel: C27H46O <br \/>\nMolvikt: 386,65 g\/mol <br \/>\nTulltaxekod: 29061310 <\/p>\n<p> <strong> Andra fysiska egenskaper <\/strong> <\/p>\n<p> Sm\u00e4ltpunkt \/ fryspunkt: 147-150 \u00b0 C <br \/>\nKokpunkt \/ kokpunkt: ~ 359 \u00b0 C <br \/>\nVattenl\u00f6slighet: Nierozpuszczalny <\/p>\n","protected":false},"excerpt":{"rendered":"<p> <strong> Kolesterol (CAS 57-88-5) <\/strong> <\/p>\n<p> Kolesterol (C27H46O) \u00e4r en om\u00e4ttad, ringformad, vattenol\u00f6slig kristallin alkohol av steroider som produceras i m\u00e4nskliga och andra djurv\u00e4vnader, s\u00e4rskilt i levern. <\/p>\n<p> Kolesterol \u00e4r ett v\u00e4sentligt \u00e4mne f\u00f6r alla m\u00e4nskliga och djuriska v\u00e4vnader och \u00e4r rikligt, s\u00e4rskilt i br\u00f6stmj\u00f6lk, fettv\u00e4vnad, hj\u00e4rna, nerver, lever och njurar. Det pratas ofta om &#8220;bra&#8221; och &#8220;d\u00e5ligt&#8221; kolesterol, men allt kolesterol har fortfarande exakt samma kemiska struktur. <\/p>\n<p> Kolesterol fungerar som en byggsten f\u00f6r steroider och cellmembran, som ett reparationsmedel f\u00f6r skadade v\u00e4vnader, som en byggsten f\u00f6r den elektriskt isolerande v\u00e4vnaden som omger myelinceller och som en prekursor till vitamin D-hormon. <\/p>\n<p> Kolesterol finns som en semiokemikalie i m\u00e5nga organismer. Kolesterol finns inte i v\u00e4xter, men liknande \u00e4mnen som v\u00e4xtsteroler och v\u00e4xtstanoler finns i v\u00e4xter. <\/p>\n","protected":false},"featured_media":8478,"template":"","meta":[],"product_brand":[],"product_cat":[173,182,105,106,112,116],"product_tag":[],"class_list":{"0":"post-8474","1":"product","2":"type-product","3":"status-publish","4":"has-post-thumbnail","6":"product_cat-godselmedel","7":"product_cat-hortikultur","8":"product_cat-hushallskemikalier-sv","9":"product_cat-lakemedelsindustri","10":"product_cat-byggbranschen","11":"product_cat-alla-produkter","13":"first","14":"outofstock","15":"taxable","16":"shipping-taxable","17":"purchasable","18":"product-type-variable","19":"has-default-attributes","20":"rtwpvg-product"},"yoast_head":"<!-- This site is optimized with the Yoast SEO plugin v27.5 - https:\/\/yoast.com\/product\/yoast-seo-wordpress\/ -->\n<title>Kolesterol (CAS 57-88-5) - MasterChem | kemikaalien tuotanto ja myynti<\/title>\n<meta name=\"description\" content=\"Kolesterol (C27H46O) \u00e4r en om\u00e4ttad, cyklisk, vattenol\u00f6slig kristallin alkohol som tillh\u00f6r de steroider som produceras i m\u00e4nskliga och andra djurv\u00e4vnader, s\u00e4rskilt levern.\" \/>\n<meta name=\"robots\" content=\"index, follow, max-snippet:-1, max-image-preview:large, max-video-preview:-1\" \/>\n<link rel=\"canonical\" href=\"https:\/\/masterchem.fi\/sv\/produkt\/kolesterol-cas-57-88-5\/\" \/>\n<meta property=\"og:locale\" content=\"sv_SE\" \/>\n<meta property=\"og:type\" content=\"article\" \/>\n<meta property=\"og:title\" content=\"Kolesterol (CAS 57-88-5) - MasterChem | kemikaalien tuotanto ja myynti\" \/>\n<meta property=\"og:description\" content=\"Kolesterol (C27H46O) \u00e4r en om\u00e4ttad, cyklisk, vattenol\u00f6slig kristallin alkohol som tillh\u00f6r de steroider som produceras i m\u00e4nskliga och andra djurv\u00e4vnader, s\u00e4rskilt levern.\" \/>\n<meta property=\"og:url\" content=\"https:\/\/masterchem.fi\/sv\/produkt\/kolesterol-cas-57-88-5\/\" \/>\n<meta property=\"og:site_name\" content=\"MasterChem | kemikaalien tuotanto ja myynti\" \/>\n<meta property=\"article:modified_time\" content=\"2022-05-03T12:11:37+00:00\" \/>\n<meta property=\"og:image\" content=\"https:\/\/masterchem.fi\/wp-content\/uploads\/2022\/05\/Kolesteroli-CAS-57-88-5-25kg-MasterChem.jpg\" \/>\n\t<meta property=\"og:image:width\" content=\"1000\" \/>\n\t<meta property=\"og:image:height\" content=\"1000\" \/>\n\t<meta property=\"og:image:type\" content=\"image\/jpeg\" \/>\n<meta name=\"twitter:card\" content=\"summary_large_image\" \/>\n<script type=\"application\/ld+json\" class=\"yoast-schema-graph\">{\"@context\":\"https:\\\/\\\/schema.org\",\"@graph\":[{\"@type\":\"WebPage\",\"@id\":\"https:\\\/\\\/masterchem.fi\\\/sv\\\/produkt\\\/kolesterol-cas-57-88-5\\\/\",\"url\":\"https:\\\/\\\/masterchem.fi\\\/sv\\\/produkt\\\/kolesterol-cas-57-88-5\\\/\",\"name\":\"Kolesterol (CAS 57-88-5) - MasterChem | kemikaalien tuotanto ja myynti\",\"isPartOf\":{\"@id\":\"https:\\\/\\\/masterchem.fi\\\/sv\\\/#website\"},\"primaryImageOfPage\":{\"@id\":\"https:\\\/\\\/masterchem.fi\\\/sv\\\/produkt\\\/kolesterol-cas-57-88-5\\\/#primaryimage\"},\"image\":{\"@id\":\"https:\\\/\\\/masterchem.fi\\\/sv\\\/produkt\\\/kolesterol-cas-57-88-5\\\/#primaryimage\"},\"thumbnailUrl\":\"https:\\\/\\\/masterchem.fi\\\/wp-content\\\/uploads\\\/2022\\\/05\\\/Kolesteroli-CAS-57-88-5-25kg-MasterChem.jpg\",\"datePublished\":\"2022-05-03T12:06:37+00:00\",\"dateModified\":\"2022-05-03T12:11:37+00:00\",\"description\":\"Kolesterol (C27H46O) \u00e4r en om\u00e4ttad, cyklisk, vattenol\u00f6slig kristallin alkohol som tillh\u00f6r de steroider som produceras i m\u00e4nskliga och andra djurv\u00e4vnader, s\u00e4rskilt levern.\",\"breadcrumb\":{\"@id\":\"https:\\\/\\\/masterchem.fi\\\/sv\\\/produkt\\\/kolesterol-cas-57-88-5\\\/#breadcrumb\"},\"inLanguage\":\"sv-SE\",\"potentialAction\":[{\"@type\":\"ReadAction\",\"target\":[\"https:\\\/\\\/masterchem.fi\\\/sv\\\/produkt\\\/kolesterol-cas-57-88-5\\\/\"]}]},{\"@type\":\"ImageObject\",\"inLanguage\":\"sv-SE\",\"@id\":\"https:\\\/\\\/masterchem.fi\\\/sv\\\/produkt\\\/kolesterol-cas-57-88-5\\\/#primaryimage\",\"url\":\"https:\\\/\\\/masterchem.fi\\\/wp-content\\\/uploads\\\/2022\\\/05\\\/Kolesteroli-CAS-57-88-5-25kg-MasterChem.jpg\",\"contentUrl\":\"https:\\\/\\\/masterchem.fi\\\/wp-content\\\/uploads\\\/2022\\\/05\\\/Kolesteroli-CAS-57-88-5-25kg-MasterChem.jpg\",\"width\":1000,\"height\":1000,\"caption\":\"Kolesterol (CAS 57-88-5) 25kg MasterChem\"},{\"@type\":\"BreadcrumbList\",\"@id\":\"https:\\\/\\\/masterchem.fi\\\/sv\\\/produkt\\\/kolesterol-cas-57-88-5\\\/#breadcrumb\",\"itemListElement\":[{\"@type\":\"ListItem\",\"position\":1,\"name\":\"Home\",\"item\":\"https:\\\/\\\/masterchem.fi\\\/sv\\\/\"},{\"@type\":\"ListItem\",\"position\":2,\"name\":\"Butik\",\"item\":\"https:\\\/\\\/masterchem.fi\\\/sv\\\/butik\\\/\"},{\"@type\":\"ListItem\",\"position\":3,\"name\":\"Kolesterol (CAS 57-88-5)\"}]},{\"@type\":\"WebSite\",\"@id\":\"https:\\\/\\\/masterchem.fi\\\/sv\\\/#website\",\"url\":\"https:\\\/\\\/masterchem.fi\\\/sv\\\/\",\"name\":\"MasterChem | kemikaalien tuotanto ja myynti\",\"description\":\"kemikaalien tuotanto ja myynti\",\"potentialAction\":[{\"@type\":\"SearchAction\",\"target\":{\"@type\":\"EntryPoint\",\"urlTemplate\":\"https:\\\/\\\/masterchem.fi\\\/sv\\\/?s={search_term_string}\"},\"query-input\":{\"@type\":\"PropertyValueSpecification\",\"valueRequired\":true,\"valueName\":\"search_term_string\"}}],\"inLanguage\":\"sv-SE\"}]}<\/script>\n<!-- \/ Yoast SEO plugin. -->","yoast_head_json":{"title":"Kolesterol (CAS 57-88-5) - MasterChem | kemikaalien tuotanto ja myynti","description":"Kolesterol (C27H46O) \u00e4r en om\u00e4ttad, cyklisk, vattenol\u00f6slig kristallin alkohol som tillh\u00f6r de steroider som produceras i m\u00e4nskliga och andra djurv\u00e4vnader, s\u00e4rskilt levern.","robots":{"index":"index","follow":"follow","max-snippet":"max-snippet:-1","max-image-preview":"max-image-preview:large","max-video-preview":"max-video-preview:-1"},"canonical":"https:\/\/masterchem.fi\/sv\/produkt\/kolesterol-cas-57-88-5\/","og_locale":"sv_SE","og_type":"article","og_title":"Kolesterol (CAS 57-88-5) - MasterChem | kemikaalien tuotanto ja myynti","og_description":"Kolesterol (C27H46O) \u00e4r en om\u00e4ttad, cyklisk, vattenol\u00f6slig kristallin alkohol som tillh\u00f6r de steroider som produceras i m\u00e4nskliga och andra djurv\u00e4vnader, s\u00e4rskilt levern.","og_url":"https:\/\/masterchem.fi\/sv\/produkt\/kolesterol-cas-57-88-5\/","og_site_name":"MasterChem | kemikaalien tuotanto ja myynti","article_modified_time":"2022-05-03T12:11:37+00:00","og_image":[{"width":1000,"height":1000,"url":"https:\/\/masterchem.fi\/wp-content\/uploads\/2022\/05\/Kolesteroli-CAS-57-88-5-25kg-MasterChem.jpg","type":"image\/jpeg"}],"twitter_card":"summary_large_image","schema":{"@context":"https:\/\/schema.org","@graph":[{"@type":"WebPage","@id":"https:\/\/masterchem.fi\/sv\/produkt\/kolesterol-cas-57-88-5\/","url":"https:\/\/masterchem.fi\/sv\/produkt\/kolesterol-cas-57-88-5\/","name":"Kolesterol (CAS 57-88-5) - MasterChem | kemikaalien tuotanto ja myynti","isPartOf":{"@id":"https:\/\/masterchem.fi\/sv\/#website"},"primaryImageOfPage":{"@id":"https:\/\/masterchem.fi\/sv\/produkt\/kolesterol-cas-57-88-5\/#primaryimage"},"image":{"@id":"https:\/\/masterchem.fi\/sv\/produkt\/kolesterol-cas-57-88-5\/#primaryimage"},"thumbnailUrl":"https:\/\/masterchem.fi\/wp-content\/uploads\/2022\/05\/Kolesteroli-CAS-57-88-5-25kg-MasterChem.jpg","datePublished":"2022-05-03T12:06:37+00:00","dateModified":"2022-05-03T12:11:37+00:00","description":"Kolesterol (C27H46O) \u00e4r en om\u00e4ttad, cyklisk, vattenol\u00f6slig kristallin alkohol som tillh\u00f6r de steroider som produceras i m\u00e4nskliga och andra djurv\u00e4vnader, s\u00e4rskilt levern.","breadcrumb":{"@id":"https:\/\/masterchem.fi\/sv\/produkt\/kolesterol-cas-57-88-5\/#breadcrumb"},"inLanguage":"sv-SE","potentialAction":[{"@type":"ReadAction","target":["https:\/\/masterchem.fi\/sv\/produkt\/kolesterol-cas-57-88-5\/"]}]},{"@type":"ImageObject","inLanguage":"sv-SE","@id":"https:\/\/masterchem.fi\/sv\/produkt\/kolesterol-cas-57-88-5\/#primaryimage","url":"https:\/\/masterchem.fi\/wp-content\/uploads\/2022\/05\/Kolesteroli-CAS-57-88-5-25kg-MasterChem.jpg","contentUrl":"https:\/\/masterchem.fi\/wp-content\/uploads\/2022\/05\/Kolesteroli-CAS-57-88-5-25kg-MasterChem.jpg","width":1000,"height":1000,"caption":"Kolesterol (CAS 57-88-5) 25kg MasterChem"},{"@type":"BreadcrumbList","@id":"https:\/\/masterchem.fi\/sv\/produkt\/kolesterol-cas-57-88-5\/#breadcrumb","itemListElement":[{"@type":"ListItem","position":1,"name":"Home","item":"https:\/\/masterchem.fi\/sv\/"},{"@type":"ListItem","position":2,"name":"Butik","item":"https:\/\/masterchem.fi\/sv\/butik\/"},{"@type":"ListItem","position":3,"name":"Kolesterol (CAS 57-88-5)"}]},{"@type":"WebSite","@id":"https:\/\/masterchem.fi\/sv\/#website","url":"https:\/\/masterchem.fi\/sv\/","name":"MasterChem | kemikaalien tuotanto ja myynti","description":"kemikaalien tuotanto ja myynti","potentialAction":[{"@type":"SearchAction","target":{"@type":"EntryPoint","urlTemplate":"https:\/\/masterchem.fi\/sv\/?s={search_term_string}"},"query-input":{"@type":"PropertyValueSpecification","valueRequired":true,"valueName":"search_term_string"}}],"inLanguage":"sv-SE"}]}},"_links":{"self":[{"href":"https:\/\/masterchem.fi\/sv\/wp-json\/wp\/v2\/product\/8474","targetHints":{"allow":["GET"]}}],"collection":[{"href":"https:\/\/masterchem.fi\/sv\/wp-json\/wp\/v2\/product"}],"about":[{"href":"https:\/\/masterchem.fi\/sv\/wp-json\/wp\/v2\/types\/product"}],"wp:featuredmedia":[{"embeddable":true,"href":"https:\/\/masterchem.fi\/sv\/wp-json\/wp\/v2\/media\/8478"}],"wp:attachment":[{"href":"https:\/\/masterchem.fi\/sv\/wp-json\/wp\/v2\/media?parent=8474"}],"wp:term":[{"taxonomy":"product_brand","embeddable":true,"href":"https:\/\/masterchem.fi\/sv\/wp-json\/wp\/v2\/product_brand?post=8474"},{"taxonomy":"product_cat","embeddable":true,"href":"https:\/\/masterchem.fi\/sv\/wp-json\/wp\/v2\/product_cat?post=8474"},{"taxonomy":"product_tag","embeddable":true,"href":"https:\/\/masterchem.fi\/sv\/wp-json\/wp\/v2\/product_tag?post=8474"}],"curies":[{"name":"wp","href":"https:\/\/api.w.org\/{rel}","templated":true}]}}