{"id":8484,"date":"2022-05-03T15:17:39","date_gmt":"2022-05-03T12:17:39","guid":{"rendered":"https:\/\/masterchem.fi\/?post_type=product&#038;p=8484"},"modified":"2022-05-03T15:24:48","modified_gmt":"2022-05-03T12:24:48","slug":"borax-cas-12179-04-3","status":"publish","type":"product","link":"https:\/\/masterchem.fi\/sv\/produkt\/borax-cas-12179-04-3\/","title":{"rendered":"Borax (CAS 12179-04-3)"},"content":{"rendered":"<p> <strong> Information <\/strong> <\/p>\n<p> Branscher: F\u00e4rger och fernissor, hush\u00e5llskemikalier, g\u00f6dningsmedel, glas och keramik, lim, oljor, fetter, tr\u00e4dg\u00e5rdssk\u00f6tsel, hartser, plaster, polyuretaner <\/p>\n<p> CAS-nummer: 1330-43-4 <br \/>\nWE-nummer: 215-540-4 <br \/>\nIndexnummer: 005-011-00-5 <br \/>\nKemisk formel: Na2B4O7 <br \/>\nMolekylvikt: 201,22 g\/mol <br \/>\nTulltaxa: 28401100 <\/p>\n<p> <strong> Andra fysiska egenskaper <\/strong> <\/p>\n<p> pH: 9,2 (1 %, 20 \u00b0C) <br \/>\nSm\u00e4ltpunkt \/ fryspunkt: 741 \u00b0 C <br \/>\nKokpunkt \/ kokomr\u00e5de: 1575 \u00b0 C <br \/>\nRelativ densitet: 2,37 g\/cm3 (20 \u00b0C) <br \/>\nL\u00f6slighet i vatten: 2,48% (20 \u00b0C) <\/p>\n","protected":false},"excerpt":{"rendered":"<p> <strong> Borax (CAS 12179-04-3) <\/strong> <\/p>\n<p> Borax, eller dinatriumtetraboratdekahydrat, \u00e4ven vilseledande k\u00e4nd som natriumborat och natriumtetraborat, E285 \u00e4r en multifunktionell borf\u00f6rening, ett mineral (bormalm) och ett salt av borsyra.<\/p>\n<p> Borax anv\u00e4nds i hush\u00e5llen f\u00f6r bland annat m\u00f6gelbek\u00e4mpning, reng\u00f6ring och insektsbek\u00e4mpning. Den har ocks\u00e5 m\u00e5nga anv\u00e4ndningsomr\u00e5den inom industrin. De vanligaste av dessa h\u00e4nf\u00f6r sig till boraxens f\u00f6rm\u00e5ga att s\u00e4nka sm\u00e4ltpunkten f\u00f6r de metaller eller glas som bearbetas. Bor \u00e4r ocks\u00e5 den huvudsakliga k\u00e4llan till borsyra. En av de mest exotiska anv\u00e4ndningsomr\u00e5dena \u00e4r relaterad till boraxens f\u00f6rm\u00e5ga att absorbera neutroner. Som ett resultat anv\u00e4nds det i samband med k\u00e4rnreaktorer och anv\u00e4nt br\u00e4nsle b\u00e5de f\u00f6r att kontrollera fissionsreaktionen och f\u00f6r att stoppa den slutliga kedjereaktionen. <\/p>\n","protected":false},"featured_media":8488,"template":"","meta":[],"product_brand":[],"product_cat":[105,109,116],"product_tag":[],"class_list":{"0":"post-8484","1":"product","2":"type-product","3":"status-publish","4":"has-post-thumbnail","6":"product_cat-hushallskemikalier-sv","7":"product_cat-plast","8":"product_cat-alla-produkter","10":"first","11":"outofstock","12":"taxable","13":"shipping-taxable","14":"purchasable","15":"product-type-variable","16":"has-default-attributes","17":"rtwpvg-product"},"yoast_head":"<!-- This site is optimized with the Yoast SEO plugin v27.2 - https:\/\/yoast.com\/product\/yoast-seo-wordpress\/ -->\n<title>Borax (CAS 12179-04-3) - MasterChem | kemikaalien tuotanto ja myynti<\/title>\n<meta name=\"description\" content=\"Kolesterol (C27H46O) \u00e4r en om\u00e4ttad, cyklisk, vattenol\u00f6slig kristallin alkohol som tillh\u00f6r de steroider som produceras i m\u00e4nskliga och andra djurv\u00e4vnader, s\u00e4rskilt levern.\" \/>\n<meta name=\"robots\" content=\"index, follow, max-snippet:-1, max-image-preview:large, max-video-preview:-1\" \/>\n<link rel=\"canonical\" href=\"https:\/\/masterchem.fi\/sv\/produkt\/borax-cas-12179-04-3\/\" \/>\n<meta property=\"og:locale\" content=\"sv_SE\" \/>\n<meta property=\"og:type\" content=\"article\" \/>\n<meta property=\"og:title\" content=\"Borax (CAS 12179-04-3) - MasterChem | kemikaalien tuotanto ja myynti\" \/>\n<meta property=\"og:description\" content=\"Kolesterol (C27H46O) \u00e4r en om\u00e4ttad, cyklisk, vattenol\u00f6slig kristallin alkohol som tillh\u00f6r de steroider som produceras i m\u00e4nskliga och andra djurv\u00e4vnader, s\u00e4rskilt levern.\" \/>\n<meta property=\"og:url\" content=\"https:\/\/masterchem.fi\/sv\/produkt\/borax-cas-12179-04-3\/\" \/>\n<meta property=\"og:site_name\" content=\"MasterChem | kemikaalien tuotanto ja myynti\" \/>\n<meta property=\"article:modified_time\" content=\"2022-05-03T12:24:48+00:00\" \/>\n<meta property=\"og:image\" content=\"https:\/\/masterchem.fi\/wp-content\/uploads\/2022\/05\/Booraksi-CAS-12179-04-3-25kg-MasterChem.jpg\" \/>\n\t<meta property=\"og:image:width\" content=\"1000\" \/>\n\t<meta property=\"og:image:height\" content=\"1000\" \/>\n\t<meta property=\"og:image:type\" content=\"image\/jpeg\" \/>\n<meta name=\"twitter:card\" content=\"summary_large_image\" \/>\n<script type=\"application\/ld+json\" class=\"yoast-schema-graph\">{\"@context\":\"https:\/\/schema.org\",\"@graph\":[{\"@type\":\"WebPage\",\"@id\":\"https:\/\/masterchem.fi\/sv\/produkt\/borax-cas-12179-04-3\/\",\"url\":\"https:\/\/masterchem.fi\/sv\/produkt\/borax-cas-12179-04-3\/\",\"name\":\"Borax (CAS 12179-04-3) - MasterChem | kemikaalien tuotanto ja myynti\",\"isPartOf\":{\"@id\":\"https:\/\/masterchem.fi\/sv\/#website\"},\"primaryImageOfPage\":{\"@id\":\"https:\/\/masterchem.fi\/sv\/produkt\/borax-cas-12179-04-3\/#primaryimage\"},\"image\":{\"@id\":\"https:\/\/masterchem.fi\/sv\/produkt\/borax-cas-12179-04-3\/#primaryimage\"},\"thumbnailUrl\":\"https:\/\/masterchem.fi\/wp-content\/uploads\/2022\/05\/Booraksi-CAS-12179-04-3-25kg-MasterChem.jpg\",\"datePublished\":\"2022-05-03T12:17:39+00:00\",\"dateModified\":\"2022-05-03T12:24:48+00:00\",\"description\":\"Kolesterol (C27H46O) \u00e4r en om\u00e4ttad, cyklisk, vattenol\u00f6slig kristallin alkohol som tillh\u00f6r de steroider som produceras i m\u00e4nskliga och andra djurv\u00e4vnader, s\u00e4rskilt levern.\",\"breadcrumb\":{\"@id\":\"https:\/\/masterchem.fi\/sv\/produkt\/borax-cas-12179-04-3\/#breadcrumb\"},\"inLanguage\":\"sv-SE\",\"potentialAction\":[{\"@type\":\"ReadAction\",\"target\":[\"https:\/\/masterchem.fi\/sv\/produkt\/borax-cas-12179-04-3\/\"]}]},{\"@type\":\"ImageObject\",\"inLanguage\":\"sv-SE\",\"@id\":\"https:\/\/masterchem.fi\/sv\/produkt\/borax-cas-12179-04-3\/#primaryimage\",\"url\":\"https:\/\/masterchem.fi\/wp-content\/uploads\/2022\/05\/Booraksi-CAS-12179-04-3-25kg-MasterChem.jpg\",\"contentUrl\":\"https:\/\/masterchem.fi\/wp-content\/uploads\/2022\/05\/Booraksi-CAS-12179-04-3-25kg-MasterChem.jpg\",\"width\":1000,\"height\":1000,\"caption\":\"Borax (CAS 12179-04-3) 25kg MasterChem\"},{\"@type\":\"BreadcrumbList\",\"@id\":\"https:\/\/masterchem.fi\/sv\/produkt\/borax-cas-12179-04-3\/#breadcrumb\",\"itemListElement\":[{\"@type\":\"ListItem\",\"position\":1,\"name\":\"Home\",\"item\":\"https:\/\/masterchem.fi\/sv\/\"},{\"@type\":\"ListItem\",\"position\":2,\"name\":\"Butik\",\"item\":\"https:\/\/masterchem.fi\/sv\/butik\/\"},{\"@type\":\"ListItem\",\"position\":3,\"name\":\"Borax (CAS 12179-04-3)\"}]},{\"@type\":\"WebSite\",\"@id\":\"https:\/\/masterchem.fi\/sv\/#website\",\"url\":\"https:\/\/masterchem.fi\/sv\/\",\"name\":\"MasterChem | kemikaalien tuotanto ja myynti\",\"description\":\"kemikaalien tuotanto ja myynti\",\"potentialAction\":[{\"@type\":\"SearchAction\",\"target\":{\"@type\":\"EntryPoint\",\"urlTemplate\":\"https:\/\/masterchem.fi\/sv\/?s={search_term_string}\"},\"query-input\":{\"@type\":\"PropertyValueSpecification\",\"valueRequired\":true,\"valueName\":\"search_term_string\"}}],\"inLanguage\":\"sv-SE\"}]}<\/script>\n<!-- \/ Yoast SEO plugin. -->","yoast_head_json":{"title":"Borax (CAS 12179-04-3) - MasterChem | kemikaalien tuotanto ja myynti","description":"Kolesterol (C27H46O) \u00e4r en om\u00e4ttad, cyklisk, vattenol\u00f6slig kristallin alkohol som tillh\u00f6r de steroider som produceras i m\u00e4nskliga och andra djurv\u00e4vnader, s\u00e4rskilt levern.","robots":{"index":"index","follow":"follow","max-snippet":"max-snippet:-1","max-image-preview":"max-image-preview:large","max-video-preview":"max-video-preview:-1"},"canonical":"https:\/\/masterchem.fi\/sv\/produkt\/borax-cas-12179-04-3\/","og_locale":"sv_SE","og_type":"article","og_title":"Borax (CAS 12179-04-3) - MasterChem | kemikaalien tuotanto ja myynti","og_description":"Kolesterol (C27H46O) \u00e4r en om\u00e4ttad, cyklisk, vattenol\u00f6slig kristallin alkohol som tillh\u00f6r de steroider som produceras i m\u00e4nskliga och andra djurv\u00e4vnader, s\u00e4rskilt levern.","og_url":"https:\/\/masterchem.fi\/sv\/produkt\/borax-cas-12179-04-3\/","og_site_name":"MasterChem | kemikaalien tuotanto ja myynti","article_modified_time":"2022-05-03T12:24:48+00:00","og_image":[{"width":1000,"height":1000,"url":"https:\/\/masterchem.fi\/wp-content\/uploads\/2022\/05\/Booraksi-CAS-12179-04-3-25kg-MasterChem.jpg","type":"image\/jpeg"}],"twitter_card":"summary_large_image","schema":{"@context":"https:\/\/schema.org","@graph":[{"@type":"WebPage","@id":"https:\/\/masterchem.fi\/sv\/produkt\/borax-cas-12179-04-3\/","url":"https:\/\/masterchem.fi\/sv\/produkt\/borax-cas-12179-04-3\/","name":"Borax (CAS 12179-04-3) - MasterChem | kemikaalien tuotanto ja myynti","isPartOf":{"@id":"https:\/\/masterchem.fi\/sv\/#website"},"primaryImageOfPage":{"@id":"https:\/\/masterchem.fi\/sv\/produkt\/borax-cas-12179-04-3\/#primaryimage"},"image":{"@id":"https:\/\/masterchem.fi\/sv\/produkt\/borax-cas-12179-04-3\/#primaryimage"},"thumbnailUrl":"https:\/\/masterchem.fi\/wp-content\/uploads\/2022\/05\/Booraksi-CAS-12179-04-3-25kg-MasterChem.jpg","datePublished":"2022-05-03T12:17:39+00:00","dateModified":"2022-05-03T12:24:48+00:00","description":"Kolesterol (C27H46O) \u00e4r en om\u00e4ttad, cyklisk, vattenol\u00f6slig kristallin alkohol som tillh\u00f6r de steroider som produceras i m\u00e4nskliga och andra djurv\u00e4vnader, s\u00e4rskilt levern.","breadcrumb":{"@id":"https:\/\/masterchem.fi\/sv\/produkt\/borax-cas-12179-04-3\/#breadcrumb"},"inLanguage":"sv-SE","potentialAction":[{"@type":"ReadAction","target":["https:\/\/masterchem.fi\/sv\/produkt\/borax-cas-12179-04-3\/"]}]},{"@type":"ImageObject","inLanguage":"sv-SE","@id":"https:\/\/masterchem.fi\/sv\/produkt\/borax-cas-12179-04-3\/#primaryimage","url":"https:\/\/masterchem.fi\/wp-content\/uploads\/2022\/05\/Booraksi-CAS-12179-04-3-25kg-MasterChem.jpg","contentUrl":"https:\/\/masterchem.fi\/wp-content\/uploads\/2022\/05\/Booraksi-CAS-12179-04-3-25kg-MasterChem.jpg","width":1000,"height":1000,"caption":"Borax (CAS 12179-04-3) 25kg MasterChem"},{"@type":"BreadcrumbList","@id":"https:\/\/masterchem.fi\/sv\/produkt\/borax-cas-12179-04-3\/#breadcrumb","itemListElement":[{"@type":"ListItem","position":1,"name":"Home","item":"https:\/\/masterchem.fi\/sv\/"},{"@type":"ListItem","position":2,"name":"Butik","item":"https:\/\/masterchem.fi\/sv\/butik\/"},{"@type":"ListItem","position":3,"name":"Borax (CAS 12179-04-3)"}]},{"@type":"WebSite","@id":"https:\/\/masterchem.fi\/sv\/#website","url":"https:\/\/masterchem.fi\/sv\/","name":"MasterChem | kemikaalien tuotanto ja myynti","description":"kemikaalien tuotanto ja myynti","potentialAction":[{"@type":"SearchAction","target":{"@type":"EntryPoint","urlTemplate":"https:\/\/masterchem.fi\/sv\/?s={search_term_string}"},"query-input":{"@type":"PropertyValueSpecification","valueRequired":true,"valueName":"search_term_string"}}],"inLanguage":"sv-SE"}]}},"_links":{"self":[{"href":"https:\/\/masterchem.fi\/sv\/wp-json\/wp\/v2\/product\/8484","targetHints":{"allow":["GET"]}}],"collection":[{"href":"https:\/\/masterchem.fi\/sv\/wp-json\/wp\/v2\/product"}],"about":[{"href":"https:\/\/masterchem.fi\/sv\/wp-json\/wp\/v2\/types\/product"}],"wp:featuredmedia":[{"embeddable":true,"href":"https:\/\/masterchem.fi\/sv\/wp-json\/wp\/v2\/media\/8488"}],"wp:attachment":[{"href":"https:\/\/masterchem.fi\/sv\/wp-json\/wp\/v2\/media?parent=8484"}],"wp:term":[{"taxonomy":"product_brand","embeddable":true,"href":"https:\/\/masterchem.fi\/sv\/wp-json\/wp\/v2\/product_brand?post=8484"},{"taxonomy":"product_cat","embeddable":true,"href":"https:\/\/masterchem.fi\/sv\/wp-json\/wp\/v2\/product_cat?post=8484"},{"taxonomy":"product_tag","embeddable":true,"href":"https:\/\/masterchem.fi\/sv\/wp-json\/wp\/v2\/product_tag?post=8484"}],"curies":[{"name":"wp","href":"https:\/\/api.w.org\/{rel}","templated":true}]}}