{"id":8494,"date":"2022-05-03T15:49:42","date_gmt":"2022-05-03T12:49:43","guid":{"rendered":"https:\/\/masterchem.fi\/?post_type=product&#038;p=8494"},"modified":"2022-05-03T15:55:03","modified_gmt":"2022-05-03T12:55:03","slug":"etanolamin-cas-141-43-5","status":"publish","type":"product","link":"https:\/\/masterchem.fi\/sv\/produkt\/etanolamin-cas-141-43-5\/","title":{"rendered":"Etanolamin (CAS 141-43-5)"},"content":{"rendered":"<p> <strong> Information <\/strong> <\/p>\n<p> Branscher: F\u00e4rger och lacker, hush\u00e5llskemikalier, g\u00f6dningsmedel, kosmetika, lim, oljor, fetter, byggkemikalier, hartser, plaster, polyuretaner <\/p>\n<p> CAS-nummer: 141-43-5 <br \/>\nWE-nummer: 205-483-3 <br \/>\nIndexnummer: 603-030-00-8 <br \/>\nKemisk formel: C2H7NO <br \/>\nMolekylvikt: 61,08 g\/mol <br \/>\nTulltaxa: 29221100 <br \/>\nADR: UN2491 <\/p>\n<p> <strong> Andra fysiska egenskaper <\/strong> <\/p>\n<p> Sm\u00e4ltpunkt \/ fryspunkt: 10,5 \u00b0 C <br \/>\nKokpunkt\/kokpunktsintervall: 170,3 \u00b0C (1013,25 gPa) <br \/>\nRelativ densitet: 1,02 g\/cm3 (20 \u00b0C) <br \/>\nL\u00f6slighet i vatten:> 1000 g\/l vid 20 \u00b0C (pH 12,1) <\/p>\n","protected":false},"excerpt":{"rendered":"<p> <strong> Etanolamin (CAS 141-43-5) <\/strong> <\/p>\n<p>Etanolamin (2-aminoetanol, monoetanolamin, ETA eller MEA) \u00e4r en organisk kemisk f\u00f6rening med formeln HOCH2CH2NH2 (C2H7NO). Molekylen \u00e4r bifunktionell och inneh\u00e5ller b\u00e5de en prim\u00e4r amin och en prim\u00e4r alkohol. Etanolamin \u00e4r en f\u00e4rgl\u00f6s, tr\u00f6gflytande v\u00e4tska med en lukt som liknar ammoniak. Dess derivat \u00e4r generella till sin natur; t.ex. lipider som prekursorer till flera N-acyletanolaminer (NAE) som modulerar flera fysiologiska processer hos djur och v\u00e4xter, s\u00e5som fr\u00f6nsgroning, v\u00e4xt-patogen-interaktioner, kloroplastutveckling och blomning, och en prekursor i kombination med arakidonsyra (C20H32O2; 20) : 4); f\u00f6r att bilda endocannabinoid anandamid (AEA: C22H37NO2; 20: 4, \u03c9-6). <\/p>\n<p>Etanolaminer inneh\u00e5ller en grupp aminoalkoholer. Klassen av antihistaminer identifieras som etanolamin, vilket inkluderar karbinoxamin, klemastin, dimenhydrinat, klorfenoxamin, difenhydramin och doxylamin. <\/p>\n","protected":false},"featured_media":8498,"template":"","meta":[],"product_brand":[],"product_cat":[173,177,105,106,112,116],"product_tag":[],"class_list":{"0":"post-8494","1":"product","2":"type-product","3":"status-publish","4":"has-post-thumbnail","6":"product_cat-godselmedel","7":"product_cat-kosmetikindustrin","8":"product_cat-hushallskemikalier-sv","9":"product_cat-lakemedelsindustri","10":"product_cat-byggbranschen","11":"product_cat-alla-produkter","13":"first","14":"outofstock","15":"taxable","16":"shipping-taxable","17":"purchasable","18":"product-type-variable","19":"has-default-attributes","20":"rtwpvg-product"},"yoast_head":"<!-- This site is optimized with the Yoast SEO plugin v27.2 - https:\/\/yoast.com\/product\/yoast-seo-wordpress\/ -->\n<title>Etanolamin (CAS 141-43-5) - MasterChem | kemikaalien tuotanto ja myynti<\/title>\n<meta name=\"description\" content=\"Etanolamin (2-aminoetanol, monoetanolamin, ETA eller MEA) \u00e4r en organisk kemisk f\u00f6rening med formeln HOCH2CH2NH2 (C2H7NO).\" \/>\n<meta name=\"robots\" content=\"index, follow, max-snippet:-1, max-image-preview:large, max-video-preview:-1\" \/>\n<link rel=\"canonical\" href=\"https:\/\/masterchem.fi\/sv\/produkt\/etanolamin-cas-141-43-5\/\" \/>\n<meta property=\"og:locale\" content=\"sv_SE\" \/>\n<meta property=\"og:type\" content=\"article\" \/>\n<meta property=\"og:title\" content=\"Etanolamin (CAS 141-43-5) - MasterChem | kemikaalien tuotanto ja myynti\" \/>\n<meta property=\"og:description\" content=\"Etanolamin (2-aminoetanol, monoetanolamin, ETA eller MEA) \u00e4r en organisk kemisk f\u00f6rening med formeln HOCH2CH2NH2 (C2H7NO).\" \/>\n<meta property=\"og:url\" content=\"https:\/\/masterchem.fi\/sv\/produkt\/etanolamin-cas-141-43-5\/\" \/>\n<meta property=\"og:site_name\" content=\"MasterChem | kemikaalien tuotanto ja myynti\" \/>\n<meta property=\"article:modified_time\" content=\"2022-05-03T12:55:03+00:00\" \/>\n<meta property=\"og:image\" content=\"https:\/\/masterchem.fi\/wp-content\/uploads\/2022\/05\/Etanoliamiini-CAS-141-43-5-25kg-MasterChem.jpg\" \/>\n\t<meta property=\"og:image:width\" content=\"1000\" \/>\n\t<meta property=\"og:image:height\" content=\"1000\" \/>\n\t<meta property=\"og:image:type\" content=\"image\/jpeg\" \/>\n<meta name=\"twitter:card\" content=\"summary_large_image\" \/>\n<script type=\"application\/ld+json\" class=\"yoast-schema-graph\">{\"@context\":\"https:\/\/schema.org\",\"@graph\":[{\"@type\":\"WebPage\",\"@id\":\"https:\/\/masterchem.fi\/sv\/produkt\/etanolamin-cas-141-43-5\/\",\"url\":\"https:\/\/masterchem.fi\/sv\/produkt\/etanolamin-cas-141-43-5\/\",\"name\":\"Etanolamin (CAS 141-43-5) - MasterChem | kemikaalien tuotanto ja myynti\",\"isPartOf\":{\"@id\":\"https:\/\/masterchem.fi\/sv\/#website\"},\"primaryImageOfPage\":{\"@id\":\"https:\/\/masterchem.fi\/sv\/produkt\/etanolamin-cas-141-43-5\/#primaryimage\"},\"image\":{\"@id\":\"https:\/\/masterchem.fi\/sv\/produkt\/etanolamin-cas-141-43-5\/#primaryimage\"},\"thumbnailUrl\":\"https:\/\/masterchem.fi\/wp-content\/uploads\/2022\/05\/Etanoliamiini-CAS-141-43-5-25kg-MasterChem.jpg\",\"datePublished\":\"2022-05-03T12:49:43+00:00\",\"dateModified\":\"2022-05-03T12:55:03+00:00\",\"description\":\"Etanolamin (2-aminoetanol, monoetanolamin, ETA eller MEA) \u00e4r en organisk kemisk f\u00f6rening med formeln HOCH2CH2NH2 (C2H7NO).\",\"breadcrumb\":{\"@id\":\"https:\/\/masterchem.fi\/sv\/produkt\/etanolamin-cas-141-43-5\/#breadcrumb\"},\"inLanguage\":\"sv-SE\",\"potentialAction\":[{\"@type\":\"ReadAction\",\"target\":[\"https:\/\/masterchem.fi\/sv\/produkt\/etanolamin-cas-141-43-5\/\"]}]},{\"@type\":\"ImageObject\",\"inLanguage\":\"sv-SE\",\"@id\":\"https:\/\/masterchem.fi\/sv\/produkt\/etanolamin-cas-141-43-5\/#primaryimage\",\"url\":\"https:\/\/masterchem.fi\/wp-content\/uploads\/2022\/05\/Etanoliamiini-CAS-141-43-5-25kg-MasterChem.jpg\",\"contentUrl\":\"https:\/\/masterchem.fi\/wp-content\/uploads\/2022\/05\/Etanoliamiini-CAS-141-43-5-25kg-MasterChem.jpg\",\"width\":1000,\"height\":1000,\"caption\":\"Etanolamin (CAS 141-43-5) 25kg MasterChem\"},{\"@type\":\"BreadcrumbList\",\"@id\":\"https:\/\/masterchem.fi\/sv\/produkt\/etanolamin-cas-141-43-5\/#breadcrumb\",\"itemListElement\":[{\"@type\":\"ListItem\",\"position\":1,\"name\":\"Home\",\"item\":\"https:\/\/masterchem.fi\/sv\/\"},{\"@type\":\"ListItem\",\"position\":2,\"name\":\"Butik\",\"item\":\"https:\/\/masterchem.fi\/sv\/butik\/\"},{\"@type\":\"ListItem\",\"position\":3,\"name\":\"Etanolamin (CAS 141-43-5)\"}]},{\"@type\":\"WebSite\",\"@id\":\"https:\/\/masterchem.fi\/sv\/#website\",\"url\":\"https:\/\/masterchem.fi\/sv\/\",\"name\":\"MasterChem | kemikaalien tuotanto ja myynti\",\"description\":\"kemikaalien tuotanto ja myynti\",\"potentialAction\":[{\"@type\":\"SearchAction\",\"target\":{\"@type\":\"EntryPoint\",\"urlTemplate\":\"https:\/\/masterchem.fi\/sv\/?s={search_term_string}\"},\"query-input\":{\"@type\":\"PropertyValueSpecification\",\"valueRequired\":true,\"valueName\":\"search_term_string\"}}],\"inLanguage\":\"sv-SE\"}]}<\/script>\n<!-- \/ Yoast SEO plugin. -->","yoast_head_json":{"title":"Etanolamin (CAS 141-43-5) - MasterChem | kemikaalien tuotanto ja myynti","description":"Etanolamin (2-aminoetanol, monoetanolamin, ETA eller MEA) \u00e4r en organisk kemisk f\u00f6rening med formeln HOCH2CH2NH2 (C2H7NO).","robots":{"index":"index","follow":"follow","max-snippet":"max-snippet:-1","max-image-preview":"max-image-preview:large","max-video-preview":"max-video-preview:-1"},"canonical":"https:\/\/masterchem.fi\/sv\/produkt\/etanolamin-cas-141-43-5\/","og_locale":"sv_SE","og_type":"article","og_title":"Etanolamin (CAS 141-43-5) - MasterChem | kemikaalien tuotanto ja myynti","og_description":"Etanolamin (2-aminoetanol, monoetanolamin, ETA eller MEA) \u00e4r en organisk kemisk f\u00f6rening med formeln HOCH2CH2NH2 (C2H7NO).","og_url":"https:\/\/masterchem.fi\/sv\/produkt\/etanolamin-cas-141-43-5\/","og_site_name":"MasterChem | kemikaalien tuotanto ja myynti","article_modified_time":"2022-05-03T12:55:03+00:00","og_image":[{"width":1000,"height":1000,"url":"https:\/\/masterchem.fi\/wp-content\/uploads\/2022\/05\/Etanoliamiini-CAS-141-43-5-25kg-MasterChem.jpg","type":"image\/jpeg"}],"twitter_card":"summary_large_image","schema":{"@context":"https:\/\/schema.org","@graph":[{"@type":"WebPage","@id":"https:\/\/masterchem.fi\/sv\/produkt\/etanolamin-cas-141-43-5\/","url":"https:\/\/masterchem.fi\/sv\/produkt\/etanolamin-cas-141-43-5\/","name":"Etanolamin (CAS 141-43-5) - MasterChem | kemikaalien tuotanto ja myynti","isPartOf":{"@id":"https:\/\/masterchem.fi\/sv\/#website"},"primaryImageOfPage":{"@id":"https:\/\/masterchem.fi\/sv\/produkt\/etanolamin-cas-141-43-5\/#primaryimage"},"image":{"@id":"https:\/\/masterchem.fi\/sv\/produkt\/etanolamin-cas-141-43-5\/#primaryimage"},"thumbnailUrl":"https:\/\/masterchem.fi\/wp-content\/uploads\/2022\/05\/Etanoliamiini-CAS-141-43-5-25kg-MasterChem.jpg","datePublished":"2022-05-03T12:49:43+00:00","dateModified":"2022-05-03T12:55:03+00:00","description":"Etanolamin (2-aminoetanol, monoetanolamin, ETA eller MEA) \u00e4r en organisk kemisk f\u00f6rening med formeln HOCH2CH2NH2 (C2H7NO).","breadcrumb":{"@id":"https:\/\/masterchem.fi\/sv\/produkt\/etanolamin-cas-141-43-5\/#breadcrumb"},"inLanguage":"sv-SE","potentialAction":[{"@type":"ReadAction","target":["https:\/\/masterchem.fi\/sv\/produkt\/etanolamin-cas-141-43-5\/"]}]},{"@type":"ImageObject","inLanguage":"sv-SE","@id":"https:\/\/masterchem.fi\/sv\/produkt\/etanolamin-cas-141-43-5\/#primaryimage","url":"https:\/\/masterchem.fi\/wp-content\/uploads\/2022\/05\/Etanoliamiini-CAS-141-43-5-25kg-MasterChem.jpg","contentUrl":"https:\/\/masterchem.fi\/wp-content\/uploads\/2022\/05\/Etanoliamiini-CAS-141-43-5-25kg-MasterChem.jpg","width":1000,"height":1000,"caption":"Etanolamin (CAS 141-43-5) 25kg MasterChem"},{"@type":"BreadcrumbList","@id":"https:\/\/masterchem.fi\/sv\/produkt\/etanolamin-cas-141-43-5\/#breadcrumb","itemListElement":[{"@type":"ListItem","position":1,"name":"Home","item":"https:\/\/masterchem.fi\/sv\/"},{"@type":"ListItem","position":2,"name":"Butik","item":"https:\/\/masterchem.fi\/sv\/butik\/"},{"@type":"ListItem","position":3,"name":"Etanolamin (CAS 141-43-5)"}]},{"@type":"WebSite","@id":"https:\/\/masterchem.fi\/sv\/#website","url":"https:\/\/masterchem.fi\/sv\/","name":"MasterChem | kemikaalien tuotanto ja myynti","description":"kemikaalien tuotanto ja myynti","potentialAction":[{"@type":"SearchAction","target":{"@type":"EntryPoint","urlTemplate":"https:\/\/masterchem.fi\/sv\/?s={search_term_string}"},"query-input":{"@type":"PropertyValueSpecification","valueRequired":true,"valueName":"search_term_string"}}],"inLanguage":"sv-SE"}]}},"_links":{"self":[{"href":"https:\/\/masterchem.fi\/sv\/wp-json\/wp\/v2\/product\/8494","targetHints":{"allow":["GET"]}}],"collection":[{"href":"https:\/\/masterchem.fi\/sv\/wp-json\/wp\/v2\/product"}],"about":[{"href":"https:\/\/masterchem.fi\/sv\/wp-json\/wp\/v2\/types\/product"}],"wp:featuredmedia":[{"embeddable":true,"href":"https:\/\/masterchem.fi\/sv\/wp-json\/wp\/v2\/media\/8498"}],"wp:attachment":[{"href":"https:\/\/masterchem.fi\/sv\/wp-json\/wp\/v2\/media?parent=8494"}],"wp:term":[{"taxonomy":"product_brand","embeddable":true,"href":"https:\/\/masterchem.fi\/sv\/wp-json\/wp\/v2\/product_brand?post=8494"},{"taxonomy":"product_cat","embeddable":true,"href":"https:\/\/masterchem.fi\/sv\/wp-json\/wp\/v2\/product_cat?post=8494"},{"taxonomy":"product_tag","embeddable":true,"href":"https:\/\/masterchem.fi\/sv\/wp-json\/wp\/v2\/product_tag?post=8494"}],"curies":[{"name":"wp","href":"https:\/\/api.w.org\/{rel}","templated":true}]}}