{"id":8511,"date":"2022-05-03T15:59:59","date_gmt":"2022-05-03T13:00:00","guid":{"rendered":"https:\/\/masterchem.fi\/?post_type=product&#038;p=8511"},"modified":"2022-05-03T16:08:30","modified_gmt":"2022-05-03T13:08:30","slug":"trietylenglykol-cas-112-27-6","status":"publish","type":"product","link":"https:\/\/masterchem.fi\/sv\/produkt\/trietylenglykol-cas-112-27-6\/","title":{"rendered":"Trietylenglykol (CAS 112-27-6)"},"content":{"rendered":"<p> <strong> Information <\/strong> <\/p>\n<p> Branscher: F\u00e4rger och lacker, hush\u00e5llskemikalier, g\u00f6dningsmedel, kosmetika, lim, oljor, fetter, hartser, plaster, polyuretaner <\/p>\n<p> CAS-nummer: 112-27-6 <br \/>\nWE-nummer: 203-953-2 <br \/>\nKemisk formel: C6H14O4 <br \/>\nMolekylvikt: 150,17 g\/mol <br \/>\nTulltaxa: 29094980 <\/p>\n<p> <strong> Andra fysiska egenskaper <\/strong> <\/p>\n<p> pH: 8 <br \/>\nSm\u00e4ltpunkt \/ fryspunkt: <-7 \u00b0 C <br \/>\nKokpunkt \/ kokomr\u00e5de: 286,5 \u00b0 C (760 mmHg) <br \/>\nRelativ densitet: 1,13 g\/cm3 (15 \u00b0C) <\/p>\n","protected":false},"excerpt":{"rendered":"<p> <strong> Trietylenglykol (CAS 112-27-6) <\/strong> <\/p>\n<p>Trietylenglykol (C6H14O4) \u00e4r en eterhaltig diol, en alkohol med tv\u00e5 hydroxylgrupper. Trietylenglykol anv\u00e4nds bland annat som torkmedel och som tillsats i plast. Andra namn f\u00f6r f\u00f6reningen inkluderar triglykol, 2,2&#8242;- (1,2-etandiylbis (oxi)) bisetanol och 2,2&#8242;-etylendioxibis (etanol). <\/p>\n<p> Vid rumstemperatur \u00e4r trietylenglykol en f\u00e4rgl\u00f6s, vattenbindande eller hygroskopisk v\u00e4tska som \u00e4r mycket l\u00f6slig i vatten. Den hygroskopiska egenskapen beror p\u00e5 trietylenglykols f\u00f6rm\u00e5ga att bilda mycket starka v\u00e4tebindningar med vattenmolekyler. <\/p>\n","protected":false},"featured_media":8535,"template":"","meta":[],"product_brand":[],"product_cat":[177,116,105,173,109],"product_tag":[],"class_list":{"0":"post-8511","1":"product","2":"type-product","3":"status-publish","4":"has-post-thumbnail","6":"product_cat-kosmetikindustrin","7":"product_cat-alla-produkter","8":"product_cat-hushallskemikalier-sv","9":"product_cat-godselmedel","10":"product_cat-plast","12":"first","13":"outofstock","14":"taxable","15":"shipping-taxable","16":"purchasable","17":"product-type-variable","18":"has-default-attributes","19":"rtwpvg-product"},"yoast_head":"<!-- This site is optimized with the Yoast SEO plugin v27.5 - https:\/\/yoast.com\/product\/yoast-seo-wordpress\/ -->\n<title>Trietylenglykol (CAS 112-27-6) - MasterChem | kemikaalien tuotanto ja myynti<\/title>\n<meta name=\"description\" content=\"Trietylenglykol (C6H14O4) \u00e4r en diol som inneh\u00e5ller etergrupper, dvs en alkohol med tv\u00e5 hydroxylgrupper.\" \/>\n<meta name=\"robots\" content=\"index, follow, max-snippet:-1, max-image-preview:large, max-video-preview:-1\" \/>\n<link rel=\"canonical\" href=\"https:\/\/masterchem.fi\/sv\/produkt\/trietylenglykol-cas-112-27-6\/\" \/>\n<meta property=\"og:locale\" content=\"sv_SE\" \/>\n<meta property=\"og:type\" content=\"article\" \/>\n<meta property=\"og:title\" content=\"Trietylenglykol (CAS 112-27-6) - MasterChem | kemikaalien tuotanto ja myynti\" \/>\n<meta property=\"og:description\" content=\"Trietylenglykol (C6H14O4) \u00e4r en diol som inneh\u00e5ller etergrupper, dvs en alkohol med tv\u00e5 hydroxylgrupper.\" \/>\n<meta property=\"og:url\" content=\"https:\/\/masterchem.fi\/sv\/produkt\/trietylenglykol-cas-112-27-6\/\" \/>\n<meta property=\"og:site_name\" content=\"MasterChem | kemikaalien tuotanto ja myynti\" \/>\n<meta property=\"article:modified_time\" content=\"2022-05-03T13:08:30+00:00\" \/>\n<meta property=\"og:image\" content=\"https:\/\/masterchem.fi\/wp-content\/uploads\/2022\/05\/Trietyleeniglykoli-CAS-112-27-6-1000l-MasterChem.jpg\" \/>\n\t<meta property=\"og:image:width\" content=\"1000\" \/>\n\t<meta property=\"og:image:height\" content=\"1000\" \/>\n\t<meta property=\"og:image:type\" content=\"image\/jpeg\" \/>\n<meta name=\"twitter:card\" content=\"summary_large_image\" \/>\n<script type=\"application\/ld+json\" class=\"yoast-schema-graph\">{\"@context\":\"https:\\\/\\\/schema.org\",\"@graph\":[{\"@type\":\"WebPage\",\"@id\":\"https:\\\/\\\/masterchem.fi\\\/sv\\\/produkt\\\/trietylenglykol-cas-112-27-6\\\/\",\"url\":\"https:\\\/\\\/masterchem.fi\\\/sv\\\/produkt\\\/trietylenglykol-cas-112-27-6\\\/\",\"name\":\"Trietylenglykol (CAS 112-27-6) - MasterChem | kemikaalien tuotanto ja myynti\",\"isPartOf\":{\"@id\":\"https:\\\/\\\/masterchem.fi\\\/sv\\\/#website\"},\"primaryImageOfPage\":{\"@id\":\"https:\\\/\\\/masterchem.fi\\\/sv\\\/produkt\\\/trietylenglykol-cas-112-27-6\\\/#primaryimage\"},\"image\":{\"@id\":\"https:\\\/\\\/masterchem.fi\\\/sv\\\/produkt\\\/trietylenglykol-cas-112-27-6\\\/#primaryimage\"},\"thumbnailUrl\":\"https:\\\/\\\/masterchem.fi\\\/wp-content\\\/uploads\\\/2022\\\/05\\\/Trietyleeniglykoli-CAS-112-27-6-1000l-MasterChem.jpg\",\"datePublished\":\"2022-05-03T13:00:00+00:00\",\"dateModified\":\"2022-05-03T13:08:30+00:00\",\"description\":\"Trietylenglykol (C6H14O4) \u00e4r en diol som inneh\u00e5ller etergrupper, dvs en alkohol med tv\u00e5 hydroxylgrupper.\",\"breadcrumb\":{\"@id\":\"https:\\\/\\\/masterchem.fi\\\/sv\\\/produkt\\\/trietylenglykol-cas-112-27-6\\\/#breadcrumb\"},\"inLanguage\":\"sv-SE\",\"potentialAction\":[{\"@type\":\"ReadAction\",\"target\":[\"https:\\\/\\\/masterchem.fi\\\/sv\\\/produkt\\\/trietylenglykol-cas-112-27-6\\\/\"]}]},{\"@type\":\"ImageObject\",\"inLanguage\":\"sv-SE\",\"@id\":\"https:\\\/\\\/masterchem.fi\\\/sv\\\/produkt\\\/trietylenglykol-cas-112-27-6\\\/#primaryimage\",\"url\":\"https:\\\/\\\/masterchem.fi\\\/wp-content\\\/uploads\\\/2022\\\/05\\\/Trietyleeniglykoli-CAS-112-27-6-1000l-MasterChem.jpg\",\"contentUrl\":\"https:\\\/\\\/masterchem.fi\\\/wp-content\\\/uploads\\\/2022\\\/05\\\/Trietyleeniglykoli-CAS-112-27-6-1000l-MasterChem.jpg\",\"width\":1000,\"height\":1000,\"caption\":\"Trietylenglykol (CAS 112-27-6) 1000l MaterChem\"},{\"@type\":\"BreadcrumbList\",\"@id\":\"https:\\\/\\\/masterchem.fi\\\/sv\\\/produkt\\\/trietylenglykol-cas-112-27-6\\\/#breadcrumb\",\"itemListElement\":[{\"@type\":\"ListItem\",\"position\":1,\"name\":\"Home\",\"item\":\"https:\\\/\\\/masterchem.fi\\\/sv\\\/\"},{\"@type\":\"ListItem\",\"position\":2,\"name\":\"Butik\",\"item\":\"https:\\\/\\\/masterchem.fi\\\/sv\\\/butik\\\/\"},{\"@type\":\"ListItem\",\"position\":3,\"name\":\"Trietylenglykol (CAS 112-27-6)\"}]},{\"@type\":\"WebSite\",\"@id\":\"https:\\\/\\\/masterchem.fi\\\/sv\\\/#website\",\"url\":\"https:\\\/\\\/masterchem.fi\\\/sv\\\/\",\"name\":\"MasterChem | kemikaalien tuotanto ja myynti\",\"description\":\"kemikaalien tuotanto ja myynti\",\"potentialAction\":[{\"@type\":\"SearchAction\",\"target\":{\"@type\":\"EntryPoint\",\"urlTemplate\":\"https:\\\/\\\/masterchem.fi\\\/sv\\\/?s={search_term_string}\"},\"query-input\":{\"@type\":\"PropertyValueSpecification\",\"valueRequired\":true,\"valueName\":\"search_term_string\"}}],\"inLanguage\":\"sv-SE\"}]}<\/script>\n<!-- \/ Yoast SEO plugin. -->","yoast_head_json":{"title":"Trietylenglykol (CAS 112-27-6) - MasterChem | kemikaalien tuotanto ja myynti","description":"Trietylenglykol (C6H14O4) \u00e4r en diol som inneh\u00e5ller etergrupper, dvs en alkohol med tv\u00e5 hydroxylgrupper.","robots":{"index":"index","follow":"follow","max-snippet":"max-snippet:-1","max-image-preview":"max-image-preview:large","max-video-preview":"max-video-preview:-1"},"canonical":"https:\/\/masterchem.fi\/sv\/produkt\/trietylenglykol-cas-112-27-6\/","og_locale":"sv_SE","og_type":"article","og_title":"Trietylenglykol (CAS 112-27-6) - MasterChem | kemikaalien tuotanto ja myynti","og_description":"Trietylenglykol (C6H14O4) \u00e4r en diol som inneh\u00e5ller etergrupper, dvs en alkohol med tv\u00e5 hydroxylgrupper.","og_url":"https:\/\/masterchem.fi\/sv\/produkt\/trietylenglykol-cas-112-27-6\/","og_site_name":"MasterChem | kemikaalien tuotanto ja myynti","article_modified_time":"2022-05-03T13:08:30+00:00","og_image":[{"width":1000,"height":1000,"url":"https:\/\/masterchem.fi\/wp-content\/uploads\/2022\/05\/Trietyleeniglykoli-CAS-112-27-6-1000l-MasterChem.jpg","type":"image\/jpeg"}],"twitter_card":"summary_large_image","schema":{"@context":"https:\/\/schema.org","@graph":[{"@type":"WebPage","@id":"https:\/\/masterchem.fi\/sv\/produkt\/trietylenglykol-cas-112-27-6\/","url":"https:\/\/masterchem.fi\/sv\/produkt\/trietylenglykol-cas-112-27-6\/","name":"Trietylenglykol (CAS 112-27-6) - MasterChem | kemikaalien tuotanto ja myynti","isPartOf":{"@id":"https:\/\/masterchem.fi\/sv\/#website"},"primaryImageOfPage":{"@id":"https:\/\/masterchem.fi\/sv\/produkt\/trietylenglykol-cas-112-27-6\/#primaryimage"},"image":{"@id":"https:\/\/masterchem.fi\/sv\/produkt\/trietylenglykol-cas-112-27-6\/#primaryimage"},"thumbnailUrl":"https:\/\/masterchem.fi\/wp-content\/uploads\/2022\/05\/Trietyleeniglykoli-CAS-112-27-6-1000l-MasterChem.jpg","datePublished":"2022-05-03T13:00:00+00:00","dateModified":"2022-05-03T13:08:30+00:00","description":"Trietylenglykol (C6H14O4) \u00e4r en diol som inneh\u00e5ller etergrupper, dvs en alkohol med tv\u00e5 hydroxylgrupper.","breadcrumb":{"@id":"https:\/\/masterchem.fi\/sv\/produkt\/trietylenglykol-cas-112-27-6\/#breadcrumb"},"inLanguage":"sv-SE","potentialAction":[{"@type":"ReadAction","target":["https:\/\/masterchem.fi\/sv\/produkt\/trietylenglykol-cas-112-27-6\/"]}]},{"@type":"ImageObject","inLanguage":"sv-SE","@id":"https:\/\/masterchem.fi\/sv\/produkt\/trietylenglykol-cas-112-27-6\/#primaryimage","url":"https:\/\/masterchem.fi\/wp-content\/uploads\/2022\/05\/Trietyleeniglykoli-CAS-112-27-6-1000l-MasterChem.jpg","contentUrl":"https:\/\/masterchem.fi\/wp-content\/uploads\/2022\/05\/Trietyleeniglykoli-CAS-112-27-6-1000l-MasterChem.jpg","width":1000,"height":1000,"caption":"Trietylenglykol (CAS 112-27-6) 1000l MaterChem"},{"@type":"BreadcrumbList","@id":"https:\/\/masterchem.fi\/sv\/produkt\/trietylenglykol-cas-112-27-6\/#breadcrumb","itemListElement":[{"@type":"ListItem","position":1,"name":"Home","item":"https:\/\/masterchem.fi\/sv\/"},{"@type":"ListItem","position":2,"name":"Butik","item":"https:\/\/masterchem.fi\/sv\/butik\/"},{"@type":"ListItem","position":3,"name":"Trietylenglykol (CAS 112-27-6)"}]},{"@type":"WebSite","@id":"https:\/\/masterchem.fi\/sv\/#website","url":"https:\/\/masterchem.fi\/sv\/","name":"MasterChem | kemikaalien tuotanto ja myynti","description":"kemikaalien tuotanto ja myynti","potentialAction":[{"@type":"SearchAction","target":{"@type":"EntryPoint","urlTemplate":"https:\/\/masterchem.fi\/sv\/?s={search_term_string}"},"query-input":{"@type":"PropertyValueSpecification","valueRequired":true,"valueName":"search_term_string"}}],"inLanguage":"sv-SE"}]}},"_links":{"self":[{"href":"https:\/\/masterchem.fi\/sv\/wp-json\/wp\/v2\/product\/8511","targetHints":{"allow":["GET"]}}],"collection":[{"href":"https:\/\/masterchem.fi\/sv\/wp-json\/wp\/v2\/product"}],"about":[{"href":"https:\/\/masterchem.fi\/sv\/wp-json\/wp\/v2\/types\/product"}],"wp:featuredmedia":[{"embeddable":true,"href":"https:\/\/masterchem.fi\/sv\/wp-json\/wp\/v2\/media\/8535"}],"wp:attachment":[{"href":"https:\/\/masterchem.fi\/sv\/wp-json\/wp\/v2\/media?parent=8511"}],"wp:term":[{"taxonomy":"product_brand","embeddable":true,"href":"https:\/\/masterchem.fi\/sv\/wp-json\/wp\/v2\/product_brand?post=8511"},{"taxonomy":"product_cat","embeddable":true,"href":"https:\/\/masterchem.fi\/sv\/wp-json\/wp\/v2\/product_cat?post=8511"},{"taxonomy":"product_tag","embeddable":true,"href":"https:\/\/masterchem.fi\/sv\/wp-json\/wp\/v2\/product_tag?post=8511"}],"curies":[{"name":"wp","href":"https:\/\/api.w.org\/{rel}","templated":true}]}}