{"id":8559,"date":"2022-05-05T12:24:09","date_gmt":"2022-05-05T09:24:10","guid":{"rendered":"https:\/\/masterchem.fi\/?post_type=product&#038;p=8559"},"modified":"2022-05-05T12:29:53","modified_gmt":"2022-05-05T09:29:53","slug":"guargummi-cas-9000-30-0","status":"publish","type":"product","link":"https:\/\/masterchem.fi\/sv\/produkt\/guargummi-cas-9000-30-0\/","title":{"rendered":"Guargummi (CAS 9000-30-0)"},"content":{"rendered":"<p> <strong> Information <\/strong> <\/p>\n<p> Branscher: hush\u00e5llskemikalier, kosmetika, livsmedel <br \/>\nCAS-nummer: 9000-30-0 <br \/>\nWE-nummer: 232-536-8 <\/p>\n<p> <strong> Andra fysiska egenskaper <\/strong> <\/p>\n<p> pH: 5,5 &#8211; 6,2 (1 %) <br \/>\nSm\u00e4ltpunkt \/ fryspunkt: 72-77 \u00b0 C <br \/>\nRelativ densitet: 0,95 g\/cm3 (25 \u00b0C) <\/p>\n","protected":false},"excerpt":{"rendered":"<p> <strong> Guar Gum (CAS 9000-30-0) <\/strong> <\/p>\n<p> Guargummi \u00e4r ett \u00e4tbart naturligt tuggummi. Det \u00e4r ett f\u00f6rtjockningsmedel som erh\u00e5lls fr\u00e5n fr\u00f6n fr\u00e5n guarv\u00e4xten (Cyamopsis tetragonoloba) av indiskt ursprung som en baljv\u00e4xt. <\/p>\n<p>Guargummi \u00e4r en kallvattenl\u00f6slig polysackarid. I listan \u00f6ver livsmedelstillsatser \u00e4r guargummi ett f\u00f6rtjockningsmedel och dess E-kod \u00e4r E412. Guargummi har ett CAS-nummer p\u00e5 9000-30-0. <\/p>\n<p> Importen av guargummi fr\u00e5n Indien till EU har kontrollerats sedan dioxin uppt\u00e4cktes 2007. <\/p>\n","protected":false},"featured_media":8563,"template":"","meta":[],"product_brand":[],"product_cat":[105,116,171,177],"product_tag":[],"class_list":{"0":"post-8559","1":"product","2":"type-product","3":"status-publish","4":"has-post-thumbnail","6":"product_cat-hushallskemikalier-sv","7":"product_cat-alla-produkter","8":"product_cat-livsmedelsindustrin","9":"product_cat-kosmetikindustrin","11":"first","12":"outofstock","13":"taxable","14":"shipping-taxable","15":"purchasable","16":"product-type-variable","17":"has-default-attributes","18":"rtwpvg-product"},"yoast_head":"<!-- This site is optimized with the Yoast SEO plugin v27.2 - https:\/\/yoast.com\/product\/yoast-seo-wordpress\/ -->\n<title>Guargummi (CAS 9000-30-0) - MasterChem | kemikaalien tuotanto ja myynti<\/title>\n<meta name=\"description\" content=\"Guargummi \u00e4r ett \u00e4tbart naturligt tuggummi. Det \u00e4r ett f\u00f6rtjockningsmedel som erh\u00e5lls fr\u00e5n fr\u00f6n fr\u00e5n guarv\u00e4xten av indiskt ursprung som tillh\u00f6r baljv\u00e4xterna.\" \/>\n<meta name=\"robots\" content=\"index, follow, max-snippet:-1, max-image-preview:large, max-video-preview:-1\" \/>\n<link rel=\"canonical\" href=\"https:\/\/masterchem.fi\/sv\/produkt\/guargummi-cas-9000-30-0\/\" \/>\n<meta property=\"og:locale\" content=\"sv_SE\" \/>\n<meta property=\"og:type\" content=\"article\" \/>\n<meta property=\"og:title\" content=\"Guargummi (CAS 9000-30-0) - MasterChem | kemikaalien tuotanto ja myynti\" \/>\n<meta property=\"og:description\" content=\"Guargummi \u00e4r ett \u00e4tbart naturligt tuggummi. Det \u00e4r ett f\u00f6rtjockningsmedel som erh\u00e5lls fr\u00e5n fr\u00f6n fr\u00e5n guarv\u00e4xten av indiskt ursprung som tillh\u00f6r baljv\u00e4xterna.\" \/>\n<meta property=\"og:url\" content=\"https:\/\/masterchem.fi\/sv\/produkt\/guargummi-cas-9000-30-0\/\" \/>\n<meta property=\"og:site_name\" content=\"MasterChem | kemikaalien tuotanto ja myynti\" \/>\n<meta property=\"article:modified_time\" content=\"2022-05-05T09:29:53+00:00\" \/>\n<meta property=\"og:image\" content=\"https:\/\/masterchem.fi\/wp-content\/uploads\/2022\/05\/Guarkummi-25kg-MasterChem.jpg\" \/>\n\t<meta property=\"og:image:width\" content=\"1000\" \/>\n\t<meta property=\"og:image:height\" content=\"1000\" \/>\n\t<meta property=\"og:image:type\" content=\"image\/jpeg\" \/>\n<meta name=\"twitter:card\" content=\"summary_large_image\" \/>\n<script type=\"application\/ld+json\" class=\"yoast-schema-graph\">{\"@context\":\"https:\/\/schema.org\",\"@graph\":[{\"@type\":\"WebPage\",\"@id\":\"https:\/\/masterchem.fi\/sv\/produkt\/guargummi-cas-9000-30-0\/\",\"url\":\"https:\/\/masterchem.fi\/sv\/produkt\/guargummi-cas-9000-30-0\/\",\"name\":\"Guargummi (CAS 9000-30-0) - MasterChem | kemikaalien tuotanto ja myynti\",\"isPartOf\":{\"@id\":\"https:\/\/masterchem.fi\/sv\/#website\"},\"primaryImageOfPage\":{\"@id\":\"https:\/\/masterchem.fi\/sv\/produkt\/guargummi-cas-9000-30-0\/#primaryimage\"},\"image\":{\"@id\":\"https:\/\/masterchem.fi\/sv\/produkt\/guargummi-cas-9000-30-0\/#primaryimage\"},\"thumbnailUrl\":\"https:\/\/masterchem.fi\/wp-content\/uploads\/2022\/05\/Guarkummi-25kg-MasterChem.jpg\",\"datePublished\":\"2022-05-05T09:24:10+00:00\",\"dateModified\":\"2022-05-05T09:29:53+00:00\",\"description\":\"Guargummi \u00e4r ett \u00e4tbart naturligt tuggummi. Det \u00e4r ett f\u00f6rtjockningsmedel som erh\u00e5lls fr\u00e5n fr\u00f6n fr\u00e5n guarv\u00e4xten av indiskt ursprung som tillh\u00f6r baljv\u00e4xterna.\",\"breadcrumb\":{\"@id\":\"https:\/\/masterchem.fi\/sv\/produkt\/guargummi-cas-9000-30-0\/#breadcrumb\"},\"inLanguage\":\"sv-SE\",\"potentialAction\":[{\"@type\":\"ReadAction\",\"target\":[\"https:\/\/masterchem.fi\/sv\/produkt\/guargummi-cas-9000-30-0\/\"]}]},{\"@type\":\"ImageObject\",\"inLanguage\":\"sv-SE\",\"@id\":\"https:\/\/masterchem.fi\/sv\/produkt\/guargummi-cas-9000-30-0\/#primaryimage\",\"url\":\"https:\/\/masterchem.fi\/wp-content\/uploads\/2022\/05\/Guarkummi-25kg-MasterChem.jpg\",\"contentUrl\":\"https:\/\/masterchem.fi\/wp-content\/uploads\/2022\/05\/Guarkummi-25kg-MasterChem.jpg\",\"width\":1000,\"height\":1000,\"caption\":\"Guargummi (CAS 9000-30-0) 25kg MasterChem\"},{\"@type\":\"BreadcrumbList\",\"@id\":\"https:\/\/masterchem.fi\/sv\/produkt\/guargummi-cas-9000-30-0\/#breadcrumb\",\"itemListElement\":[{\"@type\":\"ListItem\",\"position\":1,\"name\":\"Home\",\"item\":\"https:\/\/masterchem.fi\/sv\/\"},{\"@type\":\"ListItem\",\"position\":2,\"name\":\"Butik\",\"item\":\"https:\/\/masterchem.fi\/sv\/butik\/\"},{\"@type\":\"ListItem\",\"position\":3,\"name\":\"Guargummi (CAS 9000-30-0)\"}]},{\"@type\":\"WebSite\",\"@id\":\"https:\/\/masterchem.fi\/sv\/#website\",\"url\":\"https:\/\/masterchem.fi\/sv\/\",\"name\":\"MasterChem | kemikaalien tuotanto ja myynti\",\"description\":\"kemikaalien tuotanto ja myynti\",\"potentialAction\":[{\"@type\":\"SearchAction\",\"target\":{\"@type\":\"EntryPoint\",\"urlTemplate\":\"https:\/\/masterchem.fi\/sv\/?s={search_term_string}\"},\"query-input\":{\"@type\":\"PropertyValueSpecification\",\"valueRequired\":true,\"valueName\":\"search_term_string\"}}],\"inLanguage\":\"sv-SE\"}]}<\/script>\n<!-- \/ Yoast SEO plugin. -->","yoast_head_json":{"title":"Guargummi (CAS 9000-30-0) - MasterChem | kemikaalien tuotanto ja myynti","description":"Guargummi \u00e4r ett \u00e4tbart naturligt tuggummi. Det \u00e4r ett f\u00f6rtjockningsmedel som erh\u00e5lls fr\u00e5n fr\u00f6n fr\u00e5n guarv\u00e4xten av indiskt ursprung som tillh\u00f6r baljv\u00e4xterna.","robots":{"index":"index","follow":"follow","max-snippet":"max-snippet:-1","max-image-preview":"max-image-preview:large","max-video-preview":"max-video-preview:-1"},"canonical":"https:\/\/masterchem.fi\/sv\/produkt\/guargummi-cas-9000-30-0\/","og_locale":"sv_SE","og_type":"article","og_title":"Guargummi (CAS 9000-30-0) - MasterChem | kemikaalien tuotanto ja myynti","og_description":"Guargummi \u00e4r ett \u00e4tbart naturligt tuggummi. Det \u00e4r ett f\u00f6rtjockningsmedel som erh\u00e5lls fr\u00e5n fr\u00f6n fr\u00e5n guarv\u00e4xten av indiskt ursprung som tillh\u00f6r baljv\u00e4xterna.","og_url":"https:\/\/masterchem.fi\/sv\/produkt\/guargummi-cas-9000-30-0\/","og_site_name":"MasterChem | kemikaalien tuotanto ja myynti","article_modified_time":"2022-05-05T09:29:53+00:00","og_image":[{"width":1000,"height":1000,"url":"https:\/\/masterchem.fi\/wp-content\/uploads\/2022\/05\/Guarkummi-25kg-MasterChem.jpg","type":"image\/jpeg"}],"twitter_card":"summary_large_image","schema":{"@context":"https:\/\/schema.org","@graph":[{"@type":"WebPage","@id":"https:\/\/masterchem.fi\/sv\/produkt\/guargummi-cas-9000-30-0\/","url":"https:\/\/masterchem.fi\/sv\/produkt\/guargummi-cas-9000-30-0\/","name":"Guargummi (CAS 9000-30-0) - MasterChem | kemikaalien tuotanto ja myynti","isPartOf":{"@id":"https:\/\/masterchem.fi\/sv\/#website"},"primaryImageOfPage":{"@id":"https:\/\/masterchem.fi\/sv\/produkt\/guargummi-cas-9000-30-0\/#primaryimage"},"image":{"@id":"https:\/\/masterchem.fi\/sv\/produkt\/guargummi-cas-9000-30-0\/#primaryimage"},"thumbnailUrl":"https:\/\/masterchem.fi\/wp-content\/uploads\/2022\/05\/Guarkummi-25kg-MasterChem.jpg","datePublished":"2022-05-05T09:24:10+00:00","dateModified":"2022-05-05T09:29:53+00:00","description":"Guargummi \u00e4r ett \u00e4tbart naturligt tuggummi. Det \u00e4r ett f\u00f6rtjockningsmedel som erh\u00e5lls fr\u00e5n fr\u00f6n fr\u00e5n guarv\u00e4xten av indiskt ursprung som tillh\u00f6r baljv\u00e4xterna.","breadcrumb":{"@id":"https:\/\/masterchem.fi\/sv\/produkt\/guargummi-cas-9000-30-0\/#breadcrumb"},"inLanguage":"sv-SE","potentialAction":[{"@type":"ReadAction","target":["https:\/\/masterchem.fi\/sv\/produkt\/guargummi-cas-9000-30-0\/"]}]},{"@type":"ImageObject","inLanguage":"sv-SE","@id":"https:\/\/masterchem.fi\/sv\/produkt\/guargummi-cas-9000-30-0\/#primaryimage","url":"https:\/\/masterchem.fi\/wp-content\/uploads\/2022\/05\/Guarkummi-25kg-MasterChem.jpg","contentUrl":"https:\/\/masterchem.fi\/wp-content\/uploads\/2022\/05\/Guarkummi-25kg-MasterChem.jpg","width":1000,"height":1000,"caption":"Guargummi (CAS 9000-30-0) 25kg MasterChem"},{"@type":"BreadcrumbList","@id":"https:\/\/masterchem.fi\/sv\/produkt\/guargummi-cas-9000-30-0\/#breadcrumb","itemListElement":[{"@type":"ListItem","position":1,"name":"Home","item":"https:\/\/masterchem.fi\/sv\/"},{"@type":"ListItem","position":2,"name":"Butik","item":"https:\/\/masterchem.fi\/sv\/butik\/"},{"@type":"ListItem","position":3,"name":"Guargummi (CAS 9000-30-0)"}]},{"@type":"WebSite","@id":"https:\/\/masterchem.fi\/sv\/#website","url":"https:\/\/masterchem.fi\/sv\/","name":"MasterChem | kemikaalien tuotanto ja myynti","description":"kemikaalien tuotanto ja myynti","potentialAction":[{"@type":"SearchAction","target":{"@type":"EntryPoint","urlTemplate":"https:\/\/masterchem.fi\/sv\/?s={search_term_string}"},"query-input":{"@type":"PropertyValueSpecification","valueRequired":true,"valueName":"search_term_string"}}],"inLanguage":"sv-SE"}]}},"_links":{"self":[{"href":"https:\/\/masterchem.fi\/sv\/wp-json\/wp\/v2\/product\/8559","targetHints":{"allow":["GET"]}}],"collection":[{"href":"https:\/\/masterchem.fi\/sv\/wp-json\/wp\/v2\/product"}],"about":[{"href":"https:\/\/masterchem.fi\/sv\/wp-json\/wp\/v2\/types\/product"}],"wp:featuredmedia":[{"embeddable":true,"href":"https:\/\/masterchem.fi\/sv\/wp-json\/wp\/v2\/media\/8563"}],"wp:attachment":[{"href":"https:\/\/masterchem.fi\/sv\/wp-json\/wp\/v2\/media?parent=8559"}],"wp:term":[{"taxonomy":"product_brand","embeddable":true,"href":"https:\/\/masterchem.fi\/sv\/wp-json\/wp\/v2\/product_brand?post=8559"},{"taxonomy":"product_cat","embeddable":true,"href":"https:\/\/masterchem.fi\/sv\/wp-json\/wp\/v2\/product_cat?post=8559"},{"taxonomy":"product_tag","embeddable":true,"href":"https:\/\/masterchem.fi\/sv\/wp-json\/wp\/v2\/product_tag?post=8559"}],"curies":[{"name":"wp","href":"https:\/\/api.w.org\/{rel}","templated":true}]}}