{"id":8569,"date":"2022-05-05T12:40:44","date_gmt":"2022-05-05T09:40:45","guid":{"rendered":"https:\/\/masterchem.fi\/?post_type=product&#038;p=8569"},"modified":"2022-05-05T12:50:20","modified_gmt":"2022-05-05T09:50:20","slug":"xantangummi-cas-11138-66-2","status":"publish","type":"product","link":"https:\/\/masterchem.fi\/sv\/produkt\/xantangummi-cas-11138-66-2\/","title":{"rendered":"Xantangummi (CAS 11138-66-2)"},"content":{"rendered":"<p> <strong> Information <\/strong> <\/p>\n<p> Branscher: hush\u00e5llskemikalier, kosmetikaindustri <br \/>\nCAS-nummer: 11138-66-2 <br \/>\nWE-nummer: 234-394-2 <\/p>\n<p> <strong> Andra fysiska egenskaper <\/strong> <\/p>\n<p> Relativ densitet: 1,5 g\/cm3 <\/p>\n","protected":false},"excerpt":{"rendered":"<p> <strong> Xantangummi (CAS 11138-66-2) <\/strong> <\/p>\n<p>Xantangummi (\/ \u02c8z\u00e6n\u03b8\u0259n \/) \u00e4r en polysackarid som har m\u00e5nga industriella anv\u00e4ndningsomr\u00e5den, inklusive som en vanlig livsmedelstillsats. Det \u00e4r ett effektivt f\u00f6rtjockningsmedel och stabilisator som f\u00f6rhindrar att ingredienserna separerar. Den kan tillverkas av enkla sockerarter genom en j\u00e4sningsprocess och \u00e4r uppkallad efter den bakterieart som anv\u00e4nds, Xanthomonas campestris. <\/p>\n","protected":false},"featured_media":8573,"template":"","meta":[],"product_brand":[],"product_cat":[177,105,116],"product_tag":[],"class_list":{"0":"post-8569","1":"product","2":"type-product","3":"status-publish","4":"has-post-thumbnail","6":"product_cat-kosmetikindustrin","7":"product_cat-hushallskemikalier-sv","8":"product_cat-alla-produkter","10":"first","11":"outofstock","12":"taxable","13":"shipping-taxable","14":"purchasable","15":"product-type-variable","16":"has-default-attributes","17":"rtwpvg-product"},"yoast_head":"<!-- This site is optimized with the Yoast SEO plugin v27.5 - https:\/\/yoast.com\/product\/yoast-seo-wordpress\/ -->\n<title>Xantangummi (CAS 11138-66-2) - MasterChem | kemikaalien tuotanto ja myynti<\/title>\n<meta name=\"description\" content=\"Xantangummi \u00e4r en polysackarid som har m\u00e5nga industriella anv\u00e4ndningsomr\u00e5den, inklusive som en vanlig livsmedelstillsats.\" \/>\n<meta name=\"robots\" content=\"index, follow, max-snippet:-1, max-image-preview:large, max-video-preview:-1\" \/>\n<link rel=\"canonical\" href=\"https:\/\/masterchem.fi\/sv\/produkt\/xantangummi-cas-11138-66-2\/\" \/>\n<meta property=\"og:locale\" content=\"sv_SE\" \/>\n<meta property=\"og:type\" content=\"article\" \/>\n<meta property=\"og:title\" content=\"Xantangummi (CAS 11138-66-2) - MasterChem | kemikaalien tuotanto ja myynti\" \/>\n<meta property=\"og:description\" content=\"Xantangummi \u00e4r en polysackarid som har m\u00e5nga industriella anv\u00e4ndningsomr\u00e5den, inklusive som en vanlig livsmedelstillsats.\" \/>\n<meta property=\"og:url\" content=\"https:\/\/masterchem.fi\/sv\/produkt\/xantangummi-cas-11138-66-2\/\" \/>\n<meta property=\"og:site_name\" content=\"MasterChem | kemikaalien tuotanto ja myynti\" \/>\n<meta property=\"article:modified_time\" content=\"2022-05-05T09:50:20+00:00\" \/>\n<meta property=\"og:image\" content=\"https:\/\/masterchem.fi\/wp-content\/uploads\/2022\/05\/Ksantaanikumi-CAS-11138-66-2-25kg-MasterChem.jpg\" \/>\n\t<meta property=\"og:image:width\" content=\"1000\" \/>\n\t<meta property=\"og:image:height\" content=\"1000\" \/>\n\t<meta property=\"og:image:type\" content=\"image\/jpeg\" \/>\n<meta name=\"twitter:card\" content=\"summary_large_image\" \/>\n<script type=\"application\/ld+json\" class=\"yoast-schema-graph\">{\"@context\":\"https:\\\/\\\/schema.org\",\"@graph\":[{\"@type\":\"WebPage\",\"@id\":\"https:\\\/\\\/masterchem.fi\\\/sv\\\/produkt\\\/xantangummi-cas-11138-66-2\\\/\",\"url\":\"https:\\\/\\\/masterchem.fi\\\/sv\\\/produkt\\\/xantangummi-cas-11138-66-2\\\/\",\"name\":\"Xantangummi (CAS 11138-66-2) - MasterChem | kemikaalien tuotanto ja myynti\",\"isPartOf\":{\"@id\":\"https:\\\/\\\/masterchem.fi\\\/sv\\\/#website\"},\"primaryImageOfPage\":{\"@id\":\"https:\\\/\\\/masterchem.fi\\\/sv\\\/produkt\\\/xantangummi-cas-11138-66-2\\\/#primaryimage\"},\"image\":{\"@id\":\"https:\\\/\\\/masterchem.fi\\\/sv\\\/produkt\\\/xantangummi-cas-11138-66-2\\\/#primaryimage\"},\"thumbnailUrl\":\"https:\\\/\\\/masterchem.fi\\\/wp-content\\\/uploads\\\/2022\\\/05\\\/Ksantaanikumi-CAS-11138-66-2-25kg-MasterChem.jpg\",\"datePublished\":\"2022-05-05T09:40:45+00:00\",\"dateModified\":\"2022-05-05T09:50:20+00:00\",\"description\":\"Xantangummi \u00e4r en polysackarid som har m\u00e5nga industriella anv\u00e4ndningsomr\u00e5den, inklusive som en vanlig livsmedelstillsats.\",\"breadcrumb\":{\"@id\":\"https:\\\/\\\/masterchem.fi\\\/sv\\\/produkt\\\/xantangummi-cas-11138-66-2\\\/#breadcrumb\"},\"inLanguage\":\"sv-SE\",\"potentialAction\":[{\"@type\":\"ReadAction\",\"target\":[\"https:\\\/\\\/masterchem.fi\\\/sv\\\/produkt\\\/xantangummi-cas-11138-66-2\\\/\"]}]},{\"@type\":\"ImageObject\",\"inLanguage\":\"sv-SE\",\"@id\":\"https:\\\/\\\/masterchem.fi\\\/sv\\\/produkt\\\/xantangummi-cas-11138-66-2\\\/#primaryimage\",\"url\":\"https:\\\/\\\/masterchem.fi\\\/wp-content\\\/uploads\\\/2022\\\/05\\\/Ksantaanikumi-CAS-11138-66-2-25kg-MasterChem.jpg\",\"contentUrl\":\"https:\\\/\\\/masterchem.fi\\\/wp-content\\\/uploads\\\/2022\\\/05\\\/Ksantaanikumi-CAS-11138-66-2-25kg-MasterChem.jpg\",\"width\":1000,\"height\":1000,\"caption\":\"Xantangummi (CAS 11138-66-2) 25kg MasterChem\"},{\"@type\":\"BreadcrumbList\",\"@id\":\"https:\\\/\\\/masterchem.fi\\\/sv\\\/produkt\\\/xantangummi-cas-11138-66-2\\\/#breadcrumb\",\"itemListElement\":[{\"@type\":\"ListItem\",\"position\":1,\"name\":\"Home\",\"item\":\"https:\\\/\\\/masterchem.fi\\\/sv\\\/\"},{\"@type\":\"ListItem\",\"position\":2,\"name\":\"Butik\",\"item\":\"https:\\\/\\\/masterchem.fi\\\/sv\\\/butik\\\/\"},{\"@type\":\"ListItem\",\"position\":3,\"name\":\"Xantangummi (CAS 11138-66-2)\"}]},{\"@type\":\"WebSite\",\"@id\":\"https:\\\/\\\/masterchem.fi\\\/sv\\\/#website\",\"url\":\"https:\\\/\\\/masterchem.fi\\\/sv\\\/\",\"name\":\"MasterChem | kemikaalien tuotanto ja myynti\",\"description\":\"kemikaalien tuotanto ja myynti\",\"potentialAction\":[{\"@type\":\"SearchAction\",\"target\":{\"@type\":\"EntryPoint\",\"urlTemplate\":\"https:\\\/\\\/masterchem.fi\\\/sv\\\/?s={search_term_string}\"},\"query-input\":{\"@type\":\"PropertyValueSpecification\",\"valueRequired\":true,\"valueName\":\"search_term_string\"}}],\"inLanguage\":\"sv-SE\"}]}<\/script>\n<!-- \/ Yoast SEO plugin. -->","yoast_head_json":{"title":"Xantangummi (CAS 11138-66-2) - MasterChem | kemikaalien tuotanto ja myynti","description":"Xantangummi \u00e4r en polysackarid som har m\u00e5nga industriella anv\u00e4ndningsomr\u00e5den, inklusive som en vanlig livsmedelstillsats.","robots":{"index":"index","follow":"follow","max-snippet":"max-snippet:-1","max-image-preview":"max-image-preview:large","max-video-preview":"max-video-preview:-1"},"canonical":"https:\/\/masterchem.fi\/sv\/produkt\/xantangummi-cas-11138-66-2\/","og_locale":"sv_SE","og_type":"article","og_title":"Xantangummi (CAS 11138-66-2) - MasterChem | kemikaalien tuotanto ja myynti","og_description":"Xantangummi \u00e4r en polysackarid som har m\u00e5nga industriella anv\u00e4ndningsomr\u00e5den, inklusive som en vanlig livsmedelstillsats.","og_url":"https:\/\/masterchem.fi\/sv\/produkt\/xantangummi-cas-11138-66-2\/","og_site_name":"MasterChem | kemikaalien tuotanto ja myynti","article_modified_time":"2022-05-05T09:50:20+00:00","og_image":[{"width":1000,"height":1000,"url":"https:\/\/masterchem.fi\/wp-content\/uploads\/2022\/05\/Ksantaanikumi-CAS-11138-66-2-25kg-MasterChem.jpg","type":"image\/jpeg"}],"twitter_card":"summary_large_image","schema":{"@context":"https:\/\/schema.org","@graph":[{"@type":"WebPage","@id":"https:\/\/masterchem.fi\/sv\/produkt\/xantangummi-cas-11138-66-2\/","url":"https:\/\/masterchem.fi\/sv\/produkt\/xantangummi-cas-11138-66-2\/","name":"Xantangummi (CAS 11138-66-2) - MasterChem | kemikaalien tuotanto ja myynti","isPartOf":{"@id":"https:\/\/masterchem.fi\/sv\/#website"},"primaryImageOfPage":{"@id":"https:\/\/masterchem.fi\/sv\/produkt\/xantangummi-cas-11138-66-2\/#primaryimage"},"image":{"@id":"https:\/\/masterchem.fi\/sv\/produkt\/xantangummi-cas-11138-66-2\/#primaryimage"},"thumbnailUrl":"https:\/\/masterchem.fi\/wp-content\/uploads\/2022\/05\/Ksantaanikumi-CAS-11138-66-2-25kg-MasterChem.jpg","datePublished":"2022-05-05T09:40:45+00:00","dateModified":"2022-05-05T09:50:20+00:00","description":"Xantangummi \u00e4r en polysackarid som har m\u00e5nga industriella anv\u00e4ndningsomr\u00e5den, inklusive som en vanlig livsmedelstillsats.","breadcrumb":{"@id":"https:\/\/masterchem.fi\/sv\/produkt\/xantangummi-cas-11138-66-2\/#breadcrumb"},"inLanguage":"sv-SE","potentialAction":[{"@type":"ReadAction","target":["https:\/\/masterchem.fi\/sv\/produkt\/xantangummi-cas-11138-66-2\/"]}]},{"@type":"ImageObject","inLanguage":"sv-SE","@id":"https:\/\/masterchem.fi\/sv\/produkt\/xantangummi-cas-11138-66-2\/#primaryimage","url":"https:\/\/masterchem.fi\/wp-content\/uploads\/2022\/05\/Ksantaanikumi-CAS-11138-66-2-25kg-MasterChem.jpg","contentUrl":"https:\/\/masterchem.fi\/wp-content\/uploads\/2022\/05\/Ksantaanikumi-CAS-11138-66-2-25kg-MasterChem.jpg","width":1000,"height":1000,"caption":"Xantangummi (CAS 11138-66-2) 25kg MasterChem"},{"@type":"BreadcrumbList","@id":"https:\/\/masterchem.fi\/sv\/produkt\/xantangummi-cas-11138-66-2\/#breadcrumb","itemListElement":[{"@type":"ListItem","position":1,"name":"Home","item":"https:\/\/masterchem.fi\/sv\/"},{"@type":"ListItem","position":2,"name":"Butik","item":"https:\/\/masterchem.fi\/sv\/butik\/"},{"@type":"ListItem","position":3,"name":"Xantangummi (CAS 11138-66-2)"}]},{"@type":"WebSite","@id":"https:\/\/masterchem.fi\/sv\/#website","url":"https:\/\/masterchem.fi\/sv\/","name":"MasterChem | kemikaalien tuotanto ja myynti","description":"kemikaalien tuotanto ja myynti","potentialAction":[{"@type":"SearchAction","target":{"@type":"EntryPoint","urlTemplate":"https:\/\/masterchem.fi\/sv\/?s={search_term_string}"},"query-input":{"@type":"PropertyValueSpecification","valueRequired":true,"valueName":"search_term_string"}}],"inLanguage":"sv-SE"}]}},"_links":{"self":[{"href":"https:\/\/masterchem.fi\/sv\/wp-json\/wp\/v2\/product\/8569","targetHints":{"allow":["GET"]}}],"collection":[{"href":"https:\/\/masterchem.fi\/sv\/wp-json\/wp\/v2\/product"}],"about":[{"href":"https:\/\/masterchem.fi\/sv\/wp-json\/wp\/v2\/types\/product"}],"wp:featuredmedia":[{"embeddable":true,"href":"https:\/\/masterchem.fi\/sv\/wp-json\/wp\/v2\/media\/8573"}],"wp:attachment":[{"href":"https:\/\/masterchem.fi\/sv\/wp-json\/wp\/v2\/media?parent=8569"}],"wp:term":[{"taxonomy":"product_brand","embeddable":true,"href":"https:\/\/masterchem.fi\/sv\/wp-json\/wp\/v2\/product_brand?post=8569"},{"taxonomy":"product_cat","embeddable":true,"href":"https:\/\/masterchem.fi\/sv\/wp-json\/wp\/v2\/product_cat?post=8569"},{"taxonomy":"product_tag","embeddable":true,"href":"https:\/\/masterchem.fi\/sv\/wp-json\/wp\/v2\/product_tag?post=8569"}],"curies":[{"name":"wp","href":"https:\/\/api.w.org\/{rel}","templated":true}]}}