{"id":8579,"date":"2022-05-05T12:53:04","date_gmt":"2022-05-05T09:53:05","guid":{"rendered":"https:\/\/masterchem.fi\/?post_type=product&#038;p=8579"},"modified":"2022-05-05T12:57:52","modified_gmt":"2022-05-05T09:57:52","slug":"natriumhexametafosfat-cas-10124-56-8","status":"publish","type":"product","link":"https:\/\/masterchem.fi\/sv\/produkt\/natriumhexametafosfat-cas-10124-56-8\/","title":{"rendered":"Natriumhexametafosfat (CAS 10124-56-8)"},"content":{"rendered":"<p> <strong> Information <\/strong> <\/p>\n<p> Branscher: Hush\u00e5llskemikalier, Byggkemikalier <br \/>\nCAS-nummer: 10124-56-8 <br \/>\nWE-nummer: 233-343-1 <br \/>\nKemisk formel: Na6 (PO3) 6 <br \/>\nMolekylvikt: 611,77 g\/mol <br \/>\nTulltaxa: 28353900 <\/p>\n","protected":false},"excerpt":{"rendered":"<p> <strong> Natriumhexametafosfat (CAS 10124-56-8) <\/strong> <\/p>\n<p>Natriumhexametafosfat (SHMP) \u00e4r saltet av Na6 [(PO3) 6] i kompositionen. Kommersiellt natriumhexametafosfat \u00e4r vanligtvis en blandning av metafosfater (empirisk formel: NaPO3), varav hexamer \u00e4r en, och \u00e4r i allm\u00e4nhet den f\u00f6rening som h\u00e4nvisas till med detta namn. En s\u00e5dan blandning kallas mer korrekt natriumpolymetafosfat. De \u00e4r vita fasta \u00e4mnen som \u00e4r l\u00f6sliga i vatten. <\/p>\n","protected":false},"featured_media":8583,"template":"","meta":[],"product_brand":[],"product_cat":[105,112,116],"product_tag":[],"class_list":{"0":"post-8579","1":"product","2":"type-product","3":"status-publish","4":"has-post-thumbnail","6":"product_cat-hushallskemikalier-sv","7":"product_cat-byggbranschen","8":"product_cat-alla-produkter","10":"first","11":"outofstock","12":"taxable","13":"shipping-taxable","14":"purchasable","15":"product-type-variable","16":"has-default-attributes","17":"rtwpvg-product"},"yoast_head":"<!-- This site is optimized with the Yoast SEO plugin v27.2 - https:\/\/yoast.com\/product\/yoast-seo-wordpress\/ -->\n<title>Natriumhexametafosfat (CAS 10124-56-8) - MasterChem | kemikaalien tuotanto ja myynti<\/title>\n<meta name=\"description\" content=\"Natriumhexametafosfat (SHMP) \u00e4r ett salt med sammans\u00e4ttningen av Na6 [(PO3) 6]. Kommersiellt natriumhexametafosfat \u00e4r vanligtvis en blandning av metafosfater, varav hexamer \u00e4r en, och \u00e4r i allm\u00e4nhet en f\u00f6rening som h\u00e4nvisas till med detta namn.\" \/>\n<meta name=\"robots\" content=\"index, follow, max-snippet:-1, max-image-preview:large, max-video-preview:-1\" \/>\n<link rel=\"canonical\" href=\"https:\/\/masterchem.fi\/sv\/produkt\/natriumhexametafosfat-cas-10124-56-8\/\" \/>\n<meta property=\"og:locale\" content=\"sv_SE\" \/>\n<meta property=\"og:type\" content=\"article\" \/>\n<meta property=\"og:title\" content=\"Natriumhexametafosfat (CAS 10124-56-8) - MasterChem | kemikaalien tuotanto ja myynti\" \/>\n<meta property=\"og:description\" content=\"Natriumhexametafosfat (SHMP) \u00e4r ett salt med sammans\u00e4ttningen av Na6 [(PO3) 6]. Kommersiellt natriumhexametafosfat \u00e4r vanligtvis en blandning av metafosfater, varav hexamer \u00e4r en, och \u00e4r i allm\u00e4nhet en f\u00f6rening som h\u00e4nvisas till med detta namn.\" \/>\n<meta property=\"og:url\" content=\"https:\/\/masterchem.fi\/sv\/produkt\/natriumhexametafosfat-cas-10124-56-8\/\" \/>\n<meta property=\"og:site_name\" content=\"MasterChem | kemikaalien tuotanto ja myynti\" \/>\n<meta property=\"article:modified_time\" content=\"2022-05-05T09:57:52+00:00\" \/>\n<meta property=\"og:image\" content=\"https:\/\/masterchem.fi\/wp-content\/uploads\/2022\/05\/Natriumheksametafosfaatti-CAS-10124-56-8-25kg-MasterChem.jpg\" \/>\n\t<meta property=\"og:image:width\" content=\"1000\" \/>\n\t<meta property=\"og:image:height\" content=\"1000\" \/>\n\t<meta property=\"og:image:type\" content=\"image\/jpeg\" \/>\n<meta name=\"twitter:card\" content=\"summary_large_image\" \/>\n<script type=\"application\/ld+json\" class=\"yoast-schema-graph\">{\"@context\":\"https:\/\/schema.org\",\"@graph\":[{\"@type\":\"WebPage\",\"@id\":\"https:\/\/masterchem.fi\/sv\/produkt\/natriumhexametafosfat-cas-10124-56-8\/\",\"url\":\"https:\/\/masterchem.fi\/sv\/produkt\/natriumhexametafosfat-cas-10124-56-8\/\",\"name\":\"Natriumhexametafosfat (CAS 10124-56-8) - MasterChem | kemikaalien tuotanto ja myynti\",\"isPartOf\":{\"@id\":\"https:\/\/masterchem.fi\/sv\/#website\"},\"primaryImageOfPage\":{\"@id\":\"https:\/\/masterchem.fi\/sv\/produkt\/natriumhexametafosfat-cas-10124-56-8\/#primaryimage\"},\"image\":{\"@id\":\"https:\/\/masterchem.fi\/sv\/produkt\/natriumhexametafosfat-cas-10124-56-8\/#primaryimage\"},\"thumbnailUrl\":\"https:\/\/masterchem.fi\/wp-content\/uploads\/2022\/05\/Natriumheksametafosfaatti-CAS-10124-56-8-25kg-MasterChem.jpg\",\"datePublished\":\"2022-05-05T09:53:05+00:00\",\"dateModified\":\"2022-05-05T09:57:52+00:00\",\"description\":\"Natriumhexametafosfat (SHMP) \u00e4r ett salt med sammans\u00e4ttningen av Na6 [(PO3) 6]. Kommersiellt natriumhexametafosfat \u00e4r vanligtvis en blandning av metafosfater, varav hexamer \u00e4r en, och \u00e4r i allm\u00e4nhet en f\u00f6rening som h\u00e4nvisas till med detta namn.\",\"breadcrumb\":{\"@id\":\"https:\/\/masterchem.fi\/sv\/produkt\/natriumhexametafosfat-cas-10124-56-8\/#breadcrumb\"},\"inLanguage\":\"sv-SE\",\"potentialAction\":[{\"@type\":\"ReadAction\",\"target\":[\"https:\/\/masterchem.fi\/sv\/produkt\/natriumhexametafosfat-cas-10124-56-8\/\"]}]},{\"@type\":\"ImageObject\",\"inLanguage\":\"sv-SE\",\"@id\":\"https:\/\/masterchem.fi\/sv\/produkt\/natriumhexametafosfat-cas-10124-56-8\/#primaryimage\",\"url\":\"https:\/\/masterchem.fi\/wp-content\/uploads\/2022\/05\/Natriumheksametafosfaatti-CAS-10124-56-8-25kg-MasterChem.jpg\",\"contentUrl\":\"https:\/\/masterchem.fi\/wp-content\/uploads\/2022\/05\/Natriumheksametafosfaatti-CAS-10124-56-8-25kg-MasterChem.jpg\",\"width\":1000,\"height\":1000,\"caption\":\"Natriumhexametafosfat (CAS 10124-56-8) 25kg MasterChem\"},{\"@type\":\"BreadcrumbList\",\"@id\":\"https:\/\/masterchem.fi\/sv\/produkt\/natriumhexametafosfat-cas-10124-56-8\/#breadcrumb\",\"itemListElement\":[{\"@type\":\"ListItem\",\"position\":1,\"name\":\"Home\",\"item\":\"https:\/\/masterchem.fi\/sv\/\"},{\"@type\":\"ListItem\",\"position\":2,\"name\":\"Butik\",\"item\":\"https:\/\/masterchem.fi\/sv\/butik\/\"},{\"@type\":\"ListItem\",\"position\":3,\"name\":\"Natriumhexametafosfat (CAS 10124-56-8)\"}]},{\"@type\":\"WebSite\",\"@id\":\"https:\/\/masterchem.fi\/sv\/#website\",\"url\":\"https:\/\/masterchem.fi\/sv\/\",\"name\":\"MasterChem | kemikaalien tuotanto ja myynti\",\"description\":\"kemikaalien tuotanto ja myynti\",\"potentialAction\":[{\"@type\":\"SearchAction\",\"target\":{\"@type\":\"EntryPoint\",\"urlTemplate\":\"https:\/\/masterchem.fi\/sv\/?s={search_term_string}\"},\"query-input\":{\"@type\":\"PropertyValueSpecification\",\"valueRequired\":true,\"valueName\":\"search_term_string\"}}],\"inLanguage\":\"sv-SE\"}]}<\/script>\n<!-- \/ Yoast SEO plugin. -->","yoast_head_json":{"title":"Natriumhexametafosfat (CAS 10124-56-8) - MasterChem | kemikaalien tuotanto ja myynti","description":"Natriumhexametafosfat (SHMP) \u00e4r ett salt med sammans\u00e4ttningen av Na6 [(PO3) 6]. Kommersiellt natriumhexametafosfat \u00e4r vanligtvis en blandning av metafosfater, varav hexamer \u00e4r en, och \u00e4r i allm\u00e4nhet en f\u00f6rening som h\u00e4nvisas till med detta namn.","robots":{"index":"index","follow":"follow","max-snippet":"max-snippet:-1","max-image-preview":"max-image-preview:large","max-video-preview":"max-video-preview:-1"},"canonical":"https:\/\/masterchem.fi\/sv\/produkt\/natriumhexametafosfat-cas-10124-56-8\/","og_locale":"sv_SE","og_type":"article","og_title":"Natriumhexametafosfat (CAS 10124-56-8) - MasterChem | kemikaalien tuotanto ja myynti","og_description":"Natriumhexametafosfat (SHMP) \u00e4r ett salt med sammans\u00e4ttningen av Na6 [(PO3) 6]. Kommersiellt natriumhexametafosfat \u00e4r vanligtvis en blandning av metafosfater, varav hexamer \u00e4r en, och \u00e4r i allm\u00e4nhet en f\u00f6rening som h\u00e4nvisas till med detta namn.","og_url":"https:\/\/masterchem.fi\/sv\/produkt\/natriumhexametafosfat-cas-10124-56-8\/","og_site_name":"MasterChem | kemikaalien tuotanto ja myynti","article_modified_time":"2022-05-05T09:57:52+00:00","og_image":[{"width":1000,"height":1000,"url":"https:\/\/masterchem.fi\/wp-content\/uploads\/2022\/05\/Natriumheksametafosfaatti-CAS-10124-56-8-25kg-MasterChem.jpg","type":"image\/jpeg"}],"twitter_card":"summary_large_image","schema":{"@context":"https:\/\/schema.org","@graph":[{"@type":"WebPage","@id":"https:\/\/masterchem.fi\/sv\/produkt\/natriumhexametafosfat-cas-10124-56-8\/","url":"https:\/\/masterchem.fi\/sv\/produkt\/natriumhexametafosfat-cas-10124-56-8\/","name":"Natriumhexametafosfat (CAS 10124-56-8) - MasterChem | kemikaalien tuotanto ja myynti","isPartOf":{"@id":"https:\/\/masterchem.fi\/sv\/#website"},"primaryImageOfPage":{"@id":"https:\/\/masterchem.fi\/sv\/produkt\/natriumhexametafosfat-cas-10124-56-8\/#primaryimage"},"image":{"@id":"https:\/\/masterchem.fi\/sv\/produkt\/natriumhexametafosfat-cas-10124-56-8\/#primaryimage"},"thumbnailUrl":"https:\/\/masterchem.fi\/wp-content\/uploads\/2022\/05\/Natriumheksametafosfaatti-CAS-10124-56-8-25kg-MasterChem.jpg","datePublished":"2022-05-05T09:53:05+00:00","dateModified":"2022-05-05T09:57:52+00:00","description":"Natriumhexametafosfat (SHMP) \u00e4r ett salt med sammans\u00e4ttningen av Na6 [(PO3) 6]. Kommersiellt natriumhexametafosfat \u00e4r vanligtvis en blandning av metafosfater, varav hexamer \u00e4r en, och \u00e4r i allm\u00e4nhet en f\u00f6rening som h\u00e4nvisas till med detta namn.","breadcrumb":{"@id":"https:\/\/masterchem.fi\/sv\/produkt\/natriumhexametafosfat-cas-10124-56-8\/#breadcrumb"},"inLanguage":"sv-SE","potentialAction":[{"@type":"ReadAction","target":["https:\/\/masterchem.fi\/sv\/produkt\/natriumhexametafosfat-cas-10124-56-8\/"]}]},{"@type":"ImageObject","inLanguage":"sv-SE","@id":"https:\/\/masterchem.fi\/sv\/produkt\/natriumhexametafosfat-cas-10124-56-8\/#primaryimage","url":"https:\/\/masterchem.fi\/wp-content\/uploads\/2022\/05\/Natriumheksametafosfaatti-CAS-10124-56-8-25kg-MasterChem.jpg","contentUrl":"https:\/\/masterchem.fi\/wp-content\/uploads\/2022\/05\/Natriumheksametafosfaatti-CAS-10124-56-8-25kg-MasterChem.jpg","width":1000,"height":1000,"caption":"Natriumhexametafosfat (CAS 10124-56-8) 25kg MasterChem"},{"@type":"BreadcrumbList","@id":"https:\/\/masterchem.fi\/sv\/produkt\/natriumhexametafosfat-cas-10124-56-8\/#breadcrumb","itemListElement":[{"@type":"ListItem","position":1,"name":"Home","item":"https:\/\/masterchem.fi\/sv\/"},{"@type":"ListItem","position":2,"name":"Butik","item":"https:\/\/masterchem.fi\/sv\/butik\/"},{"@type":"ListItem","position":3,"name":"Natriumhexametafosfat (CAS 10124-56-8)"}]},{"@type":"WebSite","@id":"https:\/\/masterchem.fi\/sv\/#website","url":"https:\/\/masterchem.fi\/sv\/","name":"MasterChem | kemikaalien tuotanto ja myynti","description":"kemikaalien tuotanto ja myynti","potentialAction":[{"@type":"SearchAction","target":{"@type":"EntryPoint","urlTemplate":"https:\/\/masterchem.fi\/sv\/?s={search_term_string}"},"query-input":{"@type":"PropertyValueSpecification","valueRequired":true,"valueName":"search_term_string"}}],"inLanguage":"sv-SE"}]}},"_links":{"self":[{"href":"https:\/\/masterchem.fi\/sv\/wp-json\/wp\/v2\/product\/8579","targetHints":{"allow":["GET"]}}],"collection":[{"href":"https:\/\/masterchem.fi\/sv\/wp-json\/wp\/v2\/product"}],"about":[{"href":"https:\/\/masterchem.fi\/sv\/wp-json\/wp\/v2\/types\/product"}],"wp:featuredmedia":[{"embeddable":true,"href":"https:\/\/masterchem.fi\/sv\/wp-json\/wp\/v2\/media\/8583"}],"wp:attachment":[{"href":"https:\/\/masterchem.fi\/sv\/wp-json\/wp\/v2\/media?parent=8579"}],"wp:term":[{"taxonomy":"product_brand","embeddable":true,"href":"https:\/\/masterchem.fi\/sv\/wp-json\/wp\/v2\/product_brand?post=8579"},{"taxonomy":"product_cat","embeddable":true,"href":"https:\/\/masterchem.fi\/sv\/wp-json\/wp\/v2\/product_cat?post=8579"},{"taxonomy":"product_tag","embeddable":true,"href":"https:\/\/masterchem.fi\/sv\/wp-json\/wp\/v2\/product_tag?post=8579"}],"curies":[{"name":"wp","href":"https:\/\/api.w.org\/{rel}","templated":true}]}}