{"id":8599,"date":"2022-05-05T15:08:02","date_gmt":"2022-05-05T12:08:03","guid":{"rendered":"https:\/\/masterchem.fi\/?post_type=product&#038;p=8599"},"modified":"2022-05-05T15:12:28","modified_gmt":"2022-05-05T12:12:28","slug":"violinharts-cas-8050-09-7","status":"publish","type":"product","link":"https:\/\/masterchem.fi\/sv\/produkt\/violinharts-cas-8050-09-7\/","title":{"rendered":"Violinharts (CAS 8050-09-7)"},"content":{"rendered":"<p> <strong> Information <\/strong> <\/p>\n<p> Branscher: F\u00e4rger och lacker, hush\u00e5llskemikalier, lim, oljor, fetter, hartser, plaster, polyuretaner <\/p>\n<p> CAS: 8050-09-7 <br \/>\nWE-nummer: 232-475-7 <br \/>\nIndexnummer: 650-015-00-7 <br \/>\nTaxa: 38061000 <\/p>\n<p> <strong> Andra fysiska egenskaper <\/strong> <\/p>\n<p> Sm\u00e4ltpunkt \/ fryspunkt: 65-95 \u00b0 C <br \/>\nRelativ densitet: 1034 g\/cm\u00b3 <\/p>\n","protected":false},"excerpt":{"rendered":"<p> <strong> Violinharts (CAS 8050-09-7) <\/strong> <\/p>\n<p> Violinharts \u00e4r h\u00e4rdat harts. Det \u00e4r ocks\u00e5 k\u00e4nt som kolofonium eller fj\u00e4derharts. Det gnides in i str\u00e4ngarna av violiner, viola, cello och kontrabasar f\u00f6r att \u00f6ka friktionen, vilket g\u00f6r ljudet l\u00e4ttare att producera. Hartsets h\u00e5rdhet beror p\u00e5 vilket instrument det \u00e4r avsett att fj\u00e4dra f\u00f6r. <\/p>\n<p> Violinharts tillverkas genom att v\u00e4rma f\u00e4rskt harts s\u00e5 att dess flytande terpener avdunstar. Den \u00e4r genomskinlig och varierar i f\u00e4rg fr\u00e5n gul till svart. Hartset \u00e4r fast vid rumstemperatur, men sm\u00e4lter vid en temperatur p\u00e5 n\u00e5gra hundra grader? Hartset best\u00e5r huvudsakligen av olika hartssyror.<\/p>\n","protected":false},"featured_media":8603,"template":"","meta":[],"product_brand":[],"product_cat":[116,105,109],"product_tag":[],"class_list":{"0":"post-8599","1":"product","2":"type-product","3":"status-publish","4":"has-post-thumbnail","6":"product_cat-alla-produkter","7":"product_cat-hushallskemikalier-sv","8":"product_cat-plast","10":"first","11":"outofstock","12":"taxable","13":"shipping-taxable","14":"purchasable","15":"product-type-variable","16":"has-default-attributes","17":"rtwpvg-product"},"yoast_head":"<!-- This site is optimized with the Yoast SEO plugin v27.5 - https:\/\/yoast.com\/product\/yoast-seo-wordpress\/ -->\n<title>Violinharts (CAS 8050-09-7) - MasterChem | kemikaalien tuotanto ja myynti<\/title>\n<meta name=\"description\" content=\"Fiolhartset \u00e4r h\u00e4rdat harts. Det \u00e4r ocks\u00e5 k\u00e4nt som kolofonium eller fj\u00e4derharts.\" \/>\n<meta name=\"robots\" content=\"index, follow, max-snippet:-1, max-image-preview:large, max-video-preview:-1\" \/>\n<link rel=\"canonical\" href=\"https:\/\/masterchem.fi\/sv\/produkt\/violinharts-cas-8050-09-7\/\" \/>\n<meta property=\"og:locale\" content=\"sv_SE\" \/>\n<meta property=\"og:type\" content=\"article\" \/>\n<meta property=\"og:title\" content=\"Violinharts (CAS 8050-09-7) - MasterChem | kemikaalien tuotanto ja myynti\" \/>\n<meta property=\"og:description\" content=\"Fiolhartset \u00e4r h\u00e4rdat harts. Det \u00e4r ocks\u00e5 k\u00e4nt som kolofonium eller fj\u00e4derharts.\" \/>\n<meta property=\"og:url\" content=\"https:\/\/masterchem.fi\/sv\/produkt\/violinharts-cas-8050-09-7\/\" \/>\n<meta property=\"og:site_name\" content=\"MasterChem | kemikaalien tuotanto ja myynti\" \/>\n<meta property=\"article:modified_time\" content=\"2022-05-05T12:12:28+00:00\" \/>\n<meta property=\"og:image\" content=\"https:\/\/masterchem.fi\/wp-content\/uploads\/2022\/05\/Viuluhartsi-CAS-8050-09-7-25kg-MasterChem.jpg\" \/>\n\t<meta property=\"og:image:width\" content=\"1000\" \/>\n\t<meta property=\"og:image:height\" content=\"1000\" \/>\n\t<meta property=\"og:image:type\" content=\"image\/jpeg\" \/>\n<meta name=\"twitter:card\" content=\"summary_large_image\" \/>\n<script type=\"application\/ld+json\" class=\"yoast-schema-graph\">{\"@context\":\"https:\\\/\\\/schema.org\",\"@graph\":[{\"@type\":\"WebPage\",\"@id\":\"https:\\\/\\\/masterchem.fi\\\/sv\\\/produkt\\\/violinharts-cas-8050-09-7\\\/\",\"url\":\"https:\\\/\\\/masterchem.fi\\\/sv\\\/produkt\\\/violinharts-cas-8050-09-7\\\/\",\"name\":\"Violinharts (CAS 8050-09-7) - MasterChem | kemikaalien tuotanto ja myynti\",\"isPartOf\":{\"@id\":\"https:\\\/\\\/masterchem.fi\\\/sv\\\/#website\"},\"primaryImageOfPage\":{\"@id\":\"https:\\\/\\\/masterchem.fi\\\/sv\\\/produkt\\\/violinharts-cas-8050-09-7\\\/#primaryimage\"},\"image\":{\"@id\":\"https:\\\/\\\/masterchem.fi\\\/sv\\\/produkt\\\/violinharts-cas-8050-09-7\\\/#primaryimage\"},\"thumbnailUrl\":\"https:\\\/\\\/masterchem.fi\\\/wp-content\\\/uploads\\\/2022\\\/05\\\/Viuluhartsi-CAS-8050-09-7-25kg-MasterChem.jpg\",\"datePublished\":\"2022-05-05T12:08:03+00:00\",\"dateModified\":\"2022-05-05T12:12:28+00:00\",\"description\":\"Fiolhartset \u00e4r h\u00e4rdat harts. Det \u00e4r ocks\u00e5 k\u00e4nt som kolofonium eller fj\u00e4derharts.\",\"breadcrumb\":{\"@id\":\"https:\\\/\\\/masterchem.fi\\\/sv\\\/produkt\\\/violinharts-cas-8050-09-7\\\/#breadcrumb\"},\"inLanguage\":\"sv-SE\",\"potentialAction\":[{\"@type\":\"ReadAction\",\"target\":[\"https:\\\/\\\/masterchem.fi\\\/sv\\\/produkt\\\/violinharts-cas-8050-09-7\\\/\"]}]},{\"@type\":\"ImageObject\",\"inLanguage\":\"sv-SE\",\"@id\":\"https:\\\/\\\/masterchem.fi\\\/sv\\\/produkt\\\/violinharts-cas-8050-09-7\\\/#primaryimage\",\"url\":\"https:\\\/\\\/masterchem.fi\\\/wp-content\\\/uploads\\\/2022\\\/05\\\/Viuluhartsi-CAS-8050-09-7-25kg-MasterChem.jpg\",\"contentUrl\":\"https:\\\/\\\/masterchem.fi\\\/wp-content\\\/uploads\\\/2022\\\/05\\\/Viuluhartsi-CAS-8050-09-7-25kg-MasterChem.jpg\",\"width\":1000,\"height\":1000,\"caption\":\"Violinharts (CAS 8050-09-7) 25kg MasterChem\"},{\"@type\":\"BreadcrumbList\",\"@id\":\"https:\\\/\\\/masterchem.fi\\\/sv\\\/produkt\\\/violinharts-cas-8050-09-7\\\/#breadcrumb\",\"itemListElement\":[{\"@type\":\"ListItem\",\"position\":1,\"name\":\"Home\",\"item\":\"https:\\\/\\\/masterchem.fi\\\/sv\\\/\"},{\"@type\":\"ListItem\",\"position\":2,\"name\":\"Butik\",\"item\":\"https:\\\/\\\/masterchem.fi\\\/sv\\\/butik\\\/\"},{\"@type\":\"ListItem\",\"position\":3,\"name\":\"Violinharts (CAS 8050-09-7)\"}]},{\"@type\":\"WebSite\",\"@id\":\"https:\\\/\\\/masterchem.fi\\\/sv\\\/#website\",\"url\":\"https:\\\/\\\/masterchem.fi\\\/sv\\\/\",\"name\":\"MasterChem | kemikaalien tuotanto ja myynti\",\"description\":\"kemikaalien tuotanto ja myynti\",\"potentialAction\":[{\"@type\":\"SearchAction\",\"target\":{\"@type\":\"EntryPoint\",\"urlTemplate\":\"https:\\\/\\\/masterchem.fi\\\/sv\\\/?s={search_term_string}\"},\"query-input\":{\"@type\":\"PropertyValueSpecification\",\"valueRequired\":true,\"valueName\":\"search_term_string\"}}],\"inLanguage\":\"sv-SE\"}]}<\/script>\n<!-- \/ Yoast SEO plugin. -->","yoast_head_json":{"title":"Violinharts (CAS 8050-09-7) - MasterChem | kemikaalien tuotanto ja myynti","description":"Fiolhartset \u00e4r h\u00e4rdat harts. Det \u00e4r ocks\u00e5 k\u00e4nt som kolofonium eller fj\u00e4derharts.","robots":{"index":"index","follow":"follow","max-snippet":"max-snippet:-1","max-image-preview":"max-image-preview:large","max-video-preview":"max-video-preview:-1"},"canonical":"https:\/\/masterchem.fi\/sv\/produkt\/violinharts-cas-8050-09-7\/","og_locale":"sv_SE","og_type":"article","og_title":"Violinharts (CAS 8050-09-7) - MasterChem | kemikaalien tuotanto ja myynti","og_description":"Fiolhartset \u00e4r h\u00e4rdat harts. Det \u00e4r ocks\u00e5 k\u00e4nt som kolofonium eller fj\u00e4derharts.","og_url":"https:\/\/masterchem.fi\/sv\/produkt\/violinharts-cas-8050-09-7\/","og_site_name":"MasterChem | kemikaalien tuotanto ja myynti","article_modified_time":"2022-05-05T12:12:28+00:00","og_image":[{"width":1000,"height":1000,"url":"https:\/\/masterchem.fi\/wp-content\/uploads\/2022\/05\/Viuluhartsi-CAS-8050-09-7-25kg-MasterChem.jpg","type":"image\/jpeg"}],"twitter_card":"summary_large_image","schema":{"@context":"https:\/\/schema.org","@graph":[{"@type":"WebPage","@id":"https:\/\/masterchem.fi\/sv\/produkt\/violinharts-cas-8050-09-7\/","url":"https:\/\/masterchem.fi\/sv\/produkt\/violinharts-cas-8050-09-7\/","name":"Violinharts (CAS 8050-09-7) - MasterChem | kemikaalien tuotanto ja myynti","isPartOf":{"@id":"https:\/\/masterchem.fi\/sv\/#website"},"primaryImageOfPage":{"@id":"https:\/\/masterchem.fi\/sv\/produkt\/violinharts-cas-8050-09-7\/#primaryimage"},"image":{"@id":"https:\/\/masterchem.fi\/sv\/produkt\/violinharts-cas-8050-09-7\/#primaryimage"},"thumbnailUrl":"https:\/\/masterchem.fi\/wp-content\/uploads\/2022\/05\/Viuluhartsi-CAS-8050-09-7-25kg-MasterChem.jpg","datePublished":"2022-05-05T12:08:03+00:00","dateModified":"2022-05-05T12:12:28+00:00","description":"Fiolhartset \u00e4r h\u00e4rdat harts. Det \u00e4r ocks\u00e5 k\u00e4nt som kolofonium eller fj\u00e4derharts.","breadcrumb":{"@id":"https:\/\/masterchem.fi\/sv\/produkt\/violinharts-cas-8050-09-7\/#breadcrumb"},"inLanguage":"sv-SE","potentialAction":[{"@type":"ReadAction","target":["https:\/\/masterchem.fi\/sv\/produkt\/violinharts-cas-8050-09-7\/"]}]},{"@type":"ImageObject","inLanguage":"sv-SE","@id":"https:\/\/masterchem.fi\/sv\/produkt\/violinharts-cas-8050-09-7\/#primaryimage","url":"https:\/\/masterchem.fi\/wp-content\/uploads\/2022\/05\/Viuluhartsi-CAS-8050-09-7-25kg-MasterChem.jpg","contentUrl":"https:\/\/masterchem.fi\/wp-content\/uploads\/2022\/05\/Viuluhartsi-CAS-8050-09-7-25kg-MasterChem.jpg","width":1000,"height":1000,"caption":"Violinharts (CAS 8050-09-7) 25kg MasterChem"},{"@type":"BreadcrumbList","@id":"https:\/\/masterchem.fi\/sv\/produkt\/violinharts-cas-8050-09-7\/#breadcrumb","itemListElement":[{"@type":"ListItem","position":1,"name":"Home","item":"https:\/\/masterchem.fi\/sv\/"},{"@type":"ListItem","position":2,"name":"Butik","item":"https:\/\/masterchem.fi\/sv\/butik\/"},{"@type":"ListItem","position":3,"name":"Violinharts (CAS 8050-09-7)"}]},{"@type":"WebSite","@id":"https:\/\/masterchem.fi\/sv\/#website","url":"https:\/\/masterchem.fi\/sv\/","name":"MasterChem | kemikaalien tuotanto ja myynti","description":"kemikaalien tuotanto ja myynti","potentialAction":[{"@type":"SearchAction","target":{"@type":"EntryPoint","urlTemplate":"https:\/\/masterchem.fi\/sv\/?s={search_term_string}"},"query-input":{"@type":"PropertyValueSpecification","valueRequired":true,"valueName":"search_term_string"}}],"inLanguage":"sv-SE"}]}},"_links":{"self":[{"href":"https:\/\/masterchem.fi\/sv\/wp-json\/wp\/v2\/product\/8599","targetHints":{"allow":["GET"]}}],"collection":[{"href":"https:\/\/masterchem.fi\/sv\/wp-json\/wp\/v2\/product"}],"about":[{"href":"https:\/\/masterchem.fi\/sv\/wp-json\/wp\/v2\/types\/product"}],"wp:featuredmedia":[{"embeddable":true,"href":"https:\/\/masterchem.fi\/sv\/wp-json\/wp\/v2\/media\/8603"}],"wp:attachment":[{"href":"https:\/\/masterchem.fi\/sv\/wp-json\/wp\/v2\/media?parent=8599"}],"wp:term":[{"taxonomy":"product_brand","embeddable":true,"href":"https:\/\/masterchem.fi\/sv\/wp-json\/wp\/v2\/product_brand?post=8599"},{"taxonomy":"product_cat","embeddable":true,"href":"https:\/\/masterchem.fi\/sv\/wp-json\/wp\/v2\/product_cat?post=8599"},{"taxonomy":"product_tag","embeddable":true,"href":"https:\/\/masterchem.fi\/sv\/wp-json\/wp\/v2\/product_tag?post=8599"}],"curies":[{"name":"wp","href":"https:\/\/api.w.org\/{rel}","templated":true}]}}