{"id":8619,"date":"2022-05-05T15:47:56","date_gmt":"2022-05-05T12:47:57","guid":{"rendered":"https:\/\/masterchem.fi\/?post_type=product&#038;p=8619"},"modified":"2022-05-05T15:52:33","modified_gmt":"2022-05-05T12:52:33","slug":"natriumfosfatdihydrat-cas-13472-35-0","status":"publish","type":"product","link":"https:\/\/masterchem.fi\/sv\/produkt\/natriumfosfatdihydrat-cas-13472-35-0\/","title":{"rendered":"Natriumfosfatdihydrat (CAS 13472-35-0)"},"content":{"rendered":"<p> <strong> Information <\/strong> <\/p>\n<p> Branscher: F\u00e4rger och lacker, hush\u00e5llskemikalier, g\u00f6dningsmedel, lim, oljor, fetter, byggkemikalier <\/p>\n<p> CAS-nummer: 13472-35-0 <br \/>\nWE-nummer: 231-449-2 <br \/>\nKemisk formel: H2NaO4P \u00b7 2H2O <br \/>\nMolekylvikt: 156,01 g\/mol <\/p>\n","protected":false},"excerpt":{"rendered":"<p> <strong> Natriumfosfatdihydrat (CAS 13472-35-0) <\/strong> <\/p>\n<p>Natriumfosfat \u00e4r en vanlig term f\u00f6r flera salter av natrium (Na +) och fosfat (PO43\u2212). Fosfat bildar ocks\u00e5 familjer eller kondenserade anjoner, inklusive di-, tri-, tetra- och polyfosfater. De flesta av dessa salter \u00e4r k\u00e4nda f\u00f6r att vara b\u00e5de vattenfria (vattenfria) och hydratiserade. Hydrater \u00e4r vanligare \u00e4n vattenfria former. <\/p>\n","protected":false},"featured_media":8623,"template":"","meta":[],"product_brand":[],"product_cat":[105,112,116,173],"product_tag":[],"class_list":{"0":"post-8619","1":"product","2":"type-product","3":"status-publish","4":"has-post-thumbnail","6":"product_cat-hushallskemikalier-sv","7":"product_cat-byggbranschen","8":"product_cat-alla-produkter","9":"product_cat-godselmedel","11":"first","12":"outofstock","13":"taxable","14":"shipping-taxable","15":"purchasable","16":"product-type-variable","17":"has-default-attributes","18":"rtwpvg-product"},"yoast_head":"<!-- This site is optimized with the Yoast SEO plugin v27.2 - https:\/\/yoast.com\/product\/yoast-seo-wordpress\/ -->\n<title>Natriumfosfatdihydrat (CAS 13472-35-0) - MasterChem | kemikaalien tuotanto ja myynti<\/title>\n<meta name=\"description\" content=\"Natriumfosfat \u00e4r en vanlig term f\u00f6r flera natrium (Na +) och fosfat (PO43\u2212) salter.\" \/>\n<meta name=\"robots\" content=\"index, follow, max-snippet:-1, max-image-preview:large, max-video-preview:-1\" \/>\n<link rel=\"canonical\" href=\"https:\/\/masterchem.fi\/sv\/produkt\/natriumfosfatdihydrat-cas-13472-35-0\/\" \/>\n<meta property=\"og:locale\" content=\"sv_SE\" \/>\n<meta property=\"og:type\" content=\"article\" \/>\n<meta property=\"og:title\" content=\"Natriumfosfatdihydrat (CAS 13472-35-0) - MasterChem | kemikaalien tuotanto ja myynti\" \/>\n<meta property=\"og:description\" content=\"Natriumfosfat \u00e4r en vanlig term f\u00f6r flera natrium (Na +) och fosfat (PO43\u2212) salter.\" \/>\n<meta property=\"og:url\" content=\"https:\/\/masterchem.fi\/sv\/produkt\/natriumfosfatdihydrat-cas-13472-35-0\/\" \/>\n<meta property=\"og:site_name\" content=\"MasterChem | kemikaalien tuotanto ja myynti\" \/>\n<meta property=\"article:modified_time\" content=\"2022-05-05T12:52:33+00:00\" \/>\n<meta property=\"og:image\" content=\"https:\/\/masterchem.fi\/wp-content\/uploads\/2022\/05\/Natriumfosfaattidihydraatti-CAS-13472-35-0-25kg-MasterChem.jpg\" \/>\n\t<meta property=\"og:image:width\" content=\"1000\" \/>\n\t<meta property=\"og:image:height\" content=\"1000\" \/>\n\t<meta property=\"og:image:type\" content=\"image\/jpeg\" \/>\n<meta name=\"twitter:card\" content=\"summary_large_image\" \/>\n<script type=\"application\/ld+json\" class=\"yoast-schema-graph\">{\"@context\":\"https:\/\/schema.org\",\"@graph\":[{\"@type\":\"WebPage\",\"@id\":\"https:\/\/masterchem.fi\/sv\/produkt\/natriumfosfatdihydrat-cas-13472-35-0\/\",\"url\":\"https:\/\/masterchem.fi\/sv\/produkt\/natriumfosfatdihydrat-cas-13472-35-0\/\",\"name\":\"Natriumfosfatdihydrat (CAS 13472-35-0) - MasterChem | kemikaalien tuotanto ja myynti\",\"isPartOf\":{\"@id\":\"https:\/\/masterchem.fi\/sv\/#website\"},\"primaryImageOfPage\":{\"@id\":\"https:\/\/masterchem.fi\/sv\/produkt\/natriumfosfatdihydrat-cas-13472-35-0\/#primaryimage\"},\"image\":{\"@id\":\"https:\/\/masterchem.fi\/sv\/produkt\/natriumfosfatdihydrat-cas-13472-35-0\/#primaryimage\"},\"thumbnailUrl\":\"https:\/\/masterchem.fi\/wp-content\/uploads\/2022\/05\/Natriumfosfaattidihydraatti-CAS-13472-35-0-25kg-MasterChem.jpg\",\"datePublished\":\"2022-05-05T12:47:57+00:00\",\"dateModified\":\"2022-05-05T12:52:33+00:00\",\"description\":\"Natriumfosfat \u00e4r en vanlig term f\u00f6r flera natrium (Na +) och fosfat (PO43\u2212) salter.\",\"breadcrumb\":{\"@id\":\"https:\/\/masterchem.fi\/sv\/produkt\/natriumfosfatdihydrat-cas-13472-35-0\/#breadcrumb\"},\"inLanguage\":\"sv-SE\",\"potentialAction\":[{\"@type\":\"ReadAction\",\"target\":[\"https:\/\/masterchem.fi\/sv\/produkt\/natriumfosfatdihydrat-cas-13472-35-0\/\"]}]},{\"@type\":\"ImageObject\",\"inLanguage\":\"sv-SE\",\"@id\":\"https:\/\/masterchem.fi\/sv\/produkt\/natriumfosfatdihydrat-cas-13472-35-0\/#primaryimage\",\"url\":\"https:\/\/masterchem.fi\/wp-content\/uploads\/2022\/05\/Natriumfosfaattidihydraatti-CAS-13472-35-0-25kg-MasterChem.jpg\",\"contentUrl\":\"https:\/\/masterchem.fi\/wp-content\/uploads\/2022\/05\/Natriumfosfaattidihydraatti-CAS-13472-35-0-25kg-MasterChem.jpg\",\"width\":1000,\"height\":1000,\"caption\":\"Natriumfosfatdihydrat (CAS 13472-35-0) 25kg MasterChem\"},{\"@type\":\"BreadcrumbList\",\"@id\":\"https:\/\/masterchem.fi\/sv\/produkt\/natriumfosfatdihydrat-cas-13472-35-0\/#breadcrumb\",\"itemListElement\":[{\"@type\":\"ListItem\",\"position\":1,\"name\":\"Home\",\"item\":\"https:\/\/masterchem.fi\/sv\/\"},{\"@type\":\"ListItem\",\"position\":2,\"name\":\"Butik\",\"item\":\"https:\/\/masterchem.fi\/sv\/butik\/\"},{\"@type\":\"ListItem\",\"position\":3,\"name\":\"Natriumfosfatdihydrat (CAS 13472-35-0)\"}]},{\"@type\":\"WebSite\",\"@id\":\"https:\/\/masterchem.fi\/sv\/#website\",\"url\":\"https:\/\/masterchem.fi\/sv\/\",\"name\":\"MasterChem | kemikaalien tuotanto ja myynti\",\"description\":\"kemikaalien tuotanto ja myynti\",\"potentialAction\":[{\"@type\":\"SearchAction\",\"target\":{\"@type\":\"EntryPoint\",\"urlTemplate\":\"https:\/\/masterchem.fi\/sv\/?s={search_term_string}\"},\"query-input\":{\"@type\":\"PropertyValueSpecification\",\"valueRequired\":true,\"valueName\":\"search_term_string\"}}],\"inLanguage\":\"sv-SE\"}]}<\/script>\n<!-- \/ Yoast SEO plugin. -->","yoast_head_json":{"title":"Natriumfosfatdihydrat (CAS 13472-35-0) - MasterChem | kemikaalien tuotanto ja myynti","description":"Natriumfosfat \u00e4r en vanlig term f\u00f6r flera natrium (Na +) och fosfat (PO43\u2212) salter.","robots":{"index":"index","follow":"follow","max-snippet":"max-snippet:-1","max-image-preview":"max-image-preview:large","max-video-preview":"max-video-preview:-1"},"canonical":"https:\/\/masterchem.fi\/sv\/produkt\/natriumfosfatdihydrat-cas-13472-35-0\/","og_locale":"sv_SE","og_type":"article","og_title":"Natriumfosfatdihydrat (CAS 13472-35-0) - MasterChem | kemikaalien tuotanto ja myynti","og_description":"Natriumfosfat \u00e4r en vanlig term f\u00f6r flera natrium (Na +) och fosfat (PO43\u2212) salter.","og_url":"https:\/\/masterchem.fi\/sv\/produkt\/natriumfosfatdihydrat-cas-13472-35-0\/","og_site_name":"MasterChem | kemikaalien tuotanto ja myynti","article_modified_time":"2022-05-05T12:52:33+00:00","og_image":[{"width":1000,"height":1000,"url":"https:\/\/masterchem.fi\/wp-content\/uploads\/2022\/05\/Natriumfosfaattidihydraatti-CAS-13472-35-0-25kg-MasterChem.jpg","type":"image\/jpeg"}],"twitter_card":"summary_large_image","schema":{"@context":"https:\/\/schema.org","@graph":[{"@type":"WebPage","@id":"https:\/\/masterchem.fi\/sv\/produkt\/natriumfosfatdihydrat-cas-13472-35-0\/","url":"https:\/\/masterchem.fi\/sv\/produkt\/natriumfosfatdihydrat-cas-13472-35-0\/","name":"Natriumfosfatdihydrat (CAS 13472-35-0) - MasterChem | kemikaalien tuotanto ja myynti","isPartOf":{"@id":"https:\/\/masterchem.fi\/sv\/#website"},"primaryImageOfPage":{"@id":"https:\/\/masterchem.fi\/sv\/produkt\/natriumfosfatdihydrat-cas-13472-35-0\/#primaryimage"},"image":{"@id":"https:\/\/masterchem.fi\/sv\/produkt\/natriumfosfatdihydrat-cas-13472-35-0\/#primaryimage"},"thumbnailUrl":"https:\/\/masterchem.fi\/wp-content\/uploads\/2022\/05\/Natriumfosfaattidihydraatti-CAS-13472-35-0-25kg-MasterChem.jpg","datePublished":"2022-05-05T12:47:57+00:00","dateModified":"2022-05-05T12:52:33+00:00","description":"Natriumfosfat \u00e4r en vanlig term f\u00f6r flera natrium (Na +) och fosfat (PO43\u2212) salter.","breadcrumb":{"@id":"https:\/\/masterchem.fi\/sv\/produkt\/natriumfosfatdihydrat-cas-13472-35-0\/#breadcrumb"},"inLanguage":"sv-SE","potentialAction":[{"@type":"ReadAction","target":["https:\/\/masterchem.fi\/sv\/produkt\/natriumfosfatdihydrat-cas-13472-35-0\/"]}]},{"@type":"ImageObject","inLanguage":"sv-SE","@id":"https:\/\/masterchem.fi\/sv\/produkt\/natriumfosfatdihydrat-cas-13472-35-0\/#primaryimage","url":"https:\/\/masterchem.fi\/wp-content\/uploads\/2022\/05\/Natriumfosfaattidihydraatti-CAS-13472-35-0-25kg-MasterChem.jpg","contentUrl":"https:\/\/masterchem.fi\/wp-content\/uploads\/2022\/05\/Natriumfosfaattidihydraatti-CAS-13472-35-0-25kg-MasterChem.jpg","width":1000,"height":1000,"caption":"Natriumfosfatdihydrat (CAS 13472-35-0) 25kg MasterChem"},{"@type":"BreadcrumbList","@id":"https:\/\/masterchem.fi\/sv\/produkt\/natriumfosfatdihydrat-cas-13472-35-0\/#breadcrumb","itemListElement":[{"@type":"ListItem","position":1,"name":"Home","item":"https:\/\/masterchem.fi\/sv\/"},{"@type":"ListItem","position":2,"name":"Butik","item":"https:\/\/masterchem.fi\/sv\/butik\/"},{"@type":"ListItem","position":3,"name":"Natriumfosfatdihydrat (CAS 13472-35-0)"}]},{"@type":"WebSite","@id":"https:\/\/masterchem.fi\/sv\/#website","url":"https:\/\/masterchem.fi\/sv\/","name":"MasterChem | kemikaalien tuotanto ja myynti","description":"kemikaalien tuotanto ja myynti","potentialAction":[{"@type":"SearchAction","target":{"@type":"EntryPoint","urlTemplate":"https:\/\/masterchem.fi\/sv\/?s={search_term_string}"},"query-input":{"@type":"PropertyValueSpecification","valueRequired":true,"valueName":"search_term_string"}}],"inLanguage":"sv-SE"}]}},"_links":{"self":[{"href":"https:\/\/masterchem.fi\/sv\/wp-json\/wp\/v2\/product\/8619","targetHints":{"allow":["GET"]}}],"collection":[{"href":"https:\/\/masterchem.fi\/sv\/wp-json\/wp\/v2\/product"}],"about":[{"href":"https:\/\/masterchem.fi\/sv\/wp-json\/wp\/v2\/types\/product"}],"wp:featuredmedia":[{"embeddable":true,"href":"https:\/\/masterchem.fi\/sv\/wp-json\/wp\/v2\/media\/8623"}],"wp:attachment":[{"href":"https:\/\/masterchem.fi\/sv\/wp-json\/wp\/v2\/media?parent=8619"}],"wp:term":[{"taxonomy":"product_brand","embeddable":true,"href":"https:\/\/masterchem.fi\/sv\/wp-json\/wp\/v2\/product_brand?post=8619"},{"taxonomy":"product_cat","embeddable":true,"href":"https:\/\/masterchem.fi\/sv\/wp-json\/wp\/v2\/product_cat?post=8619"},{"taxonomy":"product_tag","embeddable":true,"href":"https:\/\/masterchem.fi\/sv\/wp-json\/wp\/v2\/product_tag?post=8619"}],"curies":[{"name":"wp","href":"https:\/\/api.w.org\/{rel}","templated":true}]}}