{"id":8629,"date":"2022-05-05T15:56:14","date_gmt":"2022-05-05T12:56:15","guid":{"rendered":"https:\/\/masterchem.fi\/?post_type=product&#038;p=8629"},"modified":"2022-05-05T16:02:48","modified_gmt":"2022-05-05T13:02:48","slug":"trinatriumfosfatdodekahydrat-cas-10101-89-0","status":"publish","type":"product","link":"https:\/\/masterchem.fi\/sv\/produkt\/trinatriumfosfatdodekahydrat-cas-10101-89-0\/","title":{"rendered":"Trinatriumfosfatdodekahydrat (CAS 10101-89-0)"},"content":{"rendered":"<p> <strong> Information <\/strong> <\/p>\n<p> Branscher: F\u00e4rger och lacker, hush\u00e5llskemikalier, g\u00f6dningsmedel, lim, oljor, fetter, byggkemikalier <br \/>\nCAS-nummer: 10101-89-0 <br \/>\nWE-nummer: 600-151-8 <br \/>\nKemisk formel: Na3PO4 \u00b7 12H2O <br \/>\nMolekylvikt: 380,18 g\/mol <br \/>\nTulltaxa: 28352930 <\/p>\n<p> <strong> Andra fysiska egenskaper <\/strong> <\/p>\n<p> pH: ~ 12 (10 g \/ l H2O, 20 \u00b0 C) <br \/>\nSm\u00e4ltpunkt\/fryspunkt: 450 \u00b0C (1013 hPa) <br \/>\nRelativ densitet: 1,62 g\/cm3 (20 \u00b0C) <\/p>\n","protected":false},"excerpt":{"rendered":"<p> <strong> Trinatriumfosfatdodekahydrat (CAS 10101-89-0) <\/strong> <\/p>\n<p>Natriumfosfatdodekahydrat \u00e4r ocks\u00e5 k\u00e4nt som trinatriumfosfat eller TSP. Det \u00e4r mycket l\u00f6sligt i vatten och anv\u00e4nds ofta som reng\u00f6ringsmedel. pH-v\u00e4rdet f\u00f6r en 1% l\u00f6sning \u00e4r vanligtvis cirka 12, vilket g\u00f6r detta reagens tillr\u00e4ckligt f\u00f6r att f\u00f6rtv\u00e5la feta fetter och oljor. Tillsammans med ytaktiva \u00e4mnen \u00e4r TSP ett utm\u00e4rkt reng\u00f6ringsmedel f\u00f6r reng\u00f6ring av alla tv\u00e4tt- och betongkorridorer. Denna m\u00e5ngsidighet och l\u00e5ga tillverkningskostnad gjorde TSP till grunden f\u00f6r m\u00e5nga reng\u00f6ringsprodukter som s\u00e5ldes i mitten av 1900-talet. Trinatriumfosfat anv\u00e4nds f\u00f6r att isolera mykobakterier, inklusive odling av tuberkulosbakterier. Har anv\u00e4nts f\u00f6r proteinf\u00e4llning i vissa till\u00e4mpningar och vid utf\u00e4llning och fraktionering av nukleotider. Kan anv\u00e4ndas f\u00f6r att bevara biologiskt aktiva jordprover. P\u00e5 grund av dess alkaliska pH st\u00f6r TSP cytoplasman och det yttre membranet av Salmonella enterica-celler, vilket g\u00f6r det anv\u00e4ndbart f\u00f6r att f\u00f6rhindra spridning av bakterier. Det anv\u00e4nds f\u00f6r att utveckla fotografering, sockerklarning, avl\u00e4gsnande av panna, vattenmjukning och papperstillverkning. De l\u00e4ggs till m\u00e5nga livsmedel som emulgeringsmedel f\u00f6r att f\u00f6rhindra oljeseparation. Det kan anv\u00e4ndas som surg\u00f6ringsmedel. Vissa fall av dessa livsmedel \u00e4r degbel\u00e4ggning f\u00f6r bakad fisk eller kyckling och kommersiellt bakade kakor. Att l\u00e4gga denna produkt till maten f\u00f6rl\u00e4nger livsmedlets h\u00e5llbarhet samtidigt som matens konsistens och visuella dimension bibeh\u00e5lls. <\/p>\n","protected":false},"featured_media":8633,"template":"","meta":[],"product_brand":[],"product_cat":[105,112,116,173],"product_tag":[],"class_list":{"0":"post-8629","1":"product","2":"type-product","3":"status-publish","4":"has-post-thumbnail","6":"product_cat-hushallskemikalier-sv","7":"product_cat-byggbranschen","8":"product_cat-alla-produkter","9":"product_cat-godselmedel","11":"first","12":"outofstock","13":"taxable","14":"shipping-taxable","15":"purchasable","16":"product-type-variable","17":"has-default-attributes","18":"rtwpvg-product"},"yoast_head":"<!-- This site is optimized with the Yoast SEO plugin v27.2 - https:\/\/yoast.com\/product\/yoast-seo-wordpress\/ -->\n<title>Trinatriumfosfatdodekahydrat (CAS 10101-89-0) - MasterChem | kemikaalien tuotanto ja myynti<\/title>\n<meta name=\"description\" content=\"Tribasiskt natriumfosfatdodekahydrat \u00e4r ocks\u00e5 k\u00e4nt som trinatriumfosfat eller TSP.\" \/>\n<meta name=\"robots\" content=\"index, follow, max-snippet:-1, max-image-preview:large, max-video-preview:-1\" \/>\n<link rel=\"canonical\" href=\"https:\/\/masterchem.fi\/sv\/produkt\/trinatriumfosfatdodekahydrat-cas-10101-89-0\/\" \/>\n<meta property=\"og:locale\" content=\"sv_SE\" \/>\n<meta property=\"og:type\" content=\"article\" \/>\n<meta property=\"og:title\" content=\"Trinatriumfosfatdodekahydrat (CAS 10101-89-0) - MasterChem | kemikaalien tuotanto ja myynti\" \/>\n<meta property=\"og:description\" content=\"Tribasiskt natriumfosfatdodekahydrat \u00e4r ocks\u00e5 k\u00e4nt som trinatriumfosfat eller TSP.\" \/>\n<meta property=\"og:url\" content=\"https:\/\/masterchem.fi\/sv\/produkt\/trinatriumfosfatdodekahydrat-cas-10101-89-0\/\" \/>\n<meta property=\"og:site_name\" content=\"MasterChem | kemikaalien tuotanto ja myynti\" \/>\n<meta property=\"article:modified_time\" content=\"2022-05-05T13:02:48+00:00\" \/>\n<meta property=\"og:image\" content=\"https:\/\/masterchem.fi\/wp-content\/uploads\/2022\/05\/Trinatriumfosfaattidodekahydraatti-CAS-10101-89-0-25kg-MasterChem.jpg\" \/>\n\t<meta property=\"og:image:width\" content=\"1000\" \/>\n\t<meta property=\"og:image:height\" content=\"1000\" \/>\n\t<meta property=\"og:image:type\" content=\"image\/jpeg\" \/>\n<meta name=\"twitter:card\" content=\"summary_large_image\" \/>\n<script type=\"application\/ld+json\" class=\"yoast-schema-graph\">{\"@context\":\"https:\/\/schema.org\",\"@graph\":[{\"@type\":\"WebPage\",\"@id\":\"https:\/\/masterchem.fi\/sv\/produkt\/trinatriumfosfatdodekahydrat-cas-10101-89-0\/\",\"url\":\"https:\/\/masterchem.fi\/sv\/produkt\/trinatriumfosfatdodekahydrat-cas-10101-89-0\/\",\"name\":\"Trinatriumfosfatdodekahydrat (CAS 10101-89-0) - MasterChem | kemikaalien tuotanto ja myynti\",\"isPartOf\":{\"@id\":\"https:\/\/masterchem.fi\/sv\/#website\"},\"primaryImageOfPage\":{\"@id\":\"https:\/\/masterchem.fi\/sv\/produkt\/trinatriumfosfatdodekahydrat-cas-10101-89-0\/#primaryimage\"},\"image\":{\"@id\":\"https:\/\/masterchem.fi\/sv\/produkt\/trinatriumfosfatdodekahydrat-cas-10101-89-0\/#primaryimage\"},\"thumbnailUrl\":\"https:\/\/masterchem.fi\/wp-content\/uploads\/2022\/05\/Trinatriumfosfaattidodekahydraatti-CAS-10101-89-0-25kg-MasterChem.jpg\",\"datePublished\":\"2022-05-05T12:56:15+00:00\",\"dateModified\":\"2022-05-05T13:02:48+00:00\",\"description\":\"Tribasiskt natriumfosfatdodekahydrat \u00e4r ocks\u00e5 k\u00e4nt som trinatriumfosfat eller TSP.\",\"breadcrumb\":{\"@id\":\"https:\/\/masterchem.fi\/sv\/produkt\/trinatriumfosfatdodekahydrat-cas-10101-89-0\/#breadcrumb\"},\"inLanguage\":\"sv-SE\",\"potentialAction\":[{\"@type\":\"ReadAction\",\"target\":[\"https:\/\/masterchem.fi\/sv\/produkt\/trinatriumfosfatdodekahydrat-cas-10101-89-0\/\"]}]},{\"@type\":\"ImageObject\",\"inLanguage\":\"sv-SE\",\"@id\":\"https:\/\/masterchem.fi\/sv\/produkt\/trinatriumfosfatdodekahydrat-cas-10101-89-0\/#primaryimage\",\"url\":\"https:\/\/masterchem.fi\/wp-content\/uploads\/2022\/05\/Trinatriumfosfaattidodekahydraatti-CAS-10101-89-0-25kg-MasterChem.jpg\",\"contentUrl\":\"https:\/\/masterchem.fi\/wp-content\/uploads\/2022\/05\/Trinatriumfosfaattidodekahydraatti-CAS-10101-89-0-25kg-MasterChem.jpg\",\"width\":1000,\"height\":1000,\"caption\":\"Trinatriumfosfatdodekahydrat (CAS 10101-89-0) 25kg MasterChem\"},{\"@type\":\"BreadcrumbList\",\"@id\":\"https:\/\/masterchem.fi\/sv\/produkt\/trinatriumfosfatdodekahydrat-cas-10101-89-0\/#breadcrumb\",\"itemListElement\":[{\"@type\":\"ListItem\",\"position\":1,\"name\":\"Home\",\"item\":\"https:\/\/masterchem.fi\/sv\/\"},{\"@type\":\"ListItem\",\"position\":2,\"name\":\"Butik\",\"item\":\"https:\/\/masterchem.fi\/sv\/butik\/\"},{\"@type\":\"ListItem\",\"position\":3,\"name\":\"Trinatriumfosfatdodekahydrat (CAS 10101-89-0)\"}]},{\"@type\":\"WebSite\",\"@id\":\"https:\/\/masterchem.fi\/sv\/#website\",\"url\":\"https:\/\/masterchem.fi\/sv\/\",\"name\":\"MasterChem | kemikaalien tuotanto ja myynti\",\"description\":\"kemikaalien tuotanto ja myynti\",\"potentialAction\":[{\"@type\":\"SearchAction\",\"target\":{\"@type\":\"EntryPoint\",\"urlTemplate\":\"https:\/\/masterchem.fi\/sv\/?s={search_term_string}\"},\"query-input\":{\"@type\":\"PropertyValueSpecification\",\"valueRequired\":true,\"valueName\":\"search_term_string\"}}],\"inLanguage\":\"sv-SE\"}]}<\/script>\n<!-- \/ Yoast SEO plugin. -->","yoast_head_json":{"title":"Trinatriumfosfatdodekahydrat (CAS 10101-89-0) - MasterChem | kemikaalien tuotanto ja myynti","description":"Tribasiskt natriumfosfatdodekahydrat \u00e4r ocks\u00e5 k\u00e4nt som trinatriumfosfat eller TSP.","robots":{"index":"index","follow":"follow","max-snippet":"max-snippet:-1","max-image-preview":"max-image-preview:large","max-video-preview":"max-video-preview:-1"},"canonical":"https:\/\/masterchem.fi\/sv\/produkt\/trinatriumfosfatdodekahydrat-cas-10101-89-0\/","og_locale":"sv_SE","og_type":"article","og_title":"Trinatriumfosfatdodekahydrat (CAS 10101-89-0) - MasterChem | kemikaalien tuotanto ja myynti","og_description":"Tribasiskt natriumfosfatdodekahydrat \u00e4r ocks\u00e5 k\u00e4nt som trinatriumfosfat eller TSP.","og_url":"https:\/\/masterchem.fi\/sv\/produkt\/trinatriumfosfatdodekahydrat-cas-10101-89-0\/","og_site_name":"MasterChem | kemikaalien tuotanto ja myynti","article_modified_time":"2022-05-05T13:02:48+00:00","og_image":[{"width":1000,"height":1000,"url":"https:\/\/masterchem.fi\/wp-content\/uploads\/2022\/05\/Trinatriumfosfaattidodekahydraatti-CAS-10101-89-0-25kg-MasterChem.jpg","type":"image\/jpeg"}],"twitter_card":"summary_large_image","schema":{"@context":"https:\/\/schema.org","@graph":[{"@type":"WebPage","@id":"https:\/\/masterchem.fi\/sv\/produkt\/trinatriumfosfatdodekahydrat-cas-10101-89-0\/","url":"https:\/\/masterchem.fi\/sv\/produkt\/trinatriumfosfatdodekahydrat-cas-10101-89-0\/","name":"Trinatriumfosfatdodekahydrat (CAS 10101-89-0) - MasterChem | kemikaalien tuotanto ja myynti","isPartOf":{"@id":"https:\/\/masterchem.fi\/sv\/#website"},"primaryImageOfPage":{"@id":"https:\/\/masterchem.fi\/sv\/produkt\/trinatriumfosfatdodekahydrat-cas-10101-89-0\/#primaryimage"},"image":{"@id":"https:\/\/masterchem.fi\/sv\/produkt\/trinatriumfosfatdodekahydrat-cas-10101-89-0\/#primaryimage"},"thumbnailUrl":"https:\/\/masterchem.fi\/wp-content\/uploads\/2022\/05\/Trinatriumfosfaattidodekahydraatti-CAS-10101-89-0-25kg-MasterChem.jpg","datePublished":"2022-05-05T12:56:15+00:00","dateModified":"2022-05-05T13:02:48+00:00","description":"Tribasiskt natriumfosfatdodekahydrat \u00e4r ocks\u00e5 k\u00e4nt som trinatriumfosfat eller TSP.","breadcrumb":{"@id":"https:\/\/masterchem.fi\/sv\/produkt\/trinatriumfosfatdodekahydrat-cas-10101-89-0\/#breadcrumb"},"inLanguage":"sv-SE","potentialAction":[{"@type":"ReadAction","target":["https:\/\/masterchem.fi\/sv\/produkt\/trinatriumfosfatdodekahydrat-cas-10101-89-0\/"]}]},{"@type":"ImageObject","inLanguage":"sv-SE","@id":"https:\/\/masterchem.fi\/sv\/produkt\/trinatriumfosfatdodekahydrat-cas-10101-89-0\/#primaryimage","url":"https:\/\/masterchem.fi\/wp-content\/uploads\/2022\/05\/Trinatriumfosfaattidodekahydraatti-CAS-10101-89-0-25kg-MasterChem.jpg","contentUrl":"https:\/\/masterchem.fi\/wp-content\/uploads\/2022\/05\/Trinatriumfosfaattidodekahydraatti-CAS-10101-89-0-25kg-MasterChem.jpg","width":1000,"height":1000,"caption":"Trinatriumfosfatdodekahydrat (CAS 10101-89-0) 25kg MasterChem"},{"@type":"BreadcrumbList","@id":"https:\/\/masterchem.fi\/sv\/produkt\/trinatriumfosfatdodekahydrat-cas-10101-89-0\/#breadcrumb","itemListElement":[{"@type":"ListItem","position":1,"name":"Home","item":"https:\/\/masterchem.fi\/sv\/"},{"@type":"ListItem","position":2,"name":"Butik","item":"https:\/\/masterchem.fi\/sv\/butik\/"},{"@type":"ListItem","position":3,"name":"Trinatriumfosfatdodekahydrat (CAS 10101-89-0)"}]},{"@type":"WebSite","@id":"https:\/\/masterchem.fi\/sv\/#website","url":"https:\/\/masterchem.fi\/sv\/","name":"MasterChem | kemikaalien tuotanto ja myynti","description":"kemikaalien tuotanto ja myynti","potentialAction":[{"@type":"SearchAction","target":{"@type":"EntryPoint","urlTemplate":"https:\/\/masterchem.fi\/sv\/?s={search_term_string}"},"query-input":{"@type":"PropertyValueSpecification","valueRequired":true,"valueName":"search_term_string"}}],"inLanguage":"sv-SE"}]}},"_links":{"self":[{"href":"https:\/\/masterchem.fi\/sv\/wp-json\/wp\/v2\/product\/8629","targetHints":{"allow":["GET"]}}],"collection":[{"href":"https:\/\/masterchem.fi\/sv\/wp-json\/wp\/v2\/product"}],"about":[{"href":"https:\/\/masterchem.fi\/sv\/wp-json\/wp\/v2\/types\/product"}],"wp:featuredmedia":[{"embeddable":true,"href":"https:\/\/masterchem.fi\/sv\/wp-json\/wp\/v2\/media\/8633"}],"wp:attachment":[{"href":"https:\/\/masterchem.fi\/sv\/wp-json\/wp\/v2\/media?parent=8629"}],"wp:term":[{"taxonomy":"product_brand","embeddable":true,"href":"https:\/\/masterchem.fi\/sv\/wp-json\/wp\/v2\/product_brand?post=8629"},{"taxonomy":"product_cat","embeddable":true,"href":"https:\/\/masterchem.fi\/sv\/wp-json\/wp\/v2\/product_cat?post=8629"},{"taxonomy":"product_tag","embeddable":true,"href":"https:\/\/masterchem.fi\/sv\/wp-json\/wp\/v2\/product_tag?post=8629"}],"curies":[{"name":"wp","href":"https:\/\/api.w.org\/{rel}","templated":true}]}}