{"id":8656,"date":"2022-05-07T17:59:05","date_gmt":"2022-05-07T14:59:06","guid":{"rendered":"https:\/\/masterchem.fi\/?post_type=product&#038;p=8656"},"modified":"2022-05-07T18:06:45","modified_gmt":"2022-05-07T15:06:45","slug":"ammoniaklosning-cas-1336-21-6","status":"publish","type":"product","link":"https:\/\/masterchem.fi\/sv\/produkt\/ammoniaklosning-cas-1336-21-6\/","title":{"rendered":"Ammoniakl\u00f6sning (CAS 1336-21-6)"},"content":{"rendered":"<p> <strong> Information <\/strong> <\/p>\n<p> Branscher: Hush\u00e5llskemikalier, konstg\u00f6dsel, tr\u00e4dg\u00e5rdsodling, foderindustri <br \/>\nCAS-nummer: 1336-21-6 <br \/>\nWE-nummer: 215-647-6 <br \/>\nKemisk formel: NH4OH <br \/>\nMolekylvikt: 35 g\/mol <br \/>\nTulltaxa: 28142000 <br \/>\nADR: UN2672 <\/p>\n<p> <strong> Andra fysiska egenskaper <\/strong> <\/p>\n<p> Sm\u00e4ltpunkt \/ fryspunkt: -57,5 \u00b0 C <br \/>\nKokpunkt \/ kokomr\u00e5de: 37,7 \u00b0 C <br \/>\nRelativ densitet: 0,91 g\/cm3 (20 \u00b0C) <\/p>\n","protected":false},"excerpt":{"rendered":"<p> <strong> Ammoniakl\u00f6sning (CAS 1336-21-6) <\/strong> <\/p>\n<p> Ammoniakl\u00f6sning, \u00e4ven k\u00e4nd som ammoniakvatten, ammoniumhydroxid, ammoniaklut, ammoniakl\u00f6sning, vattenhaltig ammoniak, vattenhaltig ammoniak eller (felaktigt) ammoniak, \u00e4r en l\u00f6sning av ammoniak i vatten. Det kan betecknas med symbolerna NH3 (aq). \u00c4ven om namnet ammoniumhydroxid syftar p\u00e5 ett alkali med sammans\u00e4ttningen [NH4 +] [OH\u2212], \u00e4r det faktiskt om\u00f6jligt att isolera NH4OH-prover. Jonerna NH4 + och OH\u2212 utg\u00f6r inte en betydande del av den totala ammoniaken f\u00f6rutom i mycket utsp\u00e4dda l\u00f6sningar. <\/p>\n<p> Utsp\u00e4dd (1-3 %) ammoniak \u00e4r ocks\u00e5 en ingrediens i m\u00e5nga reng\u00f6ringsmedel, inklusive m\u00e5nga f\u00f6nsterputsar. Eftersom den vattenhaltiga ammoniakl\u00f6sningen \u00e4r en gas som l\u00f6ses i vattnet n\u00e4r vattnet avdunstar fr\u00e5n f\u00f6nstret, avdunstar \u00e4ven gasen och l\u00e4mnar f\u00f6nstret randigt. <\/p>\n<p> F\u00f6rutom att anv\u00e4ndas som ingrediens i tv\u00e4ttmedel tillsammans med andra tv\u00e4ttmedel, s\u00e4ljs ammoniak i vatten \u00e4ven som ett tv\u00e4ttmedel i sig, vanligtvis bara m\u00e4rkt &#8220;ammoniak&#8221;. Den kan s\u00e4ljas som en vanlig citrondoft (och typiskt gul) eller en talldoft (gr\u00f6n). Allm\u00e4nt tillg\u00e4nglig ammoniak som tv\u00e5l har tillsatts kallas &#8220;grumlig ammoniak&#8221;. <\/p>\n","protected":false},"featured_media":8680,"template":"","meta":[],"product_brand":[],"product_cat":[173,105,179,116],"product_tag":[],"class_list":{"0":"post-8656","1":"product","2":"type-product","3":"status-publish","4":"has-post-thumbnail","6":"product_cat-godselmedel","7":"product_cat-hushallskemikalier-sv","8":"product_cat-foderindustri","9":"product_cat-alla-produkter","11":"first","12":"outofstock","13":"taxable","14":"shipping-taxable","15":"purchasable","16":"product-type-variable","17":"has-default-attributes","18":"rtwpvg-product"},"yoast_head":"<!-- This site is optimized with the Yoast SEO plugin v27.2 - https:\/\/yoast.com\/product\/yoast-seo-wordpress\/ -->\n<title>Ammoniakl\u00f6sning (CAS 1336-21-6) - MasterChem | kemikaalien tuotanto ja myynti<\/title>\n<meta name=\"description\" content=\"En ammoniakl\u00f6sning, \u00e4ven k\u00e4nd som ammoniakvatten, ammoniumhydroxid, ammoniaklut, ammoniaklut, vattenhaltig ammoniak, vattenhaltig ammoniak eller (felaktigt) ammoniak \u00e4r en l\u00f6sning av ammoniak i vatten.\" \/>\n<meta name=\"robots\" content=\"index, follow, max-snippet:-1, max-image-preview:large, max-video-preview:-1\" \/>\n<link rel=\"canonical\" href=\"https:\/\/masterchem.fi\/sv\/produkt\/ammoniaklosning-cas-1336-21-6\/\" \/>\n<meta property=\"og:locale\" content=\"sv_SE\" \/>\n<meta property=\"og:type\" content=\"article\" \/>\n<meta property=\"og:title\" content=\"Ammoniakl\u00f6sning (CAS 1336-21-6) - MasterChem | kemikaalien tuotanto ja myynti\" \/>\n<meta property=\"og:description\" content=\"En ammoniakl\u00f6sning, \u00e4ven k\u00e4nd som ammoniakvatten, ammoniumhydroxid, ammoniaklut, ammoniaklut, vattenhaltig ammoniak, vattenhaltig ammoniak eller (felaktigt) ammoniak \u00e4r en l\u00f6sning av ammoniak i vatten.\" \/>\n<meta property=\"og:url\" content=\"https:\/\/masterchem.fi\/sv\/produkt\/ammoniaklosning-cas-1336-21-6\/\" \/>\n<meta property=\"og:site_name\" content=\"MasterChem | kemikaalien tuotanto ja myynti\" \/>\n<meta property=\"article:modified_time\" content=\"2022-05-07T15:06:45+00:00\" \/>\n<meta property=\"og:image\" content=\"https:\/\/masterchem.fi\/wp-content\/uploads\/2022\/05\/Ammoniakkiliuos-CAS-1336-21-6-1000l-MasterChem.jpg\" \/>\n\t<meta property=\"og:image:width\" content=\"1000\" \/>\n\t<meta property=\"og:image:height\" content=\"1000\" \/>\n\t<meta property=\"og:image:type\" content=\"image\/jpeg\" \/>\n<meta name=\"twitter:card\" content=\"summary_large_image\" \/>\n<script type=\"application\/ld+json\" class=\"yoast-schema-graph\">{\"@context\":\"https:\/\/schema.org\",\"@graph\":[{\"@type\":\"WebPage\",\"@id\":\"https:\/\/masterchem.fi\/sv\/produkt\/ammoniaklosning-cas-1336-21-6\/\",\"url\":\"https:\/\/masterchem.fi\/sv\/produkt\/ammoniaklosning-cas-1336-21-6\/\",\"name\":\"Ammoniakl\u00f6sning (CAS 1336-21-6) - MasterChem | kemikaalien tuotanto ja myynti\",\"isPartOf\":{\"@id\":\"https:\/\/masterchem.fi\/sv\/#website\"},\"primaryImageOfPage\":{\"@id\":\"https:\/\/masterchem.fi\/sv\/produkt\/ammoniaklosning-cas-1336-21-6\/#primaryimage\"},\"image\":{\"@id\":\"https:\/\/masterchem.fi\/sv\/produkt\/ammoniaklosning-cas-1336-21-6\/#primaryimage\"},\"thumbnailUrl\":\"https:\/\/masterchem.fi\/wp-content\/uploads\/2022\/05\/Ammoniakkiliuos-CAS-1336-21-6-1000l-MasterChem.jpg\",\"datePublished\":\"2022-05-07T14:59:06+00:00\",\"dateModified\":\"2022-05-07T15:06:45+00:00\",\"description\":\"En ammoniakl\u00f6sning, \u00e4ven k\u00e4nd som ammoniakvatten, ammoniumhydroxid, ammoniaklut, ammoniaklut, vattenhaltig ammoniak, vattenhaltig ammoniak eller (felaktigt) ammoniak \u00e4r en l\u00f6sning av ammoniak i vatten.\",\"breadcrumb\":{\"@id\":\"https:\/\/masterchem.fi\/sv\/produkt\/ammoniaklosning-cas-1336-21-6\/#breadcrumb\"},\"inLanguage\":\"sv-SE\",\"potentialAction\":[{\"@type\":\"ReadAction\",\"target\":[\"https:\/\/masterchem.fi\/sv\/produkt\/ammoniaklosning-cas-1336-21-6\/\"]}]},{\"@type\":\"ImageObject\",\"inLanguage\":\"sv-SE\",\"@id\":\"https:\/\/masterchem.fi\/sv\/produkt\/ammoniaklosning-cas-1336-21-6\/#primaryimage\",\"url\":\"https:\/\/masterchem.fi\/wp-content\/uploads\/2022\/05\/Ammoniakkiliuos-CAS-1336-21-6-1000l-MasterChem.jpg\",\"contentUrl\":\"https:\/\/masterchem.fi\/wp-content\/uploads\/2022\/05\/Ammoniakkiliuos-CAS-1336-21-6-1000l-MasterChem.jpg\",\"width\":1000,\"height\":1000,\"caption\":\"Ammoniakl\u00f6sning (CAS 1336-21-6) 1000l MaterChem\"},{\"@type\":\"BreadcrumbList\",\"@id\":\"https:\/\/masterchem.fi\/sv\/produkt\/ammoniaklosning-cas-1336-21-6\/#breadcrumb\",\"itemListElement\":[{\"@type\":\"ListItem\",\"position\":1,\"name\":\"Home\",\"item\":\"https:\/\/masterchem.fi\/sv\/\"},{\"@type\":\"ListItem\",\"position\":2,\"name\":\"Butik\",\"item\":\"https:\/\/masterchem.fi\/sv\/butik\/\"},{\"@type\":\"ListItem\",\"position\":3,\"name\":\"Ammoniakl\u00f6sning (CAS 1336-21-6)\"}]},{\"@type\":\"WebSite\",\"@id\":\"https:\/\/masterchem.fi\/sv\/#website\",\"url\":\"https:\/\/masterchem.fi\/sv\/\",\"name\":\"MasterChem | kemikaalien tuotanto ja myynti\",\"description\":\"kemikaalien tuotanto ja myynti\",\"potentialAction\":[{\"@type\":\"SearchAction\",\"target\":{\"@type\":\"EntryPoint\",\"urlTemplate\":\"https:\/\/masterchem.fi\/sv\/?s={search_term_string}\"},\"query-input\":{\"@type\":\"PropertyValueSpecification\",\"valueRequired\":true,\"valueName\":\"search_term_string\"}}],\"inLanguage\":\"sv-SE\"}]}<\/script>\n<!-- \/ Yoast SEO plugin. -->","yoast_head_json":{"title":"Ammoniakl\u00f6sning (CAS 1336-21-6) - MasterChem | kemikaalien tuotanto ja myynti","description":"En ammoniakl\u00f6sning, \u00e4ven k\u00e4nd som ammoniakvatten, ammoniumhydroxid, ammoniaklut, ammoniaklut, vattenhaltig ammoniak, vattenhaltig ammoniak eller (felaktigt) ammoniak \u00e4r en l\u00f6sning av ammoniak i vatten.","robots":{"index":"index","follow":"follow","max-snippet":"max-snippet:-1","max-image-preview":"max-image-preview:large","max-video-preview":"max-video-preview:-1"},"canonical":"https:\/\/masterchem.fi\/sv\/produkt\/ammoniaklosning-cas-1336-21-6\/","og_locale":"sv_SE","og_type":"article","og_title":"Ammoniakl\u00f6sning (CAS 1336-21-6) - MasterChem | kemikaalien tuotanto ja myynti","og_description":"En ammoniakl\u00f6sning, \u00e4ven k\u00e4nd som ammoniakvatten, ammoniumhydroxid, ammoniaklut, ammoniaklut, vattenhaltig ammoniak, vattenhaltig ammoniak eller (felaktigt) ammoniak \u00e4r en l\u00f6sning av ammoniak i vatten.","og_url":"https:\/\/masterchem.fi\/sv\/produkt\/ammoniaklosning-cas-1336-21-6\/","og_site_name":"MasterChem | kemikaalien tuotanto ja myynti","article_modified_time":"2022-05-07T15:06:45+00:00","og_image":[{"width":1000,"height":1000,"url":"https:\/\/masterchem.fi\/wp-content\/uploads\/2022\/05\/Ammoniakkiliuos-CAS-1336-21-6-1000l-MasterChem.jpg","type":"image\/jpeg"}],"twitter_card":"summary_large_image","schema":{"@context":"https:\/\/schema.org","@graph":[{"@type":"WebPage","@id":"https:\/\/masterchem.fi\/sv\/produkt\/ammoniaklosning-cas-1336-21-6\/","url":"https:\/\/masterchem.fi\/sv\/produkt\/ammoniaklosning-cas-1336-21-6\/","name":"Ammoniakl\u00f6sning (CAS 1336-21-6) - MasterChem | kemikaalien tuotanto ja myynti","isPartOf":{"@id":"https:\/\/masterchem.fi\/sv\/#website"},"primaryImageOfPage":{"@id":"https:\/\/masterchem.fi\/sv\/produkt\/ammoniaklosning-cas-1336-21-6\/#primaryimage"},"image":{"@id":"https:\/\/masterchem.fi\/sv\/produkt\/ammoniaklosning-cas-1336-21-6\/#primaryimage"},"thumbnailUrl":"https:\/\/masterchem.fi\/wp-content\/uploads\/2022\/05\/Ammoniakkiliuos-CAS-1336-21-6-1000l-MasterChem.jpg","datePublished":"2022-05-07T14:59:06+00:00","dateModified":"2022-05-07T15:06:45+00:00","description":"En ammoniakl\u00f6sning, \u00e4ven k\u00e4nd som ammoniakvatten, ammoniumhydroxid, ammoniaklut, ammoniaklut, vattenhaltig ammoniak, vattenhaltig ammoniak eller (felaktigt) ammoniak \u00e4r en l\u00f6sning av ammoniak i vatten.","breadcrumb":{"@id":"https:\/\/masterchem.fi\/sv\/produkt\/ammoniaklosning-cas-1336-21-6\/#breadcrumb"},"inLanguage":"sv-SE","potentialAction":[{"@type":"ReadAction","target":["https:\/\/masterchem.fi\/sv\/produkt\/ammoniaklosning-cas-1336-21-6\/"]}]},{"@type":"ImageObject","inLanguage":"sv-SE","@id":"https:\/\/masterchem.fi\/sv\/produkt\/ammoniaklosning-cas-1336-21-6\/#primaryimage","url":"https:\/\/masterchem.fi\/wp-content\/uploads\/2022\/05\/Ammoniakkiliuos-CAS-1336-21-6-1000l-MasterChem.jpg","contentUrl":"https:\/\/masterchem.fi\/wp-content\/uploads\/2022\/05\/Ammoniakkiliuos-CAS-1336-21-6-1000l-MasterChem.jpg","width":1000,"height":1000,"caption":"Ammoniakl\u00f6sning (CAS 1336-21-6) 1000l MaterChem"},{"@type":"BreadcrumbList","@id":"https:\/\/masterchem.fi\/sv\/produkt\/ammoniaklosning-cas-1336-21-6\/#breadcrumb","itemListElement":[{"@type":"ListItem","position":1,"name":"Home","item":"https:\/\/masterchem.fi\/sv\/"},{"@type":"ListItem","position":2,"name":"Butik","item":"https:\/\/masterchem.fi\/sv\/butik\/"},{"@type":"ListItem","position":3,"name":"Ammoniakl\u00f6sning (CAS 1336-21-6)"}]},{"@type":"WebSite","@id":"https:\/\/masterchem.fi\/sv\/#website","url":"https:\/\/masterchem.fi\/sv\/","name":"MasterChem | kemikaalien tuotanto ja myynti","description":"kemikaalien tuotanto ja myynti","potentialAction":[{"@type":"SearchAction","target":{"@type":"EntryPoint","urlTemplate":"https:\/\/masterchem.fi\/sv\/?s={search_term_string}"},"query-input":{"@type":"PropertyValueSpecification","valueRequired":true,"valueName":"search_term_string"}}],"inLanguage":"sv-SE"}]}},"_links":{"self":[{"href":"https:\/\/masterchem.fi\/sv\/wp-json\/wp\/v2\/product\/8656","targetHints":{"allow":["GET"]}}],"collection":[{"href":"https:\/\/masterchem.fi\/sv\/wp-json\/wp\/v2\/product"}],"about":[{"href":"https:\/\/masterchem.fi\/sv\/wp-json\/wp\/v2\/types\/product"}],"wp:featuredmedia":[{"embeddable":true,"href":"https:\/\/masterchem.fi\/sv\/wp-json\/wp\/v2\/media\/8680"}],"wp:attachment":[{"href":"https:\/\/masterchem.fi\/sv\/wp-json\/wp\/v2\/media?parent=8656"}],"wp:term":[{"taxonomy":"product_brand","embeddable":true,"href":"https:\/\/masterchem.fi\/sv\/wp-json\/wp\/v2\/product_brand?post=8656"},{"taxonomy":"product_cat","embeddable":true,"href":"https:\/\/masterchem.fi\/sv\/wp-json\/wp\/v2\/product_cat?post=8656"},{"taxonomy":"product_tag","embeddable":true,"href":"https:\/\/masterchem.fi\/sv\/wp-json\/wp\/v2\/product_tag?post=8656"}],"curies":[{"name":"wp","href":"https:\/\/api.w.org\/{rel}","templated":true}]}}