{"id":8698,"date":"2022-05-09T22:42:34","date_gmt":"2022-05-09T19:42:35","guid":{"rendered":"https:\/\/masterchem.fi\/?post_type=product&#038;p=8698"},"modified":"2022-05-09T22:49:53","modified_gmt":"2022-05-09T19:49:53","slug":"sulfonsyra-cas-5329-14-6","status":"publish","type":"product","link":"https:\/\/masterchem.fi\/sv\/produkt\/sulfonsyra-cas-5329-14-6\/","title":{"rendered":"Sulfonsyra (CAS 5329-14-6)"},"content":{"rendered":"<p> <strong> Information <\/strong> <\/p>\n<p> Branscher: Hush\u00e5llskemikalier, lim, oljor, fetter, hartser, plaster, polyuretaner <br \/>\nCAS-nummer: 5329-14-6 <br \/>\nWE-nummer: 226-218-8 <br \/>\nIndexnummer: 016-026-00-0 <br \/>\nKemisk formel: H2NSO3H <br \/>\nMolekylvikt: 97,09 g\/mol <br \/>\nTulltaxa: 28111980 <br \/>\nADR: UN2967 <\/p>\n<p> <strong> Andra fysiska egenskaper <\/strong> <\/p>\n<p> Sm\u00e4ltpunkt \/ fryspunkt: 205 \u00b0 C <br \/>\nRelativ densitet: 2,15 g\/cm3 (25 \u00b0C) <br \/>\nL\u00f6slighet i vatten: 181,4 g \/ l (20 \u00b0 C) <\/p>\n","protected":false},"excerpt":{"rendered":"<p> <strong> Sulfonsyra (CAS 5329-14-6) <\/strong> <\/p>\n<p>Sulfonsyra \u00e4r en flyktig syra med formeln H-S (= O) 2-OH. Sulfonsyran omvandlas snabbt till sin andra tautomer, den permanenta svavelsyran HO-S (=O) -OH. Organiska derivat av sulfonsyra i vilka svavlets v\u00e4teatom har ersatts med den organiska gruppen R \u00e4r stabila. Den allm\u00e4nna formeln f\u00f6r organiska sulfonsyror \u00e4r R-S (= O) 2-OH. Termen sulfonat anv\u00e4nds f\u00f6r sulfonsyraestrar, R-S (= O) 2-OR, och joner med den allm\u00e4nna strukturen R-S (= O) 2-O\u2212, d\u00e4r R \u00e4r en organisk grupp. <\/p>\n","protected":false},"featured_media":8718,"template":"","meta":[],"product_brand":[],"product_cat":[105,109,116],"product_tag":[],"class_list":{"0":"post-8698","1":"product","2":"type-product","3":"status-publish","4":"has-post-thumbnail","6":"product_cat-hushallskemikalier-sv","7":"product_cat-plast","8":"product_cat-alla-produkter","10":"first","11":"outofstock","12":"taxable","13":"shipping-taxable","14":"purchasable","15":"product-type-variable","16":"has-default-attributes","17":"rtwpvg-product"},"yoast_head":"<!-- This site is optimized with the Yoast SEO plugin v27.5 - https:\/\/yoast.com\/product\/yoast-seo-wordpress\/ -->\n<title>Sulfonsyra (CAS 5329-14-6) - MasterChem | kemikaalien tuotanto ja myynti<\/title>\n<meta name=\"description\" content=\"Sulfonsyran \u00e4r en flyktig syra med formeln H-S (= O) 2-OH. Sulfonsyran omvandlas snabbt till sin andra tautomer, den permanenta svavelsyran HO-S (=O) -OH.\" \/>\n<meta name=\"robots\" content=\"index, follow, max-snippet:-1, max-image-preview:large, max-video-preview:-1\" \/>\n<link rel=\"canonical\" href=\"https:\/\/masterchem.fi\/sv\/produkt\/sulfonsyra-cas-5329-14-6\/\" \/>\n<meta property=\"og:locale\" content=\"sv_SE\" \/>\n<meta property=\"og:type\" content=\"article\" \/>\n<meta property=\"og:title\" content=\"Sulfonsyra (CAS 5329-14-6) - MasterChem | kemikaalien tuotanto ja myynti\" \/>\n<meta property=\"og:description\" content=\"Sulfonsyran \u00e4r en flyktig syra med formeln H-S (= O) 2-OH. Sulfonsyran omvandlas snabbt till sin andra tautomer, den permanenta svavelsyran HO-S (=O) -OH.\" \/>\n<meta property=\"og:url\" content=\"https:\/\/masterchem.fi\/sv\/produkt\/sulfonsyra-cas-5329-14-6\/\" \/>\n<meta property=\"og:site_name\" content=\"MasterChem | kemikaalien tuotanto ja myynti\" \/>\n<meta property=\"article:modified_time\" content=\"2022-05-09T19:49:53+00:00\" \/>\n<meta property=\"og:image\" content=\"https:\/\/masterchem.fi\/wp-content\/uploads\/2022\/05\/Sulfonihappo-CAS-5329-14-6-1000l-MasterChem.jpg\" \/>\n\t<meta property=\"og:image:width\" content=\"1000\" \/>\n\t<meta property=\"og:image:height\" content=\"1000\" \/>\n\t<meta property=\"og:image:type\" content=\"image\/jpeg\" \/>\n<meta name=\"twitter:card\" content=\"summary_large_image\" \/>\n<script type=\"application\/ld+json\" class=\"yoast-schema-graph\">{\"@context\":\"https:\\\/\\\/schema.org\",\"@graph\":[{\"@type\":\"WebPage\",\"@id\":\"https:\\\/\\\/masterchem.fi\\\/sv\\\/produkt\\\/sulfonsyra-cas-5329-14-6\\\/\",\"url\":\"https:\\\/\\\/masterchem.fi\\\/sv\\\/produkt\\\/sulfonsyra-cas-5329-14-6\\\/\",\"name\":\"Sulfonsyra (CAS 5329-14-6) - MasterChem | kemikaalien tuotanto ja myynti\",\"isPartOf\":{\"@id\":\"https:\\\/\\\/masterchem.fi\\\/sv\\\/#website\"},\"primaryImageOfPage\":{\"@id\":\"https:\\\/\\\/masterchem.fi\\\/sv\\\/produkt\\\/sulfonsyra-cas-5329-14-6\\\/#primaryimage\"},\"image\":{\"@id\":\"https:\\\/\\\/masterchem.fi\\\/sv\\\/produkt\\\/sulfonsyra-cas-5329-14-6\\\/#primaryimage\"},\"thumbnailUrl\":\"https:\\\/\\\/masterchem.fi\\\/wp-content\\\/uploads\\\/2022\\\/05\\\/Sulfonihappo-CAS-5329-14-6-1000l-MasterChem.jpg\",\"datePublished\":\"2022-05-09T19:42:35+00:00\",\"dateModified\":\"2022-05-09T19:49:53+00:00\",\"description\":\"Sulfonsyran \u00e4r en flyktig syra med formeln H-S (= O) 2-OH. Sulfonsyran omvandlas snabbt till sin andra tautomer, den permanenta svavelsyran HO-S (=O) -OH.\",\"breadcrumb\":{\"@id\":\"https:\\\/\\\/masterchem.fi\\\/sv\\\/produkt\\\/sulfonsyra-cas-5329-14-6\\\/#breadcrumb\"},\"inLanguage\":\"sv-SE\",\"potentialAction\":[{\"@type\":\"ReadAction\",\"target\":[\"https:\\\/\\\/masterchem.fi\\\/sv\\\/produkt\\\/sulfonsyra-cas-5329-14-6\\\/\"]}]},{\"@type\":\"ImageObject\",\"inLanguage\":\"sv-SE\",\"@id\":\"https:\\\/\\\/masterchem.fi\\\/sv\\\/produkt\\\/sulfonsyra-cas-5329-14-6\\\/#primaryimage\",\"url\":\"https:\\\/\\\/masterchem.fi\\\/wp-content\\\/uploads\\\/2022\\\/05\\\/Sulfonihappo-CAS-5329-14-6-1000l-MasterChem.jpg\",\"contentUrl\":\"https:\\\/\\\/masterchem.fi\\\/wp-content\\\/uploads\\\/2022\\\/05\\\/Sulfonihappo-CAS-5329-14-6-1000l-MasterChem.jpg\",\"width\":1000,\"height\":1000,\"caption\":\"Sulfonsyra (CAS 5329-14-6) 1000l MaterChem\"},{\"@type\":\"BreadcrumbList\",\"@id\":\"https:\\\/\\\/masterchem.fi\\\/sv\\\/produkt\\\/sulfonsyra-cas-5329-14-6\\\/#breadcrumb\",\"itemListElement\":[{\"@type\":\"ListItem\",\"position\":1,\"name\":\"Home\",\"item\":\"https:\\\/\\\/masterchem.fi\\\/sv\\\/\"},{\"@type\":\"ListItem\",\"position\":2,\"name\":\"Butik\",\"item\":\"https:\\\/\\\/masterchem.fi\\\/sv\\\/butik\\\/\"},{\"@type\":\"ListItem\",\"position\":3,\"name\":\"Sulfonsyra (CAS 5329-14-6)\"}]},{\"@type\":\"WebSite\",\"@id\":\"https:\\\/\\\/masterchem.fi\\\/sv\\\/#website\",\"url\":\"https:\\\/\\\/masterchem.fi\\\/sv\\\/\",\"name\":\"MasterChem | kemikaalien tuotanto ja myynti\",\"description\":\"kemikaalien tuotanto ja myynti\",\"potentialAction\":[{\"@type\":\"SearchAction\",\"target\":{\"@type\":\"EntryPoint\",\"urlTemplate\":\"https:\\\/\\\/masterchem.fi\\\/sv\\\/?s={search_term_string}\"},\"query-input\":{\"@type\":\"PropertyValueSpecification\",\"valueRequired\":true,\"valueName\":\"search_term_string\"}}],\"inLanguage\":\"sv-SE\"}]}<\/script>\n<!-- \/ Yoast SEO plugin. -->","yoast_head_json":{"title":"Sulfonsyra (CAS 5329-14-6) - MasterChem | kemikaalien tuotanto ja myynti","description":"Sulfonsyran \u00e4r en flyktig syra med formeln H-S (= O) 2-OH. Sulfonsyran omvandlas snabbt till sin andra tautomer, den permanenta svavelsyran HO-S (=O) -OH.","robots":{"index":"index","follow":"follow","max-snippet":"max-snippet:-1","max-image-preview":"max-image-preview:large","max-video-preview":"max-video-preview:-1"},"canonical":"https:\/\/masterchem.fi\/sv\/produkt\/sulfonsyra-cas-5329-14-6\/","og_locale":"sv_SE","og_type":"article","og_title":"Sulfonsyra (CAS 5329-14-6) - MasterChem | kemikaalien tuotanto ja myynti","og_description":"Sulfonsyran \u00e4r en flyktig syra med formeln H-S (= O) 2-OH. Sulfonsyran omvandlas snabbt till sin andra tautomer, den permanenta svavelsyran HO-S (=O) -OH.","og_url":"https:\/\/masterchem.fi\/sv\/produkt\/sulfonsyra-cas-5329-14-6\/","og_site_name":"MasterChem | kemikaalien tuotanto ja myynti","article_modified_time":"2022-05-09T19:49:53+00:00","og_image":[{"width":1000,"height":1000,"url":"https:\/\/masterchem.fi\/wp-content\/uploads\/2022\/05\/Sulfonihappo-CAS-5329-14-6-1000l-MasterChem.jpg","type":"image\/jpeg"}],"twitter_card":"summary_large_image","schema":{"@context":"https:\/\/schema.org","@graph":[{"@type":"WebPage","@id":"https:\/\/masterchem.fi\/sv\/produkt\/sulfonsyra-cas-5329-14-6\/","url":"https:\/\/masterchem.fi\/sv\/produkt\/sulfonsyra-cas-5329-14-6\/","name":"Sulfonsyra (CAS 5329-14-6) - MasterChem | kemikaalien tuotanto ja myynti","isPartOf":{"@id":"https:\/\/masterchem.fi\/sv\/#website"},"primaryImageOfPage":{"@id":"https:\/\/masterchem.fi\/sv\/produkt\/sulfonsyra-cas-5329-14-6\/#primaryimage"},"image":{"@id":"https:\/\/masterchem.fi\/sv\/produkt\/sulfonsyra-cas-5329-14-6\/#primaryimage"},"thumbnailUrl":"https:\/\/masterchem.fi\/wp-content\/uploads\/2022\/05\/Sulfonihappo-CAS-5329-14-6-1000l-MasterChem.jpg","datePublished":"2022-05-09T19:42:35+00:00","dateModified":"2022-05-09T19:49:53+00:00","description":"Sulfonsyran \u00e4r en flyktig syra med formeln H-S (= O) 2-OH. Sulfonsyran omvandlas snabbt till sin andra tautomer, den permanenta svavelsyran HO-S (=O) -OH.","breadcrumb":{"@id":"https:\/\/masterchem.fi\/sv\/produkt\/sulfonsyra-cas-5329-14-6\/#breadcrumb"},"inLanguage":"sv-SE","potentialAction":[{"@type":"ReadAction","target":["https:\/\/masterchem.fi\/sv\/produkt\/sulfonsyra-cas-5329-14-6\/"]}]},{"@type":"ImageObject","inLanguage":"sv-SE","@id":"https:\/\/masterchem.fi\/sv\/produkt\/sulfonsyra-cas-5329-14-6\/#primaryimage","url":"https:\/\/masterchem.fi\/wp-content\/uploads\/2022\/05\/Sulfonihappo-CAS-5329-14-6-1000l-MasterChem.jpg","contentUrl":"https:\/\/masterchem.fi\/wp-content\/uploads\/2022\/05\/Sulfonihappo-CAS-5329-14-6-1000l-MasterChem.jpg","width":1000,"height":1000,"caption":"Sulfonsyra (CAS 5329-14-6) 1000l MaterChem"},{"@type":"BreadcrumbList","@id":"https:\/\/masterchem.fi\/sv\/produkt\/sulfonsyra-cas-5329-14-6\/#breadcrumb","itemListElement":[{"@type":"ListItem","position":1,"name":"Home","item":"https:\/\/masterchem.fi\/sv\/"},{"@type":"ListItem","position":2,"name":"Butik","item":"https:\/\/masterchem.fi\/sv\/butik\/"},{"@type":"ListItem","position":3,"name":"Sulfonsyra (CAS 5329-14-6)"}]},{"@type":"WebSite","@id":"https:\/\/masterchem.fi\/sv\/#website","url":"https:\/\/masterchem.fi\/sv\/","name":"MasterChem | kemikaalien tuotanto ja myynti","description":"kemikaalien tuotanto ja myynti","potentialAction":[{"@type":"SearchAction","target":{"@type":"EntryPoint","urlTemplate":"https:\/\/masterchem.fi\/sv\/?s={search_term_string}"},"query-input":{"@type":"PropertyValueSpecification","valueRequired":true,"valueName":"search_term_string"}}],"inLanguage":"sv-SE"}]}},"_links":{"self":[{"href":"https:\/\/masterchem.fi\/sv\/wp-json\/wp\/v2\/product\/8698","targetHints":{"allow":["GET"]}}],"collection":[{"href":"https:\/\/masterchem.fi\/sv\/wp-json\/wp\/v2\/product"}],"about":[{"href":"https:\/\/masterchem.fi\/sv\/wp-json\/wp\/v2\/types\/product"}],"wp:featuredmedia":[{"embeddable":true,"href":"https:\/\/masterchem.fi\/sv\/wp-json\/wp\/v2\/media\/8718"}],"wp:attachment":[{"href":"https:\/\/masterchem.fi\/sv\/wp-json\/wp\/v2\/media?parent=8698"}],"wp:term":[{"taxonomy":"product_brand","embeddable":true,"href":"https:\/\/masterchem.fi\/sv\/wp-json\/wp\/v2\/product_brand?post=8698"},{"taxonomy":"product_cat","embeddable":true,"href":"https:\/\/masterchem.fi\/sv\/wp-json\/wp\/v2\/product_cat?post=8698"},{"taxonomy":"product_tag","embeddable":true,"href":"https:\/\/masterchem.fi\/sv\/wp-json\/wp\/v2\/product_tag?post=8698"}],"curies":[{"name":"wp","href":"https:\/\/api.w.org\/{rel}","templated":true}]}}