{"id":8746,"date":"2022-05-10T09:20:53","date_gmt":"2022-05-10T06:20:54","guid":{"rendered":"https:\/\/masterchem.fi\/?post_type=product&#038;p=8746"},"modified":"2022-05-10T09:29:22","modified_gmt":"2022-05-10T06:29:22","slug":"silikonolja-cas-63148-62-9","status":"publish","type":"product","link":"https:\/\/masterchem.fi\/sv\/produkt\/silikonolja-cas-63148-62-9\/","title":{"rendered":"Silikonolja (CAS 63148-62-9)"},"content":{"rendered":"<p> <strong> Information <\/strong> <\/p>\n<p> Branscher: hush\u00e5llskemikalier, byggkemikalier <\/p>\n<p> CAS-nummer: 63148-62-9 <br \/>\nKemisk formel: (C2H6OSi) N <\/p>\n","protected":false},"excerpt":{"rendered":"<p> <strong> Silikonolja (CAS 63148-62-9) <\/strong> <\/p>\n<p> Silikonolja \u00e4r vilken flytande polymeriserad siloxan som helst med organiska sidokedjor. Huvud\u00e4mnet \u00e4r polydimetylsiloxan. Dessa polymerer \u00e4r av kommersiellt intresse p\u00e5 grund av deras relativt h\u00f6ga termiska stabilitet och sm\u00f6rjande egenskaper. <\/p>\n<p> Silikonoljor anv\u00e4nds fr\u00e4mst som sm\u00f6rjmedel, termiska oljor eller hydraulv\u00e4tskor. De \u00e4r utm\u00e4rkta elektriska isolatorer och, till skillnad fr\u00e5n kolanaloger, \u00e4r de obr\u00e4nnbara. Deras temperaturstabilitet och goda v\u00e4rme\u00f6verf\u00f6ringsegenskaper g\u00f6r att de anv\u00e4nds i stor utstr\u00e4ckning i uppv\u00e4rmningslaboratorier f\u00f6r bad (&#8220;oljebad&#8221;) placerade ovanp\u00e5 v\u00e4rmepl\u00e5tsblandare, och som kylmedel i frystorkar. Silikonolja anv\u00e4nds ocks\u00e5 ofta som arbetsv\u00e4tska i instrumentbr\u00e4dor, v\u00e5ta transformatorer, diffusionspumpar och oljefyllda v\u00e4rmare. Flygtill\u00e4mpningar inkluderar den externa kylslingan av den internationella rymdstationens Zvezda-modul och radiatorer som avleder v\u00e4rme i ett vakuum. <\/p>\n<p> Den kvalitet av silikonolja som kallas cyklosiloxaner har m\u00e5nga av samma egenskaper som andra icke-cykliska siloxanv\u00e4tskor, men den har ocks\u00e5 en relativt h\u00f6g flyktighet, vilket g\u00f6r den anv\u00e4ndbar i m\u00e5nga kosmetiska produkter, s\u00e5som antiperspirant. <\/p>\n<p> Vissa silikonoljor, som simetikon, \u00e4r kraftfulla antiskum p\u00e5 grund av sin l\u00e5ga ytsp\u00e4nning. De anv\u00e4nds i industriella till\u00e4mpningar som destillation eller j\u00e4sning d\u00e4r alltf\u00f6r stora m\u00e4ngder skum kan vara problematiska. De tills\u00e4tts ibland till matolja f\u00f6r att f\u00f6rhindra \u00f6verdriven skumning under fritering. Silikonoljor som anv\u00e4nds som sm\u00f6rjmedel kan vara oavsiktliga antiskummedel (f\u00f6roreningar) i processer d\u00e4r skum \u00f6nskas, s\u00e5som vid tillverkning av polyuretanskum. <\/p>\n<p>Silikonolja \u00e4r ocks\u00e5 en av de tv\u00e5 huvudingredienserna i Silly Putty med borsyra. <\/p>\n","protected":false},"featured_media":8770,"template":"","meta":[],"product_brand":[],"product_cat":[112,116,105],"product_tag":[],"class_list":{"0":"post-8746","1":"product","2":"type-product","3":"status-publish","4":"has-post-thumbnail","6":"product_cat-byggbranschen","7":"product_cat-alla-produkter","8":"product_cat-hushallskemikalier-sv","10":"first","11":"instock","12":"taxable","13":"shipping-taxable","14":"purchasable","15":"product-type-variable","16":"has-default-attributes","17":"rtwpvg-product"},"yoast_head":"<!-- This site is optimized with the Yoast SEO plugin v27.2 - https:\/\/yoast.com\/product\/yoast-seo-wordpress\/ -->\n<title>Silikonolja (CAS 63148-62-9) - MasterChem | kemikaalien tuotanto ja myynti<\/title>\n<meta name=\"description\" content=\"Silikonolja \u00e4r vilken flytande polymeriserad siloxan som helst med organiska sidokedjor. Huvud\u00e4mnet \u00e4r polydimetylsiloxan.\" \/>\n<meta name=\"robots\" content=\"index, follow, max-snippet:-1, max-image-preview:large, max-video-preview:-1\" \/>\n<link rel=\"canonical\" href=\"https:\/\/masterchem.fi\/sv\/produkt\/silikonolja-cas-63148-62-9\/\" \/>\n<meta property=\"og:locale\" content=\"sv_SE\" \/>\n<meta property=\"og:type\" content=\"article\" \/>\n<meta property=\"og:title\" content=\"Silikonolja (CAS 63148-62-9) - MasterChem | kemikaalien tuotanto ja myynti\" \/>\n<meta property=\"og:description\" content=\"Silikonolja \u00e4r vilken flytande polymeriserad siloxan som helst med organiska sidokedjor. Huvud\u00e4mnet \u00e4r polydimetylsiloxan.\" \/>\n<meta property=\"og:url\" content=\"https:\/\/masterchem.fi\/sv\/produkt\/silikonolja-cas-63148-62-9\/\" \/>\n<meta property=\"og:site_name\" content=\"MasterChem | kemikaalien tuotanto ja myynti\" \/>\n<meta property=\"article:modified_time\" content=\"2022-05-10T06:29:22+00:00\" \/>\n<meta property=\"og:image\" content=\"https:\/\/masterchem.fi\/wp-content\/uploads\/2022\/05\/Silikonioljy-CAS-63148-62-9-1000l-MaterChem.jpg\" \/>\n\t<meta property=\"og:image:width\" content=\"1000\" \/>\n\t<meta property=\"og:image:height\" content=\"1000\" \/>\n\t<meta property=\"og:image:type\" content=\"image\/jpeg\" \/>\n<meta name=\"twitter:card\" content=\"summary_large_image\" \/>\n<script type=\"application\/ld+json\" class=\"yoast-schema-graph\">{\"@context\":\"https:\/\/schema.org\",\"@graph\":[{\"@type\":\"WebPage\",\"@id\":\"https:\/\/masterchem.fi\/sv\/produkt\/silikonolja-cas-63148-62-9\/\",\"url\":\"https:\/\/masterchem.fi\/sv\/produkt\/silikonolja-cas-63148-62-9\/\",\"name\":\"Silikonolja (CAS 63148-62-9) - MasterChem | kemikaalien tuotanto ja myynti\",\"isPartOf\":{\"@id\":\"https:\/\/masterchem.fi\/sv\/#website\"},\"primaryImageOfPage\":{\"@id\":\"https:\/\/masterchem.fi\/sv\/produkt\/silikonolja-cas-63148-62-9\/#primaryimage\"},\"image\":{\"@id\":\"https:\/\/masterchem.fi\/sv\/produkt\/silikonolja-cas-63148-62-9\/#primaryimage\"},\"thumbnailUrl\":\"https:\/\/masterchem.fi\/wp-content\/uploads\/2022\/05\/Silikonioljy-CAS-63148-62-9-1000l-MaterChem.jpg\",\"datePublished\":\"2022-05-10T06:20:54+00:00\",\"dateModified\":\"2022-05-10T06:29:22+00:00\",\"description\":\"Silikonolja \u00e4r vilken flytande polymeriserad siloxan som helst med organiska sidokedjor. Huvud\u00e4mnet \u00e4r polydimetylsiloxan.\",\"breadcrumb\":{\"@id\":\"https:\/\/masterchem.fi\/sv\/produkt\/silikonolja-cas-63148-62-9\/#breadcrumb\"},\"inLanguage\":\"sv-SE\",\"potentialAction\":[{\"@type\":\"ReadAction\",\"target\":[\"https:\/\/masterchem.fi\/sv\/produkt\/silikonolja-cas-63148-62-9\/\"]}]},{\"@type\":\"ImageObject\",\"inLanguage\":\"sv-SE\",\"@id\":\"https:\/\/masterchem.fi\/sv\/produkt\/silikonolja-cas-63148-62-9\/#primaryimage\",\"url\":\"https:\/\/masterchem.fi\/wp-content\/uploads\/2022\/05\/Silikonioljy-CAS-63148-62-9-1000l-MaterChem.jpg\",\"contentUrl\":\"https:\/\/masterchem.fi\/wp-content\/uploads\/2022\/05\/Silikonioljy-CAS-63148-62-9-1000l-MaterChem.jpg\",\"width\":1000,\"height\":1000,\"caption\":\"Silikonolja (CAS 63148-62-9) 1000l MaterChem\"},{\"@type\":\"BreadcrumbList\",\"@id\":\"https:\/\/masterchem.fi\/sv\/produkt\/silikonolja-cas-63148-62-9\/#breadcrumb\",\"itemListElement\":[{\"@type\":\"ListItem\",\"position\":1,\"name\":\"Home\",\"item\":\"https:\/\/masterchem.fi\/sv\/\"},{\"@type\":\"ListItem\",\"position\":2,\"name\":\"Butik\",\"item\":\"https:\/\/masterchem.fi\/sv\/butik\/\"},{\"@type\":\"ListItem\",\"position\":3,\"name\":\"Silikonolja (CAS 63148-62-9)\"}]},{\"@type\":\"WebSite\",\"@id\":\"https:\/\/masterchem.fi\/sv\/#website\",\"url\":\"https:\/\/masterchem.fi\/sv\/\",\"name\":\"MasterChem | kemikaalien tuotanto ja myynti\",\"description\":\"kemikaalien tuotanto ja myynti\",\"potentialAction\":[{\"@type\":\"SearchAction\",\"target\":{\"@type\":\"EntryPoint\",\"urlTemplate\":\"https:\/\/masterchem.fi\/sv\/?s={search_term_string}\"},\"query-input\":{\"@type\":\"PropertyValueSpecification\",\"valueRequired\":true,\"valueName\":\"search_term_string\"}}],\"inLanguage\":\"sv-SE\"}]}<\/script>\n<!-- \/ Yoast SEO plugin. -->","yoast_head_json":{"title":"Silikonolja (CAS 63148-62-9) - MasterChem | kemikaalien tuotanto ja myynti","description":"Silikonolja \u00e4r vilken flytande polymeriserad siloxan som helst med organiska sidokedjor. Huvud\u00e4mnet \u00e4r polydimetylsiloxan.","robots":{"index":"index","follow":"follow","max-snippet":"max-snippet:-1","max-image-preview":"max-image-preview:large","max-video-preview":"max-video-preview:-1"},"canonical":"https:\/\/masterchem.fi\/sv\/produkt\/silikonolja-cas-63148-62-9\/","og_locale":"sv_SE","og_type":"article","og_title":"Silikonolja (CAS 63148-62-9) - MasterChem | kemikaalien tuotanto ja myynti","og_description":"Silikonolja \u00e4r vilken flytande polymeriserad siloxan som helst med organiska sidokedjor. Huvud\u00e4mnet \u00e4r polydimetylsiloxan.","og_url":"https:\/\/masterchem.fi\/sv\/produkt\/silikonolja-cas-63148-62-9\/","og_site_name":"MasterChem | kemikaalien tuotanto ja myynti","article_modified_time":"2022-05-10T06:29:22+00:00","og_image":[{"width":1000,"height":1000,"url":"https:\/\/masterchem.fi\/wp-content\/uploads\/2022\/05\/Silikonioljy-CAS-63148-62-9-1000l-MaterChem.jpg","type":"image\/jpeg"}],"twitter_card":"summary_large_image","schema":{"@context":"https:\/\/schema.org","@graph":[{"@type":"WebPage","@id":"https:\/\/masterchem.fi\/sv\/produkt\/silikonolja-cas-63148-62-9\/","url":"https:\/\/masterchem.fi\/sv\/produkt\/silikonolja-cas-63148-62-9\/","name":"Silikonolja (CAS 63148-62-9) - MasterChem | kemikaalien tuotanto ja myynti","isPartOf":{"@id":"https:\/\/masterchem.fi\/sv\/#website"},"primaryImageOfPage":{"@id":"https:\/\/masterchem.fi\/sv\/produkt\/silikonolja-cas-63148-62-9\/#primaryimage"},"image":{"@id":"https:\/\/masterchem.fi\/sv\/produkt\/silikonolja-cas-63148-62-9\/#primaryimage"},"thumbnailUrl":"https:\/\/masterchem.fi\/wp-content\/uploads\/2022\/05\/Silikonioljy-CAS-63148-62-9-1000l-MaterChem.jpg","datePublished":"2022-05-10T06:20:54+00:00","dateModified":"2022-05-10T06:29:22+00:00","description":"Silikonolja \u00e4r vilken flytande polymeriserad siloxan som helst med organiska sidokedjor. Huvud\u00e4mnet \u00e4r polydimetylsiloxan.","breadcrumb":{"@id":"https:\/\/masterchem.fi\/sv\/produkt\/silikonolja-cas-63148-62-9\/#breadcrumb"},"inLanguage":"sv-SE","potentialAction":[{"@type":"ReadAction","target":["https:\/\/masterchem.fi\/sv\/produkt\/silikonolja-cas-63148-62-9\/"]}]},{"@type":"ImageObject","inLanguage":"sv-SE","@id":"https:\/\/masterchem.fi\/sv\/produkt\/silikonolja-cas-63148-62-9\/#primaryimage","url":"https:\/\/masterchem.fi\/wp-content\/uploads\/2022\/05\/Silikonioljy-CAS-63148-62-9-1000l-MaterChem.jpg","contentUrl":"https:\/\/masterchem.fi\/wp-content\/uploads\/2022\/05\/Silikonioljy-CAS-63148-62-9-1000l-MaterChem.jpg","width":1000,"height":1000,"caption":"Silikonolja (CAS 63148-62-9) 1000l MaterChem"},{"@type":"BreadcrumbList","@id":"https:\/\/masterchem.fi\/sv\/produkt\/silikonolja-cas-63148-62-9\/#breadcrumb","itemListElement":[{"@type":"ListItem","position":1,"name":"Home","item":"https:\/\/masterchem.fi\/sv\/"},{"@type":"ListItem","position":2,"name":"Butik","item":"https:\/\/masterchem.fi\/sv\/butik\/"},{"@type":"ListItem","position":3,"name":"Silikonolja (CAS 63148-62-9)"}]},{"@type":"WebSite","@id":"https:\/\/masterchem.fi\/sv\/#website","url":"https:\/\/masterchem.fi\/sv\/","name":"MasterChem | kemikaalien tuotanto ja myynti","description":"kemikaalien tuotanto ja myynti","potentialAction":[{"@type":"SearchAction","target":{"@type":"EntryPoint","urlTemplate":"https:\/\/masterchem.fi\/sv\/?s={search_term_string}"},"query-input":{"@type":"PropertyValueSpecification","valueRequired":true,"valueName":"search_term_string"}}],"inLanguage":"sv-SE"}]}},"_links":{"self":[{"href":"https:\/\/masterchem.fi\/sv\/wp-json\/wp\/v2\/product\/8746","targetHints":{"allow":["GET"]}}],"collection":[{"href":"https:\/\/masterchem.fi\/sv\/wp-json\/wp\/v2\/product"}],"about":[{"href":"https:\/\/masterchem.fi\/sv\/wp-json\/wp\/v2\/types\/product"}],"wp:featuredmedia":[{"embeddable":true,"href":"https:\/\/masterchem.fi\/sv\/wp-json\/wp\/v2\/media\/8770"}],"wp:attachment":[{"href":"https:\/\/masterchem.fi\/sv\/wp-json\/wp\/v2\/media?parent=8746"}],"wp:term":[{"taxonomy":"product_brand","embeddable":true,"href":"https:\/\/masterchem.fi\/sv\/wp-json\/wp\/v2\/product_brand?post=8746"},{"taxonomy":"product_cat","embeddable":true,"href":"https:\/\/masterchem.fi\/sv\/wp-json\/wp\/v2\/product_cat?post=8746"},{"taxonomy":"product_tag","embeddable":true,"href":"https:\/\/masterchem.fi\/sv\/wp-json\/wp\/v2\/product_tag?post=8746"}],"curies":[{"name":"wp","href":"https:\/\/api.w.org\/{rel}","templated":true}]}}