{"id":8782,"date":"2022-05-10T09:32:21","date_gmt":"2022-05-10T06:32:22","guid":{"rendered":"https:\/\/masterchem.fi\/?post_type=product&#038;p=8782"},"modified":"2022-05-10T09:37:24","modified_gmt":"2022-05-10T06:37:24","slug":"paraffin-granulat-paneler-cas-8002-74-2","status":"publish","type":"product","link":"https:\/\/masterchem.fi\/sv\/produkt\/paraffin-granulat-paneler-cas-8002-74-2\/","title":{"rendered":"Paraffin (granulat, paneler) (CAS 8002-74-2)"},"content":{"rendered":"<p> <strong> Information <\/strong> <\/p>\n<p> Branscher: hush\u00e5llskemikalier, g\u00f6dningsmedel, kosmetika, lim, oljor, fetter, l\u00e4kemedel, byggkemikalier <br \/>\nCAS-nummer: 8002-74-2 <br \/>\nWE-nummer: 232-315-6 <br \/>\nTaxa: 2712 <\/p>\n","protected":false},"excerpt":{"rendered":"<p> <strong> Paraffin (granulat, paneler) (CAS 8002-74-2) <\/strong> <\/p>\n<p>\nParaffin \u00e4r en blandning av linj\u00e4ra kolv\u00e4ten med minst 20 kol (C20H42). Det \u00e4r ett vaxartat, f\u00e4rgl\u00f6st och luktfritt genomskinligt \u00e4mne. Paraffin separeras fr\u00e5n de bottnar som blir \u00f6ver fr\u00e5n destillationen av petroleum. Termen paraffin anv\u00e4nds ocks\u00e5 ofta som ett tekniskt namn f\u00f6r linj\u00e4ra m\u00e4ttade kolv\u00e4ten, medan grenade kolv\u00e4ten \u00e4r isoparaffiner och om\u00e4ttade olefiner. <\/p>\n","protected":false},"featured_media":8786,"template":"","meta":[],"product_brand":[],"product_cat":[173,177,105,106,112,116],"product_tag":[],"class_list":{"0":"post-8782","1":"product","2":"type-product","3":"status-publish","4":"has-post-thumbnail","6":"product_cat-godselmedel","7":"product_cat-kosmetikindustrin","8":"product_cat-hushallskemikalier-sv","9":"product_cat-lakemedelsindustri","10":"product_cat-byggbranschen","11":"product_cat-alla-produkter","13":"first","14":"outofstock","15":"taxable","16":"shipping-taxable","17":"purchasable","18":"product-type-variable","19":"has-default-attributes","20":"rtwpvg-product"},"yoast_head":"<!-- This site is optimized with the Yoast SEO plugin v27.2 - https:\/\/yoast.com\/product\/yoast-seo-wordpress\/ -->\n<title>Paraffin (granulat, paneler) (CAS 8002-74-2) - MasterChem | kemikaalien tuotanto ja myynti<\/title>\n<meta name=\"description\" content=\"Paraffin \u00e4r en blandning av linj\u00e4ra kolv\u00e4ten med minst 20 kol (C20H42). Det \u00e4r ett vaxartat, f\u00e4rgl\u00f6st och luktfritt genomskinligt \u00e4mne.\" \/>\n<meta name=\"robots\" content=\"index, follow, max-snippet:-1, max-image-preview:large, max-video-preview:-1\" \/>\n<link rel=\"canonical\" href=\"https:\/\/masterchem.fi\/sv\/produkt\/paraffin-granulat-paneler-cas-8002-74-2\/\" \/>\n<meta property=\"og:locale\" content=\"sv_SE\" \/>\n<meta property=\"og:type\" content=\"article\" \/>\n<meta property=\"og:title\" content=\"Paraffin (granulat, paneler) (CAS 8002-74-2) - MasterChem | kemikaalien tuotanto ja myynti\" \/>\n<meta property=\"og:description\" content=\"Paraffin \u00e4r en blandning av linj\u00e4ra kolv\u00e4ten med minst 20 kol (C20H42). Det \u00e4r ett vaxartat, f\u00e4rgl\u00f6st och luktfritt genomskinligt \u00e4mne.\" \/>\n<meta property=\"og:url\" content=\"https:\/\/masterchem.fi\/sv\/produkt\/paraffin-granulat-paneler-cas-8002-74-2\/\" \/>\n<meta property=\"og:site_name\" content=\"MasterChem | kemikaalien tuotanto ja myynti\" \/>\n<meta property=\"article:modified_time\" content=\"2022-05-10T06:37:24+00:00\" \/>\n<meta property=\"og:image\" content=\"https:\/\/masterchem.fi\/wp-content\/uploads\/2022\/05\/Parafiini-rakeinenpaneelit-CAS-8002-74-2-25kg-MasterChem.jpg\" \/>\n\t<meta property=\"og:image:width\" content=\"1000\" \/>\n\t<meta property=\"og:image:height\" content=\"1000\" \/>\n\t<meta property=\"og:image:type\" content=\"image\/jpeg\" \/>\n<meta name=\"twitter:card\" content=\"summary_large_image\" \/>\n<script type=\"application\/ld+json\" class=\"yoast-schema-graph\">{\"@context\":\"https:\/\/schema.org\",\"@graph\":[{\"@type\":\"WebPage\",\"@id\":\"https:\/\/masterchem.fi\/sv\/produkt\/paraffin-granulat-paneler-cas-8002-74-2\/\",\"url\":\"https:\/\/masterchem.fi\/sv\/produkt\/paraffin-granulat-paneler-cas-8002-74-2\/\",\"name\":\"Paraffin (granulat, paneler) (CAS 8002-74-2) - MasterChem | kemikaalien tuotanto ja myynti\",\"isPartOf\":{\"@id\":\"https:\/\/masterchem.fi\/sv\/#website\"},\"primaryImageOfPage\":{\"@id\":\"https:\/\/masterchem.fi\/sv\/produkt\/paraffin-granulat-paneler-cas-8002-74-2\/#primaryimage\"},\"image\":{\"@id\":\"https:\/\/masterchem.fi\/sv\/produkt\/paraffin-granulat-paneler-cas-8002-74-2\/#primaryimage\"},\"thumbnailUrl\":\"https:\/\/masterchem.fi\/wp-content\/uploads\/2022\/05\/Parafiini-rakeinenpaneelit-CAS-8002-74-2-25kg-MasterChem.jpg\",\"datePublished\":\"2022-05-10T06:32:22+00:00\",\"dateModified\":\"2022-05-10T06:37:24+00:00\",\"description\":\"Paraffin \u00e4r en blandning av linj\u00e4ra kolv\u00e4ten med minst 20 kol (C20H42). Det \u00e4r ett vaxartat, f\u00e4rgl\u00f6st och luktfritt genomskinligt \u00e4mne.\",\"breadcrumb\":{\"@id\":\"https:\/\/masterchem.fi\/sv\/produkt\/paraffin-granulat-paneler-cas-8002-74-2\/#breadcrumb\"},\"inLanguage\":\"sv-SE\",\"potentialAction\":[{\"@type\":\"ReadAction\",\"target\":[\"https:\/\/masterchem.fi\/sv\/produkt\/paraffin-granulat-paneler-cas-8002-74-2\/\"]}]},{\"@type\":\"ImageObject\",\"inLanguage\":\"sv-SE\",\"@id\":\"https:\/\/masterchem.fi\/sv\/produkt\/paraffin-granulat-paneler-cas-8002-74-2\/#primaryimage\",\"url\":\"https:\/\/masterchem.fi\/wp-content\/uploads\/2022\/05\/Parafiini-rakeinenpaneelit-CAS-8002-74-2-25kg-MasterChem.jpg\",\"contentUrl\":\"https:\/\/masterchem.fi\/wp-content\/uploads\/2022\/05\/Parafiini-rakeinenpaneelit-CAS-8002-74-2-25kg-MasterChem.jpg\",\"width\":1000,\"height\":1000,\"caption\":\"Paraffin (granulat, paneler) (CAS 8002-74-2) 25kg MasterChem\"},{\"@type\":\"BreadcrumbList\",\"@id\":\"https:\/\/masterchem.fi\/sv\/produkt\/paraffin-granulat-paneler-cas-8002-74-2\/#breadcrumb\",\"itemListElement\":[{\"@type\":\"ListItem\",\"position\":1,\"name\":\"Home\",\"item\":\"https:\/\/masterchem.fi\/sv\/\"},{\"@type\":\"ListItem\",\"position\":2,\"name\":\"Butik\",\"item\":\"https:\/\/masterchem.fi\/sv\/butik\/\"},{\"@type\":\"ListItem\",\"position\":3,\"name\":\"Paraffin (granulat, paneler) (CAS 8002-74-2)\"}]},{\"@type\":\"WebSite\",\"@id\":\"https:\/\/masterchem.fi\/sv\/#website\",\"url\":\"https:\/\/masterchem.fi\/sv\/\",\"name\":\"MasterChem | kemikaalien tuotanto ja myynti\",\"description\":\"kemikaalien tuotanto ja myynti\",\"potentialAction\":[{\"@type\":\"SearchAction\",\"target\":{\"@type\":\"EntryPoint\",\"urlTemplate\":\"https:\/\/masterchem.fi\/sv\/?s={search_term_string}\"},\"query-input\":{\"@type\":\"PropertyValueSpecification\",\"valueRequired\":true,\"valueName\":\"search_term_string\"}}],\"inLanguage\":\"sv-SE\"}]}<\/script>\n<!-- \/ Yoast SEO plugin. -->","yoast_head_json":{"title":"Paraffin (granulat, paneler) (CAS 8002-74-2) - MasterChem | kemikaalien tuotanto ja myynti","description":"Paraffin \u00e4r en blandning av linj\u00e4ra kolv\u00e4ten med minst 20 kol (C20H42). Det \u00e4r ett vaxartat, f\u00e4rgl\u00f6st och luktfritt genomskinligt \u00e4mne.","robots":{"index":"index","follow":"follow","max-snippet":"max-snippet:-1","max-image-preview":"max-image-preview:large","max-video-preview":"max-video-preview:-1"},"canonical":"https:\/\/masterchem.fi\/sv\/produkt\/paraffin-granulat-paneler-cas-8002-74-2\/","og_locale":"sv_SE","og_type":"article","og_title":"Paraffin (granulat, paneler) (CAS 8002-74-2) - MasterChem | kemikaalien tuotanto ja myynti","og_description":"Paraffin \u00e4r en blandning av linj\u00e4ra kolv\u00e4ten med minst 20 kol (C20H42). Det \u00e4r ett vaxartat, f\u00e4rgl\u00f6st och luktfritt genomskinligt \u00e4mne.","og_url":"https:\/\/masterchem.fi\/sv\/produkt\/paraffin-granulat-paneler-cas-8002-74-2\/","og_site_name":"MasterChem | kemikaalien tuotanto ja myynti","article_modified_time":"2022-05-10T06:37:24+00:00","og_image":[{"width":1000,"height":1000,"url":"https:\/\/masterchem.fi\/wp-content\/uploads\/2022\/05\/Parafiini-rakeinenpaneelit-CAS-8002-74-2-25kg-MasterChem.jpg","type":"image\/jpeg"}],"twitter_card":"summary_large_image","schema":{"@context":"https:\/\/schema.org","@graph":[{"@type":"WebPage","@id":"https:\/\/masterchem.fi\/sv\/produkt\/paraffin-granulat-paneler-cas-8002-74-2\/","url":"https:\/\/masterchem.fi\/sv\/produkt\/paraffin-granulat-paneler-cas-8002-74-2\/","name":"Paraffin (granulat, paneler) (CAS 8002-74-2) - MasterChem | kemikaalien tuotanto ja myynti","isPartOf":{"@id":"https:\/\/masterchem.fi\/sv\/#website"},"primaryImageOfPage":{"@id":"https:\/\/masterchem.fi\/sv\/produkt\/paraffin-granulat-paneler-cas-8002-74-2\/#primaryimage"},"image":{"@id":"https:\/\/masterchem.fi\/sv\/produkt\/paraffin-granulat-paneler-cas-8002-74-2\/#primaryimage"},"thumbnailUrl":"https:\/\/masterchem.fi\/wp-content\/uploads\/2022\/05\/Parafiini-rakeinenpaneelit-CAS-8002-74-2-25kg-MasterChem.jpg","datePublished":"2022-05-10T06:32:22+00:00","dateModified":"2022-05-10T06:37:24+00:00","description":"Paraffin \u00e4r en blandning av linj\u00e4ra kolv\u00e4ten med minst 20 kol (C20H42). Det \u00e4r ett vaxartat, f\u00e4rgl\u00f6st och luktfritt genomskinligt \u00e4mne.","breadcrumb":{"@id":"https:\/\/masterchem.fi\/sv\/produkt\/paraffin-granulat-paneler-cas-8002-74-2\/#breadcrumb"},"inLanguage":"sv-SE","potentialAction":[{"@type":"ReadAction","target":["https:\/\/masterchem.fi\/sv\/produkt\/paraffin-granulat-paneler-cas-8002-74-2\/"]}]},{"@type":"ImageObject","inLanguage":"sv-SE","@id":"https:\/\/masterchem.fi\/sv\/produkt\/paraffin-granulat-paneler-cas-8002-74-2\/#primaryimage","url":"https:\/\/masterchem.fi\/wp-content\/uploads\/2022\/05\/Parafiini-rakeinenpaneelit-CAS-8002-74-2-25kg-MasterChem.jpg","contentUrl":"https:\/\/masterchem.fi\/wp-content\/uploads\/2022\/05\/Parafiini-rakeinenpaneelit-CAS-8002-74-2-25kg-MasterChem.jpg","width":1000,"height":1000,"caption":"Paraffin (granulat, paneler) (CAS 8002-74-2) 25kg MasterChem"},{"@type":"BreadcrumbList","@id":"https:\/\/masterchem.fi\/sv\/produkt\/paraffin-granulat-paneler-cas-8002-74-2\/#breadcrumb","itemListElement":[{"@type":"ListItem","position":1,"name":"Home","item":"https:\/\/masterchem.fi\/sv\/"},{"@type":"ListItem","position":2,"name":"Butik","item":"https:\/\/masterchem.fi\/sv\/butik\/"},{"@type":"ListItem","position":3,"name":"Paraffin (granulat, paneler) (CAS 8002-74-2)"}]},{"@type":"WebSite","@id":"https:\/\/masterchem.fi\/sv\/#website","url":"https:\/\/masterchem.fi\/sv\/","name":"MasterChem | kemikaalien tuotanto ja myynti","description":"kemikaalien tuotanto ja myynti","potentialAction":[{"@type":"SearchAction","target":{"@type":"EntryPoint","urlTemplate":"https:\/\/masterchem.fi\/sv\/?s={search_term_string}"},"query-input":{"@type":"PropertyValueSpecification","valueRequired":true,"valueName":"search_term_string"}}],"inLanguage":"sv-SE"}]}},"_links":{"self":[{"href":"https:\/\/masterchem.fi\/sv\/wp-json\/wp\/v2\/product\/8782","targetHints":{"allow":["GET"]}}],"collection":[{"href":"https:\/\/masterchem.fi\/sv\/wp-json\/wp\/v2\/product"}],"about":[{"href":"https:\/\/masterchem.fi\/sv\/wp-json\/wp\/v2\/types\/product"}],"wp:featuredmedia":[{"embeddable":true,"href":"https:\/\/masterchem.fi\/sv\/wp-json\/wp\/v2\/media\/8786"}],"wp:attachment":[{"href":"https:\/\/masterchem.fi\/sv\/wp-json\/wp\/v2\/media?parent=8782"}],"wp:term":[{"taxonomy":"product_brand","embeddable":true,"href":"https:\/\/masterchem.fi\/sv\/wp-json\/wp\/v2\/product_brand?post=8782"},{"taxonomy":"product_cat","embeddable":true,"href":"https:\/\/masterchem.fi\/sv\/wp-json\/wp\/v2\/product_cat?post=8782"},{"taxonomy":"product_tag","embeddable":true,"href":"https:\/\/masterchem.fi\/sv\/wp-json\/wp\/v2\/product_tag?post=8782"}],"curies":[{"name":"wp","href":"https:\/\/api.w.org\/{rel}","templated":true}]}}