{"id":8802,"date":"2022-05-10T09:46:01","date_gmt":"2022-05-10T06:46:02","guid":{"rendered":"https:\/\/masterchem.fi\/?post_type=product&#038;p=8802"},"modified":"2022-05-10T10:04:41","modified_gmt":"2022-05-10T07:04:41","slug":"borsyra-cas-10043-35-3","status":"publish","type":"product","link":"https:\/\/masterchem.fi\/sv\/produkt\/borsyra-cas-10043-35-3\/","title":{"rendered":"Borsyra (CAS 10043-35-3)"},"content":{"rendered":"<p> <strong> Information <\/strong> <\/p>\n<p> Branscher: hush\u00e5llskemikalier, g\u00f6dningsmedel, lim, oljor, fetter, tr\u00e4dg\u00e5rdssk\u00f6tsel, byggkemikalier, hartser, plaster, polyuretaner <br \/>\nCAS-nummer: 10043-35-3 <br \/>\nWE-nummer: 233-139-2 <br \/>\nIndexnummer: 005-007-00-2 <br \/>\nKemisk formel: H3Bo3 <br \/>\nMolekylvikt: 61,83 g\/mol <br \/>\nTaxa: 2580000 <\/p>\n<p> <strong> Andra fysiska egenskaper <\/strong> <\/p>\n<p> pH: 6,1 <br \/>\nSm\u00e4ltpunkt \/ fryspunkt: 450 \u00b0 C \u00b1 2 \u00b0 C <br \/>\nKokpunkt \/ kokomr\u00e5de: 1860 \u00b0 C <br \/>\nRelativ densitet: 1,51 g\/cm3 (20 \u00b0C) <br \/>\nL\u00f6slighet i vatten: 4,7 % (20 \u00b0C), 27,5 % (100 \u00b0C) <\/p>\n","protected":false},"excerpt":{"rendered":"<p> <strong> Borsyra (CAS 10043-35-3) <\/strong> <\/p>\n<p>\nBorsyra \u00e4r en svag vattenl\u00f6slig syra. Borsyra finns vid rumstemperatur i fast form, som f\u00e4rgl\u00f6sa kristaller eller som ett vitt pulver. Den har den kemiska formeln H3BO3, en molekylvikt p\u00e5 61,83 g \/ mol, en densitet p\u00e5 1,435 g \/ cm\u00b3, en sm\u00e4ltpunkt p\u00e5 169 \u00b0 C och ett CAS-nummer p\u00e5 10043-35-3. Borsyra anv\u00e4nds till exempel som antiseptikum, insekticid, flamskyddsmedel, i k\u00e4rnkraftverk f\u00f6r n\u00f6dsl\u00e4ckning av klyvningsreaktionen, i tryckvattenreaktorer f\u00f6r effektkontroll och som utg\u00e5ngsmaterial f\u00f6r andra kemiska f\u00f6reningar. <\/p >\n<p> Borsyra kallas ocks\u00e5 ortoborsyra. Salterna av borsyra \u00e4r borater.<\/p>\n<p>Borsyra kan anv\u00e4ndas som konserveringsmedel i st\u00f6r (\u00e4kta kaviar). E-koden f\u00f6r borsyra \u00e4r E284 och dess ADI, dvs det maximala acceptabla dagliga intaget med natriumtetraborat E285, \u00e4r 0,16 mg\/kg\/dag. <\/p>\n<p> Den anatomiskt-terapeutiska-kemiska klassificeringen av borsyra, eller ATC, \u00e4r S02AA03. <\/p>\n","protected":false},"featured_media":8806,"template":"","meta":[],"product_brand":[],"product_cat":[105,109,112,116,173,182],"product_tag":[],"class_list":{"0":"post-8802","1":"product","2":"type-product","3":"status-publish","4":"has-post-thumbnail","6":"product_cat-hushallskemikalier-sv","7":"product_cat-plast","8":"product_cat-byggbranschen","9":"product_cat-alla-produkter","10":"product_cat-godselmedel","11":"product_cat-hortikultur","13":"first","14":"outofstock","15":"taxable","16":"shipping-taxable","17":"purchasable","18":"product-type-variable","19":"has-default-attributes","20":"rtwpvg-product"},"yoast_head":"<!-- This site is optimized with the Yoast SEO plugin v27.5 - https:\/\/yoast.com\/product\/yoast-seo-wordpress\/ -->\n<title>Borsyra (CAS 10043-35-3) - MasterChem | kemikaalien tuotanto ja myynti<\/title>\n<meta name=\"description\" content=\"Borsyra \u00e4r en svag vattenl\u00f6slig syra. Borsyra finns vid rumstemperatur i fast form, som f\u00e4rgl\u00f6sa kristaller eller som ett vitt pulver.\" \/>\n<meta name=\"robots\" content=\"index, follow, max-snippet:-1, max-image-preview:large, max-video-preview:-1\" \/>\n<link rel=\"canonical\" href=\"https:\/\/masterchem.fi\/sv\/produkt\/borsyra-cas-10043-35-3\/\" \/>\n<meta property=\"og:locale\" content=\"sv_SE\" \/>\n<meta property=\"og:type\" content=\"article\" \/>\n<meta property=\"og:title\" content=\"Borsyra (CAS 10043-35-3) - MasterChem | kemikaalien tuotanto ja myynti\" \/>\n<meta property=\"og:description\" content=\"Borsyra \u00e4r en svag vattenl\u00f6slig syra. Borsyra finns vid rumstemperatur i fast form, som f\u00e4rgl\u00f6sa kristaller eller som ett vitt pulver.\" \/>\n<meta property=\"og:url\" content=\"https:\/\/masterchem.fi\/sv\/produkt\/borsyra-cas-10043-35-3\/\" \/>\n<meta property=\"og:site_name\" content=\"MasterChem | kemikaalien tuotanto ja myynti\" \/>\n<meta property=\"article:modified_time\" content=\"2022-05-10T07:04:41+00:00\" \/>\n<meta property=\"og:image\" content=\"https:\/\/masterchem.fi\/wp-content\/uploads\/2022\/05\/Boorihappo-CAS-10043-35-3-25kg-MasterChem.jpg\" \/>\n\t<meta property=\"og:image:width\" content=\"1000\" \/>\n\t<meta property=\"og:image:height\" content=\"1000\" \/>\n\t<meta property=\"og:image:type\" content=\"image\/jpeg\" \/>\n<meta name=\"twitter:card\" content=\"summary_large_image\" \/>\n<script type=\"application\/ld+json\" class=\"yoast-schema-graph\">{\"@context\":\"https:\\\/\\\/schema.org\",\"@graph\":[{\"@type\":\"WebPage\",\"@id\":\"https:\\\/\\\/masterchem.fi\\\/sv\\\/produkt\\\/borsyra-cas-10043-35-3\\\/\",\"url\":\"https:\\\/\\\/masterchem.fi\\\/sv\\\/produkt\\\/borsyra-cas-10043-35-3\\\/\",\"name\":\"Borsyra (CAS 10043-35-3) - MasterChem | kemikaalien tuotanto ja myynti\",\"isPartOf\":{\"@id\":\"https:\\\/\\\/masterchem.fi\\\/sv\\\/#website\"},\"primaryImageOfPage\":{\"@id\":\"https:\\\/\\\/masterchem.fi\\\/sv\\\/produkt\\\/borsyra-cas-10043-35-3\\\/#primaryimage\"},\"image\":{\"@id\":\"https:\\\/\\\/masterchem.fi\\\/sv\\\/produkt\\\/borsyra-cas-10043-35-3\\\/#primaryimage\"},\"thumbnailUrl\":\"https:\\\/\\\/masterchem.fi\\\/wp-content\\\/uploads\\\/2022\\\/05\\\/Boorihappo-CAS-10043-35-3-25kg-MasterChem.jpg\",\"datePublished\":\"2022-05-10T06:46:02+00:00\",\"dateModified\":\"2022-05-10T07:04:41+00:00\",\"description\":\"Borsyra \u00e4r en svag vattenl\u00f6slig syra. Borsyra finns vid rumstemperatur i fast form, som f\u00e4rgl\u00f6sa kristaller eller som ett vitt pulver.\",\"breadcrumb\":{\"@id\":\"https:\\\/\\\/masterchem.fi\\\/sv\\\/produkt\\\/borsyra-cas-10043-35-3\\\/#breadcrumb\"},\"inLanguage\":\"sv-SE\",\"potentialAction\":[{\"@type\":\"ReadAction\",\"target\":[\"https:\\\/\\\/masterchem.fi\\\/sv\\\/produkt\\\/borsyra-cas-10043-35-3\\\/\"]}]},{\"@type\":\"ImageObject\",\"inLanguage\":\"sv-SE\",\"@id\":\"https:\\\/\\\/masterchem.fi\\\/sv\\\/produkt\\\/borsyra-cas-10043-35-3\\\/#primaryimage\",\"url\":\"https:\\\/\\\/masterchem.fi\\\/wp-content\\\/uploads\\\/2022\\\/05\\\/Boorihappo-CAS-10043-35-3-25kg-MasterChem.jpg\",\"contentUrl\":\"https:\\\/\\\/masterchem.fi\\\/wp-content\\\/uploads\\\/2022\\\/05\\\/Boorihappo-CAS-10043-35-3-25kg-MasterChem.jpg\",\"width\":1000,\"height\":1000,\"caption\":\"Borsyra (CAS 10043-35-3) 25kg MasterChem\"},{\"@type\":\"BreadcrumbList\",\"@id\":\"https:\\\/\\\/masterchem.fi\\\/sv\\\/produkt\\\/borsyra-cas-10043-35-3\\\/#breadcrumb\",\"itemListElement\":[{\"@type\":\"ListItem\",\"position\":1,\"name\":\"Home\",\"item\":\"https:\\\/\\\/masterchem.fi\\\/sv\\\/\"},{\"@type\":\"ListItem\",\"position\":2,\"name\":\"Butik\",\"item\":\"https:\\\/\\\/masterchem.fi\\\/sv\\\/butik\\\/\"},{\"@type\":\"ListItem\",\"position\":3,\"name\":\"Borsyra (CAS 10043-35-3)\"}]},{\"@type\":\"WebSite\",\"@id\":\"https:\\\/\\\/masterchem.fi\\\/sv\\\/#website\",\"url\":\"https:\\\/\\\/masterchem.fi\\\/sv\\\/\",\"name\":\"MasterChem | kemikaalien tuotanto ja myynti\",\"description\":\"kemikaalien tuotanto ja myynti\",\"potentialAction\":[{\"@type\":\"SearchAction\",\"target\":{\"@type\":\"EntryPoint\",\"urlTemplate\":\"https:\\\/\\\/masterchem.fi\\\/sv\\\/?s={search_term_string}\"},\"query-input\":{\"@type\":\"PropertyValueSpecification\",\"valueRequired\":true,\"valueName\":\"search_term_string\"}}],\"inLanguage\":\"sv-SE\"}]}<\/script>\n<!-- \/ Yoast SEO plugin. -->","yoast_head_json":{"title":"Borsyra (CAS 10043-35-3) - MasterChem | kemikaalien tuotanto ja myynti","description":"Borsyra \u00e4r en svag vattenl\u00f6slig syra. Borsyra finns vid rumstemperatur i fast form, som f\u00e4rgl\u00f6sa kristaller eller som ett vitt pulver.","robots":{"index":"index","follow":"follow","max-snippet":"max-snippet:-1","max-image-preview":"max-image-preview:large","max-video-preview":"max-video-preview:-1"},"canonical":"https:\/\/masterchem.fi\/sv\/produkt\/borsyra-cas-10043-35-3\/","og_locale":"sv_SE","og_type":"article","og_title":"Borsyra (CAS 10043-35-3) - MasterChem | kemikaalien tuotanto ja myynti","og_description":"Borsyra \u00e4r en svag vattenl\u00f6slig syra. Borsyra finns vid rumstemperatur i fast form, som f\u00e4rgl\u00f6sa kristaller eller som ett vitt pulver.","og_url":"https:\/\/masterchem.fi\/sv\/produkt\/borsyra-cas-10043-35-3\/","og_site_name":"MasterChem | kemikaalien tuotanto ja myynti","article_modified_time":"2022-05-10T07:04:41+00:00","og_image":[{"width":1000,"height":1000,"url":"https:\/\/masterchem.fi\/wp-content\/uploads\/2022\/05\/Boorihappo-CAS-10043-35-3-25kg-MasterChem.jpg","type":"image\/jpeg"}],"twitter_card":"summary_large_image","schema":{"@context":"https:\/\/schema.org","@graph":[{"@type":"WebPage","@id":"https:\/\/masterchem.fi\/sv\/produkt\/borsyra-cas-10043-35-3\/","url":"https:\/\/masterchem.fi\/sv\/produkt\/borsyra-cas-10043-35-3\/","name":"Borsyra (CAS 10043-35-3) - MasterChem | kemikaalien tuotanto ja myynti","isPartOf":{"@id":"https:\/\/masterchem.fi\/sv\/#website"},"primaryImageOfPage":{"@id":"https:\/\/masterchem.fi\/sv\/produkt\/borsyra-cas-10043-35-3\/#primaryimage"},"image":{"@id":"https:\/\/masterchem.fi\/sv\/produkt\/borsyra-cas-10043-35-3\/#primaryimage"},"thumbnailUrl":"https:\/\/masterchem.fi\/wp-content\/uploads\/2022\/05\/Boorihappo-CAS-10043-35-3-25kg-MasterChem.jpg","datePublished":"2022-05-10T06:46:02+00:00","dateModified":"2022-05-10T07:04:41+00:00","description":"Borsyra \u00e4r en svag vattenl\u00f6slig syra. Borsyra finns vid rumstemperatur i fast form, som f\u00e4rgl\u00f6sa kristaller eller som ett vitt pulver.","breadcrumb":{"@id":"https:\/\/masterchem.fi\/sv\/produkt\/borsyra-cas-10043-35-3\/#breadcrumb"},"inLanguage":"sv-SE","potentialAction":[{"@type":"ReadAction","target":["https:\/\/masterchem.fi\/sv\/produkt\/borsyra-cas-10043-35-3\/"]}]},{"@type":"ImageObject","inLanguage":"sv-SE","@id":"https:\/\/masterchem.fi\/sv\/produkt\/borsyra-cas-10043-35-3\/#primaryimage","url":"https:\/\/masterchem.fi\/wp-content\/uploads\/2022\/05\/Boorihappo-CAS-10043-35-3-25kg-MasterChem.jpg","contentUrl":"https:\/\/masterchem.fi\/wp-content\/uploads\/2022\/05\/Boorihappo-CAS-10043-35-3-25kg-MasterChem.jpg","width":1000,"height":1000,"caption":"Borsyra (CAS 10043-35-3) 25kg MasterChem"},{"@type":"BreadcrumbList","@id":"https:\/\/masterchem.fi\/sv\/produkt\/borsyra-cas-10043-35-3\/#breadcrumb","itemListElement":[{"@type":"ListItem","position":1,"name":"Home","item":"https:\/\/masterchem.fi\/sv\/"},{"@type":"ListItem","position":2,"name":"Butik","item":"https:\/\/masterchem.fi\/sv\/butik\/"},{"@type":"ListItem","position":3,"name":"Borsyra (CAS 10043-35-3)"}]},{"@type":"WebSite","@id":"https:\/\/masterchem.fi\/sv\/#website","url":"https:\/\/masterchem.fi\/sv\/","name":"MasterChem | kemikaalien tuotanto ja myynti","description":"kemikaalien tuotanto ja myynti","potentialAction":[{"@type":"SearchAction","target":{"@type":"EntryPoint","urlTemplate":"https:\/\/masterchem.fi\/sv\/?s={search_term_string}"},"query-input":{"@type":"PropertyValueSpecification","valueRequired":true,"valueName":"search_term_string"}}],"inLanguage":"sv-SE"}]}},"_links":{"self":[{"href":"https:\/\/masterchem.fi\/sv\/wp-json\/wp\/v2\/product\/8802","targetHints":{"allow":["GET"]}}],"collection":[{"href":"https:\/\/masterchem.fi\/sv\/wp-json\/wp\/v2\/product"}],"about":[{"href":"https:\/\/masterchem.fi\/sv\/wp-json\/wp\/v2\/types\/product"}],"wp:featuredmedia":[{"embeddable":true,"href":"https:\/\/masterchem.fi\/sv\/wp-json\/wp\/v2\/media\/8806"}],"wp:attachment":[{"href":"https:\/\/masterchem.fi\/sv\/wp-json\/wp\/v2\/media?parent=8802"}],"wp:term":[{"taxonomy":"product_brand","embeddable":true,"href":"https:\/\/masterchem.fi\/sv\/wp-json\/wp\/v2\/product_brand?post=8802"},{"taxonomy":"product_cat","embeddable":true,"href":"https:\/\/masterchem.fi\/sv\/wp-json\/wp\/v2\/product_cat?post=8802"},{"taxonomy":"product_tag","embeddable":true,"href":"https:\/\/masterchem.fi\/sv\/wp-json\/wp\/v2\/product_tag?post=8802"}],"curies":[{"name":"wp","href":"https:\/\/api.w.org\/{rel}","templated":true}]}}